{"id":411934,"date":"2026-04-26T00:01:52","date_gmt":"2026-04-25T22:01:52","guid":{"rendered":"https:\/\/korneliarataj.com\/?post_type=product&#038;p=411934"},"modified":"2026-04-25T20:44:57","modified_gmt":"2026-04-25T18:44:57","slug":"lniany-top-wiazany-ciemnoszary","status":"publish","type":"product","link":"https:\/\/korneliarataj.com\/en\/product\/lniany-top-wiazany-ciemnoszary\/","title":{"rendered":"Lniany top V BOW &#8211; Dark Grey"},"content":{"rendered":"","protected":false},"excerpt":{"rendered":"<p style=\"text-align: left;\"><strong>OPTIONS<\/strong><\/p>\n<p style=\"text-align: left;\"><a href=\"https:\/\/korneliarataj.com\/en\/product\/lniany-top-wiazany-czarny\/\" rel=\"noopener noreferrer\"><img decoding=\"async\" src=\"https:\/\/korneliarataj.com\/wp-content\/uploads\/2026\/04\/2026-BLACK-BOW-1.webp\" width=\"90px\" \/><\/a><a href=\"https:\/\/korneliarataj.com\/en\/product\/lniany-top-wiazany-niebieski\/\" rel=\"noopener noreferrer\"><img decoding=\"async\" src=\"https:\/\/korneliarataj.com\/wp-content\/uploads\/2026\/04\/2026-SKY-BLUE-BOW-1.webp\" width=\"90px\" \/><\/a><a href=\"https:\/\/korneliarataj.com\/en\/product\/lniany-top-wiazany-brzoskwiniowy\/\" rel=\"noopener noreferrer\"><img decoding=\"async\" src=\"https:\/\/korneliarataj.com\/wp-content\/uploads\/2026\/04\/2026-PEACHY-ROSE-BOW-1.webp\" width=\"90px\" \/><\/a><\/p>\n<p style=\"text-align: left;\"><u><strong>Lniany top V BOW w kolorze ciemnoszarym &#8211; lekki, kobiecy i nowoczesny na lato<\/strong><\/u><\/p>\n<p style=\"text-align: left;\">Lniany kr\u00f3tki top w kolorze szarym to minimalistyczna i lekka propozycja na lato, kt\u00f3ra \u0142\u0105czy naturalny materia\u0142 z subtelnym, kobiecym detalem. Kr\u00f3tka forma i jedno wi\u0105zanie w formie kokardki nadaj\u0105 mu nowoczesnego, swobodnego charakteru.<\/p>\n<p style=\"text-align: left;\">Uszyty z naturalnego lnu, top jest przewiewny, oddychaj\u0105cy i komfortowy nawet w upalne dni. Dekolt V podkre\u015bla g\u00f3rn\u0105 cz\u0119\u015b\u0107 sylwetki, a wi\u0105zanie z przodu pozwala na delikatn\u0105 regulacj\u0119 i dopasowanie. Kr\u00f3tszy fason nadaje stylizacji lekko\u015bci i sprawia, \u017ce top \u015bwietnie komponuje si\u0119 z modelami z wy\u017cszym stanem.<\/p>\n<p style=\"text-align: left;\">Lniany, szary top damski doskonale sprawdzi si\u0119 w letnich stylizacjach &#8211; prosty, stylowy i \u0142atwy do \u0142\u0105czenia z innymi elementami garderoby.<\/p>\n<p style=\"text-align: left;\"><strong><u><\/p>\n<div class=\"kr-collapse is-noarrow\" data-rel=\"tabela\">\n    <button type=\"button\" class=\"kr-collapse__trigger\"\n      aria-expanded=\"false\"\n      aria-controls=\"kr-exp-1\"><br \/>\n      Dimensions<br \/>\n    <\/button><\/p>\n<div id=\"kr-exp-1\" class=\"kr-collapse__panel\" hidden>\n<div class=\"kr-collapse__content\"><\/u><\/strong><\/p>\n<p style=\"text-align: left;\">\n<table>\n<thead>\n<tr>\n<th colspan=\"4\">LNIANY TOP V BOW<\/th>\n<\/tr>\n<tr>\n<th>Size<\/th>\n<th>Obw\u00f3d w biu\u015bcie (regulacja wi\u0105zaniem)<\/th>\n<th>D\u0142ugo\u015b\u0107 przodu (od ramienia)<\/th>\n<th>D\u0142ugo\u015b\u0107 boku (od pachy)<\/th>\n<\/tr>\n<\/thead>\n<tbody>\n<tr>\n<td>XS\/S<\/td>\n<td>90 cm<\/td>\n<td>38 cm<\/td>\n<td>14 cm<\/td>\n<\/tr>\n<tr>\n<td>M\/L<\/td>\n<td>94 cm<\/td>\n<td>39,5 cm<\/td>\n<td>15 cm<\/td>\n<\/tr>\n<tr>\n<td>L\/XL<\/td>\n<td>98 cm<\/td>\n<td>41 cm<\/td>\n<td>16 cm<\/td>\n<\/tr>\n<\/tbody>\n<\/table>\n<\/div><\/div>\n<\/p><\/div>\n<p style=\"text-align: left;\"><strong><u><\/p>\n<div class=\"kr-collapse is-noarrow\" data-rel=\"wymiary\">\n    <button type=\"button\" class=\"kr-collapse__trigger\"\n      aria-expanded=\"false\"\n      aria-controls=\"kr-exp-2\"><br \/>\n      Model dimensions<br \/>\n    <\/button><\/p>\n<div id=\"kr-exp-2\" class=\"kr-collapse__panel\" hidden>\n<div class=\"kr-collapse__content\"><\/u><\/strong><\/p>\n<p style=\"text-align: left;\">The model in the picture is wearing size XS\/S<br \/>\nObw\u00f3d w biu\u015bcie: 86 cm<br \/>\nObw\u00f3d pod biustem: 70 cm<br \/>\nObw\u00f3d w talii: 64 cm<br \/>\nObw\u00f3d w biodrach: 91 cm<br \/>\nWzrost: 165 cm<br \/>\nCup: C<\/p>\n<\/div><\/div>\n<\/p><\/div>\n<p style=\"text-align: left;\"><strong><u><\/p>\n<div class=\"kr-collapse is-noarrow\" data-rel=\"szczegoly\">\n    <button type=\"button\" class=\"kr-collapse__trigger\"\n      aria-expanded=\"false\"\n      aria-controls=\"kr-exp-3\"><br \/>\n      Details that matter<br \/>\n    <\/button><\/p>\n<div id=\"kr-exp-3\" class=\"kr-collapse__panel\" hidden>\n<div class=\"kr-collapse__content\"><\/u><\/strong><\/p>\n<p style=\"text-align: left;\">&#8211; Uszyty w Polsce, w rodzinnej pracowni<br \/>\n&#8211; 100% len &#8211; naturalny, przewiewny i oddychaj\u0105cy<br \/>\n&#8211; Dekolt V &#8211; kobiecy i ponadczasowy<br \/>\n&#8211; Zaszewki piersiowe &#8211; dopasowanie w biu\u015bcie<br \/>\n&#8211; Jedno wi\u0105zanie z przodu &#8211; regulowane dopasowanie<br \/>\n&#8211; Kokardka &#8211; subtelny, dekoracyjny detal<br \/>\n&#8211; Kr\u00f3tszy fason &#8211; lekki i nowoczesny charakter<br \/>\n&#8211; Prosty, swobodny kr\u00f3j<br \/>\n&#8211; Jednowarstwowa konstrukcja &#8211; idealna na lato<\/p>\n<\/div><\/div>\n<\/p><\/div>\n<p style=\"text-align: left;\"><strong><u><\/p>\n<div class=\"kr-collapse is-noarrow\" data-rel=\"noszenie\">\n    <button type=\"button\" class=\"kr-collapse__trigger\"\n      aria-expanded=\"false\"\n      aria-controls=\"kr-exp-4\"><br \/>\n      Jak nosi\u0107 lniany top?<br \/>\n    <\/button><\/p>\n<div id=\"kr-exp-4\" class=\"kr-collapse__panel\" hidden>\n<div class=\"kr-collapse__content\"><\/u><\/strong><\/p>\n<p style=\"text-align: left;\">Szary lniany top V BOW to idealna baza letnich stylizacji. No\u015b go:<br \/>\n&#8211; w komplecie z lnianymi spodniami <a href=\"https:\/\/korneliarataj.com\/en\/product\/lniane-spodnie-ciemnoszare\/\" rel=\"noopener noreferrer\">ESSENCE<\/a> lub szortami <a href=\"https:\/\/korneliarataj.com\/en\/product\/lniane-szorty-ciemnoszare\/\" rel=\"noopener noreferrer\">EASE<\/a> &#8211; tworz\u0105c sp\u00f3jny total linen look<br \/>\n&#8211; z obszernymi jeansami lub szyde\u0142kow\u0105 sp\u00f3dnic\u0105<br \/>\n&#8211; z obszern\u0105 kurtk\u0105 jeansow\u0105 lub sk\u00f3rzan\u0105 kurtk\u0105 vintage<br \/>\nKr\u00f3tsza forma sprawia, \u017ce stylizacja wygl\u0105da \u015bwie\u017co, lekko i nowocze\u015bnie.<\/p>\n<\/div><\/div>\n<\/p><\/div>\n<p style=\"text-align: left;\"><strong><u><\/p>\n<div class=\"kr-collapse is-noarrow\" data-rel=\"kolor\">\n    <button type=\"button\" class=\"kr-collapse__trigger\"\n      aria-expanded=\"false\"\n      aria-controls=\"kr-exp-5\"><br \/>\n      Kolor ciemnoszary (szary) &#8211; nowoczesna klasyka<br \/>\n    <\/button><\/p>\n<div id=\"kr-exp-5\" class=\"kr-collapse__panel\" hidden>\n<div class=\"kr-collapse__content\"><\/u><\/strong><\/p>\n<p style=\"text-align: left;\">Ciemnoszary odcie\u0144 lnu, okre\u015blany r\u00f3wnie\u017c jako szary, to nowoczesna alternatywa dla czerni &#8211; bardziej mi\u0119kka, ale r\u00f3wnie uniwersalna. Szary lniany top \u0142atwo dopasowa\u0107 do wielu stylizacji, tworz\u0105c sp\u00f3jne i ponadczasowe zestawy.<\/p>\n<\/div><\/div>\n<\/p><\/div>\n<p style=\"text-align: left;\"><strong><u><\/p>\n<div class=\"kr-collapse is-noarrow\" data-rel=\"jakosc\">\n    <button type=\"button\" class=\"kr-collapse__trigger\"\n      aria-expanded=\"false\"\n      aria-controls=\"kr-exp-6\"><br \/>\n      Naturalno\u015b\u0107 i jako\u015b\u0107<br \/>\n    <\/button><\/p>\n<div id=\"kr-exp-6\" class=\"kr-collapse__panel\" hidden>\n<div class=\"kr-collapse__content\"><\/u><\/strong><\/p>\n<p style=\"text-align: left;\">Projektujemy i szyjemy w Polsce, w naszej pracowni, korzystaj\u0105c z wysokiej jako\u015bci lnu od sprawdzonych, lokalnych dostawc\u00f3w. Tkanina jest przyjemna w noszeniu, mi\u0119kko uk\u0142ada si\u0119 na ciele i zachowuje wszystkie w\u0142a\u015bciwo\u015bci naturalnego lnu &#8211; przewiewno\u015b\u0107, oddychalno\u015b\u0107 i trwa\u0142o\u015b\u0107.<\/p>\n<\/div><\/div>\n<\/p><\/div>\n<p style=\"text-align: left;\"><strong><u><\/p>\n<div class=\"kr-collapse is-noarrow\" data-rel=\"sklad\">\n    <button type=\"button\" class=\"kr-collapse__trigger\"\n      aria-expanded=\"false\"\n      aria-controls=\"kr-exp-7\"><br \/>\n      Composition and care<br \/>\n    <\/button><\/p>\n<div id=\"kr-exp-7\" class=\"kr-collapse__panel\" hidden>\n<div class=\"kr-collapse__content\"><\/u><\/strong><\/p>\n<p style=\"text-align: left;\">- 100% flax<br \/>\n&#8211; Pranie delikatne w 30\u00b0C<br \/>\n&#8211; Prasowa\u0107 w \u015bredniej temperaturze<br \/>\n&#8211; Suszy\u0107 na p\u0142asko lub na wieszaku<\/p>\n<\/div><\/div>\n<\/p><\/div>","protected":false},"featured_media":412229,"template":"","meta":[],"product_brand":[500],"product_cat":[622,668,639,621,666,92],"product_tag":[670],"class_list":{"0":"post-411934","1":"product","2":"type-product","3":"status-publish","4":"has-post-thumbnail","6":"product_brand-korneliarataj","7":"product_cat-black-lniane","8":"product_cat-dark-grey-lniane","9":"product_cat-kategorie-lniane","10":"product_cat-kolory-lniane","11":"product_cat-linen-2026","12":"product_cat-topy-lniane","13":"product_tag-dark-grey","14":"flv-has-gallery","16":"first","17":"instock","18":"taxable","19":"shipping-taxable","20":"purchasable","21":"product-type-variable","22":"has-default-attributes"},"yoast_head":"<!-- This site is optimized with the Yoast SEO plugin v27.4 - https:\/\/yoast.com\/product\/yoast-seo-wordpress\/ -->\n<title>Lniany top wi\u0105zany - lekki top lniany ciemnoszary - KORNELIARATAJ<\/title>\n<meta name=\"description\" content=\"Kornelia Rataj. Minimalist Women&#039;s Collection, Basic, Swimwear. HANDMADE IN POLAND WITH LOVE.\" \/>\n<meta name=\"robots\" content=\"index, follow, max-snippet:-1, max-image-preview:large, max-video-preview:-1\" \/>\n<link rel=\"canonical\" href=\"https:\/\/korneliarataj.com\/en\/product\/lniany-top-wiazany-ciemnoszary\/\" \/>\n<meta property=\"og:locale\" content=\"en_GB\" \/>\n<meta property=\"og:type\" content=\"article\" \/>\n<meta property=\"og:title\" content=\"Lniany top wi\u0105zany - lekki top lniany ciemnoszary - KORNELIARATAJ\" \/>\n<meta property=\"og:description\" content=\"Kornelia Rataj. Minimalist Women&#039;s Collection, Basic, Swimwear. HANDMADE IN POLAND WITH LOVE.\" \/>\n<meta property=\"og:url\" content=\"https:\/\/korneliarataj.com\/en\/product\/lniany-top-wiazany-ciemnoszary\/\" \/>\n<meta property=\"og:site_name\" content=\"KORNELIARATAJ\" \/>\n<meta property=\"article:publisher\" content=\"http:\/\/www.facebook.com\/korneliaratajshop\" \/>\n<meta property=\"og:image\" content=\"https:\/\/korneliarataj.com\/wp-content\/uploads\/2026\/04\/2026-DARK-GREY-BOW-1-scaled.webp\" \/>\n\t<meta property=\"og:image:width\" content=\"1707\" \/>\n\t<meta property=\"og:image:height\" content=\"2560\" \/>\n\t<meta property=\"og:image:type\" content=\"image\/webp\" \/>\n<meta name=\"twitter:card\" content=\"summary_large_image\" \/>\n<meta name=\"twitter:label1\" content=\"Estimated reading time\" \/>\n\t<meta name=\"twitter:data1\" content=\"1 minute\" \/>\n<script type=\"application\/ld+json\" class=\"yoast-schema-graph\">{\"@context\":\"https:\\\/\\\/schema.org\",\"@graph\":[{\"@type\":\"WebPage\",\"@id\":\"https:\\\/\\\/korneliarataj.com\\\/produkt\\\/lniany-top-wiazany-ciemnoszary\\\/\",\"url\":\"https:\\\/\\\/korneliarataj.com\\\/produkt\\\/lniany-top-wiazany-ciemnoszary\\\/\",\"name\":\"Lniany top wi\u0105zany - lekki top lniany ciemnoszary - KORNELIARATAJ\",\"isPartOf\":{\"@id\":\"https:\\\/\\\/korneliarataj.com\\\/#website\"},\"primaryImageOfPage\":{\"@id\":\"https:\\\/\\\/korneliarataj.com\\\/produkt\\\/lniany-top-wiazany-ciemnoszary\\\/#primaryimage\"},\"image\":{\"@id\":\"https:\\\/\\\/korneliarataj.com\\\/produkt\\\/lniany-top-wiazany-ciemnoszary\\\/#primaryimage\"},\"thumbnailUrl\":\"https:\\\/\\\/korneliarataj.com\\\/wp-content\\\/uploads\\\/2026\\\/04\\\/2026-DARK-GREY-BOW-1-scaled.webp\",\"datePublished\":\"2026-04-25T22:01:52+00:00\",\"description\":\"Kornelia Rataj. Minimalist Women's Collection, Basic, Swimwear. HANDMADE IN POLAND WITH LOVE.\",\"breadcrumb\":{\"@id\":\"https:\\\/\\\/korneliarataj.com\\\/produkt\\\/lniany-top-wiazany-ciemnoszary\\\/#breadcrumb\"},\"inLanguage\":\"en-GB\",\"potentialAction\":[{\"@type\":\"ReadAction\",\"target\":[\"https:\\\/\\\/korneliarataj.com\\\/produkt\\\/lniany-top-wiazany-ciemnoszary\\\/\"]}]},{\"@type\":\"ImageObject\",\"inLanguage\":\"en-GB\",\"@id\":\"https:\\\/\\\/korneliarataj.com\\\/produkt\\\/lniany-top-wiazany-ciemnoszary\\\/#primaryimage\",\"url\":\"https:\\\/\\\/korneliarataj.com\\\/wp-content\\\/uploads\\\/2026\\\/04\\\/2026-DARK-GREY-BOW-1-scaled.webp\",\"contentUrl\":\"https:\\\/\\\/korneliarataj.com\\\/wp-content\\\/uploads\\\/2026\\\/04\\\/2026-DARK-GREY-BOW-1-scaled.webp\",\"width\":1707,\"height\":2560,\"caption\":\"Lniany top V Bow - Dark Grey\"},{\"@type\":\"BreadcrumbList\",\"@id\":\"https:\\\/\\\/korneliarataj.com\\\/produkt\\\/lniany-top-wiazany-ciemnoszary\\\/#breadcrumb\",\"itemListElement\":[{\"@type\":\"ListItem\",\"position\":1,\"name\":\"HOME\",\"item\":\"https:\\\/\\\/korneliarataj.com\\\/\"},{\"@type\":\"ListItem\",\"position\":2,\"name\":\"Products\",\"item\":\"https:\\\/\\\/korneliarataj.com\\\/en\\\/shop\\\/\"},{\"@type\":\"ListItem\",\"position\":3,\"name\":\"Lniany top V BOW &#8211; Dark Grey\"}]},{\"@type\":\"WebSite\",\"@id\":\"https:\\\/\\\/korneliarataj.com\\\/#website\",\"url\":\"https:\\\/\\\/korneliarataj.com\\\/\",\"name\":\"Stroje K\u0105pielowe i Odzie\u017c Lniana Sklep Kornelia Rataj\",\"description\":\"swimwear stroje k\u0105pielowe ubrania len lniane\",\"publisher\":{\"@id\":\"https:\\\/\\\/korneliarataj.com\\\/#organization\"},\"potentialAction\":[{\"@type\":\"SearchAction\",\"target\":{\"@type\":\"EntryPoint\",\"urlTemplate\":\"https:\\\/\\\/korneliarataj.com\\\/?s={search_term_string}\"},\"query-input\":{\"@type\":\"PropertyValueSpecification\",\"valueRequired\":true,\"valueName\":\"search_term_string\"}}],\"inLanguage\":\"en-GB\"},{\"@type\":\"Organization\",\"@id\":\"https:\\\/\\\/korneliarataj.com\\\/#organization\",\"name\":\"KORNELIARATAJ\",\"url\":\"https:\\\/\\\/korneliarataj.com\\\/\",\"logo\":{\"@type\":\"ImageObject\",\"inLanguage\":\"en-GB\",\"@id\":\"https:\\\/\\\/korneliarataj.com\\\/#\\\/schema\\\/logo\\\/image\\\/\",\"url\":\"https:\\\/\\\/korneliarataj.com\\\/wp-content\\\/uploads\\\/2020\\\/07\\\/LOGO-KR.svg\",\"contentUrl\":\"https:\\\/\\\/korneliarataj.com\\\/wp-content\\\/uploads\\\/2020\\\/07\\\/LOGO-KR.svg\",\"width\":1024,\"height\":1024,\"caption\":\"KORNELIARATAJ\"},\"image\":{\"@id\":\"https:\\\/\\\/korneliarataj.com\\\/#\\\/schema\\\/logo\\\/image\\\/\"},\"sameAs\":[\"http:\\\/\\\/www.facebook.com\\\/korneliaratajshop\",\"http:\\\/\\\/www.instagram.com\\\/korneliarataj\"]}]}<\/script>\n<!-- \/ Yoast SEO plugin. -->","yoast_head_json":{"title":"Lniany top wi\u0105zany - lekki top lniany ciemnoszary - KORNELIARATAJ","description":"Kornelia Rataj. Minimalist Women's Collection, Basic, Swimwear. HANDMADE IN POLAND WITH LOVE.","robots":{"index":"index","follow":"follow","max-snippet":"max-snippet:-1","max-image-preview":"max-image-preview:large","max-video-preview":"max-video-preview:-1"},"canonical":"https:\/\/korneliarataj.com\/en\/product\/lniany-top-wiazany-ciemnoszary\/","og_locale":"en_GB","og_type":"article","og_title":"Lniany top wi\u0105zany - lekki top lniany ciemnoszary - KORNELIARATAJ","og_description":"Kornelia Rataj. Minimalist Women's Collection, Basic, Swimwear. HANDMADE IN POLAND WITH LOVE.","og_url":"https:\/\/korneliarataj.com\/en\/product\/lniany-top-wiazany-ciemnoszary\/","og_site_name":"KORNELIARATAJ","article_publisher":"http:\/\/www.facebook.com\/korneliaratajshop","og_image":[{"width":1707,"height":2560,"url":"https:\/\/korneliarataj.com\/wp-content\/uploads\/2026\/04\/2026-DARK-GREY-BOW-1-scaled.webp","type":"image\/webp"}],"twitter_card":"summary_large_image","twitter_misc":{"Estimated reading time":"1 minute"},"schema":{"@context":"https:\/\/schema.org","@graph":[{"@type":"WebPage","@id":"https:\/\/korneliarataj.com\/produkt\/lniany-top-wiazany-ciemnoszary\/","url":"https:\/\/korneliarataj.com\/produkt\/lniany-top-wiazany-ciemnoszary\/","name":"Lniany top wi\u0105zany - lekki top lniany ciemnoszary - KORNELIARATAJ","isPartOf":{"@id":"https:\/\/korneliarataj.com\/#website"},"primaryImageOfPage":{"@id":"https:\/\/korneliarataj.com\/produkt\/lniany-top-wiazany-ciemnoszary\/#primaryimage"},"image":{"@id":"https:\/\/korneliarataj.com\/produkt\/lniany-top-wiazany-ciemnoszary\/#primaryimage"},"thumbnailUrl":"https:\/\/korneliarataj.com\/wp-content\/uploads\/2026\/04\/2026-DARK-GREY-BOW-1-scaled.webp","datePublished":"2026-04-25T22:01:52+00:00","description":"Kornelia Rataj. Minimalist Women's Collection, Basic, Swimwear. HANDMADE IN POLAND WITH LOVE.","breadcrumb":{"@id":"https:\/\/korneliarataj.com\/produkt\/lniany-top-wiazany-ciemnoszary\/#breadcrumb"},"inLanguage":"en-GB","potentialAction":[{"@type":"ReadAction","target":["https:\/\/korneliarataj.com\/produkt\/lniany-top-wiazany-ciemnoszary\/"]}]},{"@type":"ImageObject","inLanguage":"en-GB","@id":"https:\/\/korneliarataj.com\/produkt\/lniany-top-wiazany-ciemnoszary\/#primaryimage","url":"https:\/\/korneliarataj.com\/wp-content\/uploads\/2026\/04\/2026-DARK-GREY-BOW-1-scaled.webp","contentUrl":"https:\/\/korneliarataj.com\/wp-content\/uploads\/2026\/04\/2026-DARK-GREY-BOW-1-scaled.webp","width":1707,"height":2560,"caption":"Lniany top V Bow - Dark Grey"},{"@type":"BreadcrumbList","@id":"https:\/\/korneliarataj.com\/produkt\/lniany-top-wiazany-ciemnoszary\/#breadcrumb","itemListElement":[{"@type":"ListItem","position":1,"name":"HOME","item":"https:\/\/korneliarataj.com\/"},{"@type":"ListItem","position":2,"name":"Products","item":"https:\/\/korneliarataj.com\/en\/shop\/"},{"@type":"ListItem","position":3,"name":"Lniany top V BOW &#8211; Dark Grey"}]},{"@type":"WebSite","@id":"https:\/\/korneliarataj.com\/#website","url":"https:\/\/korneliarataj.com\/","name":"Swimwear and Linen Clothing Shop Kornelia Rataj","description":"swimwear swimwear linen linen clothing","publisher":{"@id":"https:\/\/korneliarataj.com\/#organization"},"potentialAction":[{"@type":"SearchAction","target":{"@type":"EntryPoint","urlTemplate":"https:\/\/korneliarataj.com\/?s={search_term_string}"},"query-input":{"@type":"PropertyValueSpecification","valueRequired":true,"valueName":"search_term_string"}}],"inLanguage":"en-GB"},{"@type":"Organization","@id":"https:\/\/korneliarataj.com\/#organization","name":"KORNELIARATAJ","url":"https:\/\/korneliarataj.com\/","logo":{"@type":"ImageObject","inLanguage":"en-GB","@id":"https:\/\/korneliarataj.com\/#\/schema\/logo\/image\/","url":"https:\/\/korneliarataj.com\/wp-content\/uploads\/2020\/07\/LOGO-KR.svg","contentUrl":"https:\/\/korneliarataj.com\/wp-content\/uploads\/2020\/07\/LOGO-KR.svg","width":1024,"height":1024,"caption":"KORNELIARATAJ"},"image":{"@id":"https:\/\/korneliarataj.com\/#\/schema\/logo\/image\/"},"sameAs":["http:\/\/www.facebook.com\/korneliaratajshop","http:\/\/www.instagram.com\/korneliarataj"]}]}},"_links":{"self":[{"href":"https:\/\/korneliarataj.com\/en\/wp-json\/wp\/v2\/product\/411934","targetHints":{"allow":["GET"]}}],"collection":[{"href":"https:\/\/korneliarataj.com\/en\/wp-json\/wp\/v2\/product"}],"about":[{"href":"https:\/\/korneliarataj.com\/en\/wp-json\/wp\/v2\/types\/product"}],"wp:featuredmedia":[{"embeddable":true,"href":"https:\/\/korneliarataj.com\/en\/wp-json\/wp\/v2\/media\/412229"}],"wp:attachment":[{"href":"https:\/\/korneliarataj.com\/en\/wp-json\/wp\/v2\/media?parent=411934"}],"wp:term":[{"taxonomy":"product_brand","embeddable":true,"href":"https:\/\/korneliarataj.com\/en\/wp-json\/wp\/v2\/product_brand?post=411934"},{"taxonomy":"product_cat","embeddable":true,"href":"https:\/\/korneliarataj.com\/en\/wp-json\/wp\/v2\/product_cat?post=411934"},{"taxonomy":"product_tag","embeddable":true,"href":"https:\/\/korneliarataj.com\/en\/wp-json\/wp\/v2\/product_tag?post=411934"}],"curies":[{"name":"wp","href":"https:\/\/api.w.org\/{rel}","templated":true}]}}