{"id":411687,"date":"2026-04-26T00:01:55","date_gmt":"2026-04-25T22:01:55","guid":{"rendered":"https:\/\/korneliarataj.com\/?post_type=product&#038;p=411687"},"modified":"2026-04-25T21:03:54","modified_gmt":"2026-04-25T19:03:54","slug":"lniana-sukienka-ramiaczka-niebieska","status":"publish","type":"product","link":"https:\/\/korneliarataj.com\/en\/product\/lniana-sukienka-ramiaczka-niebieska\/","title":{"rendered":"Lniana sukienka Mini BLOOM &#8211; Sky Blue"},"content":{"rendered":"","protected":false},"excerpt":{"rendered":"<p style=\"text-align: left;\"><strong>OPTIONS<\/strong><\/p>\n<p style=\"text-align: left;\"><a href=\"https:\/\/korneliarataj.com\/en\/product\/lniana-sukienka-ramiaczka-czarna\/\" rel=\"noopener noreferrer\"><img decoding=\"async\" src=\"https:\/\/korneliarataj.com\/wp-content\/uploads\/2026\/04\/2026-BLACK-MINI-BLOOM-1.webp\" width=\"90px\" \/><\/a><a href=\"https:\/\/korneliarataj.com\/en\/product\/lniana-sukienka-ramiaczka-ciemnoszara\/\" rel=\"noopener noreferrer\"><img decoding=\"async\" src=\"https:\/\/korneliarataj.com\/wp-content\/uploads\/2026\/04\/2026-DARK-GREY-MINI-BLOOM-1.webp\" width=\"90px\" \/><\/a><a href=\"https:\/\/korneliarataj.com\/en\/product\/lniana-sukienka-ramiaczka-brzoskwiniowa\/\" rel=\"noopener noreferrer\"><img decoding=\"async\" src=\"https:\/\/korneliarataj.com\/wp-content\/uploads\/2026\/04\/2026-PEACHY-ROSE-MINI-BLOOM-1.webp\" width=\"90px\" \/><\/a><\/p>\n<p style=\"text-align: left;\"><u><strong>Lniana sukienka mini BLOOM w kolorze b\u0142\u0119kitnym &#8211; lekka, subtelna i kobieca na lato<\/strong><\/u><\/p>\n<p style=\"text-align: left;\">Lniana sukienka mini w kolorze niebieskim to delikatna, dziewcz\u0119ca propozycja na lato, kt\u00f3ra \u0142\u0105czy naturalny materia\u0142 z lekk\u0105, swobodn\u0105 form\u0105. Subtelna linia, cienkie rami\u0105czka i g\u0142\u0119bokie wyci\u0119cie na plecach tworz\u0105 kobiecy, wywa\u017cony efekt.<\/p>\n<p style=\"text-align: left;\">Uszyta z naturalnego lnu, sukienka jest przewiewna, oddychaj\u0105ca i komfortowa nawet w upalne dni. Krojenie ze skosu sprawia, \u017ce materia\u0142 mi\u0119kko uk\u0142ada si\u0119 na ciele i pi\u0119knie pracuje w ruchu. Rozkloszowany d\u00f3\u0142 nadaje sylwetce lekko\u015bci, a d\u0142ugo\u015b\u0107 mini przed kolano podkre\u015bla jej letni, swobodny charakter.<\/p>\n<p style=\"text-align: left;\">Dekolt V z przodu oraz g\u0142\u0119bokie wyci\u0119cie na plecach tworz\u0105 harmonijn\u0105 lini\u0119, a zaszewki piersiowe nadaj\u0105 odpowiedni kszta\u0142t. Regulowane wi\u0105zania rami\u0105czek pozwalaj\u0105 nosi\u0107 sukienk\u0119 na dwa sposoby &#8211; klasycznie lub na krzy\u017c, dopasowuj\u0105c j\u0105 do w\u0142asnego stylu.<\/p>\n<p style=\"text-align: left;\">Lniana, niebieska sukienka mini, doskonale sprawdzi si\u0119 w letniej garderobie &#8211; lekka, subtelna i \u0142atwa do stylizowania.<\/p>\n<p style=\"text-align: left;\"><strong><u><\/p>\n<div class=\"kr-collapse is-noarrow\" data-rel=\"tabela\">\n    <button type=\"button\" class=\"kr-collapse__trigger\"\n      aria-expanded=\"false\"\n      aria-controls=\"kr-exp-1\"><br \/>\n      Dimensions<br \/>\n    <\/button><\/p>\n<div id=\"kr-exp-1\" class=\"kr-collapse__panel\" hidden>\n<div class=\"kr-collapse__content\"><\/u><\/strong><\/p>\n<p style=\"text-align: left;\">\n<div style=\"overflow-x:auto;\">\n<table>\n<thead>\n<tr>\n<th colspan=\"8\">LNIANA SUKIENKA MINI BLOOM<\/th>\n<\/tr>\n<tr>\n<th>Size<\/th>\n<th>Szeroko\u015b\u0107 przodu (biust)<\/th>\n<th>Obw\u00f3d w pasie<\/th>\n<th>Hip circumference<\/th>\n<th>D\u0142ugo\u015b\u0107 przodu (\u015brodek)<\/th>\n<th>D\u0142ugo\u015b\u0107 przodu (od rami\u0105czka)<\/th>\n<th>D\u0142ugo\u015b\u0107 ty\u0142u (od rami\u0105czka)<\/th>\n<th>D\u0142ugo\u015b\u0107 ty\u0142u (\u015brodek)<\/th>\n<\/tr>\n<\/thead>\n<tbody>\n<tr>\n<td>XS\/S<\/td>\n<td>39 cm<\/td>\n<td>76 cm<\/td>\n<td>100 cm<\/td>\n<td>64 cm<\/td>\n<td>74 cm<\/td>\n<td>48 cm<\/td>\n<td>42 cm<\/td>\n<\/tr>\n<tr>\n<td>M\/L<\/td>\n<td>41 cm<\/td>\n<td>80 cm<\/td>\n<td>104 cm<\/td>\n<td>65,5 cm<\/td>\n<td>75,5 cm<\/td>\n<td>49,5 cm<\/td>\n<td>43,5 cm<\/td>\n<\/tr>\n<tr>\n<td>L\/XL<\/td>\n<td>43 cm<\/td>\n<td>84 cm<\/td>\n<td>108 cm<\/td>\n<td>67 cm<\/td>\n<td>77 cm<\/td>\n<td>51 cm<\/td>\n<td>45 cm<\/td>\n<\/tr>\n<\/tbody>\n<\/table>\n<\/div>\n<\/div><\/div>\n<\/p><\/div>\n<p style=\"text-align: left;\"><strong><u><\/p>\n<div class=\"kr-collapse is-noarrow\" data-rel=\"wymiary\">\n    <button type=\"button\" class=\"kr-collapse__trigger\"\n      aria-expanded=\"false\"\n      aria-controls=\"kr-exp-2\"><br \/>\n      Model dimensions<br \/>\n    <\/button><\/p>\n<div id=\"kr-exp-2\" class=\"kr-collapse__panel\" hidden>\n<div class=\"kr-collapse__content\"><\/u><\/strong><\/p>\n<p style=\"text-align: left;\">The model in the picture is wearing size XS\/S<br \/>\nObw\u00f3d w biu\u015bcie: 86 cm<br \/>\nObw\u00f3d pod biustem: 70 cm<br \/>\nObw\u00f3d w talii: 64 cm<br \/>\nObw\u00f3d w biodrach: 91 cm<br \/>\nWzrost: 165 cm<br \/>\nCup: C<\/p>\n<\/div><\/div>\n<\/p><\/div>\n<p style=\"text-align: left;\"><strong><u><\/p>\n<div class=\"kr-collapse is-noarrow\" data-rel=\"szczegoly\">\n    <button type=\"button\" class=\"kr-collapse__trigger\"\n      aria-expanded=\"false\"\n      aria-controls=\"kr-exp-3\"><br \/>\n      Details that matter<br \/>\n    <\/button><\/p>\n<div id=\"kr-exp-3\" class=\"kr-collapse__panel\" hidden>\n<div class=\"kr-collapse__content\"><\/u><\/strong><\/p>\n<p style=\"text-align: left;\">&#8211; Uszyta w Polsce, w rodzinnej pracowni<br \/>\n&#8211; 100% len &#8211; naturalny, przewiewny i oddychaj\u0105cy<br \/>\n&#8211; Krojenie ze skosu &#8211; lepiej uk\u0142ada si\u0119 na sylwetce<br \/>\n&#8211; Dekolt V z przodu<br \/>\n&#8211; G\u0142\u0119bokie wyci\u0119cie V na plecach<br \/>\n&#8211; Regulowane rami\u0105czka &#8211; mo\u017cliwo\u015b\u0107 wi\u0105zania na prosto lub na krzy\u017c<br \/>\n&#8211; Zaszewki piersiowe &#8211; dopasowanie w biu\u015bcie<br \/>\n&#8211; Podszewka w cz\u0119\u015bci biustu oraz odszycie z ty\u0142u<br \/>\n&#8211; Rozkloszowany d\u00f3\u0142 &#8211; lekko\u015b\u0107 i swoboda ruchu<br \/>\n&#8211; D\u0142ugo\u015b\u0107 mini &#8211; przed kolano<\/p>\n<\/div><\/div>\n<\/p><\/div>\n<p style=\"text-align: left;\"><strong><u><\/p>\n<div class=\"kr-collapse is-noarrow\" data-rel=\"noszenie\">\n    <button type=\"button\" class=\"kr-collapse__trigger\"\n      aria-expanded=\"false\"\n      aria-controls=\"kr-exp-4\"><br \/>\n      Jak nosi\u0107 lnian\u0105 sukienk\u0119 mini?<br \/>\n    <\/button><\/p>\n<div id=\"kr-exp-4\" class=\"kr-collapse__panel\" hidden>\n<div class=\"kr-collapse__content\"><\/u><\/strong><\/p>\n<p style=\"text-align: left;\">Niebieska lniana sukienka mini BLOOM to idealna baza letnich stylizacji. No\u015b j\u0105:<br \/>\n&#8211; na co dzie\u0144 z sanda\u0142ami lub klapkami<br \/>\n&#8211; na wakacjach z espadrylami i koszykiem<br \/>\n&#8211; w bardziej wyrazistej wersji &#8211; z obszern\u0105 kurtk\u0105 jeansow\u0105 lub sk\u00f3rzan\u0105 kurtk\u0105 vintage<br \/>\nLekka forma i odkryte plecy sprawiaj\u0105, \u017ce stylizacja wygl\u0105da \u015bwie\u017co i kobieco.<\/p>\n<\/div><\/div>\n<\/p><\/div>\n<p style=\"text-align: left;\"><strong><u><\/p>\n<div class=\"kr-collapse is-noarrow\" data-rel=\"kolor\">\n    <button type=\"button\" class=\"kr-collapse__trigger\"\n      aria-expanded=\"false\"\n      aria-controls=\"kr-exp-5\"><br \/>\n      Kolor b\u0142\u0119kitny (niebieski) &#8211; \u015bwie\u017co\u015b\u0107 i lekko\u015b\u0107<br \/>\n    <\/button><\/p>\n<div id=\"kr-exp-5\" class=\"kr-collapse__panel\" hidden>\n<div class=\"kr-collapse__content\"><\/u><\/strong><\/p>\n<p style=\"text-align: left;\">B\u0142\u0119kitny odcie\u0144 lnu, okre\u015blany r\u00f3wnie\u017c jako niebieski, przywodzi na my\u015bl letnie niebo i wprowadza do stylizacji poczucie lekko\u015bci oraz \u015bwie\u017co\u015bci. To kolor, kt\u00f3ry roz\u015bwietla cer\u0119 i podkre\u015bla naturalne pi\u0119kno, szczeg\u00f3lnie w letnim \u015bwietle.<br \/>\nNiebieska lniana sukienka mini pasuje zar\u00f3wno do jasnej, jak i ciemniejszej karnacji, tworz\u0105c subtelny, harmonijny efekt.<\/p>\n<\/div><\/div>\n<\/p><\/div>\n<p style=\"text-align: left;\"><strong><u><\/p>\n<div class=\"kr-collapse is-noarrow\" data-rel=\"jakosc\">\n    <button type=\"button\" class=\"kr-collapse__trigger\"\n      aria-expanded=\"false\"\n      aria-controls=\"kr-exp-6\"><br \/>\n      Naturalno\u015b\u0107 i jako\u015b\u0107<br \/>\n    <\/button><\/p>\n<div id=\"kr-exp-6\" class=\"kr-collapse__panel\" hidden>\n<div class=\"kr-collapse__content\"><\/u><\/strong><\/p>\n<p style=\"text-align: left;\">Projektujemy i szyjemy w Polsce, w naszej pracowni, korzystaj\u0105c z wysokiej jako\u015bci lnu od sprawdzonych, lokalnych dostawc\u00f3w. Tkanina jest przyjemna w noszeniu, mi\u0119kko uk\u0142ada si\u0119 na ciele i zachowuje wszystkie w\u0142a\u015bciwo\u015bci naturalnego lnu &#8211; przewiewno\u015b\u0107, oddychalno\u015b\u0107 i trwa\u0142o\u015b\u0107.<\/p>\n<\/div><\/div>\n<\/p><\/div>\n<p style=\"text-align: left;\"><strong><u><\/p>\n<div class=\"kr-collapse is-noarrow\" data-rel=\"sklad\">\n    <button type=\"button\" class=\"kr-collapse__trigger\"\n      aria-expanded=\"false\"\n      aria-controls=\"kr-exp-7\"><br \/>\n      Composition and care<br \/>\n    <\/button><\/p>\n<div id=\"kr-exp-7\" class=\"kr-collapse__panel\" hidden>\n<div class=\"kr-collapse__content\"><\/u><\/strong><\/p>\n<p style=\"text-align: left;\">- 100% flax<br \/>\n&#8211; Pranie delikatne w 30\u00b0C<br \/>\n&#8211; Prasowa\u0107 w \u015bredniej temperaturze<br \/>\n&#8211; Suszy\u0107 na p\u0142asko lub na wieszaku<\/p>\n<\/div><\/div>\n<\/p><\/div>","protected":false},"featured_media":412297,"template":"","meta":[],"product_brand":[500],"product_cat":[639,621,666,667,618],"product_tag":[653],"class_list":{"0":"post-411687","1":"product","2":"type-product","3":"status-publish","4":"has-post-thumbnail","6":"product_brand-korneliarataj","7":"product_cat-kategorie-lniane","8":"product_cat-kolory-lniane","9":"product_cat-linen-2026","10":"product_cat-sky-blue-lniane","11":"product_cat-sukienki-lniane","12":"product_tag-sky-blue","13":"flv-has-gallery","15":"first","16":"instock","17":"taxable","18":"shipping-taxable","19":"purchasable","20":"product-type-variable","21":"has-default-attributes"},"yoast_head":"<!-- This site is optimized with the Yoast SEO plugin v27.4 - https:\/\/yoast.com\/product\/yoast-seo-wordpress\/ -->\n<title>Lniana sukienka mini na cienkich rami\u0105czkach damska ciemnoszara<\/title>\n<meta name=\"description\" content=\"Kornelia Rataj. Minimalist Women&#039;s Collection, Basic, Swimwear. HANDMADE IN POLAND WITH LOVE.\" \/>\n<meta name=\"robots\" content=\"index, follow, max-snippet:-1, max-image-preview:large, max-video-preview:-1\" \/>\n<link rel=\"canonical\" href=\"https:\/\/korneliarataj.com\/en\/product\/lniana-sukienka-ramiaczka-niebieska\/\" \/>\n<meta property=\"og:locale\" content=\"en_GB\" \/>\n<meta property=\"og:type\" content=\"article\" \/>\n<meta property=\"og:title\" content=\"Lniana sukienka mini na cienkich rami\u0105czkach damska ciemnoszara\" \/>\n<meta property=\"og:description\" content=\"Kornelia Rataj. Minimalist Women&#039;s Collection, Basic, Swimwear. HANDMADE IN POLAND WITH LOVE.\" \/>\n<meta property=\"og:url\" content=\"https:\/\/korneliarataj.com\/en\/product\/lniana-sukienka-ramiaczka-niebieska\/\" \/>\n<meta property=\"og:site_name\" content=\"KORNELIARATAJ\" \/>\n<meta property=\"article:publisher\" content=\"http:\/\/www.facebook.com\/korneliaratajshop\" \/>\n<meta property=\"og:image\" content=\"https:\/\/korneliarataj.com\/wp-content\/uploads\/2026\/04\/2026-SKY-BLUE-MINI-BLOOM-1-scaled.webp\" \/>\n\t<meta property=\"og:image:width\" content=\"1707\" \/>\n\t<meta property=\"og:image:height\" content=\"2560\" \/>\n\t<meta property=\"og:image:type\" content=\"image\/webp\" \/>\n<meta name=\"twitter:card\" content=\"summary_large_image\" \/>\n<meta name=\"twitter:label1\" content=\"Estimated reading time\" \/>\n\t<meta name=\"twitter:data1\" content=\"1 minute\" \/>\n<script type=\"application\/ld+json\" class=\"yoast-schema-graph\">{\"@context\":\"https:\\\/\\\/schema.org\",\"@graph\":[{\"@type\":\"WebPage\",\"@id\":\"https:\\\/\\\/korneliarataj.com\\\/produkt\\\/lniana-sukienka-ramiaczka-niebieska\\\/\",\"url\":\"https:\\\/\\\/korneliarataj.com\\\/produkt\\\/lniana-sukienka-ramiaczka-niebieska\\\/\",\"name\":\"Lniana sukienka mini na cienkich rami\u0105czkach damska ciemnoszara\",\"isPartOf\":{\"@id\":\"https:\\\/\\\/korneliarataj.com\\\/#website\"},\"primaryImageOfPage\":{\"@id\":\"https:\\\/\\\/korneliarataj.com\\\/produkt\\\/lniana-sukienka-ramiaczka-niebieska\\\/#primaryimage\"},\"image\":{\"@id\":\"https:\\\/\\\/korneliarataj.com\\\/produkt\\\/lniana-sukienka-ramiaczka-niebieska\\\/#primaryimage\"},\"thumbnailUrl\":\"https:\\\/\\\/korneliarataj.com\\\/wp-content\\\/uploads\\\/2026\\\/04\\\/2026-SKY-BLUE-MINI-BLOOM-1-scaled.webp\",\"datePublished\":\"2026-04-25T22:01:55+00:00\",\"description\":\"Kornelia Rataj. Minimalist Women's Collection, Basic, Swimwear. HANDMADE IN POLAND WITH LOVE.\",\"breadcrumb\":{\"@id\":\"https:\\\/\\\/korneliarataj.com\\\/produkt\\\/lniana-sukienka-ramiaczka-niebieska\\\/#breadcrumb\"},\"inLanguage\":\"en-GB\",\"potentialAction\":[{\"@type\":\"ReadAction\",\"target\":[\"https:\\\/\\\/korneliarataj.com\\\/produkt\\\/lniana-sukienka-ramiaczka-niebieska\\\/\"]}]},{\"@type\":\"ImageObject\",\"inLanguage\":\"en-GB\",\"@id\":\"https:\\\/\\\/korneliarataj.com\\\/produkt\\\/lniana-sukienka-ramiaczka-niebieska\\\/#primaryimage\",\"url\":\"https:\\\/\\\/korneliarataj.com\\\/wp-content\\\/uploads\\\/2026\\\/04\\\/2026-SKY-BLUE-MINI-BLOOM-1-scaled.webp\",\"contentUrl\":\"https:\\\/\\\/korneliarataj.com\\\/wp-content\\\/uploads\\\/2026\\\/04\\\/2026-SKY-BLUE-MINI-BLOOM-1-scaled.webp\",\"width\":1707,\"height\":2560,\"caption\":\"Lniana sukienka Mini Bloom - Sky Blue\"},{\"@type\":\"BreadcrumbList\",\"@id\":\"https:\\\/\\\/korneliarataj.com\\\/produkt\\\/lniana-sukienka-ramiaczka-niebieska\\\/#breadcrumb\",\"itemListElement\":[{\"@type\":\"ListItem\",\"position\":1,\"name\":\"HOME\",\"item\":\"https:\\\/\\\/korneliarataj.com\\\/\"},{\"@type\":\"ListItem\",\"position\":2,\"name\":\"Products\",\"item\":\"https:\\\/\\\/korneliarataj.com\\\/en\\\/shop\\\/\"},{\"@type\":\"ListItem\",\"position\":3,\"name\":\"Lniana sukienka Mini BLOOM &#8211; Sky Blue\"}]},{\"@type\":\"WebSite\",\"@id\":\"https:\\\/\\\/korneliarataj.com\\\/#website\",\"url\":\"https:\\\/\\\/korneliarataj.com\\\/\",\"name\":\"Stroje K\u0105pielowe i Odzie\u017c Lniana Sklep Kornelia Rataj\",\"description\":\"swimwear stroje k\u0105pielowe ubrania len lniane\",\"publisher\":{\"@id\":\"https:\\\/\\\/korneliarataj.com\\\/#organization\"},\"potentialAction\":[{\"@type\":\"SearchAction\",\"target\":{\"@type\":\"EntryPoint\",\"urlTemplate\":\"https:\\\/\\\/korneliarataj.com\\\/?s={search_term_string}\"},\"query-input\":{\"@type\":\"PropertyValueSpecification\",\"valueRequired\":true,\"valueName\":\"search_term_string\"}}],\"inLanguage\":\"en-GB\"},{\"@type\":\"Organization\",\"@id\":\"https:\\\/\\\/korneliarataj.com\\\/#organization\",\"name\":\"KORNELIARATAJ\",\"url\":\"https:\\\/\\\/korneliarataj.com\\\/\",\"logo\":{\"@type\":\"ImageObject\",\"inLanguage\":\"en-GB\",\"@id\":\"https:\\\/\\\/korneliarataj.com\\\/#\\\/schema\\\/logo\\\/image\\\/\",\"url\":\"https:\\\/\\\/korneliarataj.com\\\/wp-content\\\/uploads\\\/2020\\\/07\\\/LOGO-KR.svg\",\"contentUrl\":\"https:\\\/\\\/korneliarataj.com\\\/wp-content\\\/uploads\\\/2020\\\/07\\\/LOGO-KR.svg\",\"width\":1024,\"height\":1024,\"caption\":\"KORNELIARATAJ\"},\"image\":{\"@id\":\"https:\\\/\\\/korneliarataj.com\\\/#\\\/schema\\\/logo\\\/image\\\/\"},\"sameAs\":[\"http:\\\/\\\/www.facebook.com\\\/korneliaratajshop\",\"http:\\\/\\\/www.instagram.com\\\/korneliarataj\"]}]}<\/script>\n<!-- \/ Yoast SEO plugin. -->","yoast_head_json":{"title":"Lniana sukienka mini na cienkich rami\u0105czkach damska ciemnoszara","description":"Kornelia Rataj. Minimalist Women's Collection, Basic, Swimwear. HANDMADE IN POLAND WITH LOVE.","robots":{"index":"index","follow":"follow","max-snippet":"max-snippet:-1","max-image-preview":"max-image-preview:large","max-video-preview":"max-video-preview:-1"},"canonical":"https:\/\/korneliarataj.com\/en\/product\/lniana-sukienka-ramiaczka-niebieska\/","og_locale":"en_GB","og_type":"article","og_title":"Lniana sukienka mini na cienkich rami\u0105czkach damska ciemnoszara","og_description":"Kornelia Rataj. Minimalist Women's Collection, Basic, Swimwear. HANDMADE IN POLAND WITH LOVE.","og_url":"https:\/\/korneliarataj.com\/en\/product\/lniana-sukienka-ramiaczka-niebieska\/","og_site_name":"KORNELIARATAJ","article_publisher":"http:\/\/www.facebook.com\/korneliaratajshop","og_image":[{"width":1707,"height":2560,"url":"https:\/\/korneliarataj.com\/wp-content\/uploads\/2026\/04\/2026-SKY-BLUE-MINI-BLOOM-1-scaled.webp","type":"image\/webp"}],"twitter_card":"summary_large_image","twitter_misc":{"Estimated reading time":"1 minute"},"schema":{"@context":"https:\/\/schema.org","@graph":[{"@type":"WebPage","@id":"https:\/\/korneliarataj.com\/produkt\/lniana-sukienka-ramiaczka-niebieska\/","url":"https:\/\/korneliarataj.com\/produkt\/lniana-sukienka-ramiaczka-niebieska\/","name":"Lniana sukienka mini na cienkich rami\u0105czkach damska ciemnoszara","isPartOf":{"@id":"https:\/\/korneliarataj.com\/#website"},"primaryImageOfPage":{"@id":"https:\/\/korneliarataj.com\/produkt\/lniana-sukienka-ramiaczka-niebieska\/#primaryimage"},"image":{"@id":"https:\/\/korneliarataj.com\/produkt\/lniana-sukienka-ramiaczka-niebieska\/#primaryimage"},"thumbnailUrl":"https:\/\/korneliarataj.com\/wp-content\/uploads\/2026\/04\/2026-SKY-BLUE-MINI-BLOOM-1-scaled.webp","datePublished":"2026-04-25T22:01:55+00:00","description":"Kornelia Rataj. Minimalist Women's Collection, Basic, Swimwear. HANDMADE IN POLAND WITH LOVE.","breadcrumb":{"@id":"https:\/\/korneliarataj.com\/produkt\/lniana-sukienka-ramiaczka-niebieska\/#breadcrumb"},"inLanguage":"en-GB","potentialAction":[{"@type":"ReadAction","target":["https:\/\/korneliarataj.com\/produkt\/lniana-sukienka-ramiaczka-niebieska\/"]}]},{"@type":"ImageObject","inLanguage":"en-GB","@id":"https:\/\/korneliarataj.com\/produkt\/lniana-sukienka-ramiaczka-niebieska\/#primaryimage","url":"https:\/\/korneliarataj.com\/wp-content\/uploads\/2026\/04\/2026-SKY-BLUE-MINI-BLOOM-1-scaled.webp","contentUrl":"https:\/\/korneliarataj.com\/wp-content\/uploads\/2026\/04\/2026-SKY-BLUE-MINI-BLOOM-1-scaled.webp","width":1707,"height":2560,"caption":"Lniana sukienka Mini Bloom - Sky Blue"},{"@type":"BreadcrumbList","@id":"https:\/\/korneliarataj.com\/produkt\/lniana-sukienka-ramiaczka-niebieska\/#breadcrumb","itemListElement":[{"@type":"ListItem","position":1,"name":"HOME","item":"https:\/\/korneliarataj.com\/"},{"@type":"ListItem","position":2,"name":"Products","item":"https:\/\/korneliarataj.com\/en\/shop\/"},{"@type":"ListItem","position":3,"name":"Lniana sukienka Mini BLOOM &#8211; Sky Blue"}]},{"@type":"WebSite","@id":"https:\/\/korneliarataj.com\/#website","url":"https:\/\/korneliarataj.com\/","name":"Swimwear and Linen Clothing Shop Kornelia Rataj","description":"swimwear swimwear linen linen clothing","publisher":{"@id":"https:\/\/korneliarataj.com\/#organization"},"potentialAction":[{"@type":"SearchAction","target":{"@type":"EntryPoint","urlTemplate":"https:\/\/korneliarataj.com\/?s={search_term_string}"},"query-input":{"@type":"PropertyValueSpecification","valueRequired":true,"valueName":"search_term_string"}}],"inLanguage":"en-GB"},{"@type":"Organization","@id":"https:\/\/korneliarataj.com\/#organization","name":"KORNELIARATAJ","url":"https:\/\/korneliarataj.com\/","logo":{"@type":"ImageObject","inLanguage":"en-GB","@id":"https:\/\/korneliarataj.com\/#\/schema\/logo\/image\/","url":"https:\/\/korneliarataj.com\/wp-content\/uploads\/2020\/07\/LOGO-KR.svg","contentUrl":"https:\/\/korneliarataj.com\/wp-content\/uploads\/2020\/07\/LOGO-KR.svg","width":1024,"height":1024,"caption":"KORNELIARATAJ"},"image":{"@id":"https:\/\/korneliarataj.com\/#\/schema\/logo\/image\/"},"sameAs":["http:\/\/www.facebook.com\/korneliaratajshop","http:\/\/www.instagram.com\/korneliarataj"]}]}},"_links":{"self":[{"href":"https:\/\/korneliarataj.com\/en\/wp-json\/wp\/v2\/product\/411687","targetHints":{"allow":["GET"]}}],"collection":[{"href":"https:\/\/korneliarataj.com\/en\/wp-json\/wp\/v2\/product"}],"about":[{"href":"https:\/\/korneliarataj.com\/en\/wp-json\/wp\/v2\/types\/product"}],"wp:featuredmedia":[{"embeddable":true,"href":"https:\/\/korneliarataj.com\/en\/wp-json\/wp\/v2\/media\/412297"}],"wp:attachment":[{"href":"https:\/\/korneliarataj.com\/en\/wp-json\/wp\/v2\/media?parent=411687"}],"wp:term":[{"taxonomy":"product_brand","embeddable":true,"href":"https:\/\/korneliarataj.com\/en\/wp-json\/wp\/v2\/product_brand?post=411687"},{"taxonomy":"product_cat","embeddable":true,"href":"https:\/\/korneliarataj.com\/en\/wp-json\/wp\/v2\/product_cat?post=411687"},{"taxonomy":"product_tag","embeddable":true,"href":"https:\/\/korneliarataj.com\/en\/wp-json\/wp\/v2\/product_tag?post=411687"}],"curies":[{"name":"wp","href":"https:\/\/api.w.org\/{rel}","templated":true}]}}