{"id":389335,"date":"2026-01-25T10:39:03","date_gmt":"2026-01-25T09:39:03","guid":{"rendered":"https:\/\/korneliarataj.com\/?post_type=product&#038;p=389335"},"modified":"2026-04-28T14:39:50","modified_gmt":"2026-04-28T12:39:50","slug":"v-cut-dol-stroju-kapielowego-burgundy-2026","status":"publish","type":"product","link":"https:\/\/korneliarataj.com\/en\/product\/v-cut-dol-stroju-kapielowego-burgundy-2026\/","title":{"rendered":"V Cut &#8211; d\u00f3\u0142 stroju k\u0105pielowego Burgundy"},"content":{"rendered":"","protected":false},"excerpt":{"rendered":"<p style=\"text-align: left;\"><strong>OPTIONS<\/strong><\/p>\n<p style=\"text-align: left;\"><a href=\"https:\/\/korneliarataj.com\/en\/product\/v-cut-dol-stroju-kapielowego-sky-blue-2026\/\" target=\"_blank\" rel=\"noopener noreferrer\"><img decoding=\"async\" src=\"https:\/\/korneliarataj.com\/wp-content\/uploads\/2026\/01\/2026-SKY-BLUE-V-CUT-1.webp\" width=\"90px\" \/><\/a><a href=\"https:\/\/korneliarataj.com\/en\/product\/v-cut-dol-stroju-kapielowego-peachy-rose-2026\/\" target=\"_blank\" rel=\"noopener noreferrer\"><img decoding=\"async\" src=\"https:\/\/korneliarataj.com\/wp-content\/uploads\/2026\/01\/2026-PEACHY-ROSE-V-CUT-1.webp\" width=\"90px\" \/><\/a><a href=\"https:\/\/korneliarataj.com\/en\/product\/v-cut-dol-stroju-kapielowego-black-2026\/\" target=\"_blank\" rel=\"noopener noreferrer\"><img decoding=\"async\" src=\"https:\/\/korneliarataj.com\/wp-content\/uploads\/2026\/01\/2026-BLACK-V-CUT-1.webp\" width=\"90px\" \/><\/a><a href=\"https:\/\/korneliarataj.com\/en\/product\/v-cut-dol-stroju-kapielowego-coconut-2026\/\" target=\"_blank\" rel=\"noopener noreferrer\"><img decoding=\"async\" src=\"https:\/\/korneliarataj.com\/wp-content\/uploads\/2026\/01\/2026-COCONUT-V-CUT-1.webp\" width=\"90px\" \/><\/a><a href=\"https:\/\/korneliarataj.com\/en\/product\/v-cut-dol-stroju-kapielowego-wood-2026\/\" target=\"_blank\" rel=\"noopener noreferrer\"><img decoding=\"async\" src=\"https:\/\/korneliarataj.com\/wp-content\/uploads\/2026\/01\/2026-WOOD-V-CUT-1.webp\" width=\"90px\" \/><\/a><a href=\"https:\/\/korneliarataj.com\/en\/product\/v-cut-dol-stroju-kapielowego-sunset-2026\/\" target=\"_blank\" rel=\"noopener noreferrer\"><img decoding=\"async\" src=\"https:\/\/korneliarataj.com\/wp-content\/uploads\/2026\/01\/2026-SUNSET-V-CUT-1.webp\" width=\"90px\" \/><\/a><a href=\"https:\/\/korneliarataj.com\/en\/product\/v-cut-dol-stroju-kapielowego-sunshine-2026\/\" target=\"_blank\" rel=\"noopener noreferrer\"><img decoding=\"async\" src=\"https:\/\/korneliarataj.com\/wp-content\/uploads\/2026\/01\/2026-SUNSHINE-V-CUT-1.webp\" width=\"90px\" \/><\/a><\/p>\n<p style=\"text-align: left;\"><strong><u><\/p>\n<div class=\"kr-collapse is-noarrow\" data-rel=\"opis\">\n    <button type=\"button\" class=\"kr-collapse__trigger\"\n      aria-expanded=\"false\"\n      aria-controls=\"kr-exp-1\"><br \/>\n      OPIS PRODUKTU<br \/>\n    <\/button><\/p>\n<div id=\"kr-exp-1\" class=\"kr-collapse__panel\" hidden>\n<div class=\"kr-collapse__content\"><\/u><\/strong><\/p>\n<p style=\"text-align: left;\"><u><strong>V Cut &#8211; d\u00f3\u0142 stroju k\u0105pielowego<\/strong><\/u><\/p>\n<p style=\"text-align: left;\"><strong>D\u00f3\u0142 stroju k\u0105pielowego V CUT ma minimalistyczny, mocno wyci\u0119ty fason, kt\u00f3ry subtelnie podkre\u015bla kobiec\u0105 sylwetk\u0119<\/strong>. Niski stan oraz ci\u0119cie na przodzie i na tyle, tworz\u0105ce wyra\u017any kszta\u0142t litery V, optycznie wyd\u0142u\u017caj\u0105 nogi i akcentuj\u0105 lini\u0119 bioder, czyni\u0105c ten model idealnym wyborem do opalania.<\/p>\n<p style=\"text-align: left;\">Ten d\u00f3\u0142 bikini posiada ty\u0142 w fasonie brazylijskim, kt\u00f3ry delikatnie podkre\u015bla po\u015bladki i nadaje ca\u0142o\u015bci zmys\u0142owego charakteru. Prosta forma i dopracowane detale sprawiaj\u0105, \u017ce model sprawdzi si\u0119 zar\u00f3wno na pla\u017cy, jak i na basenie. Dwie warstwy materia\u0142u oraz odpowiednia gramatura zapewniaj\u0105 komfort noszenia, dobre dopasowanie i trwa\u0142o\u015b\u0107.<\/p>\n<p style=\"text-align: left;\">D\u00f3\u0142 stroju k\u0105pielowego damski V CUT to po\u0142\u0105czenie nowoczesnego designu, wygody i wysokiej jako\u015bci wykonania \u2013 idealna baza do stworzenia sp\u00f3jnego, minimalistycznego bikini.<\/p>\n<p>&nbsp;<\/p>\n<p style=\"text-align: left;\"><strong>High quality materials<\/strong><\/p>\n<p style=\"text-align: left;\">The swimsuit is made of high-quality lycra <strong>econyl<\/strong><strong class=\"copyright\">\u24c7<\/strong>recycled materials that meet the highest quality standards, including certified <strong>OEKO-TEX Standard 100<\/strong>. The material is characterised by:<br \/>\n\u2013 <strong>protection against UV radiation<\/strong>,<br \/>\n\u2013 <strong>bi-directional flexibility<\/strong>which provides comfort,<br \/>\n\u2013 <strong>resistant to chlorine and fading<\/strong>,<br \/>\n\u2013 <strong>sustainability<\/strong>, even when coming into contact with oils and sun creams,<br \/>\n\u2013 <strong>ecological production process<\/strong> - recycled fibre<\/p>\n<p>&nbsp;<\/p>\n<p style=\"text-align: left;\"><strong>Aesthetics and comfort in every detail<\/strong><\/p>\n<p style=\"text-align: left;\">Every detail has been designed with your comfort in mind:<\/p>\n<p>\u2013 <strong>Swimwear is sewn in two layers<\/strong>, they provide comfort and adequate coverage.<br \/>\n\u2013 <strong>Hidden seams<\/strong> provide exceptional wearing comfort.<br \/>\n\u2013 <strong>Heat-sealable label<\/strong> guarantees enjoyment.<\/p>\n<p>&nbsp;<\/p>\n<p style=\"text-align: left;\"><strong>Local production - sewn in Poland<\/strong><\/p>\n<p style=\"text-align: left;\">Our swimwear is made in our family workshop in Czernica with attention to every detail. The products are distinguished by their careful workmanship, durability and aesthetics, which are appreciated by our customers.<\/p>\n<\/div><\/div>\n<\/p><\/div>\n<p style=\"text-align: left;\"><strong><u><\/p>\n<div class=\"kr-collapse is-noarrow\" data-rel=\"wymiary\">\n    <button type=\"button\" class=\"kr-collapse__trigger\"\n      aria-expanded=\"false\"\n      aria-controls=\"kr-exp-2\"><br \/>\n      MODEL DIMENSIONS<br \/>\n    <\/button><\/p>\n<div id=\"kr-exp-2\" class=\"kr-collapse__panel\" hidden>\n<div class=\"kr-collapse__content\"><\/u><\/strong><\/p>\n<p style=\"text-align: left;\">Modelka ma na sobie rozmiar S<br \/>\nObw\u00f3d w biu\u015bcie: 84 cm<br \/>\nCircumference under bust: 72 cm<br \/>\nMiseczka: A<br \/>\nObw\u00f3d w talii: 64 cm<br \/>\nObw\u00f3d w biodrach: 92 cm<br \/>\nWzrost: 170 cm<\/p>\n<\/div><\/div>\n<\/p><\/div>\n<p style=\"text-align: left;\"><strong><u><\/p>\n<div class=\"kr-collapse is-noarrow\" data-rel=\"kolor\">\n    <button type=\"button\" class=\"kr-collapse__trigger\"\n      aria-expanded=\"false\"\n      aria-controls=\"kr-exp-3\"><br \/>\n      COLOUR DESCRIPTION<br \/>\n    <\/button><\/p>\n<div id=\"kr-exp-3\" class=\"kr-collapse__panel\" hidden>\n<div class=\"kr-collapse__content\"><\/u><\/strong><\/p>\n<p style=\"text-align: left;\"><strong><a href=\"https:\/\/korneliarataj.com\/en\/kolor-burgundy\/\" rel=\"noopener noreferrer\"><u>Kolor BURGUNDY<\/u><\/a> &#8211; elegancki, g\u0142\u0119boki bordowy str\u00f3j k\u0105pielowy damski<\/strong>.<br \/>\n<strong>BURGUNDY<\/strong> to g\u0142\u0119boki, nasycony odcie\u0144 bordowego, kt\u00f3ry doskonale sprawdza si\u0119 w strojach k\u0105pielowych damskich. To jeden z najbardziej eleganckich kolor\u00f3w w modzie pla\u017cowej \u2013 ponadczasowy, wyrafinowany i niezwykle kobiecy. Bordowy str\u00f3j k\u0105pielowy <strong>BURGUNDY<\/strong> podkre\u015bla sylwetk\u0119, optycznie j\u0105 wysmukla i nadaje stylizacji luksusowy, sp\u00f3jny charakter.<br \/>\nTen odcie\u0144 czerwieni jest szczeg\u00f3lnie ceniony w kolekcjach premium, poniewa\u017c \u0142\u0105czy klasyk\u0119 z nowoczesnym minimalizmem. Burgundowy str\u00f3j k\u0105pielowy \u015bwietnie prezentuje si\u0119 zar\u00f3wno w formie bikini, jak i jednocz\u0119\u015bciowego stroju k\u0105pielowego damskiego \u2013 sprawdzi si\u0119 na pla\u017cy, basenie i podczas wakacyjnych wyjazd\u00f3w.<br \/>\nKolor <strong>BURGUNDY<\/strong> \u2013 dla jakiej karnacji?<br \/>\n\u2013 <strong>Light, porcelain complexion<\/strong> \u2013 tworzy elegancki kontrast i podkre\u015bla delikatno\u015b\u0107 sk\u00f3ry.<br \/>\n\u2013 <strong>Olive complexion<\/strong> \u2013 harmonizuje z naturalnymi podtonami, wydobywaj\u0105c ich ciep\u0142o.<br \/>\n\u2013 <strong>Darker skin<\/strong> \u2013 podkre\u015bla g\u0142\u0119bi\u0119 koloru sk\u00f3ry i pi\u0119knie akcentuje opalenizn\u0119.<br \/>\n<strong>Jak wygl\u0105da str\u00f3j k\u0105pielowy w kolorze BURGUNDY<\/strong>?<br \/>\nTo ciemny, szlachetny odcie\u0144 czerwieni, kt\u00f3ry nie jest jaskrawy \u2013 zamiast tego daje efekt g\u0142\u0119bi, elegancji i wizualnego wysmuklenia sylwetki. Dzi\u0119ki temu bordowy str\u00f3j k\u0105pielowy jest cz\u0119sto wybierany przez kobiety, kt\u00f3re szukaj\u0105 klasycznego, ale wyrazistego koloru.<br \/>\n<strong>Z czym \u0142\u0105czy\u0107 kolor BURGUNDY<\/strong>?<br \/>\nBordowy kolor stroju k\u0105pielowego \u015bwietnie komponuje si\u0119 z:<br \/>\n\u2013 be\u017cem i naturalnym lnem<br \/>\n\u2013 czerni\u0105 i z\u0142amanymi bielami<br \/>\n\u2013 z\u0142ot\u0105 bi\u017cuteri\u0105 i dodatkami pla\u017cowymi<br \/>\n<strong>Dlaczego wybra\u0107 bordowy str\u00f3j k\u0105pielowy BURGUNDY?<\/strong><br \/>\nTo idealny wyb\u00f3r dla kobiet, kt\u00f3re szukaj\u0105 eleganckiego stroju k\u0105pielowego damskiego w g\u0142\u0119bokim kolorze. <strong>BURGUNDY<\/strong> \u0142\u0105czy ponadczasowy styl, efekt wysmuklenia sylwetki i uniwersalno\u015b\u0107 \u2013 sprawdzi si\u0119 w ka\u017cdej letniej garderobie i nigdy nie wychodzi z mody.<\/div>\n<\/p><\/div>\n<\/p><\/div>\n<\/p>\n<p style=\"text-align: left;\"><strong><u><\/p>\n<div class=\"kr-collapse is-noarrow\" data-rel=\"sklad\">\n    <button type=\"button\" class=\"kr-collapse__trigger\"\n      aria-expanded=\"false\"\n      aria-controls=\"kr-exp-4\"><br \/>\n      COMPOSITION AND CARE INSTRUCTIONS<br \/>\n    <\/button><\/p>\n<div id=\"kr-exp-4\" class=\"kr-collapse__panel\" hidden>\n<div class=\"kr-collapse__content\"><\/u><\/strong><\/p>\n<p style=\"text-align: left;\">78% recycled polyamide<br \/>\n22% elastane<br \/>\nsoft wash at 30\u00b0C with similar colours<br \/>\nhand wash, with similar colours<br \/>\niron at max. 110\u00b0c<br \/>\ndo not bleach<br \/>\ndo not tumble dry<\/p>\n<\/div><\/div>\n<\/p><\/div>","protected":false},"featured_media":389299,"template":"","meta":[],"product_brand":[500],"product_cat":[658,527,537,572,561,652,651],"product_tag":[655],"class_list":{"0":"post-389335","1":"product","2":"type-product","3":"status-publish","4":"has-post-thumbnail","6":"product_brand-korneliarataj","7":"product_cat-burgundy-swimwear","8":"product_cat-dol-swimwear","9":"product_cat-dwuczesciowe-swimwear","10":"product_cat-kategorie-swimwear","11":"product_cat-kolory-swimwear","12":"product_cat-swimwear-2026","13":"product_cat-worek-free","14":"product_tag-burgundy","15":"flv-has-gallery","17":"first","18":"instock","19":"taxable","20":"shipping-taxable","21":"purchasable","22":"product-type-variable","23":"has-default-attributes"},"yoast_head":"<!-- This site is optimized with the Yoast SEO plugin v27.4 - https:\/\/yoast.com\/product\/yoast-seo-wordpress\/ -->\n<title>V Cut - d\u00f3\u0142 stroju k\u0105pielowego Burgundy - KORNELIARATAJ<\/title>\n<meta name=\"description\" content=\"Kornelia Rataj. Minimalist Women&#039;s Collection, Basic, Swimwear. HANDMADE IN POLAND WITH LOVE.\" \/>\n<meta name=\"robots\" content=\"index, follow, max-snippet:-1, max-image-preview:large, max-video-preview:-1\" \/>\n<link rel=\"canonical\" href=\"https:\/\/korneliarataj.com\/en\/product\/v-cut-dol-stroju-kapielowego-burgundy-2026\/\" \/>\n<meta property=\"og:locale\" content=\"en_GB\" \/>\n<meta property=\"og:type\" content=\"article\" \/>\n<meta property=\"og:title\" content=\"V Cut - d\u00f3\u0142 stroju k\u0105pielowego Burgundy - KORNELIARATAJ\" \/>\n<meta property=\"og:description\" content=\"Kornelia Rataj. Minimalist Women&#039;s Collection, Basic, Swimwear. HANDMADE IN POLAND WITH LOVE.\" \/>\n<meta property=\"og:url\" content=\"https:\/\/korneliarataj.com\/en\/product\/v-cut-dol-stroju-kapielowego-burgundy-2026\/\" \/>\n<meta property=\"og:site_name\" content=\"KORNELIARATAJ\" \/>\n<meta property=\"article:publisher\" content=\"http:\/\/www.facebook.com\/korneliaratajshop\" \/>\n<meta property=\"article:modified_time\" content=\"2026-04-28T12:39:50+00:00\" \/>\n<meta property=\"og:image\" content=\"https:\/\/korneliarataj.com\/wp-content\/uploads\/2026\/01\/2026-BURGUNDY-V-CUT-1-scaled.webp\" \/>\n\t<meta property=\"og:image:width\" content=\"1707\" \/>\n\t<meta property=\"og:image:height\" content=\"2560\" \/>\n\t<meta property=\"og:image:type\" content=\"image\/webp\" \/>\n<meta name=\"twitter:card\" content=\"summary_large_image\" \/>\n<meta name=\"twitter:label1\" content=\"Estimated reading time\" \/>\n\t<meta name=\"twitter:data1\" content=\"1 minute\" \/>\n<script type=\"application\/ld+json\" class=\"yoast-schema-graph\">{\"@context\":\"https:\\\/\\\/schema.org\",\"@graph\":[{\"@type\":\"WebPage\",\"@id\":\"https:\\\/\\\/korneliarataj.com\\\/produkt\\\/v-cut-dol-stroju-kapielowego-burgundy-2026\\\/\",\"url\":\"https:\\\/\\\/korneliarataj.com\\\/produkt\\\/v-cut-dol-stroju-kapielowego-burgundy-2026\\\/\",\"name\":\"V Cut - d\u00f3\u0142 stroju k\u0105pielowego Burgundy - KORNELIARATAJ\",\"isPartOf\":{\"@id\":\"https:\\\/\\\/korneliarataj.com\\\/#website\"},\"primaryImageOfPage\":{\"@id\":\"https:\\\/\\\/korneliarataj.com\\\/produkt\\\/v-cut-dol-stroju-kapielowego-burgundy-2026\\\/#primaryimage\"},\"image\":{\"@id\":\"https:\\\/\\\/korneliarataj.com\\\/produkt\\\/v-cut-dol-stroju-kapielowego-burgundy-2026\\\/#primaryimage\"},\"thumbnailUrl\":\"https:\\\/\\\/korneliarataj.com\\\/wp-content\\\/uploads\\\/2026\\\/01\\\/2026-BURGUNDY-V-CUT-1-scaled.webp\",\"datePublished\":\"2026-01-25T09:39:03+00:00\",\"dateModified\":\"2026-04-28T12:39:50+00:00\",\"description\":\"Kornelia Rataj. Minimalist Women's Collection, Basic, Swimwear. HANDMADE IN POLAND WITH LOVE.\",\"breadcrumb\":{\"@id\":\"https:\\\/\\\/korneliarataj.com\\\/produkt\\\/v-cut-dol-stroju-kapielowego-burgundy-2026\\\/#breadcrumb\"},\"inLanguage\":\"en-GB\",\"potentialAction\":[{\"@type\":\"ReadAction\",\"target\":[\"https:\\\/\\\/korneliarataj.com\\\/produkt\\\/v-cut-dol-stroju-kapielowego-burgundy-2026\\\/\"]}]},{\"@type\":\"ImageObject\",\"inLanguage\":\"en-GB\",\"@id\":\"https:\\\/\\\/korneliarataj.com\\\/produkt\\\/v-cut-dol-stroju-kapielowego-burgundy-2026\\\/#primaryimage\",\"url\":\"https:\\\/\\\/korneliarataj.com\\\/wp-content\\\/uploads\\\/2026\\\/01\\\/2026-BURGUNDY-V-CUT-1-scaled.webp\",\"contentUrl\":\"https:\\\/\\\/korneliarataj.com\\\/wp-content\\\/uploads\\\/2026\\\/01\\\/2026-BURGUNDY-V-CUT-1-scaled.webp\",\"width\":1707,\"height\":2560,\"caption\":\"V Cut - dol stroju kapielowego Burgundy\"},{\"@type\":\"BreadcrumbList\",\"@id\":\"https:\\\/\\\/korneliarataj.com\\\/produkt\\\/v-cut-dol-stroju-kapielowego-burgundy-2026\\\/#breadcrumb\",\"itemListElement\":[{\"@type\":\"ListItem\",\"position\":1,\"name\":\"HOME\",\"item\":\"https:\\\/\\\/korneliarataj.com\\\/\"},{\"@type\":\"ListItem\",\"position\":2,\"name\":\"Products\",\"item\":\"https:\\\/\\\/korneliarataj.com\\\/en\\\/shop\\\/\"},{\"@type\":\"ListItem\",\"position\":3,\"name\":\"V Cut &#8211; d\u00f3\u0142 stroju k\u0105pielowego Burgundy\"}]},{\"@type\":\"WebSite\",\"@id\":\"https:\\\/\\\/korneliarataj.com\\\/#website\",\"url\":\"https:\\\/\\\/korneliarataj.com\\\/\",\"name\":\"Stroje K\u0105pielowe i Odzie\u017c Lniana Sklep Kornelia Rataj\",\"description\":\"swimwear stroje k\u0105pielowe ubrania len lniane\",\"publisher\":{\"@id\":\"https:\\\/\\\/korneliarataj.com\\\/#organization\"},\"potentialAction\":[{\"@type\":\"SearchAction\",\"target\":{\"@type\":\"EntryPoint\",\"urlTemplate\":\"https:\\\/\\\/korneliarataj.com\\\/?s={search_term_string}\"},\"query-input\":{\"@type\":\"PropertyValueSpecification\",\"valueRequired\":true,\"valueName\":\"search_term_string\"}}],\"inLanguage\":\"en-GB\"},{\"@type\":\"Organization\",\"@id\":\"https:\\\/\\\/korneliarataj.com\\\/#organization\",\"name\":\"KORNELIARATAJ\",\"url\":\"https:\\\/\\\/korneliarataj.com\\\/\",\"logo\":{\"@type\":\"ImageObject\",\"inLanguage\":\"en-GB\",\"@id\":\"https:\\\/\\\/korneliarataj.com\\\/#\\\/schema\\\/logo\\\/image\\\/\",\"url\":\"https:\\\/\\\/korneliarataj.com\\\/wp-content\\\/uploads\\\/2020\\\/07\\\/LOGO-KR.svg\",\"contentUrl\":\"https:\\\/\\\/korneliarataj.com\\\/wp-content\\\/uploads\\\/2020\\\/07\\\/LOGO-KR.svg\",\"width\":1024,\"height\":1024,\"caption\":\"KORNELIARATAJ\"},\"image\":{\"@id\":\"https:\\\/\\\/korneliarataj.com\\\/#\\\/schema\\\/logo\\\/image\\\/\"},\"sameAs\":[\"http:\\\/\\\/www.facebook.com\\\/korneliaratajshop\",\"http:\\\/\\\/www.instagram.com\\\/korneliarataj\"]}]}<\/script>\n<!-- \/ Yoast SEO plugin. -->","yoast_head_json":{"title":"V Cut - d\u00f3\u0142 stroju k\u0105pielowego Burgundy - KORNELIARATAJ","description":"Kornelia Rataj. Minimalist Women's Collection, Basic, Swimwear. HANDMADE IN POLAND WITH LOVE.","robots":{"index":"index","follow":"follow","max-snippet":"max-snippet:-1","max-image-preview":"max-image-preview:large","max-video-preview":"max-video-preview:-1"},"canonical":"https:\/\/korneliarataj.com\/en\/product\/v-cut-dol-stroju-kapielowego-burgundy-2026\/","og_locale":"en_GB","og_type":"article","og_title":"V Cut - d\u00f3\u0142 stroju k\u0105pielowego Burgundy - KORNELIARATAJ","og_description":"Kornelia Rataj. Minimalist Women's Collection, Basic, Swimwear. HANDMADE IN POLAND WITH LOVE.","og_url":"https:\/\/korneliarataj.com\/en\/product\/v-cut-dol-stroju-kapielowego-burgundy-2026\/","og_site_name":"KORNELIARATAJ","article_publisher":"http:\/\/www.facebook.com\/korneliaratajshop","article_modified_time":"2026-04-28T12:39:50+00:00","og_image":[{"width":1707,"height":2560,"url":"https:\/\/korneliarataj.com\/wp-content\/uploads\/2026\/01\/2026-BURGUNDY-V-CUT-1-scaled.webp","type":"image\/webp"}],"twitter_card":"summary_large_image","twitter_misc":{"Estimated reading time":"1 minute"},"schema":{"@context":"https:\/\/schema.org","@graph":[{"@type":"WebPage","@id":"https:\/\/korneliarataj.com\/produkt\/v-cut-dol-stroju-kapielowego-burgundy-2026\/","url":"https:\/\/korneliarataj.com\/produkt\/v-cut-dol-stroju-kapielowego-burgundy-2026\/","name":"V Cut - d\u00f3\u0142 stroju k\u0105pielowego Burgundy - KORNELIARATAJ","isPartOf":{"@id":"https:\/\/korneliarataj.com\/#website"},"primaryImageOfPage":{"@id":"https:\/\/korneliarataj.com\/produkt\/v-cut-dol-stroju-kapielowego-burgundy-2026\/#primaryimage"},"image":{"@id":"https:\/\/korneliarataj.com\/produkt\/v-cut-dol-stroju-kapielowego-burgundy-2026\/#primaryimage"},"thumbnailUrl":"https:\/\/korneliarataj.com\/wp-content\/uploads\/2026\/01\/2026-BURGUNDY-V-CUT-1-scaled.webp","datePublished":"2026-01-25T09:39:03+00:00","dateModified":"2026-04-28T12:39:50+00:00","description":"Kornelia Rataj. Minimalist Women's Collection, Basic, Swimwear. HANDMADE IN POLAND WITH LOVE.","breadcrumb":{"@id":"https:\/\/korneliarataj.com\/produkt\/v-cut-dol-stroju-kapielowego-burgundy-2026\/#breadcrumb"},"inLanguage":"en-GB","potentialAction":[{"@type":"ReadAction","target":["https:\/\/korneliarataj.com\/produkt\/v-cut-dol-stroju-kapielowego-burgundy-2026\/"]}]},{"@type":"ImageObject","inLanguage":"en-GB","@id":"https:\/\/korneliarataj.com\/produkt\/v-cut-dol-stroju-kapielowego-burgundy-2026\/#primaryimage","url":"https:\/\/korneliarataj.com\/wp-content\/uploads\/2026\/01\/2026-BURGUNDY-V-CUT-1-scaled.webp","contentUrl":"https:\/\/korneliarataj.com\/wp-content\/uploads\/2026\/01\/2026-BURGUNDY-V-CUT-1-scaled.webp","width":1707,"height":2560,"caption":"V Cut - dol stroju kapielowego Burgundy"},{"@type":"BreadcrumbList","@id":"https:\/\/korneliarataj.com\/produkt\/v-cut-dol-stroju-kapielowego-burgundy-2026\/#breadcrumb","itemListElement":[{"@type":"ListItem","position":1,"name":"HOME","item":"https:\/\/korneliarataj.com\/"},{"@type":"ListItem","position":2,"name":"Products","item":"https:\/\/korneliarataj.com\/en\/shop\/"},{"@type":"ListItem","position":3,"name":"V Cut &#8211; d\u00f3\u0142 stroju k\u0105pielowego Burgundy"}]},{"@type":"WebSite","@id":"https:\/\/korneliarataj.com\/#website","url":"https:\/\/korneliarataj.com\/","name":"Swimwear and Linen Clothing Shop Kornelia Rataj","description":"swimwear swimwear linen linen clothing","publisher":{"@id":"https:\/\/korneliarataj.com\/#organization"},"potentialAction":[{"@type":"SearchAction","target":{"@type":"EntryPoint","urlTemplate":"https:\/\/korneliarataj.com\/?s={search_term_string}"},"query-input":{"@type":"PropertyValueSpecification","valueRequired":true,"valueName":"search_term_string"}}],"inLanguage":"en-GB"},{"@type":"Organization","@id":"https:\/\/korneliarataj.com\/#organization","name":"KORNELIARATAJ","url":"https:\/\/korneliarataj.com\/","logo":{"@type":"ImageObject","inLanguage":"en-GB","@id":"https:\/\/korneliarataj.com\/#\/schema\/logo\/image\/","url":"https:\/\/korneliarataj.com\/wp-content\/uploads\/2020\/07\/LOGO-KR.svg","contentUrl":"https:\/\/korneliarataj.com\/wp-content\/uploads\/2020\/07\/LOGO-KR.svg","width":1024,"height":1024,"caption":"KORNELIARATAJ"},"image":{"@id":"https:\/\/korneliarataj.com\/#\/schema\/logo\/image\/"},"sameAs":["http:\/\/www.facebook.com\/korneliaratajshop","http:\/\/www.instagram.com\/korneliarataj"]}]}},"_links":{"self":[{"href":"https:\/\/korneliarataj.com\/en\/wp-json\/wp\/v2\/product\/389335","targetHints":{"allow":["GET"]}}],"collection":[{"href":"https:\/\/korneliarataj.com\/en\/wp-json\/wp\/v2\/product"}],"about":[{"href":"https:\/\/korneliarataj.com\/en\/wp-json\/wp\/v2\/types\/product"}],"wp:featuredmedia":[{"embeddable":true,"href":"https:\/\/korneliarataj.com\/en\/wp-json\/wp\/v2\/media\/389299"}],"wp:attachment":[{"href":"https:\/\/korneliarataj.com\/en\/wp-json\/wp\/v2\/media?parent=389335"}],"wp:term":[{"taxonomy":"product_brand","embeddable":true,"href":"https:\/\/korneliarataj.com\/en\/wp-json\/wp\/v2\/product_brand?post=389335"},{"taxonomy":"product_cat","embeddable":true,"href":"https:\/\/korneliarataj.com\/en\/wp-json\/wp\/v2\/product_cat?post=389335"},{"taxonomy":"product_tag","embeddable":true,"href":"https:\/\/korneliarataj.com\/en\/wp-json\/wp\/v2\/product_tag?post=389335"}],"curies":[{"name":"wp","href":"https:\/\/api.w.org\/{rel}","templated":true}]}}