{"id":334198,"date":"2025-07-08T17:09:36","date_gmt":"2025-07-08T15:09:36","guid":{"rendered":"https:\/\/korneliarataj.com\/?post_type=product&#038;p=334198"},"modified":"2026-02-26T14:26:20","modified_gmt":"2026-02-26T13:26:20","slug":"bawelniany-kapelusz-szydelkowy-typu-bucket-czarny-2025","status":"publish","type":"product","link":"https:\/\/korneliarataj.com\/en\/product\/bawelniany-kapelusz-szydelkowy-typu-bucket-czarny-2025\/","title":{"rendered":"Cotton crochet bucket hat - Black"},"content":{"rendered":"","protected":false},"excerpt":{"rendered":"<p style=\"text-align: left;\"><strong>OUT OF STOCK<\/strong><\/p>\n<p style=\"text-align: left;\"><strong>OPTIONS<\/strong><\/p>\n<p style=\"text-align: left;\"><a href=\"https:\/\/korneliarataj.com\/en\/product\/bawelniany-kapelusz-szydelkowy-typu-bucket-naturalny-2025\/\" target=\"_blank\" rel=\"noopener noreferrer\"><img decoding=\"async\" src=\"https:\/\/korneliarataj.com\/wp-content\/uploads\/2026\/01\/2026-KAPELUSZ-NATURALNY-1-scaled.webp\" width=\"100px\" \/><\/a><a href=\"https:\/\/korneliarataj.com\/en\/product\/bawelniany-kapelusz-szydelkowy-typu-bucket-ecru-2025\/\" target=\"_blank\" rel=\"noopener noreferrer\"><img decoding=\"async\" src=\"https:\/\/korneliarataj.com\/wp-content\/uploads\/2026\/01\/2026-KAPELUSZ-ECRU-1-scaled.webp\" width=\"100px\" \/><\/a><a href=\"https:\/\/korneliarataj.com\/en\/product\/bawelniany-kapelusz-szydelkowy-typu-bucket-brazowy-2026\/\" target=\"_blank\" rel=\"noopener noreferrer\"><img decoding=\"async\" src=\"https:\/\/korneliarataj.com\/wp-content\/uploads\/2026\/01\/2026-KAPELUSZ-BRAZOWY-1-scaled.webp\" width=\"100px\" \/><\/a><\/p>\n<p style=\"text-align: left;\"><u><strong>Cotton crochet bucket hat - black<\/strong><\/u><\/p>\n<p style=\"text-align: left;\">Black bucket hat made in 100% from cotton and handmade on crochet. It features a delicate openwork pattern that makes it light and airy - perfect for even the hottest days.<\/p>\n<p style=\"text-align: left;\">This crochet bucket hat is a must-have in your summer wardrobe. It protects from the sun while adding style to any outfit, from beach dresses and linen ensembles to everyday urban sets. The classic black colour makes it go with everything.<\/p>\n<p style=\"text-align: left;\"><strong>Colour:<\/strong> black<br \/>\n<strong>Material:<\/strong> 100% cotton<br \/>\n<strong>Type:<\/strong> crochet bucket hat<br \/>\n<strong>Performance:<\/strong> entirely by hand, on crochet<br \/>\n<strong>Application:<\/strong> for the beach, for the summer, for everyday styling<br \/>\n<strong>Size:<\/strong> available in one universal size<\/p>\n<p style=\"text-align: left;\">Add a unique handmade bucket hat to your collection and enjoy comfort and natural style every summer day.<\/p>\n<p style=\"text-align: left;\"><strong>COMPOSITION AND CARE INSTRUCTIONS<\/strong><\/p>\n<p style=\"text-align: left;\">Composition: 100% cotton<br \/>\nHand wash<br \/>\nDo not bleach<br \/>\nDo not tumble dry<br \/>\nDo not iron<br \/>\nDo not dry-clean<\/p>","protected":false},"featured_media":391179,"template":"","meta":[],"product_brand":[500],"product_cat":[56,660],"product_tag":[],"class_list":{"0":"post-334198","1":"product","2":"type-product","3":"status-publish","4":"has-post-thumbnail","6":"product_brand-korneliarataj","7":"product_cat-akcesoria","8":"product_cat-kapelusze-bucket","9":"flv-has-gallery","11":"first","12":"instock","13":"taxable","14":"shipping-taxable","15":"purchasable","16":"product-type-variable","17":"has-default-attributes"},"yoast_head":"<!-- This site is optimized with the Yoast SEO plugin v27.3 - https:\/\/yoast.com\/product\/yoast-seo-wordpress\/ -->\n<title>Bawe\u0142niany kapelusz szyde\u0142kowy typu bucket - Czarny - KORNELIARATAJ<\/title>\n<meta name=\"description\" content=\"Bawe\u0142niany czarny kapelusz szyde\u0142kowy typu bucket \u2013 100% r\u0119cznie robiony, lekki i przewiewny. Idealny na lato, pla\u017c\u0119 i codzienne stylizacje. Sprawd\u017a w sklepie online.\" \/>\n<meta name=\"robots\" content=\"index, follow, max-snippet:-1, max-image-preview:large, max-video-preview:-1\" \/>\n<link rel=\"canonical\" href=\"https:\/\/korneliarataj.com\/en\/product\/bawelniany-kapelusz-szydelkowy-typu-bucket-czarny-2025\/\" \/>\n<meta property=\"og:locale\" content=\"en_GB\" \/>\n<meta property=\"og:type\" content=\"article\" \/>\n<meta property=\"og:title\" content=\"Bawe\u0142niany kapelusz szyde\u0142kowy typu bucket - Czarny - KORNELIARATAJ\" \/>\n<meta property=\"og:description\" content=\"Bawe\u0142niany czarny kapelusz szyde\u0142kowy typu bucket \u2013 100% r\u0119cznie robiony, lekki i przewiewny. Idealny na lato, pla\u017c\u0119 i codzienne stylizacje. Sprawd\u017a w sklepie online.\" \/>\n<meta property=\"og:url\" content=\"https:\/\/korneliarataj.com\/en\/product\/bawelniany-kapelusz-szydelkowy-typu-bucket-czarny-2025\/\" \/>\n<meta property=\"og:site_name\" content=\"KORNELIARATAJ\" \/>\n<meta property=\"article:publisher\" content=\"http:\/\/www.facebook.com\/korneliaratajshop\" \/>\n<meta property=\"article:modified_time\" content=\"2026-02-26T13:26:20+00:00\" \/>\n<meta property=\"og:image\" content=\"https:\/\/korneliarataj.com\/wp-content\/uploads\/2026\/01\/2026-KAPELUSZ-CZARNY-1-scaled.webp\" \/>\n\t<meta property=\"og:image:width\" content=\"1707\" \/>\n\t<meta property=\"og:image:height\" content=\"2560\" \/>\n\t<meta property=\"og:image:type\" content=\"image\/webp\" \/>\n<meta name=\"twitter:card\" content=\"summary_large_image\" \/>\n<meta name=\"twitter:label1\" content=\"Estimated reading time\" \/>\n\t<meta name=\"twitter:data1\" content=\"1 minute\" \/>\n<script type=\"application\/ld+json\" class=\"yoast-schema-graph\">{\"@context\":\"https:\\\/\\\/schema.org\",\"@graph\":[{\"@type\":\"WebPage\",\"@id\":\"https:\\\/\\\/korneliarataj.com\\\/produkt\\\/bawelniany-kapelusz-szydelkowy-typu-bucket-czarny-2025\\\/\",\"url\":\"https:\\\/\\\/korneliarataj.com\\\/produkt\\\/bawelniany-kapelusz-szydelkowy-typu-bucket-czarny-2025\\\/\",\"name\":\"Bawe\u0142niany kapelusz szyde\u0142kowy typu bucket - Czarny - KORNELIARATAJ\",\"isPartOf\":{\"@id\":\"https:\\\/\\\/korneliarataj.com\\\/#website\"},\"primaryImageOfPage\":{\"@id\":\"https:\\\/\\\/korneliarataj.com\\\/produkt\\\/bawelniany-kapelusz-szydelkowy-typu-bucket-czarny-2025\\\/#primaryimage\"},\"image\":{\"@id\":\"https:\\\/\\\/korneliarataj.com\\\/produkt\\\/bawelniany-kapelusz-szydelkowy-typu-bucket-czarny-2025\\\/#primaryimage\"},\"thumbnailUrl\":\"https:\\\/\\\/korneliarataj.com\\\/wp-content\\\/uploads\\\/2026\\\/01\\\/2026-KAPELUSZ-CZARNY-1-scaled.webp\",\"datePublished\":\"2025-07-08T15:09:36+00:00\",\"dateModified\":\"2026-02-26T13:26:20+00:00\",\"description\":\"Bawe\u0142niany czarny kapelusz szyde\u0142kowy typu bucket \u2013 100% r\u0119cznie robiony, lekki i przewiewny. Idealny na lato, pla\u017c\u0119 i codzienne stylizacje. Sprawd\u017a w sklepie online.\",\"breadcrumb\":{\"@id\":\"https:\\\/\\\/korneliarataj.com\\\/produkt\\\/bawelniany-kapelusz-szydelkowy-typu-bucket-czarny-2025\\\/#breadcrumb\"},\"inLanguage\":\"en-GB\",\"potentialAction\":[{\"@type\":\"ReadAction\",\"target\":[\"https:\\\/\\\/korneliarataj.com\\\/produkt\\\/bawelniany-kapelusz-szydelkowy-typu-bucket-czarny-2025\\\/\"]}]},{\"@type\":\"ImageObject\",\"inLanguage\":\"en-GB\",\"@id\":\"https:\\\/\\\/korneliarataj.com\\\/produkt\\\/bawelniany-kapelusz-szydelkowy-typu-bucket-czarny-2025\\\/#primaryimage\",\"url\":\"https:\\\/\\\/korneliarataj.com\\\/wp-content\\\/uploads\\\/2026\\\/01\\\/2026-KAPELUSZ-CZARNY-1-scaled.webp\",\"contentUrl\":\"https:\\\/\\\/korneliarataj.com\\\/wp-content\\\/uploads\\\/2026\\\/01\\\/2026-KAPELUSZ-CZARNY-1-scaled.webp\",\"width\":1707,\"height\":2560,\"caption\":\"Kapelusz Czarny\"},{\"@type\":\"BreadcrumbList\",\"@id\":\"https:\\\/\\\/korneliarataj.com\\\/produkt\\\/bawelniany-kapelusz-szydelkowy-typu-bucket-czarny-2025\\\/#breadcrumb\",\"itemListElement\":[{\"@type\":\"ListItem\",\"position\":1,\"name\":\"HOME\",\"item\":\"https:\\\/\\\/korneliarataj.com\\\/\"},{\"@type\":\"ListItem\",\"position\":2,\"name\":\"Products\",\"item\":\"https:\\\/\\\/korneliarataj.com\\\/en\\\/shop\\\/\"},{\"@type\":\"ListItem\",\"position\":3,\"name\":\"Bawe\u0142niany kapelusz szyde\u0142kowy typu bucket &#8211; Czarny\"}]},{\"@type\":\"WebSite\",\"@id\":\"https:\\\/\\\/korneliarataj.com\\\/#website\",\"url\":\"https:\\\/\\\/korneliarataj.com\\\/\",\"name\":\"Stroje K\u0105pielowe i Odzie\u017c Lniana Sklep Kornelia Rataj\",\"description\":\"swimwear stroje k\u0105pielowe ubrania len lniane\",\"publisher\":{\"@id\":\"https:\\\/\\\/korneliarataj.com\\\/#organization\"},\"potentialAction\":[{\"@type\":\"SearchAction\",\"target\":{\"@type\":\"EntryPoint\",\"urlTemplate\":\"https:\\\/\\\/korneliarataj.com\\\/?s={search_term_string}\"},\"query-input\":{\"@type\":\"PropertyValueSpecification\",\"valueRequired\":true,\"valueName\":\"search_term_string\"}}],\"inLanguage\":\"en-GB\"},{\"@type\":\"Organization\",\"@id\":\"https:\\\/\\\/korneliarataj.com\\\/#organization\",\"name\":\"KORNELIARATAJ\",\"url\":\"https:\\\/\\\/korneliarataj.com\\\/\",\"logo\":{\"@type\":\"ImageObject\",\"inLanguage\":\"en-GB\",\"@id\":\"https:\\\/\\\/korneliarataj.com\\\/#\\\/schema\\\/logo\\\/image\\\/\",\"url\":\"https:\\\/\\\/korneliarataj.com\\\/wp-content\\\/uploads\\\/2020\\\/07\\\/LOGO-KR.svg\",\"contentUrl\":\"https:\\\/\\\/korneliarataj.com\\\/wp-content\\\/uploads\\\/2020\\\/07\\\/LOGO-KR.svg\",\"width\":1024,\"height\":1024,\"caption\":\"KORNELIARATAJ\"},\"image\":{\"@id\":\"https:\\\/\\\/korneliarataj.com\\\/#\\\/schema\\\/logo\\\/image\\\/\"},\"sameAs\":[\"http:\\\/\\\/www.facebook.com\\\/korneliaratajshop\",\"http:\\\/\\\/www.instagram.com\\\/korneliarataj\"]}]}<\/script>\n<!-- \/ Yoast SEO plugin. -->","yoast_head_json":{"title":"Cotton crochet bucket hat - Black - KORNELIARATAJ","description":"Cotton black crochet bucket hat - 100% handmade, light and airy. Perfect for summer, beach and everyday styling. Check out the online shop.","robots":{"index":"index","follow":"follow","max-snippet":"max-snippet:-1","max-image-preview":"max-image-preview:large","max-video-preview":"max-video-preview:-1"},"canonical":"https:\/\/korneliarataj.com\/en\/product\/bawelniany-kapelusz-szydelkowy-typu-bucket-czarny-2025\/","og_locale":"en_GB","og_type":"article","og_title":"Bawe\u0142niany kapelusz szyde\u0142kowy typu bucket - Czarny - KORNELIARATAJ","og_description":"Bawe\u0142niany czarny kapelusz szyde\u0142kowy typu bucket \u2013 100% r\u0119cznie robiony, lekki i przewiewny. Idealny na lato, pla\u017c\u0119 i codzienne stylizacje. Sprawd\u017a w sklepie online.","og_url":"https:\/\/korneliarataj.com\/en\/product\/bawelniany-kapelusz-szydelkowy-typu-bucket-czarny-2025\/","og_site_name":"KORNELIARATAJ","article_publisher":"http:\/\/www.facebook.com\/korneliaratajshop","article_modified_time":"2026-02-26T13:26:20+00:00","og_image":[{"width":1707,"height":2560,"url":"https:\/\/korneliarataj.com\/wp-content\/uploads\/2026\/01\/2026-KAPELUSZ-CZARNY-1-scaled.webp","type":"image\/webp"}],"twitter_card":"summary_large_image","twitter_misc":{"Estimated reading time":"1 minute"},"schema":{"@context":"https:\/\/schema.org","@graph":[{"@type":"WebPage","@id":"https:\/\/korneliarataj.com\/produkt\/bawelniany-kapelusz-szydelkowy-typu-bucket-czarny-2025\/","url":"https:\/\/korneliarataj.com\/produkt\/bawelniany-kapelusz-szydelkowy-typu-bucket-czarny-2025\/","name":"Cotton crochet bucket hat - Black - KORNELIARATAJ","isPartOf":{"@id":"https:\/\/korneliarataj.com\/#website"},"primaryImageOfPage":{"@id":"https:\/\/korneliarataj.com\/produkt\/bawelniany-kapelusz-szydelkowy-typu-bucket-czarny-2025\/#primaryimage"},"image":{"@id":"https:\/\/korneliarataj.com\/produkt\/bawelniany-kapelusz-szydelkowy-typu-bucket-czarny-2025\/#primaryimage"},"thumbnailUrl":"https:\/\/korneliarataj.com\/wp-content\/uploads\/2026\/01\/2026-KAPELUSZ-CZARNY-1-scaled.webp","datePublished":"2025-07-08T15:09:36+00:00","dateModified":"2026-02-26T13:26:20+00:00","description":"Cotton black crochet bucket hat - 100% handmade, light and airy. Perfect for summer, beach and everyday styling. Check out the online shop.","breadcrumb":{"@id":"https:\/\/korneliarataj.com\/produkt\/bawelniany-kapelusz-szydelkowy-typu-bucket-czarny-2025\/#breadcrumb"},"inLanguage":"en-GB","potentialAction":[{"@type":"ReadAction","target":["https:\/\/korneliarataj.com\/produkt\/bawelniany-kapelusz-szydelkowy-typu-bucket-czarny-2025\/"]}]},{"@type":"ImageObject","inLanguage":"en-GB","@id":"https:\/\/korneliarataj.com\/produkt\/bawelniany-kapelusz-szydelkowy-typu-bucket-czarny-2025\/#primaryimage","url":"https:\/\/korneliarataj.com\/wp-content\/uploads\/2026\/01\/2026-KAPELUSZ-CZARNY-1-scaled.webp","contentUrl":"https:\/\/korneliarataj.com\/wp-content\/uploads\/2026\/01\/2026-KAPELUSZ-CZARNY-1-scaled.webp","width":1707,"height":2560,"caption":"Kapelusz Czarny"},{"@type":"BreadcrumbList","@id":"https:\/\/korneliarataj.com\/produkt\/bawelniany-kapelusz-szydelkowy-typu-bucket-czarny-2025\/#breadcrumb","itemListElement":[{"@type":"ListItem","position":1,"name":"HOME","item":"https:\/\/korneliarataj.com\/"},{"@type":"ListItem","position":2,"name":"Products","item":"https:\/\/korneliarataj.com\/en\/shop\/"},{"@type":"ListItem","position":3,"name":"Bawe\u0142niany kapelusz szyde\u0142kowy typu bucket &#8211; Czarny"}]},{"@type":"WebSite","@id":"https:\/\/korneliarataj.com\/#website","url":"https:\/\/korneliarataj.com\/","name":"Swimwear and Linen Clothing Shop Kornelia Rataj","description":"swimwear swimwear linen linen clothing","publisher":{"@id":"https:\/\/korneliarataj.com\/#organization"},"potentialAction":[{"@type":"SearchAction","target":{"@type":"EntryPoint","urlTemplate":"https:\/\/korneliarataj.com\/?s={search_term_string}"},"query-input":{"@type":"PropertyValueSpecification","valueRequired":true,"valueName":"search_term_string"}}],"inLanguage":"en-GB"},{"@type":"Organization","@id":"https:\/\/korneliarataj.com\/#organization","name":"KORNELIARATAJ","url":"https:\/\/korneliarataj.com\/","logo":{"@type":"ImageObject","inLanguage":"en-GB","@id":"https:\/\/korneliarataj.com\/#\/schema\/logo\/image\/","url":"https:\/\/korneliarataj.com\/wp-content\/uploads\/2020\/07\/LOGO-KR.svg","contentUrl":"https:\/\/korneliarataj.com\/wp-content\/uploads\/2020\/07\/LOGO-KR.svg","width":1024,"height":1024,"caption":"KORNELIARATAJ"},"image":{"@id":"https:\/\/korneliarataj.com\/#\/schema\/logo\/image\/"},"sameAs":["http:\/\/www.facebook.com\/korneliaratajshop","http:\/\/www.instagram.com\/korneliarataj"]}]}},"_links":{"self":[{"href":"https:\/\/korneliarataj.com\/en\/wp-json\/wp\/v2\/product\/334198","targetHints":{"allow":["GET"]}}],"collection":[{"href":"https:\/\/korneliarataj.com\/en\/wp-json\/wp\/v2\/product"}],"about":[{"href":"https:\/\/korneliarataj.com\/en\/wp-json\/wp\/v2\/types\/product"}],"wp:featuredmedia":[{"embeddable":true,"href":"https:\/\/korneliarataj.com\/en\/wp-json\/wp\/v2\/media\/391179"}],"wp:attachment":[{"href":"https:\/\/korneliarataj.com\/en\/wp-json\/wp\/v2\/media?parent=334198"}],"wp:term":[{"taxonomy":"product_brand","embeddable":true,"href":"https:\/\/korneliarataj.com\/en\/wp-json\/wp\/v2\/product_brand?post=334198"},{"taxonomy":"product_cat","embeddable":true,"href":"https:\/\/korneliarataj.com\/en\/wp-json\/wp\/v2\/product_cat?post=334198"},{"taxonomy":"product_tag","embeddable":true,"href":"https:\/\/korneliarataj.com\/en\/wp-json\/wp\/v2\/product_tag?post=334198"}],"curies":[{"name":"wp","href":"https:\/\/api.w.org\/{rel}","templated":true}]}}