{"id":318029,"date":"2025-04-24T00:43:32","date_gmt":"2025-04-23T22:43:32","guid":{"rendered":"https:\/\/korneliarataj.com\/?post_type=product&#038;p=318029"},"modified":"2026-04-10T12:22:46","modified_gmt":"2026-04-10T10:22:46","slug":"lniana-sukienka-midi-rozkloszowana-flow-smietankowy-bialy-2025","status":"publish","type":"product","link":"https:\/\/korneliarataj.com\/en\/product\/lniana-sukienka-midi-rozkloszowana-flow-smietankowy-bialy-2025\/","title":{"rendered":"Linen midi flared flow dress - cream white"},"content":{"rendered":"","protected":false},"excerpt":{"rendered":"<p style=\"text-align: left;\"><strong>OPTIONS<\/strong><\/p>\n<p style=\"text-align: left;\"><a href=\"https:\/\/korneliarataj.com\/en\/product\/lniana-sukienka-midi-rozkloszowana-flow-pastelowy-zolty-2025\/\" target=\"_blank\" rel=\"noopener noreferrer\"><img decoding=\"async\" src=\"https:\/\/korneliarataj.com\/wp-content\/uploads\/2025\/04\/LB-LINEN-2025-LNIANA-SUKIENKA-MIDI-ROZSZERZANA-FLOW-PASTELOWY-ZOLTY-1-200x300.webp\" width=\"100px\" \/><\/a>\u00a0<a href=\"https:\/\/korneliarataj.com\/en\/product\/lniana-sukienka-midi-rozkloszowana-flow-naturalny-len-2025\/\" target=\"_blank\" rel=\"noopener noreferrer\"><img decoding=\"async\" src=\"https:\/\/korneliarataj.com\/wp-content\/uploads\/2025\/04\/LB-LINEN-2025-LNIANA-SUKIENKA-MIDI-ROZSZERZANA-FLOW-NATURALNY-LEN-1-200x300.webp\" width=\"100px\" \/><\/a>\u00a0<a href=\"https:\/\/korneliarataj.com\/en\/product\/lniana-sukienka-midi-rozkloszowana-flow-czarny-2025\/\" target=\"_blank\" rel=\"noopener noreferrer\"><img decoding=\"async\" src=\"https:\/\/korneliarataj.com\/wp-content\/uploads\/2025\/04\/LB-LINEN-2025-LNIANA-SUKIENKA-MIDI-ROZSZERZANA-FLOW-CZARNY-1-200x300.webp\" width=\"100px\" \/><\/a><\/p>\n<p style=\"text-align: left;\"><u><strong>Cream linen midi dress - romantic, delicate and full of lightness<\/strong><\/u><\/p>\n<p style=\"text-align: left;\">If you're looking for a dress for a summer party, a walk on the pier or a stylish outdoor wedding - this model will be perfect. The creamy white highlights your tan beautifully. The flared cut and mid-calf length give the dress a light and subtle grace.<br \/>\nThe button fastening at the back and 100% linen guarantee naturalness and quality. The single-layered construction makes the dress airy and lays very naturally.<br \/>\nIt's a model that you can easily pair with elegant accessories as well as simple boho-style accessories.<\/p>\n<p style=\"text-align: left;\"><strong>Details that matter<\/strong><br \/>\n- Sewn in Poland, in the family workshop in Czernica,<br \/>\n- 100% softened linen - airy, natural and breathable,<br \/>\n- Coconut button at the back - a stylish detail and easy to put on,<br \/>\n- Loose, comfortable fit - doesn't drag and keeps you comfortable,<br \/>\n- Sewn-in pockets - practical and discreet,<br \/>\n- White linen - timeless, versatile and perfect for summer.<br \/>\nThis linen dress is the perfect base for summer styling - great for everyday as well as the beach, holiday walks or outdoor parties. Wear it with sneakers, sandals or espadrilles, add your favourite denim jacket or blazer and create your own total linen look.<br \/>\nThe white linen dress pairs beautifully with the <strong><a href=\"https:\/\/korneliarataj.com\/en\/gumki-do-wlosow-lniane\/\" target=\"_blank\" rel=\"noopener noreferrer\">linen scrunchie<\/a><\/strong> in the same colour.<\/p>\n<p style=\"text-align: left;\"><strong>Model dimensions<\/strong><br \/>\nThe model in the picture is wearing size XS<br \/>\nBust circumference: 81<br \/>\nCircumference under bust: 72<br \/>\nCup: B\/C<br \/>\nWaist circumference: 60<br \/>\nHip circumference: 85<br \/>\nHeight: 171 cm<\/p>\n<p style=\"text-align: left;\"><strong>Naturalness and quality in every detail<\/strong><br \/>\nOur products are made from 100% linen, which we source from local suppliers. We design and sew in our own workshop, taking care of every detail.<br \/>\nAdd to your basket and create your total linen look - comfortable, stylish and 100% natural.<\/p>\n<p style=\"text-align: left;\"><strong>Cream white linen colour<\/strong><br \/>\nLinen in an off-white shade is a soft alternative to pure white - creamier, warmer and more subtle. This shade enhances the lightness of the look and adds softness. Off-white linen looks great on any complexion, illuminating the complexion and creating an elegant, unforced look, further accentuating the tan. It is the perfect choice for lovers of natural tones and classics with a touch of freshness. White linen is a timeless choice for summer days.<\/p>\n<p style=\"text-align: left;\"><strong>Composition and care<\/strong><br \/>\n- 100% flax<br \/>\n- Weight: 140 g\/m\u00b2<br \/>\n- Hand wash or gentle wash at 30\u00b0C<br \/>\n- Iron at max. 150\u00b0C<\/p>","protected":false},"featured_media":318013,"template":"","meta":[],"product_brand":[500],"product_cat":[639,621,76,619,644,634,618],"product_tag":[],"class_list":{"0":"post-318029","1":"product","2":"type-product","3":"status-publish","4":"has-post-thumbnail","6":"product_brand-korneliarataj","7":"product_cat-kategorie-lniane","8":"product_cat-kolory-lniane","9":"product_cat-linen","10":"product_cat-odziez-elegancka-lniana","11":"product_cat-sale-linen-2025","12":"product_cat-smietankowy-bialy-lniane","13":"product_cat-sukienki-lniane","14":"flv-has-gallery","16":"first","17":"instock","18":"sale","19":"taxable","20":"shipping-taxable","21":"purchasable","22":"product-type-variable","23":"has-default-attributes"},"yoast_head":"<!-- This site is optimized with the Yoast SEO plugin v27.3 - https:\/\/yoast.com\/product\/yoast-seo-wordpress\/ -->\n<title>Lniana sukienka midi rozkloszowana flow \u2013 \u015bmietankowy bia\u0142y - KORNELIARATAJ<\/title>\n<meta name=\"description\" content=\"Lniana, bia\u0142a sukienka midi \u2013 kobieca, lekka i romantyczna. Naturalna tkanina, pi\u0119kny odcie\u0144 bieli. Idealna na lato i wesele w plenerze.\" \/>\n<meta name=\"robots\" content=\"index, follow, max-snippet:-1, max-image-preview:large, max-video-preview:-1\" \/>\n<link rel=\"canonical\" href=\"https:\/\/korneliarataj.com\/en\/product\/lniana-sukienka-midi-rozkloszowana-flow-smietankowy-bialy-2025\/\" \/>\n<meta property=\"og:locale\" content=\"en_GB\" \/>\n<meta property=\"og:type\" content=\"article\" \/>\n<meta property=\"og:title\" content=\"Lniana sukienka midi rozkloszowana flow \u2013 \u015bmietankowy bia\u0142y - KORNELIARATAJ\" \/>\n<meta property=\"og:description\" content=\"Lniana, bia\u0142a sukienka midi \u2013 kobieca, lekka i romantyczna. Naturalna tkanina, pi\u0119kny odcie\u0144 bieli. Idealna na lato i wesele w plenerze.\" \/>\n<meta property=\"og:url\" content=\"https:\/\/korneliarataj.com\/en\/product\/lniana-sukienka-midi-rozkloszowana-flow-smietankowy-bialy-2025\/\" \/>\n<meta property=\"og:site_name\" content=\"KORNELIARATAJ\" \/>\n<meta property=\"article:publisher\" content=\"http:\/\/www.facebook.com\/korneliaratajshop\" \/>\n<meta property=\"article:modified_time\" content=\"2026-04-10T10:22:46+00:00\" \/>\n<meta property=\"og:image\" content=\"https:\/\/korneliarataj.com\/wp-content\/uploads\/2025\/04\/LB-LINEN-2025-LNIANA-SUKIENKA-MIDI-ROZSZERZANA-FLOW-SMIETANKOWY-BIALY-1-scaled.webp\" \/>\n\t<meta property=\"og:image:width\" content=\"1365\" \/>\n\t<meta property=\"og:image:height\" content=\"2048\" \/>\n\t<meta property=\"og:image:type\" content=\"image\/webp\" \/>\n<meta name=\"twitter:card\" content=\"summary_large_image\" \/>\n<meta name=\"twitter:label1\" content=\"Estimated reading time\" \/>\n\t<meta name=\"twitter:data1\" content=\"1 minute\" \/>\n<script type=\"application\/ld+json\" class=\"yoast-schema-graph\">{\"@context\":\"https:\\\/\\\/schema.org\",\"@graph\":[{\"@type\":\"WebPage\",\"@id\":\"https:\\\/\\\/korneliarataj.com\\\/produkt\\\/lniana-sukienka-midi-rozkloszowana-flow-smietankowy-bialy-2025\\\/\",\"url\":\"https:\\\/\\\/korneliarataj.com\\\/produkt\\\/lniana-sukienka-midi-rozkloszowana-flow-smietankowy-bialy-2025\\\/\",\"name\":\"Lniana sukienka midi rozkloszowana flow \u2013 \u015bmietankowy bia\u0142y - KORNELIARATAJ\",\"isPartOf\":{\"@id\":\"https:\\\/\\\/korneliarataj.com\\\/#website\"},\"primaryImageOfPage\":{\"@id\":\"https:\\\/\\\/korneliarataj.com\\\/produkt\\\/lniana-sukienka-midi-rozkloszowana-flow-smietankowy-bialy-2025\\\/#primaryimage\"},\"image\":{\"@id\":\"https:\\\/\\\/korneliarataj.com\\\/produkt\\\/lniana-sukienka-midi-rozkloszowana-flow-smietankowy-bialy-2025\\\/#primaryimage\"},\"thumbnailUrl\":\"https:\\\/\\\/korneliarataj.com\\\/wp-content\\\/uploads\\\/2025\\\/04\\\/LB-LINEN-2025-LNIANA-SUKIENKA-MIDI-ROZSZERZANA-FLOW-SMIETANKOWY-BIALY-1-scaled.webp\",\"datePublished\":\"2025-04-23T22:43:32+00:00\",\"dateModified\":\"2026-04-10T10:22:46+00:00\",\"description\":\"Lniana, bia\u0142a sukienka midi \u2013 kobieca, lekka i romantyczna. Naturalna tkanina, pi\u0119kny odcie\u0144 bieli. Idealna na lato i wesele w plenerze.\",\"breadcrumb\":{\"@id\":\"https:\\\/\\\/korneliarataj.com\\\/produkt\\\/lniana-sukienka-midi-rozkloszowana-flow-smietankowy-bialy-2025\\\/#breadcrumb\"},\"inLanguage\":\"en-GB\",\"potentialAction\":[{\"@type\":\"ReadAction\",\"target\":[\"https:\\\/\\\/korneliarataj.com\\\/produkt\\\/lniana-sukienka-midi-rozkloszowana-flow-smietankowy-bialy-2025\\\/\"]}]},{\"@type\":\"ImageObject\",\"inLanguage\":\"en-GB\",\"@id\":\"https:\\\/\\\/korneliarataj.com\\\/produkt\\\/lniana-sukienka-midi-rozkloszowana-flow-smietankowy-bialy-2025\\\/#primaryimage\",\"url\":\"https:\\\/\\\/korneliarataj.com\\\/wp-content\\\/uploads\\\/2025\\\/04\\\/LB-LINEN-2025-LNIANA-SUKIENKA-MIDI-ROZSZERZANA-FLOW-SMIETANKOWY-BIALY-1-scaled.webp\",\"contentUrl\":\"https:\\\/\\\/korneliarataj.com\\\/wp-content\\\/uploads\\\/2025\\\/04\\\/LB-LINEN-2025-LNIANA-SUKIENKA-MIDI-ROZSZERZANA-FLOW-SMIETANKOWY-BIALY-1-scaled.webp\",\"width\":1365,\"height\":2048,\"caption\":\"Lniana sukienka midi rozkloszowana flow \u2013 smietankowy bialy\"},{\"@type\":\"BreadcrumbList\",\"@id\":\"https:\\\/\\\/korneliarataj.com\\\/produkt\\\/lniana-sukienka-midi-rozkloszowana-flow-smietankowy-bialy-2025\\\/#breadcrumb\",\"itemListElement\":[{\"@type\":\"ListItem\",\"position\":1,\"name\":\"HOME\",\"item\":\"https:\\\/\\\/korneliarataj.com\\\/\"},{\"@type\":\"ListItem\",\"position\":2,\"name\":\"Products\",\"item\":\"https:\\\/\\\/korneliarataj.com\\\/en\\\/shop\\\/\"},{\"@type\":\"ListItem\",\"position\":3,\"name\":\"Lniana sukienka midi rozkloszowana flow \u2013 \u015bmietankowy bia\u0142y\"}]},{\"@type\":\"WebSite\",\"@id\":\"https:\\\/\\\/korneliarataj.com\\\/#website\",\"url\":\"https:\\\/\\\/korneliarataj.com\\\/\",\"name\":\"Stroje K\u0105pielowe i Odzie\u017c Lniana Sklep Kornelia Rataj\",\"description\":\"swimwear stroje k\u0105pielowe ubrania len lniane\",\"publisher\":{\"@id\":\"https:\\\/\\\/korneliarataj.com\\\/#organization\"},\"potentialAction\":[{\"@type\":\"SearchAction\",\"target\":{\"@type\":\"EntryPoint\",\"urlTemplate\":\"https:\\\/\\\/korneliarataj.com\\\/?s={search_term_string}\"},\"query-input\":{\"@type\":\"PropertyValueSpecification\",\"valueRequired\":true,\"valueName\":\"search_term_string\"}}],\"inLanguage\":\"en-GB\"},{\"@type\":\"Organization\",\"@id\":\"https:\\\/\\\/korneliarataj.com\\\/#organization\",\"name\":\"KORNELIARATAJ\",\"url\":\"https:\\\/\\\/korneliarataj.com\\\/\",\"logo\":{\"@type\":\"ImageObject\",\"inLanguage\":\"en-GB\",\"@id\":\"https:\\\/\\\/korneliarataj.com\\\/#\\\/schema\\\/logo\\\/image\\\/\",\"url\":\"https:\\\/\\\/korneliarataj.com\\\/wp-content\\\/uploads\\\/2020\\\/07\\\/LOGO-KR.svg\",\"contentUrl\":\"https:\\\/\\\/korneliarataj.com\\\/wp-content\\\/uploads\\\/2020\\\/07\\\/LOGO-KR.svg\",\"width\":1024,\"height\":1024,\"caption\":\"KORNELIARATAJ\"},\"image\":{\"@id\":\"https:\\\/\\\/korneliarataj.com\\\/#\\\/schema\\\/logo\\\/image\\\/\"},\"sameAs\":[\"http:\\\/\\\/www.facebook.com\\\/korneliaratajshop\",\"http:\\\/\\\/www.instagram.com\\\/korneliarataj\"]}]}<\/script>\n<!-- \/ Yoast SEO plugin. -->","yoast_head_json":{"title":"Lniana sukienka midi rozkloszowana flow \u2013 \u015bmietankowy bia\u0142y - KORNELIARATAJ","description":"Lniana, bia\u0142a sukienka midi \u2013 kobieca, lekka i romantyczna. Naturalna tkanina, pi\u0119kny odcie\u0144 bieli. Idealna na lato i wesele w plenerze.","robots":{"index":"index","follow":"follow","max-snippet":"max-snippet:-1","max-image-preview":"max-image-preview:large","max-video-preview":"max-video-preview:-1"},"canonical":"https:\/\/korneliarataj.com\/en\/product\/lniana-sukienka-midi-rozkloszowana-flow-smietankowy-bialy-2025\/","og_locale":"en_GB","og_type":"article","og_title":"Lniana sukienka midi rozkloszowana flow \u2013 \u015bmietankowy bia\u0142y - KORNELIARATAJ","og_description":"Lniana, bia\u0142a sukienka midi \u2013 kobieca, lekka i romantyczna. Naturalna tkanina, pi\u0119kny odcie\u0144 bieli. Idealna na lato i wesele w plenerze.","og_url":"https:\/\/korneliarataj.com\/en\/product\/lniana-sukienka-midi-rozkloszowana-flow-smietankowy-bialy-2025\/","og_site_name":"KORNELIARATAJ","article_publisher":"http:\/\/www.facebook.com\/korneliaratajshop","article_modified_time":"2026-04-10T10:22:46+00:00","og_image":[{"width":1365,"height":2048,"url":"https:\/\/korneliarataj.com\/wp-content\/uploads\/2025\/04\/LB-LINEN-2025-LNIANA-SUKIENKA-MIDI-ROZSZERZANA-FLOW-SMIETANKOWY-BIALY-1-scaled.webp","type":"image\/webp"}],"twitter_card":"summary_large_image","twitter_misc":{"Estimated reading time":"1 minute"},"schema":{"@context":"https:\/\/schema.org","@graph":[{"@type":"WebPage","@id":"https:\/\/korneliarataj.com\/produkt\/lniana-sukienka-midi-rozkloszowana-flow-smietankowy-bialy-2025\/","url":"https:\/\/korneliarataj.com\/produkt\/lniana-sukienka-midi-rozkloszowana-flow-smietankowy-bialy-2025\/","name":"Lniana sukienka midi rozkloszowana flow \u2013 \u015bmietankowy bia\u0142y - KORNELIARATAJ","isPartOf":{"@id":"https:\/\/korneliarataj.com\/#website"},"primaryImageOfPage":{"@id":"https:\/\/korneliarataj.com\/produkt\/lniana-sukienka-midi-rozkloszowana-flow-smietankowy-bialy-2025\/#primaryimage"},"image":{"@id":"https:\/\/korneliarataj.com\/produkt\/lniana-sukienka-midi-rozkloszowana-flow-smietankowy-bialy-2025\/#primaryimage"},"thumbnailUrl":"https:\/\/korneliarataj.com\/wp-content\/uploads\/2025\/04\/LB-LINEN-2025-LNIANA-SUKIENKA-MIDI-ROZSZERZANA-FLOW-SMIETANKOWY-BIALY-1-scaled.webp","datePublished":"2025-04-23T22:43:32+00:00","dateModified":"2026-04-10T10:22:46+00:00","description":"Lniana, bia\u0142a sukienka midi \u2013 kobieca, lekka i romantyczna. Naturalna tkanina, pi\u0119kny odcie\u0144 bieli. Idealna na lato i wesele w plenerze.","breadcrumb":{"@id":"https:\/\/korneliarataj.com\/produkt\/lniana-sukienka-midi-rozkloszowana-flow-smietankowy-bialy-2025\/#breadcrumb"},"inLanguage":"en-GB","potentialAction":[{"@type":"ReadAction","target":["https:\/\/korneliarataj.com\/produkt\/lniana-sukienka-midi-rozkloszowana-flow-smietankowy-bialy-2025\/"]}]},{"@type":"ImageObject","inLanguage":"en-GB","@id":"https:\/\/korneliarataj.com\/produkt\/lniana-sukienka-midi-rozkloszowana-flow-smietankowy-bialy-2025\/#primaryimage","url":"https:\/\/korneliarataj.com\/wp-content\/uploads\/2025\/04\/LB-LINEN-2025-LNIANA-SUKIENKA-MIDI-ROZSZERZANA-FLOW-SMIETANKOWY-BIALY-1-scaled.webp","contentUrl":"https:\/\/korneliarataj.com\/wp-content\/uploads\/2025\/04\/LB-LINEN-2025-LNIANA-SUKIENKA-MIDI-ROZSZERZANA-FLOW-SMIETANKOWY-BIALY-1-scaled.webp","width":1365,"height":2048,"caption":"Lniana sukienka midi rozkloszowana flow \u2013 smietankowy bialy"},{"@type":"BreadcrumbList","@id":"https:\/\/korneliarataj.com\/produkt\/lniana-sukienka-midi-rozkloszowana-flow-smietankowy-bialy-2025\/#breadcrumb","itemListElement":[{"@type":"ListItem","position":1,"name":"HOME","item":"https:\/\/korneliarataj.com\/"},{"@type":"ListItem","position":2,"name":"Products","item":"https:\/\/korneliarataj.com\/en\/shop\/"},{"@type":"ListItem","position":3,"name":"Lniana sukienka midi rozkloszowana flow \u2013 \u015bmietankowy bia\u0142y"}]},{"@type":"WebSite","@id":"https:\/\/korneliarataj.com\/#website","url":"https:\/\/korneliarataj.com\/","name":"Swimwear and Linen Clothing Shop Kornelia Rataj","description":"swimwear swimwear linen linen clothing","publisher":{"@id":"https:\/\/korneliarataj.com\/#organization"},"potentialAction":[{"@type":"SearchAction","target":{"@type":"EntryPoint","urlTemplate":"https:\/\/korneliarataj.com\/?s={search_term_string}"},"query-input":{"@type":"PropertyValueSpecification","valueRequired":true,"valueName":"search_term_string"}}],"inLanguage":"en-GB"},{"@type":"Organization","@id":"https:\/\/korneliarataj.com\/#organization","name":"KORNELIARATAJ","url":"https:\/\/korneliarataj.com\/","logo":{"@type":"ImageObject","inLanguage":"en-GB","@id":"https:\/\/korneliarataj.com\/#\/schema\/logo\/image\/","url":"https:\/\/korneliarataj.com\/wp-content\/uploads\/2020\/07\/LOGO-KR.svg","contentUrl":"https:\/\/korneliarataj.com\/wp-content\/uploads\/2020\/07\/LOGO-KR.svg","width":1024,"height":1024,"caption":"KORNELIARATAJ"},"image":{"@id":"https:\/\/korneliarataj.com\/#\/schema\/logo\/image\/"},"sameAs":["http:\/\/www.facebook.com\/korneliaratajshop","http:\/\/www.instagram.com\/korneliarataj"]}]}},"_links":{"self":[{"href":"https:\/\/korneliarataj.com\/en\/wp-json\/wp\/v2\/product\/318029","targetHints":{"allow":["GET"]}}],"collection":[{"href":"https:\/\/korneliarataj.com\/en\/wp-json\/wp\/v2\/product"}],"about":[{"href":"https:\/\/korneliarataj.com\/en\/wp-json\/wp\/v2\/types\/product"}],"wp:featuredmedia":[{"embeddable":true,"href":"https:\/\/korneliarataj.com\/en\/wp-json\/wp\/v2\/media\/318013"}],"wp:attachment":[{"href":"https:\/\/korneliarataj.com\/en\/wp-json\/wp\/v2\/media?parent=318029"}],"wp:term":[{"taxonomy":"product_brand","embeddable":true,"href":"https:\/\/korneliarataj.com\/en\/wp-json\/wp\/v2\/product_brand?post=318029"},{"taxonomy":"product_cat","embeddable":true,"href":"https:\/\/korneliarataj.com\/en\/wp-json\/wp\/v2\/product_cat?post=318029"},{"taxonomy":"product_tag","embeddable":true,"href":"https:\/\/korneliarataj.com\/en\/wp-json\/wp\/v2\/product_tag?post=318029"}],"curies":[{"name":"wp","href":"https:\/\/api.w.org\/{rel}","templated":true}]}}