{"id":317973,"date":"2025-04-23T23:18:14","date_gmt":"2025-04-23T21:18:14","guid":{"rendered":"https:\/\/korneliarataj.com\/?post_type=product&#038;p=317973"},"modified":"2026-04-05T01:33:59","modified_gmt":"2026-04-04T23:33:59","slug":"lniana-sukienka-rozszerzana-simple-pastelowy-zolty-2025","status":"publish","type":"product","link":"https:\/\/korneliarataj.com\/en\/product\/lniana-sukienka-rozszerzana-simple-pastelowy-zolty-2025\/","title":{"rendered":"Linen flared dress simple - pastel yellow"},"content":{"rendered":"","protected":false},"excerpt":{"rendered":"<p style=\"text-align: left;\"><strong>OPTIONS<\/strong><\/p>\n<p style=\"text-align: left;\"><a href=\"https:\/\/korneliarataj.com\/en\/product\/lniana-sukienka-rozszerzana-simple-naturalny-len-2025\/\" target=\"_blank\" rel=\"noopener noreferrer\"><img decoding=\"async\" src=\"https:\/\/korneliarataj.com\/wp-content\/uploads\/2025\/04\/LB-LINEN-2025-LNIANA-SUKIENKA-ROZSZERZANA-SIMPLE-NATURALNY-LEN-1-200x300.webp\" width=\"100px\" \/><\/a>\u00a0<a href=\"https:\/\/korneliarataj.com\/en\/product\/lniana-sukienka-rozszerzana-simple-smietankowy-bialy-2025\/\" target=\"_blank\" rel=\"noopener noreferrer\"><img decoding=\"async\" src=\"https:\/\/korneliarataj.com\/wp-content\/uploads\/2025\/04\/LB-LINEN-2025-LNIANA-SUKIENKA-ROZSZERZANA-SIMPLE-SMIETANKOWY-BIALY-1-200x300.webp\" width=\"100px\" \/><\/a>\u00a0<a href=\"https:\/\/korneliarataj.com\/en\/product\/lniana-sukienka-rozszerzana-simple-czarny-2025\/\" target=\"_blank\" rel=\"noopener noreferrer\"><img decoding=\"async\" src=\"https:\/\/korneliarataj.com\/wp-content\/uploads\/2025\/04\/LB-LINEN-2025-LNIANA-SUKIENKA-ROZSZERZANA-SIMPLE-CZARNY-1-200x300.webp\" width=\"100px\" \/><\/a><\/p>\n<p style=\"text-align: left;\"><u><strong>Light yellow linen dress with wide straps - summer lightness and natural elegance<\/strong><\/u><\/p>\n<p style=\"text-align: left;\">A simple knee-length, sleeveless linen dress with pockets and a button fastening at the back is perfect for warm days. The pastel butter yellow colour illuminates the complexion, adds energy to the styling and is in line with the most fashionable summer trends of 2025.<br \/>\nThe dress has a loose, comfortable fit that offers freedom of movement and natural breathability. Pockets sewn into the sides add functionality, while a split at the back makes it easy to put on and adds a natural feel.<br \/>\nMade from the highest quality 100% linen from a Polish manufacturer, the dress is single-layered, lightweight and softened - made for summer styling.<\/p>\n<p style=\"text-align: left;\"><strong>Details that matter<\/strong><br \/>\n- Sewn in Poland, in the family workshop in Czernica,<br \/>\n- 100% softened linen - airy, natural and breathable,<br \/>\n- A coconut button fastening at the back - a stylish detail and easy to wear,<br \/>\n- Loose, comfortable fit - doesn't drag and keeps you comfortable,<br \/>\n- Sewn-in pockets - practical and discreet,<br \/>\n- Pastel yellow - a radiant, optimistic and fashionable colour.<br \/>\nThis linen dress is the perfect summer styling base - suitable for everyday as well as special occasions, holiday walks or outdoor parties. Wear it with sneakers, sandals or espadrilles, add your favourite denim jacket or blazer and create your own total linen look.<br \/>\nThe pastel yellow dress pairs beautifully with the <strong><a href=\"https:\/\/korneliarataj.com\/en\/gumki-do-wlosow-lniane\/\" target=\"_blank\" rel=\"noopener noreferrer\">linen scrunchie<\/a><\/strong> in the same colour.<br \/>\nThe colour yellow is the hit of the 2025 season - it illuminates the complexion, adds freshness and attracts the eye. The butter yellow blouse is the perfect choice for lovers of natural, feminine styles.<br \/>\nAvailable in 4 timeless colours and 5 sizes - easily adaptable to your silhouette and wardrobe.<\/p>\n<p style=\"text-align: left;\"><strong>Model dimensions<\/strong><br \/>\nThe model Veronica in the picture is wearing size S<br \/>\nBust circumference: 89 cm<br \/>\nCircumference under bust: 75 cm<br \/>\nCup: 75D\/70E<br \/>\nWaist circumference: 68 cm<br \/>\nHip circumference: 103 cm<br \/>\nHeight: 173 cm<\/p>\n<p style=\"text-align: left;\"><strong>Naturalness and quality in every detail<\/strong><br \/>\nOur products are made from 100% linen, which we source from local suppliers. We design and sew in our own workshop, taking care of every detail.<br \/>\nAdd to your basket and create your total linen look - comfortable, stylish and 100% natural.<\/p>\n<p style=\"text-align: left;\"><strong>Pastel yellow linen colour<\/strong><br \/>\nThis pastel shade of yellow is inspired by the morning sun and is one of the top trends for summer 2025.<br \/>\nIt illuminates any complexion and adds lightness and optimism to the style. It suits light porcelain complexions as well as olive and darker complexions - enhancing the natural beauty of the skin and adding a subtle, fresh touch to the hairstyle. Choose the trendy shade butter yellow and bring joy and holiday spirit into your wardrobe for the spring-summer season.<\/p>\n<p style=\"text-align: left;\"><strong>Composition and care<\/strong><br \/>\n- 100% flax<br \/>\n- Weight: 140 g\/m\u00b2<br \/>\n- Hand wash or gentle wash at 30\u00b0C<br \/>\n- Iron at max. 150\u00b0C<\/p>","protected":false},"featured_media":317963,"template":"","meta":[],"product_brand":[500],"product_cat":[198],"product_tag":[],"class_list":{"0":"post-317973","1":"product","2":"type-product","3":"status-publish","4":"has-post-thumbnail","6":"product_brand-korneliarataj","7":"product_cat-archiwum","8":"flv-has-gallery","10":"first","11":"outofstock","12":"taxable","13":"shipping-taxable","14":"product-type-variable"},"yoast_head":"<!-- This site is optimized with the Yoast SEO plugin v27.3 - https:\/\/yoast.com\/product\/yoast-seo-wordpress\/ -->\n<title>Lniana sukienka rozszerzana simple \u2013 pastelowy \u017c\u00f3\u0142ty - KORNELIARATAJ<\/title>\n<meta name=\"description\" content=\"Pastelowo \u017c\u00f3\u0142ta lniana sukienka bez r\u0119kaw\u00f3w \u2013 przewiewna, z kieszeniami i guzikiem z ty\u0142u.. Lekka i wygodna sukienka na lato \u2013 uszyta w Polsce z naturalnego lnu.\" \/>\n<meta name=\"robots\" content=\"index, follow, max-snippet:-1, max-image-preview:large, max-video-preview:-1\" \/>\n<link rel=\"canonical\" href=\"https:\/\/korneliarataj.com\/en\/product\/lniana-sukienka-rozszerzana-simple-pastelowy-zolty-2025\/\" \/>\n<meta property=\"og:locale\" content=\"en_GB\" \/>\n<meta property=\"og:type\" content=\"article\" \/>\n<meta property=\"og:title\" content=\"Lniana sukienka rozszerzana simple \u2013 pastelowy \u017c\u00f3\u0142ty - KORNELIARATAJ\" \/>\n<meta property=\"og:description\" content=\"Pastelowo \u017c\u00f3\u0142ta lniana sukienka bez r\u0119kaw\u00f3w \u2013 przewiewna, z kieszeniami i guzikiem z ty\u0142u.. Lekka i wygodna sukienka na lato \u2013 uszyta w Polsce z naturalnego lnu.\" \/>\n<meta property=\"og:url\" content=\"https:\/\/korneliarataj.com\/en\/product\/lniana-sukienka-rozszerzana-simple-pastelowy-zolty-2025\/\" \/>\n<meta property=\"og:site_name\" content=\"KORNELIARATAJ\" \/>\n<meta property=\"article:publisher\" content=\"http:\/\/www.facebook.com\/korneliaratajshop\" \/>\n<meta property=\"article:modified_time\" content=\"2026-04-04T23:33:59+00:00\" \/>\n<meta property=\"og:image\" content=\"https:\/\/korneliarataj.com\/wp-content\/uploads\/2025\/04\/LB-LINEN-2025-LNIANA-SUKIENKA-ROZSZERZANA-SIMPLE-PASTELOWY-ZOLTY-1-scaled.webp\" \/>\n\t<meta property=\"og:image:width\" content=\"1365\" \/>\n\t<meta property=\"og:image:height\" content=\"2048\" \/>\n\t<meta property=\"og:image:type\" content=\"image\/webp\" \/>\n<meta name=\"twitter:card\" content=\"summary_large_image\" \/>\n<meta name=\"twitter:label1\" content=\"Estimated reading time\" \/>\n\t<meta name=\"twitter:data1\" content=\"1 minute\" \/>\n<script type=\"application\/ld+json\" class=\"yoast-schema-graph\">{\"@context\":\"https:\\\/\\\/schema.org\",\"@graph\":[{\"@type\":\"WebPage\",\"@id\":\"https:\\\/\\\/korneliarataj.com\\\/produkt\\\/lniana-sukienka-rozszerzana-simple-pastelowy-zolty-2025\\\/\",\"url\":\"https:\\\/\\\/korneliarataj.com\\\/produkt\\\/lniana-sukienka-rozszerzana-simple-pastelowy-zolty-2025\\\/\",\"name\":\"Lniana sukienka rozszerzana simple \u2013 pastelowy \u017c\u00f3\u0142ty - KORNELIARATAJ\",\"isPartOf\":{\"@id\":\"https:\\\/\\\/korneliarataj.com\\\/#website\"},\"primaryImageOfPage\":{\"@id\":\"https:\\\/\\\/korneliarataj.com\\\/produkt\\\/lniana-sukienka-rozszerzana-simple-pastelowy-zolty-2025\\\/#primaryimage\"},\"image\":{\"@id\":\"https:\\\/\\\/korneliarataj.com\\\/produkt\\\/lniana-sukienka-rozszerzana-simple-pastelowy-zolty-2025\\\/#primaryimage\"},\"thumbnailUrl\":\"https:\\\/\\\/korneliarataj.com\\\/wp-content\\\/uploads\\\/2025\\\/04\\\/LB-LINEN-2025-LNIANA-SUKIENKA-ROZSZERZANA-SIMPLE-PASTELOWY-ZOLTY-1-scaled.webp\",\"datePublished\":\"2025-04-23T21:18:14+00:00\",\"dateModified\":\"2026-04-04T23:33:59+00:00\",\"description\":\"Pastelowo \u017c\u00f3\u0142ta lniana sukienka bez r\u0119kaw\u00f3w \u2013 przewiewna, z kieszeniami i guzikiem z ty\u0142u.. Lekka i wygodna sukienka na lato \u2013 uszyta w Polsce z naturalnego lnu.\",\"breadcrumb\":{\"@id\":\"https:\\\/\\\/korneliarataj.com\\\/produkt\\\/lniana-sukienka-rozszerzana-simple-pastelowy-zolty-2025\\\/#breadcrumb\"},\"inLanguage\":\"en-GB\",\"potentialAction\":[{\"@type\":\"ReadAction\",\"target\":[\"https:\\\/\\\/korneliarataj.com\\\/produkt\\\/lniana-sukienka-rozszerzana-simple-pastelowy-zolty-2025\\\/\"]}]},{\"@type\":\"ImageObject\",\"inLanguage\":\"en-GB\",\"@id\":\"https:\\\/\\\/korneliarataj.com\\\/produkt\\\/lniana-sukienka-rozszerzana-simple-pastelowy-zolty-2025\\\/#primaryimage\",\"url\":\"https:\\\/\\\/korneliarataj.com\\\/wp-content\\\/uploads\\\/2025\\\/04\\\/LB-LINEN-2025-LNIANA-SUKIENKA-ROZSZERZANA-SIMPLE-PASTELOWY-ZOLTY-1-scaled.webp\",\"contentUrl\":\"https:\\\/\\\/korneliarataj.com\\\/wp-content\\\/uploads\\\/2025\\\/04\\\/LB-LINEN-2025-LNIANA-SUKIENKA-ROZSZERZANA-SIMPLE-PASTELOWY-ZOLTY-1-scaled.webp\",\"width\":1365,\"height\":2048,\"caption\":\"Lniana sukienka rozszerzana simple \u2013 pastelowy zolty\"},{\"@type\":\"BreadcrumbList\",\"@id\":\"https:\\\/\\\/korneliarataj.com\\\/produkt\\\/lniana-sukienka-rozszerzana-simple-pastelowy-zolty-2025\\\/#breadcrumb\",\"itemListElement\":[{\"@type\":\"ListItem\",\"position\":1,\"name\":\"HOME\",\"item\":\"https:\\\/\\\/korneliarataj.com\\\/\"},{\"@type\":\"ListItem\",\"position\":2,\"name\":\"Products\",\"item\":\"https:\\\/\\\/korneliarataj.com\\\/en\\\/shop\\\/\"},{\"@type\":\"ListItem\",\"position\":3,\"name\":\"Lniana sukienka rozszerzana simple \u2013 pastelowy \u017c\u00f3\u0142ty\"}]},{\"@type\":\"WebSite\",\"@id\":\"https:\\\/\\\/korneliarataj.com\\\/#website\",\"url\":\"https:\\\/\\\/korneliarataj.com\\\/\",\"name\":\"Stroje K\u0105pielowe i Odzie\u017c Lniana Sklep Kornelia Rataj\",\"description\":\"swimwear stroje k\u0105pielowe ubrania len lniane\",\"publisher\":{\"@id\":\"https:\\\/\\\/korneliarataj.com\\\/#organization\"},\"potentialAction\":[{\"@type\":\"SearchAction\",\"target\":{\"@type\":\"EntryPoint\",\"urlTemplate\":\"https:\\\/\\\/korneliarataj.com\\\/?s={search_term_string}\"},\"query-input\":{\"@type\":\"PropertyValueSpecification\",\"valueRequired\":true,\"valueName\":\"search_term_string\"}}],\"inLanguage\":\"en-GB\"},{\"@type\":\"Organization\",\"@id\":\"https:\\\/\\\/korneliarataj.com\\\/#organization\",\"name\":\"KORNELIARATAJ\",\"url\":\"https:\\\/\\\/korneliarataj.com\\\/\",\"logo\":{\"@type\":\"ImageObject\",\"inLanguage\":\"en-GB\",\"@id\":\"https:\\\/\\\/korneliarataj.com\\\/#\\\/schema\\\/logo\\\/image\\\/\",\"url\":\"https:\\\/\\\/korneliarataj.com\\\/wp-content\\\/uploads\\\/2020\\\/07\\\/LOGO-KR.svg\",\"contentUrl\":\"https:\\\/\\\/korneliarataj.com\\\/wp-content\\\/uploads\\\/2020\\\/07\\\/LOGO-KR.svg\",\"width\":1024,\"height\":1024,\"caption\":\"KORNELIARATAJ\"},\"image\":{\"@id\":\"https:\\\/\\\/korneliarataj.com\\\/#\\\/schema\\\/logo\\\/image\\\/\"},\"sameAs\":[\"http:\\\/\\\/www.facebook.com\\\/korneliaratajshop\",\"http:\\\/\\\/www.instagram.com\\\/korneliarataj\"]}]}<\/script>\n<!-- \/ Yoast SEO plugin. -->","yoast_head_json":{"title":"Linen flared dress simple - pastel yellow - KORNELIARATAJ","description":"Pastel yellow sleeveless linen dress - airy, with pockets and a button at the back.... Light and comfortable dress for summer - sewn in Poland from natural linen.","robots":{"index":"index","follow":"follow","max-snippet":"max-snippet:-1","max-image-preview":"max-image-preview:large","max-video-preview":"max-video-preview:-1"},"canonical":"https:\/\/korneliarataj.com\/en\/product\/lniana-sukienka-rozszerzana-simple-pastelowy-zolty-2025\/","og_locale":"en_GB","og_type":"article","og_title":"Lniana sukienka rozszerzana simple \u2013 pastelowy \u017c\u00f3\u0142ty - KORNELIARATAJ","og_description":"Pastelowo \u017c\u00f3\u0142ta lniana sukienka bez r\u0119kaw\u00f3w \u2013 przewiewna, z kieszeniami i guzikiem z ty\u0142u.. Lekka i wygodna sukienka na lato \u2013 uszyta w Polsce z naturalnego lnu.","og_url":"https:\/\/korneliarataj.com\/en\/product\/lniana-sukienka-rozszerzana-simple-pastelowy-zolty-2025\/","og_site_name":"KORNELIARATAJ","article_publisher":"http:\/\/www.facebook.com\/korneliaratajshop","article_modified_time":"2026-04-04T23:33:59+00:00","og_image":[{"width":1365,"height":2048,"url":"https:\/\/korneliarataj.com\/wp-content\/uploads\/2025\/04\/LB-LINEN-2025-LNIANA-SUKIENKA-ROZSZERZANA-SIMPLE-PASTELOWY-ZOLTY-1-scaled.webp","type":"image\/webp"}],"twitter_card":"summary_large_image","twitter_misc":{"Estimated reading time":"1 minute"},"schema":{"@context":"https:\/\/schema.org","@graph":[{"@type":"WebPage","@id":"https:\/\/korneliarataj.com\/produkt\/lniana-sukienka-rozszerzana-simple-pastelowy-zolty-2025\/","url":"https:\/\/korneliarataj.com\/produkt\/lniana-sukienka-rozszerzana-simple-pastelowy-zolty-2025\/","name":"Linen flared dress simple - pastel yellow - KORNELIARATAJ","isPartOf":{"@id":"https:\/\/korneliarataj.com\/#website"},"primaryImageOfPage":{"@id":"https:\/\/korneliarataj.com\/produkt\/lniana-sukienka-rozszerzana-simple-pastelowy-zolty-2025\/#primaryimage"},"image":{"@id":"https:\/\/korneliarataj.com\/produkt\/lniana-sukienka-rozszerzana-simple-pastelowy-zolty-2025\/#primaryimage"},"thumbnailUrl":"https:\/\/korneliarataj.com\/wp-content\/uploads\/2025\/04\/LB-LINEN-2025-LNIANA-SUKIENKA-ROZSZERZANA-SIMPLE-PASTELOWY-ZOLTY-1-scaled.webp","datePublished":"2025-04-23T21:18:14+00:00","dateModified":"2026-04-04T23:33:59+00:00","description":"Pastel yellow sleeveless linen dress - airy, with pockets and a button at the back.... Light and comfortable dress for summer - sewn in Poland from natural linen.","breadcrumb":{"@id":"https:\/\/korneliarataj.com\/produkt\/lniana-sukienka-rozszerzana-simple-pastelowy-zolty-2025\/#breadcrumb"},"inLanguage":"en-GB","potentialAction":[{"@type":"ReadAction","target":["https:\/\/korneliarataj.com\/produkt\/lniana-sukienka-rozszerzana-simple-pastelowy-zolty-2025\/"]}]},{"@type":"ImageObject","inLanguage":"en-GB","@id":"https:\/\/korneliarataj.com\/produkt\/lniana-sukienka-rozszerzana-simple-pastelowy-zolty-2025\/#primaryimage","url":"https:\/\/korneliarataj.com\/wp-content\/uploads\/2025\/04\/LB-LINEN-2025-LNIANA-SUKIENKA-ROZSZERZANA-SIMPLE-PASTELOWY-ZOLTY-1-scaled.webp","contentUrl":"https:\/\/korneliarataj.com\/wp-content\/uploads\/2025\/04\/LB-LINEN-2025-LNIANA-SUKIENKA-ROZSZERZANA-SIMPLE-PASTELOWY-ZOLTY-1-scaled.webp","width":1365,"height":2048,"caption":"Lniana sukienka rozszerzana simple \u2013 pastelowy zolty"},{"@type":"BreadcrumbList","@id":"https:\/\/korneliarataj.com\/produkt\/lniana-sukienka-rozszerzana-simple-pastelowy-zolty-2025\/#breadcrumb","itemListElement":[{"@type":"ListItem","position":1,"name":"HOME","item":"https:\/\/korneliarataj.com\/"},{"@type":"ListItem","position":2,"name":"Products","item":"https:\/\/korneliarataj.com\/en\/shop\/"},{"@type":"ListItem","position":3,"name":"Lniana sukienka rozszerzana simple \u2013 pastelowy \u017c\u00f3\u0142ty"}]},{"@type":"WebSite","@id":"https:\/\/korneliarataj.com\/#website","url":"https:\/\/korneliarataj.com\/","name":"Swimwear and Linen Clothing Shop Kornelia Rataj","description":"swimwear swimwear linen linen clothing","publisher":{"@id":"https:\/\/korneliarataj.com\/#organization"},"potentialAction":[{"@type":"SearchAction","target":{"@type":"EntryPoint","urlTemplate":"https:\/\/korneliarataj.com\/?s={search_term_string}"},"query-input":{"@type":"PropertyValueSpecification","valueRequired":true,"valueName":"search_term_string"}}],"inLanguage":"en-GB"},{"@type":"Organization","@id":"https:\/\/korneliarataj.com\/#organization","name":"KORNELIARATAJ","url":"https:\/\/korneliarataj.com\/","logo":{"@type":"ImageObject","inLanguage":"en-GB","@id":"https:\/\/korneliarataj.com\/#\/schema\/logo\/image\/","url":"https:\/\/korneliarataj.com\/wp-content\/uploads\/2020\/07\/LOGO-KR.svg","contentUrl":"https:\/\/korneliarataj.com\/wp-content\/uploads\/2020\/07\/LOGO-KR.svg","width":1024,"height":1024,"caption":"KORNELIARATAJ"},"image":{"@id":"https:\/\/korneliarataj.com\/#\/schema\/logo\/image\/"},"sameAs":["http:\/\/www.facebook.com\/korneliaratajshop","http:\/\/www.instagram.com\/korneliarataj"]}]}},"_links":{"self":[{"href":"https:\/\/korneliarataj.com\/en\/wp-json\/wp\/v2\/product\/317973","targetHints":{"allow":["GET"]}}],"collection":[{"href":"https:\/\/korneliarataj.com\/en\/wp-json\/wp\/v2\/product"}],"about":[{"href":"https:\/\/korneliarataj.com\/en\/wp-json\/wp\/v2\/types\/product"}],"wp:featuredmedia":[{"embeddable":true,"href":"https:\/\/korneliarataj.com\/en\/wp-json\/wp\/v2\/media\/317963"}],"wp:attachment":[{"href":"https:\/\/korneliarataj.com\/en\/wp-json\/wp\/v2\/media?parent=317973"}],"wp:term":[{"taxonomy":"product_brand","embeddable":true,"href":"https:\/\/korneliarataj.com\/en\/wp-json\/wp\/v2\/product_brand?post=317973"},{"taxonomy":"product_cat","embeddable":true,"href":"https:\/\/korneliarataj.com\/en\/wp-json\/wp\/v2\/product_cat?post=317973"},{"taxonomy":"product_tag","embeddable":true,"href":"https:\/\/korneliarataj.com\/en\/wp-json\/wp\/v2\/product_tag?post=317973"}],"curies":[{"name":"wp","href":"https:\/\/api.w.org\/{rel}","templated":true}]}}