{"id":317927,"date":"2025-04-23T16:02:23","date_gmt":"2025-04-23T14:02:23","guid":{"rendered":"https:\/\/korneliarataj.com\/?post_type=product&#038;p=317927"},"modified":"2026-04-06T10:45:52","modified_gmt":"2026-04-06T08:45:52","slug":"lniana-sukienka-wiazana-minimal-smietankowy-bialy-2025","status":"publish","type":"product","link":"https:\/\/korneliarataj.com\/en\/product\/lniana-sukienka-wiazana-minimal-smietankowy-bialy-2025\/","title":{"rendered":"Linen tied minimal dress - cream white"},"content":{"rendered":"","protected":false},"excerpt":{"rendered":"<p style=\"text-align: left;\"><strong>OPTIONS<\/strong><\/p>\n<p style=\"text-align: left;\"><a href=\"https:\/\/korneliarataj.com\/en\/product\/lniana-sukienka-wiazana-minimal-pastelowy-zolty-2025\/\" target=\"_blank\" rel=\"noopener noreferrer\"><img decoding=\"async\" src=\"https:\/\/korneliarataj.com\/wp-content\/uploads\/2025\/04\/LB-LINEN-2025-LNIANA-SUKIENKA-WIAZANA-MINIMAL-PASTELOWY-ZOLTY-1-200x300.webp\" width=\"100px\" \/><\/a>\u00a0<a href=\"https:\/\/korneliarataj.com\/en\/product\/lniana-sukienka-wiazana-minimal-naturalny-len-2025\/\" target=\"_blank\" rel=\"noopener noreferrer\"><img decoding=\"async\" src=\"https:\/\/korneliarataj.com\/wp-content\/uploads\/2025\/04\/LB-LINEN-2025-LNIANA-SUKIENKA-WIAZANA-MINIMAL-NATURALNY-LEN-1-200x300.webp\" width=\"100px\" \/><\/a>\u00a0<a href=\"https:\/\/korneliarataj.com\/en\/product\/lniana-sukienka-wiazana-minimal-czarny-2025\/\" target=\"_blank\" rel=\"noopener noreferrer\"><img decoding=\"async\" src=\"https:\/\/korneliarataj.com\/wp-content\/uploads\/2025\/04\/LB-LINEN-2025-LNIANA-SUKIENKA-WIAZANA-MINIMAL-CZARNY-1-200x300.webp\" width=\"100px\" \/><\/a><\/p>\n<p style=\"text-align: left;\"><u><strong>White linen mini dress with boning - light, subtle and graceful<\/strong><\/u><\/p>\n<p style=\"text-align: left;\">The linen white mini dress is the perfect choice for summer, especially for fans of romantic and subtle styles. The thin shoulder straps, open back and straight cut make the dress look extremely light and sensual. The dress has a lining at the front for comfort and freedom.<br \/>\nMade from high quality 100% linen, it's perfect for holidays, walks, summer parties and even as an option for beach after parties.<\/p>\n<p style=\"text-align: left;\"><strong>Details that matter<\/strong><br \/>\n- Minimalist cut and open back,<br \/>\n- Cream white - a subtle alternative to classic white,<br \/>\n- Lining at bust area,<br \/>\n- Thin straps - adjustable and comfortable,<br \/>\n- Naturalness - 100% linen,<br \/>\n- Sewn in a family workshop in Poland.<br \/>\nAn off-white linen dress made for special moments - holidays, summer parties, spontaneous dates and hot days. Just add sandals or espadrilles and <strong><a href=\"https:\/\/korneliarataj.com\/en\/gumki-do-wlosow-lniane\/\" target=\"_blank\" rel=\"noopener noreferrer\">linen rubber band<\/a><\/strong> - and done!<br \/>\nAvailable in 4 timeless colours and 3 sizes - easily adaptable to your silhouette and wardrobe.<\/p>\n<p style=\"text-align: left;\"><strong>Model dimensions<\/strong><br \/>\nThe model, Veronica, in the photo is wearing size M\/L<br \/>\nBust circumference: 89 cm<br \/>\nCircumference under bust: 75 cm<br \/>\nCup: 75D\/70E<br \/>\nWaist circumference: 68 cm<br \/>\nHip circumference: 103 cm<br \/>\nHeight: 173 cm<\/p>\n<p style=\"text-align: left;\"><strong>Naturalness and quality in every detail<\/strong><br \/>\nOur products are made from 100% linen, which we source from local suppliers. We design and sew in our own workshop, taking care of every detail.<br \/>\nAdd to your basket and create your total linen look - comfortable, stylish and 100% natural.<\/p>\n<p style=\"text-align: left;\"><strong>Cream white linen colour<\/strong><br \/>\nLinen in an off-white shade is a soft alternative to pure white - creamier, warmer and more subtle. This shade enhances the lightness of the look and adds softness. Off-white linen looks great on any complexion, illuminating the complexion and creating an elegant, unforced look, further accentuating the tan. It is the perfect choice for lovers of natural tones and classics with a touch of freshness. White linen is a timeless choice for summer days.<\/p>\n<p style=\"text-align: left;\"><strong>Composition and care<\/strong><br \/>\n- 100% flax<br \/>\n- Weight: 140 g\/m\u00b2<br \/>\n- Hand wash or gentle wash at 30\u00b0C<br \/>\n- Iron at max. 150\u00b0C<\/p>","protected":false},"featured_media":317916,"template":"","meta":[],"product_brand":[500],"product_cat":[639,621,76,644,634,618],"product_tag":[],"class_list":{"0":"post-317927","1":"product","2":"type-product","3":"status-publish","4":"has-post-thumbnail","6":"product_brand-korneliarataj","7":"product_cat-kategorie-lniane","8":"product_cat-kolory-lniane","9":"product_cat-linen","10":"product_cat-sale-linen-2025","11":"product_cat-smietankowy-bialy-lniane","12":"product_cat-sukienki-lniane","13":"flv-has-gallery","15":"first","16":"outofstock","17":"taxable","18":"shipping-taxable","19":"product-type-variable"},"yoast_head":"<!-- This site is optimized with the Yoast SEO plugin v27.3 - https:\/\/yoast.com\/product\/yoast-seo-wordpress\/ -->\n<title>Lniana sukienka wia\u0328zana minimal \u2013 \u015bmietankowy bia\u0142y - KORNELIARATAJ<\/title>\n<meta name=\"description\" content=\"Lniana bia\u0142a sukienka mini \u2013 z odkrytymi plecami i podszewk\u0105 z przodu. Minimalistyczna, lekka i przewiewna, wi\u0105zana na cienkich rami\u0105czkach. 100% len, uszyta w Polsce.\" \/>\n<meta name=\"robots\" content=\"index, follow, max-snippet:-1, max-image-preview:large, max-video-preview:-1\" \/>\n<link rel=\"canonical\" href=\"https:\/\/korneliarataj.com\/en\/product\/lniana-sukienka-wiazana-minimal-smietankowy-bialy-2025\/\" \/>\n<meta property=\"og:locale\" content=\"en_GB\" \/>\n<meta property=\"og:type\" content=\"article\" \/>\n<meta property=\"og:title\" content=\"Lniana sukienka wia\u0328zana minimal \u2013 \u015bmietankowy bia\u0142y - KORNELIARATAJ\" \/>\n<meta property=\"og:description\" content=\"Lniana bia\u0142a sukienka mini \u2013 z odkrytymi plecami i podszewk\u0105 z przodu. Minimalistyczna, lekka i przewiewna, wi\u0105zana na cienkich rami\u0105czkach. 100% len, uszyta w Polsce.\" \/>\n<meta property=\"og:url\" content=\"https:\/\/korneliarataj.com\/en\/product\/lniana-sukienka-wiazana-minimal-smietankowy-bialy-2025\/\" \/>\n<meta property=\"og:site_name\" content=\"KORNELIARATAJ\" \/>\n<meta property=\"article:publisher\" content=\"http:\/\/www.facebook.com\/korneliaratajshop\" \/>\n<meta property=\"article:modified_time\" content=\"2026-04-06T08:45:52+00:00\" \/>\n<meta property=\"og:image\" content=\"https:\/\/korneliarataj.com\/wp-content\/uploads\/2025\/04\/LB-LINEN-2025-LNIANA-SUKIENKA-WIAZANA-MINIMAL-SMIETANKOWY-BIALY-1-scaled.webp\" \/>\n\t<meta property=\"og:image:width\" content=\"1365\" \/>\n\t<meta property=\"og:image:height\" content=\"2048\" \/>\n\t<meta property=\"og:image:type\" content=\"image\/webp\" \/>\n<meta name=\"twitter:card\" content=\"summary_large_image\" \/>\n<meta name=\"twitter:label1\" content=\"Estimated reading time\" \/>\n\t<meta name=\"twitter:data1\" content=\"1 minute\" \/>\n<script type=\"application\/ld+json\" class=\"yoast-schema-graph\">{\"@context\":\"https:\\\/\\\/schema.org\",\"@graph\":[{\"@type\":\"WebPage\",\"@id\":\"https:\\\/\\\/korneliarataj.com\\\/produkt\\\/lniana-sukienka-wiazana-minimal-smietankowy-bialy-2025\\\/\",\"url\":\"https:\\\/\\\/korneliarataj.com\\\/produkt\\\/lniana-sukienka-wiazana-minimal-smietankowy-bialy-2025\\\/\",\"name\":\"Lniana sukienka wia\u0328zana minimal \u2013 \u015bmietankowy bia\u0142y - KORNELIARATAJ\",\"isPartOf\":{\"@id\":\"https:\\\/\\\/korneliarataj.com\\\/#website\"},\"primaryImageOfPage\":{\"@id\":\"https:\\\/\\\/korneliarataj.com\\\/produkt\\\/lniana-sukienka-wiazana-minimal-smietankowy-bialy-2025\\\/#primaryimage\"},\"image\":{\"@id\":\"https:\\\/\\\/korneliarataj.com\\\/produkt\\\/lniana-sukienka-wiazana-minimal-smietankowy-bialy-2025\\\/#primaryimage\"},\"thumbnailUrl\":\"https:\\\/\\\/korneliarataj.com\\\/wp-content\\\/uploads\\\/2025\\\/04\\\/LB-LINEN-2025-LNIANA-SUKIENKA-WIAZANA-MINIMAL-SMIETANKOWY-BIALY-1-scaled.webp\",\"datePublished\":\"2025-04-23T14:02:23+00:00\",\"dateModified\":\"2026-04-06T08:45:52+00:00\",\"description\":\"Lniana bia\u0142a sukienka mini \u2013 z odkrytymi plecami i podszewk\u0105 z przodu. Minimalistyczna, lekka i przewiewna, wi\u0105zana na cienkich rami\u0105czkach. 100% len, uszyta w Polsce.\",\"breadcrumb\":{\"@id\":\"https:\\\/\\\/korneliarataj.com\\\/produkt\\\/lniana-sukienka-wiazana-minimal-smietankowy-bialy-2025\\\/#breadcrumb\"},\"inLanguage\":\"en-GB\",\"potentialAction\":[{\"@type\":\"ReadAction\",\"target\":[\"https:\\\/\\\/korneliarataj.com\\\/produkt\\\/lniana-sukienka-wiazana-minimal-smietankowy-bialy-2025\\\/\"]}]},{\"@type\":\"ImageObject\",\"inLanguage\":\"en-GB\",\"@id\":\"https:\\\/\\\/korneliarataj.com\\\/produkt\\\/lniana-sukienka-wiazana-minimal-smietankowy-bialy-2025\\\/#primaryimage\",\"url\":\"https:\\\/\\\/korneliarataj.com\\\/wp-content\\\/uploads\\\/2025\\\/04\\\/LB-LINEN-2025-LNIANA-SUKIENKA-WIAZANA-MINIMAL-SMIETANKOWY-BIALY-1-scaled.webp\",\"contentUrl\":\"https:\\\/\\\/korneliarataj.com\\\/wp-content\\\/uploads\\\/2025\\\/04\\\/LB-LINEN-2025-LNIANA-SUKIENKA-WIAZANA-MINIMAL-SMIETANKOWY-BIALY-1-scaled.webp\",\"width\":1365,\"height\":2048,\"caption\":\"Lniana sukienka wia\u0328zana minimal \u2013 smietankowy bialy\"},{\"@type\":\"BreadcrumbList\",\"@id\":\"https:\\\/\\\/korneliarataj.com\\\/produkt\\\/lniana-sukienka-wiazana-minimal-smietankowy-bialy-2025\\\/#breadcrumb\",\"itemListElement\":[{\"@type\":\"ListItem\",\"position\":1,\"name\":\"HOME\",\"item\":\"https:\\\/\\\/korneliarataj.com\\\/\"},{\"@type\":\"ListItem\",\"position\":2,\"name\":\"Products\",\"item\":\"https:\\\/\\\/korneliarataj.com\\\/en\\\/shop\\\/\"},{\"@type\":\"ListItem\",\"position\":3,\"name\":\"Lniana sukienka wia\u0328zana minimal \u2013 \u015bmietankowy bia\u0142y\"}]},{\"@type\":\"WebSite\",\"@id\":\"https:\\\/\\\/korneliarataj.com\\\/#website\",\"url\":\"https:\\\/\\\/korneliarataj.com\\\/\",\"name\":\"Stroje K\u0105pielowe i Odzie\u017c Lniana Sklep Kornelia Rataj\",\"description\":\"swimwear stroje k\u0105pielowe ubrania len lniane\",\"publisher\":{\"@id\":\"https:\\\/\\\/korneliarataj.com\\\/#organization\"},\"potentialAction\":[{\"@type\":\"SearchAction\",\"target\":{\"@type\":\"EntryPoint\",\"urlTemplate\":\"https:\\\/\\\/korneliarataj.com\\\/?s={search_term_string}\"},\"query-input\":{\"@type\":\"PropertyValueSpecification\",\"valueRequired\":true,\"valueName\":\"search_term_string\"}}],\"inLanguage\":\"en-GB\"},{\"@type\":\"Organization\",\"@id\":\"https:\\\/\\\/korneliarataj.com\\\/#organization\",\"name\":\"KORNELIARATAJ\",\"url\":\"https:\\\/\\\/korneliarataj.com\\\/\",\"logo\":{\"@type\":\"ImageObject\",\"inLanguage\":\"en-GB\",\"@id\":\"https:\\\/\\\/korneliarataj.com\\\/#\\\/schema\\\/logo\\\/image\\\/\",\"url\":\"https:\\\/\\\/korneliarataj.com\\\/wp-content\\\/uploads\\\/2020\\\/07\\\/LOGO-KR.svg\",\"contentUrl\":\"https:\\\/\\\/korneliarataj.com\\\/wp-content\\\/uploads\\\/2020\\\/07\\\/LOGO-KR.svg\",\"width\":1024,\"height\":1024,\"caption\":\"KORNELIARATAJ\"},\"image\":{\"@id\":\"https:\\\/\\\/korneliarataj.com\\\/#\\\/schema\\\/logo\\\/image\\\/\"},\"sameAs\":[\"http:\\\/\\\/www.facebook.com\\\/korneliaratajshop\",\"http:\\\/\\\/www.instagram.com\\\/korneliarataj\"]}]}<\/script>\n<!-- \/ Yoast SEO plugin. -->","yoast_head_json":{"title":"Linen tied minimal dress - cream white - KORNELIARATAJ","description":"Linen white mini dress - with an open back and lined front. Minimalist, light and airy, tied with thin straps. 100% linen, sewn in Poland.","robots":{"index":"index","follow":"follow","max-snippet":"max-snippet:-1","max-image-preview":"max-image-preview:large","max-video-preview":"max-video-preview:-1"},"canonical":"https:\/\/korneliarataj.com\/en\/product\/lniana-sukienka-wiazana-minimal-smietankowy-bialy-2025\/","og_locale":"en_GB","og_type":"article","og_title":"Lniana sukienka wia\u0328zana minimal \u2013 \u015bmietankowy bia\u0142y - KORNELIARATAJ","og_description":"Lniana bia\u0142a sukienka mini \u2013 z odkrytymi plecami i podszewk\u0105 z przodu. Minimalistyczna, lekka i przewiewna, wi\u0105zana na cienkich rami\u0105czkach. 100% len, uszyta w Polsce.","og_url":"https:\/\/korneliarataj.com\/en\/product\/lniana-sukienka-wiazana-minimal-smietankowy-bialy-2025\/","og_site_name":"KORNELIARATAJ","article_publisher":"http:\/\/www.facebook.com\/korneliaratajshop","article_modified_time":"2026-04-06T08:45:52+00:00","og_image":[{"width":1365,"height":2048,"url":"https:\/\/korneliarataj.com\/wp-content\/uploads\/2025\/04\/LB-LINEN-2025-LNIANA-SUKIENKA-WIAZANA-MINIMAL-SMIETANKOWY-BIALY-1-scaled.webp","type":"image\/webp"}],"twitter_card":"summary_large_image","twitter_misc":{"Estimated reading time":"1 minute"},"schema":{"@context":"https:\/\/schema.org","@graph":[{"@type":"WebPage","@id":"https:\/\/korneliarataj.com\/produkt\/lniana-sukienka-wiazana-minimal-smietankowy-bialy-2025\/","url":"https:\/\/korneliarataj.com\/produkt\/lniana-sukienka-wiazana-minimal-smietankowy-bialy-2025\/","name":"Linen tied minimal dress - cream white - KORNELIARATAJ","isPartOf":{"@id":"https:\/\/korneliarataj.com\/#website"},"primaryImageOfPage":{"@id":"https:\/\/korneliarataj.com\/produkt\/lniana-sukienka-wiazana-minimal-smietankowy-bialy-2025\/#primaryimage"},"image":{"@id":"https:\/\/korneliarataj.com\/produkt\/lniana-sukienka-wiazana-minimal-smietankowy-bialy-2025\/#primaryimage"},"thumbnailUrl":"https:\/\/korneliarataj.com\/wp-content\/uploads\/2025\/04\/LB-LINEN-2025-LNIANA-SUKIENKA-WIAZANA-MINIMAL-SMIETANKOWY-BIALY-1-scaled.webp","datePublished":"2025-04-23T14:02:23+00:00","dateModified":"2026-04-06T08:45:52+00:00","description":"Linen white mini dress - with an open back and lined front. Minimalist, light and airy, tied with thin straps. 100% linen, sewn in Poland.","breadcrumb":{"@id":"https:\/\/korneliarataj.com\/produkt\/lniana-sukienka-wiazana-minimal-smietankowy-bialy-2025\/#breadcrumb"},"inLanguage":"en-GB","potentialAction":[{"@type":"ReadAction","target":["https:\/\/korneliarataj.com\/produkt\/lniana-sukienka-wiazana-minimal-smietankowy-bialy-2025\/"]}]},{"@type":"ImageObject","inLanguage":"en-GB","@id":"https:\/\/korneliarataj.com\/produkt\/lniana-sukienka-wiazana-minimal-smietankowy-bialy-2025\/#primaryimage","url":"https:\/\/korneliarataj.com\/wp-content\/uploads\/2025\/04\/LB-LINEN-2025-LNIANA-SUKIENKA-WIAZANA-MINIMAL-SMIETANKOWY-BIALY-1-scaled.webp","contentUrl":"https:\/\/korneliarataj.com\/wp-content\/uploads\/2025\/04\/LB-LINEN-2025-LNIANA-SUKIENKA-WIAZANA-MINIMAL-SMIETANKOWY-BIALY-1-scaled.webp","width":1365,"height":2048,"caption":"Lniana sukienka wia\u0328zana minimal \u2013 smietankowy bialy"},{"@type":"BreadcrumbList","@id":"https:\/\/korneliarataj.com\/produkt\/lniana-sukienka-wiazana-minimal-smietankowy-bialy-2025\/#breadcrumb","itemListElement":[{"@type":"ListItem","position":1,"name":"HOME","item":"https:\/\/korneliarataj.com\/"},{"@type":"ListItem","position":2,"name":"Products","item":"https:\/\/korneliarataj.com\/en\/shop\/"},{"@type":"ListItem","position":3,"name":"Lniana sukienka wia\u0328zana minimal \u2013 \u015bmietankowy bia\u0142y"}]},{"@type":"WebSite","@id":"https:\/\/korneliarataj.com\/#website","url":"https:\/\/korneliarataj.com\/","name":"Swimwear and Linen Clothing Shop Kornelia Rataj","description":"swimwear swimwear linen linen clothing","publisher":{"@id":"https:\/\/korneliarataj.com\/#organization"},"potentialAction":[{"@type":"SearchAction","target":{"@type":"EntryPoint","urlTemplate":"https:\/\/korneliarataj.com\/?s={search_term_string}"},"query-input":{"@type":"PropertyValueSpecification","valueRequired":true,"valueName":"search_term_string"}}],"inLanguage":"en-GB"},{"@type":"Organization","@id":"https:\/\/korneliarataj.com\/#organization","name":"KORNELIARATAJ","url":"https:\/\/korneliarataj.com\/","logo":{"@type":"ImageObject","inLanguage":"en-GB","@id":"https:\/\/korneliarataj.com\/#\/schema\/logo\/image\/","url":"https:\/\/korneliarataj.com\/wp-content\/uploads\/2020\/07\/LOGO-KR.svg","contentUrl":"https:\/\/korneliarataj.com\/wp-content\/uploads\/2020\/07\/LOGO-KR.svg","width":1024,"height":1024,"caption":"KORNELIARATAJ"},"image":{"@id":"https:\/\/korneliarataj.com\/#\/schema\/logo\/image\/"},"sameAs":["http:\/\/www.facebook.com\/korneliaratajshop","http:\/\/www.instagram.com\/korneliarataj"]}]}},"_links":{"self":[{"href":"https:\/\/korneliarataj.com\/en\/wp-json\/wp\/v2\/product\/317927","targetHints":{"allow":["GET"]}}],"collection":[{"href":"https:\/\/korneliarataj.com\/en\/wp-json\/wp\/v2\/product"}],"about":[{"href":"https:\/\/korneliarataj.com\/en\/wp-json\/wp\/v2\/types\/product"}],"wp:featuredmedia":[{"embeddable":true,"href":"https:\/\/korneliarataj.com\/en\/wp-json\/wp\/v2\/media\/317916"}],"wp:attachment":[{"href":"https:\/\/korneliarataj.com\/en\/wp-json\/wp\/v2\/media?parent=317927"}],"wp:term":[{"taxonomy":"product_brand","embeddable":true,"href":"https:\/\/korneliarataj.com\/en\/wp-json\/wp\/v2\/product_brand?post=317927"},{"taxonomy":"product_cat","embeddable":true,"href":"https:\/\/korneliarataj.com\/en\/wp-json\/wp\/v2\/product_cat?post=317927"},{"taxonomy":"product_tag","embeddable":true,"href":"https:\/\/korneliarataj.com\/en\/wp-json\/wp\/v2\/product_tag?post=317927"}],"curies":[{"name":"wp","href":"https:\/\/api.w.org\/{rel}","templated":true}]}}