{"id":317792,"date":"2025-04-23T10:17:08","date_gmt":"2025-04-23T08:17:08","guid":{"rendered":"https:\/\/korneliarataj.com\/?post_type=product&#038;p=317792"},"modified":"2026-04-12T11:59:22","modified_gmt":"2026-04-12T09:59:22","slug":"lniana-prosta-bluzka-pure-czarny-2025","status":"publish","type":"product","link":"https:\/\/korneliarataj.com\/en\/product\/lniana-prosta-bluzka-pure-czarny-2025\/","title":{"rendered":"Linen simple blouse pure - black"},"content":{"rendered":"","protected":false},"excerpt":{"rendered":"<p style=\"text-align: left;\"><strong>OPTIONS<\/strong><\/p>\n<p style=\"text-align: left;\"><a href=\"https:\/\/korneliarataj.com\/en\/product\/lniana-prosta-bluzka-pure-pastelowy-zolty-2025\/\" target=\"_blank\" rel=\"noopener noreferrer\"><img decoding=\"async\" src=\"https:\/\/korneliarataj.com\/wp-content\/uploads\/2025\/04\/LB-LINEN-2025-LNIANA-PROSTA-BLUZKA-PURE-PASTELOWY-ZOLTY-1-200x300.webp\" width=\"100px\" \/><\/a>\u00a0<a href=\"https:\/\/korneliarataj.com\/en\/product\/lniana-prosta-bluzka-pure-naturalny-len-2025\/\" target=\"_blank\" rel=\"noopener noreferrer\"><img decoding=\"async\" src=\"https:\/\/korneliarataj.com\/wp-content\/uploads\/2025\/04\/LB-LINEN-2025-LNIANA-PROSTA-BLUZKA-PURE-NATURALNY-LEN-1-200x300.webp\" width=\"100px\" \/><\/a>\u00a0<a href=\"https:\/\/korneliarataj.com\/en\/product\/lniana-prosta-bluzka-pure-smietankowy-bialy-2025\/\" target=\"_blank\" rel=\"noopener noreferrer\"><img decoding=\"async\" src=\"https:\/\/korneliarataj.com\/wp-content\/uploads\/2025\/04\/LB-LINEN-2025-LNIANA-PROSTA-BLUZKA-PURE-SMIETANKOWY-BIALY-1-200x300.webp\" width=\"100px\" \/><\/a><\/p>\n<p style=\"text-align: left;\"><u><strong>Czarna, lniana bluzka na szerokich rami\u0105czkach \u2013 minimalistyczny, klasyczny top<\/strong><\/u><\/p>\n<p style=\"text-align: left;\">Prosta w formie, kobieca i niezwykle wygodna \u2013 czarna bluzka z lnu to idealna propozycja na ciep\u0142e dni. Zapinana z ty\u0142u na dekoracyjny guziczek z kokosa, u\u0142atwia zak\u0142adanie przez g\u0142ow\u0119 i dodaje ca\u0142o\u015bci naturalnego charakteru.<br \/>\nUszyta z wysokiej jako\u015bci 100% lnu, bluzka jest lekka, oddychaj\u0105ca i przyjemnie zmi\u0119kczona \u2013 idealna na lato, zar\u00f3wno na co dzie\u0144, jak i na urlop. Jednowarstwowy lniany top zapewnia przewiewno\u015b\u0107 i pe\u0142en komfort noszenia.<\/p>\n<p style=\"text-align: left;\"><strong>Details that matter<\/strong><br \/>\n- Sewn in Poland, in the family workshop in Czernica,<br \/>\n- Lightweight, softened linen from a local producer,<br \/>\n- Fastened at the back with a natural coconut button,<br \/>\n- Medium length - ideal for high-waisted trousers and skirts,<br \/>\n- It goes well with other products from the linen collection: <strong><a href=\"https:\/\/korneliarataj.com\/en\/spodenki-lniane\/\" target=\"_blank\" rel=\"noopener noreferrer\">shorts<\/a><\/strong>, <strong><a href=\"https:\/\/korneliarataj.com\/en\/spodnice-lniane\/\" target=\"_blank\" rel=\"noopener noreferrer\">skirt<\/a><\/strong> i <strong><a href=\"https:\/\/korneliarataj.com\/en\/gumki-do-wlosow-lniane\/\" target=\"_blank\" rel=\"noopener noreferrer\">scrunchie<\/a><\/strong>.<br \/>\nCzarna lniana bluzka to baza do Twojej letniej garderoby \u2013 elegancka ale przewiewna, idealna do stylizacji codziennych i wieczorowych. Minimalistyczna i klasyczna jednocze\u015bnie.<br \/>\nAvailable in 4 timeless colours and 5 sizes - easily adaptable to your silhouette and wardrobe.<\/p>\n<p style=\"text-align: left;\"><strong>Model dimensions<\/strong><br \/>\nThe model Paulina in the picture is wearing size XS<br \/>\nBust circumference: 81<br \/>\nCircumference under bust: 72<br \/>\nCup: B\/C<br \/>\nWaist circumference: 60<br \/>\nHip circumference: 85<br \/>\nHeight: 171<\/p>\n<p style=\"text-align: left;\"><strong>Naturalness and quality in every detail<\/strong><br \/>\nOur products are made from 100% linen, which we source from local suppliers. We design and sew in our own workshop, taking care of every detail.<br \/>\nAdd to your basket and create your total linen look - comfortable, stylish and 100% natural.<\/p>\n<p style=\"text-align: left;\"><strong>Black linen shade<\/strong><br \/>\nThe deep, classic shade of black is timeless elegance and minimalism in its purest form. It contrasts perfectly with any complexion - from very light to dark - adding definition and a modern touch to a look. Black linen is a versatile choice that suits both urban and evening looks, highlighting individual style and adding a touch of sophistication.<\/p>\n<p style=\"text-align: left;\"><strong>Composition and care<\/strong><br \/>\n- 100% flax<br \/>\n- Weight: 140 g\/m\u00b2<br \/>\n- Hand wash or gentle wash at 30\u00b0C<br \/>\n- Iron at max. 150\u00b0C<\/p>","protected":false},"featured_media":317752,"template":"","meta":[],"product_brand":[500],"product_cat":[614,636,639,621,76,619,644],"product_tag":[],"class_list":{"0":"post-317792","1":"product","2":"type-product","3":"status-publish","4":"has-post-thumbnail","6":"product_brand-korneliarataj","7":"product_cat-bluzki-lniane","8":"product_cat-czarny-lniane","9":"product_cat-kategorie-lniane","10":"product_cat-kolory-lniane","11":"product_cat-linen","12":"product_cat-odziez-elegancka-lniana","13":"product_cat-sale-linen-2025","14":"flv-has-gallery","16":"first","17":"instock","18":"sale","19":"taxable","20":"shipping-taxable","21":"purchasable","22":"product-type-variable","23":"has-default-attributes"},"yoast_head":"<!-- This site is optimized with the Yoast SEO plugin v27.3 - https:\/\/yoast.com\/product\/yoast-seo-wordpress\/ -->\n<title>Lniana prosta bluzka pure \u2013 czarny - KORNELIARATAJ<\/title>\n<meta name=\"description\" content=\"Czarna bluzka z lnu \u2013 bez r\u0119kaw\u00f3w, prosta, \u015bredniej d\u0142ugo\u015bci. Klasyczna, przewiewna i szyta w Polsce z naturalnego materia\u0142u. Idealna baza stylizacji!\" \/>\n<meta name=\"robots\" content=\"index, follow, max-snippet:-1, max-image-preview:large, max-video-preview:-1\" \/>\n<link rel=\"canonical\" href=\"https:\/\/korneliarataj.com\/en\/product\/lniana-prosta-bluzka-pure-czarny-2025\/\" \/>\n<meta property=\"og:locale\" content=\"en_GB\" \/>\n<meta property=\"og:type\" content=\"article\" \/>\n<meta property=\"og:title\" content=\"Lniana prosta bluzka pure \u2013 czarny - KORNELIARATAJ\" \/>\n<meta property=\"og:description\" content=\"Czarna bluzka z lnu \u2013 bez r\u0119kaw\u00f3w, prosta, \u015bredniej d\u0142ugo\u015bci. Klasyczna, przewiewna i szyta w Polsce z naturalnego materia\u0142u. Idealna baza stylizacji!\" \/>\n<meta property=\"og:url\" content=\"https:\/\/korneliarataj.com\/en\/product\/lniana-prosta-bluzka-pure-czarny-2025\/\" \/>\n<meta property=\"og:site_name\" content=\"KORNELIARATAJ\" \/>\n<meta property=\"article:publisher\" content=\"http:\/\/www.facebook.com\/korneliaratajshop\" \/>\n<meta property=\"article:modified_time\" content=\"2026-04-12T09:59:22+00:00\" \/>\n<meta property=\"og:image\" content=\"https:\/\/korneliarataj.com\/wp-content\/uploads\/2025\/04\/LB-LINEN-2025-LNIANA-PROSTA-BLUZKA-PURE-CZARNY-1-scaled.webp\" \/>\n\t<meta property=\"og:image:width\" content=\"1365\" \/>\n\t<meta property=\"og:image:height\" content=\"2048\" \/>\n\t<meta property=\"og:image:type\" content=\"image\/webp\" \/>\n<meta name=\"twitter:card\" content=\"summary_large_image\" \/>\n<meta name=\"twitter:label1\" content=\"Estimated reading time\" \/>\n\t<meta name=\"twitter:data1\" content=\"1 minute\" \/>\n<script type=\"application\/ld+json\" class=\"yoast-schema-graph\">{\"@context\":\"https:\\\/\\\/schema.org\",\"@graph\":[{\"@type\":\"WebPage\",\"@id\":\"https:\\\/\\\/korneliarataj.com\\\/produkt\\\/lniana-prosta-bluzka-pure-czarny-2025\\\/\",\"url\":\"https:\\\/\\\/korneliarataj.com\\\/produkt\\\/lniana-prosta-bluzka-pure-czarny-2025\\\/\",\"name\":\"Lniana prosta bluzka pure \u2013 czarny - KORNELIARATAJ\",\"isPartOf\":{\"@id\":\"https:\\\/\\\/korneliarataj.com\\\/#website\"},\"primaryImageOfPage\":{\"@id\":\"https:\\\/\\\/korneliarataj.com\\\/produkt\\\/lniana-prosta-bluzka-pure-czarny-2025\\\/#primaryimage\"},\"image\":{\"@id\":\"https:\\\/\\\/korneliarataj.com\\\/produkt\\\/lniana-prosta-bluzka-pure-czarny-2025\\\/#primaryimage\"},\"thumbnailUrl\":\"https:\\\/\\\/korneliarataj.com\\\/wp-content\\\/uploads\\\/2025\\\/04\\\/LB-LINEN-2025-LNIANA-PROSTA-BLUZKA-PURE-CZARNY-1-scaled.webp\",\"datePublished\":\"2025-04-23T08:17:08+00:00\",\"dateModified\":\"2026-04-12T09:59:22+00:00\",\"description\":\"Czarna bluzka z lnu \u2013 bez r\u0119kaw\u00f3w, prosta, \u015bredniej d\u0142ugo\u015bci. Klasyczna, przewiewna i szyta w Polsce z naturalnego materia\u0142u. Idealna baza stylizacji!\",\"breadcrumb\":{\"@id\":\"https:\\\/\\\/korneliarataj.com\\\/produkt\\\/lniana-prosta-bluzka-pure-czarny-2025\\\/#breadcrumb\"},\"inLanguage\":\"en-GB\",\"potentialAction\":[{\"@type\":\"ReadAction\",\"target\":[\"https:\\\/\\\/korneliarataj.com\\\/produkt\\\/lniana-prosta-bluzka-pure-czarny-2025\\\/\"]}]},{\"@type\":\"ImageObject\",\"inLanguage\":\"en-GB\",\"@id\":\"https:\\\/\\\/korneliarataj.com\\\/produkt\\\/lniana-prosta-bluzka-pure-czarny-2025\\\/#primaryimage\",\"url\":\"https:\\\/\\\/korneliarataj.com\\\/wp-content\\\/uploads\\\/2025\\\/04\\\/LB-LINEN-2025-LNIANA-PROSTA-BLUZKA-PURE-CZARNY-1-scaled.webp\",\"contentUrl\":\"https:\\\/\\\/korneliarataj.com\\\/wp-content\\\/uploads\\\/2025\\\/04\\\/LB-LINEN-2025-LNIANA-PROSTA-BLUZKA-PURE-CZARNY-1-scaled.webp\",\"width\":1365,\"height\":2048,\"caption\":\"Lniana prosta bluzka pure \u2013 czarny\"},{\"@type\":\"BreadcrumbList\",\"@id\":\"https:\\\/\\\/korneliarataj.com\\\/produkt\\\/lniana-prosta-bluzka-pure-czarny-2025\\\/#breadcrumb\",\"itemListElement\":[{\"@type\":\"ListItem\",\"position\":1,\"name\":\"HOME\",\"item\":\"https:\\\/\\\/korneliarataj.com\\\/\"},{\"@type\":\"ListItem\",\"position\":2,\"name\":\"Products\",\"item\":\"https:\\\/\\\/korneliarataj.com\\\/en\\\/shop\\\/\"},{\"@type\":\"ListItem\",\"position\":3,\"name\":\"Lniana prosta bluzka pure \u2013 czarny\"}]},{\"@type\":\"WebSite\",\"@id\":\"https:\\\/\\\/korneliarataj.com\\\/#website\",\"url\":\"https:\\\/\\\/korneliarataj.com\\\/\",\"name\":\"Stroje K\u0105pielowe i Odzie\u017c Lniana Sklep Kornelia Rataj\",\"description\":\"swimwear stroje k\u0105pielowe ubrania len lniane\",\"publisher\":{\"@id\":\"https:\\\/\\\/korneliarataj.com\\\/#organization\"},\"potentialAction\":[{\"@type\":\"SearchAction\",\"target\":{\"@type\":\"EntryPoint\",\"urlTemplate\":\"https:\\\/\\\/korneliarataj.com\\\/?s={search_term_string}\"},\"query-input\":{\"@type\":\"PropertyValueSpecification\",\"valueRequired\":true,\"valueName\":\"search_term_string\"}}],\"inLanguage\":\"en-GB\"},{\"@type\":\"Organization\",\"@id\":\"https:\\\/\\\/korneliarataj.com\\\/#organization\",\"name\":\"KORNELIARATAJ\",\"url\":\"https:\\\/\\\/korneliarataj.com\\\/\",\"logo\":{\"@type\":\"ImageObject\",\"inLanguage\":\"en-GB\",\"@id\":\"https:\\\/\\\/korneliarataj.com\\\/#\\\/schema\\\/logo\\\/image\\\/\",\"url\":\"https:\\\/\\\/korneliarataj.com\\\/wp-content\\\/uploads\\\/2020\\\/07\\\/LOGO-KR.svg\",\"contentUrl\":\"https:\\\/\\\/korneliarataj.com\\\/wp-content\\\/uploads\\\/2020\\\/07\\\/LOGO-KR.svg\",\"width\":1024,\"height\":1024,\"caption\":\"KORNELIARATAJ\"},\"image\":{\"@id\":\"https:\\\/\\\/korneliarataj.com\\\/#\\\/schema\\\/logo\\\/image\\\/\"},\"sameAs\":[\"http:\\\/\\\/www.facebook.com\\\/korneliaratajshop\",\"http:\\\/\\\/www.instagram.com\\\/korneliarataj\"]}]}<\/script>\n<!-- \/ Yoast SEO plugin. -->","yoast_head_json":{"title":"Lniana prosta bluzka pure \u2013 czarny - KORNELIARATAJ","description":"Czarna bluzka z lnu \u2013 bez r\u0119kaw\u00f3w, prosta, \u015bredniej d\u0142ugo\u015bci. Klasyczna, przewiewna i szyta w Polsce z naturalnego materia\u0142u. Idealna baza stylizacji!","robots":{"index":"index","follow":"follow","max-snippet":"max-snippet:-1","max-image-preview":"max-image-preview:large","max-video-preview":"max-video-preview:-1"},"canonical":"https:\/\/korneliarataj.com\/en\/product\/lniana-prosta-bluzka-pure-czarny-2025\/","og_locale":"en_GB","og_type":"article","og_title":"Lniana prosta bluzka pure \u2013 czarny - KORNELIARATAJ","og_description":"Czarna bluzka z lnu \u2013 bez r\u0119kaw\u00f3w, prosta, \u015bredniej d\u0142ugo\u015bci. Klasyczna, przewiewna i szyta w Polsce z naturalnego materia\u0142u. Idealna baza stylizacji!","og_url":"https:\/\/korneliarataj.com\/en\/product\/lniana-prosta-bluzka-pure-czarny-2025\/","og_site_name":"KORNELIARATAJ","article_publisher":"http:\/\/www.facebook.com\/korneliaratajshop","article_modified_time":"2026-04-12T09:59:22+00:00","og_image":[{"width":1365,"height":2048,"url":"https:\/\/korneliarataj.com\/wp-content\/uploads\/2025\/04\/LB-LINEN-2025-LNIANA-PROSTA-BLUZKA-PURE-CZARNY-1-scaled.webp","type":"image\/webp"}],"twitter_card":"summary_large_image","twitter_misc":{"Estimated reading time":"1 minute"},"schema":{"@context":"https:\/\/schema.org","@graph":[{"@type":"WebPage","@id":"https:\/\/korneliarataj.com\/produkt\/lniana-prosta-bluzka-pure-czarny-2025\/","url":"https:\/\/korneliarataj.com\/produkt\/lniana-prosta-bluzka-pure-czarny-2025\/","name":"Lniana prosta bluzka pure \u2013 czarny - KORNELIARATAJ","isPartOf":{"@id":"https:\/\/korneliarataj.com\/#website"},"primaryImageOfPage":{"@id":"https:\/\/korneliarataj.com\/produkt\/lniana-prosta-bluzka-pure-czarny-2025\/#primaryimage"},"image":{"@id":"https:\/\/korneliarataj.com\/produkt\/lniana-prosta-bluzka-pure-czarny-2025\/#primaryimage"},"thumbnailUrl":"https:\/\/korneliarataj.com\/wp-content\/uploads\/2025\/04\/LB-LINEN-2025-LNIANA-PROSTA-BLUZKA-PURE-CZARNY-1-scaled.webp","datePublished":"2025-04-23T08:17:08+00:00","dateModified":"2026-04-12T09:59:22+00:00","description":"Czarna bluzka z lnu \u2013 bez r\u0119kaw\u00f3w, prosta, \u015bredniej d\u0142ugo\u015bci. Klasyczna, przewiewna i szyta w Polsce z naturalnego materia\u0142u. Idealna baza stylizacji!","breadcrumb":{"@id":"https:\/\/korneliarataj.com\/produkt\/lniana-prosta-bluzka-pure-czarny-2025\/#breadcrumb"},"inLanguage":"en-GB","potentialAction":[{"@type":"ReadAction","target":["https:\/\/korneliarataj.com\/produkt\/lniana-prosta-bluzka-pure-czarny-2025\/"]}]},{"@type":"ImageObject","inLanguage":"en-GB","@id":"https:\/\/korneliarataj.com\/produkt\/lniana-prosta-bluzka-pure-czarny-2025\/#primaryimage","url":"https:\/\/korneliarataj.com\/wp-content\/uploads\/2025\/04\/LB-LINEN-2025-LNIANA-PROSTA-BLUZKA-PURE-CZARNY-1-scaled.webp","contentUrl":"https:\/\/korneliarataj.com\/wp-content\/uploads\/2025\/04\/LB-LINEN-2025-LNIANA-PROSTA-BLUZKA-PURE-CZARNY-1-scaled.webp","width":1365,"height":2048,"caption":"Lniana prosta bluzka pure \u2013 czarny"},{"@type":"BreadcrumbList","@id":"https:\/\/korneliarataj.com\/produkt\/lniana-prosta-bluzka-pure-czarny-2025\/#breadcrumb","itemListElement":[{"@type":"ListItem","position":1,"name":"HOME","item":"https:\/\/korneliarataj.com\/"},{"@type":"ListItem","position":2,"name":"Products","item":"https:\/\/korneliarataj.com\/en\/shop\/"},{"@type":"ListItem","position":3,"name":"Lniana prosta bluzka pure \u2013 czarny"}]},{"@type":"WebSite","@id":"https:\/\/korneliarataj.com\/#website","url":"https:\/\/korneliarataj.com\/","name":"Swimwear and Linen Clothing Shop Kornelia Rataj","description":"swimwear swimwear linen linen clothing","publisher":{"@id":"https:\/\/korneliarataj.com\/#organization"},"potentialAction":[{"@type":"SearchAction","target":{"@type":"EntryPoint","urlTemplate":"https:\/\/korneliarataj.com\/?s={search_term_string}"},"query-input":{"@type":"PropertyValueSpecification","valueRequired":true,"valueName":"search_term_string"}}],"inLanguage":"en-GB"},{"@type":"Organization","@id":"https:\/\/korneliarataj.com\/#organization","name":"KORNELIARATAJ","url":"https:\/\/korneliarataj.com\/","logo":{"@type":"ImageObject","inLanguage":"en-GB","@id":"https:\/\/korneliarataj.com\/#\/schema\/logo\/image\/","url":"https:\/\/korneliarataj.com\/wp-content\/uploads\/2020\/07\/LOGO-KR.svg","contentUrl":"https:\/\/korneliarataj.com\/wp-content\/uploads\/2020\/07\/LOGO-KR.svg","width":1024,"height":1024,"caption":"KORNELIARATAJ"},"image":{"@id":"https:\/\/korneliarataj.com\/#\/schema\/logo\/image\/"},"sameAs":["http:\/\/www.facebook.com\/korneliaratajshop","http:\/\/www.instagram.com\/korneliarataj"]}]}},"_links":{"self":[{"href":"https:\/\/korneliarataj.com\/en\/wp-json\/wp\/v2\/product\/317792","targetHints":{"allow":["GET"]}}],"collection":[{"href":"https:\/\/korneliarataj.com\/en\/wp-json\/wp\/v2\/product"}],"about":[{"href":"https:\/\/korneliarataj.com\/en\/wp-json\/wp\/v2\/types\/product"}],"wp:featuredmedia":[{"embeddable":true,"href":"https:\/\/korneliarataj.com\/en\/wp-json\/wp\/v2\/media\/317752"}],"wp:attachment":[{"href":"https:\/\/korneliarataj.com\/en\/wp-json\/wp\/v2\/media?parent=317792"}],"wp:term":[{"taxonomy":"product_brand","embeddable":true,"href":"https:\/\/korneliarataj.com\/en\/wp-json\/wp\/v2\/product_brand?post=317792"},{"taxonomy":"product_cat","embeddable":true,"href":"https:\/\/korneliarataj.com\/en\/wp-json\/wp\/v2\/product_cat?post=317792"},{"taxonomy":"product_tag","embeddable":true,"href":"https:\/\/korneliarataj.com\/en\/wp-json\/wp\/v2\/product_tag?post=317792"}],"curies":[{"name":"wp","href":"https:\/\/api.w.org\/{rel}","templated":true}]}}