{"id":317734,"date":"2025-04-23T09:26:54","date_gmt":"2025-04-23T07:26:54","guid":{"rendered":"https:\/\/korneliarataj.com\/?post_type=product&#038;p=317734"},"modified":"2026-04-10T17:13:01","modified_gmt":"2026-04-10T15:13:01","slug":"lniana-bluzka-wiazana-twist-naturalny-len-2025","status":"publish","type":"product","link":"https:\/\/korneliarataj.com\/en\/product\/lniana-bluzka-wiazana-twist-naturalny-len-2025\/","title":{"rendered":"Linen twist tie blouse - natural linen"},"content":{"rendered":"","protected":false},"excerpt":{"rendered":"<p style=\"text-align: left;\"><strong>OPTIONS<\/strong><\/p>\n<p style=\"text-align: left;\"><a href=\"https:\/\/korneliarataj.com\/en\/product\/lniana-bluzka-wiazana-twist-pastelowy-zolty-2025\/\" target=\"_blank\" rel=\"noopener noreferrer\"><img decoding=\"async\" src=\"https:\/\/korneliarataj.com\/wp-content\/uploads\/2025\/04\/LB-LINEN-2025-LNIANA-BLUZKA-WIAZANA-TWIST-PASTELOWY-ZOLTY-1-200x300.webp\" width=\"100px\" \/><\/a>\u00a0<a href=\"https:\/\/korneliarataj.com\/en\/product\/lniana-bluzka-wiazana-twist-smietankowy-bialy-2025\/\" target=\"_blank\" rel=\"noopener noreferrer\"><img decoding=\"async\" src=\"https:\/\/korneliarataj.com\/wp-content\/uploads\/2025\/04\/LB-LINEN-2025-LNIANA-BLUZKA-WIAZANA-TWIST-SMIETANKOWY-BIALY-1-200x300.webp\" width=\"100px\" \/><\/a>\u00a0<a href=\"https:\/\/korneliarataj.com\/en\/product\/lniana-bluzka-wiazana-twist-czarny-2025\/\" target=\"_blank\" rel=\"noopener noreferrer\"><img decoding=\"async\" src=\"https:\/\/korneliarataj.com\/wp-content\/uploads\/2025\/04\/LB-LINEN-2025-LNIANA-BLUZKA-WIAZANA-TWIST-CZARNY-1-200x300.webp\" width=\"100px\" \/><\/a><\/p>\n<p style=\"text-align: left;\"><u><strong>Tiered linen blouse in natural linen shade - summer, reversible and airy<\/strong><\/u><\/p>\n<p style=\"text-align: left;\">This double-sided natural linen three-tie blouse is our most feminine piece - you can wear it with ties at the front or back, creating two different looks in one blouse. It's the perfect option for summer - comfortable, breathable and stylish.<br \/>\nMade from high quality 100% Polish linen, the blouse is soft and lightweight, perfect for warm days. The single-layer form ensures breathability and natural wearing comfort.<\/p>\n<p style=\"text-align: left;\"><strong>Details that matter<\/strong><br \/>\n- Sewn in Poland, in the family workshop in Czernica,<br \/>\n- Lightweight, softened linen from a local producer,<br \/>\n- Possibility to wear a tie at the front or at the back,<br \/>\n- Ties for a perfect fit,<br \/>\n- It goes well with other products from the linen collection: <strong><a href=\"https:\/\/korneliarataj.com\/en\/spodenki-lniane\/\" target=\"_blank\" rel=\"noopener noreferrer\">shorts<\/a><\/strong>, <strong><a href=\"https:\/\/korneliarataj.com\/en\/spodnice-lniane\/\" target=\"_blank\" rel=\"noopener noreferrer\">skirt<\/a><\/strong> i <strong><a href=\"https:\/\/korneliarataj.com\/en\/gumki-do-wlosow-lniane\/\" target=\"_blank\" rel=\"noopener noreferrer\">scrunchie<\/a><\/strong>.<br \/>\nThe natural linen colour is a classic that goes with everything - the perfect choice for lovers of simplicity and natural shades.<br \/>\nAvailable in 4 timeless colours and 3 sizes - easily adaptable to your silhouette and wardrobe.<\/p>\n<p style=\"text-align: left;\"><strong>Model dimensions<\/strong><br \/>\nThe model, Veronica, in the photo is wearing size M\/L<br \/>\nBust circumference: 89 cm<br \/>\nCircumference under bust: 75 cm<br \/>\nCup: 75D\/70E<br \/>\nWaist circumference: 68 cm<br \/>\nHip circumference: 103 cm<br \/>\nHeight: 173 cm<\/p>\n<p style=\"text-align: left;\"><strong>Naturalness and quality in every detail<\/strong><br \/>\nOur products are made from 100% linen, which we source from local suppliers. We design and sew in our own workshop, taking care of every detail.<br \/>\nAdd to your basket and create your total linen look - comfortable, stylish and 100% natural.<\/p>\n<p style=\"text-align: left;\"><strong>Natural linen shade<\/strong><br \/>\nThis subtle, sandy shade is a raw form of linen and its organic texture. The neutral, warm tone works beautifully with any complexion, bringing harmony and naturalness to styling. The natural linen colour is the essence of slow fashion - timeless, calm and ideal for building a capsule wardrobe based on quality, simplicity and naturalness.<\/p>\n<p style=\"text-align: left;\"><strong>Composition and care<\/strong><br \/>\n- 100% flax<br \/>\n- Weight: 140 g\/m\u00b2<br \/>\n- Hand wash or gentle wash at 30\u00b0C<br \/>\n- Iron at max. 150\u00b0C<\/p>","protected":false},"featured_media":317721,"template":"","meta":[],"product_brand":[500],"product_cat":[614,639,621,76,635,644],"product_tag":[],"class_list":{"0":"post-317734","1":"product","2":"type-product","3":"status-publish","4":"has-post-thumbnail","6":"product_brand-korneliarataj","7":"product_cat-bluzki-lniane","8":"product_cat-kategorie-lniane","9":"product_cat-kolory-lniane","10":"product_cat-linen","11":"product_cat-naturalny-len-lniane","12":"product_cat-sale-linen-2025","13":"flv-has-gallery","15":"first","16":"instock","17":"sale","18":"taxable","19":"shipping-taxable","20":"purchasable","21":"product-type-variable","22":"has-default-attributes"},"yoast_head":"<!-- This site is optimized with the Yoast SEO plugin v27.3 - https:\/\/yoast.com\/product\/yoast-seo-wordpress\/ -->\n<title>Lniana bluzka wi\u0105zana twist \u2013 naturalny len - KORNELIARATAJ<\/title>\n<meta name=\"description\" content=\"Dwustronna lniana bluzka bez r\u0119kaw\u00f3w wi\u0105zana na troczki. Naturalna, kobieca i przewiewna \u2013 idealna na lato. Szyta w Polsce z 100% lnu.\" \/>\n<meta name=\"robots\" content=\"index, follow, max-snippet:-1, max-image-preview:large, max-video-preview:-1\" \/>\n<link rel=\"canonical\" href=\"https:\/\/korneliarataj.com\/en\/product\/lniana-bluzka-wiazana-twist-naturalny-len-2025\/\" \/>\n<meta property=\"og:locale\" content=\"en_GB\" \/>\n<meta property=\"og:type\" content=\"article\" \/>\n<meta property=\"og:title\" content=\"Lniana bluzka wi\u0105zana twist \u2013 naturalny len - KORNELIARATAJ\" \/>\n<meta property=\"og:description\" content=\"Dwustronna lniana bluzka bez r\u0119kaw\u00f3w wi\u0105zana na troczki. Naturalna, kobieca i przewiewna \u2013 idealna na lato. Szyta w Polsce z 100% lnu.\" \/>\n<meta property=\"og:url\" content=\"https:\/\/korneliarataj.com\/en\/product\/lniana-bluzka-wiazana-twist-naturalny-len-2025\/\" \/>\n<meta property=\"og:site_name\" content=\"KORNELIARATAJ\" \/>\n<meta property=\"article:publisher\" content=\"http:\/\/www.facebook.com\/korneliaratajshop\" \/>\n<meta property=\"article:modified_time\" content=\"2026-04-10T15:13:01+00:00\" \/>\n<meta property=\"og:image\" content=\"https:\/\/korneliarataj.com\/wp-content\/uploads\/2025\/04\/LB-LINEN-2025-LNIANA-BLUZKA-WIAZANA-TWIST-NATURALNY-LEN-1-scaled.webp\" \/>\n\t<meta property=\"og:image:width\" content=\"1365\" \/>\n\t<meta property=\"og:image:height\" content=\"2048\" \/>\n\t<meta property=\"og:image:type\" content=\"image\/webp\" \/>\n<meta name=\"twitter:card\" content=\"summary_large_image\" \/>\n<meta name=\"twitter:label1\" content=\"Estimated reading time\" \/>\n\t<meta name=\"twitter:data1\" content=\"1 minute\" \/>\n<script type=\"application\/ld+json\" class=\"yoast-schema-graph\">{\"@context\":\"https:\\\/\\\/schema.org\",\"@graph\":[{\"@type\":\"WebPage\",\"@id\":\"https:\\\/\\\/korneliarataj.com\\\/produkt\\\/lniana-bluzka-wiazana-twist-naturalny-len-2025\\\/\",\"url\":\"https:\\\/\\\/korneliarataj.com\\\/produkt\\\/lniana-bluzka-wiazana-twist-naturalny-len-2025\\\/\",\"name\":\"Lniana bluzka wi\u0105zana twist \u2013 naturalny len - KORNELIARATAJ\",\"isPartOf\":{\"@id\":\"https:\\\/\\\/korneliarataj.com\\\/#website\"},\"primaryImageOfPage\":{\"@id\":\"https:\\\/\\\/korneliarataj.com\\\/produkt\\\/lniana-bluzka-wiazana-twist-naturalny-len-2025\\\/#primaryimage\"},\"image\":{\"@id\":\"https:\\\/\\\/korneliarataj.com\\\/produkt\\\/lniana-bluzka-wiazana-twist-naturalny-len-2025\\\/#primaryimage\"},\"thumbnailUrl\":\"https:\\\/\\\/korneliarataj.com\\\/wp-content\\\/uploads\\\/2025\\\/04\\\/LB-LINEN-2025-LNIANA-BLUZKA-WIAZANA-TWIST-NATURALNY-LEN-1-scaled.webp\",\"datePublished\":\"2025-04-23T07:26:54+00:00\",\"dateModified\":\"2026-04-10T15:13:01+00:00\",\"description\":\"Dwustronna lniana bluzka bez r\u0119kaw\u00f3w wi\u0105zana na troczki. Naturalna, kobieca i przewiewna \u2013 idealna na lato. Szyta w Polsce z 100% lnu.\",\"breadcrumb\":{\"@id\":\"https:\\\/\\\/korneliarataj.com\\\/produkt\\\/lniana-bluzka-wiazana-twist-naturalny-len-2025\\\/#breadcrumb\"},\"inLanguage\":\"en-GB\",\"potentialAction\":[{\"@type\":\"ReadAction\",\"target\":[\"https:\\\/\\\/korneliarataj.com\\\/produkt\\\/lniana-bluzka-wiazana-twist-naturalny-len-2025\\\/\"]}]},{\"@type\":\"ImageObject\",\"inLanguage\":\"en-GB\",\"@id\":\"https:\\\/\\\/korneliarataj.com\\\/produkt\\\/lniana-bluzka-wiazana-twist-naturalny-len-2025\\\/#primaryimage\",\"url\":\"https:\\\/\\\/korneliarataj.com\\\/wp-content\\\/uploads\\\/2025\\\/04\\\/LB-LINEN-2025-LNIANA-BLUZKA-WIAZANA-TWIST-NATURALNY-LEN-1-scaled.webp\",\"contentUrl\":\"https:\\\/\\\/korneliarataj.com\\\/wp-content\\\/uploads\\\/2025\\\/04\\\/LB-LINEN-2025-LNIANA-BLUZKA-WIAZANA-TWIST-NATURALNY-LEN-1-scaled.webp\",\"width\":1365,\"height\":2048,\"caption\":\"Lniana bluzka wi\u0105zana twist \u2013 naturalny len\"},{\"@type\":\"BreadcrumbList\",\"@id\":\"https:\\\/\\\/korneliarataj.com\\\/produkt\\\/lniana-bluzka-wiazana-twist-naturalny-len-2025\\\/#breadcrumb\",\"itemListElement\":[{\"@type\":\"ListItem\",\"position\":1,\"name\":\"HOME\",\"item\":\"https:\\\/\\\/korneliarataj.com\\\/\"},{\"@type\":\"ListItem\",\"position\":2,\"name\":\"Products\",\"item\":\"https:\\\/\\\/korneliarataj.com\\\/en\\\/shop\\\/\"},{\"@type\":\"ListItem\",\"position\":3,\"name\":\"Lniana bluzka wi\u0105zana twist \u2013 naturalny len\"}]},{\"@type\":\"WebSite\",\"@id\":\"https:\\\/\\\/korneliarataj.com\\\/#website\",\"url\":\"https:\\\/\\\/korneliarataj.com\\\/\",\"name\":\"Stroje K\u0105pielowe i Odzie\u017c Lniana Sklep Kornelia Rataj\",\"description\":\"swimwear stroje k\u0105pielowe ubrania len lniane\",\"publisher\":{\"@id\":\"https:\\\/\\\/korneliarataj.com\\\/#organization\"},\"potentialAction\":[{\"@type\":\"SearchAction\",\"target\":{\"@type\":\"EntryPoint\",\"urlTemplate\":\"https:\\\/\\\/korneliarataj.com\\\/?s={search_term_string}\"},\"query-input\":{\"@type\":\"PropertyValueSpecification\",\"valueRequired\":true,\"valueName\":\"search_term_string\"}}],\"inLanguage\":\"en-GB\"},{\"@type\":\"Organization\",\"@id\":\"https:\\\/\\\/korneliarataj.com\\\/#organization\",\"name\":\"KORNELIARATAJ\",\"url\":\"https:\\\/\\\/korneliarataj.com\\\/\",\"logo\":{\"@type\":\"ImageObject\",\"inLanguage\":\"en-GB\",\"@id\":\"https:\\\/\\\/korneliarataj.com\\\/#\\\/schema\\\/logo\\\/image\\\/\",\"url\":\"https:\\\/\\\/korneliarataj.com\\\/wp-content\\\/uploads\\\/2020\\\/07\\\/LOGO-KR.svg\",\"contentUrl\":\"https:\\\/\\\/korneliarataj.com\\\/wp-content\\\/uploads\\\/2020\\\/07\\\/LOGO-KR.svg\",\"width\":1024,\"height\":1024,\"caption\":\"KORNELIARATAJ\"},\"image\":{\"@id\":\"https:\\\/\\\/korneliarataj.com\\\/#\\\/schema\\\/logo\\\/image\\\/\"},\"sameAs\":[\"http:\\\/\\\/www.facebook.com\\\/korneliaratajshop\",\"http:\\\/\\\/www.instagram.com\\\/korneliarataj\"]}]}<\/script>\n<!-- \/ Yoast SEO plugin. -->","yoast_head_json":{"title":"Linen twist tie blouse - natural linen - KORNELIARATAJ","description":"Double-sided sleeveless linen blouse tied with ties. Natural, feminine and airy - perfect for summer. Made in Poland from 100% linen.","robots":{"index":"index","follow":"follow","max-snippet":"max-snippet:-1","max-image-preview":"max-image-preview:large","max-video-preview":"max-video-preview:-1"},"canonical":"https:\/\/korneliarataj.com\/en\/product\/lniana-bluzka-wiazana-twist-naturalny-len-2025\/","og_locale":"en_GB","og_type":"article","og_title":"Lniana bluzka wi\u0105zana twist \u2013 naturalny len - KORNELIARATAJ","og_description":"Dwustronna lniana bluzka bez r\u0119kaw\u00f3w wi\u0105zana na troczki. Naturalna, kobieca i przewiewna \u2013 idealna na lato. Szyta w Polsce z 100% lnu.","og_url":"https:\/\/korneliarataj.com\/en\/product\/lniana-bluzka-wiazana-twist-naturalny-len-2025\/","og_site_name":"KORNELIARATAJ","article_publisher":"http:\/\/www.facebook.com\/korneliaratajshop","article_modified_time":"2026-04-10T15:13:01+00:00","og_image":[{"width":1365,"height":2048,"url":"https:\/\/korneliarataj.com\/wp-content\/uploads\/2025\/04\/LB-LINEN-2025-LNIANA-BLUZKA-WIAZANA-TWIST-NATURALNY-LEN-1-scaled.webp","type":"image\/webp"}],"twitter_card":"summary_large_image","twitter_misc":{"Estimated reading time":"1 minute"},"schema":{"@context":"https:\/\/schema.org","@graph":[{"@type":"WebPage","@id":"https:\/\/korneliarataj.com\/produkt\/lniana-bluzka-wiazana-twist-naturalny-len-2025\/","url":"https:\/\/korneliarataj.com\/produkt\/lniana-bluzka-wiazana-twist-naturalny-len-2025\/","name":"Linen twist tie blouse - natural linen - KORNELIARATAJ","isPartOf":{"@id":"https:\/\/korneliarataj.com\/#website"},"primaryImageOfPage":{"@id":"https:\/\/korneliarataj.com\/produkt\/lniana-bluzka-wiazana-twist-naturalny-len-2025\/#primaryimage"},"image":{"@id":"https:\/\/korneliarataj.com\/produkt\/lniana-bluzka-wiazana-twist-naturalny-len-2025\/#primaryimage"},"thumbnailUrl":"https:\/\/korneliarataj.com\/wp-content\/uploads\/2025\/04\/LB-LINEN-2025-LNIANA-BLUZKA-WIAZANA-TWIST-NATURALNY-LEN-1-scaled.webp","datePublished":"2025-04-23T07:26:54+00:00","dateModified":"2026-04-10T15:13:01+00:00","description":"Double-sided sleeveless linen blouse tied with ties. Natural, feminine and airy - perfect for summer. Made in Poland from 100% linen.","breadcrumb":{"@id":"https:\/\/korneliarataj.com\/produkt\/lniana-bluzka-wiazana-twist-naturalny-len-2025\/#breadcrumb"},"inLanguage":"en-GB","potentialAction":[{"@type":"ReadAction","target":["https:\/\/korneliarataj.com\/produkt\/lniana-bluzka-wiazana-twist-naturalny-len-2025\/"]}]},{"@type":"ImageObject","inLanguage":"en-GB","@id":"https:\/\/korneliarataj.com\/produkt\/lniana-bluzka-wiazana-twist-naturalny-len-2025\/#primaryimage","url":"https:\/\/korneliarataj.com\/wp-content\/uploads\/2025\/04\/LB-LINEN-2025-LNIANA-BLUZKA-WIAZANA-TWIST-NATURALNY-LEN-1-scaled.webp","contentUrl":"https:\/\/korneliarataj.com\/wp-content\/uploads\/2025\/04\/LB-LINEN-2025-LNIANA-BLUZKA-WIAZANA-TWIST-NATURALNY-LEN-1-scaled.webp","width":1365,"height":2048,"caption":"Lniana bluzka wi\u0105zana twist \u2013 naturalny len"},{"@type":"BreadcrumbList","@id":"https:\/\/korneliarataj.com\/produkt\/lniana-bluzka-wiazana-twist-naturalny-len-2025\/#breadcrumb","itemListElement":[{"@type":"ListItem","position":1,"name":"HOME","item":"https:\/\/korneliarataj.com\/"},{"@type":"ListItem","position":2,"name":"Products","item":"https:\/\/korneliarataj.com\/en\/shop\/"},{"@type":"ListItem","position":3,"name":"Lniana bluzka wi\u0105zana twist \u2013 naturalny len"}]},{"@type":"WebSite","@id":"https:\/\/korneliarataj.com\/#website","url":"https:\/\/korneliarataj.com\/","name":"Swimwear and Linen Clothing Shop Kornelia Rataj","description":"swimwear swimwear linen linen clothing","publisher":{"@id":"https:\/\/korneliarataj.com\/#organization"},"potentialAction":[{"@type":"SearchAction","target":{"@type":"EntryPoint","urlTemplate":"https:\/\/korneliarataj.com\/?s={search_term_string}"},"query-input":{"@type":"PropertyValueSpecification","valueRequired":true,"valueName":"search_term_string"}}],"inLanguage":"en-GB"},{"@type":"Organization","@id":"https:\/\/korneliarataj.com\/#organization","name":"KORNELIARATAJ","url":"https:\/\/korneliarataj.com\/","logo":{"@type":"ImageObject","inLanguage":"en-GB","@id":"https:\/\/korneliarataj.com\/#\/schema\/logo\/image\/","url":"https:\/\/korneliarataj.com\/wp-content\/uploads\/2020\/07\/LOGO-KR.svg","contentUrl":"https:\/\/korneliarataj.com\/wp-content\/uploads\/2020\/07\/LOGO-KR.svg","width":1024,"height":1024,"caption":"KORNELIARATAJ"},"image":{"@id":"https:\/\/korneliarataj.com\/#\/schema\/logo\/image\/"},"sameAs":["http:\/\/www.facebook.com\/korneliaratajshop","http:\/\/www.instagram.com\/korneliarataj"]}]}},"_links":{"self":[{"href":"https:\/\/korneliarataj.com\/en\/wp-json\/wp\/v2\/product\/317734","targetHints":{"allow":["GET"]}}],"collection":[{"href":"https:\/\/korneliarataj.com\/en\/wp-json\/wp\/v2\/product"}],"about":[{"href":"https:\/\/korneliarataj.com\/en\/wp-json\/wp\/v2\/types\/product"}],"wp:featuredmedia":[{"embeddable":true,"href":"https:\/\/korneliarataj.com\/en\/wp-json\/wp\/v2\/media\/317721"}],"wp:attachment":[{"href":"https:\/\/korneliarataj.com\/en\/wp-json\/wp\/v2\/media?parent=317734"}],"wp:term":[{"taxonomy":"product_brand","embeddable":true,"href":"https:\/\/korneliarataj.com\/en\/wp-json\/wp\/v2\/product_brand?post=317734"},{"taxonomy":"product_cat","embeddable":true,"href":"https:\/\/korneliarataj.com\/en\/wp-json\/wp\/v2\/product_cat?post=317734"},{"taxonomy":"product_tag","embeddable":true,"href":"https:\/\/korneliarataj.com\/en\/wp-json\/wp\/v2\/product_tag?post=317734"}],"curies":[{"name":"wp","href":"https:\/\/api.w.org\/{rel}","templated":true}]}}