{"id":317702,"date":"2025-04-23T00:58:19","date_gmt":"2025-04-22T22:58:19","guid":{"rendered":"https:\/\/korneliarataj.com\/?post_type=product&#038;p=317702"},"modified":"2026-04-12T13:05:24","modified_gmt":"2026-04-12T11:05:24","slug":"lniany-top-wiazany-na-plecach-tied-up-smietankowy-bialy-2025","status":"publish","type":"product","link":"https:\/\/korneliarataj.com\/en\/product\/lniany-top-wiazany-na-plecach-tied-up-smietankowy-bialy-2025\/","title":{"rendered":"Linen tied-back top - cream white"},"content":{"rendered":"","protected":false},"excerpt":{"rendered":"<p style=\"text-align: left;\"><strong>OPTIONS<\/strong><\/p>\n<p style=\"text-align: left;\"><a href=\"https:\/\/korneliarataj.com\/en\/product\/lniany-top-wiazany-na-plecach-tied-up-pastelowy-zolty-2025\/\" target=\"_blank\" rel=\"noopener noreferrer\"><img decoding=\"async\" src=\"https:\/\/korneliarataj.com\/wp-content\/uploads\/2025\/04\/LB-LINEN-2025-LNIANY-TOP-WIAZANY-TIED-UP-PASTELOWY-ZOLTY-1-200x300.webp\" width=\"100px\" \/><\/a>\u00a0<a href=\"https:\/\/korneliarataj.com\/en\/product\/lniany-top-wiazany-na-plecach-tied-up-naturalny-len-2025\/\" target=\"_blank\" rel=\"noopener noreferrer\"><img decoding=\"async\" src=\"https:\/\/korneliarataj.com\/wp-content\/uploads\/2025\/04\/LB-LINEN-2025-LNIANY-TOP-WIAZANY-TIED-UP-NATURALNY-LEN-1-200x300.webp\" width=\"100px\" \/><\/a>\u00a0<a href=\"https:\/\/korneliarataj.com\/en\/product\/lniany-top-wiazany-na-plecach-tied-up-czarny-2025\/\" target=\"_blank\" rel=\"noopener noreferrer\"><img decoding=\"async\" src=\"https:\/\/korneliarataj.com\/wp-content\/uploads\/2025\/04\/LB-LINEN-2025-LNIANY-TOP-WIAZANY-TIED-UP-CZARNY-1-200x300.webp\" width=\"100px\" \/><\/a><\/p>\n<p style=\"text-align: left;\"><u><strong>White double layer linen tie back top - a fresh and feminine choice for summer<\/strong><\/u><\/p>\n<p style=\"text-align: left;\">This white linen top is a delicate, illuminating option for lovers of natural, subtle styling. The tie at the back adds a special touch and allows for a perfect fit. The open front and open back create a sensual yet elegant look.<br \/>\nMade from the highest quality 100% linen from a Polish manufacturer, this top is soft, breathable and comfortable - perfect for warm summer days. The double-layered construction ensures adequate support and prevents see-through, making it a practical and stylish choice.<\/p>\n<p style=\"text-align: left;\"><strong>Details that matter<\/strong><br \/>\n- Sewn in Poland, in the family workshop in Czernica,<br \/>\n- Natural, softened linen from a local producer,<br \/>\n- Binding for a perfect fit,<br \/>\n- It goes well with other products from the linen collection: <strong><a href=\"https:\/\/korneliarataj.com\/en\/spodenki-lniane\/\" target=\"_blank\" rel=\"noopener noreferrer\">shorts<\/a><\/strong>, <strong><a href=\"https:\/\/korneliarataj.com\/en\/spodnice-lniane\/\" target=\"_blank\" rel=\"noopener noreferrer\">skirt<\/a><\/strong> i <strong><a href=\"https:\/\/korneliarataj.com\/en\/gumki-do-wlosow-lniane\/\" target=\"_blank\" rel=\"noopener noreferrer\">scrunchie<\/a><\/strong>.<br \/>\nAvailable in 4 timeless colours and 3 sizes - easily adaptable to your silhouette and wardrobe.<\/p>\n<p style=\"text-align: left;\"><strong>Model dimensions<\/strong><br \/>\nThe model Paulina in the picture is wearing size XS<br \/>\nBust circumference: 81<br \/>\nCircumference under bust: 72<br \/>\nCup: B\/C<br \/>\nWaist circumference: 60<br \/>\nHip circumference: 85<br \/>\nHeight: 171<\/p>\n<p style=\"text-align: left;\"><strong>Naturalness and quality in every detail<\/strong><br \/>\nOur products are made from 100% linen, which we source from local suppliers. We design and sew in our own workshop, taking care of every detail.<br \/>\nAdd to your basket and create your total linen look - comfortable, stylish and 100% natural.<\/p>\n<p style=\"text-align: left;\"><strong>Cream white linen colour<\/strong><br \/>\nLinen in an off-white shade is a soft alternative to pure white - creamier, warmer and more subtle. This shade enhances the lightness of the look and adds softness. Off-white linen looks great on any complexion, illuminating the complexion and creating an elegant, unforced look, further accentuating the tan. It is the perfect choice for lovers of natural tones and classics with a touch of freshness. White linen is a timeless choice for summer days.<\/p>\n<p style=\"text-align: left;\"><strong>Composition and care<\/strong><br \/>\n- 100% flax<br \/>\n- Weight: 140 g\/m\u00b2<br \/>\n- Hand wash or gentle wash at 30\u00b0C<br \/>\n- Iron at max. 150\u00b0C<\/p>","protected":false},"featured_media":317693,"template":"","meta":[],"product_brand":[500],"product_cat":[639,621,76,644,634,92],"product_tag":[],"class_list":{"0":"post-317702","1":"product","2":"type-product","3":"status-publish","4":"has-post-thumbnail","6":"product_brand-korneliarataj","7":"product_cat-kategorie-lniane","8":"product_cat-kolory-lniane","9":"product_cat-linen","10":"product_cat-sale-linen-2025","11":"product_cat-smietankowy-bialy-lniane","12":"product_cat-topy-lniane","13":"flv-has-gallery","15":"first","16":"instock","17":"sale","18":"taxable","19":"shipping-taxable","20":"purchasable","21":"product-type-variable","22":"has-default-attributes"},"yoast_head":"<!-- This site is optimized with the Yoast SEO plugin v27.3 - https:\/\/yoast.com\/product\/yoast-seo-wordpress\/ -->\n<title>Lniany top wi\u0105zany na plecach tied-up - \u015bmietankowy bia\u0142y - KORNELIARATAJ<\/title>\n<meta name=\"description\" content=\"Bia\u0142y lniany top wi\u0105zany na plecach \u2013 kobiecy, przewiewny i szyty w Polsce z naturalnego lnu. Klasyka na lato.\" \/>\n<meta name=\"robots\" content=\"index, follow, max-snippet:-1, max-image-preview:large, max-video-preview:-1\" \/>\n<link rel=\"canonical\" href=\"https:\/\/korneliarataj.com\/en\/product\/lniany-top-wiazany-na-plecach-tied-up-smietankowy-bialy-2025\/\" \/>\n<meta property=\"og:locale\" content=\"en_GB\" \/>\n<meta property=\"og:type\" content=\"article\" \/>\n<meta property=\"og:title\" content=\"Lniany top wi\u0105zany na plecach tied-up - \u015bmietankowy bia\u0142y - KORNELIARATAJ\" \/>\n<meta property=\"og:description\" content=\"Bia\u0142y lniany top wi\u0105zany na plecach \u2013 kobiecy, przewiewny i szyty w Polsce z naturalnego lnu. Klasyka na lato.\" \/>\n<meta property=\"og:url\" content=\"https:\/\/korneliarataj.com\/en\/product\/lniany-top-wiazany-na-plecach-tied-up-smietankowy-bialy-2025\/\" \/>\n<meta property=\"og:site_name\" content=\"KORNELIARATAJ\" \/>\n<meta property=\"article:publisher\" content=\"http:\/\/www.facebook.com\/korneliaratajshop\" \/>\n<meta property=\"article:modified_time\" content=\"2026-04-12T11:05:24+00:00\" \/>\n<meta property=\"og:image\" content=\"https:\/\/korneliarataj.com\/wp-content\/uploads\/2025\/04\/LB-LINEN-2025-LNIANY-TOP-WIAZANY-TIED-UP-SMIETANKOWY-BIALY-1-scaled.webp\" \/>\n\t<meta property=\"og:image:width\" content=\"1365\" \/>\n\t<meta property=\"og:image:height\" content=\"2048\" \/>\n\t<meta property=\"og:image:type\" content=\"image\/webp\" \/>\n<meta name=\"twitter:card\" content=\"summary_large_image\" \/>\n<meta name=\"twitter:label1\" content=\"Estimated reading time\" \/>\n\t<meta name=\"twitter:data1\" content=\"1 minute\" \/>\n<script type=\"application\/ld+json\" class=\"yoast-schema-graph\">{\"@context\":\"https:\\\/\\\/schema.org\",\"@graph\":[{\"@type\":\"WebPage\",\"@id\":\"https:\\\/\\\/korneliarataj.com\\\/produkt\\\/lniany-top-wiazany-na-plecach-tied-up-smietankowy-bialy-2025\\\/\",\"url\":\"https:\\\/\\\/korneliarataj.com\\\/produkt\\\/lniany-top-wiazany-na-plecach-tied-up-smietankowy-bialy-2025\\\/\",\"name\":\"Lniany top wi\u0105zany na plecach tied-up - \u015bmietankowy bia\u0142y - KORNELIARATAJ\",\"isPartOf\":{\"@id\":\"https:\\\/\\\/korneliarataj.com\\\/#website\"},\"primaryImageOfPage\":{\"@id\":\"https:\\\/\\\/korneliarataj.com\\\/produkt\\\/lniany-top-wiazany-na-plecach-tied-up-smietankowy-bialy-2025\\\/#primaryimage\"},\"image\":{\"@id\":\"https:\\\/\\\/korneliarataj.com\\\/produkt\\\/lniany-top-wiazany-na-plecach-tied-up-smietankowy-bialy-2025\\\/#primaryimage\"},\"thumbnailUrl\":\"https:\\\/\\\/korneliarataj.com\\\/wp-content\\\/uploads\\\/2025\\\/04\\\/LB-LINEN-2025-LNIANY-TOP-WIAZANY-TIED-UP-SMIETANKOWY-BIALY-1-scaled.webp\",\"datePublished\":\"2025-04-22T22:58:19+00:00\",\"dateModified\":\"2026-04-12T11:05:24+00:00\",\"description\":\"Bia\u0142y lniany top wi\u0105zany na plecach \u2013 kobiecy, przewiewny i szyty w Polsce z naturalnego lnu. Klasyka na lato.\",\"breadcrumb\":{\"@id\":\"https:\\\/\\\/korneliarataj.com\\\/produkt\\\/lniany-top-wiazany-na-plecach-tied-up-smietankowy-bialy-2025\\\/#breadcrumb\"},\"inLanguage\":\"en-GB\",\"potentialAction\":[{\"@type\":\"ReadAction\",\"target\":[\"https:\\\/\\\/korneliarataj.com\\\/produkt\\\/lniany-top-wiazany-na-plecach-tied-up-smietankowy-bialy-2025\\\/\"]}]},{\"@type\":\"ImageObject\",\"inLanguage\":\"en-GB\",\"@id\":\"https:\\\/\\\/korneliarataj.com\\\/produkt\\\/lniany-top-wiazany-na-plecach-tied-up-smietankowy-bialy-2025\\\/#primaryimage\",\"url\":\"https:\\\/\\\/korneliarataj.com\\\/wp-content\\\/uploads\\\/2025\\\/04\\\/LB-LINEN-2025-LNIANY-TOP-WIAZANY-TIED-UP-SMIETANKOWY-BIALY-1-scaled.webp\",\"contentUrl\":\"https:\\\/\\\/korneliarataj.com\\\/wp-content\\\/uploads\\\/2025\\\/04\\\/LB-LINEN-2025-LNIANY-TOP-WIAZANY-TIED-UP-SMIETANKOWY-BIALY-1-scaled.webp\",\"width\":1365,\"height\":2048,\"caption\":\"Lniany top wia\u0328zany na plecach tied-up smietankowy bialy\"},{\"@type\":\"BreadcrumbList\",\"@id\":\"https:\\\/\\\/korneliarataj.com\\\/produkt\\\/lniany-top-wiazany-na-plecach-tied-up-smietankowy-bialy-2025\\\/#breadcrumb\",\"itemListElement\":[{\"@type\":\"ListItem\",\"position\":1,\"name\":\"HOME\",\"item\":\"https:\\\/\\\/korneliarataj.com\\\/\"},{\"@type\":\"ListItem\",\"position\":2,\"name\":\"Products\",\"item\":\"https:\\\/\\\/korneliarataj.com\\\/en\\\/shop\\\/\"},{\"@type\":\"ListItem\",\"position\":3,\"name\":\"Lniany top wi\u0105zany na plecach tied-up &#8211; \u015bmietankowy bia\u0142y\"}]},{\"@type\":\"WebSite\",\"@id\":\"https:\\\/\\\/korneliarataj.com\\\/#website\",\"url\":\"https:\\\/\\\/korneliarataj.com\\\/\",\"name\":\"Stroje K\u0105pielowe i Odzie\u017c Lniana Sklep Kornelia Rataj\",\"description\":\"swimwear stroje k\u0105pielowe ubrania len lniane\",\"publisher\":{\"@id\":\"https:\\\/\\\/korneliarataj.com\\\/#organization\"},\"potentialAction\":[{\"@type\":\"SearchAction\",\"target\":{\"@type\":\"EntryPoint\",\"urlTemplate\":\"https:\\\/\\\/korneliarataj.com\\\/?s={search_term_string}\"},\"query-input\":{\"@type\":\"PropertyValueSpecification\",\"valueRequired\":true,\"valueName\":\"search_term_string\"}}],\"inLanguage\":\"en-GB\"},{\"@type\":\"Organization\",\"@id\":\"https:\\\/\\\/korneliarataj.com\\\/#organization\",\"name\":\"KORNELIARATAJ\",\"url\":\"https:\\\/\\\/korneliarataj.com\\\/\",\"logo\":{\"@type\":\"ImageObject\",\"inLanguage\":\"en-GB\",\"@id\":\"https:\\\/\\\/korneliarataj.com\\\/#\\\/schema\\\/logo\\\/image\\\/\",\"url\":\"https:\\\/\\\/korneliarataj.com\\\/wp-content\\\/uploads\\\/2020\\\/07\\\/LOGO-KR.svg\",\"contentUrl\":\"https:\\\/\\\/korneliarataj.com\\\/wp-content\\\/uploads\\\/2020\\\/07\\\/LOGO-KR.svg\",\"width\":1024,\"height\":1024,\"caption\":\"KORNELIARATAJ\"},\"image\":{\"@id\":\"https:\\\/\\\/korneliarataj.com\\\/#\\\/schema\\\/logo\\\/image\\\/\"},\"sameAs\":[\"http:\\\/\\\/www.facebook.com\\\/korneliaratajshop\",\"http:\\\/\\\/www.instagram.com\\\/korneliarataj\"]}]}<\/script>\n<!-- \/ Yoast SEO plugin. -->","yoast_head_json":{"title":"Linen tied-back top - cream white - KORNELIARATAJ","description":"White linen top tied at the back - feminine, airy and sewn in Poland from natural linen. A classic for the summer.","robots":{"index":"index","follow":"follow","max-snippet":"max-snippet:-1","max-image-preview":"max-image-preview:large","max-video-preview":"max-video-preview:-1"},"canonical":"https:\/\/korneliarataj.com\/en\/product\/lniany-top-wiazany-na-plecach-tied-up-smietankowy-bialy-2025\/","og_locale":"en_GB","og_type":"article","og_title":"Lniany top wi\u0105zany na plecach tied-up - \u015bmietankowy bia\u0142y - KORNELIARATAJ","og_description":"Bia\u0142y lniany top wi\u0105zany na plecach \u2013 kobiecy, przewiewny i szyty w Polsce z naturalnego lnu. Klasyka na lato.","og_url":"https:\/\/korneliarataj.com\/en\/product\/lniany-top-wiazany-na-plecach-tied-up-smietankowy-bialy-2025\/","og_site_name":"KORNELIARATAJ","article_publisher":"http:\/\/www.facebook.com\/korneliaratajshop","article_modified_time":"2026-04-12T11:05:24+00:00","og_image":[{"width":1365,"height":2048,"url":"https:\/\/korneliarataj.com\/wp-content\/uploads\/2025\/04\/LB-LINEN-2025-LNIANY-TOP-WIAZANY-TIED-UP-SMIETANKOWY-BIALY-1-scaled.webp","type":"image\/webp"}],"twitter_card":"summary_large_image","twitter_misc":{"Estimated reading time":"1 minute"},"schema":{"@context":"https:\/\/schema.org","@graph":[{"@type":"WebPage","@id":"https:\/\/korneliarataj.com\/produkt\/lniany-top-wiazany-na-plecach-tied-up-smietankowy-bialy-2025\/","url":"https:\/\/korneliarataj.com\/produkt\/lniany-top-wiazany-na-plecach-tied-up-smietankowy-bialy-2025\/","name":"Linen tied-back top - cream white - KORNELIARATAJ","isPartOf":{"@id":"https:\/\/korneliarataj.com\/#website"},"primaryImageOfPage":{"@id":"https:\/\/korneliarataj.com\/produkt\/lniany-top-wiazany-na-plecach-tied-up-smietankowy-bialy-2025\/#primaryimage"},"image":{"@id":"https:\/\/korneliarataj.com\/produkt\/lniany-top-wiazany-na-plecach-tied-up-smietankowy-bialy-2025\/#primaryimage"},"thumbnailUrl":"https:\/\/korneliarataj.com\/wp-content\/uploads\/2025\/04\/LB-LINEN-2025-LNIANY-TOP-WIAZANY-TIED-UP-SMIETANKOWY-BIALY-1-scaled.webp","datePublished":"2025-04-22T22:58:19+00:00","dateModified":"2026-04-12T11:05:24+00:00","description":"White linen top tied at the back - feminine, airy and sewn in Poland from natural linen. A classic for the summer.","breadcrumb":{"@id":"https:\/\/korneliarataj.com\/produkt\/lniany-top-wiazany-na-plecach-tied-up-smietankowy-bialy-2025\/#breadcrumb"},"inLanguage":"en-GB","potentialAction":[{"@type":"ReadAction","target":["https:\/\/korneliarataj.com\/produkt\/lniany-top-wiazany-na-plecach-tied-up-smietankowy-bialy-2025\/"]}]},{"@type":"ImageObject","inLanguage":"en-GB","@id":"https:\/\/korneliarataj.com\/produkt\/lniany-top-wiazany-na-plecach-tied-up-smietankowy-bialy-2025\/#primaryimage","url":"https:\/\/korneliarataj.com\/wp-content\/uploads\/2025\/04\/LB-LINEN-2025-LNIANY-TOP-WIAZANY-TIED-UP-SMIETANKOWY-BIALY-1-scaled.webp","contentUrl":"https:\/\/korneliarataj.com\/wp-content\/uploads\/2025\/04\/LB-LINEN-2025-LNIANY-TOP-WIAZANY-TIED-UP-SMIETANKOWY-BIALY-1-scaled.webp","width":1365,"height":2048,"caption":"Lniany top wia\u0328zany na plecach tied-up smietankowy bialy"},{"@type":"BreadcrumbList","@id":"https:\/\/korneliarataj.com\/produkt\/lniany-top-wiazany-na-plecach-tied-up-smietankowy-bialy-2025\/#breadcrumb","itemListElement":[{"@type":"ListItem","position":1,"name":"HOME","item":"https:\/\/korneliarataj.com\/"},{"@type":"ListItem","position":2,"name":"Products","item":"https:\/\/korneliarataj.com\/en\/shop\/"},{"@type":"ListItem","position":3,"name":"Lniany top wi\u0105zany na plecach tied-up &#8211; \u015bmietankowy bia\u0142y"}]},{"@type":"WebSite","@id":"https:\/\/korneliarataj.com\/#website","url":"https:\/\/korneliarataj.com\/","name":"Swimwear and Linen Clothing Shop Kornelia Rataj","description":"swimwear swimwear linen linen clothing","publisher":{"@id":"https:\/\/korneliarataj.com\/#organization"},"potentialAction":[{"@type":"SearchAction","target":{"@type":"EntryPoint","urlTemplate":"https:\/\/korneliarataj.com\/?s={search_term_string}"},"query-input":{"@type":"PropertyValueSpecification","valueRequired":true,"valueName":"search_term_string"}}],"inLanguage":"en-GB"},{"@type":"Organization","@id":"https:\/\/korneliarataj.com\/#organization","name":"KORNELIARATAJ","url":"https:\/\/korneliarataj.com\/","logo":{"@type":"ImageObject","inLanguage":"en-GB","@id":"https:\/\/korneliarataj.com\/#\/schema\/logo\/image\/","url":"https:\/\/korneliarataj.com\/wp-content\/uploads\/2020\/07\/LOGO-KR.svg","contentUrl":"https:\/\/korneliarataj.com\/wp-content\/uploads\/2020\/07\/LOGO-KR.svg","width":1024,"height":1024,"caption":"KORNELIARATAJ"},"image":{"@id":"https:\/\/korneliarataj.com\/#\/schema\/logo\/image\/"},"sameAs":["http:\/\/www.facebook.com\/korneliaratajshop","http:\/\/www.instagram.com\/korneliarataj"]}]}},"_links":{"self":[{"href":"https:\/\/korneliarataj.com\/en\/wp-json\/wp\/v2\/product\/317702","targetHints":{"allow":["GET"]}}],"collection":[{"href":"https:\/\/korneliarataj.com\/en\/wp-json\/wp\/v2\/product"}],"about":[{"href":"https:\/\/korneliarataj.com\/en\/wp-json\/wp\/v2\/types\/product"}],"wp:featuredmedia":[{"embeddable":true,"href":"https:\/\/korneliarataj.com\/en\/wp-json\/wp\/v2\/media\/317693"}],"wp:attachment":[{"href":"https:\/\/korneliarataj.com\/en\/wp-json\/wp\/v2\/media?parent=317702"}],"wp:term":[{"taxonomy":"product_brand","embeddable":true,"href":"https:\/\/korneliarataj.com\/en\/wp-json\/wp\/v2\/product_brand?post=317702"},{"taxonomy":"product_cat","embeddable":true,"href":"https:\/\/korneliarataj.com\/en\/wp-json\/wp\/v2\/product_cat?post=317702"},{"taxonomy":"product_tag","embeddable":true,"href":"https:\/\/korneliarataj.com\/en\/wp-json\/wp\/v2\/product_tag?post=317702"}],"curies":[{"name":"wp","href":"https:\/\/api.w.org\/{rel}","templated":true}]}}