{"id":309096,"date":"2025-01-26T05:37:44","date_gmt":"2025-01-26T04:37:44","guid":{"rendered":"https:\/\/korneliarataj.com\/?post_type=product&#038;p=309096"},"modified":"2026-04-10T09:54:08","modified_gmt":"2026-04-10T07:54:08","slug":"the-special-one-stroj-kapielowy-jednoczesciowy-aqua-2025","status":"publish","type":"product","link":"https:\/\/korneliarataj.com\/en\/product\/the-special-one-stroj-kapielowy-jednoczesciowy-aqua-2025\/","title":{"rendered":"The Special One - Aqua one-piece swimsuit"},"content":{"rendered":"","protected":false},"excerpt":{"rendered":"<p style=\"text-align: left;\"><strong>OPTIONS<\/strong><\/p>\n<p style=\"text-align: left;\"><a href=\"https:\/\/korneliarataj.com\/en\/product\/the-special-one-stroj-kapielowy-jednoczesciowy-sunset-2025\/\" target=\"_blank\" rel=\"noopener noreferrer\"><img decoding=\"async\" src=\"https:\/\/korneliarataj.com\/wp-content\/uploads\/2025\/01\/2025-THE-SPECIAL-ONE-SUNSET-1.webp\" width=\"100px\" \/><\/a><a href=\"https:\/\/korneliarataj.com\/en\/product\/the-special-one-stroj-kapielowy-jednoczesciowy-sunshine-2025\/\" target=\"_blank\" rel=\"noopener noreferrer\"><img decoding=\"async\" src=\"https:\/\/korneliarataj.com\/wp-content\/uploads\/2025\/01\/2025-THE-SPECIAL-ONE-SUNSHINE-1.webp\" width=\"100px\" \/><\/a><a href=\"https:\/\/korneliarataj.com\/en\/product\/the-special-one-stroj-kapielowy-jednoczesciowy-hibiscus-2025\/\" target=\"_blank\" rel=\"noopener noreferrer\"><img decoding=\"async\" src=\"https:\/\/korneliarataj.com\/wp-content\/uploads\/2025\/01\/2025-THE-SPECIAL-ONE-HIBISCUS-1.webp\" width=\"100px\" \/><\/a><a href=\"https:\/\/korneliarataj.com\/en\/product\/the-special-one-stroj-kapielowy-jednoczesciowy-wood-2025\/\" target=\"_blank\" rel=\"noopener noreferrer\"><img decoding=\"async\" src=\"https:\/\/korneliarataj.com\/wp-content\/uploads\/2025\/01\/2025-THE-SPECIAL-ONE-WOOD-1.webp\" width=\"100px\" \/><\/a>\u00a0<a href=\"https:\/\/korneliarataj.com\/en\/product\/the-special-one-stroj-kapielowy-jednoczesciowy-coconut-2025\/\" target=\"_blank\" rel=\"noopener noreferrer\"><img decoding=\"async\" src=\"https:\/\/korneliarataj.com\/wp-content\/uploads\/2025\/01\/2025-THE-SPECIAL-ONE-COCONUT-1.webp\" width=\"100px\" \/><\/a>\u00a0<a href=\"https:\/\/korneliarataj.com\/en\/product\/the-special-one-stroj-kapielowy-jednoczesciowy-black-2025\/\" target=\"_blank\" rel=\"noopener noreferrer\"><img decoding=\"async\" src=\"https:\/\/korneliarataj.com\/wp-content\/uploads\/2025\/01\/2025-THE-SPECIAL-ONE-BLACK-1.webp\" width=\"100px\" \/><\/a><\/p>\n<p style=\"text-align: left;\"><u><strong>The Special One - one-piece swimsuit<\/strong><\/u><\/p>\n<p style=\"text-align: left;\"><strong>One-piece swimming costume - minimalist elegance and unique design<\/strong>. This bestselling one-piece swimming costume with its timeless, minimalist design is the perfect choice for the beach. The model is distinguished by the deep V-shaped neckline at the front and the straps crossed at the back, which give the whole piece a unique character. The waist tie and adjustable strap lengths ensure a customised fit.<\/p>\n<p style=\"text-align: left;\">The form, high-waist and cut-outs of the swimsuit optically lengthen the legs, slenderise the silhouette and emphasise femininity to the extreme. The adjustable cut makes the model suitable for both small and large breasts, offering comfort thanks to the high-quality material with the right weight.<\/p>\n<p style=\"text-align: left;\">This is a unique model that combines elegance, uniqueness and a touch of sensuality. If you are looking for a swimming costume that accentuates your silhouette and want to feel extremely special on the beach, this one-piece swimming costume will be the perfect choice.<\/p>\n<p style=\"text-align: left;\">\"The special one is our pillar bestselling model. It is distinguished by its bold yet unique cut in which many a woman rediscovers herself. When properly knotted, the swimsuit is comfortable and although it's not a swimsuit for active beach time, you'll definitely feel extremely special in it and that's worth more than you can imagine. Check out the fit and take your The special one on its own special journey for you.\"<\/p>\n<p style=\"text-align: left;\"><img decoding=\"async\" src=\"https:\/\/korneliarataj.com\/wp-content\/uploads\/2020\/09\/SIGNATURE-1024x189.png\" width=\"300\" height=\"75\" \/><\/p>\n<p style=\"text-align: left;\"><strong>High quality materials<\/strong><\/p>\n<p style=\"text-align: left;\">The swimsuit is made of high-quality lycra <strong>econyl<\/strong><strong class=\"copyright\">\u24c7<\/strong>recycled materials that meet the highest quality standards, including certified <strong>OEKO-TEX Standard 100<\/strong>. The material is characterised by:<br \/>\n\u2013 <strong>protection against UV radiation<\/strong>,<br \/>\n\u2013 <strong>bi-directional flexibility<\/strong>which provides comfort,<br \/>\n\u2013 <strong>resistant to chlorine and fading<\/strong>,<br \/>\n\u2013 <strong>sustainability<\/strong>, even when coming into contact with oils and sun creams,<br \/>\n\u2013 <strong>ecological production process<\/strong> - recycled fibre<\/p>\n<p>&nbsp;<\/p>\n<p style=\"text-align: left;\"><strong>Aesthetics and comfort in every detail<\/strong><\/p>\n<p style=\"text-align: left;\">Every detail has been designed with your comfort in mind:<\/p>\n<p>\u2013 <strong>Swimwear is sewn in two layers<\/strong>, they provide comfort and adequate coverage.<br \/>\n\u2013 <strong>Hidden seams<\/strong> provide exceptional wearing comfort.<br \/>\n\u2013 <strong>Heat-sealable label<\/strong> guarantees enjoyment.<\/p>\n<p style=\"text-align: left;\">The Special One swimming costume is available in three timeless colours -. <strong>black, white, brown and seasonal shades<\/strong>.<\/p>\n<p style=\"text-align: left;\">The swimsuit is available in 3 sizes. The model is wearing size M\/L.<\/p>\n<p>&nbsp;<\/p>\n<p style=\"text-align: left;\"><strong>Local production - sewn in Poland<\/strong><\/p>\n<p style=\"text-align: left;\">Our swimwear is made in our family workshop in Czernica with attention to every detail. The products are distinguished by their careful workmanship, durability and aesthetics, which are appreciated by our customers.<\/p>\n<p style=\"text-align: left;\"><strong><u><\/p>\n<div class=\"kr-collapse is-noarrow\" data-rel=\"instrukcja\">\n    <button type=\"button\" class=\"kr-collapse__trigger\"\n      aria-expanded=\"false\"\n      aria-controls=\"kr-exp-1\"><br \/>\n      TYING INSTRUCTIONS<br \/>\n    <\/button><\/p>\n<div id=\"kr-exp-1\" class=\"kr-collapse__panel\" hidden>\n<div class=\"kr-collapse__content\"><\/u><\/strong><\/p>\n<p style=\"text-align: left;\"><strong>Watch the video to find out how to tie The Special One costume<\/strong><br \/>\n<iframe src=\"https:\/\/www.youtube.com\/embed\/vijK79-sqlY\" width=\"300\" height=\"1120\" frameborder=\"0\" allowfullscreen=\"allowfullscreen\"><\/iframe><br \/>\n<strong>Step-by-step swimming costume tying instructions:<\/strong><br \/>\n1. <strong>Put the costume against your body:<\/strong><br \/>\nMake sure the 'V' neckline ends a few inches above the navel.<br \/>\n2. <strong>Tie the top ties at the neck:<\/strong><br \/>\nTie the working long straps at the back of the neck to hold the costume in place.<br \/>\n3. <strong>Tie side ties at the front:<\/strong><br \/>\nGrab the side straps and tie them in a working fashion at the front, just below the 'V' neckline, so that the bodysuit fits snugly.<br \/>\n4. <strong>Prepare straps to cross on the back:<\/strong><br \/>\nUntie the top tie at the neck, arrange the straps to hang freely straight down the back.<br \/>\n5. <strong>Cross the straps on the back:<\/strong><br \/>\nLower your arms down, bring them sideways towards your back and catch the straps - left strap in your right hand, right strap in your left hand, so that they cross on your back.<br \/>\n6. <strong>Pull on the straps and untie the side ties at the front:<\/strong><br \/>\nPull the crossed straps firmly across the back, then untie the working tie at the front.<br \/>\n7. <strong>Carry out the final binding:<\/strong><br \/>\nGrab the side strap together with the back strap in one hand, do the same on the other side. Tie them together at the sides to securely fit the costume.<br \/>\n8. <strong>Hide the protruding ends:<\/strong><br \/>\nOnce tied, tuck two of the four protruding ends underneath the costume for a neat look.<br \/>\n9. <strong>Customise the costume:<\/strong><br \/>\nCorrect the positioning of the straps on the back and front. Adjust the straps coming out of the back to be just at the sides, directly under the bust. Make sure the whole thing fits well and is comfortable.<br \/>\nDone! Your costume is now correctly knotted and perfectly fitted to your figure.<\/div>\n<\/p><\/div>\n<\/p><\/div>\n<\/p>\n<p style=\"text-align: left;\"><strong><u><\/p>\n<div class=\"kr-collapse is-noarrow\" data-rel=\"kolor\">\n    <button type=\"button\" class=\"kr-collapse__trigger\"\n      aria-expanded=\"false\"\n      aria-controls=\"kr-exp-2\"><br \/>\n      COLOUR DESCRIPTION<br \/>\n    <\/button><\/p>\n<div id=\"kr-exp-2\" class=\"kr-collapse__panel\" hidden>\n<div class=\"kr-collapse__content\"><\/u><\/strong><\/p>\n<p style=\"text-align: left;\"><strong><a href=\"https:\/\/korneliarataj.com\/en\/kolor-aqua-stroje\/\" target=\"_blank\" rel=\"noopener noreferrer\"><u>Colour AQUA<\/u><\/a> - Transparent water of the Paradise Coast<\/strong>.<br \/>\n<strong>Mint and turquoise swimsuit<\/strong>inspired by the crystal clear waters of paradise shores, is the perfect choice for lovers of fresh and elegant looks. This pastel green-blue, refreshing shade perfectly enhances the beauty of any complexion - from light porcelain skin to olive skin to darker complexions.<br \/>\n\u2013 <strong>Light, porcelain complexion<\/strong>: Gives freshness to the skin and breaks up cool tones.<br \/>\n\u2013 <strong>Olive complexion<\/strong>: Illuminates the skin, highlighting its natural warmth.<br \/>\n\u2013 <strong>Darker skin<\/strong>: Creates a contrast that emphasises the depth and intensity of skin colour.<br \/>\n<strong>Swimwear in a shade of mint and turquoise<\/strong> They work well in both one-piece styles that slenderise the silhouette and bikinis that add lightness and youthfulness.<br \/>\n<strong>Why choose a mint-coloured swimsuit?<\/strong><br \/>\nIt's a must-have for summer 2025 - fresh, elegant and unique. Choose this colour to feel the holiday energy and emphasise your femininity.<\/div>\n<\/p><\/div>\n<\/p><\/div>\n<\/p>\n<p style=\"text-align: left;\"><strong><u><\/p>\n<div class=\"kr-collapse is-noarrow\" data-rel=\"wymiary\">\n    <button type=\"button\" class=\"kr-collapse__trigger\"\n      aria-expanded=\"false\"\n      aria-controls=\"kr-exp-3\"><br \/>\n      MODEL DIMENSIONS<br \/>\n    <\/button><\/p>\n<div id=\"kr-exp-3\" class=\"kr-collapse__panel\" hidden>\n<div class=\"kr-collapse__content\"><\/u><\/strong><\/p>\n<p style=\"text-align: left;\">Bust circumference: 92cm<br \/>\nCircumference under bust: 80cm<br \/>\nCup: C<br \/>\nWaist circumference: 73cm<br \/>\nHip circumference: 103cm<br \/>\nHeight: 169cm<\/div>\n<\/p><\/div>\n<\/p><\/div>\n<\/p>\n<p style=\"text-align: left;\"><strong><u><\/p>\n<div class=\"kr-collapse is-noarrow\" data-rel=\"sklad\">\n    <button type=\"button\" class=\"kr-collapse__trigger\"\n      aria-expanded=\"false\"\n      aria-controls=\"kr-exp-4\"><br \/>\n      COMPOSITION AND CARE INSTRUCTIONS<br \/>\n    <\/button><\/p>\n<div id=\"kr-exp-4\" class=\"kr-collapse__panel\" hidden>\n<div class=\"kr-collapse__content\"><\/u><\/strong><\/p>\n<p style=\"text-align: left;\">78% recycled polyamide<br \/>\n22% elastane<br \/>\nsoft wash at 30\u00b0C with similar colours<br \/>\nhand wash, with similar colours<br \/>\niron at max. 110\u00b0c<br \/>\ndo not bleach<br \/>\ndo not tumble dry<\/p>\n<\/div><\/div>\n<\/p><\/div>","protected":false},"featured_media":312762,"template":"","meta":[],"product_brand":[500],"product_cat":[514,528,561,646,565],"product_tag":[509],"class_list":{"0":"post-309096","1":"product","2":"type-product","3":"status-publish","4":"has-post-thumbnail","6":"product_brand-korneliarataj","7":"product_cat-aqua-swimwear","8":"product_cat-jednoczesciowe-swimwear","9":"product_cat-kolory-swimwear","10":"product_cat-sale-swimwear-2025","11":"product_cat-wiazane-jednoczesciowe","12":"product_tag-aqua","13":"flv-has-gallery","15":"first","16":"outofstock","17":"taxable","18":"shipping-taxable","19":"product-type-variable"},"yoast_head":"<!-- This site is optimized with the Yoast SEO plugin v27.3 - https:\/\/yoast.com\/product\/yoast-seo-wordpress\/ -->\n<title>The Special One - str\u00f3j k\u0105pielowy jednocz\u0119\u015bciowy Aqua - KORNELIARATAJ<\/title>\n<meta name=\"description\" content=\"Kornelia Rataj. Minimalist Women&#039;s Collection, Basic, Swimwear. HANDMADE IN POLAND WITH LOVE.\" \/>\n<meta name=\"robots\" content=\"index, follow, max-snippet:-1, max-image-preview:large, max-video-preview:-1\" \/>\n<link rel=\"canonical\" href=\"https:\/\/korneliarataj.com\/en\/product\/the-special-one-stroj-kapielowy-jednoczesciowy-aqua-2025\/\" \/>\n<meta property=\"og:locale\" content=\"en_GB\" \/>\n<meta property=\"og:type\" content=\"article\" \/>\n<meta property=\"og:title\" content=\"The Special One - str\u00f3j k\u0105pielowy jednocz\u0119\u015bciowy Aqua - KORNELIARATAJ\" \/>\n<meta property=\"og:description\" content=\"Kornelia Rataj. Minimalist Women&#039;s Collection, Basic, Swimwear. HANDMADE IN POLAND WITH LOVE.\" \/>\n<meta property=\"og:url\" content=\"https:\/\/korneliarataj.com\/en\/product\/the-special-one-stroj-kapielowy-jednoczesciowy-aqua-2025\/\" \/>\n<meta property=\"og:site_name\" content=\"KORNELIARATAJ\" \/>\n<meta property=\"article:publisher\" content=\"http:\/\/www.facebook.com\/korneliaratajshop\" \/>\n<meta property=\"article:modified_time\" content=\"2026-04-10T07:54:08+00:00\" \/>\n<meta property=\"og:image\" content=\"https:\/\/korneliarataj.com\/wp-content\/uploads\/2025\/02\/LB-2025-THE-SPECIAL-ONE-AQUA-1-scaled.webp\" \/>\n\t<meta property=\"og:image:width\" content=\"1365\" \/>\n\t<meta property=\"og:image:height\" content=\"2048\" \/>\n\t<meta property=\"og:image:type\" content=\"image\/webp\" \/>\n<meta name=\"twitter:card\" content=\"summary_large_image\" \/>\n<meta name=\"twitter:label1\" content=\"Estimated reading time\" \/>\n\t<meta name=\"twitter:data1\" content=\"1 minute\" \/>\n<script type=\"application\/ld+json\" class=\"yoast-schema-graph\">{\"@context\":\"https:\\\/\\\/schema.org\",\"@graph\":[{\"@type\":\"WebPage\",\"@id\":\"https:\\\/\\\/korneliarataj.com\\\/produkt\\\/the-special-one-stroj-kapielowy-jednoczesciowy-aqua-2025\\\/\",\"url\":\"https:\\\/\\\/korneliarataj.com\\\/produkt\\\/the-special-one-stroj-kapielowy-jednoczesciowy-aqua-2025\\\/\",\"name\":\"The Special One - str\u00f3j k\u0105pielowy jednocz\u0119\u015bciowy Aqua - KORNELIARATAJ\",\"isPartOf\":{\"@id\":\"https:\\\/\\\/korneliarataj.com\\\/#website\"},\"primaryImageOfPage\":{\"@id\":\"https:\\\/\\\/korneliarataj.com\\\/produkt\\\/the-special-one-stroj-kapielowy-jednoczesciowy-aqua-2025\\\/#primaryimage\"},\"image\":{\"@id\":\"https:\\\/\\\/korneliarataj.com\\\/produkt\\\/the-special-one-stroj-kapielowy-jednoczesciowy-aqua-2025\\\/#primaryimage\"},\"thumbnailUrl\":\"https:\\\/\\\/korneliarataj.com\\\/wp-content\\\/uploads\\\/2025\\\/02\\\/LB-2025-THE-SPECIAL-ONE-AQUA-1-scaled.webp\",\"datePublished\":\"2025-01-26T04:37:44+00:00\",\"dateModified\":\"2026-04-10T07:54:08+00:00\",\"description\":\"Kornelia Rataj. Minimalist Women's Collection, Basic, Swimwear. HANDMADE IN POLAND WITH LOVE.\",\"breadcrumb\":{\"@id\":\"https:\\\/\\\/korneliarataj.com\\\/produkt\\\/the-special-one-stroj-kapielowy-jednoczesciowy-aqua-2025\\\/#breadcrumb\"},\"inLanguage\":\"en-GB\",\"potentialAction\":[{\"@type\":\"ReadAction\",\"target\":[\"https:\\\/\\\/korneliarataj.com\\\/produkt\\\/the-special-one-stroj-kapielowy-jednoczesciowy-aqua-2025\\\/\"]}]},{\"@type\":\"ImageObject\",\"inLanguage\":\"en-GB\",\"@id\":\"https:\\\/\\\/korneliarataj.com\\\/produkt\\\/the-special-one-stroj-kapielowy-jednoczesciowy-aqua-2025\\\/#primaryimage\",\"url\":\"https:\\\/\\\/korneliarataj.com\\\/wp-content\\\/uploads\\\/2025\\\/02\\\/LB-2025-THE-SPECIAL-ONE-AQUA-1-scaled.webp\",\"contentUrl\":\"https:\\\/\\\/korneliarataj.com\\\/wp-content\\\/uploads\\\/2025\\\/02\\\/LB-2025-THE-SPECIAL-ONE-AQUA-1-scaled.webp\",\"width\":1365,\"height\":2048,\"caption\":\"THE SPECIAL ONE AQUA\"},{\"@type\":\"BreadcrumbList\",\"@id\":\"https:\\\/\\\/korneliarataj.com\\\/produkt\\\/the-special-one-stroj-kapielowy-jednoczesciowy-aqua-2025\\\/#breadcrumb\",\"itemListElement\":[{\"@type\":\"ListItem\",\"position\":1,\"name\":\"HOME\",\"item\":\"https:\\\/\\\/korneliarataj.com\\\/\"},{\"@type\":\"ListItem\",\"position\":2,\"name\":\"Products\",\"item\":\"https:\\\/\\\/korneliarataj.com\\\/en\\\/shop\\\/\"},{\"@type\":\"ListItem\",\"position\":3,\"name\":\"The Special One &#8211; str\u00f3j k\u0105pielowy jednocz\u0119\u015bciowy Aqua\"}]},{\"@type\":\"WebSite\",\"@id\":\"https:\\\/\\\/korneliarataj.com\\\/#website\",\"url\":\"https:\\\/\\\/korneliarataj.com\\\/\",\"name\":\"Stroje K\u0105pielowe i Odzie\u017c Lniana Sklep Kornelia Rataj\",\"description\":\"swimwear stroje k\u0105pielowe ubrania len lniane\",\"publisher\":{\"@id\":\"https:\\\/\\\/korneliarataj.com\\\/#organization\"},\"potentialAction\":[{\"@type\":\"SearchAction\",\"target\":{\"@type\":\"EntryPoint\",\"urlTemplate\":\"https:\\\/\\\/korneliarataj.com\\\/?s={search_term_string}\"},\"query-input\":{\"@type\":\"PropertyValueSpecification\",\"valueRequired\":true,\"valueName\":\"search_term_string\"}}],\"inLanguage\":\"en-GB\"},{\"@type\":\"Organization\",\"@id\":\"https:\\\/\\\/korneliarataj.com\\\/#organization\",\"name\":\"KORNELIARATAJ\",\"url\":\"https:\\\/\\\/korneliarataj.com\\\/\",\"logo\":{\"@type\":\"ImageObject\",\"inLanguage\":\"en-GB\",\"@id\":\"https:\\\/\\\/korneliarataj.com\\\/#\\\/schema\\\/logo\\\/image\\\/\",\"url\":\"https:\\\/\\\/korneliarataj.com\\\/wp-content\\\/uploads\\\/2020\\\/07\\\/LOGO-KR.svg\",\"contentUrl\":\"https:\\\/\\\/korneliarataj.com\\\/wp-content\\\/uploads\\\/2020\\\/07\\\/LOGO-KR.svg\",\"width\":1024,\"height\":1024,\"caption\":\"KORNELIARATAJ\"},\"image\":{\"@id\":\"https:\\\/\\\/korneliarataj.com\\\/#\\\/schema\\\/logo\\\/image\\\/\"},\"sameAs\":[\"http:\\\/\\\/www.facebook.com\\\/korneliaratajshop\",\"http:\\\/\\\/www.instagram.com\\\/korneliarataj\"]}]}<\/script>\n<!-- \/ Yoast SEO plugin. -->","yoast_head_json":{"title":"The Special One - Aqua one-piece swimsuit - KORNELIARATAJ","description":"Kornelia Rataj. Minimalist Women's Collection, Basic, Swimwear. HANDMADE IN POLAND WITH LOVE.","robots":{"index":"index","follow":"follow","max-snippet":"max-snippet:-1","max-image-preview":"max-image-preview:large","max-video-preview":"max-video-preview:-1"},"canonical":"https:\/\/korneliarataj.com\/en\/product\/the-special-one-stroj-kapielowy-jednoczesciowy-aqua-2025\/","og_locale":"en_GB","og_type":"article","og_title":"The Special One - str\u00f3j k\u0105pielowy jednocz\u0119\u015bciowy Aqua - KORNELIARATAJ","og_description":"Kornelia Rataj. Minimalist Women's Collection, Basic, Swimwear. HANDMADE IN POLAND WITH LOVE.","og_url":"https:\/\/korneliarataj.com\/en\/product\/the-special-one-stroj-kapielowy-jednoczesciowy-aqua-2025\/","og_site_name":"KORNELIARATAJ","article_publisher":"http:\/\/www.facebook.com\/korneliaratajshop","article_modified_time":"2026-04-10T07:54:08+00:00","og_image":[{"width":1365,"height":2048,"url":"https:\/\/korneliarataj.com\/wp-content\/uploads\/2025\/02\/LB-2025-THE-SPECIAL-ONE-AQUA-1-scaled.webp","type":"image\/webp"}],"twitter_card":"summary_large_image","twitter_misc":{"Estimated reading time":"1 minute"},"schema":{"@context":"https:\/\/schema.org","@graph":[{"@type":"WebPage","@id":"https:\/\/korneliarataj.com\/produkt\/the-special-one-stroj-kapielowy-jednoczesciowy-aqua-2025\/","url":"https:\/\/korneliarataj.com\/produkt\/the-special-one-stroj-kapielowy-jednoczesciowy-aqua-2025\/","name":"The Special One - Aqua one-piece swimsuit - KORNELIARATAJ","isPartOf":{"@id":"https:\/\/korneliarataj.com\/#website"},"primaryImageOfPage":{"@id":"https:\/\/korneliarataj.com\/produkt\/the-special-one-stroj-kapielowy-jednoczesciowy-aqua-2025\/#primaryimage"},"image":{"@id":"https:\/\/korneliarataj.com\/produkt\/the-special-one-stroj-kapielowy-jednoczesciowy-aqua-2025\/#primaryimage"},"thumbnailUrl":"https:\/\/korneliarataj.com\/wp-content\/uploads\/2025\/02\/LB-2025-THE-SPECIAL-ONE-AQUA-1-scaled.webp","datePublished":"2025-01-26T04:37:44+00:00","dateModified":"2026-04-10T07:54:08+00:00","description":"Kornelia Rataj. Minimalist Women's Collection, Basic, Swimwear. HANDMADE IN POLAND WITH LOVE.","breadcrumb":{"@id":"https:\/\/korneliarataj.com\/produkt\/the-special-one-stroj-kapielowy-jednoczesciowy-aqua-2025\/#breadcrumb"},"inLanguage":"en-GB","potentialAction":[{"@type":"ReadAction","target":["https:\/\/korneliarataj.com\/produkt\/the-special-one-stroj-kapielowy-jednoczesciowy-aqua-2025\/"]}]},{"@type":"ImageObject","inLanguage":"en-GB","@id":"https:\/\/korneliarataj.com\/produkt\/the-special-one-stroj-kapielowy-jednoczesciowy-aqua-2025\/#primaryimage","url":"https:\/\/korneliarataj.com\/wp-content\/uploads\/2025\/02\/LB-2025-THE-SPECIAL-ONE-AQUA-1-scaled.webp","contentUrl":"https:\/\/korneliarataj.com\/wp-content\/uploads\/2025\/02\/LB-2025-THE-SPECIAL-ONE-AQUA-1-scaled.webp","width":1365,"height":2048,"caption":"THE SPECIAL ONE AQUA"},{"@type":"BreadcrumbList","@id":"https:\/\/korneliarataj.com\/produkt\/the-special-one-stroj-kapielowy-jednoczesciowy-aqua-2025\/#breadcrumb","itemListElement":[{"@type":"ListItem","position":1,"name":"HOME","item":"https:\/\/korneliarataj.com\/"},{"@type":"ListItem","position":2,"name":"Products","item":"https:\/\/korneliarataj.com\/en\/shop\/"},{"@type":"ListItem","position":3,"name":"The Special One &#8211; str\u00f3j k\u0105pielowy jednocz\u0119\u015bciowy Aqua"}]},{"@type":"WebSite","@id":"https:\/\/korneliarataj.com\/#website","url":"https:\/\/korneliarataj.com\/","name":"Swimwear and Linen Clothing Shop Kornelia Rataj","description":"swimwear swimwear linen linen clothing","publisher":{"@id":"https:\/\/korneliarataj.com\/#organization"},"potentialAction":[{"@type":"SearchAction","target":{"@type":"EntryPoint","urlTemplate":"https:\/\/korneliarataj.com\/?s={search_term_string}"},"query-input":{"@type":"PropertyValueSpecification","valueRequired":true,"valueName":"search_term_string"}}],"inLanguage":"en-GB"},{"@type":"Organization","@id":"https:\/\/korneliarataj.com\/#organization","name":"KORNELIARATAJ","url":"https:\/\/korneliarataj.com\/","logo":{"@type":"ImageObject","inLanguage":"en-GB","@id":"https:\/\/korneliarataj.com\/#\/schema\/logo\/image\/","url":"https:\/\/korneliarataj.com\/wp-content\/uploads\/2020\/07\/LOGO-KR.svg","contentUrl":"https:\/\/korneliarataj.com\/wp-content\/uploads\/2020\/07\/LOGO-KR.svg","width":1024,"height":1024,"caption":"KORNELIARATAJ"},"image":{"@id":"https:\/\/korneliarataj.com\/#\/schema\/logo\/image\/"},"sameAs":["http:\/\/www.facebook.com\/korneliaratajshop","http:\/\/www.instagram.com\/korneliarataj"]}]}},"_links":{"self":[{"href":"https:\/\/korneliarataj.com\/en\/wp-json\/wp\/v2\/product\/309096","targetHints":{"allow":["GET"]}}],"collection":[{"href":"https:\/\/korneliarataj.com\/en\/wp-json\/wp\/v2\/product"}],"about":[{"href":"https:\/\/korneliarataj.com\/en\/wp-json\/wp\/v2\/types\/product"}],"wp:featuredmedia":[{"embeddable":true,"href":"https:\/\/korneliarataj.com\/en\/wp-json\/wp\/v2\/media\/312762"}],"wp:attachment":[{"href":"https:\/\/korneliarataj.com\/en\/wp-json\/wp\/v2\/media?parent=309096"}],"wp:term":[{"taxonomy":"product_brand","embeddable":true,"href":"https:\/\/korneliarataj.com\/en\/wp-json\/wp\/v2\/product_brand?post=309096"},{"taxonomy":"product_cat","embeddable":true,"href":"https:\/\/korneliarataj.com\/en\/wp-json\/wp\/v2\/product_cat?post=309096"},{"taxonomy":"product_tag","embeddable":true,"href":"https:\/\/korneliarataj.com\/en\/wp-json\/wp\/v2\/product_tag?post=309096"}],"curies":[{"name":"wp","href":"https:\/\/api.w.org\/{rel}","templated":true}]}}