{"id":309045,"date":"2025-01-26T04:55:27","date_gmt":"2025-01-26T03:55:27","guid":{"rendered":"https:\/\/korneliarataj.com\/?post_type=product&#038;p=309045"},"modified":"2026-04-09T07:43:07","modified_gmt":"2026-04-09T05:43:07","slug":"the-minimal-one-stroj-kapielowy-jednoczesciowy-hibiscus-2025","status":"publish","type":"product","link":"https:\/\/korneliarataj.com\/en\/product\/the-minimal-one-stroj-kapielowy-jednoczesciowy-hibiscus-2025\/","title":{"rendered":"The Minimal One - Hibiscus one-piece swimsuit"},"content":{"rendered":"","protected":false},"excerpt":{"rendered":"<p style=\"text-align: left;\"><strong>OPTIONS<\/strong><\/p>\n<p style=\"text-align: left;\"><a href=\"https:\/\/korneliarataj.com\/en\/product\/the-minimal-one-stroj-kapielowy-jednoczesciowy-sunset-2025\/\" target=\"_blank\" rel=\"noopener noreferrer\"><img decoding=\"async\" src=\"https:\/\/korneliarataj.com\/wp-content\/uploads\/2025\/01\/2025-THE-MINIMAL-ONE-SUNSET-1.webp\" width=\"100px\" \/><\/a><a href=\"https:\/\/korneliarataj.com\/en\/product\/the-minimal-one-stroj-kapielowy-jednoczesciowy-aqua-2025\/\" target=\"_blank\" rel=\"noopener noreferrer\"><img decoding=\"async\" src=\"https:\/\/korneliarataj.com\/wp-content\/uploads\/2025\/01\/2025-THE-MINIMAL-ONE-AQUA-1.webp\" width=\"100px\" \/><\/a><a href=\"https:\/\/korneliarataj.com\/en\/product\/the-minimal-one-stroj-kapielowy-jednoczesciowy-sunshine-2025\/\" target=\"_blank\" rel=\"noopener noreferrer\"><img decoding=\"async\" src=\"https:\/\/korneliarataj.com\/wp-content\/uploads\/2025\/01\/2025-THE-MINIMAL-ONE-SUNSHINE-1.webp\" width=\"100px\" \/><\/a><a href=\"https:\/\/korneliarataj.com\/en\/product\/the-minimal-one-stroj-kapielowy-jednoczesciowy-wood-2025\/\" target=\"_blank\" rel=\"noopener noreferrer\"><img decoding=\"async\" src=\"https:\/\/korneliarataj.com\/wp-content\/uploads\/2025\/01\/2025-THE-MINIMAL-ONE-WOOD-1.webp\" width=\"100px\" \/><\/a>\u00a0<a href=\"https:\/\/korneliarataj.com\/en\/product\/the-minimal-one-stroj-kapielowy-jednoczesciowy-coconut-2025\/\" target=\"_blank\" rel=\"noopener noreferrer\"><img decoding=\"async\" src=\"https:\/\/korneliarataj.com\/wp-content\/uploads\/2025\/01\/2025-THE-MINIMAL-ONE-COCONUT-1.webp\" width=\"100px\" \/><\/a>\u00a0<a href=\"https:\/\/korneliarataj.com\/en\/product\/the-minimal-one-stroj-kapielowy-jednoczesciowy-black-2025\/\" target=\"_blank\" rel=\"noopener noreferrer\"><img decoding=\"async\" src=\"https:\/\/korneliarataj.com\/wp-content\/uploads\/2025\/01\/2025-THE-MINIMAL-ONE-BLACK-1.webp\" width=\"100px\" \/><\/a><\/p>\n<p style=\"text-align: left;\"><u><strong>The Minimal One - one-piece swimsuit<\/strong><\/u><\/p>\n<p style=\"text-align: left;\">One-piece swimming costume - minimalist elegance and sensual design. A stylish one-piece swimming costume with a timeless, minimalist design is the perfect choice for the beach and pool. The model is distinguished by the pointed neckline at the front and the deep cut-out at the back, which emphasises the feminine character. The heavily cut thong-style back exposes the buttocks, giving the silhouette a sensual look. The neck and side ties allow the swimsuit to be precisely tailored to the figure, ensuring maximum comfort. The swimsuit is perfect for both small and large busts. The double-layered fabric with the right weight guarantees comfort, stable support and an aesthetically pleasing appearance.<\/p>\n<p style=\"text-align: left;\">The form of the swimsuit optically elongates the legs, slims the silhouette and extremely emphasises femininity. High-quality materials ensure durability, comfort and a stylish look. This is a unique model that combines functionality with bold design - ideal for women who appreciate elegance, comfort and a touch of sensuality.<\/p>\n<p>&nbsp;<\/p>\n<p style=\"text-align: left;\"><strong>High quality materials<\/strong><\/p>\n<p style=\"text-align: left;\">The swimsuit is made of high-quality lycra <strong>econyl<\/strong><strong class=\"copyright\">\u24c7<\/strong>recycled materials that meet the highest quality standards, including certified <strong>OEKO-TEX Standard 100<\/strong>. The material is characterised by:<br \/>\n\u2013 <strong>protection against UV radiation<\/strong>,<br \/>\n\u2013 <strong>bi-directional flexibility<\/strong>which provides comfort,<br \/>\n\u2013 <strong>resistant to chlorine and fading<\/strong>,<br \/>\n\u2013 <strong>sustainability<\/strong>, even when coming into contact with oils and sun creams,<br \/>\n\u2013 <strong>ecological production process<\/strong> - recycled fibre<\/p>\n<p>&nbsp;<\/p>\n<p style=\"text-align: left;\"><strong>Aesthetics and comfort in every detail<\/strong><\/p>\n<p style=\"text-align: left;\">Every detail has been designed with your comfort in mind:<\/p>\n<p>\u2013 <strong>Swimwear is sewn in two layers<\/strong>, they provide comfort and adequate coverage.<br \/>\n\u2013 <strong>Hidden seams<\/strong> provide exceptional wearing comfort.<br \/>\n\u2013 <strong>Heat-sealable label<\/strong> guarantees enjoyment.<\/p>\n<p style=\"text-align: left;\">The Minimal One swimming costume is available in three timeless colours -. <strong>black, white, brown and seasonal shades<\/strong>.<\/p>\n<p style=\"text-align: left;\">The swimsuit is available in 3 sizes. The model is wearing size M\/L.<\/p>\n<p>&nbsp;<\/p>\n<p style=\"text-align: left;\"><strong>Local production - sewn in Poland<\/strong><\/p>\n<p style=\"text-align: left;\">Our swimwear is made in our family workshop in Czernica with attention to every detail. The products are distinguished by their careful workmanship, durability and aesthetics, which are appreciated by our customers.<\/p>\n<p style=\"text-align: left;\"><strong><u><\/p>\n<div class=\"kr-collapse is-noarrow\" data-rel=\"instrukcja\">\n    <button type=\"button\" class=\"kr-collapse__trigger\"\n      aria-expanded=\"false\"\n      aria-controls=\"kr-exp-1\"><br \/>\n      TYING INSTRUCTIONS<br \/>\n    <\/button><\/p>\n<div id=\"kr-exp-1\" class=\"kr-collapse__panel\" hidden>\n<div class=\"kr-collapse__content\"><\/u><\/strong><\/p>\n<p style=\"text-align: left;\"><strong>How to tie The Minimal One swimming costume?<\/strong><br \/>\n- Tie the top strings at the back of the neck, adjusting the length to your preference so that the neckline is in the right place for you<br \/>\n- Pull the lower strings from the back to the sides and connect them to the front strings.<br \/>\n- Tie the strings at the sides, adjusting them to your waist circumference so that the swimsuit fits snugly around your body.<br \/>\n- Finally, check the neck binding and adjust if necessary to ensure maximum comfort and stability.<\/div>\n<\/p><\/div>\n<\/p><\/div>\n<\/p>\n<p style=\"text-align: left;\"><strong><u><\/p>\n<div class=\"kr-collapse is-noarrow\" data-rel=\"kolor\">\n    <button type=\"button\" class=\"kr-collapse__trigger\"\n      aria-expanded=\"false\"\n      aria-controls=\"kr-exp-2\"><br \/>\n      COLOUR DESCRIPTION<br \/>\n    <\/button><\/p>\n<div id=\"kr-exp-2\" class=\"kr-collapse__panel\" hidden>\n<div class=\"kr-collapse__content\"><\/u><\/strong><\/p>\n<p style=\"text-align: left;\"><strong><a href=\"https:\/\/korneliarataj.com\/en\/kolor-hibiscus-stroje\/\" target=\"_blank\" rel=\"noopener noreferrer\"><u>Colour HIBISCUS<\/u><\/a> - Intense and energetic shade for summer 2025<\/strong>.<br \/>\n<strong>Saturated pink swimsuit<\/strong>, inspired by exotic hibiscus flowers, is the perfect choice for those who love energetic and feminine shades. This striking hue suits every complexion - from light porcelain to olive to darker complexions.<br \/>\n\u2013 <strong>Light, porcelain complexion<\/strong>: Adds radiance and energy, breaking up cool skin tones.<br \/>\n\u2013 <strong>Olive complexion<\/strong>: Accentuates warm skin tones to create a harmonious look.<br \/>\n\u2013 <strong>Darker skin<\/strong>: Creates a striking contrast, enhancing skin depth and adding definition.<br \/>\n<strong>Swimwear in an intense pink hue<\/strong> They look perfect in both one-piece and bikini styles. Their vibrant colour brings tropical energy to any styling.<br \/>\n<strong>Why choose an intense pink swimsuit?<\/strong><br \/>\nThis is the choice for those who appreciate bold and trendy solutions. The colour is a real eye-catcher and makes a great summer statement.<\/div>\n<\/p><\/div>\n<\/p><\/div>\n<\/p>\n<p style=\"text-align: left;\"><strong><u><\/p>\n<div class=\"kr-collapse is-noarrow\" data-rel=\"wymiary\">\n    <button type=\"button\" class=\"kr-collapse__trigger\"\n      aria-expanded=\"false\"\n      aria-controls=\"kr-exp-3\"><br \/>\n      MODEL DIMENSIONS<br \/>\n    <\/button><\/p>\n<div id=\"kr-exp-3\" class=\"kr-collapse__panel\" hidden>\n<div class=\"kr-collapse__content\"><\/u><\/strong><\/p>\n<p style=\"text-align: left;\">Bust circumference: 92cm<br \/>\nCircumference under bust: 80cm<br \/>\nCup: C<br \/>\nWaist circumference: 73cm<br \/>\nHip circumference: 103cm<br \/>\nHeight: 169cm<\/div>\n<\/p><\/div>\n<\/p><\/div>\n<\/p>\n<p style=\"text-align: left;\"><strong><u><\/p>\n<div class=\"kr-collapse is-noarrow\" data-rel=\"sklad\">\n    <button type=\"button\" class=\"kr-collapse__trigger\"\n      aria-expanded=\"false\"\n      aria-controls=\"kr-exp-4\"><br \/>\n      COMPOSITION AND CARE INSTRUCTIONS<br \/>\n    <\/button><\/p>\n<div id=\"kr-exp-4\" class=\"kr-collapse__panel\" hidden>\n<div class=\"kr-collapse__content\"><\/u><\/strong><\/p>\n<p style=\"text-align: left;\">78% recycled polyamide<br \/>\n22% elastane<br \/>\nsoft wash at 30\u00b0C with similar colours<br \/>\nhand wash, with similar colours<br \/>\niron at max. 110\u00b0c<br \/>\ndo not bleach<br \/>\ndo not tumble dry<\/p>\n<\/div><\/div>\n<\/p><\/div>","protected":false},"featured_media":312820,"template":"","meta":[],"product_brand":[500],"product_cat":[563,515,528,572,561,562,590,535,593,646,524,565,573,583,574],"product_tag":[511],"class_list":{"0":"post-309045","1":"product","2":"type-product","3":"status-publish","4":"has-post-thumbnail","6":"product_brand-korneliarataj","7":"product_cat-dlugi-tulow-jednoczesciowe","8":"product_cat-hibiscus-swimwear","9":"product_cat-jednoczesciowe-swimwear","10":"product_cat-kategorie-swimwear","11":"product_cat-kolory-swimwear","12":"product_cat-krotki-tulow-jednoczesciowe","13":"product_cat-maly-biust-stroje","14":"product_cat-nowosci","15":"product_cat-ochrona-uv-stroje","16":"product_cat-sale-swimwear-2025","17":"product_cat-swimwear-2025","18":"product_cat-wiazane-jednoczesciowe","19":"product_cat-wiazane-stroje","20":"product_cat-wysoki-stan-stroje","21":"product_cat-z-wycieciami-wyciete-stroje","22":"product_tag-hibiscus","23":"flv-has-gallery","25":"first","26":"instock","27":"sale","28":"taxable","29":"shipping-taxable","30":"purchasable","31":"product-type-variable","32":"has-default-attributes"},"yoast_head":"<!-- This site is optimized with the Yoast SEO plugin v27.3 - https:\/\/yoast.com\/product\/yoast-seo-wordpress\/ -->\n<title>The Minimal One - str\u00f3j k\u0105pielowy jednocz\u0119\u015bciowy Hibiscus - KORNELIARATAJ<\/title>\n<meta name=\"description\" content=\"Kornelia Rataj. Minimalist Women&#039;s Collection, Basic, Swimwear. HANDMADE IN POLAND WITH LOVE.\" \/>\n<meta name=\"robots\" content=\"index, follow, max-snippet:-1, max-image-preview:large, max-video-preview:-1\" \/>\n<link rel=\"canonical\" href=\"https:\/\/korneliarataj.com\/en\/product\/the-minimal-one-stroj-kapielowy-jednoczesciowy-hibiscus-2025\/\" \/>\n<meta property=\"og:locale\" content=\"en_GB\" \/>\n<meta property=\"og:type\" content=\"article\" \/>\n<meta property=\"og:title\" content=\"The Minimal One - str\u00f3j k\u0105pielowy jednocz\u0119\u015bciowy Hibiscus - KORNELIARATAJ\" \/>\n<meta property=\"og:description\" content=\"Kornelia Rataj. Minimalist Women&#039;s Collection, Basic, Swimwear. HANDMADE IN POLAND WITH LOVE.\" \/>\n<meta property=\"og:url\" content=\"https:\/\/korneliarataj.com\/en\/product\/the-minimal-one-stroj-kapielowy-jednoczesciowy-hibiscus-2025\/\" \/>\n<meta property=\"og:site_name\" content=\"KORNELIARATAJ\" \/>\n<meta property=\"article:publisher\" content=\"http:\/\/www.facebook.com\/korneliaratajshop\" \/>\n<meta property=\"article:modified_time\" content=\"2026-04-09T05:43:07+00:00\" \/>\n<meta property=\"og:image\" content=\"https:\/\/korneliarataj.com\/wp-content\/uploads\/2025\/02\/LB-2025-THE-MINIMAL-ONE-HIBISCUS-1-scaled.webp\" \/>\n\t<meta property=\"og:image:width\" content=\"1365\" \/>\n\t<meta property=\"og:image:height\" content=\"2048\" \/>\n\t<meta property=\"og:image:type\" content=\"image\/webp\" \/>\n<meta name=\"twitter:card\" content=\"summary_large_image\" \/>\n<meta name=\"twitter:label1\" content=\"Estimated reading time\" \/>\n\t<meta name=\"twitter:data1\" content=\"1 minute\" \/>\n<script type=\"application\/ld+json\" class=\"yoast-schema-graph\">{\"@context\":\"https:\\\/\\\/schema.org\",\"@graph\":[{\"@type\":\"WebPage\",\"@id\":\"https:\\\/\\\/korneliarataj.com\\\/produkt\\\/the-minimal-one-stroj-kapielowy-jednoczesciowy-hibiscus-2025\\\/\",\"url\":\"https:\\\/\\\/korneliarataj.com\\\/produkt\\\/the-minimal-one-stroj-kapielowy-jednoczesciowy-hibiscus-2025\\\/\",\"name\":\"The Minimal One - str\u00f3j k\u0105pielowy jednocz\u0119\u015bciowy Hibiscus - KORNELIARATAJ\",\"isPartOf\":{\"@id\":\"https:\\\/\\\/korneliarataj.com\\\/#website\"},\"primaryImageOfPage\":{\"@id\":\"https:\\\/\\\/korneliarataj.com\\\/produkt\\\/the-minimal-one-stroj-kapielowy-jednoczesciowy-hibiscus-2025\\\/#primaryimage\"},\"image\":{\"@id\":\"https:\\\/\\\/korneliarataj.com\\\/produkt\\\/the-minimal-one-stroj-kapielowy-jednoczesciowy-hibiscus-2025\\\/#primaryimage\"},\"thumbnailUrl\":\"https:\\\/\\\/korneliarataj.com\\\/wp-content\\\/uploads\\\/2025\\\/02\\\/LB-2025-THE-MINIMAL-ONE-HIBISCUS-1-scaled.webp\",\"datePublished\":\"2025-01-26T03:55:27+00:00\",\"dateModified\":\"2026-04-09T05:43:07+00:00\",\"description\":\"Kornelia Rataj. Minimalist Women's Collection, Basic, Swimwear. HANDMADE IN POLAND WITH LOVE.\",\"breadcrumb\":{\"@id\":\"https:\\\/\\\/korneliarataj.com\\\/produkt\\\/the-minimal-one-stroj-kapielowy-jednoczesciowy-hibiscus-2025\\\/#breadcrumb\"},\"inLanguage\":\"en-GB\",\"potentialAction\":[{\"@type\":\"ReadAction\",\"target\":[\"https:\\\/\\\/korneliarataj.com\\\/produkt\\\/the-minimal-one-stroj-kapielowy-jednoczesciowy-hibiscus-2025\\\/\"]}]},{\"@type\":\"ImageObject\",\"inLanguage\":\"en-GB\",\"@id\":\"https:\\\/\\\/korneliarataj.com\\\/produkt\\\/the-minimal-one-stroj-kapielowy-jednoczesciowy-hibiscus-2025\\\/#primaryimage\",\"url\":\"https:\\\/\\\/korneliarataj.com\\\/wp-content\\\/uploads\\\/2025\\\/02\\\/LB-2025-THE-MINIMAL-ONE-HIBISCUS-1-scaled.webp\",\"contentUrl\":\"https:\\\/\\\/korneliarataj.com\\\/wp-content\\\/uploads\\\/2025\\\/02\\\/LB-2025-THE-MINIMAL-ONE-HIBISCUS-1-scaled.webp\",\"width\":1365,\"height\":2048,\"caption\":\"THE MINIMAL ONE HIBISCUS\"},{\"@type\":\"BreadcrumbList\",\"@id\":\"https:\\\/\\\/korneliarataj.com\\\/produkt\\\/the-minimal-one-stroj-kapielowy-jednoczesciowy-hibiscus-2025\\\/#breadcrumb\",\"itemListElement\":[{\"@type\":\"ListItem\",\"position\":1,\"name\":\"HOME\",\"item\":\"https:\\\/\\\/korneliarataj.com\\\/\"},{\"@type\":\"ListItem\",\"position\":2,\"name\":\"Products\",\"item\":\"https:\\\/\\\/korneliarataj.com\\\/en\\\/shop\\\/\"},{\"@type\":\"ListItem\",\"position\":3,\"name\":\"The Minimal One &#8211; str\u00f3j k\u0105pielowy jednocz\u0119\u015bciowy Hibiscus\"}]},{\"@type\":\"WebSite\",\"@id\":\"https:\\\/\\\/korneliarataj.com\\\/#website\",\"url\":\"https:\\\/\\\/korneliarataj.com\\\/\",\"name\":\"Stroje K\u0105pielowe i Odzie\u017c Lniana Sklep Kornelia Rataj\",\"description\":\"swimwear stroje k\u0105pielowe ubrania len lniane\",\"publisher\":{\"@id\":\"https:\\\/\\\/korneliarataj.com\\\/#organization\"},\"potentialAction\":[{\"@type\":\"SearchAction\",\"target\":{\"@type\":\"EntryPoint\",\"urlTemplate\":\"https:\\\/\\\/korneliarataj.com\\\/?s={search_term_string}\"},\"query-input\":{\"@type\":\"PropertyValueSpecification\",\"valueRequired\":true,\"valueName\":\"search_term_string\"}}],\"inLanguage\":\"en-GB\"},{\"@type\":\"Organization\",\"@id\":\"https:\\\/\\\/korneliarataj.com\\\/#organization\",\"name\":\"KORNELIARATAJ\",\"url\":\"https:\\\/\\\/korneliarataj.com\\\/\",\"logo\":{\"@type\":\"ImageObject\",\"inLanguage\":\"en-GB\",\"@id\":\"https:\\\/\\\/korneliarataj.com\\\/#\\\/schema\\\/logo\\\/image\\\/\",\"url\":\"https:\\\/\\\/korneliarataj.com\\\/wp-content\\\/uploads\\\/2020\\\/07\\\/LOGO-KR.svg\",\"contentUrl\":\"https:\\\/\\\/korneliarataj.com\\\/wp-content\\\/uploads\\\/2020\\\/07\\\/LOGO-KR.svg\",\"width\":1024,\"height\":1024,\"caption\":\"KORNELIARATAJ\"},\"image\":{\"@id\":\"https:\\\/\\\/korneliarataj.com\\\/#\\\/schema\\\/logo\\\/image\\\/\"},\"sameAs\":[\"http:\\\/\\\/www.facebook.com\\\/korneliaratajshop\",\"http:\\\/\\\/www.instagram.com\\\/korneliarataj\"]}]}<\/script>\n<!-- \/ Yoast SEO plugin. -->","yoast_head_json":{"title":"The Minimal One - Hibiscus one-piece swimsuit - KORNELIARATAJ","description":"Kornelia Rataj. Minimalist Women's Collection, Basic, Swimwear. HANDMADE IN POLAND WITH LOVE.","robots":{"index":"index","follow":"follow","max-snippet":"max-snippet:-1","max-image-preview":"max-image-preview:large","max-video-preview":"max-video-preview:-1"},"canonical":"https:\/\/korneliarataj.com\/en\/product\/the-minimal-one-stroj-kapielowy-jednoczesciowy-hibiscus-2025\/","og_locale":"en_GB","og_type":"article","og_title":"The Minimal One - str\u00f3j k\u0105pielowy jednocz\u0119\u015bciowy Hibiscus - KORNELIARATAJ","og_description":"Kornelia Rataj. Minimalist Women's Collection, Basic, Swimwear. HANDMADE IN POLAND WITH LOVE.","og_url":"https:\/\/korneliarataj.com\/en\/product\/the-minimal-one-stroj-kapielowy-jednoczesciowy-hibiscus-2025\/","og_site_name":"KORNELIARATAJ","article_publisher":"http:\/\/www.facebook.com\/korneliaratajshop","article_modified_time":"2026-04-09T05:43:07+00:00","og_image":[{"width":1365,"height":2048,"url":"https:\/\/korneliarataj.com\/wp-content\/uploads\/2025\/02\/LB-2025-THE-MINIMAL-ONE-HIBISCUS-1-scaled.webp","type":"image\/webp"}],"twitter_card":"summary_large_image","twitter_misc":{"Estimated reading time":"1 minute"},"schema":{"@context":"https:\/\/schema.org","@graph":[{"@type":"WebPage","@id":"https:\/\/korneliarataj.com\/produkt\/the-minimal-one-stroj-kapielowy-jednoczesciowy-hibiscus-2025\/","url":"https:\/\/korneliarataj.com\/produkt\/the-minimal-one-stroj-kapielowy-jednoczesciowy-hibiscus-2025\/","name":"The Minimal One - Hibiscus one-piece swimsuit - KORNELIARATAJ","isPartOf":{"@id":"https:\/\/korneliarataj.com\/#website"},"primaryImageOfPage":{"@id":"https:\/\/korneliarataj.com\/produkt\/the-minimal-one-stroj-kapielowy-jednoczesciowy-hibiscus-2025\/#primaryimage"},"image":{"@id":"https:\/\/korneliarataj.com\/produkt\/the-minimal-one-stroj-kapielowy-jednoczesciowy-hibiscus-2025\/#primaryimage"},"thumbnailUrl":"https:\/\/korneliarataj.com\/wp-content\/uploads\/2025\/02\/LB-2025-THE-MINIMAL-ONE-HIBISCUS-1-scaled.webp","datePublished":"2025-01-26T03:55:27+00:00","dateModified":"2026-04-09T05:43:07+00:00","description":"Kornelia Rataj. Minimalist Women's Collection, Basic, Swimwear. HANDMADE IN POLAND WITH LOVE.","breadcrumb":{"@id":"https:\/\/korneliarataj.com\/produkt\/the-minimal-one-stroj-kapielowy-jednoczesciowy-hibiscus-2025\/#breadcrumb"},"inLanguage":"en-GB","potentialAction":[{"@type":"ReadAction","target":["https:\/\/korneliarataj.com\/produkt\/the-minimal-one-stroj-kapielowy-jednoczesciowy-hibiscus-2025\/"]}]},{"@type":"ImageObject","inLanguage":"en-GB","@id":"https:\/\/korneliarataj.com\/produkt\/the-minimal-one-stroj-kapielowy-jednoczesciowy-hibiscus-2025\/#primaryimage","url":"https:\/\/korneliarataj.com\/wp-content\/uploads\/2025\/02\/LB-2025-THE-MINIMAL-ONE-HIBISCUS-1-scaled.webp","contentUrl":"https:\/\/korneliarataj.com\/wp-content\/uploads\/2025\/02\/LB-2025-THE-MINIMAL-ONE-HIBISCUS-1-scaled.webp","width":1365,"height":2048,"caption":"THE MINIMAL ONE HIBISCUS"},{"@type":"BreadcrumbList","@id":"https:\/\/korneliarataj.com\/produkt\/the-minimal-one-stroj-kapielowy-jednoczesciowy-hibiscus-2025\/#breadcrumb","itemListElement":[{"@type":"ListItem","position":1,"name":"HOME","item":"https:\/\/korneliarataj.com\/"},{"@type":"ListItem","position":2,"name":"Products","item":"https:\/\/korneliarataj.com\/en\/shop\/"},{"@type":"ListItem","position":3,"name":"The Minimal One &#8211; str\u00f3j k\u0105pielowy jednocz\u0119\u015bciowy Hibiscus"}]},{"@type":"WebSite","@id":"https:\/\/korneliarataj.com\/#website","url":"https:\/\/korneliarataj.com\/","name":"Swimwear and Linen Clothing Shop Kornelia Rataj","description":"swimwear swimwear linen linen clothing","publisher":{"@id":"https:\/\/korneliarataj.com\/#organization"},"potentialAction":[{"@type":"SearchAction","target":{"@type":"EntryPoint","urlTemplate":"https:\/\/korneliarataj.com\/?s={search_term_string}"},"query-input":{"@type":"PropertyValueSpecification","valueRequired":true,"valueName":"search_term_string"}}],"inLanguage":"en-GB"},{"@type":"Organization","@id":"https:\/\/korneliarataj.com\/#organization","name":"KORNELIARATAJ","url":"https:\/\/korneliarataj.com\/","logo":{"@type":"ImageObject","inLanguage":"en-GB","@id":"https:\/\/korneliarataj.com\/#\/schema\/logo\/image\/","url":"https:\/\/korneliarataj.com\/wp-content\/uploads\/2020\/07\/LOGO-KR.svg","contentUrl":"https:\/\/korneliarataj.com\/wp-content\/uploads\/2020\/07\/LOGO-KR.svg","width":1024,"height":1024,"caption":"KORNELIARATAJ"},"image":{"@id":"https:\/\/korneliarataj.com\/#\/schema\/logo\/image\/"},"sameAs":["http:\/\/www.facebook.com\/korneliaratajshop","http:\/\/www.instagram.com\/korneliarataj"]}]}},"_links":{"self":[{"href":"https:\/\/korneliarataj.com\/en\/wp-json\/wp\/v2\/product\/309045","targetHints":{"allow":["GET"]}}],"collection":[{"href":"https:\/\/korneliarataj.com\/en\/wp-json\/wp\/v2\/product"}],"about":[{"href":"https:\/\/korneliarataj.com\/en\/wp-json\/wp\/v2\/types\/product"}],"wp:featuredmedia":[{"embeddable":true,"href":"https:\/\/korneliarataj.com\/en\/wp-json\/wp\/v2\/media\/312820"}],"wp:attachment":[{"href":"https:\/\/korneliarataj.com\/en\/wp-json\/wp\/v2\/media?parent=309045"}],"wp:term":[{"taxonomy":"product_brand","embeddable":true,"href":"https:\/\/korneliarataj.com\/en\/wp-json\/wp\/v2\/product_brand?post=309045"},{"taxonomy":"product_cat","embeddable":true,"href":"https:\/\/korneliarataj.com\/en\/wp-json\/wp\/v2\/product_cat?post=309045"},{"taxonomy":"product_tag","embeddable":true,"href":"https:\/\/korneliarataj.com\/en\/wp-json\/wp\/v2\/product_tag?post=309045"}],"curies":[{"name":"wp","href":"https:\/\/api.w.org\/{rel}","templated":true}]}}