{"id":308868,"date":"2025-01-26T03:07:03","date_gmt":"2025-01-26T02:07:03","guid":{"rendered":"https:\/\/korneliarataj.com\/?post_type=product&#038;p=308868"},"modified":"2026-04-14T13:21:19","modified_gmt":"2026-04-14T11:21:19","slug":"sporty-dol-stroju-kapielowego-aqua-2025","status":"publish","type":"product","link":"https:\/\/korneliarataj.com\/en\/product\/sporty-dol-stroju-kapielowego-aqua-2025\/","title":{"rendered":"Sporty - Aqua swimsuit bottom"},"content":{"rendered":"","protected":false},"excerpt":{"rendered":"<p style=\"text-align: left;\"><strong>OPTIONS<\/strong><\/p>\n<p style=\"text-align: left;\"><a href=\"https:\/\/korneliarataj.com\/en\/product\/sporty-dol-stroju-kapielowego-sunset-2025\/\" target=\"_blank\" rel=\"noopener noreferrer\"><img decoding=\"async\" src=\"https:\/\/korneliarataj.com\/wp-content\/uploads\/2025\/01\/2025-SPORTY-SUNSET-1.webp\" width=\"100px\" \/><\/a><a href=\"https:\/\/korneliarataj.com\/en\/product\/sporty-dol-stroju-kapielowego-sunshine-2025\/\" target=\"_blank\" rel=\"noopener noreferrer\"><img decoding=\"async\" src=\"https:\/\/korneliarataj.com\/wp-content\/uploads\/2025\/01\/2025-SPORTY-SUNSHINE-1.webp\" width=\"100px\" \/><\/a><a href=\"https:\/\/korneliarataj.com\/en\/product\/sporty-dol-stroju-kapielowego-hibiscus-2025\/\" target=\"_blank\" rel=\"noopener noreferrer\"><img decoding=\"async\" src=\"https:\/\/korneliarataj.com\/wp-content\/uploads\/2025\/01\/2025-SPORTY-HIBISCUS-1.webp\" width=\"100px\" \/><\/a><a href=\"https:\/\/korneliarataj.com\/en\/product\/sporty-dol-stroju-kapielowego-wood-2025\/\" target=\"_blank\" rel=\"noopener noreferrer\"><img decoding=\"async\" src=\"https:\/\/korneliarataj.com\/wp-content\/uploads\/2025\/01\/2025-SPORTY-WOOD-1.webp\" width=\"100px\" \/><\/a>\u00a0<a href=\"https:\/\/korneliarataj.com\/en\/product\/sporty-dol-stroju-kapielowego-coconut-2025\/\" target=\"_blank\" rel=\"noopener noreferrer\"><img decoding=\"async\" src=\"https:\/\/korneliarataj.com\/wp-content\/uploads\/2025\/01\/2025-SPORTY-COCONUT-1.webp\" width=\"100px\" \/><\/a>\u00a0<a href=\"https:\/\/korneliarataj.com\/en\/product\/sporty-dol-stroju-kapielowego-black-2025\/\" target=\"_blank\" rel=\"noopener noreferrer\"><img decoding=\"async\" src=\"https:\/\/korneliarataj.com\/wp-content\/uploads\/2025\/01\/2025-SPORTY-BLACK-1.webp\" width=\"100px\" \/><\/a><\/p>\n<p style=\"text-align: left;\"><u><strong>Sporty swimsuit bottoms<\/strong><\/u><\/p>\n<p style=\"text-align: left;\">High-waisted bikini bottom with a stabilising waist band - elegance and comfort for the beach and pool. The high-waisted bikini bottom is the perfect choice for both the beach and the pool. The high-waisted model reaches to the navel, optically lengthening the legs, slimming the silhouette and subtly emphasising femininity. The stabilising waistband, reinforced with a sewn-in elastic band, ensures a perfect fit and wearing comfort.<\/p>\n<p style=\"text-align: left;\">The higher top emphasises the waistline, giving the figure a proportional and harmonious look. Thanks to its classic cut, the bikini bottom combines style with functionality, making it a great solution for women who value both aesthetics and comfort.<\/p>\n<p style=\"text-align: left;\">A high-waisted bikini bottom is a must-have in every summer wardrobe. Choose a unique swimsuit from a Polish brand that combines style, comfort and top quality workmanship to feel confident and look beautiful in any situation.<\/p>\n<p>&nbsp;<\/p>\n<p style=\"text-align: left;\"><strong>High quality materials<\/strong><\/p>\n<p style=\"text-align: left;\">The swimsuit is made of high-quality lycra <strong>econyl<\/strong><strong class=\"copyright\">\u24c7<\/strong>recycled materials that meet the highest quality standards, including certified <strong>OEKO-TEX Standard 100<\/strong>. The material is characterised by:<br \/>\n\u2013 <strong>protection against UV radiation<\/strong>,<br \/>\n\u2013 <strong>bi-directional flexibility<\/strong>which provides comfort,<br \/>\n\u2013 <strong>resistant to chlorine and fading<\/strong>,<br \/>\n\u2013 <strong>sustainability<\/strong>, even when coming into contact with oils and sun creams,<br \/>\n\u2013 <strong>ecological production process<\/strong> - recycled fibre<\/p>\n<p>&nbsp;<\/p>\n<p style=\"text-align: left;\"><strong>Aesthetics and comfort in every detail<\/strong><\/p>\n<p style=\"text-align: left;\">Every detail has been designed with your comfort in mind:<\/p>\n<p>\u2013 <strong>Swimwear is sewn in two layers<\/strong>, they provide comfort and adequate coverage.<br \/>\n\u2013 <strong>Hidden seams<\/strong> provide exceptional wearing comfort.<br \/>\n\u2013 <strong>Heat-sealable label<\/strong> guarantees enjoyment.<\/p>\n<p style=\"text-align: left;\">The Sporty bottom is available in three timeless colours - <strong>black, white, brown and seasonal shades<\/strong>. You can mix and match the bottom with any top from the collection to create unique beach styles.<\/p>\n<p style=\"text-align: left;\">The bottom of the costume is available in 6 sizes.<\/p>\n<p style=\"text-align: left;\"><strong>Model dimensions<\/strong><br \/>\nThe model Veronika in the picture is wearing size M<br \/>\nBust circumference: 89 cm<br \/>\nCircumference under bust: 75 cm<br \/>\nCup: 75D\/70E<br \/>\nWaist circumference: 68 cm<br \/>\nHip circumference: 103 cm<br \/>\nHeight: 173 cm<\/p>\n<p style=\"text-align: left;\"><strong>Local production - sewn in Poland<\/strong><\/p>\n<p style=\"text-align: left;\">Our swimwear is made in our family workshop in Czernica with attention to every detail. The products are distinguished by their careful workmanship, durability and aesthetics, which are appreciated by our customers.<\/p>\n<p style=\"text-align: left;\"><strong><u><\/p>\n<div class=\"kr-collapse is-noarrow\" data-rel=\"kolor\">\n    <button type=\"button\" class=\"kr-collapse__trigger\"\n      aria-expanded=\"false\"\n      aria-controls=\"kr-exp-1\"><br \/>\n      COLOUR DESCRIPTION<br \/>\n    <\/button><\/p>\n<div id=\"kr-exp-1\" class=\"kr-collapse__panel\" hidden>\n<div class=\"kr-collapse__content\"><\/u><\/strong><\/p>\n<p style=\"text-align: left;\"><strong><a href=\"https:\/\/korneliarataj.com\/en\/kolor-aqua-stroje\/\" target=\"_blank\" rel=\"noopener noreferrer\"><u>Colour AQUA<\/u><\/a> - Transparent water of the Paradise Coast<\/strong>.<br \/>\n<strong>Mint and turquoise swimsuit<\/strong>inspired by the crystal clear waters of paradise shores, is the perfect choice for lovers of fresh and elegant looks. This pastel green-blue, refreshing shade perfectly enhances the beauty of any complexion - from light porcelain skin to olive skin to darker complexions.<br \/>\n\u2013 <strong>Light, porcelain complexion<\/strong>: Gives freshness to the skin and breaks up cool tones.<br \/>\n\u2013 <strong>Olive complexion<\/strong>: Illuminates the skin, highlighting its natural warmth.<br \/>\n\u2013 <strong>Darker skin<\/strong>: Creates a contrast that emphasises the depth and intensity of skin colour.<br \/>\n<strong>Swimwear in a shade of mint and turquoise<\/strong> They work well in both one-piece styles that slenderise the silhouette and bikinis that add lightness and youthfulness.<br \/>\n<strong>Why choose a mint-coloured swimsuit?<\/strong><br \/>\nIt's a must-have for summer 2025 - fresh, elegant and unique. Choose this colour to feel the holiday energy and emphasise your femininity.<\/div>\n<\/p><\/div>\n<\/p><\/div>\n<\/p>\n<p style=\"text-align: left;\"><strong><u><\/p>\n<div class=\"kr-collapse is-noarrow\" data-rel=\"sklad\">\n    <button type=\"button\" class=\"kr-collapse__trigger\"\n      aria-expanded=\"false\"\n      aria-controls=\"kr-exp-2\"><br \/>\n      COMPOSITION AND CARE INSTRUCTIONS<br \/>\n    <\/button><\/p>\n<div id=\"kr-exp-2\" class=\"kr-collapse__panel\" hidden>\n<div class=\"kr-collapse__content\"><\/u><\/strong><\/p>\n<p style=\"text-align: left;\">78% recycled polyamide<br \/>\n22% elastane<br \/>\nsoft wash at 30\u00b0C with similar colours<br \/>\nhand wash, with similar colours<br \/>\niron at max. 110\u00b0c<br \/>\ndo not bleach<br \/>\ndo not tumble dry<\/p>\n<\/div><\/div>\n<\/p><\/div>","protected":false},"featured_media":320122,"template":"","meta":[],"product_brand":[500],"product_cat":[514,586,527,537,577,559,572,558,576,561,535,593,646,524,553,555,583],"product_tag":[509],"class_list":{"0":"post-308868","1":"product","2":"type-product","3":"status-publish","4":"has-post-thumbnail","6":"product_brand-korneliarataj","7":"product_cat-aqua-swimwear","8":"product_cat-do-plywania-na-basen-stroje","9":"product_cat-dol-swimwear","10":"product_cat-dwuczesciowe-swimwear","11":"product_cat-eleganckie-stroje","12":"product_cat-figi-doly","13":"product_cat-kategorie-swimwear","14":"product_cat-klasyczne-doly","15":"product_cat-klasyczne-proste-minimalistyczne-stroje","16":"product_cat-kolory-swimwear","17":"product_cat-nowosci","18":"product_cat-ochrona-uv-stroje","19":"product_cat-sale-swimwear-2025","20":"product_cat-swimwear-2025","21":"product_cat-wyciete-doly","22":"product_cat-wysoki-stan-doly","23":"product_cat-wysoki-stan-stroje","24":"product_tag-aqua","25":"flv-has-gallery","27":"first","28":"instock","29":"sale","30":"taxable","31":"shipping-taxable","32":"purchasable","33":"product-type-variable","34":"has-default-attributes"},"yoast_head":"<!-- This site is optimized with the Yoast SEO plugin v27.3 - https:\/\/yoast.com\/product\/yoast-seo-wordpress\/ -->\n<title>Sporty - d\u00f3\u0142 stroju k\u0105pielowego Aqua - KORNELIARATAJ<\/title>\n<meta name=\"description\" content=\"Kornelia Rataj. Minimalist Women&#039;s Collection, Basic, Swimwear. HANDMADE IN POLAND WITH LOVE.\" \/>\n<meta name=\"robots\" content=\"index, follow, max-snippet:-1, max-image-preview:large, max-video-preview:-1\" \/>\n<link rel=\"canonical\" href=\"https:\/\/korneliarataj.com\/en\/product\/sporty-dol-stroju-kapielowego-aqua-2025\/\" \/>\n<meta property=\"og:locale\" content=\"en_GB\" \/>\n<meta property=\"og:type\" content=\"article\" \/>\n<meta property=\"og:title\" content=\"Sporty - d\u00f3\u0142 stroju k\u0105pielowego Aqua - KORNELIARATAJ\" \/>\n<meta property=\"og:description\" content=\"Kornelia Rataj. Minimalist Women&#039;s Collection, Basic, Swimwear. HANDMADE IN POLAND WITH LOVE.\" \/>\n<meta property=\"og:url\" content=\"https:\/\/korneliarataj.com\/en\/product\/sporty-dol-stroju-kapielowego-aqua-2025\/\" \/>\n<meta property=\"og:site_name\" content=\"KORNELIARATAJ\" \/>\n<meta property=\"article:publisher\" content=\"http:\/\/www.facebook.com\/korneliaratajshop\" \/>\n<meta property=\"article:modified_time\" content=\"2026-04-14T11:21:19+00:00\" \/>\n<meta property=\"og:image\" content=\"https:\/\/korneliarataj.com\/wp-content\/uploads\/2025\/05\/LB2-2025-SPORTY-AQUA-1-scaled.webp\" \/>\n\t<meta property=\"og:image:width\" content=\"1707\" \/>\n\t<meta property=\"og:image:height\" content=\"2560\" \/>\n\t<meta property=\"og:image:type\" content=\"image\/webp\" \/>\n<meta name=\"twitter:card\" content=\"summary_large_image\" \/>\n<meta name=\"twitter:label1\" content=\"Estimated reading time\" \/>\n\t<meta name=\"twitter:data1\" content=\"1 minute\" \/>\n<script type=\"application\/ld+json\" class=\"yoast-schema-graph\">{\"@context\":\"https:\\\/\\\/schema.org\",\"@graph\":[{\"@type\":\"WebPage\",\"@id\":\"https:\\\/\\\/korneliarataj.com\\\/produkt\\\/sporty-dol-stroju-kapielowego-aqua-2025\\\/\",\"url\":\"https:\\\/\\\/korneliarataj.com\\\/produkt\\\/sporty-dol-stroju-kapielowego-aqua-2025\\\/\",\"name\":\"Sporty - d\u00f3\u0142 stroju k\u0105pielowego Aqua - KORNELIARATAJ\",\"isPartOf\":{\"@id\":\"https:\\\/\\\/korneliarataj.com\\\/#website\"},\"primaryImageOfPage\":{\"@id\":\"https:\\\/\\\/korneliarataj.com\\\/produkt\\\/sporty-dol-stroju-kapielowego-aqua-2025\\\/#primaryimage\"},\"image\":{\"@id\":\"https:\\\/\\\/korneliarataj.com\\\/produkt\\\/sporty-dol-stroju-kapielowego-aqua-2025\\\/#primaryimage\"},\"thumbnailUrl\":\"https:\\\/\\\/korneliarataj.com\\\/wp-content\\\/uploads\\\/2025\\\/05\\\/LB2-2025-SPORTY-AQUA-1-scaled.webp\",\"datePublished\":\"2025-01-26T02:07:03+00:00\",\"dateModified\":\"2026-04-14T11:21:19+00:00\",\"description\":\"Kornelia Rataj. Minimalist Women's Collection, Basic, Swimwear. HANDMADE IN POLAND WITH LOVE.\",\"breadcrumb\":{\"@id\":\"https:\\\/\\\/korneliarataj.com\\\/produkt\\\/sporty-dol-stroju-kapielowego-aqua-2025\\\/#breadcrumb\"},\"inLanguage\":\"en-GB\",\"potentialAction\":[{\"@type\":\"ReadAction\",\"target\":[\"https:\\\/\\\/korneliarataj.com\\\/produkt\\\/sporty-dol-stroju-kapielowego-aqua-2025\\\/\"]}]},{\"@type\":\"ImageObject\",\"inLanguage\":\"en-GB\",\"@id\":\"https:\\\/\\\/korneliarataj.com\\\/produkt\\\/sporty-dol-stroju-kapielowego-aqua-2025\\\/#primaryimage\",\"url\":\"https:\\\/\\\/korneliarataj.com\\\/wp-content\\\/uploads\\\/2025\\\/05\\\/LB2-2025-SPORTY-AQUA-1-scaled.webp\",\"contentUrl\":\"https:\\\/\\\/korneliarataj.com\\\/wp-content\\\/uploads\\\/2025\\\/05\\\/LB2-2025-SPORTY-AQUA-1-scaled.webp\",\"width\":1707,\"height\":2560,\"caption\":\"Sporty Aqua\"},{\"@type\":\"BreadcrumbList\",\"@id\":\"https:\\\/\\\/korneliarataj.com\\\/produkt\\\/sporty-dol-stroju-kapielowego-aqua-2025\\\/#breadcrumb\",\"itemListElement\":[{\"@type\":\"ListItem\",\"position\":1,\"name\":\"HOME\",\"item\":\"https:\\\/\\\/korneliarataj.com\\\/\"},{\"@type\":\"ListItem\",\"position\":2,\"name\":\"Products\",\"item\":\"https:\\\/\\\/korneliarataj.com\\\/en\\\/shop\\\/\"},{\"@type\":\"ListItem\",\"position\":3,\"name\":\"Sporty &#8211; d\u00f3\u0142 stroju k\u0105pielowego Aqua\"}]},{\"@type\":\"WebSite\",\"@id\":\"https:\\\/\\\/korneliarataj.com\\\/#website\",\"url\":\"https:\\\/\\\/korneliarataj.com\\\/\",\"name\":\"Stroje K\u0105pielowe i Odzie\u017c Lniana Sklep Kornelia Rataj\",\"description\":\"swimwear stroje k\u0105pielowe ubrania len lniane\",\"publisher\":{\"@id\":\"https:\\\/\\\/korneliarataj.com\\\/#organization\"},\"potentialAction\":[{\"@type\":\"SearchAction\",\"target\":{\"@type\":\"EntryPoint\",\"urlTemplate\":\"https:\\\/\\\/korneliarataj.com\\\/?s={search_term_string}\"},\"query-input\":{\"@type\":\"PropertyValueSpecification\",\"valueRequired\":true,\"valueName\":\"search_term_string\"}}],\"inLanguage\":\"en-GB\"},{\"@type\":\"Organization\",\"@id\":\"https:\\\/\\\/korneliarataj.com\\\/#organization\",\"name\":\"KORNELIARATAJ\",\"url\":\"https:\\\/\\\/korneliarataj.com\\\/\",\"logo\":{\"@type\":\"ImageObject\",\"inLanguage\":\"en-GB\",\"@id\":\"https:\\\/\\\/korneliarataj.com\\\/#\\\/schema\\\/logo\\\/image\\\/\",\"url\":\"https:\\\/\\\/korneliarataj.com\\\/wp-content\\\/uploads\\\/2020\\\/07\\\/LOGO-KR.svg\",\"contentUrl\":\"https:\\\/\\\/korneliarataj.com\\\/wp-content\\\/uploads\\\/2020\\\/07\\\/LOGO-KR.svg\",\"width\":1024,\"height\":1024,\"caption\":\"KORNELIARATAJ\"},\"image\":{\"@id\":\"https:\\\/\\\/korneliarataj.com\\\/#\\\/schema\\\/logo\\\/image\\\/\"},\"sameAs\":[\"http:\\\/\\\/www.facebook.com\\\/korneliaratajshop\",\"http:\\\/\\\/www.instagram.com\\\/korneliarataj\"]}]}<\/script>\n<!-- \/ Yoast SEO plugin. -->","yoast_head_json":{"title":"Sporty - Aqua swimsuit bottom - KORNELIARATAJ","description":"Kornelia Rataj. Minimalist Women's Collection, Basic, Swimwear. HANDMADE IN POLAND WITH LOVE.","robots":{"index":"index","follow":"follow","max-snippet":"max-snippet:-1","max-image-preview":"max-image-preview:large","max-video-preview":"max-video-preview:-1"},"canonical":"https:\/\/korneliarataj.com\/en\/product\/sporty-dol-stroju-kapielowego-aqua-2025\/","og_locale":"en_GB","og_type":"article","og_title":"Sporty - d\u00f3\u0142 stroju k\u0105pielowego Aqua - KORNELIARATAJ","og_description":"Kornelia Rataj. Minimalist Women's Collection, Basic, Swimwear. HANDMADE IN POLAND WITH LOVE.","og_url":"https:\/\/korneliarataj.com\/en\/product\/sporty-dol-stroju-kapielowego-aqua-2025\/","og_site_name":"KORNELIARATAJ","article_publisher":"http:\/\/www.facebook.com\/korneliaratajshop","article_modified_time":"2026-04-14T11:21:19+00:00","og_image":[{"width":1707,"height":2560,"url":"https:\/\/korneliarataj.com\/wp-content\/uploads\/2025\/05\/LB2-2025-SPORTY-AQUA-1-scaled.webp","type":"image\/webp"}],"twitter_card":"summary_large_image","twitter_misc":{"Estimated reading time":"1 minute"},"schema":{"@context":"https:\/\/schema.org","@graph":[{"@type":"WebPage","@id":"https:\/\/korneliarataj.com\/produkt\/sporty-dol-stroju-kapielowego-aqua-2025\/","url":"https:\/\/korneliarataj.com\/produkt\/sporty-dol-stroju-kapielowego-aqua-2025\/","name":"Sporty - Aqua swimsuit bottom - KORNELIARATAJ","isPartOf":{"@id":"https:\/\/korneliarataj.com\/#website"},"primaryImageOfPage":{"@id":"https:\/\/korneliarataj.com\/produkt\/sporty-dol-stroju-kapielowego-aqua-2025\/#primaryimage"},"image":{"@id":"https:\/\/korneliarataj.com\/produkt\/sporty-dol-stroju-kapielowego-aqua-2025\/#primaryimage"},"thumbnailUrl":"https:\/\/korneliarataj.com\/wp-content\/uploads\/2025\/05\/LB2-2025-SPORTY-AQUA-1-scaled.webp","datePublished":"2025-01-26T02:07:03+00:00","dateModified":"2026-04-14T11:21:19+00:00","description":"Kornelia Rataj. Minimalist Women's Collection, Basic, Swimwear. HANDMADE IN POLAND WITH LOVE.","breadcrumb":{"@id":"https:\/\/korneliarataj.com\/produkt\/sporty-dol-stroju-kapielowego-aqua-2025\/#breadcrumb"},"inLanguage":"en-GB","potentialAction":[{"@type":"ReadAction","target":["https:\/\/korneliarataj.com\/produkt\/sporty-dol-stroju-kapielowego-aqua-2025\/"]}]},{"@type":"ImageObject","inLanguage":"en-GB","@id":"https:\/\/korneliarataj.com\/produkt\/sporty-dol-stroju-kapielowego-aqua-2025\/#primaryimage","url":"https:\/\/korneliarataj.com\/wp-content\/uploads\/2025\/05\/LB2-2025-SPORTY-AQUA-1-scaled.webp","contentUrl":"https:\/\/korneliarataj.com\/wp-content\/uploads\/2025\/05\/LB2-2025-SPORTY-AQUA-1-scaled.webp","width":1707,"height":2560,"caption":"Sporty Aqua"},{"@type":"BreadcrumbList","@id":"https:\/\/korneliarataj.com\/produkt\/sporty-dol-stroju-kapielowego-aqua-2025\/#breadcrumb","itemListElement":[{"@type":"ListItem","position":1,"name":"HOME","item":"https:\/\/korneliarataj.com\/"},{"@type":"ListItem","position":2,"name":"Products","item":"https:\/\/korneliarataj.com\/en\/shop\/"},{"@type":"ListItem","position":3,"name":"Sporty &#8211; d\u00f3\u0142 stroju k\u0105pielowego Aqua"}]},{"@type":"WebSite","@id":"https:\/\/korneliarataj.com\/#website","url":"https:\/\/korneliarataj.com\/","name":"Swimwear and Linen Clothing Shop Kornelia Rataj","description":"swimwear swimwear linen linen clothing","publisher":{"@id":"https:\/\/korneliarataj.com\/#organization"},"potentialAction":[{"@type":"SearchAction","target":{"@type":"EntryPoint","urlTemplate":"https:\/\/korneliarataj.com\/?s={search_term_string}"},"query-input":{"@type":"PropertyValueSpecification","valueRequired":true,"valueName":"search_term_string"}}],"inLanguage":"en-GB"},{"@type":"Organization","@id":"https:\/\/korneliarataj.com\/#organization","name":"KORNELIARATAJ","url":"https:\/\/korneliarataj.com\/","logo":{"@type":"ImageObject","inLanguage":"en-GB","@id":"https:\/\/korneliarataj.com\/#\/schema\/logo\/image\/","url":"https:\/\/korneliarataj.com\/wp-content\/uploads\/2020\/07\/LOGO-KR.svg","contentUrl":"https:\/\/korneliarataj.com\/wp-content\/uploads\/2020\/07\/LOGO-KR.svg","width":1024,"height":1024,"caption":"KORNELIARATAJ"},"image":{"@id":"https:\/\/korneliarataj.com\/#\/schema\/logo\/image\/"},"sameAs":["http:\/\/www.facebook.com\/korneliaratajshop","http:\/\/www.instagram.com\/korneliarataj"]}]}},"_links":{"self":[{"href":"https:\/\/korneliarataj.com\/en\/wp-json\/wp\/v2\/product\/308868","targetHints":{"allow":["GET"]}}],"collection":[{"href":"https:\/\/korneliarataj.com\/en\/wp-json\/wp\/v2\/product"}],"about":[{"href":"https:\/\/korneliarataj.com\/en\/wp-json\/wp\/v2\/types\/product"}],"wp:featuredmedia":[{"embeddable":true,"href":"https:\/\/korneliarataj.com\/en\/wp-json\/wp\/v2\/media\/320122"}],"wp:attachment":[{"href":"https:\/\/korneliarataj.com\/en\/wp-json\/wp\/v2\/media?parent=308868"}],"wp:term":[{"taxonomy":"product_brand","embeddable":true,"href":"https:\/\/korneliarataj.com\/en\/wp-json\/wp\/v2\/product_brand?post=308868"},{"taxonomy":"product_cat","embeddable":true,"href":"https:\/\/korneliarataj.com\/en\/wp-json\/wp\/v2\/product_cat?post=308868"},{"taxonomy":"product_tag","embeddable":true,"href":"https:\/\/korneliarataj.com\/en\/wp-json\/wp\/v2\/product_tag?post=308868"}],"curies":[{"name":"wp","href":"https:\/\/api.w.org\/{rel}","templated":true}]}}