{"id":308515,"date":"2025-01-26T00:07:11","date_gmt":"2025-01-25T23:07:11","guid":{"rendered":"https:\/\/korneliarataj.com\/?post_type=product&#038;p=308515"},"modified":"2026-03-30T19:55:10","modified_gmt":"2026-03-30T17:55:10","slug":"micro-thong-dol-stroju-kapielowego-sunset-2025","status":"publish","type":"product","link":"https:\/\/korneliarataj.com\/en\/product\/micro-thong-dol-stroju-kapielowego-sunset-2025\/","title":{"rendered":"Micro Thong - Sunset swimsuit bottom"},"content":{"rendered":"","protected":false},"excerpt":{"rendered":"<p style=\"text-align: left;\"><strong>OPTIONS<\/strong><\/p>\n<p style=\"text-align: left;\"><a href=\"https:\/\/korneliarataj.com\/en\/product\/micro-thong-dol-stroju-kapielowego-aqua-2025\/\" target=\"_blank\" rel=\"noopener noreferrer\"><img decoding=\"async\" src=\"https:\/\/korneliarataj.com\/wp-content\/uploads\/2025\/01\/2025-MICRO-THONG-AQUA-1.webp\" width=\"100px\" \/><\/a><a href=\"https:\/\/korneliarataj.com\/en\/product\/micro-thong-dol-stroju-kapielowego-sunshine-2025\/\" target=\"_blank\" rel=\"noopener noreferrer\"><img decoding=\"async\" src=\"https:\/\/korneliarataj.com\/wp-content\/uploads\/2025\/01\/2025-MICRO-THONG-SUNSHINE-1.webp\" width=\"100px\" \/><\/a><a href=\"https:\/\/korneliarataj.com\/en\/product\/micro-thong-dol-stroju-kapielowego-hibiscus-2025\/\" target=\"_blank\" rel=\"noopener noreferrer\"><img decoding=\"async\" src=\"https:\/\/korneliarataj.com\/wp-content\/uploads\/2025\/01\/2025-MICRO-THONG-HIBISCUS-1.webp\" width=\"100px\" \/><\/a><a href=\"https:\/\/korneliarataj.com\/en\/product\/micro-thong-dol-stroju-kapielowego-wood-2025\/\" target=\"_blank\" rel=\"noopener noreferrer\"><img decoding=\"async\" src=\"https:\/\/korneliarataj.com\/wp-content\/uploads\/2025\/01\/2025-MICRO-THONG-WOOD-1.webp\" width=\"100px\" \/><\/a>\u00a0<a href=\"https:\/\/korneliarataj.com\/en\/product\/micro-thong-dol-stroju-kapielowego-coconut-2025\/\" target=\"_blank\" rel=\"noopener noreferrer\"><img decoding=\"async\" src=\"https:\/\/korneliarataj.com\/wp-content\/uploads\/2025\/01\/2025-MICRO-THONG-COCONUT-1.webp\" width=\"100px\" \/><\/a>\u00a0<a href=\"https:\/\/korneliarataj.com\/en\/product\/micro-thong-dol-stroju-kapielowego-black-2025\/\" target=\"_blank\" rel=\"noopener noreferrer\"><img decoding=\"async\" src=\"https:\/\/korneliarataj.com\/wp-content\/uploads\/2025\/01\/2025-MICRO-THONG-BLACK-1.webp\" width=\"100px\" \/><\/a><\/p>\n<p style=\"text-align: left;\"><u><strong>Micro Thong - Swimsuit bottom<\/strong><\/u><\/p>\n<p style=\"text-align: left;\"><strong>Bestselling thong swimsuit bottom - bold style and perfect fit<\/strong>. The heavily cut thong bikini bottom is the perfect choice for sunbathing. Featuring a deep cutout revealing the buttocks, a medium high rise and thin strings at the sides, the model accentuates the silhouette, adding a sensual touch. A thin belt at the back provides a minimalist and look. The high-waisted bodice optically lengthens the legs, slims the silhouette and subtly accentuates the feminine curves.<\/p>\n<p style=\"text-align: left;\">A thong bikini bottom is an essential piece of swimwear for women who value style and comfort. Accentuate your silhouette and choose a unique swimsuit from a Polish brand that combines bold design, comfort and top quality workmanship.<\/p>\n<p>&nbsp;<\/p>\n<p style=\"text-align: left;\"><strong>High quality materials<\/strong><\/p>\n<p style=\"text-align: left;\">The swimsuit is made of high-quality lycra <strong>econyl<\/strong><strong class=\"copyright\">\u24c7<\/strong>recycled materials that meet the highest quality standards, including certified <strong>OEKO-TEX Standard 100<\/strong>. The material is characterised by:<br \/>\n\u2013 <strong>protection against UV radiation<\/strong>,<br \/>\n\u2013 <strong>bi-directional flexibility<\/strong>which provides comfort,<br \/>\n\u2013 <strong>resistant to chlorine and fading<\/strong>,<br \/>\n\u2013 <strong>sustainability<\/strong>, even when coming into contact with oils and sun creams,<br \/>\n\u2013 <strong>ecological production process<\/strong> - recycled fibre<\/p>\n<p>&nbsp;<\/p>\n<p style=\"text-align: left;\"><strong>Aesthetics and comfort in every detail<\/strong><\/p>\n<p style=\"text-align: left;\">Every detail has been designed with your comfort in mind:<\/p>\n<p>\u2013 <strong>Swimwear is sewn in two layers<\/strong>, they provide comfort and adequate coverage.<br \/>\n\u2013 <strong>Hidden seams<\/strong> provide exceptional wearing comfort.<br \/>\n\u2013 <strong>Heat-sealable label<\/strong> guarantees enjoyment.<\/p>\n<p style=\"text-align: left;\">The Micro Thong bottom is available in three timeless colours -. <strong>black, white, brown and seasonal shades<\/strong>. You can mix and match the bottom with any top from the collection to create unique beach styles.<\/p>\n<p style=\"text-align: left;\">The bottom of the swimsuit is available in 3 sizes.<\/p>\n<p style=\"text-align: left;\"><strong>Model dimensions<\/strong><br \/>\nThe model, Veronica, in the photo is wearing size M\/L<br \/>\nBust circumference: 89 cm<br \/>\nCircumference under bust: 75 cm<br \/>\nCup: 75D\/70E<br \/>\nWaist circumference: 68 cm<br \/>\nHip circumference: 103 cm<br \/>\nHeight: 173 cm<\/p>\n<p>&nbsp;<\/p>\n<p style=\"text-align: left;\"><strong>Local production - sewn in Poland<\/strong><\/p>\n<p style=\"text-align: left;\">Our swimwear is made in our family workshop in Czernica with attention to every detail. The products are distinguished by their careful workmanship, durability and aesthetics, which are appreciated by our customers.<\/p>\n<p style=\"text-align: left;\"><strong><u><\/p>\n<div class=\"kr-collapse is-noarrow\" data-rel=\"kolor\">\n    <button type=\"button\" class=\"kr-collapse__trigger\"\n      aria-expanded=\"false\"\n      aria-controls=\"kr-exp-1\"><br \/>\n      COLOUR DESCRIPTION<br \/>\n    <\/button><\/p>\n<div id=\"kr-exp-1\" class=\"kr-collapse__panel\" hidden>\n<div class=\"kr-collapse__content\"><\/u><\/strong><\/p>\n<p style=\"text-align: left;\"><strong><a href=\"https:\/\/korneliarataj.com\/en\/kolor-sunset-stroje\/\" target=\"_blank\" rel=\"noopener noreferrer\"><u>Colour SUNSET<\/u><\/a> - Warm vintage-style shade for summer 2025<\/strong>.<br \/>\n<strong>Brilliant orange swimsuit with a hint of pink<\/strong> is the quintessence of vintage style and elegance. Inspired by sunsets, this warm hue enhances the natural beauty of any complexion - from light porcelain skin to olive skin to darker complexions.<br \/>\n\u2013 <strong>Light, porcelain complexion<\/strong>: Creates a subtle contrast, adding a healthy glow to the complexion.<br \/>\n\u2013 <strong>Olive complexion<\/strong>: Brings out the golden tones of the skin, adding warmth.<br \/>\n\u2013 <strong>Darker skin<\/strong>: Emphasises the depth of skin colour and adds elegance to the style.<br \/>\n<strong>Swimwear in a brick-orange hue<\/strong> are the perfect choice for both retro and modern style fans. One-piece models slenderise the silhouette, while bikinis add lightness and subtlety.<br \/>\n<strong>Why choose an orange swimsuit with a hint of pink?<\/strong><br \/>\nThis is a must-have for summer 2025 for those who appreciate warm, harmonious earth tones.<\/div>\n<\/p><\/div>\n<\/p><\/div>\n<\/p>\n<p style=\"text-align: left;\"><strong><u><\/p>\n<div class=\"kr-collapse is-noarrow\" data-rel=\"sklad\">\n    <button type=\"button\" class=\"kr-collapse__trigger\"\n      aria-expanded=\"false\"\n      aria-controls=\"kr-exp-2\"><br \/>\n      COMPOSITION AND CARE INSTRUCTIONS<br \/>\n    <\/button><\/p>\n<div id=\"kr-exp-2\" class=\"kr-collapse__panel\" hidden>\n<div class=\"kr-collapse__content\"><\/u><\/strong><\/p>\n<p style=\"text-align: left;\">78% recycled polyamide<br \/>\n22% elastane<br \/>\nsoft wash at 30\u00b0C with similar colours<br \/>\nhand wash, with similar colours<br \/>\niron at max. 110\u00b0c<br \/>\ndo not bleach<br \/>\ndo not tumble dry<\/p>\n<\/div><\/div>\n<\/p><\/div>","protected":false},"featured_media":320078,"template":"","meta":[],"product_brand":[500],"product_cat":[551,587,585,527,537,572,561,582,535,593,646,557,512,524,553,555,574],"product_tag":[508],"class_list":{"0":"post-308515","1":"product","2":"type-product","3":"status-publish","4":"has-post-thumbnail","6":"product_brand-korneliarataj","7":"product_cat-ciazowe-doly","8":"product_cat-ciazowe-stroje","9":"product_cat-do-opalania-stroje","10":"product_cat-dol-swimwear","11":"product_cat-dwuczesciowe-swimwear","12":"product_cat-kategorie-swimwear","13":"product_cat-kolory-swimwear","14":"product_cat-niski-stan-stroje","15":"product_cat-nowosci","16":"product_cat-ochrona-uv-stroje","17":"product_cat-sale-swimwear-2025","18":"product_cat-stringi-doly","19":"product_cat-sunset-swimwear","20":"product_cat-swimwear-2025","21":"product_cat-wyciete-doly","22":"product_cat-wysoki-stan-doly","23":"product_cat-z-wycieciami-wyciete-stroje","24":"product_tag-sunset","25":"flv-has-gallery","27":"first","28":"instock","29":"sale","30":"taxable","31":"shipping-taxable","32":"purchasable","33":"product-type-variable","34":"has-default-attributes"},"yoast_head":"<!-- This site is optimized with the Yoast SEO plugin v27.4 - https:\/\/yoast.com\/product\/yoast-seo-wordpress\/ -->\n<title>Micro Thong - d\u00f3\u0142 stroju k\u0105pielowego Sunset - KORNELIARATAJ<\/title>\n<meta name=\"description\" content=\"Kornelia Rataj. Minimalist Women&#039;s Collection, Basic, Swimwear. HANDMADE IN POLAND WITH LOVE.\" \/>\n<meta name=\"robots\" content=\"index, follow, max-snippet:-1, max-image-preview:large, max-video-preview:-1\" \/>\n<link rel=\"canonical\" href=\"https:\/\/korneliarataj.com\/en\/product\/micro-thong-dol-stroju-kapielowego-sunset-2025\/\" \/>\n<meta property=\"og:locale\" content=\"en_GB\" \/>\n<meta property=\"og:type\" content=\"article\" \/>\n<meta property=\"og:title\" content=\"Micro Thong - d\u00f3\u0142 stroju k\u0105pielowego Sunset - KORNELIARATAJ\" \/>\n<meta property=\"og:description\" content=\"Kornelia Rataj. Minimalist Women&#039;s Collection, Basic, Swimwear. HANDMADE IN POLAND WITH LOVE.\" \/>\n<meta property=\"og:url\" content=\"https:\/\/korneliarataj.com\/en\/product\/micro-thong-dol-stroju-kapielowego-sunset-2025\/\" \/>\n<meta property=\"og:site_name\" content=\"KORNELIARATAJ\" \/>\n<meta property=\"article:publisher\" content=\"http:\/\/www.facebook.com\/korneliaratajshop\" \/>\n<meta property=\"article:modified_time\" content=\"2026-03-30T17:55:10+00:00\" \/>\n<meta property=\"og:image\" content=\"https:\/\/korneliarataj.com\/wp-content\/uploads\/2025\/05\/LB2-2025-MICRO-THONG-SUNSET-1-scaled.webp\" \/>\n\t<meta property=\"og:image:width\" content=\"1707\" \/>\n\t<meta property=\"og:image:height\" content=\"2560\" \/>\n\t<meta property=\"og:image:type\" content=\"image\/webp\" \/>\n<meta name=\"twitter:card\" content=\"summary_large_image\" \/>\n<meta name=\"twitter:label1\" content=\"Estimated reading time\" \/>\n\t<meta name=\"twitter:data1\" content=\"1 minute\" \/>\n<script type=\"application\/ld+json\" class=\"yoast-schema-graph\">{\"@context\":\"https:\\\/\\\/schema.org\",\"@graph\":[{\"@type\":\"WebPage\",\"@id\":\"https:\\\/\\\/korneliarataj.com\\\/produkt\\\/micro-thong-dol-stroju-kapielowego-sunset-2025\\\/\",\"url\":\"https:\\\/\\\/korneliarataj.com\\\/produkt\\\/micro-thong-dol-stroju-kapielowego-sunset-2025\\\/\",\"name\":\"Micro Thong - d\u00f3\u0142 stroju k\u0105pielowego Sunset - KORNELIARATAJ\",\"isPartOf\":{\"@id\":\"https:\\\/\\\/korneliarataj.com\\\/#website\"},\"primaryImageOfPage\":{\"@id\":\"https:\\\/\\\/korneliarataj.com\\\/produkt\\\/micro-thong-dol-stroju-kapielowego-sunset-2025\\\/#primaryimage\"},\"image\":{\"@id\":\"https:\\\/\\\/korneliarataj.com\\\/produkt\\\/micro-thong-dol-stroju-kapielowego-sunset-2025\\\/#primaryimage\"},\"thumbnailUrl\":\"https:\\\/\\\/korneliarataj.com\\\/wp-content\\\/uploads\\\/2025\\\/05\\\/LB2-2025-MICRO-THONG-SUNSET-1-scaled.webp\",\"datePublished\":\"2025-01-25T23:07:11+00:00\",\"dateModified\":\"2026-03-30T17:55:10+00:00\",\"description\":\"Kornelia Rataj. Minimalist Women's Collection, Basic, Swimwear. HANDMADE IN POLAND WITH LOVE.\",\"breadcrumb\":{\"@id\":\"https:\\\/\\\/korneliarataj.com\\\/produkt\\\/micro-thong-dol-stroju-kapielowego-sunset-2025\\\/#breadcrumb\"},\"inLanguage\":\"en-GB\",\"potentialAction\":[{\"@type\":\"ReadAction\",\"target\":[\"https:\\\/\\\/korneliarataj.com\\\/produkt\\\/micro-thong-dol-stroju-kapielowego-sunset-2025\\\/\"]}]},{\"@type\":\"ImageObject\",\"inLanguage\":\"en-GB\",\"@id\":\"https:\\\/\\\/korneliarataj.com\\\/produkt\\\/micro-thong-dol-stroju-kapielowego-sunset-2025\\\/#primaryimage\",\"url\":\"https:\\\/\\\/korneliarataj.com\\\/wp-content\\\/uploads\\\/2025\\\/05\\\/LB2-2025-MICRO-THONG-SUNSET-1-scaled.webp\",\"contentUrl\":\"https:\\\/\\\/korneliarataj.com\\\/wp-content\\\/uploads\\\/2025\\\/05\\\/LB2-2025-MICRO-THONG-SUNSET-1-scaled.webp\",\"width\":1707,\"height\":2560,\"caption\":\"Micro Thong Sunset\"},{\"@type\":\"BreadcrumbList\",\"@id\":\"https:\\\/\\\/korneliarataj.com\\\/produkt\\\/micro-thong-dol-stroju-kapielowego-sunset-2025\\\/#breadcrumb\",\"itemListElement\":[{\"@type\":\"ListItem\",\"position\":1,\"name\":\"HOME\",\"item\":\"https:\\\/\\\/korneliarataj.com\\\/\"},{\"@type\":\"ListItem\",\"position\":2,\"name\":\"Products\",\"item\":\"https:\\\/\\\/korneliarataj.com\\\/en\\\/shop\\\/\"},{\"@type\":\"ListItem\",\"position\":3,\"name\":\"Micro Thong &#8211; d\u00f3\u0142 stroju k\u0105pielowego Sunset\"}]},{\"@type\":\"WebSite\",\"@id\":\"https:\\\/\\\/korneliarataj.com\\\/#website\",\"url\":\"https:\\\/\\\/korneliarataj.com\\\/\",\"name\":\"Stroje K\u0105pielowe i Odzie\u017c Lniana Sklep Kornelia Rataj\",\"description\":\"swimwear stroje k\u0105pielowe ubrania len lniane\",\"publisher\":{\"@id\":\"https:\\\/\\\/korneliarataj.com\\\/#organization\"},\"potentialAction\":[{\"@type\":\"SearchAction\",\"target\":{\"@type\":\"EntryPoint\",\"urlTemplate\":\"https:\\\/\\\/korneliarataj.com\\\/?s={search_term_string}\"},\"query-input\":{\"@type\":\"PropertyValueSpecification\",\"valueRequired\":true,\"valueName\":\"search_term_string\"}}],\"inLanguage\":\"en-GB\"},{\"@type\":\"Organization\",\"@id\":\"https:\\\/\\\/korneliarataj.com\\\/#organization\",\"name\":\"KORNELIARATAJ\",\"url\":\"https:\\\/\\\/korneliarataj.com\\\/\",\"logo\":{\"@type\":\"ImageObject\",\"inLanguage\":\"en-GB\",\"@id\":\"https:\\\/\\\/korneliarataj.com\\\/#\\\/schema\\\/logo\\\/image\\\/\",\"url\":\"https:\\\/\\\/korneliarataj.com\\\/wp-content\\\/uploads\\\/2020\\\/07\\\/LOGO-KR.svg\",\"contentUrl\":\"https:\\\/\\\/korneliarataj.com\\\/wp-content\\\/uploads\\\/2020\\\/07\\\/LOGO-KR.svg\",\"width\":1024,\"height\":1024,\"caption\":\"KORNELIARATAJ\"},\"image\":{\"@id\":\"https:\\\/\\\/korneliarataj.com\\\/#\\\/schema\\\/logo\\\/image\\\/\"},\"sameAs\":[\"http:\\\/\\\/www.facebook.com\\\/korneliaratajshop\",\"http:\\\/\\\/www.instagram.com\\\/korneliarataj\"]}]}<\/script>\n<!-- \/ Yoast SEO plugin. -->","yoast_head_json":{"title":"Micro Thong - Sunset swimsuit bottom - KORNELIARATAJ","description":"Kornelia Rataj. Minimalist Women's Collection, Basic, Swimwear. HANDMADE IN POLAND WITH LOVE.","robots":{"index":"index","follow":"follow","max-snippet":"max-snippet:-1","max-image-preview":"max-image-preview:large","max-video-preview":"max-video-preview:-1"},"canonical":"https:\/\/korneliarataj.com\/en\/product\/micro-thong-dol-stroju-kapielowego-sunset-2025\/","og_locale":"en_GB","og_type":"article","og_title":"Micro Thong - d\u00f3\u0142 stroju k\u0105pielowego Sunset - KORNELIARATAJ","og_description":"Kornelia Rataj. Minimalist Women's Collection, Basic, Swimwear. HANDMADE IN POLAND WITH LOVE.","og_url":"https:\/\/korneliarataj.com\/en\/product\/micro-thong-dol-stroju-kapielowego-sunset-2025\/","og_site_name":"KORNELIARATAJ","article_publisher":"http:\/\/www.facebook.com\/korneliaratajshop","article_modified_time":"2026-03-30T17:55:10+00:00","og_image":[{"width":1707,"height":2560,"url":"https:\/\/korneliarataj.com\/wp-content\/uploads\/2025\/05\/LB2-2025-MICRO-THONG-SUNSET-1-scaled.webp","type":"image\/webp"}],"twitter_card":"summary_large_image","twitter_misc":{"Estimated reading time":"1 minute"},"schema":{"@context":"https:\/\/schema.org","@graph":[{"@type":"WebPage","@id":"https:\/\/korneliarataj.com\/produkt\/micro-thong-dol-stroju-kapielowego-sunset-2025\/","url":"https:\/\/korneliarataj.com\/produkt\/micro-thong-dol-stroju-kapielowego-sunset-2025\/","name":"Micro Thong - Sunset swimsuit bottom - KORNELIARATAJ","isPartOf":{"@id":"https:\/\/korneliarataj.com\/#website"},"primaryImageOfPage":{"@id":"https:\/\/korneliarataj.com\/produkt\/micro-thong-dol-stroju-kapielowego-sunset-2025\/#primaryimage"},"image":{"@id":"https:\/\/korneliarataj.com\/produkt\/micro-thong-dol-stroju-kapielowego-sunset-2025\/#primaryimage"},"thumbnailUrl":"https:\/\/korneliarataj.com\/wp-content\/uploads\/2025\/05\/LB2-2025-MICRO-THONG-SUNSET-1-scaled.webp","datePublished":"2025-01-25T23:07:11+00:00","dateModified":"2026-03-30T17:55:10+00:00","description":"Kornelia Rataj. Minimalist Women's Collection, Basic, Swimwear. HANDMADE IN POLAND WITH LOVE.","breadcrumb":{"@id":"https:\/\/korneliarataj.com\/produkt\/micro-thong-dol-stroju-kapielowego-sunset-2025\/#breadcrumb"},"inLanguage":"en-GB","potentialAction":[{"@type":"ReadAction","target":["https:\/\/korneliarataj.com\/produkt\/micro-thong-dol-stroju-kapielowego-sunset-2025\/"]}]},{"@type":"ImageObject","inLanguage":"en-GB","@id":"https:\/\/korneliarataj.com\/produkt\/micro-thong-dol-stroju-kapielowego-sunset-2025\/#primaryimage","url":"https:\/\/korneliarataj.com\/wp-content\/uploads\/2025\/05\/LB2-2025-MICRO-THONG-SUNSET-1-scaled.webp","contentUrl":"https:\/\/korneliarataj.com\/wp-content\/uploads\/2025\/05\/LB2-2025-MICRO-THONG-SUNSET-1-scaled.webp","width":1707,"height":2560,"caption":"Micro Thong Sunset"},{"@type":"BreadcrumbList","@id":"https:\/\/korneliarataj.com\/produkt\/micro-thong-dol-stroju-kapielowego-sunset-2025\/#breadcrumb","itemListElement":[{"@type":"ListItem","position":1,"name":"HOME","item":"https:\/\/korneliarataj.com\/"},{"@type":"ListItem","position":2,"name":"Products","item":"https:\/\/korneliarataj.com\/en\/shop\/"},{"@type":"ListItem","position":3,"name":"Micro Thong &#8211; d\u00f3\u0142 stroju k\u0105pielowego Sunset"}]},{"@type":"WebSite","@id":"https:\/\/korneliarataj.com\/#website","url":"https:\/\/korneliarataj.com\/","name":"Swimwear and Linen Clothing Shop Kornelia Rataj","description":"swimwear swimwear linen linen clothing","publisher":{"@id":"https:\/\/korneliarataj.com\/#organization"},"potentialAction":[{"@type":"SearchAction","target":{"@type":"EntryPoint","urlTemplate":"https:\/\/korneliarataj.com\/?s={search_term_string}"},"query-input":{"@type":"PropertyValueSpecification","valueRequired":true,"valueName":"search_term_string"}}],"inLanguage":"en-GB"},{"@type":"Organization","@id":"https:\/\/korneliarataj.com\/#organization","name":"KORNELIARATAJ","url":"https:\/\/korneliarataj.com\/","logo":{"@type":"ImageObject","inLanguage":"en-GB","@id":"https:\/\/korneliarataj.com\/#\/schema\/logo\/image\/","url":"https:\/\/korneliarataj.com\/wp-content\/uploads\/2020\/07\/LOGO-KR.svg","contentUrl":"https:\/\/korneliarataj.com\/wp-content\/uploads\/2020\/07\/LOGO-KR.svg","width":1024,"height":1024,"caption":"KORNELIARATAJ"},"image":{"@id":"https:\/\/korneliarataj.com\/#\/schema\/logo\/image\/"},"sameAs":["http:\/\/www.facebook.com\/korneliaratajshop","http:\/\/www.instagram.com\/korneliarataj"]}]}},"_links":{"self":[{"href":"https:\/\/korneliarataj.com\/en\/wp-json\/wp\/v2\/product\/308515","targetHints":{"allow":["GET"]}}],"collection":[{"href":"https:\/\/korneliarataj.com\/en\/wp-json\/wp\/v2\/product"}],"about":[{"href":"https:\/\/korneliarataj.com\/en\/wp-json\/wp\/v2\/types\/product"}],"wp:featuredmedia":[{"embeddable":true,"href":"https:\/\/korneliarataj.com\/en\/wp-json\/wp\/v2\/media\/320078"}],"wp:attachment":[{"href":"https:\/\/korneliarataj.com\/en\/wp-json\/wp\/v2\/media?parent=308515"}],"wp:term":[{"taxonomy":"product_brand","embeddable":true,"href":"https:\/\/korneliarataj.com\/en\/wp-json\/wp\/v2\/product_brand?post=308515"},{"taxonomy":"product_cat","embeddable":true,"href":"https:\/\/korneliarataj.com\/en\/wp-json\/wp\/v2\/product_cat?post=308515"},{"taxonomy":"product_tag","embeddable":true,"href":"https:\/\/korneliarataj.com\/en\/wp-json\/wp\/v2\/product_tag?post=308515"}],"curies":[{"name":"wp","href":"https:\/\/api.w.org\/{rel}","templated":true}]}}