{"id":308478,"date":"2025-01-25T23:51:56","date_gmt":"2025-01-25T22:51:56","guid":{"rendered":"https:\/\/korneliarataj.com\/?post_type=product&#038;p=308478"},"modified":"2026-03-22T23:37:15","modified_gmt":"2026-03-22T22:37:15","slug":"asymmetrical-dol-stroju-kapielowego-coconut-2025","status":"publish","type":"product","link":"https:\/\/korneliarataj.com\/en\/product\/asymmetrical-dol-stroju-kapielowego-coconut-2025\/","title":{"rendered":"Asymmetrical - Coconut swimsuit bottom"},"content":{"rendered":"","protected":false},"excerpt":{"rendered":"<p style=\"text-align: left;\"><strong>OPTIONS<\/strong><\/p>\n<p style=\"text-align: left;\"><a href=\"https:\/\/korneliarataj.com\/en\/product\/asymmetrical-dol-stroju-kapielowego-sunset-2025\/\" target=\"_blank\" rel=\"noopener noreferrer\"><img decoding=\"async\" src=\"https:\/\/korneliarataj.com\/wp-content\/uploads\/2025\/01\/2025-ASYMMETRICAL-SUNSET-11.webp\" width=\"100px\" \/><\/a><a href=\"https:\/\/korneliarataj.com\/en\/product\/asymmetrical-dol-stroju-kapielowego-aqua-2025\/\" target=\"_blank\" rel=\"noopener noreferrer\"><img decoding=\"async\" src=\"https:\/\/korneliarataj.com\/wp-content\/uploads\/2025\/01\/2025-ASYMMETRICAL-AQUA-11.webp\" width=\"100px\" \/><\/a><a href=\"https:\/\/korneliarataj.com\/en\/product\/asymmetrical-dol-stroju-kapielowego-sunshine-2025\/\" target=\"_blank\" rel=\"noopener noreferrer\"><img decoding=\"async\" src=\"https:\/\/korneliarataj.com\/wp-content\/uploads\/2025\/01\/2025-ASYMMETRICAL-SUNSHINE-11.webp\" width=\"100px\" \/><\/a><a href=\"https:\/\/korneliarataj.com\/en\/product\/asymmetrical-dol-stroju-kapielowego-hibiscus-2025\/\" target=\"_blank\" rel=\"noopener noreferrer\"><img decoding=\"async\" src=\"https:\/\/korneliarataj.com\/wp-content\/uploads\/2025\/01\/2025-ASYMMETRICAL-HIBISCUS-11.webp\" width=\"100px\" \/><\/a>\u00a0<a href=\"https:\/\/korneliarataj.com\/en\/product\/asymmetrical-dol-stroju-kapielowego-wood-2025\/\" target=\"_blank\" rel=\"noopener noreferrer\"><img decoding=\"async\" src=\"https:\/\/korneliarataj.com\/wp-content\/uploads\/2025\/01\/2025-ASYMMETRICAL-WOOD-11.webp\" width=\"100px\" \/><\/a>\u00a0<a href=\"https:\/\/korneliarataj.com\/en\/product\/asymmetrical-dol-stroju-kapielowego-black-2025\/\" target=\"_blank\" rel=\"noopener noreferrer\"><img decoding=\"async\" src=\"https:\/\/korneliarataj.com\/wp-content\/uploads\/2025\/01\/2025-ASYMMETRICAL-BLACK-11.webp\" width=\"100px\" \/><\/a><\/p>\n<p style=\"text-align: left;\"><u><strong>Asymmetrical - swimsuit bottom<\/strong><\/u><\/p>\n<p style=\"text-align: left;\">The cut-out bottom of the swimsuit with asymmetrical ties on the side is the perfect choice for both the beach and the pool. The high-waisted swimsuit optically lengthens the legs, slims the silhouette and emphasises femininity. The crease allows you to adjust the amount of coverage on the body, both in front and on the buttocks, ensuring a comfortable and individual fit. The high waistline emphasises the waist, elongates the legs and slims the figure for a feminine and stylish look.<\/p>\n<p style=\"text-align: left;\">A classic bikini bottom is an essential piece of swimwear for every woman. Accentuate your silhouette and choose a unique swimsuit from a Polish brand that combines style, comfort and top quality workmanship.<\/p>\n<p>&nbsp;<\/p>\n<p style=\"text-align: left;\"><strong>High quality materials<\/strong><\/p>\n<p style=\"text-align: left;\">The swimsuit is made of high-quality lycra <strong>econyl<\/strong><strong class=\"copyright\">\u24c7<\/strong>recycled materials that meet the highest quality standards, including certified <strong>OEKO-TEX Standard 100<\/strong>. The material is characterised by:<br \/>\n\u2013 <strong>protection against UV radiation<\/strong>,<br \/>\n\u2013 <strong>bi-directional flexibility<\/strong>which provides comfort,<br \/>\n\u2013 <strong>resistant to chlorine and fading<\/strong>,<br \/>\n\u2013 <strong>sustainability<\/strong>, even when coming into contact with oils and sun creams,<br \/>\n\u2013 <strong>ecological production process<\/strong> - recycled fibre<\/p>\n<p>&nbsp;<\/p>\n<p style=\"text-align: left;\"><strong>Aesthetics and comfort in every detail<\/strong><\/p>\n<p style=\"text-align: left;\">Every detail has been designed with your comfort in mind:<\/p>\n<p>\u2013 <strong>Swimwear is sewn in two layers<\/strong>, they provide comfort and adequate coverage.<br \/>\n\u2013 <strong>Hidden seams<\/strong> provide exceptional wearing comfort.<br \/>\n\u2013 <strong>Heat-sealable label<\/strong> guarantees enjoyment.<\/p>\n<p style=\"text-align: left;\">The Asymmetrical bottom is available in three timeless colours -. <strong>black, white, brown and seasonal shades<\/strong>. You can mix and match the bottom with any top from the collection to create unique beach styles.<\/p>\n<p style=\"text-align: left;\">The bottom of the swimsuit is available in 3 sizes.<\/p>\n<p style=\"text-align: left;\"><strong>Model dimensions<\/strong><br \/>\nThe model, Veronica, in the photo is wearing size M\/L<br \/>\nBust circumference: 89 cm<br \/>\nCircumference under bust: 75 cm<br \/>\nCup: 75D\/70E<br \/>\nWaist circumference: 68 cm<br \/>\nHip circumference: 103 cm<br \/>\nHeight: 173 cm<\/p>\n<p>&nbsp;<\/p>\n<p style=\"text-align: left;\"><strong>Local production - sewn in Poland<\/strong><\/p>\n<p style=\"text-align: left;\">Our swimwear is made in our family workshop in Czernica with attention to every detail. The products are distinguished by their careful workmanship, durability and aesthetics, which are appreciated by our customers.<\/p>\n<p style=\"text-align: left;\"><strong><u><\/p>\n<div class=\"kr-collapse is-noarrow\" data-rel=\"kolor\">\n    <button type=\"button\" class=\"kr-collapse__trigger\"\n      aria-expanded=\"false\"\n      aria-controls=\"kr-exp-1\"><br \/>\n      COLOUR DESCRIPTION<br \/>\n    <\/button><\/p>\n<div id=\"kr-exp-1\" class=\"kr-collapse__panel\" hidden>\n<div class=\"kr-collapse__content\"><\/u><\/strong><\/p>\n<p style=\"text-align: left;\"><strong><a href=\"https:\/\/korneliarataj.com\/en\/kolor-coconut-lniane\/\" target=\"_blank\" rel=\"noopener noreferrer\"><u>Colour COCONUT<\/u><\/a> - The bestselling shade of white<\/strong>.<br \/>\n<strong>Cream white swimsuit<\/strong>, also known as off-white, is a timeless choice that perfectly accentuates a tan and adds lightness to any look. This shade of white works well with all skin types - from light porcelain skin to olive skin to darker complexions.<br \/>\n\u2013 <strong>Light, porcelain complexion<\/strong>: Enhances the softness of the skin, giving it a subtle glow.<br \/>\n\u2013 <strong>Olive complexion<\/strong>: It blends perfectly with warm skin tones to create a harmonious whole.<br \/>\n\u2013 <strong>Darker skin<\/strong>: Contrasts perfectly with the tan, enhancing its golden tones.<br \/>\n<strong>Swimwear in a shade of broken white<\/strong> They work well with both one-piece and bikini models, adding freshness and elegance to styling.<br \/>\n<strong>Why choose a white swimming costume?<\/strong><br \/>\nCreamy white is the perfect choice for summer 2025 - elegant, versatile and never going out of fashion.<\/div>\n<\/p><\/div>\n<\/p><\/div>\n<\/p>\n<p style=\"text-align: left;\"><strong><u><\/p>\n<div class=\"kr-collapse is-noarrow\" data-rel=\"sklad\">\n    <button type=\"button\" class=\"kr-collapse__trigger\"\n      aria-expanded=\"false\"\n      aria-controls=\"kr-exp-2\"><br \/>\n      COMPOSITION AND CARE INSTRUCTIONS<br \/>\n    <\/button><\/p>\n<div id=\"kr-exp-2\" class=\"kr-collapse__panel\" hidden>\n<div class=\"kr-collapse__content\"><\/u><\/strong><\/p>\n<p style=\"text-align: left;\">78% recycled polyamide<br \/>\n22% elastane<br \/>\nsoft wash at 30\u00b0C with similar colours<br \/>\nhand wash, with similar colours<br \/>\niron at max. 110\u00b0c<br \/>\ndo not bleach<br \/>\ndo not tumble dry<\/p>\n<\/div><\/div>\n<\/p><\/div>","protected":false},"featured_media":320032,"template":"","meta":[],"product_brand":[500],"product_cat":[551,587,517,585,527,537,572,561,535,593,646,557,524,556,573,553,555,583,574],"product_tag":[328],"class_list":{"0":"post-308478","1":"product","2":"type-product","3":"status-publish","4":"has-post-thumbnail","6":"product_brand-korneliarataj","7":"product_cat-ciazowe-doly","8":"product_cat-ciazowe-stroje","9":"product_cat-coconut-swimwear","10":"product_cat-do-opalania-stroje","11":"product_cat-dol-swimwear","12":"product_cat-dwuczesciowe-swimwear","13":"product_cat-kategorie-swimwear","14":"product_cat-kolory-swimwear","15":"product_cat-nowosci","16":"product_cat-ochrona-uv-stroje","17":"product_cat-sale-swimwear-2025","18":"product_cat-stringi-doly","19":"product_cat-swimwear-2025","20":"product_cat-wiazane-doly","21":"product_cat-wiazane-stroje","22":"product_cat-wyciete-doly","23":"product_cat-wysoki-stan-doly","24":"product_cat-wysoki-stan-stroje","25":"product_cat-z-wycieciami-wyciete-stroje","26":"product_tag-coconut","27":"flv-has-gallery","29":"first","30":"instock","31":"sale","32":"taxable","33":"shipping-taxable","34":"purchasable","35":"product-type-variable","36":"has-default-attributes"},"yoast_head":"<!-- This site is optimized with the Yoast SEO plugin v27.3 - https:\/\/yoast.com\/product\/yoast-seo-wordpress\/ -->\n<title>Asymmetrical - d\u00f3\u0142 stroju k\u0105pielowego Coconut - KORNELIARATAJ<\/title>\n<meta name=\"description\" content=\"Kornelia Rataj. Minimalist Women&#039;s Collection, Basic, Swimwear. HANDMADE IN POLAND WITH LOVE.\" \/>\n<meta name=\"robots\" content=\"index, follow, max-snippet:-1, max-image-preview:large, max-video-preview:-1\" \/>\n<link rel=\"canonical\" href=\"https:\/\/korneliarataj.com\/en\/product\/asymmetrical-dol-stroju-kapielowego-coconut-2025\/\" \/>\n<meta property=\"og:locale\" content=\"en_GB\" \/>\n<meta property=\"og:type\" content=\"article\" \/>\n<meta property=\"og:title\" content=\"Asymmetrical - d\u00f3\u0142 stroju k\u0105pielowego Coconut - KORNELIARATAJ\" \/>\n<meta property=\"og:description\" content=\"Kornelia Rataj. Minimalist Women&#039;s Collection, Basic, Swimwear. HANDMADE IN POLAND WITH LOVE.\" \/>\n<meta property=\"og:url\" content=\"https:\/\/korneliarataj.com\/en\/product\/asymmetrical-dol-stroju-kapielowego-coconut-2025\/\" \/>\n<meta property=\"og:site_name\" content=\"KORNELIARATAJ\" \/>\n<meta property=\"article:publisher\" content=\"http:\/\/www.facebook.com\/korneliaratajshop\" \/>\n<meta property=\"article:modified_time\" content=\"2026-03-22T22:37:15+00:00\" \/>\n<meta property=\"og:image\" content=\"https:\/\/korneliarataj.com\/wp-content\/uploads\/2025\/05\/LB2-2025-ASYMMETRICAL-COCONUT-1-scaled.webp\" \/>\n\t<meta property=\"og:image:width\" content=\"1707\" \/>\n\t<meta property=\"og:image:height\" content=\"2560\" \/>\n\t<meta property=\"og:image:type\" content=\"image\/webp\" \/>\n<meta name=\"twitter:card\" content=\"summary_large_image\" \/>\n<meta name=\"twitter:label1\" content=\"Estimated reading time\" \/>\n\t<meta name=\"twitter:data1\" content=\"1 minute\" \/>\n<script type=\"application\/ld+json\" class=\"yoast-schema-graph\">{\"@context\":\"https:\\\/\\\/schema.org\",\"@graph\":[{\"@type\":\"WebPage\",\"@id\":\"https:\\\/\\\/korneliarataj.com\\\/produkt\\\/asymmetrical-dol-stroju-kapielowego-coconut-2025\\\/\",\"url\":\"https:\\\/\\\/korneliarataj.com\\\/produkt\\\/asymmetrical-dol-stroju-kapielowego-coconut-2025\\\/\",\"name\":\"Asymmetrical - d\u00f3\u0142 stroju k\u0105pielowego Coconut - KORNELIARATAJ\",\"isPartOf\":{\"@id\":\"https:\\\/\\\/korneliarataj.com\\\/#website\"},\"primaryImageOfPage\":{\"@id\":\"https:\\\/\\\/korneliarataj.com\\\/produkt\\\/asymmetrical-dol-stroju-kapielowego-coconut-2025\\\/#primaryimage\"},\"image\":{\"@id\":\"https:\\\/\\\/korneliarataj.com\\\/produkt\\\/asymmetrical-dol-stroju-kapielowego-coconut-2025\\\/#primaryimage\"},\"thumbnailUrl\":\"https:\\\/\\\/korneliarataj.com\\\/wp-content\\\/uploads\\\/2025\\\/05\\\/LB2-2025-ASYMMETRICAL-COCONUT-1-scaled.webp\",\"datePublished\":\"2025-01-25T22:51:56+00:00\",\"dateModified\":\"2026-03-22T22:37:15+00:00\",\"description\":\"Kornelia Rataj. Minimalist Women's Collection, Basic, Swimwear. HANDMADE IN POLAND WITH LOVE.\",\"breadcrumb\":{\"@id\":\"https:\\\/\\\/korneliarataj.com\\\/produkt\\\/asymmetrical-dol-stroju-kapielowego-coconut-2025\\\/#breadcrumb\"},\"inLanguage\":\"en-GB\",\"potentialAction\":[{\"@type\":\"ReadAction\",\"target\":[\"https:\\\/\\\/korneliarataj.com\\\/produkt\\\/asymmetrical-dol-stroju-kapielowego-coconut-2025\\\/\"]}]},{\"@type\":\"ImageObject\",\"inLanguage\":\"en-GB\",\"@id\":\"https:\\\/\\\/korneliarataj.com\\\/produkt\\\/asymmetrical-dol-stroju-kapielowego-coconut-2025\\\/#primaryimage\",\"url\":\"https:\\\/\\\/korneliarataj.com\\\/wp-content\\\/uploads\\\/2025\\\/05\\\/LB2-2025-ASYMMETRICAL-COCONUT-1-scaled.webp\",\"contentUrl\":\"https:\\\/\\\/korneliarataj.com\\\/wp-content\\\/uploads\\\/2025\\\/05\\\/LB2-2025-ASYMMETRICAL-COCONUT-1-scaled.webp\",\"width\":1707,\"height\":2560,\"caption\":\"Asymmetrical Coconut\"},{\"@type\":\"BreadcrumbList\",\"@id\":\"https:\\\/\\\/korneliarataj.com\\\/produkt\\\/asymmetrical-dol-stroju-kapielowego-coconut-2025\\\/#breadcrumb\",\"itemListElement\":[{\"@type\":\"ListItem\",\"position\":1,\"name\":\"HOME\",\"item\":\"https:\\\/\\\/korneliarataj.com\\\/\"},{\"@type\":\"ListItem\",\"position\":2,\"name\":\"Products\",\"item\":\"https:\\\/\\\/korneliarataj.com\\\/en\\\/shop\\\/\"},{\"@type\":\"ListItem\",\"position\":3,\"name\":\"Asymmetrical &#8211; d\u00f3\u0142 stroju k\u0105pielowego Coconut\"}]},{\"@type\":\"WebSite\",\"@id\":\"https:\\\/\\\/korneliarataj.com\\\/#website\",\"url\":\"https:\\\/\\\/korneliarataj.com\\\/\",\"name\":\"Stroje K\u0105pielowe i Odzie\u017c Lniana Sklep Kornelia Rataj\",\"description\":\"swimwear stroje k\u0105pielowe ubrania len lniane\",\"publisher\":{\"@id\":\"https:\\\/\\\/korneliarataj.com\\\/#organization\"},\"potentialAction\":[{\"@type\":\"SearchAction\",\"target\":{\"@type\":\"EntryPoint\",\"urlTemplate\":\"https:\\\/\\\/korneliarataj.com\\\/?s={search_term_string}\"},\"query-input\":{\"@type\":\"PropertyValueSpecification\",\"valueRequired\":true,\"valueName\":\"search_term_string\"}}],\"inLanguage\":\"en-GB\"},{\"@type\":\"Organization\",\"@id\":\"https:\\\/\\\/korneliarataj.com\\\/#organization\",\"name\":\"KORNELIARATAJ\",\"url\":\"https:\\\/\\\/korneliarataj.com\\\/\",\"logo\":{\"@type\":\"ImageObject\",\"inLanguage\":\"en-GB\",\"@id\":\"https:\\\/\\\/korneliarataj.com\\\/#\\\/schema\\\/logo\\\/image\\\/\",\"url\":\"https:\\\/\\\/korneliarataj.com\\\/wp-content\\\/uploads\\\/2020\\\/07\\\/LOGO-KR.svg\",\"contentUrl\":\"https:\\\/\\\/korneliarataj.com\\\/wp-content\\\/uploads\\\/2020\\\/07\\\/LOGO-KR.svg\",\"width\":1024,\"height\":1024,\"caption\":\"KORNELIARATAJ\"},\"image\":{\"@id\":\"https:\\\/\\\/korneliarataj.com\\\/#\\\/schema\\\/logo\\\/image\\\/\"},\"sameAs\":[\"http:\\\/\\\/www.facebook.com\\\/korneliaratajshop\",\"http:\\\/\\\/www.instagram.com\\\/korneliarataj\"]}]}<\/script>\n<!-- \/ Yoast SEO plugin. -->","yoast_head_json":{"title":"Asymmetrical - Coconut swimsuit bottom - KORNELIARATAJ","description":"Kornelia Rataj. Minimalist Women's Collection, Basic, Swimwear. HANDMADE IN POLAND WITH LOVE.","robots":{"index":"index","follow":"follow","max-snippet":"max-snippet:-1","max-image-preview":"max-image-preview:large","max-video-preview":"max-video-preview:-1"},"canonical":"https:\/\/korneliarataj.com\/en\/product\/asymmetrical-dol-stroju-kapielowego-coconut-2025\/","og_locale":"en_GB","og_type":"article","og_title":"Asymmetrical - d\u00f3\u0142 stroju k\u0105pielowego Coconut - KORNELIARATAJ","og_description":"Kornelia Rataj. Minimalist Women's Collection, Basic, Swimwear. HANDMADE IN POLAND WITH LOVE.","og_url":"https:\/\/korneliarataj.com\/en\/product\/asymmetrical-dol-stroju-kapielowego-coconut-2025\/","og_site_name":"KORNELIARATAJ","article_publisher":"http:\/\/www.facebook.com\/korneliaratajshop","article_modified_time":"2026-03-22T22:37:15+00:00","og_image":[{"width":1707,"height":2560,"url":"https:\/\/korneliarataj.com\/wp-content\/uploads\/2025\/05\/LB2-2025-ASYMMETRICAL-COCONUT-1-scaled.webp","type":"image\/webp"}],"twitter_card":"summary_large_image","twitter_misc":{"Estimated reading time":"1 minute"},"schema":{"@context":"https:\/\/schema.org","@graph":[{"@type":"WebPage","@id":"https:\/\/korneliarataj.com\/produkt\/asymmetrical-dol-stroju-kapielowego-coconut-2025\/","url":"https:\/\/korneliarataj.com\/produkt\/asymmetrical-dol-stroju-kapielowego-coconut-2025\/","name":"Asymmetrical - Coconut swimsuit bottom - KORNELIARATAJ","isPartOf":{"@id":"https:\/\/korneliarataj.com\/#website"},"primaryImageOfPage":{"@id":"https:\/\/korneliarataj.com\/produkt\/asymmetrical-dol-stroju-kapielowego-coconut-2025\/#primaryimage"},"image":{"@id":"https:\/\/korneliarataj.com\/produkt\/asymmetrical-dol-stroju-kapielowego-coconut-2025\/#primaryimage"},"thumbnailUrl":"https:\/\/korneliarataj.com\/wp-content\/uploads\/2025\/05\/LB2-2025-ASYMMETRICAL-COCONUT-1-scaled.webp","datePublished":"2025-01-25T22:51:56+00:00","dateModified":"2026-03-22T22:37:15+00:00","description":"Kornelia Rataj. Minimalist Women's Collection, Basic, Swimwear. HANDMADE IN POLAND WITH LOVE.","breadcrumb":{"@id":"https:\/\/korneliarataj.com\/produkt\/asymmetrical-dol-stroju-kapielowego-coconut-2025\/#breadcrumb"},"inLanguage":"en-GB","potentialAction":[{"@type":"ReadAction","target":["https:\/\/korneliarataj.com\/produkt\/asymmetrical-dol-stroju-kapielowego-coconut-2025\/"]}]},{"@type":"ImageObject","inLanguage":"en-GB","@id":"https:\/\/korneliarataj.com\/produkt\/asymmetrical-dol-stroju-kapielowego-coconut-2025\/#primaryimage","url":"https:\/\/korneliarataj.com\/wp-content\/uploads\/2025\/05\/LB2-2025-ASYMMETRICAL-COCONUT-1-scaled.webp","contentUrl":"https:\/\/korneliarataj.com\/wp-content\/uploads\/2025\/05\/LB2-2025-ASYMMETRICAL-COCONUT-1-scaled.webp","width":1707,"height":2560,"caption":"Asymmetrical Coconut"},{"@type":"BreadcrumbList","@id":"https:\/\/korneliarataj.com\/produkt\/asymmetrical-dol-stroju-kapielowego-coconut-2025\/#breadcrumb","itemListElement":[{"@type":"ListItem","position":1,"name":"HOME","item":"https:\/\/korneliarataj.com\/"},{"@type":"ListItem","position":2,"name":"Products","item":"https:\/\/korneliarataj.com\/en\/shop\/"},{"@type":"ListItem","position":3,"name":"Asymmetrical &#8211; d\u00f3\u0142 stroju k\u0105pielowego Coconut"}]},{"@type":"WebSite","@id":"https:\/\/korneliarataj.com\/#website","url":"https:\/\/korneliarataj.com\/","name":"Swimwear and Linen Clothing Shop Kornelia Rataj","description":"swimwear swimwear linen linen clothing","publisher":{"@id":"https:\/\/korneliarataj.com\/#organization"},"potentialAction":[{"@type":"SearchAction","target":{"@type":"EntryPoint","urlTemplate":"https:\/\/korneliarataj.com\/?s={search_term_string}"},"query-input":{"@type":"PropertyValueSpecification","valueRequired":true,"valueName":"search_term_string"}}],"inLanguage":"en-GB"},{"@type":"Organization","@id":"https:\/\/korneliarataj.com\/#organization","name":"KORNELIARATAJ","url":"https:\/\/korneliarataj.com\/","logo":{"@type":"ImageObject","inLanguage":"en-GB","@id":"https:\/\/korneliarataj.com\/#\/schema\/logo\/image\/","url":"https:\/\/korneliarataj.com\/wp-content\/uploads\/2020\/07\/LOGO-KR.svg","contentUrl":"https:\/\/korneliarataj.com\/wp-content\/uploads\/2020\/07\/LOGO-KR.svg","width":1024,"height":1024,"caption":"KORNELIARATAJ"},"image":{"@id":"https:\/\/korneliarataj.com\/#\/schema\/logo\/image\/"},"sameAs":["http:\/\/www.facebook.com\/korneliaratajshop","http:\/\/www.instagram.com\/korneliarataj"]}]}},"_links":{"self":[{"href":"https:\/\/korneliarataj.com\/en\/wp-json\/wp\/v2\/product\/308478","targetHints":{"allow":["GET"]}}],"collection":[{"href":"https:\/\/korneliarataj.com\/en\/wp-json\/wp\/v2\/product"}],"about":[{"href":"https:\/\/korneliarataj.com\/en\/wp-json\/wp\/v2\/types\/product"}],"wp:featuredmedia":[{"embeddable":true,"href":"https:\/\/korneliarataj.com\/en\/wp-json\/wp\/v2\/media\/320032"}],"wp:attachment":[{"href":"https:\/\/korneliarataj.com\/en\/wp-json\/wp\/v2\/media?parent=308478"}],"wp:term":[{"taxonomy":"product_brand","embeddable":true,"href":"https:\/\/korneliarataj.com\/en\/wp-json\/wp\/v2\/product_brand?post=308478"},{"taxonomy":"product_cat","embeddable":true,"href":"https:\/\/korneliarataj.com\/en\/wp-json\/wp\/v2\/product_cat?post=308478"},{"taxonomy":"product_tag","embeddable":true,"href":"https:\/\/korneliarataj.com\/en\/wp-json\/wp\/v2\/product_tag?post=308478"}],"curies":[{"name":"wp","href":"https:\/\/api.w.org\/{rel}","templated":true}]}}