{"id":308402,"date":"2025-01-25T22:55:48","date_gmt":"2025-01-25T21:55:48","guid":{"rendered":"https:\/\/korneliarataj.com\/?post_type=product&#038;p=308402"},"modified":"2026-04-02T09:32:51","modified_gmt":"2026-04-02T07:32:51","slug":"bikini-dol-stroju-kapielowego-sunshine-2025","status":"publish","type":"product","link":"https:\/\/korneliarataj.com\/en\/product\/bikini-dol-stroju-kapielowego-sunshine-2025\/","title":{"rendered":"Sunshine bikini bottom"},"content":{"rendered":"","protected":false},"excerpt":{"rendered":"<p style=\"text-align: left;\"><strong>OPTIONS<\/strong><\/p>\n<p style=\"text-align: left;\"><a href=\"https:\/\/korneliarataj.com\/en\/product\/bikini-dol-stroju-kapielowego-sky-blue-2026\/\" target=\"_blank\" rel=\"noopener noreferrer\"><img decoding=\"async\" src=\"https:\/\/korneliarataj.com\/wp-content\/uploads\/2026\/01\/2026-SKY-BLUE-BIKINI-DOL-1.webp\" width=\"90px\" \/><\/a><a href=\"https:\/\/korneliarataj.com\/en\/product\/bikini-dol-stroju-kapielowego-peachy-rose-2026\/\" target=\"_blank\" rel=\"noopener noreferrer\"><img decoding=\"async\" src=\"https:\/\/korneliarataj.com\/wp-content\/uploads\/2026\/01\/2026-PEACHY-ROSE-BIKINI-DOL-1.webp\" width=\"90px\" \/><\/a><a href=\"https:\/\/korneliarataj.com\/en\/product\/bikini-dol-stroju-kapielowego-burgundy-2026\/\" target=\"_blank\" rel=\"noopener norehttps:\/\/korneliarataj.com\/kolor-sunferrer\"><img decoding=\"async\" src=\"https:\/\/korneliarataj.com\/wp-content\/uploads\/2026\/01\/2026-BURGUNDY-BIKINI-DOL-1.webp\" width=\"90px\" \/><\/a><a href=\"https:\/\/korneliarataj.com\/en\/product\/bikini-dol-stroju-kapielowego-black-2025\/\" target=\"_blank\" rel=\"noopener noreferrer\"><img decoding=\"async\" src=\"https:\/\/korneliarataj.com\/wp-content\/uploads\/2026\/01\/2026-BLACK-BIKINI-DOL-1.webp\" width=\"90px\" \/><\/a><a href=\"https:\/\/korneliarataj.com\/en\/product\/bikini-dol-stroju-kapielowego-coconut-2025\/\" target=\"_blank\" rel=\"noopener noreferrer\"><img decoding=\"async\" src=\"https:\/\/korneliarataj.com\/wp-content\/uploads\/2026\/01\/2026-COCONUT-BIKINI-DOL-1.webp\" width=\"90px\" \/><\/a><a href=\"https:\/\/korneliarataj.com\/en\/product\/bikini-dol-stroju-kapielowego-wood-2025\/\" target=\"_blank\" rel=\"noopener noreferrer\"><img decoding=\"async\" src=\"https:\/\/korneliarataj.com\/wp-content\/uploads\/2026\/01\/2026-WOOD-BIKINI-DOL-1.webp\" width=\"90px\" \/><\/a><a href=\"https:\/\/korneliarataj.com\/en\/product\/bikini-dol-stroju-kapielowego-sunset-2025\/\" target=\"_blank\" rel=\"noopener noreferrer\"><img decoding=\"async\" src=\"https:\/\/korneliarataj.com\/wp-content\/uploads\/2026\/01\/2026-SUNSET-BIKINI-DOL-1.webp\" width=\"90px\" \/><\/a><\/p>\n<p style=\"text-align: left;\"><strong><u><\/p>\n<div class=\"kr-collapse is-noarrow\" data-rel=\"opis\">\n    <button type=\"button\" class=\"kr-collapse__trigger\"\n      aria-expanded=\"false\"\n      aria-controls=\"kr-exp-1\"><br \/>\n      OPIS PRODUKTU<br \/>\n    <\/button><\/p>\n<div id=\"kr-exp-1\" class=\"kr-collapse__panel\" hidden>\n<div class=\"kr-collapse__content\"><\/u><\/strong><\/p>\n<p style=\"text-align: left;\"><u><strong>Bikini bottom<\/strong><\/u><\/p>\n<p style=\"text-align: left;\">The bestselling swimsuit bottom with thin ties at the sides is the perfect choice for both the beach and the pool. The high-waisted swimsuit optically lengthens the legs, slims the silhouette and emphasises femininity. Adjustable ties ensure a comfortable fit for every figure. The higher waistline emphasises the waist, lengthens the legs and slims the figure for a feminine and stylish look.<\/p>\n<p style=\"text-align: left;\">A classic bikini bottom is an essential piece of swimwear for every woman. Accentuate your silhouette and choose a unique swimsuit from a Polish brand that combines style, comfort and top quality workmanship.<\/p>\n<p>&nbsp;<\/p>\n<p style=\"text-align: left;\"><strong>High quality materials<\/strong><\/p>\n<p style=\"text-align: left;\">The swimsuit is made of high-quality lycra <strong>econyl<\/strong><strong class=\"copyright\">\u24c7<\/strong>recycled materials that meet the highest quality standards, including certified <strong>OEKO-TEX Standard 100<\/strong>. The material is characterised by:<br \/>\n\u2013 <strong>protection against UV radiation<\/strong>,<br \/>\n\u2013 <strong>bi-directional flexibility<\/strong>which provides comfort,<br \/>\n\u2013 <strong>resistant to chlorine and fading<\/strong>,<br \/>\n\u2013 <strong>sustainability<\/strong>, even when coming into contact with oils and sun creams,<br \/>\n\u2013 <strong>ecological production process<\/strong> - recycled fibre<\/p>\n<p>&nbsp;<\/p>\n<p style=\"text-align: left;\"><strong>Aesthetics and comfort in every detail<\/strong><\/p>\n<p style=\"text-align: left;\">Every detail has been designed with your comfort in mind:<\/p>\n<p>\u2013 <strong>Swimwear is sewn in two layers<\/strong>, they provide comfort and adequate coverage.<br \/>\n\u2013 <strong>Hidden seams<\/strong> provide exceptional wearing comfort.<br \/>\n\u2013 <strong>Heat-sealable label<\/strong> guarantees enjoyment.<\/p>\n<p>&nbsp;<\/p>\n<p style=\"text-align: left;\"><strong>Local production - sewn in Poland<\/strong><\/p>\n<p style=\"text-align: left;\">Our swimwear is made in our family workshop in Czernica with attention to every detail. The products are distinguished by their careful workmanship, durability and aesthetics, which are appreciated by our customers.<\/p>\n<\/div><\/div>\n<\/p><\/div>\n<p style=\"text-align: left;\"><strong><u><\/p>\n<div class=\"kr-collapse is-noarrow\" data-rel=\"wymiary\">\n    <button type=\"button\" class=\"kr-collapse__trigger\"\n      aria-expanded=\"false\"\n      aria-controls=\"kr-exp-2\"><br \/>\n      MODEL DIMENSIONS<br \/>\n    <\/button><\/p>\n<div id=\"kr-exp-2\" class=\"kr-collapse__panel\" hidden>\n<div class=\"kr-collapse__content\"><\/u><\/strong><\/p>\n<p style=\"text-align: left;\">Modelka ma na sobie rozmiar XS\/S<br \/>\nObw\u00f3d w biu\u015bcie: 84 cm<br \/>\nCircumference under bust: 72 cm<br \/>\nMiseczka: A<br \/>\nObw\u00f3d w talii: 64 cm<br \/>\nObw\u00f3d w biodrach: 92 cm<br \/>\nWzrost: 170 cm<\/p>\n<\/div><\/div>\n<\/p><\/div>\n<p style=\"text-align: left;\"><strong><u><\/p>\n<div class=\"kr-collapse is-noarrow\" data-rel=\"kolor\">\n    <button type=\"button\" class=\"kr-collapse__trigger\"\n      aria-expanded=\"false\"\n      aria-controls=\"kr-exp-3\"><br \/>\n      COLOUR DESCRIPTION<br \/>\n    <\/button><\/p>\n<div id=\"kr-exp-3\" class=\"kr-collapse__panel\" hidden>\n<div class=\"kr-collapse__content\"><\/u><\/strong><\/p>\n<p style=\"text-align: left;\"><strong><a href=\"https:\/\/korneliarataj.com\/en\/kolor-sunshine-stroje\/\" target=\"_blank\" rel=\"noopener noreferrer\"><u>Colour SUNSHINE<\/u><\/a> &#8211; Promienny odcie\u0144 na lato<\/strong>.<br \/>\n<strong>Pastel yellow swimsuit<\/strong>, inspired by the glow of the morning sun, is the perfect choice for summer. This warm, subtle hue exudes optimism and freshness, and is perfect for all skin types - from pale porcelain to olive to darker complexions, enhancing your natural beauty.<br \/>\n\u2013 <strong>Light, porcelain complexion<\/strong>: Illuminates the skin, breaking up cool tones and adding a healthy glow.<br \/>\n\u2013 <strong>Olive complexion<\/strong>: Enhances warm skin tones, adding harmony and a natural glow.<br \/>\n\u2013 <strong>Darker skin<\/strong>: Creates a contrast that enhances the depth of the skin and gives the style a unique character.<br \/>\n<strong>Swimwear in a shade of soft yellow<\/strong> is a choice that adds a light and playful touch to any holiday look. Both one-piece swimsuits and bikinis in this colour make any silhouette look fresh and radiant.<br \/>\n<strong>Why choose a sunny yellow swimsuit?<\/strong><br \/>\nTo idealny wyb\u00f3r na lato, kt\u00f3ry \u0142\u0105czy subteln\u0105 kobieco\u015b\u0107 z radosnym i promiennym stylem.<\/div>\n<\/p><\/div>\n<\/p><\/div>\n<\/p>\n<p style=\"text-align: left;\"><strong><u><\/p>\n<div class=\"kr-collapse is-noarrow\" data-rel=\"sklad\">\n    <button type=\"button\" class=\"kr-collapse__trigger\"\n      aria-expanded=\"false\"\n      aria-controls=\"kr-exp-4\"><br \/>\n      COMPOSITION AND CARE INSTRUCTIONS<br \/>\n    <\/button><\/p>\n<div id=\"kr-exp-4\" class=\"kr-collapse__panel\" hidden>\n<div class=\"kr-collapse__content\"><\/u><\/strong><\/p>\n<p style=\"text-align: left;\">78% recycled polyamide<br \/>\n22% elastane<br \/>\nsoft wash at 30\u00b0C with similar colours<br \/>\nhand wash, with similar colours<br \/>\niron at max. 110\u00b0c<br \/>\ndo not bleach<br \/>\ndo not tumble dry<\/p>\n<\/div><\/div>\n<\/p><\/div>","protected":false},"featured_media":389066,"template":"","meta":[],"product_brand":[500],"product_cat":[584,560,551,587,585,527,537,559,572,558,576,561,582,593,513,652,556,573,651,553,555,574],"product_tag":[510],"class_list":{"0":"post-308402","1":"product","2":"type-product","3":"status-publish","4":"has-post-thumbnail","6":"product_brand-korneliarataj","7":"product_cat-bikini-stroje","8":"product_cat-brazyliany-doly","9":"product_cat-ciazowe-doly","10":"product_cat-ciazowe-stroje","11":"product_cat-do-opalania-stroje","12":"product_cat-dol-swimwear","13":"product_cat-dwuczesciowe-swimwear","14":"product_cat-figi-doly","15":"product_cat-kategorie-swimwear","16":"product_cat-klasyczne-doly","17":"product_cat-klasyczne-proste-minimalistyczne-stroje","18":"product_cat-kolory-swimwear","19":"product_cat-niski-stan-stroje","20":"product_cat-ochrona-uv-stroje","21":"product_cat-sunshine-swimwear","22":"product_cat-swimwear-2026","23":"product_cat-wiazane-doly","24":"product_cat-wiazane-stroje","25":"product_cat-worek-free","26":"product_cat-wyciete-doly","27":"product_cat-wysoki-stan-doly","28":"product_cat-z-wycieciami-wyciete-stroje","29":"product_tag-sunshine","30":"flv-has-gallery","32":"first","33":"instock","34":"taxable","35":"shipping-taxable","36":"purchasable","37":"product-type-variable","38":"has-default-attributes"},"yoast_head":"<!-- This site is optimized with the Yoast SEO plugin v27.3 - https:\/\/yoast.com\/product\/yoast-seo-wordpress\/ -->\n<title>Bikini - d\u00f3\u0142 stroju k\u0105pielowego Sunshine - KORNELIARATAJ<\/title>\n<meta name=\"description\" content=\"Kornelia Rataj. Minimalist Women&#039;s Collection, Basic, Swimwear. HANDMADE IN POLAND WITH LOVE.\" \/>\n<meta name=\"robots\" content=\"index, follow, max-snippet:-1, max-image-preview:large, max-video-preview:-1\" \/>\n<link rel=\"canonical\" href=\"https:\/\/korneliarataj.com\/en\/product\/bikini-dol-stroju-kapielowego-sunshine-2025\/\" \/>\n<meta property=\"og:locale\" content=\"en_GB\" \/>\n<meta property=\"og:type\" content=\"article\" \/>\n<meta property=\"og:title\" content=\"Bikini - d\u00f3\u0142 stroju k\u0105pielowego Sunshine - KORNELIARATAJ\" \/>\n<meta property=\"og:description\" content=\"Kornelia Rataj. Minimalist Women&#039;s Collection, Basic, Swimwear. HANDMADE IN POLAND WITH LOVE.\" \/>\n<meta property=\"og:url\" content=\"https:\/\/korneliarataj.com\/en\/product\/bikini-dol-stroju-kapielowego-sunshine-2025\/\" \/>\n<meta property=\"og:site_name\" content=\"KORNELIARATAJ\" \/>\n<meta property=\"article:publisher\" content=\"http:\/\/www.facebook.com\/korneliaratajshop\" \/>\n<meta property=\"article:modified_time\" content=\"2026-04-02T07:32:51+00:00\" \/>\n<meta property=\"og:image\" content=\"https:\/\/korneliarataj.com\/wp-content\/uploads\/2026\/01\/2026-SUNSHINE-BIKINI-DOL-1-scaled.webp\" \/>\n\t<meta property=\"og:image:width\" content=\"1707\" \/>\n\t<meta property=\"og:image:height\" content=\"2560\" \/>\n\t<meta property=\"og:image:type\" content=\"image\/webp\" \/>\n<meta name=\"twitter:card\" content=\"summary_large_image\" \/>\n<meta name=\"twitter:label1\" content=\"Estimated reading time\" \/>\n\t<meta name=\"twitter:data1\" content=\"1 minute\" \/>\n<script type=\"application\/ld+json\" class=\"yoast-schema-graph\">{\"@context\":\"https:\\\/\\\/schema.org\",\"@graph\":[{\"@type\":\"WebPage\",\"@id\":\"https:\\\/\\\/korneliarataj.com\\\/produkt\\\/bikini-dol-stroju-kapielowego-sunshine-2025\\\/\",\"url\":\"https:\\\/\\\/korneliarataj.com\\\/produkt\\\/bikini-dol-stroju-kapielowego-sunshine-2025\\\/\",\"name\":\"Bikini - d\u00f3\u0142 stroju k\u0105pielowego Sunshine - KORNELIARATAJ\",\"isPartOf\":{\"@id\":\"https:\\\/\\\/korneliarataj.com\\\/#website\"},\"primaryImageOfPage\":{\"@id\":\"https:\\\/\\\/korneliarataj.com\\\/produkt\\\/bikini-dol-stroju-kapielowego-sunshine-2025\\\/#primaryimage\"},\"image\":{\"@id\":\"https:\\\/\\\/korneliarataj.com\\\/produkt\\\/bikini-dol-stroju-kapielowego-sunshine-2025\\\/#primaryimage\"},\"thumbnailUrl\":\"https:\\\/\\\/korneliarataj.com\\\/wp-content\\\/uploads\\\/2026\\\/01\\\/2026-SUNSHINE-BIKINI-DOL-1-scaled.webp\",\"datePublished\":\"2025-01-25T21:55:48+00:00\",\"dateModified\":\"2026-04-02T07:32:51+00:00\",\"description\":\"Kornelia Rataj. Minimalist Women's Collection, Basic, Swimwear. HANDMADE IN POLAND WITH LOVE.\",\"breadcrumb\":{\"@id\":\"https:\\\/\\\/korneliarataj.com\\\/produkt\\\/bikini-dol-stroju-kapielowego-sunshine-2025\\\/#breadcrumb\"},\"inLanguage\":\"en-GB\",\"potentialAction\":[{\"@type\":\"ReadAction\",\"target\":[\"https:\\\/\\\/korneliarataj.com\\\/produkt\\\/bikini-dol-stroju-kapielowego-sunshine-2025\\\/\"]}]},{\"@type\":\"ImageObject\",\"inLanguage\":\"en-GB\",\"@id\":\"https:\\\/\\\/korneliarataj.com\\\/produkt\\\/bikini-dol-stroju-kapielowego-sunshine-2025\\\/#primaryimage\",\"url\":\"https:\\\/\\\/korneliarataj.com\\\/wp-content\\\/uploads\\\/2026\\\/01\\\/2026-SUNSHINE-BIKINI-DOL-1-scaled.webp\",\"contentUrl\":\"https:\\\/\\\/korneliarataj.com\\\/wp-content\\\/uploads\\\/2026\\\/01\\\/2026-SUNSHINE-BIKINI-DOL-1-scaled.webp\",\"width\":1707,\"height\":2560,\"caption\":\"Bikini - dol stroju kapielowego Sunshine\"},{\"@type\":\"BreadcrumbList\",\"@id\":\"https:\\\/\\\/korneliarataj.com\\\/produkt\\\/bikini-dol-stroju-kapielowego-sunshine-2025\\\/#breadcrumb\",\"itemListElement\":[{\"@type\":\"ListItem\",\"position\":1,\"name\":\"HOME\",\"item\":\"https:\\\/\\\/korneliarataj.com\\\/\"},{\"@type\":\"ListItem\",\"position\":2,\"name\":\"Products\",\"item\":\"https:\\\/\\\/korneliarataj.com\\\/en\\\/shop\\\/\"},{\"@type\":\"ListItem\",\"position\":3,\"name\":\"Bikini &#8211; d\u00f3\u0142 stroju k\u0105pielowego Sunshine\"}]},{\"@type\":\"WebSite\",\"@id\":\"https:\\\/\\\/korneliarataj.com\\\/#website\",\"url\":\"https:\\\/\\\/korneliarataj.com\\\/\",\"name\":\"Stroje K\u0105pielowe i Odzie\u017c Lniana Sklep Kornelia Rataj\",\"description\":\"swimwear stroje k\u0105pielowe ubrania len lniane\",\"publisher\":{\"@id\":\"https:\\\/\\\/korneliarataj.com\\\/#organization\"},\"potentialAction\":[{\"@type\":\"SearchAction\",\"target\":{\"@type\":\"EntryPoint\",\"urlTemplate\":\"https:\\\/\\\/korneliarataj.com\\\/?s={search_term_string}\"},\"query-input\":{\"@type\":\"PropertyValueSpecification\",\"valueRequired\":true,\"valueName\":\"search_term_string\"}}],\"inLanguage\":\"en-GB\"},{\"@type\":\"Organization\",\"@id\":\"https:\\\/\\\/korneliarataj.com\\\/#organization\",\"name\":\"KORNELIARATAJ\",\"url\":\"https:\\\/\\\/korneliarataj.com\\\/\",\"logo\":{\"@type\":\"ImageObject\",\"inLanguage\":\"en-GB\",\"@id\":\"https:\\\/\\\/korneliarataj.com\\\/#\\\/schema\\\/logo\\\/image\\\/\",\"url\":\"https:\\\/\\\/korneliarataj.com\\\/wp-content\\\/uploads\\\/2020\\\/07\\\/LOGO-KR.svg\",\"contentUrl\":\"https:\\\/\\\/korneliarataj.com\\\/wp-content\\\/uploads\\\/2020\\\/07\\\/LOGO-KR.svg\",\"width\":1024,\"height\":1024,\"caption\":\"KORNELIARATAJ\"},\"image\":{\"@id\":\"https:\\\/\\\/korneliarataj.com\\\/#\\\/schema\\\/logo\\\/image\\\/\"},\"sameAs\":[\"http:\\\/\\\/www.facebook.com\\\/korneliaratajshop\",\"http:\\\/\\\/www.instagram.com\\\/korneliarataj\"]}]}<\/script>\n<!-- \/ Yoast SEO plugin. -->","yoast_head_json":{"title":"Sunshine bikini bottom - KORNELIARATAJ","description":"Kornelia Rataj. Minimalist Women's Collection, Basic, Swimwear. HANDMADE IN POLAND WITH LOVE.","robots":{"index":"index","follow":"follow","max-snippet":"max-snippet:-1","max-image-preview":"max-image-preview:large","max-video-preview":"max-video-preview:-1"},"canonical":"https:\/\/korneliarataj.com\/en\/product\/bikini-dol-stroju-kapielowego-sunshine-2025\/","og_locale":"en_GB","og_type":"article","og_title":"Bikini - d\u00f3\u0142 stroju k\u0105pielowego Sunshine - KORNELIARATAJ","og_description":"Kornelia Rataj. Minimalist Women's Collection, Basic, Swimwear. HANDMADE IN POLAND WITH LOVE.","og_url":"https:\/\/korneliarataj.com\/en\/product\/bikini-dol-stroju-kapielowego-sunshine-2025\/","og_site_name":"KORNELIARATAJ","article_publisher":"http:\/\/www.facebook.com\/korneliaratajshop","article_modified_time":"2026-04-02T07:32:51+00:00","og_image":[{"width":1707,"height":2560,"url":"https:\/\/korneliarataj.com\/wp-content\/uploads\/2026\/01\/2026-SUNSHINE-BIKINI-DOL-1-scaled.webp","type":"image\/webp"}],"twitter_card":"summary_large_image","twitter_misc":{"Estimated reading time":"1 minute"},"schema":{"@context":"https:\/\/schema.org","@graph":[{"@type":"WebPage","@id":"https:\/\/korneliarataj.com\/produkt\/bikini-dol-stroju-kapielowego-sunshine-2025\/","url":"https:\/\/korneliarataj.com\/produkt\/bikini-dol-stroju-kapielowego-sunshine-2025\/","name":"Sunshine bikini bottom - KORNELIARATAJ","isPartOf":{"@id":"https:\/\/korneliarataj.com\/#website"},"primaryImageOfPage":{"@id":"https:\/\/korneliarataj.com\/produkt\/bikini-dol-stroju-kapielowego-sunshine-2025\/#primaryimage"},"image":{"@id":"https:\/\/korneliarataj.com\/produkt\/bikini-dol-stroju-kapielowego-sunshine-2025\/#primaryimage"},"thumbnailUrl":"https:\/\/korneliarataj.com\/wp-content\/uploads\/2026\/01\/2026-SUNSHINE-BIKINI-DOL-1-scaled.webp","datePublished":"2025-01-25T21:55:48+00:00","dateModified":"2026-04-02T07:32:51+00:00","description":"Kornelia Rataj. Minimalist Women's Collection, Basic, Swimwear. HANDMADE IN POLAND WITH LOVE.","breadcrumb":{"@id":"https:\/\/korneliarataj.com\/produkt\/bikini-dol-stroju-kapielowego-sunshine-2025\/#breadcrumb"},"inLanguage":"en-GB","potentialAction":[{"@type":"ReadAction","target":["https:\/\/korneliarataj.com\/produkt\/bikini-dol-stroju-kapielowego-sunshine-2025\/"]}]},{"@type":"ImageObject","inLanguage":"en-GB","@id":"https:\/\/korneliarataj.com\/produkt\/bikini-dol-stroju-kapielowego-sunshine-2025\/#primaryimage","url":"https:\/\/korneliarataj.com\/wp-content\/uploads\/2026\/01\/2026-SUNSHINE-BIKINI-DOL-1-scaled.webp","contentUrl":"https:\/\/korneliarataj.com\/wp-content\/uploads\/2026\/01\/2026-SUNSHINE-BIKINI-DOL-1-scaled.webp","width":1707,"height":2560,"caption":"Bikini - dol stroju kapielowego Sunshine"},{"@type":"BreadcrumbList","@id":"https:\/\/korneliarataj.com\/produkt\/bikini-dol-stroju-kapielowego-sunshine-2025\/#breadcrumb","itemListElement":[{"@type":"ListItem","position":1,"name":"HOME","item":"https:\/\/korneliarataj.com\/"},{"@type":"ListItem","position":2,"name":"Products","item":"https:\/\/korneliarataj.com\/en\/shop\/"},{"@type":"ListItem","position":3,"name":"Bikini &#8211; d\u00f3\u0142 stroju k\u0105pielowego Sunshine"}]},{"@type":"WebSite","@id":"https:\/\/korneliarataj.com\/#website","url":"https:\/\/korneliarataj.com\/","name":"Swimwear and Linen Clothing Shop Kornelia Rataj","description":"swimwear swimwear linen linen clothing","publisher":{"@id":"https:\/\/korneliarataj.com\/#organization"},"potentialAction":[{"@type":"SearchAction","target":{"@type":"EntryPoint","urlTemplate":"https:\/\/korneliarataj.com\/?s={search_term_string}"},"query-input":{"@type":"PropertyValueSpecification","valueRequired":true,"valueName":"search_term_string"}}],"inLanguage":"en-GB"},{"@type":"Organization","@id":"https:\/\/korneliarataj.com\/#organization","name":"KORNELIARATAJ","url":"https:\/\/korneliarataj.com\/","logo":{"@type":"ImageObject","inLanguage":"en-GB","@id":"https:\/\/korneliarataj.com\/#\/schema\/logo\/image\/","url":"https:\/\/korneliarataj.com\/wp-content\/uploads\/2020\/07\/LOGO-KR.svg","contentUrl":"https:\/\/korneliarataj.com\/wp-content\/uploads\/2020\/07\/LOGO-KR.svg","width":1024,"height":1024,"caption":"KORNELIARATAJ"},"image":{"@id":"https:\/\/korneliarataj.com\/#\/schema\/logo\/image\/"},"sameAs":["http:\/\/www.facebook.com\/korneliaratajshop","http:\/\/www.instagram.com\/korneliarataj"]}]}},"_links":{"self":[{"href":"https:\/\/korneliarataj.com\/en\/wp-json\/wp\/v2\/product\/308402","targetHints":{"allow":["GET"]}}],"collection":[{"href":"https:\/\/korneliarataj.com\/en\/wp-json\/wp\/v2\/product"}],"about":[{"href":"https:\/\/korneliarataj.com\/en\/wp-json\/wp\/v2\/types\/product"}],"wp:featuredmedia":[{"embeddable":true,"href":"https:\/\/korneliarataj.com\/en\/wp-json\/wp\/v2\/media\/389066"}],"wp:attachment":[{"href":"https:\/\/korneliarataj.com\/en\/wp-json\/wp\/v2\/media?parent=308402"}],"wp:term":[{"taxonomy":"product_brand","embeddable":true,"href":"https:\/\/korneliarataj.com\/en\/wp-json\/wp\/v2\/product_brand?post=308402"},{"taxonomy":"product_cat","embeddable":true,"href":"https:\/\/korneliarataj.com\/en\/wp-json\/wp\/v2\/product_cat?post=308402"},{"taxonomy":"product_tag","embeddable":true,"href":"https:\/\/korneliarataj.com\/en\/wp-json\/wp\/v2\/product_tag?post=308402"}],"curies":[{"name":"wp","href":"https:\/\/api.w.org\/{rel}","templated":true}]}}