{"id":307853,"date":"2025-01-25T14:29:02","date_gmt":"2025-01-25T13:29:02","guid":{"rendered":"https:\/\/korneliarataj.com\/?post_type=product&#038;p=307853"},"modified":"2026-04-23T10:28:26","modified_gmt":"2026-04-23T08:28:26","slug":"bikini-gora-stroju-kapielowego-wood-2025","status":"publish","type":"product","link":"https:\/\/korneliarataj.com\/en\/product\/bikini-gora-stroju-kapielowego-wood-2025\/","title":{"rendered":"Bikini top Wood"},"content":{"rendered":"","protected":false},"excerpt":{"rendered":"<p style=\"text-align: left;\"><strong>OPTIONS<\/strong><\/p>\n<p style=\"text-align: left;\"><a href=\"https:\/\/korneliarataj.com\/en\/product\/bikini-gora-stroju-kapielowego-sky-blue-2026\/\" target=\"_blank\" rel=\"noopener noreferrer\"><img decoding=\"async\" src=\"https:\/\/korneliarataj.com\/wp-content\/uploads\/2026\/01\/2026-SKY-BLUE-BIKINI-GORA-1.webp\" width=\"90px\" \/><\/a><a href=\"https:\/\/korneliarataj.com\/en\/product\/bikini-gora-stroju-kapielowego-peachy-rose-2026\/\" target=\"_blank\" rel=\"noopener noreferrer\"><img decoding=\"async\" src=\"https:\/\/korneliarataj.com\/wp-content\/uploads\/2026\/01\/2026-PEACHY-ROSE-BIKINI-GORA-1.webp\" width=\"90px\" \/><\/a><a href=\"https:\/\/korneliarataj.com\/en\/product\/bikini-gora-stroju-kapielowego-burgundy-2026\/\" target=\"_blank\" rel=\"noopener noreferrer\"><img decoding=\"async\" src=\"https:\/\/korneliarataj.com\/wp-content\/uploads\/2026\/01\/2026-BURGUNDY-BIKINI-GORA-1.webp\" width=\"90px\" \/><\/a><a href=\"https:\/\/korneliarataj.com\/en\/product\/bikini-gora-stroju-kapielowego-black-2025\/\" target=\"_blank\" rel=\"noopener noreferrer\"><img decoding=\"async\" src=\"https:\/\/korneliarataj.com\/wp-content\/uploads\/2026\/01\/2026-BLACK-BIKINI-GORA-1.webp\" width=\"90px\" \/><\/a><a href=\"https:\/\/korneliarataj.com\/en\/product\/bikini-gora-stroju-kapielowego-coconut-2025\/\" target=\"_blank\" rel=\"noopener noreferrer\"><img decoding=\"async\" src=\"https:\/\/korneliarataj.com\/wp-content\/uploads\/2026\/01\/2026-COCONUT-BIKINI-GORA-1.webp\" width=\"90px\" \/><\/a><a href=\"https:\/\/korneliarataj.com\/en\/product\/bikini-gora-stroju-kapielowego-sunset-2025\/\" target=\"_blank\" rel=\"noopener noreferrer\"><img decoding=\"async\" src=\"https:\/\/korneliarataj.com\/wp-content\/uploads\/2026\/01\/2026-SUNSET-BIKINI-GORA-1.webp\" width=\"90px\" \/><\/a><a href=\"https:\/\/korneliarataj.com\/en\/product\/bikini-gora-stroju-kapielowego-sunshine-2025\/\" target=\"_blank\" rel=\"noopener noreferrer\"><img decoding=\"async\" src=\"https:\/\/korneliarataj.com\/wp-content\/uploads\/2026\/01\/2026-SUNSHINE-BIKINI-GORA-1.webp\" width=\"90px\" \/><\/a><\/p>\n<p style=\"text-align: left;\"><strong><u><\/p>\n<div class=\"kr-collapse is-noarrow\" data-rel=\"opis\">\n    <button type=\"button\" class=\"kr-collapse__trigger\"\n      aria-expanded=\"false\"\n      aria-controls=\"kr-exp-1\"><br \/>\n      OPIS PRODUKTU<br \/>\n    <\/button><\/p>\n<div id=\"kr-exp-1\" class=\"kr-collapse__panel\" hidden>\n<div class=\"kr-collapse__content\"><\/u><\/strong><\/p>\n<p style=\"text-align: left;\"><u><strong>Bikini top<\/strong><\/u><\/p>\n<p style=\"text-align: left;\">This classic triangle bikini top is a must-have wardrobe piece, perfect for the beach and pool. The model ties at the back and neck with thin strings for a perfect fit and comfort. The versatile design enhances the feminine style, and the adjustability makes it suitable for any figure.<\/p>\n<p style=\"text-align: left;\"><u>The bikini top is ideal for small, medium and large breasts<\/u>. With the adjustable length of the top tie and the girth under the bust, you can fine-tune it to your needs for comfort, support and confidence.<\/p>\n<p>&nbsp;<\/p>\n<p style=\"text-align: left;\"><strong>High quality materials<\/strong><\/p>\n<p style=\"text-align: left;\">The swimsuit is made of high-quality lycra <strong>econyl<\/strong><strong class=\"copyright\">\u24c7<\/strong>recycled materials that meet the highest quality standards, including certified <strong>OEKO-TEX Standard 100<\/strong>. The material is characterised by:<br \/>\n\u2013 <strong>protection against UV radiation<\/strong>,<br \/>\n\u2013 <strong>bi-directional flexibility<\/strong>which provides comfort,<br \/>\n\u2013 <strong>resistant to chlorine and fading<\/strong>,<br \/>\n\u2013 <strong>sustainability<\/strong>, even when coming into contact with oils and sun creams,<br \/>\n\u2013 <strong>ecological production process<\/strong> - recycled fibre<\/p>\n<p>&nbsp;<\/p>\n<p style=\"text-align: left;\"><strong>Aesthetics and comfort in every detail<\/strong><\/p>\n<p style=\"text-align: left;\">Every detail has been designed with your comfort in mind:<\/p>\n<p>\u2013 <strong>Swimwear is sewn in two layers<\/strong>, they provide comfort and adequate coverage.<br \/>\n\u2013 <strong>Hidden seams<\/strong> provide exceptional wearing comfort.<br \/>\n\u2013 <strong>Heat-sealable label<\/strong> guarantees enjoyment.<\/p>\n<p>&nbsp;<\/p>\n<p style=\"text-align: left;\"><strong>Local production - sewn in Poland<\/strong><\/p>\n<p style=\"text-align: left;\">Our swimwear is made in our family workshop in Czernica with attention to every detail. The products are distinguished by their careful workmanship, durability and aesthetics, which are appreciated by our customers.<\/p>\n<\/div><\/div>\n<\/p><\/div>\n<p style=\"text-align: left;\"><strong><u><\/p>\n<div class=\"kr-collapse is-noarrow\" data-rel=\"instrukcja\">\n    <button type=\"button\" class=\"kr-collapse__trigger\"\n      aria-expanded=\"false\"\n      aria-controls=\"kr-exp-2\"><br \/>\n      TYING INSTRUCTIONS<br \/>\n    <\/button><\/p>\n<div id=\"kr-exp-2\" class=\"kr-collapse__panel\" hidden>\n<div class=\"kr-collapse__content\"><\/u><\/strong><\/p>\n<p style=\"text-align: left;\"><strong>Jak wi\u0105za\u0107 tr\u00f3jk\u0105tn\u0105 g\u00f3r\u0119 Bikini?<\/strong><br \/>\nYou have many possibilities to adjust this model to your figure!<\/p>\n<p style=\"text-align: left;\"><strong>Examples of bonding methods:<\/strong><br \/>\n1. <strong>Classic binding<\/strong> - Tie the cords at the neck and under the bust in the back, adjusting the length as you wish.<br \/>\n2. <strong>Reverse outfit<\/strong> - Wear the bra upside down and tie the strings under the bust at the neck. Adjust the spacing of the cups to suit your figure.<br \/>\n3. <strong>Inverted dress with crossed strings<\/strong> - Cross the strings in front at the neckline, then tie them around the neck and back.<\/div>\n<\/p><\/div>\n<\/p><\/div>\n<\/p>\n<p style=\"text-align: left;\"><strong><u><\/p>\n<div class=\"kr-collapse is-noarrow\" data-rel=\"wymiary\">\n    <button type=\"button\" class=\"kr-collapse__trigger\"\n      aria-expanded=\"false\"\n      aria-controls=\"kr-exp-3\"><br \/>\n      MODEL DIMENSIONS<br \/>\n    <\/button><\/p>\n<div id=\"kr-exp-3\" class=\"kr-collapse__panel\" hidden>\n<div class=\"kr-collapse__content\"><\/u><\/strong><\/p>\n<p style=\"text-align: left;\">Modelka ma na sobie rozmiar XS\/S<br \/>\nObw\u00f3d w biu\u015bcie: 84 cm<br \/>\nCircumference under bust: 72 cm<br \/>\nMiseczka: A<br \/>\nObw\u00f3d w talii: 64 cm<br \/>\nObw\u00f3d w biodrach: 92 cm<br \/>\nWzrost: 170 cm<\/p>\n<\/div><\/div>\n<\/p><\/div>\n<p style=\"text-align: left;\"><strong><u><\/p>\n<div class=\"kr-collapse is-noarrow\" data-rel=\"kolor\">\n    <button type=\"button\" class=\"kr-collapse__trigger\"\n      aria-expanded=\"false\"\n      aria-controls=\"kr-exp-4\"><br \/>\n      COLOUR DESCRIPTION<br \/>\n    <\/button><\/p>\n<div id=\"kr-exp-4\" class=\"kr-collapse__panel\" hidden>\n<div class=\"kr-collapse__content\"><\/u><\/strong><\/p>\n<p style=\"text-align: left;\"><strong><a href=\"https:\/\/korneliarataj.com\/en\/kolor-wood-lniane\/\" target=\"_blank\" rel=\"noopener noreferrer\"><u>Colour WOOD<\/u><\/a> - The deep elegance of the earth<\/strong>.<br \/>\n<strong>Dark brown swimsuit<\/strong>inspired by the colours of nature, it is a timeless choice for lovers of elegance and harmony. This deep brown shade perfectly accentuates every beauty type - from light porcelain skin to olive skin to darker complexions.<br \/>\n\u2013 <strong>Light, porcelain complexion<\/strong>: Creates a subtle contrast, giving the skin a deeper tone.<br \/>\n\u2013 <strong>Olive complexion<\/strong>: Emphasises warm skin tones, adding harmony and class.<br \/>\n\u2013 <strong>Darker skin<\/strong>: It works perfectly with the depth of the skin, giving it elegance and definition.<br \/>\n<strong>Swimwear in a deep brown shade<\/strong> work well with both one-piece and bikini styles, adding classic sophistication to any look.<br \/>\n<strong>Why choose a deep brown swimsuit?<\/strong><br \/>\nIt's the perfect choice for lovers of natural and timeless colours that fit in perfectly with summer trends.<\/div>\n<\/p><\/div>\n<\/p><\/div>\n<\/p>\n<p style=\"text-align: left;\"><strong><u><\/p>\n<div class=\"kr-collapse is-noarrow\" data-rel=\"sklad\">\n    <button type=\"button\" class=\"kr-collapse__trigger\"\n      aria-expanded=\"false\"\n      aria-controls=\"kr-exp-5\"><br \/>\n      COMPOSITION AND CARE INSTRUCTIONS<br \/>\n    <\/button><\/p>\n<div id=\"kr-exp-5\" class=\"kr-collapse__panel\" hidden>\n<div class=\"kr-collapse__content\"><\/u><\/strong><\/p>\n<p style=\"text-align: left;\">78% recycled polyamide<br \/>\n22% elastane<br \/>\nsoft wash at 30\u00b0C with similar colours<br \/>\nhand wash, with similar colours<br \/>\niron at max. 110\u00b0c<br \/>\ndo not bleach<br \/>\ndo not tumble dry<\/p>\n<\/div><\/div>\n<\/p><\/div>","protected":false},"featured_media":388364,"template":"","meta":[],"product_brand":[500],"product_cat":[584,587,550,588,585,548,592,537,525,572,538,576,561,549,590,539,593,652,544,547,580,545,573,516,651,574],"product_tag":[420],"class_list":{"0":"post-307853","1":"product","2":"type-product","3":"status-publish","4":"has-post-thumbnail","6":"product_brand-korneliarataj","7":"product_cat-bikini-stroje","8":"product_cat-ciazowe-stroje","9":"product_cat-do-karmienia-gory","10":"product_cat-do-karmienia-stroje","11":"product_cat-do-opalania-stroje","12":"product_cat-duzy-biust-gory","13":"product_cat-duzy-biust-stroje","14":"product_cat-dwuczesciowe-swimwear","15":"product_cat-gora-swimwear","16":"product_cat-kategorie-swimwear","17":"product_cat-klasyczne-gory","18":"product_cat-klasyczne-proste-minimalistyczne-stroje","19":"product_cat-kolory-swimwear","20":"product_cat-maly-biust-gory","21":"product_cat-maly-biust-stroje","22":"product_cat-nieusztywniane-gory","23":"product_cat-ochrona-uv-stroje","24":"product_cat-swimwear-2026","25":"product_cat-trojkaty-gory","26":"product_cat-trzy-w-jednym-gory","27":"product_cat-trzy-w-jednym-stroje","28":"product_cat-wiazane-gory","29":"product_cat-wiazane-stroje","30":"product_cat-wood-swimwear","31":"product_cat-worek-free","32":"product_cat-z-wycieciami-wyciete-stroje","33":"product_tag-wood","34":"flv-has-gallery","36":"first","37":"instock","38":"taxable","39":"shipping-taxable","40":"purchasable","41":"product-type-variable","42":"has-default-attributes"},"yoast_head":"<!-- This site is optimized with the Yoast SEO plugin v27.4 - https:\/\/yoast.com\/product\/yoast-seo-wordpress\/ -->\n<title>Bikini - g\u00f3ra stroju k\u0105pielowego Wood - KORNELIARATAJ<\/title>\n<meta name=\"description\" content=\"Kornelia Rataj. Minimalist Women&#039;s Collection, Basic, Swimwear. HANDMADE IN POLAND WITH LOVE.\" \/>\n<meta name=\"robots\" content=\"index, follow, max-snippet:-1, max-image-preview:large, max-video-preview:-1\" \/>\n<link rel=\"canonical\" href=\"https:\/\/korneliarataj.com\/en\/product\/bikini-gora-stroju-kapielowego-wood-2025\/\" \/>\n<meta property=\"og:locale\" content=\"en_GB\" \/>\n<meta property=\"og:type\" content=\"article\" \/>\n<meta property=\"og:title\" content=\"Bikini - g\u00f3ra stroju k\u0105pielowego Wood - KORNELIARATAJ\" \/>\n<meta property=\"og:description\" content=\"Kornelia Rataj. Minimalist Women&#039;s Collection, Basic, Swimwear. HANDMADE IN POLAND WITH LOVE.\" \/>\n<meta property=\"og:url\" content=\"https:\/\/korneliarataj.com\/en\/product\/bikini-gora-stroju-kapielowego-wood-2025\/\" \/>\n<meta property=\"og:site_name\" content=\"KORNELIARATAJ\" \/>\n<meta property=\"article:publisher\" content=\"http:\/\/www.facebook.com\/korneliaratajshop\" \/>\n<meta property=\"article:modified_time\" content=\"2026-04-23T08:28:26+00:00\" \/>\n<meta property=\"og:image\" content=\"https:\/\/korneliarataj.com\/wp-content\/uploads\/2026\/01\/2026-WOOD-BIKINI-GORA-1-scaled.webp\" \/>\n\t<meta property=\"og:image:width\" content=\"1707\" \/>\n\t<meta property=\"og:image:height\" content=\"2560\" \/>\n\t<meta property=\"og:image:type\" content=\"image\/webp\" \/>\n<meta name=\"twitter:card\" content=\"summary_large_image\" \/>\n<meta name=\"twitter:label1\" content=\"Estimated reading time\" \/>\n\t<meta name=\"twitter:data1\" content=\"1 minute\" \/>\n<script type=\"application\/ld+json\" class=\"yoast-schema-graph\">{\"@context\":\"https:\\\/\\\/schema.org\",\"@graph\":[{\"@type\":\"WebPage\",\"@id\":\"https:\\\/\\\/korneliarataj.com\\\/produkt\\\/bikini-gora-stroju-kapielowego-wood-2025\\\/\",\"url\":\"https:\\\/\\\/korneliarataj.com\\\/produkt\\\/bikini-gora-stroju-kapielowego-wood-2025\\\/\",\"name\":\"Bikini - g\u00f3ra stroju k\u0105pielowego Wood - KORNELIARATAJ\",\"isPartOf\":{\"@id\":\"https:\\\/\\\/korneliarataj.com\\\/#website\"},\"primaryImageOfPage\":{\"@id\":\"https:\\\/\\\/korneliarataj.com\\\/produkt\\\/bikini-gora-stroju-kapielowego-wood-2025\\\/#primaryimage\"},\"image\":{\"@id\":\"https:\\\/\\\/korneliarataj.com\\\/produkt\\\/bikini-gora-stroju-kapielowego-wood-2025\\\/#primaryimage\"},\"thumbnailUrl\":\"https:\\\/\\\/korneliarataj.com\\\/wp-content\\\/uploads\\\/2026\\\/01\\\/2026-WOOD-BIKINI-GORA-1-scaled.webp\",\"datePublished\":\"2025-01-25T13:29:02+00:00\",\"dateModified\":\"2026-04-23T08:28:26+00:00\",\"description\":\"Kornelia Rataj. Minimalist Women's Collection, Basic, Swimwear. HANDMADE IN POLAND WITH LOVE.\",\"breadcrumb\":{\"@id\":\"https:\\\/\\\/korneliarataj.com\\\/produkt\\\/bikini-gora-stroju-kapielowego-wood-2025\\\/#breadcrumb\"},\"inLanguage\":\"en-GB\",\"potentialAction\":[{\"@type\":\"ReadAction\",\"target\":[\"https:\\\/\\\/korneliarataj.com\\\/produkt\\\/bikini-gora-stroju-kapielowego-wood-2025\\\/\"]}]},{\"@type\":\"ImageObject\",\"inLanguage\":\"en-GB\",\"@id\":\"https:\\\/\\\/korneliarataj.com\\\/produkt\\\/bikini-gora-stroju-kapielowego-wood-2025\\\/#primaryimage\",\"url\":\"https:\\\/\\\/korneliarataj.com\\\/wp-content\\\/uploads\\\/2026\\\/01\\\/2026-WOOD-BIKINI-GORA-1-scaled.webp\",\"contentUrl\":\"https:\\\/\\\/korneliarataj.com\\\/wp-content\\\/uploads\\\/2026\\\/01\\\/2026-WOOD-BIKINI-GORA-1-scaled.webp\",\"width\":1707,\"height\":2560,\"caption\":\"Bikini - gora stroju kapielowego Wood\"},{\"@type\":\"BreadcrumbList\",\"@id\":\"https:\\\/\\\/korneliarataj.com\\\/produkt\\\/bikini-gora-stroju-kapielowego-wood-2025\\\/#breadcrumb\",\"itemListElement\":[{\"@type\":\"ListItem\",\"position\":1,\"name\":\"HOME\",\"item\":\"https:\\\/\\\/korneliarataj.com\\\/\"},{\"@type\":\"ListItem\",\"position\":2,\"name\":\"Products\",\"item\":\"https:\\\/\\\/korneliarataj.com\\\/en\\\/shop\\\/\"},{\"@type\":\"ListItem\",\"position\":3,\"name\":\"Bikini &#8211; g\u00f3ra stroju k\u0105pielowego Wood\"}]},{\"@type\":\"WebSite\",\"@id\":\"https:\\\/\\\/korneliarataj.com\\\/#website\",\"url\":\"https:\\\/\\\/korneliarataj.com\\\/\",\"name\":\"Stroje K\u0105pielowe i Odzie\u017c Lniana Sklep Kornelia Rataj\",\"description\":\"swimwear stroje k\u0105pielowe ubrania len lniane\",\"publisher\":{\"@id\":\"https:\\\/\\\/korneliarataj.com\\\/#organization\"},\"potentialAction\":[{\"@type\":\"SearchAction\",\"target\":{\"@type\":\"EntryPoint\",\"urlTemplate\":\"https:\\\/\\\/korneliarataj.com\\\/?s={search_term_string}\"},\"query-input\":{\"@type\":\"PropertyValueSpecification\",\"valueRequired\":true,\"valueName\":\"search_term_string\"}}],\"inLanguage\":\"en-GB\"},{\"@type\":\"Organization\",\"@id\":\"https:\\\/\\\/korneliarataj.com\\\/#organization\",\"name\":\"KORNELIARATAJ\",\"url\":\"https:\\\/\\\/korneliarataj.com\\\/\",\"logo\":{\"@type\":\"ImageObject\",\"inLanguage\":\"en-GB\",\"@id\":\"https:\\\/\\\/korneliarataj.com\\\/#\\\/schema\\\/logo\\\/image\\\/\",\"url\":\"https:\\\/\\\/korneliarataj.com\\\/wp-content\\\/uploads\\\/2020\\\/07\\\/LOGO-KR.svg\",\"contentUrl\":\"https:\\\/\\\/korneliarataj.com\\\/wp-content\\\/uploads\\\/2020\\\/07\\\/LOGO-KR.svg\",\"width\":1024,\"height\":1024,\"caption\":\"KORNELIARATAJ\"},\"image\":{\"@id\":\"https:\\\/\\\/korneliarataj.com\\\/#\\\/schema\\\/logo\\\/image\\\/\"},\"sameAs\":[\"http:\\\/\\\/www.facebook.com\\\/korneliaratajshop\",\"http:\\\/\\\/www.instagram.com\\\/korneliarataj\"]}]}<\/script>\n<!-- \/ Yoast SEO plugin. -->","yoast_head_json":{"title":"Bikini top - Wood swimsuit top - KORNELIARATAJ","description":"Kornelia Rataj. Minimalist Women's Collection, Basic, Swimwear. HANDMADE IN POLAND WITH LOVE.","robots":{"index":"index","follow":"follow","max-snippet":"max-snippet:-1","max-image-preview":"max-image-preview:large","max-video-preview":"max-video-preview:-1"},"canonical":"https:\/\/korneliarataj.com\/en\/product\/bikini-gora-stroju-kapielowego-wood-2025\/","og_locale":"en_GB","og_type":"article","og_title":"Bikini - g\u00f3ra stroju k\u0105pielowego Wood - KORNELIARATAJ","og_description":"Kornelia Rataj. Minimalist Women's Collection, Basic, Swimwear. HANDMADE IN POLAND WITH LOVE.","og_url":"https:\/\/korneliarataj.com\/en\/product\/bikini-gora-stroju-kapielowego-wood-2025\/","og_site_name":"KORNELIARATAJ","article_publisher":"http:\/\/www.facebook.com\/korneliaratajshop","article_modified_time":"2026-04-23T08:28:26+00:00","og_image":[{"width":1707,"height":2560,"url":"https:\/\/korneliarataj.com\/wp-content\/uploads\/2026\/01\/2026-WOOD-BIKINI-GORA-1-scaled.webp","type":"image\/webp"}],"twitter_card":"summary_large_image","twitter_misc":{"Estimated reading time":"1 minute"},"schema":{"@context":"https:\/\/schema.org","@graph":[{"@type":"WebPage","@id":"https:\/\/korneliarataj.com\/produkt\/bikini-gora-stroju-kapielowego-wood-2025\/","url":"https:\/\/korneliarataj.com\/produkt\/bikini-gora-stroju-kapielowego-wood-2025\/","name":"Bikini top - Wood swimsuit top - KORNELIARATAJ","isPartOf":{"@id":"https:\/\/korneliarataj.com\/#website"},"primaryImageOfPage":{"@id":"https:\/\/korneliarataj.com\/produkt\/bikini-gora-stroju-kapielowego-wood-2025\/#primaryimage"},"image":{"@id":"https:\/\/korneliarataj.com\/produkt\/bikini-gora-stroju-kapielowego-wood-2025\/#primaryimage"},"thumbnailUrl":"https:\/\/korneliarataj.com\/wp-content\/uploads\/2026\/01\/2026-WOOD-BIKINI-GORA-1-scaled.webp","datePublished":"2025-01-25T13:29:02+00:00","dateModified":"2026-04-23T08:28:26+00:00","description":"Kornelia Rataj. Minimalist Women's Collection, Basic, Swimwear. HANDMADE IN POLAND WITH LOVE.","breadcrumb":{"@id":"https:\/\/korneliarataj.com\/produkt\/bikini-gora-stroju-kapielowego-wood-2025\/#breadcrumb"},"inLanguage":"en-GB","potentialAction":[{"@type":"ReadAction","target":["https:\/\/korneliarataj.com\/produkt\/bikini-gora-stroju-kapielowego-wood-2025\/"]}]},{"@type":"ImageObject","inLanguage":"en-GB","@id":"https:\/\/korneliarataj.com\/produkt\/bikini-gora-stroju-kapielowego-wood-2025\/#primaryimage","url":"https:\/\/korneliarataj.com\/wp-content\/uploads\/2026\/01\/2026-WOOD-BIKINI-GORA-1-scaled.webp","contentUrl":"https:\/\/korneliarataj.com\/wp-content\/uploads\/2026\/01\/2026-WOOD-BIKINI-GORA-1-scaled.webp","width":1707,"height":2560,"caption":"Bikini - gora stroju kapielowego Wood"},{"@type":"BreadcrumbList","@id":"https:\/\/korneliarataj.com\/produkt\/bikini-gora-stroju-kapielowego-wood-2025\/#breadcrumb","itemListElement":[{"@type":"ListItem","position":1,"name":"HOME","item":"https:\/\/korneliarataj.com\/"},{"@type":"ListItem","position":2,"name":"Products","item":"https:\/\/korneliarataj.com\/en\/shop\/"},{"@type":"ListItem","position":3,"name":"Bikini &#8211; g\u00f3ra stroju k\u0105pielowego Wood"}]},{"@type":"WebSite","@id":"https:\/\/korneliarataj.com\/#website","url":"https:\/\/korneliarataj.com\/","name":"Swimwear and Linen Clothing Shop Kornelia Rataj","description":"swimwear swimwear linen linen clothing","publisher":{"@id":"https:\/\/korneliarataj.com\/#organization"},"potentialAction":[{"@type":"SearchAction","target":{"@type":"EntryPoint","urlTemplate":"https:\/\/korneliarataj.com\/?s={search_term_string}"},"query-input":{"@type":"PropertyValueSpecification","valueRequired":true,"valueName":"search_term_string"}}],"inLanguage":"en-GB"},{"@type":"Organization","@id":"https:\/\/korneliarataj.com\/#organization","name":"KORNELIARATAJ","url":"https:\/\/korneliarataj.com\/","logo":{"@type":"ImageObject","inLanguage":"en-GB","@id":"https:\/\/korneliarataj.com\/#\/schema\/logo\/image\/","url":"https:\/\/korneliarataj.com\/wp-content\/uploads\/2020\/07\/LOGO-KR.svg","contentUrl":"https:\/\/korneliarataj.com\/wp-content\/uploads\/2020\/07\/LOGO-KR.svg","width":1024,"height":1024,"caption":"KORNELIARATAJ"},"image":{"@id":"https:\/\/korneliarataj.com\/#\/schema\/logo\/image\/"},"sameAs":["http:\/\/www.facebook.com\/korneliaratajshop","http:\/\/www.instagram.com\/korneliarataj"]}]}},"_links":{"self":[{"href":"https:\/\/korneliarataj.com\/en\/wp-json\/wp\/v2\/product\/307853","targetHints":{"allow":["GET"]}}],"collection":[{"href":"https:\/\/korneliarataj.com\/en\/wp-json\/wp\/v2\/product"}],"about":[{"href":"https:\/\/korneliarataj.com\/en\/wp-json\/wp\/v2\/types\/product"}],"wp:featuredmedia":[{"embeddable":true,"href":"https:\/\/korneliarataj.com\/en\/wp-json\/wp\/v2\/media\/388364"}],"wp:attachment":[{"href":"https:\/\/korneliarataj.com\/en\/wp-json\/wp\/v2\/media?parent=307853"}],"wp:term":[{"taxonomy":"product_brand","embeddable":true,"href":"https:\/\/korneliarataj.com\/en\/wp-json\/wp\/v2\/product_brand?post=307853"},{"taxonomy":"product_cat","embeddable":true,"href":"https:\/\/korneliarataj.com\/en\/wp-json\/wp\/v2\/product_cat?post=307853"},{"taxonomy":"product_tag","embeddable":true,"href":"https:\/\/korneliarataj.com\/en\/wp-json\/wp\/v2\/product_tag?post=307853"}],"curies":[{"name":"wp","href":"https:\/\/api.w.org\/{rel}","templated":true}]}}