{"id":227608,"date":"2024-06-16T20:20:21","date_gmt":"2024-06-16T18:20:21","guid":{"rendered":"https:\/\/korneliarataj.com\/?post_type=product&#038;p=227608"},"modified":"2026-03-22T23:39:01","modified_gmt":"2026-03-22T22:39:01","slug":"sukienka-na-jedno-ramie-maxi-rozowa","status":"publish","type":"product","link":"https:\/\/korneliarataj.com\/en\/product\/sukienka-na-jedno-ramie-maxi-rozowa\/","title":{"rendered":"One shoulder maxi dress Pink"},"content":{"rendered":"","protected":false},"excerpt":{"rendered":"<p style=\"text-align: left;\"><u><strong>One-shoulder maxi dress<\/strong><\/u><\/p>\n<p style=\"text-align: left;\">One-shoulder, sleeveless, ankle-length dress. The dress can be tied freely on the right or left shoulder, the binding is also an adjustment of the length of the dress.<\/p>\n<p style=\"text-align: left;\">The dress is also available in a shorter knee-length version - <strong>summer dress<\/strong><\/p>\n<p style=\"text-align: left;\">The dress in a pink shade has a loose fit, the perfect summer dress. It is made from a blend of linen and viscose. The fabric is light and airy, providing high comfort, especially in summer. The product is sewn in a single layer with a fabric weight of 195g\/m2.<\/p>\n<p style=\"text-align: left;\">The pink dress is a choice for many occasions. Depending on the accessories you choose, you can wear it both casually and for special occasions - wedding, party. It goes very well with a denim and leather jacket as well as a blazer. The pink dress can be matched with shoes in a sporty or elegant style.<strong> Summer Jacket no. 1<\/strong> is the perfect complement to your styling. The dress is available in two lengths - an ankle-length and a shorter knee-length.<\/p>\n<p style=\"text-align: left;\">Our products captivate with their careful craftsmanship, durability and aesthetics that will steal your heart. The product is entirely made in Poland, in our family workshop in Czernica.<\/p>\n<p style=\"text-align: left;\">The fabric meets the oeko-tex standard 100, which means that it has been tested and does not contain agents that are harmful to both humans and the environment.<\/p>\n<p style=\"text-align: left;\">The dress is available in 3 sizes.<br \/>\nThe model showing the product is wearing size xs\/s.<\/p>\n<p style=\"text-align: left;\">The colour of the dresses may vary slightly depending on the batch of material used.<\/p>\n<p style=\"text-align: left;\"><u>model dimensions:<\/u><br \/>\nbust circumference: 89cm<br \/>\ngirth under bust: 70cm<br \/>\nwaist circumference: 65cm<br \/>\nhip circumference: 91cm<br \/>\nheight: 165cm<br \/>\ncup: c<\/p>\n<p style=\"text-align: left;\"><u>Composition and care instructions:<\/u><br \/>\n55% flax<br \/>\n45% viscose<br \/>\nfabric weight 195g\/m2<br \/>\nsoft wash at 30\u00b0c<br \/>\nwe recommend hand washing, with similar colours<br \/>\niron at max. 150\u00b0c<br \/>\ndo not bleach<br \/>\ndo not tumble dry<\/p>\n<p style=\"text-align: left;\">The product was made in Czernica<\/p>","protected":false},"featured_media":227604,"template":"","meta":[],"product_brand":[],"product_cat":[639,621,619,628,488,489,618],"product_tag":[],"class_list":{"0":"post-227608","1":"product","2":"type-product","3":"status-publish","4":"has-post-thumbnail","6":"product_cat-kategorie-lniane","7":"product_cat-kolory-lniane","8":"product_cat-odziez-elegancka-lniana","9":"product_cat-rozowe-kolor-lniane","10":"product_cat-sale-linen","11":"product_cat-sale-wear","12":"product_cat-sukienki-lniane","13":"flv-has-gallery","15":"first","16":"instock","17":"sale","18":"taxable","19":"shipping-taxable","20":"purchasable","21":"product-type-variable","22":"has-default-attributes"},"yoast_head":"<!-- This site is optimized with the Yoast SEO plugin v27.3 - https:\/\/yoast.com\/product\/yoast-seo-wordpress\/ -->\n<title>Sukienka na jedno rami\u0119 maxi R\u00f3\u017cowa - KORNELIARATAJ<\/title>\n<meta name=\"description\" content=\"Kornelia Rataj. Minimalist Women&#039;s Collection, Basic, Swimwear. HANDMADE IN POLAND WITH LOVE.\" \/>\n<meta name=\"robots\" content=\"index, follow, max-snippet:-1, max-image-preview:large, max-video-preview:-1\" \/>\n<link rel=\"canonical\" href=\"https:\/\/korneliarataj.com\/en\/product\/sukienka-na-jedno-ramie-maxi-rozowa\/\" \/>\n<meta property=\"og:locale\" content=\"en_GB\" \/>\n<meta property=\"og:type\" content=\"article\" \/>\n<meta property=\"og:title\" content=\"Sukienka na jedno rami\u0119 maxi R\u00f3\u017cowa - KORNELIARATAJ\" \/>\n<meta property=\"og:description\" content=\"Kornelia Rataj. Minimalist Women&#039;s Collection, Basic, Swimwear. HANDMADE IN POLAND WITH LOVE.\" \/>\n<meta property=\"og:url\" content=\"https:\/\/korneliarataj.com\/en\/product\/sukienka-na-jedno-ramie-maxi-rozowa\/\" \/>\n<meta property=\"og:site_name\" content=\"KORNELIARATAJ\" \/>\n<meta property=\"article:publisher\" content=\"http:\/\/www.facebook.com\/korneliaratajshop\" \/>\n<meta property=\"article:modified_time\" content=\"2026-03-22T22:39:01+00:00\" \/>\n<meta property=\"og:image\" content=\"https:\/\/korneliarataj.com\/wp-content\/uploads\/2024\/06\/SUMMER-MAXI-DRESS-1-scaled.jpg\" \/>\n\t<meta property=\"og:image:width\" content=\"1366\" \/>\n\t<meta property=\"og:image:height\" content=\"2048\" \/>\n\t<meta property=\"og:image:type\" content=\"image\/jpeg\" \/>\n<meta name=\"twitter:card\" content=\"summary_large_image\" \/>\n<meta name=\"twitter:label1\" content=\"Estimated reading time\" \/>\n\t<meta name=\"twitter:data1\" content=\"1 minute\" \/>\n<script type=\"application\/ld+json\" class=\"yoast-schema-graph\">{\"@context\":\"https:\\\/\\\/schema.org\",\"@graph\":[{\"@type\":\"WebPage\",\"@id\":\"https:\\\/\\\/korneliarataj.com\\\/produkt\\\/sukienka-na-jedno-ramie-maxi-rozowa\\\/\",\"url\":\"https:\\\/\\\/korneliarataj.com\\\/produkt\\\/sukienka-na-jedno-ramie-maxi-rozowa\\\/\",\"name\":\"Sukienka na jedno rami\u0119 maxi R\u00f3\u017cowa - KORNELIARATAJ\",\"isPartOf\":{\"@id\":\"https:\\\/\\\/korneliarataj.com\\\/#website\"},\"primaryImageOfPage\":{\"@id\":\"https:\\\/\\\/korneliarataj.com\\\/produkt\\\/sukienka-na-jedno-ramie-maxi-rozowa\\\/#primaryimage\"},\"image\":{\"@id\":\"https:\\\/\\\/korneliarataj.com\\\/produkt\\\/sukienka-na-jedno-ramie-maxi-rozowa\\\/#primaryimage\"},\"thumbnailUrl\":\"https:\\\/\\\/korneliarataj.com\\\/wp-content\\\/uploads\\\/2024\\\/06\\\/SUMMER-MAXI-DRESS-1-scaled.jpg\",\"datePublished\":\"2024-06-16T18:20:21+00:00\",\"dateModified\":\"2026-03-22T22:39:01+00:00\",\"description\":\"Kornelia Rataj. Minimalist Women's Collection, Basic, Swimwear. HANDMADE IN POLAND WITH LOVE.\",\"breadcrumb\":{\"@id\":\"https:\\\/\\\/korneliarataj.com\\\/produkt\\\/sukienka-na-jedno-ramie-maxi-rozowa\\\/#breadcrumb\"},\"inLanguage\":\"en-GB\",\"potentialAction\":[{\"@type\":\"ReadAction\",\"target\":[\"https:\\\/\\\/korneliarataj.com\\\/produkt\\\/sukienka-na-jedno-ramie-maxi-rozowa\\\/\"]}]},{\"@type\":\"ImageObject\",\"inLanguage\":\"en-GB\",\"@id\":\"https:\\\/\\\/korneliarataj.com\\\/produkt\\\/sukienka-na-jedno-ramie-maxi-rozowa\\\/#primaryimage\",\"url\":\"https:\\\/\\\/korneliarataj.com\\\/wp-content\\\/uploads\\\/2024\\\/06\\\/SUMMER-MAXI-DRESS-1-scaled.jpg\",\"contentUrl\":\"https:\\\/\\\/korneliarataj.com\\\/wp-content\\\/uploads\\\/2024\\\/06\\\/SUMMER-MAXI-DRESS-1-scaled.jpg\",\"width\":1366,\"height\":2048},{\"@type\":\"BreadcrumbList\",\"@id\":\"https:\\\/\\\/korneliarataj.com\\\/produkt\\\/sukienka-na-jedno-ramie-maxi-rozowa\\\/#breadcrumb\",\"itemListElement\":[{\"@type\":\"ListItem\",\"position\":1,\"name\":\"HOME\",\"item\":\"https:\\\/\\\/korneliarataj.com\\\/\"},{\"@type\":\"ListItem\",\"position\":2,\"name\":\"Products\",\"item\":\"https:\\\/\\\/korneliarataj.com\\\/en\\\/shop\\\/\"},{\"@type\":\"ListItem\",\"position\":3,\"name\":\"Sukienka na jedno rami\u0119 maxi R\u00f3\u017cowa\"}]},{\"@type\":\"WebSite\",\"@id\":\"https:\\\/\\\/korneliarataj.com\\\/#website\",\"url\":\"https:\\\/\\\/korneliarataj.com\\\/\",\"name\":\"Stroje K\u0105pielowe i Odzie\u017c Lniana Sklep Kornelia Rataj\",\"description\":\"swimwear stroje k\u0105pielowe ubrania len lniane\",\"publisher\":{\"@id\":\"https:\\\/\\\/korneliarataj.com\\\/#organization\"},\"potentialAction\":[{\"@type\":\"SearchAction\",\"target\":{\"@type\":\"EntryPoint\",\"urlTemplate\":\"https:\\\/\\\/korneliarataj.com\\\/?s={search_term_string}\"},\"query-input\":{\"@type\":\"PropertyValueSpecification\",\"valueRequired\":true,\"valueName\":\"search_term_string\"}}],\"inLanguage\":\"en-GB\"},{\"@type\":\"Organization\",\"@id\":\"https:\\\/\\\/korneliarataj.com\\\/#organization\",\"name\":\"KORNELIARATAJ\",\"url\":\"https:\\\/\\\/korneliarataj.com\\\/\",\"logo\":{\"@type\":\"ImageObject\",\"inLanguage\":\"en-GB\",\"@id\":\"https:\\\/\\\/korneliarataj.com\\\/#\\\/schema\\\/logo\\\/image\\\/\",\"url\":\"https:\\\/\\\/korneliarataj.com\\\/wp-content\\\/uploads\\\/2020\\\/07\\\/LOGO-KR.svg\",\"contentUrl\":\"https:\\\/\\\/korneliarataj.com\\\/wp-content\\\/uploads\\\/2020\\\/07\\\/LOGO-KR.svg\",\"width\":1024,\"height\":1024,\"caption\":\"KORNELIARATAJ\"},\"image\":{\"@id\":\"https:\\\/\\\/korneliarataj.com\\\/#\\\/schema\\\/logo\\\/image\\\/\"},\"sameAs\":[\"http:\\\/\\\/www.facebook.com\\\/korneliaratajshop\",\"http:\\\/\\\/www.instagram.com\\\/korneliarataj\"]}]}<\/script>\n<!-- \/ Yoast SEO plugin. -->","yoast_head_json":{"title":"One shoulder maxi dress Pink - KORNELIARATAJ","description":"Kornelia Rataj. Minimalist Women's Collection, Basic, Swimwear. HANDMADE IN POLAND WITH LOVE.","robots":{"index":"index","follow":"follow","max-snippet":"max-snippet:-1","max-image-preview":"max-image-preview:large","max-video-preview":"max-video-preview:-1"},"canonical":"https:\/\/korneliarataj.com\/en\/product\/sukienka-na-jedno-ramie-maxi-rozowa\/","og_locale":"en_GB","og_type":"article","og_title":"Sukienka na jedno rami\u0119 maxi R\u00f3\u017cowa - KORNELIARATAJ","og_description":"Kornelia Rataj. Minimalist Women's Collection, Basic, Swimwear. HANDMADE IN POLAND WITH LOVE.","og_url":"https:\/\/korneliarataj.com\/en\/product\/sukienka-na-jedno-ramie-maxi-rozowa\/","og_site_name":"KORNELIARATAJ","article_publisher":"http:\/\/www.facebook.com\/korneliaratajshop","article_modified_time":"2026-03-22T22:39:01+00:00","og_image":[{"width":1366,"height":2048,"url":"https:\/\/korneliarataj.com\/wp-content\/uploads\/2024\/06\/SUMMER-MAXI-DRESS-1-scaled.jpg","type":"image\/jpeg"}],"twitter_card":"summary_large_image","twitter_misc":{"Estimated reading time":"1 minute"},"schema":{"@context":"https:\/\/schema.org","@graph":[{"@type":"WebPage","@id":"https:\/\/korneliarataj.com\/produkt\/sukienka-na-jedno-ramie-maxi-rozowa\/","url":"https:\/\/korneliarataj.com\/produkt\/sukienka-na-jedno-ramie-maxi-rozowa\/","name":"One shoulder maxi dress Pink - KORNELIARATAJ","isPartOf":{"@id":"https:\/\/korneliarataj.com\/#website"},"primaryImageOfPage":{"@id":"https:\/\/korneliarataj.com\/produkt\/sukienka-na-jedno-ramie-maxi-rozowa\/#primaryimage"},"image":{"@id":"https:\/\/korneliarataj.com\/produkt\/sukienka-na-jedno-ramie-maxi-rozowa\/#primaryimage"},"thumbnailUrl":"https:\/\/korneliarataj.com\/wp-content\/uploads\/2024\/06\/SUMMER-MAXI-DRESS-1-scaled.jpg","datePublished":"2024-06-16T18:20:21+00:00","dateModified":"2026-03-22T22:39:01+00:00","description":"Kornelia Rataj. Minimalist Women's Collection, Basic, Swimwear. HANDMADE IN POLAND WITH LOVE.","breadcrumb":{"@id":"https:\/\/korneliarataj.com\/produkt\/sukienka-na-jedno-ramie-maxi-rozowa\/#breadcrumb"},"inLanguage":"en-GB","potentialAction":[{"@type":"ReadAction","target":["https:\/\/korneliarataj.com\/produkt\/sukienka-na-jedno-ramie-maxi-rozowa\/"]}]},{"@type":"ImageObject","inLanguage":"en-GB","@id":"https:\/\/korneliarataj.com\/produkt\/sukienka-na-jedno-ramie-maxi-rozowa\/#primaryimage","url":"https:\/\/korneliarataj.com\/wp-content\/uploads\/2024\/06\/SUMMER-MAXI-DRESS-1-scaled.jpg","contentUrl":"https:\/\/korneliarataj.com\/wp-content\/uploads\/2024\/06\/SUMMER-MAXI-DRESS-1-scaled.jpg","width":1366,"height":2048},{"@type":"BreadcrumbList","@id":"https:\/\/korneliarataj.com\/produkt\/sukienka-na-jedno-ramie-maxi-rozowa\/#breadcrumb","itemListElement":[{"@type":"ListItem","position":1,"name":"HOME","item":"https:\/\/korneliarataj.com\/"},{"@type":"ListItem","position":2,"name":"Products","item":"https:\/\/korneliarataj.com\/en\/shop\/"},{"@type":"ListItem","position":3,"name":"Sukienka na jedno rami\u0119 maxi R\u00f3\u017cowa"}]},{"@type":"WebSite","@id":"https:\/\/korneliarataj.com\/#website","url":"https:\/\/korneliarataj.com\/","name":"Swimwear and Linen Clothing Shop Kornelia Rataj","description":"swimwear swimwear linen linen clothing","publisher":{"@id":"https:\/\/korneliarataj.com\/#organization"},"potentialAction":[{"@type":"SearchAction","target":{"@type":"EntryPoint","urlTemplate":"https:\/\/korneliarataj.com\/?s={search_term_string}"},"query-input":{"@type":"PropertyValueSpecification","valueRequired":true,"valueName":"search_term_string"}}],"inLanguage":"en-GB"},{"@type":"Organization","@id":"https:\/\/korneliarataj.com\/#organization","name":"KORNELIARATAJ","url":"https:\/\/korneliarataj.com\/","logo":{"@type":"ImageObject","inLanguage":"en-GB","@id":"https:\/\/korneliarataj.com\/#\/schema\/logo\/image\/","url":"https:\/\/korneliarataj.com\/wp-content\/uploads\/2020\/07\/LOGO-KR.svg","contentUrl":"https:\/\/korneliarataj.com\/wp-content\/uploads\/2020\/07\/LOGO-KR.svg","width":1024,"height":1024,"caption":"KORNELIARATAJ"},"image":{"@id":"https:\/\/korneliarataj.com\/#\/schema\/logo\/image\/"},"sameAs":["http:\/\/www.facebook.com\/korneliaratajshop","http:\/\/www.instagram.com\/korneliarataj"]}]}},"_links":{"self":[{"href":"https:\/\/korneliarataj.com\/en\/wp-json\/wp\/v2\/product\/227608","targetHints":{"allow":["GET"]}}],"collection":[{"href":"https:\/\/korneliarataj.com\/en\/wp-json\/wp\/v2\/product"}],"about":[{"href":"https:\/\/korneliarataj.com\/en\/wp-json\/wp\/v2\/types\/product"}],"wp:featuredmedia":[{"embeddable":true,"href":"https:\/\/korneliarataj.com\/en\/wp-json\/wp\/v2\/media\/227604"}],"wp:attachment":[{"href":"https:\/\/korneliarataj.com\/en\/wp-json\/wp\/v2\/media?parent=227608"}],"wp:term":[{"taxonomy":"product_brand","embeddable":true,"href":"https:\/\/korneliarataj.com\/en\/wp-json\/wp\/v2\/product_brand?post=227608"},{"taxonomy":"product_cat","embeddable":true,"href":"https:\/\/korneliarataj.com\/en\/wp-json\/wp\/v2\/product_cat?post=227608"},{"taxonomy":"product_tag","embeddable":true,"href":"https:\/\/korneliarataj.com\/en\/wp-json\/wp\/v2\/product_tag?post=227608"}],"curies":[{"name":"wp","href":"https:\/\/api.w.org\/{rel}","templated":true}]}}