{"id":154866,"date":"2023-04-01T00:01:11","date_gmt":"2023-03-31T22:01:11","guid":{"rendered":"https:\/\/korneliarataj.com\/?post_type=product&#038;p=154866"},"modified":"2026-03-22T23:45:15","modified_gmt":"2026-03-22T22:45:15","slug":"the-one-stroj-kapielowy-jednoczesciowy-ocean","status":"publish","type":"product","link":"https:\/\/korneliarataj.com\/en\/product\/the-one-stroj-kapielowy-jednoczesciowy-ocean\/","title":{"rendered":"The One - Ocean one-piece swimsuit"},"content":{"rendered":"","protected":false},"excerpt":{"rendered":"<p style=\"text-align: left;\"><strong>OPTIONS<\/strong><\/p>\n<p style=\"text-align: left;\"><a href=\"https:\/\/korneliarataj.com\/en\/product\/swimwear2023-the-one-wet-sand\/\" target=\"_blank\" rel=\"noopener noreferrer\"><img decoding=\"async\" width=\"100px\" src=\"https:\/\/korneliarataj.com\/wp-content\/uploads\/2023\/03\/SWIMWEAR2023-THE-ONE-WET-SAND-1-200x300.jpg\"\/><\/a><a href=\"https:\/\/korneliarataj.com\/en\/product\/swimwear2023-the-one-guava\/\" target=\"_blank\" rel=\"noopener noreferrer\"><img decoding=\"async\" width=\"100px\" src=\"https:\/\/korneliarataj.com\/wp-content\/uploads\/2023\/03\/SWIMWEAR2023-THE-ONE-GUAVA-1-200x300.jpg\"\/><\/a><a href=\"https:\/\/korneliarataj.com\/en\/product\/swimwear2022-the-one-wood\/\" target=\"_blank\" rel=\"noopener noreferrer\"><img decoding=\"async\" width=\"100px\" src=\"https:\/\/korneliarataj.com\/wp-content\/uploads\/2022\/01\/SWIMWEAR2022-THE-ONE-WOOD-2-200x300.jpg\"\/><\/a><a href=\"https:\/\/korneliarataj.com\/en\/product\/swimwear2022-the-one-natural\/\" target=\"_blank\" rel=\"noopener noreferrer\"><img decoding=\"async\" width=\"100px\" src=\"https:\/\/korneliarataj.com\/wp-content\/uploads\/2022\/01\/SWIMWEAR2022-THE-ONE-NATURAL-1-200x300.jpg\"\/><\/a>&nbsp;<a href=\"https:\/\/korneliarataj.com\/en\/product\/swimwear2022-the-one-coconut\/\" target=\"_blank\" rel=\"noopener noreferrer\"><img decoding=\"async\" width=\"100px\" src=\"https:\/\/korneliarataj.com\/wp-content\/uploads\/2022\/01\/SWIMWEAR2022-THE-ONE-COCONUT-1-200x300.jpg\"\/><\/a>&nbsp;<a href=\"https:\/\/korneliarataj.com\/en\/product\/swimwear2022-the-one-black\/\" target=\"_blank\" rel=\"noopener noreferrer\"><img decoding=\"async\" width=\"100px\" src=\"https:\/\/korneliarataj.com\/wp-content\/uploads\/2022\/01\/SWIMWEAR2022-THE-ONE-BLACK-1-200x300.jpg\"\/><\/a><\/p>\n<p style=\"text-align: left;\"><u><strong>The One - one-piece swimsuit<\/strong><\/u><\/p>\n<p style=\"text-align: left;\">MINIMALIST, TIMELESS FORM, FLATTERING TO THE FEMALE FIGURE<\/p>\n<p style=\"text-align: left;\">PROPERLY CUT SWIMSUIT ELONGATES THE LEGS, MAKES THE SILHOUETTE LOOK MORE FEMININE, SLIMS DOWN<\/p>\n<p style=\"text-align: left;\">DELICATE NECKLINE AT THE FRONT, DEEP CUT-OUT AT THE BACK<\/p>\n<p style=\"text-align: left;\">THE SWIMSUIT HAS ADJUSTABLE STRAPS FOR A PERFECT FIT<\/p>\n<p style=\"text-align: left;\">SWIMWEAR SEWN IN TWO LAYERS OF HIGH-QUALITY RECYCLED ITALIAN LYCRA<\/p>\n<p style=\"text-align: left;\">ENTIRELY MADE IN POLAND<\/p>\n<p style=\"text-align: left;\">HAVE A HIGH QUALITY OF WORKMANSHIP<\/p>\n<p style=\"text-align: left;\"><strong>THE ONE<\/strong> is really the first swimsuit that popped into my imagination when, going on holiday, I wanted to look different from what I had been used to, to feel uniquely feminine and fashionable - even on the beach. Its minimalist, timeless form, which is kind to the feminine silhouette, won my heart. There is nothing more inspiring to me than that it also conquers yours \ud83d\udc98<\/p>\n<p style=\"text-align: left;\"><img decoding=\"async\" src=\"https:\/\/korneliarataj.com\/wp-content\/uploads\/2020\/09\/SIGNATURE-1024x189.png\" width=\"300\" height=\"75\" \/><\/p>\n<p>&nbsp;<\/p>\n<p style=\"text-align: left;\"><u><strong>COMPOSITION AND CARE INSTRUCTIONS:<\/strong><\/u><\/p>\n<p style=\"text-align: left;\">78% RECYCLED POLYAMIDE<\/p>\n<p style=\"text-align: left;\">22% ELASTANE<\/p>\n<p style=\"text-align: left;\">GENTLE WASH AT 30\u00b0 C<\/p>\n<p style=\"text-align: left;\">HAND WASHING<\/p>\n<p>&nbsp;<\/p>","protected":false},"featured_media":154882,"template":"","meta":[],"product_brand":[],"product_cat":[594,599,468],"product_tag":[440],"class_list":{"0":"post-154866","1":"product","2":"type-product","3":"status-publish","4":"has-post-thumbnail","6":"product_cat-kolory-stare-swimwear","7":"product_cat-ocean-swimwear","8":"product_cat-sale-swimwear-2023","9":"product_tag-ocean","10":"flv-has-gallery","12":"first","13":"instock","14":"sale","15":"taxable","16":"shipping-taxable","17":"purchasable","18":"product-type-variable","19":"has-default-attributes"},"yoast_head":"<!-- This site is optimized with the Yoast SEO plugin v27.3 - https:\/\/yoast.com\/product\/yoast-seo-wordpress\/ -->\n<title>The One - str\u00f3j k\u0105pielowy jednocz\u0119\u015bciowy Ocean - KORNELIARATAJ<\/title>\n<meta name=\"description\" content=\"Kornelia Rataj. Minimalist Women&#039;s Collection, Basic, Swimwear. HANDMADE IN POLAND WITH LOVE.\" \/>\n<meta name=\"robots\" content=\"index, follow, max-snippet:-1, max-image-preview:large, max-video-preview:-1\" \/>\n<link rel=\"canonical\" href=\"https:\/\/korneliarataj.com\/en\/product\/the-one-stroj-kapielowy-jednoczesciowy-ocean\/\" \/>\n<meta property=\"og:locale\" content=\"en_GB\" \/>\n<meta property=\"og:type\" content=\"article\" \/>\n<meta property=\"og:title\" content=\"The One - str\u00f3j k\u0105pielowy jednocz\u0119\u015bciowy Ocean - KORNELIARATAJ\" \/>\n<meta property=\"og:description\" content=\"Kornelia Rataj. Minimalist Women&#039;s Collection, Basic, Swimwear. HANDMADE IN POLAND WITH LOVE.\" \/>\n<meta property=\"og:url\" content=\"https:\/\/korneliarataj.com\/en\/product\/the-one-stroj-kapielowy-jednoczesciowy-ocean\/\" \/>\n<meta property=\"og:site_name\" content=\"KORNELIARATAJ\" \/>\n<meta property=\"article:publisher\" content=\"http:\/\/www.facebook.com\/korneliaratajshop\" \/>\n<meta property=\"article:modified_time\" content=\"2026-03-22T22:45:15+00:00\" \/>\n<meta property=\"og:image\" content=\"https:\/\/korneliarataj.com\/wp-content\/uploads\/2023\/03\/SWIMWEAR2023-THE-ONE-OCEAN-1-scaled.jpg\" \/>\n\t<meta property=\"og:image:width\" content=\"1365\" \/>\n\t<meta property=\"og:image:height\" content=\"2048\" \/>\n\t<meta property=\"og:image:type\" content=\"image\/jpeg\" \/>\n<meta name=\"twitter:card\" content=\"summary_large_image\" \/>\n<meta name=\"twitter:label1\" content=\"Estimated reading time\" \/>\n\t<meta name=\"twitter:data1\" content=\"1 minute\" \/>\n<script type=\"application\/ld+json\" class=\"yoast-schema-graph\">{\"@context\":\"https:\\\/\\\/schema.org\",\"@graph\":[{\"@type\":\"WebPage\",\"@id\":\"https:\\\/\\\/korneliarataj.com\\\/produkt\\\/the-one-stroj-kapielowy-jednoczesciowy-ocean\\\/\",\"url\":\"https:\\\/\\\/korneliarataj.com\\\/produkt\\\/the-one-stroj-kapielowy-jednoczesciowy-ocean\\\/\",\"name\":\"The One - str\u00f3j k\u0105pielowy jednocz\u0119\u015bciowy Ocean - KORNELIARATAJ\",\"isPartOf\":{\"@id\":\"https:\\\/\\\/korneliarataj.com\\\/#website\"},\"primaryImageOfPage\":{\"@id\":\"https:\\\/\\\/korneliarataj.com\\\/produkt\\\/the-one-stroj-kapielowy-jednoczesciowy-ocean\\\/#primaryimage\"},\"image\":{\"@id\":\"https:\\\/\\\/korneliarataj.com\\\/produkt\\\/the-one-stroj-kapielowy-jednoczesciowy-ocean\\\/#primaryimage\"},\"thumbnailUrl\":\"https:\\\/\\\/korneliarataj.com\\\/wp-content\\\/uploads\\\/2023\\\/03\\\/SWIMWEAR2023-THE-ONE-OCEAN-1-scaled.jpg\",\"datePublished\":\"2023-03-31T22:01:11+00:00\",\"dateModified\":\"2026-03-22T22:45:15+00:00\",\"description\":\"Kornelia Rataj. Minimalist Women's Collection, Basic, Swimwear. HANDMADE IN POLAND WITH LOVE.\",\"breadcrumb\":{\"@id\":\"https:\\\/\\\/korneliarataj.com\\\/produkt\\\/the-one-stroj-kapielowy-jednoczesciowy-ocean\\\/#breadcrumb\"},\"inLanguage\":\"en-GB\",\"potentialAction\":[{\"@type\":\"ReadAction\",\"target\":[\"https:\\\/\\\/korneliarataj.com\\\/produkt\\\/the-one-stroj-kapielowy-jednoczesciowy-ocean\\\/\"]}]},{\"@type\":\"ImageObject\",\"inLanguage\":\"en-GB\",\"@id\":\"https:\\\/\\\/korneliarataj.com\\\/produkt\\\/the-one-stroj-kapielowy-jednoczesciowy-ocean\\\/#primaryimage\",\"url\":\"https:\\\/\\\/korneliarataj.com\\\/wp-content\\\/uploads\\\/2023\\\/03\\\/SWIMWEAR2023-THE-ONE-OCEAN-1-scaled.jpg\",\"contentUrl\":\"https:\\\/\\\/korneliarataj.com\\\/wp-content\\\/uploads\\\/2023\\\/03\\\/SWIMWEAR2023-THE-ONE-OCEAN-1-scaled.jpg\",\"width\":1365,\"height\":2048},{\"@type\":\"BreadcrumbList\",\"@id\":\"https:\\\/\\\/korneliarataj.com\\\/produkt\\\/the-one-stroj-kapielowy-jednoczesciowy-ocean\\\/#breadcrumb\",\"itemListElement\":[{\"@type\":\"ListItem\",\"position\":1,\"name\":\"HOME\",\"item\":\"https:\\\/\\\/korneliarataj.com\\\/\"},{\"@type\":\"ListItem\",\"position\":2,\"name\":\"Products\",\"item\":\"https:\\\/\\\/korneliarataj.com\\\/en\\\/shop\\\/\"},{\"@type\":\"ListItem\",\"position\":3,\"name\":\"The One &#8211; str\u00f3j k\u0105pielowy jednocz\u0119\u015bciowy Ocean\"}]},{\"@type\":\"WebSite\",\"@id\":\"https:\\\/\\\/korneliarataj.com\\\/#website\",\"url\":\"https:\\\/\\\/korneliarataj.com\\\/\",\"name\":\"Stroje K\u0105pielowe i Odzie\u017c Lniana Sklep Kornelia Rataj\",\"description\":\"swimwear stroje k\u0105pielowe ubrania len lniane\",\"publisher\":{\"@id\":\"https:\\\/\\\/korneliarataj.com\\\/#organization\"},\"potentialAction\":[{\"@type\":\"SearchAction\",\"target\":{\"@type\":\"EntryPoint\",\"urlTemplate\":\"https:\\\/\\\/korneliarataj.com\\\/?s={search_term_string}\"},\"query-input\":{\"@type\":\"PropertyValueSpecification\",\"valueRequired\":true,\"valueName\":\"search_term_string\"}}],\"inLanguage\":\"en-GB\"},{\"@type\":\"Organization\",\"@id\":\"https:\\\/\\\/korneliarataj.com\\\/#organization\",\"name\":\"KORNELIARATAJ\",\"url\":\"https:\\\/\\\/korneliarataj.com\\\/\",\"logo\":{\"@type\":\"ImageObject\",\"inLanguage\":\"en-GB\",\"@id\":\"https:\\\/\\\/korneliarataj.com\\\/#\\\/schema\\\/logo\\\/image\\\/\",\"url\":\"https:\\\/\\\/korneliarataj.com\\\/wp-content\\\/uploads\\\/2020\\\/07\\\/LOGO-KR.svg\",\"contentUrl\":\"https:\\\/\\\/korneliarataj.com\\\/wp-content\\\/uploads\\\/2020\\\/07\\\/LOGO-KR.svg\",\"width\":1024,\"height\":1024,\"caption\":\"KORNELIARATAJ\"},\"image\":{\"@id\":\"https:\\\/\\\/korneliarataj.com\\\/#\\\/schema\\\/logo\\\/image\\\/\"},\"sameAs\":[\"http:\\\/\\\/www.facebook.com\\\/korneliaratajshop\",\"http:\\\/\\\/www.instagram.com\\\/korneliarataj\"]}]}<\/script>\n<!-- \/ Yoast SEO plugin. -->","yoast_head_json":{"title":"The One - Ocean one-piece swimsuit - KORNELIARATAJ","description":"Kornelia Rataj. Minimalist Women's Collection, Basic, Swimwear. HANDMADE IN POLAND WITH LOVE.","robots":{"index":"index","follow":"follow","max-snippet":"max-snippet:-1","max-image-preview":"max-image-preview:large","max-video-preview":"max-video-preview:-1"},"canonical":"https:\/\/korneliarataj.com\/en\/product\/the-one-stroj-kapielowy-jednoczesciowy-ocean\/","og_locale":"en_GB","og_type":"article","og_title":"The One - str\u00f3j k\u0105pielowy jednocz\u0119\u015bciowy Ocean - KORNELIARATAJ","og_description":"Kornelia Rataj. Minimalist Women's Collection, Basic, Swimwear. HANDMADE IN POLAND WITH LOVE.","og_url":"https:\/\/korneliarataj.com\/en\/product\/the-one-stroj-kapielowy-jednoczesciowy-ocean\/","og_site_name":"KORNELIARATAJ","article_publisher":"http:\/\/www.facebook.com\/korneliaratajshop","article_modified_time":"2026-03-22T22:45:15+00:00","og_image":[{"width":1365,"height":2048,"url":"https:\/\/korneliarataj.com\/wp-content\/uploads\/2023\/03\/SWIMWEAR2023-THE-ONE-OCEAN-1-scaled.jpg","type":"image\/jpeg"}],"twitter_card":"summary_large_image","twitter_misc":{"Estimated reading time":"1 minute"},"schema":{"@context":"https:\/\/schema.org","@graph":[{"@type":"WebPage","@id":"https:\/\/korneliarataj.com\/produkt\/the-one-stroj-kapielowy-jednoczesciowy-ocean\/","url":"https:\/\/korneliarataj.com\/produkt\/the-one-stroj-kapielowy-jednoczesciowy-ocean\/","name":"The One - Ocean one-piece swimsuit - KORNELIARATAJ","isPartOf":{"@id":"https:\/\/korneliarataj.com\/#website"},"primaryImageOfPage":{"@id":"https:\/\/korneliarataj.com\/produkt\/the-one-stroj-kapielowy-jednoczesciowy-ocean\/#primaryimage"},"image":{"@id":"https:\/\/korneliarataj.com\/produkt\/the-one-stroj-kapielowy-jednoczesciowy-ocean\/#primaryimage"},"thumbnailUrl":"https:\/\/korneliarataj.com\/wp-content\/uploads\/2023\/03\/SWIMWEAR2023-THE-ONE-OCEAN-1-scaled.jpg","datePublished":"2023-03-31T22:01:11+00:00","dateModified":"2026-03-22T22:45:15+00:00","description":"Kornelia Rataj. Minimalist Women's Collection, Basic, Swimwear. HANDMADE IN POLAND WITH LOVE.","breadcrumb":{"@id":"https:\/\/korneliarataj.com\/produkt\/the-one-stroj-kapielowy-jednoczesciowy-ocean\/#breadcrumb"},"inLanguage":"en-GB","potentialAction":[{"@type":"ReadAction","target":["https:\/\/korneliarataj.com\/produkt\/the-one-stroj-kapielowy-jednoczesciowy-ocean\/"]}]},{"@type":"ImageObject","inLanguage":"en-GB","@id":"https:\/\/korneliarataj.com\/produkt\/the-one-stroj-kapielowy-jednoczesciowy-ocean\/#primaryimage","url":"https:\/\/korneliarataj.com\/wp-content\/uploads\/2023\/03\/SWIMWEAR2023-THE-ONE-OCEAN-1-scaled.jpg","contentUrl":"https:\/\/korneliarataj.com\/wp-content\/uploads\/2023\/03\/SWIMWEAR2023-THE-ONE-OCEAN-1-scaled.jpg","width":1365,"height":2048},{"@type":"BreadcrumbList","@id":"https:\/\/korneliarataj.com\/produkt\/the-one-stroj-kapielowy-jednoczesciowy-ocean\/#breadcrumb","itemListElement":[{"@type":"ListItem","position":1,"name":"HOME","item":"https:\/\/korneliarataj.com\/"},{"@type":"ListItem","position":2,"name":"Products","item":"https:\/\/korneliarataj.com\/en\/shop\/"},{"@type":"ListItem","position":3,"name":"The One &#8211; str\u00f3j k\u0105pielowy jednocz\u0119\u015bciowy Ocean"}]},{"@type":"WebSite","@id":"https:\/\/korneliarataj.com\/#website","url":"https:\/\/korneliarataj.com\/","name":"Swimwear and Linen Clothing Shop Kornelia Rataj","description":"swimwear swimwear linen linen clothing","publisher":{"@id":"https:\/\/korneliarataj.com\/#organization"},"potentialAction":[{"@type":"SearchAction","target":{"@type":"EntryPoint","urlTemplate":"https:\/\/korneliarataj.com\/?s={search_term_string}"},"query-input":{"@type":"PropertyValueSpecification","valueRequired":true,"valueName":"search_term_string"}}],"inLanguage":"en-GB"},{"@type":"Organization","@id":"https:\/\/korneliarataj.com\/#organization","name":"KORNELIARATAJ","url":"https:\/\/korneliarataj.com\/","logo":{"@type":"ImageObject","inLanguage":"en-GB","@id":"https:\/\/korneliarataj.com\/#\/schema\/logo\/image\/","url":"https:\/\/korneliarataj.com\/wp-content\/uploads\/2020\/07\/LOGO-KR.svg","contentUrl":"https:\/\/korneliarataj.com\/wp-content\/uploads\/2020\/07\/LOGO-KR.svg","width":1024,"height":1024,"caption":"KORNELIARATAJ"},"image":{"@id":"https:\/\/korneliarataj.com\/#\/schema\/logo\/image\/"},"sameAs":["http:\/\/www.facebook.com\/korneliaratajshop","http:\/\/www.instagram.com\/korneliarataj"]}]}},"_links":{"self":[{"href":"https:\/\/korneliarataj.com\/en\/wp-json\/wp\/v2\/product\/154866","targetHints":{"allow":["GET"]}}],"collection":[{"href":"https:\/\/korneliarataj.com\/en\/wp-json\/wp\/v2\/product"}],"about":[{"href":"https:\/\/korneliarataj.com\/en\/wp-json\/wp\/v2\/types\/product"}],"wp:featuredmedia":[{"embeddable":true,"href":"https:\/\/korneliarataj.com\/en\/wp-json\/wp\/v2\/media\/154882"}],"wp:attachment":[{"href":"https:\/\/korneliarataj.com\/en\/wp-json\/wp\/v2\/media?parent=154866"}],"wp:term":[{"taxonomy":"product_brand","embeddable":true,"href":"https:\/\/korneliarataj.com\/en\/wp-json\/wp\/v2\/product_brand?post=154866"},{"taxonomy":"product_cat","embeddable":true,"href":"https:\/\/korneliarataj.com\/en\/wp-json\/wp\/v2\/product_cat?post=154866"},{"taxonomy":"product_tag","embeddable":true,"href":"https:\/\/korneliarataj.com\/en\/wp-json\/wp\/v2\/product_tag?post=154866"}],"curies":[{"name":"wp","href":"https:\/\/api.w.org\/{rel}","templated":true}]}}