{"id":110545,"date":"2022-01-08T11:10:47","date_gmt":"2022-01-08T10:10:47","guid":{"rendered":"https:\/\/korneliarataj.com\/?post_type=product&#038;p=110545"},"modified":"2026-02-08T09:14:51","modified_gmt":"2026-02-08T08:14:51","slug":"headband-opaska-do-wlosow-dla-dziewczynki-joy","status":"publish","type":"product","link":"https:\/\/korneliarataj.com\/en\/product\/headband-opaska-do-wlosow-dla-dziewczynki-joy\/","title":{"rendered":"Headband - hair band for girls Joy"},"content":{"rendered":"","protected":false},"excerpt":{"rendered":"<p>[display_stock_alert_form]<\/p>\n<p style=\"text-align: left;\"><strong>WARIANTY<\/strong><\/p>\n<p style=\"text-align: left;\"><img decoding=\"async\" src=\"https:\/\/korneliarataj.com\/wp-content\/uploads\/2022\/01\/MINI2022-HEADBAND-HOPE-1-200x300.jpg\" width=\"100px\" \/>\u00a0<img decoding=\"async\" src=\"https:\/\/korneliarataj.com\/wp-content\/uploads\/2022\/01\/MINI2022-HEADBAND-WOOD-1-200x300.jpg\" width=\"100px\" \/><a href=\"https:\/\/korneliarataj.com\/produkt\/mini2022-headband-natural\/\" target=\"_blank\" rel=\"noopener noreferrer\"><img decoding=\"async\" src=\"https:\/\/korneliarataj.com\/wp-content\/uploads\/2022\/01\/MINI2022-HEADBAND-NATURAL-1-200x300.jpg\" width=\"100px\" \/><\/a>\u00a0<a href=\"https:\/\/korneliarataj.com\/produkt\/mini2022-headband-coconut\/\" target=\"_blank\" rel=\"noopener noreferrer\"><img decoding=\"async\" src=\"https:\/\/korneliarataj.com\/wp-content\/uploads\/2022\/01\/MINI2022-HEADBAND-COCONUT-1-200x300.jpg\" width=\"100px\" \/><\/a>\u00a0<img decoding=\"async\" src=\"https:\/\/korneliarataj.com\/wp-content\/uploads\/2022\/01\/MINI2022-HEADBAND-BLACK-1-200x300.jpg\" width=\"100px\" \/><\/p>\n<p style=\"text-align: left;\"><strong>Headband &#8211; opaska do w\u0142os\u00f3w dla dziewczynki<\/strong><\/p>\n<p style=\"text-align: left;\">MODNY DODATEK DO KOSTIUM\u00d3W K\u0104PIELOWYCH Z KOLEKCJI<\/p>\n<p style=\"text-align: left;\">NADAJE CA\u0141O\u015aCI WYJ\u0104TKOWY CHARAKTER<\/p>\n<p style=\"text-align: left;\">MO\u017bLIWO\u015a\u0106 PRZEWI\u0104ZANIA NA G\u0141OWIE W DOWOLNY SPOS\u00d3B<\/p>\n<p style=\"text-align: left;\">CHRONI OD WIATRU I S\u0141O\u0143CA<\/p>\n<p style=\"text-align: left;\">WI\u0104ZANIE PRODUKTU ZAPEWNIA ODPOWIEDNIE DOPASOWANIE<\/p>\n<p style=\"text-align: left;\">SZYTY DWUWARSTWOWO Z WYSOKOGATUNKOWEJ W\u0141OSKIEJ, ELASTYCZNEJ LYCRY Z RECYKLINGU<\/p>\n<p style=\"text-align: left;\">W CA\u0141O\u015aCI WYPRODUKOWANY W POLSCE<\/p>\n<p style=\"text-align: left;\">CHARAKTERYZUJE SI\u0118 WYSOK\u0104 JAKO\u015aCI\u0104 WYKONANIA<\/p>\n<p>&nbsp;<\/p>\n<p style=\"text-align: left;\"><strong>SK\u0141AD I WSKAZ\u00d3WKI PIEL\u0118GNACYJNE:<\/strong><\/p>\n<p style=\"text-align: left;\">78% POLIAMID Z RECYKLINGU<\/p>\n<p style=\"text-align: left;\">22% ELASTAN<\/p>\n<p style=\"text-align: left;\">PRANIE DELIKATNE W 30\u00b0 C<\/p>\n<p style=\"text-align: left;\">PRANIE R\u0118CZNE<\/p>\n<p>&nbsp;<\/p>\n","protected":false},"featured_media":110533,"template":"","meta":[],"product_brand":[],"product_cat":[433,609],"product_tag":[417],"class_list":{"0":"post-110545","1":"product","2":"type-product","3":"status-publish","4":"has-post-thumbnail","6":"product_cat-sale-mini","7":"product_cat-sale-mini-swimwear","8":"product_tag-joy","9":"flv-has-gallery","11":"first","12":"instock","13":"sale","14":"taxable","15":"shipping-taxable","16":"purchasable","17":"product-type-simple"},"yoast_head":"<!-- This site is optimized with the Yoast SEO plugin v27.3 - https:\/\/yoast.com\/product\/yoast-seo-wordpress\/ -->\n<title>Headband - opaska do w\u0142os\u00f3w dla dziewczynki Joy - KORNELIARATAJ<\/title>\n<meta name=\"description\" content=\"Kornelia Rataj. Minimalist Women&#039;s Collection, Basic, Swimwear. HANDMADE IN POLAND WITH LOVE.\" \/>\n<meta name=\"robots\" content=\"index, follow, max-snippet:-1, max-image-preview:large, max-video-preview:-1\" \/>\n<link rel=\"canonical\" href=\"https:\/\/korneliarataj.com\/en\/product\/headband-opaska-do-wlosow-dla-dziewczynki-joy\/\" \/>\n<meta property=\"og:locale\" content=\"en_GB\" \/>\n<meta property=\"og:type\" content=\"article\" \/>\n<meta property=\"og:title\" content=\"Headband - opaska do w\u0142os\u00f3w dla dziewczynki Joy - KORNELIARATAJ\" \/>\n<meta property=\"og:description\" content=\"Kornelia Rataj. Minimalist Women&#039;s Collection, Basic, Swimwear. HANDMADE IN POLAND WITH LOVE.\" \/>\n<meta property=\"og:url\" content=\"https:\/\/korneliarataj.com\/en\/product\/headband-opaska-do-wlosow-dla-dziewczynki-joy\/\" \/>\n<meta property=\"og:site_name\" content=\"KORNELIARATAJ\" \/>\n<meta property=\"article:publisher\" content=\"http:\/\/www.facebook.com\/korneliaratajshop\" \/>\n<meta property=\"article:modified_time\" content=\"2026-02-08T08:14:51+00:00\" \/>\n<meta property=\"og:image\" content=\"https:\/\/korneliarataj.com\/wp-content\/uploads\/2022\/01\/MINI2022-HEADBAND-JOY-1-scaled.jpg\" \/>\n\t<meta property=\"og:image:width\" content=\"1365\" \/>\n\t<meta property=\"og:image:height\" content=\"2048\" \/>\n\t<meta property=\"og:image:type\" content=\"image\/jpeg\" \/>\n<meta name=\"twitter:card\" content=\"summary_large_image\" \/>\n<meta name=\"twitter:label1\" content=\"Estimated reading time\" \/>\n\t<meta name=\"twitter:data1\" content=\"1 minute\" \/>\n<script type=\"application\/ld+json\" class=\"yoast-schema-graph\">{\"@context\":\"https:\\\/\\\/schema.org\",\"@graph\":[{\"@type\":\"WebPage\",\"@id\":\"https:\\\/\\\/korneliarataj.com\\\/produkt\\\/headband-opaska-do-wlosow-dla-dziewczynki-joy\\\/\",\"url\":\"https:\\\/\\\/korneliarataj.com\\\/produkt\\\/headband-opaska-do-wlosow-dla-dziewczynki-joy\\\/\",\"name\":\"Headband - opaska do w\u0142os\u00f3w dla dziewczynki Joy - KORNELIARATAJ\",\"isPartOf\":{\"@id\":\"https:\\\/\\\/korneliarataj.com\\\/#website\"},\"primaryImageOfPage\":{\"@id\":\"https:\\\/\\\/korneliarataj.com\\\/produkt\\\/headband-opaska-do-wlosow-dla-dziewczynki-joy\\\/#primaryimage\"},\"image\":{\"@id\":\"https:\\\/\\\/korneliarataj.com\\\/produkt\\\/headband-opaska-do-wlosow-dla-dziewczynki-joy\\\/#primaryimage\"},\"thumbnailUrl\":\"https:\\\/\\\/korneliarataj.com\\\/wp-content\\\/uploads\\\/2022\\\/01\\\/MINI2022-HEADBAND-JOY-1-scaled.jpg\",\"datePublished\":\"2022-01-08T10:10:47+00:00\",\"dateModified\":\"2026-02-08T08:14:51+00:00\",\"description\":\"Kornelia Rataj. Minimalist Women's Collection, Basic, Swimwear. HANDMADE IN POLAND WITH LOVE.\",\"breadcrumb\":{\"@id\":\"https:\\\/\\\/korneliarataj.com\\\/produkt\\\/headband-opaska-do-wlosow-dla-dziewczynki-joy\\\/#breadcrumb\"},\"inLanguage\":\"en-GB\",\"potentialAction\":[{\"@type\":\"ReadAction\",\"target\":[\"https:\\\/\\\/korneliarataj.com\\\/produkt\\\/headband-opaska-do-wlosow-dla-dziewczynki-joy\\\/\"]}]},{\"@type\":\"ImageObject\",\"inLanguage\":\"en-GB\",\"@id\":\"https:\\\/\\\/korneliarataj.com\\\/produkt\\\/headband-opaska-do-wlosow-dla-dziewczynki-joy\\\/#primaryimage\",\"url\":\"https:\\\/\\\/korneliarataj.com\\\/wp-content\\\/uploads\\\/2022\\\/01\\\/MINI2022-HEADBAND-JOY-1-scaled.jpg\",\"contentUrl\":\"https:\\\/\\\/korneliarataj.com\\\/wp-content\\\/uploads\\\/2022\\\/01\\\/MINI2022-HEADBAND-JOY-1-scaled.jpg\",\"width\":1365,\"height\":2048},{\"@type\":\"BreadcrumbList\",\"@id\":\"https:\\\/\\\/korneliarataj.com\\\/produkt\\\/headband-opaska-do-wlosow-dla-dziewczynki-joy\\\/#breadcrumb\",\"itemListElement\":[{\"@type\":\"ListItem\",\"position\":1,\"name\":\"HOME\",\"item\":\"https:\\\/\\\/korneliarataj.com\\\/\"},{\"@type\":\"ListItem\",\"position\":2,\"name\":\"Products\",\"item\":\"https:\\\/\\\/korneliarataj.com\\\/en\\\/shop\\\/\"},{\"@type\":\"ListItem\",\"position\":3,\"name\":\"Headband &#8211; opaska do w\u0142os\u00f3w dla dziewczynki Joy\"}]},{\"@type\":\"WebSite\",\"@id\":\"https:\\\/\\\/korneliarataj.com\\\/#website\",\"url\":\"https:\\\/\\\/korneliarataj.com\\\/\",\"name\":\"Stroje K\u0105pielowe i Odzie\u017c Lniana Sklep Kornelia Rataj\",\"description\":\"swimwear stroje k\u0105pielowe ubrania len lniane\",\"publisher\":{\"@id\":\"https:\\\/\\\/korneliarataj.com\\\/#organization\"},\"potentialAction\":[{\"@type\":\"SearchAction\",\"target\":{\"@type\":\"EntryPoint\",\"urlTemplate\":\"https:\\\/\\\/korneliarataj.com\\\/?s={search_term_string}\"},\"query-input\":{\"@type\":\"PropertyValueSpecification\",\"valueRequired\":true,\"valueName\":\"search_term_string\"}}],\"inLanguage\":\"en-GB\"},{\"@type\":\"Organization\",\"@id\":\"https:\\\/\\\/korneliarataj.com\\\/#organization\",\"name\":\"KORNELIARATAJ\",\"url\":\"https:\\\/\\\/korneliarataj.com\\\/\",\"logo\":{\"@type\":\"ImageObject\",\"inLanguage\":\"en-GB\",\"@id\":\"https:\\\/\\\/korneliarataj.com\\\/#\\\/schema\\\/logo\\\/image\\\/\",\"url\":\"https:\\\/\\\/korneliarataj.com\\\/wp-content\\\/uploads\\\/2020\\\/07\\\/LOGO-KR.svg\",\"contentUrl\":\"https:\\\/\\\/korneliarataj.com\\\/wp-content\\\/uploads\\\/2020\\\/07\\\/LOGO-KR.svg\",\"width\":1024,\"height\":1024,\"caption\":\"KORNELIARATAJ\"},\"image\":{\"@id\":\"https:\\\/\\\/korneliarataj.com\\\/#\\\/schema\\\/logo\\\/image\\\/\"},\"sameAs\":[\"http:\\\/\\\/www.facebook.com\\\/korneliaratajshop\",\"http:\\\/\\\/www.instagram.com\\\/korneliarataj\"]}]}<\/script>\n<!-- \/ Yoast SEO plugin. -->","yoast_head_json":{"title":"Headband - hair band for girls Joy - KORNELIARATAJ","description":"Kornelia Rataj. Minimalist Women's Collection, Basic, Swimwear. HANDMADE IN POLAND WITH LOVE.","robots":{"index":"index","follow":"follow","max-snippet":"max-snippet:-1","max-image-preview":"max-image-preview:large","max-video-preview":"max-video-preview:-1"},"canonical":"https:\/\/korneliarataj.com\/en\/product\/headband-opaska-do-wlosow-dla-dziewczynki-joy\/","og_locale":"en_GB","og_type":"article","og_title":"Headband - opaska do w\u0142os\u00f3w dla dziewczynki Joy - KORNELIARATAJ","og_description":"Kornelia Rataj. Minimalist Women's Collection, Basic, Swimwear. HANDMADE IN POLAND WITH LOVE.","og_url":"https:\/\/korneliarataj.com\/en\/product\/headband-opaska-do-wlosow-dla-dziewczynki-joy\/","og_site_name":"KORNELIARATAJ","article_publisher":"http:\/\/www.facebook.com\/korneliaratajshop","article_modified_time":"2026-02-08T08:14:51+00:00","og_image":[{"width":1365,"height":2048,"url":"https:\/\/korneliarataj.com\/wp-content\/uploads\/2022\/01\/MINI2022-HEADBAND-JOY-1-scaled.jpg","type":"image\/jpeg"}],"twitter_card":"summary_large_image","twitter_misc":{"Estimated reading time":"1 minute"},"schema":{"@context":"https:\/\/schema.org","@graph":[{"@type":"WebPage","@id":"https:\/\/korneliarataj.com\/produkt\/headband-opaska-do-wlosow-dla-dziewczynki-joy\/","url":"https:\/\/korneliarataj.com\/produkt\/headband-opaska-do-wlosow-dla-dziewczynki-joy\/","name":"Headband - hair band for girls Joy - KORNELIARATAJ","isPartOf":{"@id":"https:\/\/korneliarataj.com\/#website"},"primaryImageOfPage":{"@id":"https:\/\/korneliarataj.com\/produkt\/headband-opaska-do-wlosow-dla-dziewczynki-joy\/#primaryimage"},"image":{"@id":"https:\/\/korneliarataj.com\/produkt\/headband-opaska-do-wlosow-dla-dziewczynki-joy\/#primaryimage"},"thumbnailUrl":"https:\/\/korneliarataj.com\/wp-content\/uploads\/2022\/01\/MINI2022-HEADBAND-JOY-1-scaled.jpg","datePublished":"2022-01-08T10:10:47+00:00","dateModified":"2026-02-08T08:14:51+00:00","description":"Kornelia Rataj. Minimalist Women's Collection, Basic, Swimwear. HANDMADE IN POLAND WITH LOVE.","breadcrumb":{"@id":"https:\/\/korneliarataj.com\/produkt\/headband-opaska-do-wlosow-dla-dziewczynki-joy\/#breadcrumb"},"inLanguage":"en-GB","potentialAction":[{"@type":"ReadAction","target":["https:\/\/korneliarataj.com\/produkt\/headband-opaska-do-wlosow-dla-dziewczynki-joy\/"]}]},{"@type":"ImageObject","inLanguage":"en-GB","@id":"https:\/\/korneliarataj.com\/produkt\/headband-opaska-do-wlosow-dla-dziewczynki-joy\/#primaryimage","url":"https:\/\/korneliarataj.com\/wp-content\/uploads\/2022\/01\/MINI2022-HEADBAND-JOY-1-scaled.jpg","contentUrl":"https:\/\/korneliarataj.com\/wp-content\/uploads\/2022\/01\/MINI2022-HEADBAND-JOY-1-scaled.jpg","width":1365,"height":2048},{"@type":"BreadcrumbList","@id":"https:\/\/korneliarataj.com\/produkt\/headband-opaska-do-wlosow-dla-dziewczynki-joy\/#breadcrumb","itemListElement":[{"@type":"ListItem","position":1,"name":"HOME","item":"https:\/\/korneliarataj.com\/"},{"@type":"ListItem","position":2,"name":"Products","item":"https:\/\/korneliarataj.com\/en\/shop\/"},{"@type":"ListItem","position":3,"name":"Headband &#8211; opaska do w\u0142os\u00f3w dla dziewczynki Joy"}]},{"@type":"WebSite","@id":"https:\/\/korneliarataj.com\/#website","url":"https:\/\/korneliarataj.com\/","name":"Swimwear and Linen Clothing Shop Kornelia Rataj","description":"swimwear swimwear linen linen clothing","publisher":{"@id":"https:\/\/korneliarataj.com\/#organization"},"potentialAction":[{"@type":"SearchAction","target":{"@type":"EntryPoint","urlTemplate":"https:\/\/korneliarataj.com\/?s={search_term_string}"},"query-input":{"@type":"PropertyValueSpecification","valueRequired":true,"valueName":"search_term_string"}}],"inLanguage":"en-GB"},{"@type":"Organization","@id":"https:\/\/korneliarataj.com\/#organization","name":"KORNELIARATAJ","url":"https:\/\/korneliarataj.com\/","logo":{"@type":"ImageObject","inLanguage":"en-GB","@id":"https:\/\/korneliarataj.com\/#\/schema\/logo\/image\/","url":"https:\/\/korneliarataj.com\/wp-content\/uploads\/2020\/07\/LOGO-KR.svg","contentUrl":"https:\/\/korneliarataj.com\/wp-content\/uploads\/2020\/07\/LOGO-KR.svg","width":1024,"height":1024,"caption":"KORNELIARATAJ"},"image":{"@id":"https:\/\/korneliarataj.com\/#\/schema\/logo\/image\/"},"sameAs":["http:\/\/www.facebook.com\/korneliaratajshop","http:\/\/www.instagram.com\/korneliarataj"]}]}},"_links":{"self":[{"href":"https:\/\/korneliarataj.com\/en\/wp-json\/wp\/v2\/product\/110545","targetHints":{"allow":["GET"]}}],"collection":[{"href":"https:\/\/korneliarataj.com\/en\/wp-json\/wp\/v2\/product"}],"about":[{"href":"https:\/\/korneliarataj.com\/en\/wp-json\/wp\/v2\/types\/product"}],"wp:featuredmedia":[{"embeddable":true,"href":"https:\/\/korneliarataj.com\/en\/wp-json\/wp\/v2\/media\/110533"}],"wp:attachment":[{"href":"https:\/\/korneliarataj.com\/en\/wp-json\/wp\/v2\/media?parent=110545"}],"wp:term":[{"taxonomy":"product_brand","embeddable":true,"href":"https:\/\/korneliarataj.com\/en\/wp-json\/wp\/v2\/product_brand?post=110545"},{"taxonomy":"product_cat","embeddable":true,"href":"https:\/\/korneliarataj.com\/en\/wp-json\/wp\/v2\/product_cat?post=110545"},{"taxonomy":"product_tag","embeddable":true,"href":"https:\/\/korneliarataj.com\/en\/wp-json\/wp\/v2\/product_tag?post=110545"}],"curies":[{"name":"wp","href":"https:\/\/api.w.org\/{rel}","templated":true}]}}