{"id":110259,"date":"2022-01-05T23:05:51","date_gmt":"2022-01-05T22:05:51","guid":{"rendered":"https:\/\/korneliarataj.com\/?post_type=product&#038;p=110259"},"modified":"2026-02-07T21:22:47","modified_gmt":"2026-02-07T20:22:47","slug":"the-classy-one-stroj-kapielowy-jednoczesciowy-wood","status":"publish","type":"product","link":"https:\/\/korneliarataj.com\/en\/product\/the-classy-one-stroj-kapielowy-jednoczesciowy-wood\/","title":{"rendered":"The Classy One - Wood one-piece swimsuit"},"content":{"rendered":"","protected":false},"excerpt":{"rendered":"<p style=\"text-align: left;\"><strong>OPTIONS<\/strong><\/p>\n<p style=\"text-align: left;\"><a href=\"https:\/\/korneliarataj.com\/en\/product\/the-classy-one-stroj-kapielowy-jednoczesciowy-ocean\/\" target=\"_blank\" rel=\"noopener noreferrer\"><img decoding=\"async\" src=\"https:\/\/korneliarataj.com\/wp-content\/uploads\/2023\/03\/SWIMWEAR2023-THE-CLASSY-ONE-OCEAN-1-200x300.jpg\" width=\"100px\" \/><\/a><a href=\"https:\/\/korneliarataj.com\/en\/product\/the-classy-one-stroj-kapielowy-jednoczesciowy-wet-sand\/\" target=\"_blank\" rel=\"noopener noreferrer\"><img decoding=\"async\" src=\"https:\/\/korneliarataj.com\/wp-content\/uploads\/2023\/03\/SWIMWEAR2023-THE-CLASSY-ONE-WET-SAND-1-200x300.jpg\" width=\"100px\" \/><\/a><a href=\"https:\/\/korneliarataj.com\/en\/product\/the-classy-one-stroj-kapielowy-jednoczesciowy-natural\/\" target=\"_blank\" rel=\"noopener noreferrer\"><img decoding=\"async\" width=\"100px\" src=\"https:\/\/korneliarataj.com\/wp-content\/uploads\/2022\/01\/SWIMWEAR2022-THE-CLASSY-ONE-NATURAL-1-200x300.jpg\"\/><\/a><a href=\"https:\/\/korneliarataj.com\/en\/product\/the-classy-one-stroj-kapielowy-jednoczesciowy-coconut\/\" target=\"_blank\" rel=\"noopener noreferrer\"><img decoding=\"async\" width=\"100px\" src=\"https:\/\/korneliarataj.com\/wp-content\/uploads\/2022\/01\/SWIMWEAR2022-THE-CLASSY-ONE-COCONUT-1-200x300.jpg\"\/><\/a><a href=\"https:\/\/korneliarataj.com\/en\/product\/the-classy-one-stroj-kapielowy-jednoczesciowy-black\/\" target=\"_blank\" rel=\"noopener noreferrer\"><img decoding=\"async\" width=\"100px\" src=\"https:\/\/korneliarataj.com\/wp-content\/uploads\/2022\/01\/SWIMWEAR2022-THE-CLASSY-ONE-BLACK-1-200x300.jpg\"\/><\/a><\/p>\n<p style=\"text-align: left;\"><strong>The Classy One - one-piece swimsuit<\/strong><\/p>\n<p style=\"text-align: left;\">CLASSIC UNDERWIRED SWIMSUIT, PROPERLY CUT, ELONGATES THE LEGS, MAKES THE SILHOUETTE LOOK MORE FEMININE, SLIMS DOWN<\/p>\n<p style=\"text-align: left;\">ADJUSTABLE SHOULDER STRAPS FOR A PERFECT FIT<\/p>\n<p style=\"text-align: left;\">THE PRODUCT IS RECOMMENDED FOR WOMEN WITH BOTH LARGE AND SMALL BREASTS<\/p>\n<p style=\"text-align: left;\">GATHERS, SHAPES AND ACCENTUATES THE BUST.<\/p>\n<p style=\"text-align: left;\">DUE TO THE SEWN-IN UNDERWIRES, <u>HAND WASH PRODUCT<\/u><\/p>\n<p style=\"text-align: left;\">SWIMWEAR SEWN IN TWO LAYERS OF HIGH-QUALITY RECYCLED ITALIAN LYCRA<\/p>\n<p style=\"text-align: left;\">ENTIRELY MADE IN POLAND<\/p>\n<p style=\"text-align: left;\">HAVE A HIGH QUALITY OF WORKMANSHIP<\/p>\n<p>&nbsp;<\/p>\n<p style=\"text-align: left;\"><u><strong>COMPOSITION AND CARE INSTRUCTIONS:<\/strong><\/u><\/p>\n<p style=\"text-align: left;\">78% RECYCLED POLYAMIDE<\/p>\n<p style=\"text-align: left;\">22% ELASTANE<\/p>\n<p style=\"text-align: left; color: red;\">HAND WASH ONLY<\/p>\n<p style=\"text-align: left; color: red;\">NOT MACHINE WASHABLE OR TUMBLE-DRYABLE DUE TO SEWN-IN WHALEBONES<\/p>\n<p style=\"text-align: left; color: red;\">MECHANICAL WASHING MAY DAMAGE THE PRODUCT OR THE APPLIANCE<\/p>\n<p style=\"text-align: left; color: red;\">WASH BY HAND, USE LUKEWARM WATER AND MILD DETERGENTS<\/p>\n<p>&nbsp;<\/p>","protected":false},"featured_media":110235,"template":"","meta":[],"product_brand":[],"product_cat":[198],"product_tag":[420],"class_list":{"0":"post-110259","1":"product","2":"type-product","3":"status-publish","4":"has-post-thumbnail","6":"product_cat-archiwum","7":"product_tag-wood","8":"flv-has-gallery","10":"first","11":"outofstock","12":"taxable","13":"shipping-taxable","14":"product-type-variable"},"yoast_head":"<!-- This site is optimized with the Yoast SEO plugin v27.3 - https:\/\/yoast.com\/product\/yoast-seo-wordpress\/ -->\n<title>The Classy One - str\u00f3j k\u0105pielowy jednocz\u0119\u015bciowy Wood - KORNELIARATAJ<\/title>\n<meta name=\"description\" content=\"Kornelia Rataj. Minimalist Women&#039;s Collection, Basic, Swimwear. HANDMADE IN POLAND WITH LOVE.\" \/>\n<meta name=\"robots\" content=\"index, follow, max-snippet:-1, max-image-preview:large, max-video-preview:-1\" \/>\n<link rel=\"canonical\" href=\"https:\/\/korneliarataj.com\/en\/product\/the-classy-one-stroj-kapielowy-jednoczesciowy-wood\/\" \/>\n<meta property=\"og:locale\" content=\"en_GB\" \/>\n<meta property=\"og:type\" content=\"article\" \/>\n<meta property=\"og:title\" content=\"The Classy One - str\u00f3j k\u0105pielowy jednocz\u0119\u015bciowy Wood - KORNELIARATAJ\" \/>\n<meta property=\"og:description\" content=\"Kornelia Rataj. Minimalist Women&#039;s Collection, Basic, Swimwear. HANDMADE IN POLAND WITH LOVE.\" \/>\n<meta property=\"og:url\" content=\"https:\/\/korneliarataj.com\/en\/product\/the-classy-one-stroj-kapielowy-jednoczesciowy-wood\/\" \/>\n<meta property=\"og:site_name\" content=\"KORNELIARATAJ\" \/>\n<meta property=\"article:publisher\" content=\"http:\/\/www.facebook.com\/korneliaratajshop\" \/>\n<meta property=\"article:modified_time\" content=\"2026-02-07T20:22:47+00:00\" \/>\n<meta property=\"og:image\" content=\"https:\/\/korneliarataj.com\/wp-content\/uploads\/2022\/01\/SWIMWEAR2022-THE-CLASSY-ONE-WOOD-1-scaled.jpg\" \/>\n\t<meta property=\"og:image:width\" content=\"1365\" \/>\n\t<meta property=\"og:image:height\" content=\"2048\" \/>\n\t<meta property=\"og:image:type\" content=\"image\/jpeg\" \/>\n<meta name=\"twitter:card\" content=\"summary_large_image\" \/>\n<meta name=\"twitter:label1\" content=\"Estimated reading time\" \/>\n\t<meta name=\"twitter:data1\" content=\"1 minute\" \/>\n<script type=\"application\/ld+json\" class=\"yoast-schema-graph\">{\"@context\":\"https:\\\/\\\/schema.org\",\"@graph\":[{\"@type\":\"WebPage\",\"@id\":\"https:\\\/\\\/korneliarataj.com\\\/produkt\\\/the-classy-one-stroj-kapielowy-jednoczesciowy-wood\\\/\",\"url\":\"https:\\\/\\\/korneliarataj.com\\\/produkt\\\/the-classy-one-stroj-kapielowy-jednoczesciowy-wood\\\/\",\"name\":\"The Classy One - str\u00f3j k\u0105pielowy jednocz\u0119\u015bciowy Wood - KORNELIARATAJ\",\"isPartOf\":{\"@id\":\"https:\\\/\\\/korneliarataj.com\\\/#website\"},\"primaryImageOfPage\":{\"@id\":\"https:\\\/\\\/korneliarataj.com\\\/produkt\\\/the-classy-one-stroj-kapielowy-jednoczesciowy-wood\\\/#primaryimage\"},\"image\":{\"@id\":\"https:\\\/\\\/korneliarataj.com\\\/produkt\\\/the-classy-one-stroj-kapielowy-jednoczesciowy-wood\\\/#primaryimage\"},\"thumbnailUrl\":\"https:\\\/\\\/korneliarataj.com\\\/wp-content\\\/uploads\\\/2022\\\/01\\\/SWIMWEAR2022-THE-CLASSY-ONE-WOOD-1-scaled.jpg\",\"datePublished\":\"2022-01-05T22:05:51+00:00\",\"dateModified\":\"2026-02-07T20:22:47+00:00\",\"description\":\"Kornelia Rataj. Minimalist Women's Collection, Basic, Swimwear. HANDMADE IN POLAND WITH LOVE.\",\"breadcrumb\":{\"@id\":\"https:\\\/\\\/korneliarataj.com\\\/produkt\\\/the-classy-one-stroj-kapielowy-jednoczesciowy-wood\\\/#breadcrumb\"},\"inLanguage\":\"en-GB\",\"potentialAction\":[{\"@type\":\"ReadAction\",\"target\":[\"https:\\\/\\\/korneliarataj.com\\\/produkt\\\/the-classy-one-stroj-kapielowy-jednoczesciowy-wood\\\/\"]}]},{\"@type\":\"ImageObject\",\"inLanguage\":\"en-GB\",\"@id\":\"https:\\\/\\\/korneliarataj.com\\\/produkt\\\/the-classy-one-stroj-kapielowy-jednoczesciowy-wood\\\/#primaryimage\",\"url\":\"https:\\\/\\\/korneliarataj.com\\\/wp-content\\\/uploads\\\/2022\\\/01\\\/SWIMWEAR2022-THE-CLASSY-ONE-WOOD-1-scaled.jpg\",\"contentUrl\":\"https:\\\/\\\/korneliarataj.com\\\/wp-content\\\/uploads\\\/2022\\\/01\\\/SWIMWEAR2022-THE-CLASSY-ONE-WOOD-1-scaled.jpg\",\"width\":1365,\"height\":2048},{\"@type\":\"BreadcrumbList\",\"@id\":\"https:\\\/\\\/korneliarataj.com\\\/produkt\\\/the-classy-one-stroj-kapielowy-jednoczesciowy-wood\\\/#breadcrumb\",\"itemListElement\":[{\"@type\":\"ListItem\",\"position\":1,\"name\":\"HOME\",\"item\":\"https:\\\/\\\/korneliarataj.com\\\/\"},{\"@type\":\"ListItem\",\"position\":2,\"name\":\"Products\",\"item\":\"https:\\\/\\\/korneliarataj.com\\\/en\\\/shop\\\/\"},{\"@type\":\"ListItem\",\"position\":3,\"name\":\"The Classy One &#8211; str\u00f3j k\u0105pielowy jednocz\u0119\u015bciowy Wood\"}]},{\"@type\":\"WebSite\",\"@id\":\"https:\\\/\\\/korneliarataj.com\\\/#website\",\"url\":\"https:\\\/\\\/korneliarataj.com\\\/\",\"name\":\"Stroje K\u0105pielowe i Odzie\u017c Lniana Sklep Kornelia Rataj\",\"description\":\"swimwear stroje k\u0105pielowe ubrania len lniane\",\"publisher\":{\"@id\":\"https:\\\/\\\/korneliarataj.com\\\/#organization\"},\"potentialAction\":[{\"@type\":\"SearchAction\",\"target\":{\"@type\":\"EntryPoint\",\"urlTemplate\":\"https:\\\/\\\/korneliarataj.com\\\/?s={search_term_string}\"},\"query-input\":{\"@type\":\"PropertyValueSpecification\",\"valueRequired\":true,\"valueName\":\"search_term_string\"}}],\"inLanguage\":\"en-GB\"},{\"@type\":\"Organization\",\"@id\":\"https:\\\/\\\/korneliarataj.com\\\/#organization\",\"name\":\"KORNELIARATAJ\",\"url\":\"https:\\\/\\\/korneliarataj.com\\\/\",\"logo\":{\"@type\":\"ImageObject\",\"inLanguage\":\"en-GB\",\"@id\":\"https:\\\/\\\/korneliarataj.com\\\/#\\\/schema\\\/logo\\\/image\\\/\",\"url\":\"https:\\\/\\\/korneliarataj.com\\\/wp-content\\\/uploads\\\/2020\\\/07\\\/LOGO-KR.svg\",\"contentUrl\":\"https:\\\/\\\/korneliarataj.com\\\/wp-content\\\/uploads\\\/2020\\\/07\\\/LOGO-KR.svg\",\"width\":1024,\"height\":1024,\"caption\":\"KORNELIARATAJ\"},\"image\":{\"@id\":\"https:\\\/\\\/korneliarataj.com\\\/#\\\/schema\\\/logo\\\/image\\\/\"},\"sameAs\":[\"http:\\\/\\\/www.facebook.com\\\/korneliaratajshop\",\"http:\\\/\\\/www.instagram.com\\\/korneliarataj\"]}]}<\/script>\n<!-- \/ Yoast SEO plugin. -->","yoast_head_json":{"title":"The Classy One - Wood one-piece swimsuit - KORNELIARATAJ","description":"Kornelia Rataj. Minimalist Women's Collection, Basic, Swimwear. HANDMADE IN POLAND WITH LOVE.","robots":{"index":"index","follow":"follow","max-snippet":"max-snippet:-1","max-image-preview":"max-image-preview:large","max-video-preview":"max-video-preview:-1"},"canonical":"https:\/\/korneliarataj.com\/en\/product\/the-classy-one-stroj-kapielowy-jednoczesciowy-wood\/","og_locale":"en_GB","og_type":"article","og_title":"The Classy One - str\u00f3j k\u0105pielowy jednocz\u0119\u015bciowy Wood - KORNELIARATAJ","og_description":"Kornelia Rataj. Minimalist Women's Collection, Basic, Swimwear. HANDMADE IN POLAND WITH LOVE.","og_url":"https:\/\/korneliarataj.com\/en\/product\/the-classy-one-stroj-kapielowy-jednoczesciowy-wood\/","og_site_name":"KORNELIARATAJ","article_publisher":"http:\/\/www.facebook.com\/korneliaratajshop","article_modified_time":"2026-02-07T20:22:47+00:00","og_image":[{"width":1365,"height":2048,"url":"https:\/\/korneliarataj.com\/wp-content\/uploads\/2022\/01\/SWIMWEAR2022-THE-CLASSY-ONE-WOOD-1-scaled.jpg","type":"image\/jpeg"}],"twitter_card":"summary_large_image","twitter_misc":{"Estimated reading time":"1 minute"},"schema":{"@context":"https:\/\/schema.org","@graph":[{"@type":"WebPage","@id":"https:\/\/korneliarataj.com\/produkt\/the-classy-one-stroj-kapielowy-jednoczesciowy-wood\/","url":"https:\/\/korneliarataj.com\/produkt\/the-classy-one-stroj-kapielowy-jednoczesciowy-wood\/","name":"The Classy One - Wood one-piece swimsuit - KORNELIARATAJ","isPartOf":{"@id":"https:\/\/korneliarataj.com\/#website"},"primaryImageOfPage":{"@id":"https:\/\/korneliarataj.com\/produkt\/the-classy-one-stroj-kapielowy-jednoczesciowy-wood\/#primaryimage"},"image":{"@id":"https:\/\/korneliarataj.com\/produkt\/the-classy-one-stroj-kapielowy-jednoczesciowy-wood\/#primaryimage"},"thumbnailUrl":"https:\/\/korneliarataj.com\/wp-content\/uploads\/2022\/01\/SWIMWEAR2022-THE-CLASSY-ONE-WOOD-1-scaled.jpg","datePublished":"2022-01-05T22:05:51+00:00","dateModified":"2026-02-07T20:22:47+00:00","description":"Kornelia Rataj. Minimalist Women's Collection, Basic, Swimwear. HANDMADE IN POLAND WITH LOVE.","breadcrumb":{"@id":"https:\/\/korneliarataj.com\/produkt\/the-classy-one-stroj-kapielowy-jednoczesciowy-wood\/#breadcrumb"},"inLanguage":"en-GB","potentialAction":[{"@type":"ReadAction","target":["https:\/\/korneliarataj.com\/produkt\/the-classy-one-stroj-kapielowy-jednoczesciowy-wood\/"]}]},{"@type":"ImageObject","inLanguage":"en-GB","@id":"https:\/\/korneliarataj.com\/produkt\/the-classy-one-stroj-kapielowy-jednoczesciowy-wood\/#primaryimage","url":"https:\/\/korneliarataj.com\/wp-content\/uploads\/2022\/01\/SWIMWEAR2022-THE-CLASSY-ONE-WOOD-1-scaled.jpg","contentUrl":"https:\/\/korneliarataj.com\/wp-content\/uploads\/2022\/01\/SWIMWEAR2022-THE-CLASSY-ONE-WOOD-1-scaled.jpg","width":1365,"height":2048},{"@type":"BreadcrumbList","@id":"https:\/\/korneliarataj.com\/produkt\/the-classy-one-stroj-kapielowy-jednoczesciowy-wood\/#breadcrumb","itemListElement":[{"@type":"ListItem","position":1,"name":"HOME","item":"https:\/\/korneliarataj.com\/"},{"@type":"ListItem","position":2,"name":"Products","item":"https:\/\/korneliarataj.com\/en\/shop\/"},{"@type":"ListItem","position":3,"name":"The Classy One &#8211; str\u00f3j k\u0105pielowy jednocz\u0119\u015bciowy Wood"}]},{"@type":"WebSite","@id":"https:\/\/korneliarataj.com\/#website","url":"https:\/\/korneliarataj.com\/","name":"Swimwear and Linen Clothing Shop Kornelia Rataj","description":"swimwear swimwear linen linen clothing","publisher":{"@id":"https:\/\/korneliarataj.com\/#organization"},"potentialAction":[{"@type":"SearchAction","target":{"@type":"EntryPoint","urlTemplate":"https:\/\/korneliarataj.com\/?s={search_term_string}"},"query-input":{"@type":"PropertyValueSpecification","valueRequired":true,"valueName":"search_term_string"}}],"inLanguage":"en-GB"},{"@type":"Organization","@id":"https:\/\/korneliarataj.com\/#organization","name":"KORNELIARATAJ","url":"https:\/\/korneliarataj.com\/","logo":{"@type":"ImageObject","inLanguage":"en-GB","@id":"https:\/\/korneliarataj.com\/#\/schema\/logo\/image\/","url":"https:\/\/korneliarataj.com\/wp-content\/uploads\/2020\/07\/LOGO-KR.svg","contentUrl":"https:\/\/korneliarataj.com\/wp-content\/uploads\/2020\/07\/LOGO-KR.svg","width":1024,"height":1024,"caption":"KORNELIARATAJ"},"image":{"@id":"https:\/\/korneliarataj.com\/#\/schema\/logo\/image\/"},"sameAs":["http:\/\/www.facebook.com\/korneliaratajshop","http:\/\/www.instagram.com\/korneliarataj"]}]}},"_links":{"self":[{"href":"https:\/\/korneliarataj.com\/en\/wp-json\/wp\/v2\/product\/110259","targetHints":{"allow":["GET"]}}],"collection":[{"href":"https:\/\/korneliarataj.com\/en\/wp-json\/wp\/v2\/product"}],"about":[{"href":"https:\/\/korneliarataj.com\/en\/wp-json\/wp\/v2\/types\/product"}],"wp:featuredmedia":[{"embeddable":true,"href":"https:\/\/korneliarataj.com\/en\/wp-json\/wp\/v2\/media\/110235"}],"wp:attachment":[{"href":"https:\/\/korneliarataj.com\/en\/wp-json\/wp\/v2\/media?parent=110259"}],"wp:term":[{"taxonomy":"product_brand","embeddable":true,"href":"https:\/\/korneliarataj.com\/en\/wp-json\/wp\/v2\/product_brand?post=110259"},{"taxonomy":"product_cat","embeddable":true,"href":"https:\/\/korneliarataj.com\/en\/wp-json\/wp\/v2\/product_cat?post=110259"},{"taxonomy":"product_tag","embeddable":true,"href":"https:\/\/korneliarataj.com\/en\/wp-json\/wp\/v2\/product_tag?post=110259"}],"curies":[{"name":"wp","href":"https:\/\/api.w.org\/{rel}","templated":true}]}}