{"id":336484,"date":"2025-07-15T07:20:58","date_gmt":"2025-07-15T05:20:58","guid":{"rendered":"https:\/\/korneliarataj.com\/?page_id=336484"},"modified":"2026-02-15T01:31:38","modified_gmt":"2026-02-15T00:31:38","slug":"stroje-kapielowe-kolory","status":"publish","type":"page","link":"https:\/\/korneliarataj.com\/en\/stroje-kapielowe-kolory\/","title":{"rendered":"Swimwear colours"},"content":{"rendered":"<div id=\"schemafaq\">\n<div class=\"tabs\">\n<div class=\"tab\">\n<p><input id=\"chck1\" type=\"checkbox\" \/><\/p>\n<h3><label class=\"tab-label\" for=\"chck1\">Swimwear \u2013 choose the colour for you<\/label><\/h3>\n<div class=\"tab-content\">\n<div>\n<p>Choosing the right colour for your outfit is crucial. It is the first thing that catches the eye, even before we notice the style, cut or details. At KORNELIA RATAJ, you will find a wide range of swimsuits in a variety of colours that will allow you to express your unique style. Classic black, energetic red, fresh green or delicate pastels \u2013 each colour can emphasise your personality and boost your confidence. Thanks to our wide range, you will find your perfect model more easily.<\/p>\n<\/div>\n<\/div>\n<\/div>\n<div class=\"tab\">\n<p><input id=\"chck2\" type=\"checkbox\" \/><\/p>\n<h3><label class=\"tab-label\" for=\"chck2\">One-piece or bikini? Choose the perfect style and colour<\/label><\/h3>\n<div class=\"tab-content\">\n<div>\n<p>The choice between a one-piece and two-piece swimsuit depends on individual preferences and the effect you want to achieve. A dark-coloured one-piece swimsuit is an excellent option for women who want to slim down their figure or balance its proportions. In addition, swimsuits in classic, dark shades are versatile and elegant. On the other hand, a bikini offers more freedom in the choice of colours and styles, allowing you to better match the swimsuit to the shape of your body. The wide range of models provides a wide selection for every body type and colour preference.<\/p>\n<\/div>\n<\/div>\n<\/div>\n<div class=\"tab\">\n<p><input id=\"chck3\" type=\"checkbox\" \/><\/p>\n<h3><label class=\"tab-label\" for=\"chck3\">Match the colour of your outfit to your figure and personality.<\/label><\/h3>\n<div class=\"tab-content\">\n<div>\n<p>Matching the colour of your swimsuit to your figure will emphasise your natural beauty. At KORNELIA RATAJ, you will find swimsuits that combine current trends with classic styles. The colours you choose should harmonise with your beauty type. Women with warm complexions will look stunning in swimsuits in shades of gold, orange or red. For cool beauty types, colours such as blue, mint or purple will be ideal. We will help you feel special during your summer break in the open air!<\/p>\n<\/div>\n<\/div>\n<\/div>\n<div class=\"tab\">\n<p><input id=\"chck4\" type=\"checkbox\" \/><\/p>\n<h3><label class=\"tab-label\" for=\"chck4\">How to choose the colour that suits you best?<\/label><\/h3>\n<div class=\"tab-content\">\n<div>\n<p>Choosing the colour that best emphasises your style and personality depends on many factors. It is worth considering your preferences and what you feel most comfortable in. Also, consider your beauty type and figure. Colours can boost your confidence, so sometimes it is better to go for vibrant colours. Think about whether your model should blend in with its surroundings or stand out. Our store's wide range of products allows you to match colours to your current mood and individual needs.<\/p>\n<\/div>\n<\/div>\n<\/div>\n<div class=\"tab\">\n<p><input id=\"chck5\" type=\"checkbox\" \/><\/p>\n<h3><label class=\"tab-label\" for=\"chck5\">White, brown or butter yellow? This season's hits<\/label><\/h3>\n<div class=\"tab-content\">\n<div>\n<p>Colours play a key role in the latest season. The KORNELIA RATAJ store's range is full of styles that will satisfy even the most demanding women. Butter yellow is the most fashionable colour of summer 2025 \u2013 this delicate, warm shade dominates holiday looks and current fashion trends. A white swimsuit beautifully highlights a summer tan, giving a fresh, light look. A brown outfit is a great choice for women who value calm elegance and timeless style. Like black models, they will always be in fashion.<\/p>\n<\/div>\n<\/div>\n<\/div>\n<div class=\"tab\">\n<p><input id=\"chck6\" type=\"checkbox\" \/><\/p>\n<h3><label class=\"tab-label\" for=\"chck6\">Colours that accentuate your tan<\/label><\/h3>\n<div class=\"tab-content\">\n<div>\n<p>Choosing the right swimsuit colours is key to highlighting your beautiful tan on the beach. You should choose colours that contrast with your golden skin tone. A classic white swimsuit beautifully highlights your tan and gives you a fresh look, perfectly complementing the sun's glow. Other colours, such as turquoise, coral or neon pink, are also excellent choices. It is also worth considering a swimsuit in warm shades of yellow and orange, which perfectly match the summer atmosphere on the beach or by the pool.<\/p>\n<\/div>\n<\/div>\n<\/div>\n<div class=\"tab\">\n<p><input id=\"chck7\" type=\"checkbox\" \/><\/p>\n<h3><label class=\"tab-label\" for=\"chck7\">What colours are dominating the beaches this summer?<\/label><\/h3>\n<div class=\"tab-content\">\n<div>\n<p>This summer, beaches are dominated by colours that add energy to any outfit. The 2025 season abounds in fashionable and bold colours that attract attention. Yellow colours are popular, especially bright shades of butter yellow, as well as brown, black and white swimsuits. A red swimsuit is an excellent choice for women who want to stand out on the beach \u2013 bold, sensual and inspired by the iconic style of Pamela Anderson, it fits perfectly with the summer trends of 2025. Colourful bikinis in these shades are the hit of the season, emphasising individuality and boosting confidence. The beach becomes a place where we can experiment with bright colours and enjoy the pleasant rays of the sun.<\/p>\n<\/div>\n<\/div>\n<\/div>\n<\/div>\n<\/div>","protected":false},"excerpt":{"rendered":"<p>Stroje k\u0105pielowe \u2013 wybierz kolor dla siebie Wyb\u00f3r odpowiedniego koloru stroju ma kluczowe znaczenie. To w\u0142a\u015bnie on jako pierwszy przyci\u0105ga wzrok, zanim jeszcze zwr\u00f3cimy uwag\u0119 na fason, kr\u00f3j czy detal. W sklepie KORNELIA RATAJ znajdziesz szerok\u0105 ofert\u0119 kostium\u00f3w k\u0105pielowych w r\u00f3\u017cnorodnych barwach, kt\u00f3re pozwol\u0105 Ci wyrazi\u0107 sw\u00f3j unikalny styl. Klasyczna czer\u0144, energetyczna czerwie\u0144, \u015bwie\u017ca ziele\u0144 [&hellip;]<\/p>\n","protected":false},"author":7,"featured_media":0,"parent":0,"menu_order":0,"comment_status":"closed","ping_status":"closed","template":"","meta":{"footnotes":""},"class_list":["post-336484","page","type-page","status-publish","hentry"],"yoast_head":"<!-- This site is optimized with the Yoast SEO plugin v27.3 - https:\/\/yoast.com\/product\/yoast-seo-wordpress\/ -->\n<title>Stroje k\u0105pielowe kolory - Stroje K\u0105pielowe i Odzie\u017c Lniana Sklep Kornelia Rataj<\/title>\n<meta name=\"description\" content=\"Znajd\u017a idealny str\u00f3j k\u0105pielowy! Wybierz spo\u015br\u00f3d szerokiej gamy kolor\u00f3w i fason\u00f3w, kt\u00f3re podkre\u015bl\u0105 Tw\u00f3j styl i komfort na pla\u017cy oraz basenie. Zapraszamy!\" \/>\n<meta name=\"robots\" content=\"index, follow, max-snippet:-1, max-image-preview:large, max-video-preview:-1\" \/>\n<link rel=\"canonical\" href=\"https:\/\/korneliarataj.com\/en\/stroje-kapielowe-kolory\/\" \/>\n<meta property=\"og:locale\" content=\"en_GB\" \/>\n<meta property=\"og:type\" content=\"article\" \/>\n<meta property=\"og:title\" content=\"Stroje k\u0105pielowe kolory - Stroje K\u0105pielowe i Odzie\u017c Lniana Sklep Kornelia Rataj\" \/>\n<meta property=\"og:description\" content=\"Znajd\u017a idealny str\u00f3j k\u0105pielowy! Wybierz spo\u015br\u00f3d szerokiej gamy kolor\u00f3w i fason\u00f3w, kt\u00f3re podkre\u015bl\u0105 Tw\u00f3j styl i komfort na pla\u017cy oraz basenie. Zapraszamy!\" \/>\n<meta property=\"og:url\" content=\"https:\/\/korneliarataj.com\/en\/stroje-kapielowe-kolory\/\" \/>\n<meta property=\"og:site_name\" content=\"KORNELIARATAJ\" \/>\n<meta property=\"article:publisher\" content=\"http:\/\/www.facebook.com\/korneliaratajshop\" \/>\n<meta property=\"article:modified_time\" content=\"2026-02-15T00:31:38+00:00\" \/>\n<meta name=\"twitter:card\" content=\"summary_large_image\" \/>\n<meta name=\"twitter:label1\" content=\"Estimated reading time\" \/>\n\t<meta name=\"twitter:data1\" content=\"4 minutes\" \/>\n<script type=\"application\/ld+json\" class=\"yoast-schema-graph\">{\"@context\":\"https:\\\/\\\/schema.org\",\"@graph\":[{\"@type\":\"WebPage\",\"@id\":\"https:\\\/\\\/korneliarataj.com\\\/stroje-kapielowe-kolory\\\/\",\"url\":\"https:\\\/\\\/korneliarataj.com\\\/stroje-kapielowe-kolory\\\/\",\"name\":\"Stroje k\u0105pielowe kolory - Stroje K\u0105pielowe i Odzie\u017c Lniana Sklep Kornelia Rataj\",\"isPartOf\":{\"@id\":\"https:\\\/\\\/korneliarataj.com\\\/#website\"},\"datePublished\":\"2025-07-15T05:20:58+00:00\",\"dateModified\":\"2026-02-15T00:31:38+00:00\",\"description\":\"Znajd\u017a idealny str\u00f3j k\u0105pielowy! Wybierz spo\u015br\u00f3d szerokiej gamy kolor\u00f3w i fason\u00f3w, kt\u00f3re podkre\u015bl\u0105 Tw\u00f3j styl i komfort na pla\u017cy oraz basenie. Zapraszamy!\",\"breadcrumb\":{\"@id\":\"https:\\\/\\\/korneliarataj.com\\\/stroje-kapielowe-kolory\\\/#breadcrumb\"},\"inLanguage\":\"en-GB\",\"potentialAction\":[{\"@type\":\"ReadAction\",\"target\":[\"https:\\\/\\\/korneliarataj.com\\\/stroje-kapielowe-kolory\\\/\"]}]},{\"@type\":\"BreadcrumbList\",\"@id\":\"https:\\\/\\\/korneliarataj.com\\\/stroje-kapielowe-kolory\\\/#breadcrumb\",\"itemListElement\":[{\"@type\":\"ListItem\",\"position\":1,\"name\":\"HOME\",\"item\":\"https:\\\/\\\/korneliarataj.com\\\/\"},{\"@type\":\"ListItem\",\"position\":2,\"name\":\"Stroje k\u0105pielowe kolory\"}]},{\"@type\":\"WebSite\",\"@id\":\"https:\\\/\\\/korneliarataj.com\\\/#website\",\"url\":\"https:\\\/\\\/korneliarataj.com\\\/\",\"name\":\"Stroje K\u0105pielowe i Odzie\u017c Lniana Sklep Kornelia Rataj\",\"description\":\"swimwear stroje k\u0105pielowe ubrania len lniane\",\"publisher\":{\"@id\":\"https:\\\/\\\/korneliarataj.com\\\/#organization\"},\"potentialAction\":[{\"@type\":\"SearchAction\",\"target\":{\"@type\":\"EntryPoint\",\"urlTemplate\":\"https:\\\/\\\/korneliarataj.com\\\/?s={search_term_string}\"},\"query-input\":{\"@type\":\"PropertyValueSpecification\",\"valueRequired\":true,\"valueName\":\"search_term_string\"}}],\"inLanguage\":\"en-GB\"},{\"@type\":\"Organization\",\"@id\":\"https:\\\/\\\/korneliarataj.com\\\/#organization\",\"name\":\"KORNELIARATAJ\",\"url\":\"https:\\\/\\\/korneliarataj.com\\\/\",\"logo\":{\"@type\":\"ImageObject\",\"inLanguage\":\"en-GB\",\"@id\":\"https:\\\/\\\/korneliarataj.com\\\/#\\\/schema\\\/logo\\\/image\\\/\",\"url\":\"https:\\\/\\\/korneliarataj.com\\\/wp-content\\\/uploads\\\/2020\\\/07\\\/LOGO-KR.svg\",\"contentUrl\":\"https:\\\/\\\/korneliarataj.com\\\/wp-content\\\/uploads\\\/2020\\\/07\\\/LOGO-KR.svg\",\"width\":1024,\"height\":1024,\"caption\":\"KORNELIARATAJ\"},\"image\":{\"@id\":\"https:\\\/\\\/korneliarataj.com\\\/#\\\/schema\\\/logo\\\/image\\\/\"},\"sameAs\":[\"http:\\\/\\\/www.facebook.com\\\/korneliaratajshop\",\"http:\\\/\\\/www.instagram.com\\\/korneliarataj\"]}]}<\/script>\n<!-- \/ Yoast SEO plugin. -->","yoast_head_json":{"title":"Swimwear colours - Swimwear and Linen Clothing Kornelia Rataj Shop","description":"Find your perfect swimsuit! Choose from a wide range of colours and styles that will emphasise your style and comfort at the beach or pool. Come and visit us!","robots":{"index":"index","follow":"follow","max-snippet":"max-snippet:-1","max-image-preview":"max-image-preview:large","max-video-preview":"max-video-preview:-1"},"canonical":"https:\/\/korneliarataj.com\/en\/stroje-kapielowe-kolory\/","og_locale":"en_GB","og_type":"article","og_title":"Stroje k\u0105pielowe kolory - Stroje K\u0105pielowe i Odzie\u017c Lniana Sklep Kornelia Rataj","og_description":"Znajd\u017a idealny str\u00f3j k\u0105pielowy! Wybierz spo\u015br\u00f3d szerokiej gamy kolor\u00f3w i fason\u00f3w, kt\u00f3re podkre\u015bl\u0105 Tw\u00f3j styl i komfort na pla\u017cy oraz basenie. Zapraszamy!","og_url":"https:\/\/korneliarataj.com\/en\/stroje-kapielowe-kolory\/","og_site_name":"KORNELIARATAJ","article_publisher":"http:\/\/www.facebook.com\/korneliaratajshop","article_modified_time":"2026-02-15T00:31:38+00:00","twitter_card":"summary_large_image","twitter_misc":{"Estimated reading time":"4 minutes"},"schema":{"@context":"https:\/\/schema.org","@graph":[{"@type":"WebPage","@id":"https:\/\/korneliarataj.com\/stroje-kapielowe-kolory\/","url":"https:\/\/korneliarataj.com\/stroje-kapielowe-kolory\/","name":"Swimwear colours - Swimwear and Linen Clothing Kornelia Rataj Shop","isPartOf":{"@id":"https:\/\/korneliarataj.com\/#website"},"datePublished":"2025-07-15T05:20:58+00:00","dateModified":"2026-02-15T00:31:38+00:00","description":"Find your perfect swimsuit! Choose from a wide range of colours and styles that will emphasise your style and comfort at the beach or pool. Come and visit us!","breadcrumb":{"@id":"https:\/\/korneliarataj.com\/stroje-kapielowe-kolory\/#breadcrumb"},"inLanguage":"en-GB","potentialAction":[{"@type":"ReadAction","target":["https:\/\/korneliarataj.com\/stroje-kapielowe-kolory\/"]}]},{"@type":"BreadcrumbList","@id":"https:\/\/korneliarataj.com\/stroje-kapielowe-kolory\/#breadcrumb","itemListElement":[{"@type":"ListItem","position":1,"name":"HOME","item":"https:\/\/korneliarataj.com\/"},{"@type":"ListItem","position":2,"name":"Stroje k\u0105pielowe kolory"}]},{"@type":"WebSite","@id":"https:\/\/korneliarataj.com\/#website","url":"https:\/\/korneliarataj.com\/","name":"Swimwear and Linen Clothing Shop Kornelia Rataj","description":"swimwear swimwear linen linen clothing","publisher":{"@id":"https:\/\/korneliarataj.com\/#organization"},"potentialAction":[{"@type":"SearchAction","target":{"@type":"EntryPoint","urlTemplate":"https:\/\/korneliarataj.com\/?s={search_term_string}"},"query-input":{"@type":"PropertyValueSpecification","valueRequired":true,"valueName":"search_term_string"}}],"inLanguage":"en-GB"},{"@type":"Organization","@id":"https:\/\/korneliarataj.com\/#organization","name":"KORNELIARATAJ","url":"https:\/\/korneliarataj.com\/","logo":{"@type":"ImageObject","inLanguage":"en-GB","@id":"https:\/\/korneliarataj.com\/#\/schema\/logo\/image\/","url":"https:\/\/korneliarataj.com\/wp-content\/uploads\/2020\/07\/LOGO-KR.svg","contentUrl":"https:\/\/korneliarataj.com\/wp-content\/uploads\/2020\/07\/LOGO-KR.svg","width":1024,"height":1024,"caption":"KORNELIARATAJ"},"image":{"@id":"https:\/\/korneliarataj.com\/#\/schema\/logo\/image\/"},"sameAs":["http:\/\/www.facebook.com\/korneliaratajshop","http:\/\/www.instagram.com\/korneliarataj"]}]}},"_links":{"self":[{"href":"https:\/\/korneliarataj.com\/en\/wp-json\/wp\/v2\/pages\/336484","targetHints":{"allow":["GET"]}}],"collection":[{"href":"https:\/\/korneliarataj.com\/en\/wp-json\/wp\/v2\/pages"}],"about":[{"href":"https:\/\/korneliarataj.com\/en\/wp-json\/wp\/v2\/types\/page"}],"author":[{"embeddable":true,"href":"https:\/\/korneliarataj.com\/en\/wp-json\/wp\/v2\/users\/7"}],"replies":[{"embeddable":true,"href":"https:\/\/korneliarataj.com\/en\/wp-json\/wp\/v2\/comments?post=336484"}],"version-history":[{"count":0,"href":"https:\/\/korneliarataj.com\/en\/wp-json\/wp\/v2\/pages\/336484\/revisions"}],"wp:attachment":[{"href":"https:\/\/korneliarataj.com\/en\/wp-json\/wp\/v2\/media?parent=336484"}],"curies":[{"name":"wp","href":"https:\/\/api.w.org\/{rel}","templated":true}]}}