{"id":316327,"date":"2025-04-07T11:16:33","date_gmt":"2025-04-07T09:16:33","guid":{"rendered":"https:\/\/korneliarataj.com\/?page_id=316327"},"modified":"2026-02-15T00:49:23","modified_gmt":"2026-02-14T23:49:23","slug":"gora-bikini-sportowe","status":"publish","type":"page","link":"https:\/\/korneliarataj.com\/en\/gora-bikini-sportowe\/","title":{"rendered":"Sports bikini top"},"content":{"rendered":"<p>Discover the amazing range of sports bikinis from the Polish brand Kornelia Rataj. These products are made in Poland, in a family workshop in Czernica, with attention to every detail. We guarantee high quality and comfort. Choose style and comfort from the numerous models and colours available in our shop. Take advantage of our wide range and find your perfect swimsuit!<\/p>\n<div class=\"toc-wrapper\">\n<div class=\"toc-header\">\n    <span>Table of contents<\/span><br \/>\n    <span class=\"arrow\">\u25b6<\/span>\n  <\/div>\n<ul class=\"toc-content\">\n<li><a href=\"#1\">How to choose a bikini top that suits your figure?<\/a><\/li>\n<li><a href=\"#2\">Sports bikini top and bottom \u2013 create the perfect set<\/a><\/li>\n<li><a href=\"#3\">Fashionable sports bikini tops \u2013 choose your style<\/a><\/li>\n<\/ul>\n<\/div>\n<h2><strong>How to choose a bikini top that suits your figure?<\/strong><\/h2>\n<p>Choosing the right bikini top is the key to comfort and confidence on the beach. For women with larger busts, it is important to have the support and stability offered by sports swimwear tops with a wide underbust band or built-in underwires. For women with smaller busts, models with additional inserts can help to gently emphasise the shape. At Kornelia Rataj, you will find women's swimwear that caters to a variety of body types, allowing every woman to choose the perfect sports bikini top to suit her needs.<\/p>\n<p>A sports bikini not only ensures comfort during activity, but also allows you to express your individual style. The Kornelia Rataj store offers a variety of colours that allow you to create unique styles. Whether you are going surfing or planning to relax in the sun, a well-chosen bikini top will emphasise your figure and ensure freedom of movement. This allows every woman to feel confident and stylish.<\/p>\n<h2><strong>Sports bikini top and bottom \u2013 create the perfect set<\/strong><\/h2>\n<p>At Kornelia Rataj, you will find a variety of styles that allow you to mix and match pieces, so every woman can find something for herself. The women's swimwear in our range is available in many colours, allowing you to create unique combinations. The sports bikini top goes perfectly with a variety of bottoms, creating stylish sets that are ideal for the beach or pool.<\/p>\n<p>When choosing a set, don't be afraid to experiment \u2013 unique combinations are the key to expressing yourself. Thanks to our store's offer, you can get a unique swimsuit. A bikini top matched with the right bottoms creates not only a functional but also a fashionable set. With so many models to choose from, every woman has the chance to find the perfect swimsuit that will highlight her assets and allow her to feel confident in any situation. Discover our range and create your dream set for the summer!<\/p>\n<h2><strong>Fashionable sports bikini tops \u2013 choose your style<\/strong><\/h2>\n<p>Fashionable sports bikini tops are a must-have this season. Sports bikinis in line with the latest trends combine comfort with modern design. Bold colours dominate, catching the eye on the beach and by the pool. Turquoise, coral and classic black and white shades are particularly popular this season.&nbsp;<\/p>\n<p>Poland <a href=\"https:\/\/korneliarataj.com\/en\/\">The KORNELIA RATAJ brand<\/a> stands out for its top-quality products, offering a wide selection of sports bikini tops. Our swimwear guarantees comfort that will work both at the pool and during beach activities. They are designed with the latest trends in mind, making each sports bikini top fashionable and functional. In addition, we focus on high-quality materials that are resistant to chlorine and sunlight. Thanks to this, you can be sure that the model you choose will serve you for many seasons. Current promotions and sales are a great opportunity to purchase unique models at attractive prices, while enjoying the highest quality and fashionable style.<\/p>","protected":false},"excerpt":{"rendered":"<p>Odkryj niesamowit\u0105 ofert\u0119 sportowych g\u00f3r bikini od polskiej marki Kornelia Rataj. Produkty te powstaj\u0105 w Polsce, w rodzinnej pracowni w Czernicy, z dba\u0142o\u015bci\u0105 o ka\u017cdy detal. Zapewniamy wysok\u0105 jako\u015b\u0107 wykonania oraz komfort. Postaw na styl i wygod\u0119, wybieraj\u0105c spo\u015br\u00f3d licznych modeli i kolor\u00f3w dost\u0119pnych w naszym sklepie. Skorzystaj z naszej szerokiej oferty i znajd\u017a idealny [&hellip;]<\/p>\n","protected":false},"author":7,"featured_media":0,"parent":0,"menu_order":0,"comment_status":"closed","ping_status":"closed","template":"","meta":{"footnotes":""},"class_list":["post-316327","page","type-page","status-publish","hentry"],"yoast_head":"<!-- This site is optimized with the Yoast SEO plugin v27.3 - https:\/\/yoast.com\/product\/yoast-seo-wordpress\/ -->\n<title>G\u00f3ra bikini sportowe - Stroje K\u0105pielowe i Odzie\u017c Lniana Sklep Kornelia Rataj<\/title>\n<meta name=\"description\" content=\"G\u00f3ra bikini sportowe w sklepie Kornelia Rataj \u0142\u0105czy styl i wygod\u0119. Idealne do aktywnego wypoczynku! Sprawd\u017a nasz\u0105 ofert\u0119 stroj\u00f3w k\u0105pielowych.\" \/>\n<meta name=\"robots\" content=\"index, follow, max-snippet:-1, max-image-preview:large, max-video-preview:-1\" \/>\n<link rel=\"canonical\" href=\"https:\/\/korneliarataj.com\/en\/gora-bikini-sportowe\/\" \/>\n<meta property=\"og:locale\" content=\"en_GB\" \/>\n<meta property=\"og:type\" content=\"article\" \/>\n<meta property=\"og:title\" content=\"G\u00f3ra bikini sportowe - Stroje K\u0105pielowe i Odzie\u017c Lniana Sklep Kornelia Rataj\" \/>\n<meta property=\"og:description\" content=\"G\u00f3ra bikini sportowe w sklepie Kornelia Rataj \u0142\u0105czy styl i wygod\u0119. Idealne do aktywnego wypoczynku! Sprawd\u017a nasz\u0105 ofert\u0119 stroj\u00f3w k\u0105pielowych.\" \/>\n<meta property=\"og:url\" content=\"https:\/\/korneliarataj.com\/en\/gora-bikini-sportowe\/\" \/>\n<meta property=\"og:site_name\" content=\"KORNELIARATAJ\" \/>\n<meta property=\"article:publisher\" content=\"http:\/\/www.facebook.com\/korneliaratajshop\" \/>\n<meta property=\"article:modified_time\" content=\"2026-02-14T23:49:23+00:00\" \/>\n<meta name=\"twitter:card\" content=\"summary_large_image\" \/>\n<meta name=\"twitter:label1\" content=\"Estimated reading time\" \/>\n\t<meta name=\"twitter:data1\" content=\"4 minutes\" \/>\n<script type=\"application\/ld+json\" class=\"yoast-schema-graph\">{\"@context\":\"https:\\\/\\\/schema.org\",\"@graph\":[{\"@type\":\"WebPage\",\"@id\":\"https:\\\/\\\/korneliarataj.com\\\/gora-bikini-sportowe\\\/\",\"url\":\"https:\\\/\\\/korneliarataj.com\\\/gora-bikini-sportowe\\\/\",\"name\":\"G\u00f3ra bikini sportowe - Stroje K\u0105pielowe i Odzie\u017c Lniana Sklep Kornelia Rataj\",\"isPartOf\":{\"@id\":\"https:\\\/\\\/korneliarataj.com\\\/#website\"},\"datePublished\":\"2025-04-07T09:16:33+00:00\",\"dateModified\":\"2026-02-14T23:49:23+00:00\",\"description\":\"G\u00f3ra bikini sportowe w sklepie Kornelia Rataj \u0142\u0105czy styl i wygod\u0119. Idealne do aktywnego wypoczynku! Sprawd\u017a nasz\u0105 ofert\u0119 stroj\u00f3w k\u0105pielowych.\",\"breadcrumb\":{\"@id\":\"https:\\\/\\\/korneliarataj.com\\\/gora-bikini-sportowe\\\/#breadcrumb\"},\"inLanguage\":\"en-GB\",\"potentialAction\":[{\"@type\":\"ReadAction\",\"target\":[\"https:\\\/\\\/korneliarataj.com\\\/gora-bikini-sportowe\\\/\"]}]},{\"@type\":\"BreadcrumbList\",\"@id\":\"https:\\\/\\\/korneliarataj.com\\\/gora-bikini-sportowe\\\/#breadcrumb\",\"itemListElement\":[{\"@type\":\"ListItem\",\"position\":1,\"name\":\"HOME\",\"item\":\"https:\\\/\\\/korneliarataj.com\\\/\"},{\"@type\":\"ListItem\",\"position\":2,\"name\":\"G\u00f3ra bikini sportowe\"}]},{\"@type\":\"WebSite\",\"@id\":\"https:\\\/\\\/korneliarataj.com\\\/#website\",\"url\":\"https:\\\/\\\/korneliarataj.com\\\/\",\"name\":\"Stroje K\u0105pielowe i Odzie\u017c Lniana Sklep Kornelia Rataj\",\"description\":\"swimwear stroje k\u0105pielowe ubrania len lniane\",\"publisher\":{\"@id\":\"https:\\\/\\\/korneliarataj.com\\\/#organization\"},\"potentialAction\":[{\"@type\":\"SearchAction\",\"target\":{\"@type\":\"EntryPoint\",\"urlTemplate\":\"https:\\\/\\\/korneliarataj.com\\\/?s={search_term_string}\"},\"query-input\":{\"@type\":\"PropertyValueSpecification\",\"valueRequired\":true,\"valueName\":\"search_term_string\"}}],\"inLanguage\":\"en-GB\"},{\"@type\":\"Organization\",\"@id\":\"https:\\\/\\\/korneliarataj.com\\\/#organization\",\"name\":\"KORNELIARATAJ\",\"url\":\"https:\\\/\\\/korneliarataj.com\\\/\",\"logo\":{\"@type\":\"ImageObject\",\"inLanguage\":\"en-GB\",\"@id\":\"https:\\\/\\\/korneliarataj.com\\\/#\\\/schema\\\/logo\\\/image\\\/\",\"url\":\"https:\\\/\\\/korneliarataj.com\\\/wp-content\\\/uploads\\\/2020\\\/07\\\/LOGO-KR.svg\",\"contentUrl\":\"https:\\\/\\\/korneliarataj.com\\\/wp-content\\\/uploads\\\/2020\\\/07\\\/LOGO-KR.svg\",\"width\":1024,\"height\":1024,\"caption\":\"KORNELIARATAJ\"},\"image\":{\"@id\":\"https:\\\/\\\/korneliarataj.com\\\/#\\\/schema\\\/logo\\\/image\\\/\"},\"sameAs\":[\"http:\\\/\\\/www.facebook.com\\\/korneliaratajshop\",\"http:\\\/\\\/www.instagram.com\\\/korneliarataj\"]}]}<\/script>\n<!-- \/ Yoast SEO plugin. -->","yoast_head_json":{"title":"Sports bikini top - Swimwear and Linen Clothing Kornelia Rataj Shop","description":"The sports bikini top available at Kornelia Rataj combines style and comfort. Perfect for active leisure! Check out our range of swimwear.","robots":{"index":"index","follow":"follow","max-snippet":"max-snippet:-1","max-image-preview":"max-image-preview:large","max-video-preview":"max-video-preview:-1"},"canonical":"https:\/\/korneliarataj.com\/en\/gora-bikini-sportowe\/","og_locale":"en_GB","og_type":"article","og_title":"G\u00f3ra bikini sportowe - Stroje K\u0105pielowe i Odzie\u017c Lniana Sklep Kornelia Rataj","og_description":"G\u00f3ra bikini sportowe w sklepie Kornelia Rataj \u0142\u0105czy styl i wygod\u0119. Idealne do aktywnego wypoczynku! Sprawd\u017a nasz\u0105 ofert\u0119 stroj\u00f3w k\u0105pielowych.","og_url":"https:\/\/korneliarataj.com\/en\/gora-bikini-sportowe\/","og_site_name":"KORNELIARATAJ","article_publisher":"http:\/\/www.facebook.com\/korneliaratajshop","article_modified_time":"2026-02-14T23:49:23+00:00","twitter_card":"summary_large_image","twitter_misc":{"Estimated reading time":"4 minutes"},"schema":{"@context":"https:\/\/schema.org","@graph":[{"@type":"WebPage","@id":"https:\/\/korneliarataj.com\/gora-bikini-sportowe\/","url":"https:\/\/korneliarataj.com\/gora-bikini-sportowe\/","name":"Sports bikini top - Swimwear and Linen Clothing Kornelia Rataj Shop","isPartOf":{"@id":"https:\/\/korneliarataj.com\/#website"},"datePublished":"2025-04-07T09:16:33+00:00","dateModified":"2026-02-14T23:49:23+00:00","description":"The sports bikini top available at Kornelia Rataj combines style and comfort. Perfect for active leisure! Check out our range of swimwear.","breadcrumb":{"@id":"https:\/\/korneliarataj.com\/gora-bikini-sportowe\/#breadcrumb"},"inLanguage":"en-GB","potentialAction":[{"@type":"ReadAction","target":["https:\/\/korneliarataj.com\/gora-bikini-sportowe\/"]}]},{"@type":"BreadcrumbList","@id":"https:\/\/korneliarataj.com\/gora-bikini-sportowe\/#breadcrumb","itemListElement":[{"@type":"ListItem","position":1,"name":"HOME","item":"https:\/\/korneliarataj.com\/"},{"@type":"ListItem","position":2,"name":"G\u00f3ra bikini sportowe"}]},{"@type":"WebSite","@id":"https:\/\/korneliarataj.com\/#website","url":"https:\/\/korneliarataj.com\/","name":"Swimwear and Linen Clothing Shop Kornelia Rataj","description":"swimwear swimwear linen linen clothing","publisher":{"@id":"https:\/\/korneliarataj.com\/#organization"},"potentialAction":[{"@type":"SearchAction","target":{"@type":"EntryPoint","urlTemplate":"https:\/\/korneliarataj.com\/?s={search_term_string}"},"query-input":{"@type":"PropertyValueSpecification","valueRequired":true,"valueName":"search_term_string"}}],"inLanguage":"en-GB"},{"@type":"Organization","@id":"https:\/\/korneliarataj.com\/#organization","name":"KORNELIARATAJ","url":"https:\/\/korneliarataj.com\/","logo":{"@type":"ImageObject","inLanguage":"en-GB","@id":"https:\/\/korneliarataj.com\/#\/schema\/logo\/image\/","url":"https:\/\/korneliarataj.com\/wp-content\/uploads\/2020\/07\/LOGO-KR.svg","contentUrl":"https:\/\/korneliarataj.com\/wp-content\/uploads\/2020\/07\/LOGO-KR.svg","width":1024,"height":1024,"caption":"KORNELIARATAJ"},"image":{"@id":"https:\/\/korneliarataj.com\/#\/schema\/logo\/image\/"},"sameAs":["http:\/\/www.facebook.com\/korneliaratajshop","http:\/\/www.instagram.com\/korneliarataj"]}]}},"_links":{"self":[{"href":"https:\/\/korneliarataj.com\/en\/wp-json\/wp\/v2\/pages\/316327","targetHints":{"allow":["GET"]}}],"collection":[{"href":"https:\/\/korneliarataj.com\/en\/wp-json\/wp\/v2\/pages"}],"about":[{"href":"https:\/\/korneliarataj.com\/en\/wp-json\/wp\/v2\/types\/page"}],"author":[{"embeddable":true,"href":"https:\/\/korneliarataj.com\/en\/wp-json\/wp\/v2\/users\/7"}],"replies":[{"embeddable":true,"href":"https:\/\/korneliarataj.com\/en\/wp-json\/wp\/v2\/comments?post=316327"}],"version-history":[{"count":0,"href":"https:\/\/korneliarataj.com\/en\/wp-json\/wp\/v2\/pages\/316327\/revisions"}],"wp:attachment":[{"href":"https:\/\/korneliarataj.com\/en\/wp-json\/wp\/v2\/media?parent=316327"}],"curies":[{"name":"wp","href":"https:\/\/api.w.org\/{rel}","templated":true}]}}