{"id":315125,"date":"2025-03-20T23:51:52","date_gmt":"2025-03-20T22:51:52","guid":{"rendered":"https:\/\/korneliarataj.com\/?page_id=315125"},"modified":"2026-03-23T01:18:01","modified_gmt":"2026-03-23T00:18:01","slug":"kolor-muslin-lniane","status":"publish","type":"page","link":"https:\/\/korneliarataj.com\/en\/kolor-muslin-lniane\/","title":{"rendered":"Colour Muslin linen"},"content":{"rendered":"<div class=\"woocommerce columns-3\"><\/div>","protected":false},"excerpt":{"rendered":"","protected":false},"author":1,"featured_media":0,"parent":0,"menu_order":0,"comment_status":"closed","ping_status":"closed","template":"","meta":{"footnotes":""},"class_list":["post-315125","page","type-page","status-publish","hentry"],"yoast_head":"<!-- This site is optimized with the Yoast SEO plugin v27.4 - https:\/\/yoast.com\/product\/yoast-seo-wordpress\/ -->\n<title>Kolor Muslin lniane - Stroje K\u0105pielowe i Odzie\u017c Lniana Sklep Kornelia Rataj<\/title>\n<meta name=\"description\" content=\"Lniana odzie\u017c muslinowa Kornelia Rataj. Mi\u0119kka struktura tkaniny, swobodne kroje i lekko\u015b\u0107 idealna na ciep\u0142e dni.\" \/>\n<meta name=\"robots\" content=\"index, follow, max-snippet:-1, max-image-preview:large, max-video-preview:-1\" \/>\n<link rel=\"canonical\" href=\"https:\/\/korneliarataj.com\/en\/kolor-muslin-lniane\/\" \/>\n<meta property=\"og:locale\" content=\"en_GB\" \/>\n<meta property=\"og:type\" content=\"article\" \/>\n<meta property=\"og:title\" content=\"Kolor Muslin lniane - Stroje K\u0105pielowe i Odzie\u017c Lniana Sklep Kornelia Rataj\" \/>\n<meta property=\"og:description\" content=\"Lniana odzie\u017c muslinowa Kornelia Rataj. Mi\u0119kka struktura tkaniny, swobodne kroje i lekko\u015b\u0107 idealna na ciep\u0142e dni.\" \/>\n<meta property=\"og:url\" content=\"https:\/\/korneliarataj.com\/en\/kolor-muslin-lniane\/\" \/>\n<meta property=\"og:site_name\" content=\"KORNELIARATAJ\" \/>\n<meta property=\"article:publisher\" content=\"http:\/\/www.facebook.com\/korneliaratajshop\" \/>\n<meta property=\"article:modified_time\" content=\"2026-03-23T00:18:01+00:00\" \/>\n<meta name=\"twitter:card\" content=\"summary_large_image\" \/>\n<script type=\"application\/ld+json\" class=\"yoast-schema-graph\">{\"@context\":\"https:\\\/\\\/schema.org\",\"@graph\":[{\"@type\":\"WebPage\",\"@id\":\"https:\\\/\\\/korneliarataj.com\\\/kolor-muslin-lniane\\\/\",\"url\":\"https:\\\/\\\/korneliarataj.com\\\/kolor-muslin-lniane\\\/\",\"name\":\"Kolor Muslin lniane - Stroje K\u0105pielowe i Odzie\u017c Lniana Sklep Kornelia Rataj\",\"isPartOf\":{\"@id\":\"https:\\\/\\\/korneliarataj.com\\\/#website\"},\"datePublished\":\"2025-03-20T22:51:52+00:00\",\"dateModified\":\"2026-03-23T00:18:01+00:00\",\"description\":\"Lniana odzie\u017c muslinowa Kornelia Rataj. Mi\u0119kka struktura tkaniny, swobodne kroje i lekko\u015b\u0107 idealna na ciep\u0142e dni.\",\"breadcrumb\":{\"@id\":\"https:\\\/\\\/korneliarataj.com\\\/kolor-muslin-lniane\\\/#breadcrumb\"},\"inLanguage\":\"en-GB\",\"potentialAction\":[{\"@type\":\"ReadAction\",\"target\":[\"https:\\\/\\\/korneliarataj.com\\\/kolor-muslin-lniane\\\/\"]}]},{\"@type\":\"BreadcrumbList\",\"@id\":\"https:\\\/\\\/korneliarataj.com\\\/kolor-muslin-lniane\\\/#breadcrumb\",\"itemListElement\":[{\"@type\":\"ListItem\",\"position\":1,\"name\":\"HOME\",\"item\":\"https:\\\/\\\/korneliarataj.com\\\/\"},{\"@type\":\"ListItem\",\"position\":2,\"name\":\"Kolor Muslin lniane\"}]},{\"@type\":\"WebSite\",\"@id\":\"https:\\\/\\\/korneliarataj.com\\\/#website\",\"url\":\"https:\\\/\\\/korneliarataj.com\\\/\",\"name\":\"Stroje K\u0105pielowe i Odzie\u017c Lniana Sklep Kornelia Rataj\",\"description\":\"swimwear stroje k\u0105pielowe ubrania len lniane\",\"publisher\":{\"@id\":\"https:\\\/\\\/korneliarataj.com\\\/#organization\"},\"potentialAction\":[{\"@type\":\"SearchAction\",\"target\":{\"@type\":\"EntryPoint\",\"urlTemplate\":\"https:\\\/\\\/korneliarataj.com\\\/?s={search_term_string}\"},\"query-input\":{\"@type\":\"PropertyValueSpecification\",\"valueRequired\":true,\"valueName\":\"search_term_string\"}}],\"inLanguage\":\"en-GB\"},{\"@type\":\"Organization\",\"@id\":\"https:\\\/\\\/korneliarataj.com\\\/#organization\",\"name\":\"KORNELIARATAJ\",\"url\":\"https:\\\/\\\/korneliarataj.com\\\/\",\"logo\":{\"@type\":\"ImageObject\",\"inLanguage\":\"en-GB\",\"@id\":\"https:\\\/\\\/korneliarataj.com\\\/#\\\/schema\\\/logo\\\/image\\\/\",\"url\":\"https:\\\/\\\/korneliarataj.com\\\/wp-content\\\/uploads\\\/2020\\\/07\\\/LOGO-KR.svg\",\"contentUrl\":\"https:\\\/\\\/korneliarataj.com\\\/wp-content\\\/uploads\\\/2020\\\/07\\\/LOGO-KR.svg\",\"width\":1024,\"height\":1024,\"caption\":\"KORNELIARATAJ\"},\"image\":{\"@id\":\"https:\\\/\\\/korneliarataj.com\\\/#\\\/schema\\\/logo\\\/image\\\/\"},\"sameAs\":[\"http:\\\/\\\/www.facebook.com\\\/korneliaratajshop\",\"http:\\\/\\\/www.instagram.com\\\/korneliarataj\"]}]}<\/script>\n<!-- \/ Yoast SEO plugin. -->","yoast_head_json":{"title":"Colour Muslin Linen - Swimwear and Linen Clothing Kornelia Rataj Shop","description":"Kornelia Rataj's muslin linen garments. Soft fabric structure, relaxed cuts and lightness ideal for warm days.","robots":{"index":"index","follow":"follow","max-snippet":"max-snippet:-1","max-image-preview":"max-image-preview:large","max-video-preview":"max-video-preview:-1"},"canonical":"https:\/\/korneliarataj.com\/en\/kolor-muslin-lniane\/","og_locale":"en_GB","og_type":"article","og_title":"Kolor Muslin lniane - Stroje K\u0105pielowe i Odzie\u017c Lniana Sklep Kornelia Rataj","og_description":"Lniana odzie\u017c muslinowa Kornelia Rataj. Mi\u0119kka struktura tkaniny, swobodne kroje i lekko\u015b\u0107 idealna na ciep\u0142e dni.","og_url":"https:\/\/korneliarataj.com\/en\/kolor-muslin-lniane\/","og_site_name":"KORNELIARATAJ","article_publisher":"http:\/\/www.facebook.com\/korneliaratajshop","article_modified_time":"2026-03-23T00:18:01+00:00","twitter_card":"summary_large_image","schema":{"@context":"https:\/\/schema.org","@graph":[{"@type":"WebPage","@id":"https:\/\/korneliarataj.com\/kolor-muslin-lniane\/","url":"https:\/\/korneliarataj.com\/kolor-muslin-lniane\/","name":"Colour Muslin Linen - Swimwear and Linen Clothing Kornelia Rataj Shop","isPartOf":{"@id":"https:\/\/korneliarataj.com\/#website"},"datePublished":"2025-03-20T22:51:52+00:00","dateModified":"2026-03-23T00:18:01+00:00","description":"Kornelia Rataj's muslin linen garments. Soft fabric structure, relaxed cuts and lightness ideal for warm days.","breadcrumb":{"@id":"https:\/\/korneliarataj.com\/kolor-muslin-lniane\/#breadcrumb"},"inLanguage":"en-GB","potentialAction":[{"@type":"ReadAction","target":["https:\/\/korneliarataj.com\/kolor-muslin-lniane\/"]}]},{"@type":"BreadcrumbList","@id":"https:\/\/korneliarataj.com\/kolor-muslin-lniane\/#breadcrumb","itemListElement":[{"@type":"ListItem","position":1,"name":"HOME","item":"https:\/\/korneliarataj.com\/"},{"@type":"ListItem","position":2,"name":"Kolor Muslin lniane"}]},{"@type":"WebSite","@id":"https:\/\/korneliarataj.com\/#website","url":"https:\/\/korneliarataj.com\/","name":"Swimwear and Linen Clothing Shop Kornelia Rataj","description":"swimwear swimwear linen linen clothing","publisher":{"@id":"https:\/\/korneliarataj.com\/#organization"},"potentialAction":[{"@type":"SearchAction","target":{"@type":"EntryPoint","urlTemplate":"https:\/\/korneliarataj.com\/?s={search_term_string}"},"query-input":{"@type":"PropertyValueSpecification","valueRequired":true,"valueName":"search_term_string"}}],"inLanguage":"en-GB"},{"@type":"Organization","@id":"https:\/\/korneliarataj.com\/#organization","name":"KORNELIARATAJ","url":"https:\/\/korneliarataj.com\/","logo":{"@type":"ImageObject","inLanguage":"en-GB","@id":"https:\/\/korneliarataj.com\/#\/schema\/logo\/image\/","url":"https:\/\/korneliarataj.com\/wp-content\/uploads\/2020\/07\/LOGO-KR.svg","contentUrl":"https:\/\/korneliarataj.com\/wp-content\/uploads\/2020\/07\/LOGO-KR.svg","width":1024,"height":1024,"caption":"KORNELIARATAJ"},"image":{"@id":"https:\/\/korneliarataj.com\/#\/schema\/logo\/image\/"},"sameAs":["http:\/\/www.facebook.com\/korneliaratajshop","http:\/\/www.instagram.com\/korneliarataj"]}]}},"_links":{"self":[{"href":"https:\/\/korneliarataj.com\/en\/wp-json\/wp\/v2\/pages\/315125","targetHints":{"allow":["GET"]}}],"collection":[{"href":"https:\/\/korneliarataj.com\/en\/wp-json\/wp\/v2\/pages"}],"about":[{"href":"https:\/\/korneliarataj.com\/en\/wp-json\/wp\/v2\/types\/page"}],"author":[{"embeddable":true,"href":"https:\/\/korneliarataj.com\/en\/wp-json\/wp\/v2\/users\/1"}],"replies":[{"embeddable":true,"href":"https:\/\/korneliarataj.com\/en\/wp-json\/wp\/v2\/comments?post=315125"}],"version-history":[{"count":1,"href":"https:\/\/korneliarataj.com\/en\/wp-json\/wp\/v2\/pages\/315125\/revisions"}],"predecessor-version":[{"id":406681,"href":"https:\/\/korneliarataj.com\/en\/wp-json\/wp\/v2\/pages\/315125\/revisions\/406681"}],"wp:attachment":[{"href":"https:\/\/korneliarataj.com\/en\/wp-json\/wp\/v2\/media?parent=315125"}],"curies":[{"name":"wp","href":"https:\/\/api.w.org\/{rel}","templated":true}]}}