{"id":314609,"date":"2025-03-14T23:19:18","date_gmt":"2025-03-14T22:19:18","guid":{"rendered":"https:\/\/korneliarataj.com\/?page_id=314609"},"modified":"2026-03-23T01:36:58","modified_gmt":"2026-03-23T00:36:58","slug":"kurtki","status":"publish","type":"page","link":"https:\/\/korneliarataj.com\/en\/kurtki\/","title":{"rendered":"Jackets"},"content":{"rendered":"<div class=\"woocommerce columns-1\"><ul class=\"products columns-1\">\n<li class=\"flv-has-gallery product type-product post-226830 status-publish first instock product_cat-kurtki product_cat-sale-wear has-post-thumbnail sale taxable shipping-taxable purchasable product-type-variable has-default-attributes\">\n\t<a href=\"https:\/\/korneliarataj.com\/en\/product\/bawelniana-kurtka-koszulowa-z-haftem-kremowa\/\" class=\"woocommerce-LoopProduct-link woocommerce-loop-product__link\">\n\t<span class=\"onsale\" data-no-translation=\"\" data-trp-gettext=\"\">Sale!<\/span>\n\t<img fetchpriority=\"high\" decoding=\"async\" width=\"600\" height=\"900\" src=\"https:\/\/korneliarataj.com\/wp-content\/uploads\/2024\/06\/KR-SUMMER-JACKET-1-683x1024.jpg\" class=\"attachment-woocommerce_thumbnail size-woocommerce_thumbnail\" alt=\"Bawe\u0142niana kurtka koszulowa z haftem Kremowa\" srcset=\"https:\/\/korneliarataj.com\/wp-content\/uploads\/2024\/06\/KR-SUMMER-JACKET-1-683x1024.jpg 683w, https:\/\/korneliarataj.com\/wp-content\/uploads\/2024\/06\/KR-SUMMER-JACKET-1-200x300.jpg 200w, https:\/\/korneliarataj.com\/wp-content\/uploads\/2024\/06\/KR-SUMMER-JACKET-1-768x1151.jpg 768w, https:\/\/korneliarataj.com\/wp-content\/uploads\/2024\/06\/KR-SUMMER-JACKET-1-1025x1536.jpg 1025w, https:\/\/korneliarataj.com\/wp-content\/uploads\/2024\/06\/KR-SUMMER-JACKET-1-scaled.jpg 1366w, https:\/\/korneliarataj.com\/wp-content\/uploads\/2024\/06\/KR-SUMMER-JACKET-1-350x525.jpg 350w, https:\/\/korneliarataj.com\/wp-content\/uploads\/2024\/06\/KR-SUMMER-JACKET-1-1200x1799.jpg 1200w, https:\/\/korneliarataj.com\/wp-content\/uploads\/2024\/06\/KR-SUMMER-JACKET-1-scaled-167x250.jpg 167w, https:\/\/korneliarataj.com\/wp-content\/uploads\/2024\/06\/KR-SUMMER-JACKET-1-64x96.jpg 64w, https:\/\/korneliarataj.com\/wp-content\/uploads\/2024\/06\/KR-SUMMER-JACKET-1-60x90.jpg 60w\" sizes=\"(max-width: 600px) 100vw, 600px\" \/><img decoding=\"async\" width=\"1366\" height=\"2048\" src=\"https:\/\/korneliarataj.com\/wp-content\/uploads\/2024\/06\/KR-SUMMER-JACKET-2-scaled.jpg\" class=\"flv_second_img attachment-shop-catalog\" alt=\"\" srcset=\"https:\/\/korneliarataj.com\/wp-content\/uploads\/2024\/06\/KR-SUMMER-JACKET-2-scaled.jpg 1366w, https:\/\/korneliarataj.com\/wp-content\/uploads\/2024\/06\/KR-SUMMER-JACKET-2-200x300.jpg 200w, https:\/\/korneliarataj.com\/wp-content\/uploads\/2024\/06\/KR-SUMMER-JACKET-2-683x1024.jpg 683w, https:\/\/korneliarataj.com\/wp-content\/uploads\/2024\/06\/KR-SUMMER-JACKET-2-768x1151.jpg 768w, https:\/\/korneliarataj.com\/wp-content\/uploads\/2024\/06\/KR-SUMMER-JACKET-2-1025x1536.jpg 1025w, https:\/\/korneliarataj.com\/wp-content\/uploads\/2024\/06\/KR-SUMMER-JACKET-2-350x525.jpg 350w, https:\/\/korneliarataj.com\/wp-content\/uploads\/2024\/06\/KR-SUMMER-JACKET-2-1200x1799.jpg 1200w, https:\/\/korneliarataj.com\/wp-content\/uploads\/2024\/06\/KR-SUMMER-JACKET-2-scaled-167x250.jpg 167w, https:\/\/korneliarataj.com\/wp-content\/uploads\/2024\/06\/KR-SUMMER-JACKET-2-64x96.jpg 64w, https:\/\/korneliarataj.com\/wp-content\/uploads\/2024\/06\/KR-SUMMER-JACKET-2-60x90.jpg 60w\" sizes=\"(max-width: 1366px) 100vw, 1366px\" \/><div class=\"berocket_better_labels berocket_better_labels_image\"><div class=\"berocket_better_labels_position berocket_better_labels_position_right\"><div class=\"berocket_better_labels_line berocket_better_labels_line_1\"><div class=\"berocket_better_labels_inline berocket_better_labels_inline_1\"><div class=\"br_alabel br_alabel_type_sale_p br_alabel_template_type_css berocket_alabel_id_141753  br_alabel_better_compatibility\" style=\"\"><span  style=\"\"><i style=\"background-color: #000000; border-color: #000000;\" class=\"template-span-before\"><\/i><i style=\"background-color: #000000; border-color: #000000;\" class=\"template-i\"><\/i><i style=\"background-color: #000000; border-color: #000000;\" class=\"template-i-before\"><\/i><i style=\"background-color: #000000; border-color: #000000;\" class=\"template-i-after\"><\/i><b><span class='b_span_text'>-60%<\/span><\/b><\/span><\/div><\/div><\/div><\/div><\/div><h2 class=\"woocommerce-loop-product__title\">Cotton shirt jacket with embroidery Cream<\/h2>\n\t<span class=\"price\"><del aria-hidden=\"true\"><span class=\"woocommerce-Price-amount amount\"><bdi>699,00&nbsp;<span class=\"woocommerce-Price-currencySymbol\">PLN<\/span><\/bdi><\/span><\/del> <span class=\"screen-reader-text\" data-no-translation=\"\" data-trp-gettext=\"\">Pierwotna cena wynosi\u0142a: 699,00&nbsp;PLN.<\/span><ins aria-hidden=\"true\"><span class=\"woocommerce-Price-amount amount\"><bdi>279,60&nbsp;<span class=\"woocommerce-Price-currencySymbol\">PLN<\/span><\/bdi><\/span><\/ins><span class=\"screen-reader-text\" data-no-translation=\"\" data-trp-gettext=\"\">Aktualna cena wynosi: 279,60&nbsp;PLN.<\/span><\/span>\n<\/a><a href=\"https:\/\/korneliarataj.com\/en\/product\/bawelniana-kurtka-koszulowa-z-haftem-kremowa\/\" aria-describedby=\"woocommerce_loop_add_to_cart_link_describedby_226830\" data-quantity=\"1\" class=\"button product_type_variable add_to_cart_button\" data-product_id=\"226830\" data-product_sku=\"d10a\" aria-label=\"Select options for \u201cBawe\u0142niana kurtka koszulowa z haftem Kremowa\u201d\" rel=\"nofollow\" data-no-translation=\"\" data-trp-gettext=\"\" data-no-translation-aria-label=\"\">Wybierz opcje<\/a>\t<span id=\"woocommerce_loop_add_to_cart_link_describedby_226830\" class=\"screen-reader-text\">\n\t\tThis product has multiple variants. The options may be chosen on the product page\t<\/span>\n<span class=\"gtm4wp_productdata\" style=\"display:none; visibility:hidden;\" data-gtm4wp_product_data=\"{&quot;internal_id&quot;:226830,&quot;item_id&quot;:226830,&quot;item_name&quot;:&quot;Bawe\\u0142niana kurtka koszulowa z haftem Kremowa&quot;,&quot;sku&quot;:&quot;d10a&quot;,&quot;price&quot;:279.6000000000000227373675443232059478759765625,&quot;stocklevel&quot;:null,&quot;stockstatus&quot;:&quot;instock&quot;,&quot;google_business_vertical&quot;:&quot;retail&quot;,&quot;item_category&quot;:&quot;KURTKI&quot;,&quot;id&quot;:226830,&quot;productlink&quot;:&quot;https:\\\/\\\/korneliarataj.com\\\/en\\\/product\\\/bawelniana-kurtka-koszulowa-z-haftem-kremowa\\\/&quot;,&quot;item_list_name&quot;:&quot;General Product List&quot;,&quot;index&quot;:1,&quot;product_type&quot;:&quot;variable&quot;,&quot;item_brand&quot;:&quot;&quot;}\"><\/span><\/li>\n<\/ul>\n<\/div>","protected":false},"excerpt":{"rendered":"","protected":false},"author":1,"featured_media":0,"parent":0,"menu_order":0,"comment_status":"closed","ping_status":"closed","template":"","meta":{"footnotes":""},"class_list":["post-314609","page","type-page","status-publish","hentry"],"yoast_head":"<!-- This site is optimized with the Yoast SEO plugin v27.4 - https:\/\/yoast.com\/product\/yoast-seo-wordpress\/ -->\n<title>Kurtki - Stroje K\u0105pielowe i Odzie\u017c Lniana Sklep Kornelia Rataj<\/title>\n<meta name=\"description\" content=\"Kurtki damskie Kornelia Rataj. R\u0119cznie szyte modele o prostych liniach, zaprojektowane z my\u015bl\u0105 o wygodzie i ponadczasowym stylu.\" \/>\n<meta name=\"robots\" content=\"index, follow, max-snippet:-1, max-image-preview:large, max-video-preview:-1\" \/>\n<link rel=\"canonical\" href=\"https:\/\/korneliarataj.com\/en\/kurtki\/\" \/>\n<meta property=\"og:locale\" content=\"en_GB\" \/>\n<meta property=\"og:type\" content=\"article\" \/>\n<meta property=\"og:title\" content=\"Kurtki - Stroje K\u0105pielowe i Odzie\u017c Lniana Sklep Kornelia Rataj\" \/>\n<meta property=\"og:description\" content=\"Kurtki damskie Kornelia Rataj. R\u0119cznie szyte modele o prostych liniach, zaprojektowane z my\u015bl\u0105 o wygodzie i ponadczasowym stylu.\" \/>\n<meta property=\"og:url\" content=\"https:\/\/korneliarataj.com\/en\/kurtki\/\" \/>\n<meta property=\"og:site_name\" content=\"KORNELIARATAJ\" \/>\n<meta property=\"article:publisher\" content=\"http:\/\/www.facebook.com\/korneliaratajshop\" \/>\n<meta property=\"article:modified_time\" content=\"2026-03-23T00:36:58+00:00\" \/>\n<meta name=\"twitter:card\" content=\"summary_large_image\" \/>\n<meta name=\"twitter:label1\" content=\"Estimated reading time\" \/>\n\t<meta name=\"twitter:data1\" content=\"1 minute\" \/>\n<script type=\"application\/ld+json\" class=\"yoast-schema-graph\">{\"@context\":\"https:\\\/\\\/schema.org\",\"@graph\":[{\"@type\":\"WebPage\",\"@id\":\"https:\\\/\\\/korneliarataj.com\\\/kurtki\\\/\",\"url\":\"https:\\\/\\\/korneliarataj.com\\\/kurtki\\\/\",\"name\":\"Kurtki - Stroje K\u0105pielowe i Odzie\u017c Lniana Sklep Kornelia Rataj\",\"isPartOf\":{\"@id\":\"https:\\\/\\\/korneliarataj.com\\\/#website\"},\"datePublished\":\"2025-03-14T22:19:18+00:00\",\"dateModified\":\"2026-03-23T00:36:58+00:00\",\"description\":\"Kurtki damskie Kornelia Rataj. R\u0119cznie szyte modele o prostych liniach, zaprojektowane z my\u015bl\u0105 o wygodzie i ponadczasowym stylu.\",\"breadcrumb\":{\"@id\":\"https:\\\/\\\/korneliarataj.com\\\/kurtki\\\/#breadcrumb\"},\"inLanguage\":\"en-GB\",\"potentialAction\":[{\"@type\":\"ReadAction\",\"target\":[\"https:\\\/\\\/korneliarataj.com\\\/kurtki\\\/\"]}]},{\"@type\":\"BreadcrumbList\",\"@id\":\"https:\\\/\\\/korneliarataj.com\\\/kurtki\\\/#breadcrumb\",\"itemListElement\":[{\"@type\":\"ListItem\",\"position\":1,\"name\":\"HOME\",\"item\":\"https:\\\/\\\/korneliarataj.com\\\/\"},{\"@type\":\"ListItem\",\"position\":2,\"name\":\"Kurtki\"}]},{\"@type\":\"WebSite\",\"@id\":\"https:\\\/\\\/korneliarataj.com\\\/#website\",\"url\":\"https:\\\/\\\/korneliarataj.com\\\/\",\"name\":\"Stroje K\u0105pielowe i Odzie\u017c Lniana Sklep Kornelia Rataj\",\"description\":\"swimwear stroje k\u0105pielowe ubrania len lniane\",\"publisher\":{\"@id\":\"https:\\\/\\\/korneliarataj.com\\\/#organization\"},\"potentialAction\":[{\"@type\":\"SearchAction\",\"target\":{\"@type\":\"EntryPoint\",\"urlTemplate\":\"https:\\\/\\\/korneliarataj.com\\\/?s={search_term_string}\"},\"query-input\":{\"@type\":\"PropertyValueSpecification\",\"valueRequired\":true,\"valueName\":\"search_term_string\"}}],\"inLanguage\":\"en-GB\"},{\"@type\":\"Organization\",\"@id\":\"https:\\\/\\\/korneliarataj.com\\\/#organization\",\"name\":\"KORNELIARATAJ\",\"url\":\"https:\\\/\\\/korneliarataj.com\\\/\",\"logo\":{\"@type\":\"ImageObject\",\"inLanguage\":\"en-GB\",\"@id\":\"https:\\\/\\\/korneliarataj.com\\\/#\\\/schema\\\/logo\\\/image\\\/\",\"url\":\"https:\\\/\\\/korneliarataj.com\\\/wp-content\\\/uploads\\\/2020\\\/07\\\/LOGO-KR.svg\",\"contentUrl\":\"https:\\\/\\\/korneliarataj.com\\\/wp-content\\\/uploads\\\/2020\\\/07\\\/LOGO-KR.svg\",\"width\":1024,\"height\":1024,\"caption\":\"KORNELIARATAJ\"},\"image\":{\"@id\":\"https:\\\/\\\/korneliarataj.com\\\/#\\\/schema\\\/logo\\\/image\\\/\"},\"sameAs\":[\"http:\\\/\\\/www.facebook.com\\\/korneliaratajshop\",\"http:\\\/\\\/www.instagram.com\\\/korneliarataj\"]}]}<\/script>\n<!-- \/ Yoast SEO plugin. -->","yoast_head_json":{"title":"Jackets - Swimwear and Linenwear Shop Kornelia Rataj","description":"Kornelia Rataj women's jackets. Hand-sewn models with simple lines, designed for comfort and timeless style.","robots":{"index":"index","follow":"follow","max-snippet":"max-snippet:-1","max-image-preview":"max-image-preview:large","max-video-preview":"max-video-preview:-1"},"canonical":"https:\/\/korneliarataj.com\/en\/kurtki\/","og_locale":"en_GB","og_type":"article","og_title":"Kurtki - Stroje K\u0105pielowe i Odzie\u017c Lniana Sklep Kornelia Rataj","og_description":"Kurtki damskie Kornelia Rataj. R\u0119cznie szyte modele o prostych liniach, zaprojektowane z my\u015bl\u0105 o wygodzie i ponadczasowym stylu.","og_url":"https:\/\/korneliarataj.com\/en\/kurtki\/","og_site_name":"KORNELIARATAJ","article_publisher":"http:\/\/www.facebook.com\/korneliaratajshop","article_modified_time":"2026-03-23T00:36:58+00:00","twitter_card":"summary_large_image","twitter_misc":{"Estimated reading time":"1 minute"},"schema":{"@context":"https:\/\/schema.org","@graph":[{"@type":"WebPage","@id":"https:\/\/korneliarataj.com\/kurtki\/","url":"https:\/\/korneliarataj.com\/kurtki\/","name":"Jackets - Swimwear and Linenwear Shop Kornelia Rataj","isPartOf":{"@id":"https:\/\/korneliarataj.com\/#website"},"datePublished":"2025-03-14T22:19:18+00:00","dateModified":"2026-03-23T00:36:58+00:00","description":"Kornelia Rataj women's jackets. Hand-sewn models with simple lines, designed for comfort and timeless style.","breadcrumb":{"@id":"https:\/\/korneliarataj.com\/kurtki\/#breadcrumb"},"inLanguage":"en-GB","potentialAction":[{"@type":"ReadAction","target":["https:\/\/korneliarataj.com\/kurtki\/"]}]},{"@type":"BreadcrumbList","@id":"https:\/\/korneliarataj.com\/kurtki\/#breadcrumb","itemListElement":[{"@type":"ListItem","position":1,"name":"HOME","item":"https:\/\/korneliarataj.com\/"},{"@type":"ListItem","position":2,"name":"Kurtki"}]},{"@type":"WebSite","@id":"https:\/\/korneliarataj.com\/#website","url":"https:\/\/korneliarataj.com\/","name":"Swimwear and Linen Clothing Shop Kornelia Rataj","description":"swimwear swimwear linen linen clothing","publisher":{"@id":"https:\/\/korneliarataj.com\/#organization"},"potentialAction":[{"@type":"SearchAction","target":{"@type":"EntryPoint","urlTemplate":"https:\/\/korneliarataj.com\/?s={search_term_string}"},"query-input":{"@type":"PropertyValueSpecification","valueRequired":true,"valueName":"search_term_string"}}],"inLanguage":"en-GB"},{"@type":"Organization","@id":"https:\/\/korneliarataj.com\/#organization","name":"KORNELIARATAJ","url":"https:\/\/korneliarataj.com\/","logo":{"@type":"ImageObject","inLanguage":"en-GB","@id":"https:\/\/korneliarataj.com\/#\/schema\/logo\/image\/","url":"https:\/\/korneliarataj.com\/wp-content\/uploads\/2020\/07\/LOGO-KR.svg","contentUrl":"https:\/\/korneliarataj.com\/wp-content\/uploads\/2020\/07\/LOGO-KR.svg","width":1024,"height":1024,"caption":"KORNELIARATAJ"},"image":{"@id":"https:\/\/korneliarataj.com\/#\/schema\/logo\/image\/"},"sameAs":["http:\/\/www.facebook.com\/korneliaratajshop","http:\/\/www.instagram.com\/korneliarataj"]}]}},"_links":{"self":[{"href":"https:\/\/korneliarataj.com\/en\/wp-json\/wp\/v2\/pages\/314609","targetHints":{"allow":["GET"]}}],"collection":[{"href":"https:\/\/korneliarataj.com\/en\/wp-json\/wp\/v2\/pages"}],"about":[{"href":"https:\/\/korneliarataj.com\/en\/wp-json\/wp\/v2\/types\/page"}],"author":[{"embeddable":true,"href":"https:\/\/korneliarataj.com\/en\/wp-json\/wp\/v2\/users\/1"}],"replies":[{"embeddable":true,"href":"https:\/\/korneliarataj.com\/en\/wp-json\/wp\/v2\/comments?post=314609"}],"version-history":[{"count":3,"href":"https:\/\/korneliarataj.com\/en\/wp-json\/wp\/v2\/pages\/314609\/revisions"}],"predecessor-version":[{"id":406740,"href":"https:\/\/korneliarataj.com\/en\/wp-json\/wp\/v2\/pages\/314609\/revisions\/406740"}],"wp:attachment":[{"href":"https:\/\/korneliarataj.com\/en\/wp-json\/wp\/v2\/media?parent=314609"}],"curies":[{"name":"wp","href":"https:\/\/api.w.org\/{rel}","templated":true}]}}