{"id":314576,"date":"2025-03-14T22:51:54","date_gmt":"2025-03-14T21:51:54","guid":{"rendered":"https:\/\/korneliarataj.com\/?page_id=314576"},"modified":"2026-03-23T01:32:54","modified_gmt":"2026-03-23T00:32:54","slug":"torby-plazowe","status":"publish","type":"page","link":"https:\/\/korneliarataj.com\/en\/torby-plazowe\/","title":{"rendered":"Beach bags"},"content":{"rendered":"<div class=\"woocommerce columns-2\"><div class=\"woocommerce-notices-wrapper\"><\/div><p class=\"woocommerce-result-count\" role=\"alert\" aria-relevant=\"all\" >\n\tShowing all 3 results<\/p>\n<form class=\"woocommerce-ordering\" method=\"get\" action=\"\">\n\t\t<select\n\t\tname=\"orderby\"\n\t\tclass=\"orderby\"\n\t\t\t\t\taria-label=\"Shop order\" data-no-translation-aria-label=\"\"\n\t\t\t>\n\t\t\t\t\t<option value=\"price\" data-no-translation=\"\" data-trp-gettext=\"\" >Sort by price: low to high<\/option>\n\t\t\t\t\t<option value=\"price-desc\" data-no-translation=\"\" data-trp-gettext=\"\" >Sort by price: high to low<\/option>\n\t\t\t\t\t<option value=\"sku-asc\"  selected='selected'>Default sorting<\/option>\n\t\t\t\t\t<option value=\"alphabetical\" >Sort by name: A to Z<\/option>\n\t\t\t\t\t<option value=\"reverse_alpha\" >Sort by name: Z to A<\/option>\n\t\t\t<\/select>\n\t<input type=\"hidden\" name=\"paged\" value=\"1\" \/>\n\t<input type=\"hidden\" name=\"trp-form-language\" value=\"en\"\/><\/form>\n<ul class=\"products columns-2\">\n<li class=\"flv-has-gallery product type-product post-365 status-publish first instock product_cat-akcesoria product_cat-torby-plazowe has-post-thumbnail taxable shipping-taxable purchasable product-type-simple\">\n\t<a href=\"https:\/\/korneliarataj.com\/en\/product\/torba-bawelniana-z-logo-kr-kremowa\/\" class=\"woocommerce-LoopProduct-link woocommerce-loop-product__link\"><img fetchpriority=\"high\" decoding=\"async\" width=\"600\" height=\"900\" src=\"https:\/\/korneliarataj.com\/wp-content\/uploads\/2024\/04\/LB-KR-COTTON-BAG-CREAM-1-683x1024.jpg\" class=\"attachment-woocommerce_thumbnail size-woocommerce_thumbnail\" alt=\"Torba bawe\u0142niana z logo KORNELIA RATAJ Kremowa\" srcset=\"https:\/\/korneliarataj.com\/wp-content\/uploads\/2024\/04\/LB-KR-COTTON-BAG-CREAM-1-683x1024.jpg 683w, https:\/\/korneliarataj.com\/wp-content\/uploads\/2024\/04\/LB-KR-COTTON-BAG-CREAM-1-200x300.jpg 200w, https:\/\/korneliarataj.com\/wp-content\/uploads\/2024\/04\/LB-KR-COTTON-BAG-CREAM-1-768x1151.jpg 768w, https:\/\/korneliarataj.com\/wp-content\/uploads\/2024\/04\/LB-KR-COTTON-BAG-CREAM-1-1025x1536.jpg 1025w, https:\/\/korneliarataj.com\/wp-content\/uploads\/2024\/04\/LB-KR-COTTON-BAG-CREAM-1-scaled.jpg 1366w, https:\/\/korneliarataj.com\/wp-content\/uploads\/2024\/04\/LB-KR-COTTON-BAG-CREAM-1-350x525.jpg 350w, https:\/\/korneliarataj.com\/wp-content\/uploads\/2024\/04\/LB-KR-COTTON-BAG-CREAM-1-1200x1799.jpg 1200w, https:\/\/korneliarataj.com\/wp-content\/uploads\/2024\/04\/LB-KR-COTTON-BAG-CREAM-1-scaled-167x250.jpg 167w, https:\/\/korneliarataj.com\/wp-content\/uploads\/2024\/04\/LB-KR-COTTON-BAG-CREAM-1-64x96.jpg 64w, https:\/\/korneliarataj.com\/wp-content\/uploads\/2024\/04\/LB-KR-COTTON-BAG-CREAM-1-60x90.jpg 60w\" sizes=\"(max-width: 600px) 100vw, 600px\" \/><img decoding=\"async\" width=\"1366\" height=\"2048\" src=\"https:\/\/korneliarataj.com\/wp-content\/uploads\/2024\/04\/LB-KR-COTTON-BAG-CREAM-2-scaled.jpg\" class=\"flv_second_img attachment-shop-catalog\" alt=\"\" srcset=\"https:\/\/korneliarataj.com\/wp-content\/uploads\/2024\/04\/LB-KR-COTTON-BAG-CREAM-2-scaled.jpg 1366w, https:\/\/korneliarataj.com\/wp-content\/uploads\/2024\/04\/LB-KR-COTTON-BAG-CREAM-2-200x300.jpg 200w, https:\/\/korneliarataj.com\/wp-content\/uploads\/2024\/04\/LB-KR-COTTON-BAG-CREAM-2-683x1024.jpg 683w, https:\/\/korneliarataj.com\/wp-content\/uploads\/2024\/04\/LB-KR-COTTON-BAG-CREAM-2-768x1151.jpg 768w, https:\/\/korneliarataj.com\/wp-content\/uploads\/2024\/04\/LB-KR-COTTON-BAG-CREAM-2-1024x1536.jpg 1024w, https:\/\/korneliarataj.com\/wp-content\/uploads\/2024\/04\/LB-KR-COTTON-BAG-CREAM-2-350x525.jpg 350w, https:\/\/korneliarataj.com\/wp-content\/uploads\/2024\/04\/LB-KR-COTTON-BAG-CREAM-2-1200x1799.jpg 1200w, https:\/\/korneliarataj.com\/wp-content\/uploads\/2024\/04\/LB-KR-COTTON-BAG-CREAM-2-scaled-167x250.jpg 167w, https:\/\/korneliarataj.com\/wp-content\/uploads\/2024\/04\/LB-KR-COTTON-BAG-CREAM-2-64x96.jpg 64w, https:\/\/korneliarataj.com\/wp-content\/uploads\/2024\/04\/LB-KR-COTTON-BAG-CREAM-2-60x90.jpg 60w\" sizes=\"(max-width: 1366px) 100vw, 1366px\" \/><h2 class=\"woocommerce-loop-product__title\">Cotton bag with logo KORNELIA RATAJ Cream-coloured<\/h2>\n\t<span class=\"price\"><span class=\"woocommerce-Price-amount amount\"><bdi>59,00&nbsp;<span class=\"woocommerce-Price-currencySymbol\">PLN<\/span><\/bdi><\/span><\/span>\n<\/a><a href=\"\/en\/wp-json\/wp\/v2\/pages\/314576?add-to-cart=365\" aria-describedby=\"woocommerce_loop_add_to_cart_link_describedby_365\" data-quantity=\"1\" class=\"button product_type_simple add_to_cart_button ajax_add_to_cart\" data-product_id=\"365\" data-product_sku=\"wb1\" aria-label=\"Add to basket: \u201cTorba bawe\u0142niana z logo KORNELIA RATAJ Kremowa\u201d\" rel=\"nofollow\" data-success_message=\"\u201cTorba bawe\u0142niana z logo KORNELIA RATAJ Kremowa\u201d has been added to your cart\" role=\"button\" data-no-translation=\"\" data-trp-gettext=\"\" data-no-translation-aria-label=\"\" data-no-translation-data-success_message=\"\">Add to basket<\/a>\t<span id=\"woocommerce_loop_add_to_cart_link_describedby_365\" class=\"screen-reader-text\">\n\t\t\t<\/span>\n<span class=\"gtm4wp_productdata\" style=\"display:none; visibility:hidden;\" data-gtm4wp_product_data=\"{&quot;internal_id&quot;:365,&quot;item_id&quot;:365,&quot;item_name&quot;:&quot;Torba bawe\\u0142niana z logo KORNELIA RATAJ Kremowa&quot;,&quot;sku&quot;:&quot;wb1&quot;,&quot;price&quot;:59,&quot;stocklevel&quot;:149,&quot;stockstatus&quot;:&quot;instock&quot;,&quot;google_business_vertical&quot;:&quot;retail&quot;,&quot;item_category&quot;:&quot;AKCESORIA&quot;,&quot;id&quot;:365,&quot;productlink&quot;:&quot;https:\\\/\\\/korneliarataj.com\\\/en\\\/product\\\/torba-bawelniana-z-logo-kr-kremowa\\\/&quot;,&quot;item_list_name&quot;:&quot;General Product List&quot;,&quot;index&quot;:1,&quot;product_type&quot;:&quot;simple&quot;,&quot;item_brand&quot;:&quot;&quot;}\"><\/span><\/li>\n<li class=\"flv-has-gallery product type-product post-369 status-publish last instock product_cat-akcesoria product_cat-torby-plazowe has-post-thumbnail taxable shipping-taxable purchasable product-type-simple\">\n\t<a href=\"https:\/\/korneliarataj.com\/en\/product\/torba-bawelniana-z-logo-kr-czarna\/\" class=\"woocommerce-LoopProduct-link woocommerce-loop-product__link\"><img decoding=\"async\" width=\"600\" height=\"900\" src=\"https:\/\/korneliarataj.com\/wp-content\/uploads\/2024\/04\/LB-KR-COTTON-BAG-BLACK-1-683x1024.jpg\" class=\"attachment-woocommerce_thumbnail size-woocommerce_thumbnail\" alt=\"Torba bawe\u0142niana z logo KORNELIA RATAJ Czarna\" srcset=\"https:\/\/korneliarataj.com\/wp-content\/uploads\/2024\/04\/LB-KR-COTTON-BAG-BLACK-1-683x1024.jpg 683w, https:\/\/korneliarataj.com\/wp-content\/uploads\/2024\/04\/LB-KR-COTTON-BAG-BLACK-1-200x300.jpg 200w, https:\/\/korneliarataj.com\/wp-content\/uploads\/2024\/04\/LB-KR-COTTON-BAG-BLACK-1-768x1151.jpg 768w, https:\/\/korneliarataj.com\/wp-content\/uploads\/2024\/04\/LB-KR-COTTON-BAG-BLACK-1-1025x1536.jpg 1025w, https:\/\/korneliarataj.com\/wp-content\/uploads\/2024\/04\/LB-KR-COTTON-BAG-BLACK-1-scaled.jpg 1366w, https:\/\/korneliarataj.com\/wp-content\/uploads\/2024\/04\/LB-KR-COTTON-BAG-BLACK-1-350x525.jpg 350w, https:\/\/korneliarataj.com\/wp-content\/uploads\/2024\/04\/LB-KR-COTTON-BAG-BLACK-1-1200x1799.jpg 1200w, https:\/\/korneliarataj.com\/wp-content\/uploads\/2024\/04\/LB-KR-COTTON-BAG-BLACK-1-scaled-167x250.jpg 167w, https:\/\/korneliarataj.com\/wp-content\/uploads\/2024\/04\/LB-KR-COTTON-BAG-BLACK-1-64x96.jpg 64w, https:\/\/korneliarataj.com\/wp-content\/uploads\/2024\/04\/LB-KR-COTTON-BAG-BLACK-1-60x90.jpg 60w\" sizes=\"(max-width: 600px) 100vw, 600px\" \/><img loading=\"lazy\" decoding=\"async\" width=\"1707\" height=\"2560\" src=\"https:\/\/korneliarataj.com\/wp-content\/uploads\/2025\/05\/LB2-2025-TORBA-KR-1-scaled.webp\" class=\"flv_second_img attachment-shop-catalog\" alt=\"Bawe\u0142niana torba czarna z logo KR\" srcset=\"https:\/\/korneliarataj.com\/wp-content\/uploads\/2025\/05\/LB2-2025-TORBA-KR-1-scaled.webp 1707w, https:\/\/korneliarataj.com\/wp-content\/uploads\/2025\/05\/LB2-2025-TORBA-KR-1-200x300.webp 200w, https:\/\/korneliarataj.com\/wp-content\/uploads\/2025\/05\/LB2-2025-TORBA-KR-1-683x1024.webp 683w, https:\/\/korneliarataj.com\/wp-content\/uploads\/2025\/05\/LB2-2025-TORBA-KR-1-768x1152.webp 768w, https:\/\/korneliarataj.com\/wp-content\/uploads\/2025\/05\/LB2-2025-TORBA-KR-1-1024x1536.webp 1024w, https:\/\/korneliarataj.com\/wp-content\/uploads\/2025\/05\/LB2-2025-TORBA-KR-1-1365x2048.webp 1365w, https:\/\/korneliarataj.com\/wp-content\/uploads\/2025\/05\/LB2-2025-TORBA-KR-1-600x900.webp 600w, https:\/\/korneliarataj.com\/wp-content\/uploads\/2025\/05\/LB2-2025-TORBA-KR-1-1200x1800.webp 1200w, https:\/\/korneliarataj.com\/wp-content\/uploads\/2025\/05\/LB2-2025-TORBA-KR-1-167x250.webp 167w, https:\/\/korneliarataj.com\/wp-content\/uploads\/2025\/05\/LB2-2025-TORBA-KR-1-60x90.webp 60w\" sizes=\"(max-width: 1707px) 100vw, 1707px\" \/><h2 class=\"woocommerce-loop-product__title\">Cotton bag with logo KORNELIA RATAJ Black<\/h2>\n\t<span class=\"price\"><span class=\"woocommerce-Price-amount amount\"><bdi>59,00&nbsp;<span class=\"woocommerce-Price-currencySymbol\">PLN<\/span><\/bdi><\/span><\/span>\n<\/a><a href=\"\/en\/wp-json\/wp\/v2\/pages\/314576?add-to-cart=369\" aria-describedby=\"woocommerce_loop_add_to_cart_link_describedby_369\" data-quantity=\"1\" class=\"button product_type_simple add_to_cart_button ajax_add_to_cart\" data-product_id=\"369\" data-product_sku=\"wb2\" aria-label=\"Add to basket: \u201cTorba bawe\u0142niana z logo KORNELIA RATAJ Czarna\u201d\" rel=\"nofollow\" data-success_message=\"\u201cTorba bawe\u0142niana z logo KORNELIA RATAJ Czarna\u201d has been added to your cart\" role=\"button\" data-no-translation=\"\" data-trp-gettext=\"\" data-no-translation-aria-label=\"\" data-no-translation-data-success_message=\"\">Add to basket<\/a>\t<span id=\"woocommerce_loop_add_to_cart_link_describedby_369\" class=\"screen-reader-text\">\n\t\t\t<\/span>\n<span class=\"gtm4wp_productdata\" style=\"display:none; visibility:hidden;\" data-gtm4wp_product_data=\"{&quot;internal_id&quot;:369,&quot;item_id&quot;:369,&quot;item_name&quot;:&quot;Torba bawe\\u0142niana z logo KORNELIA RATAJ Czarna&quot;,&quot;sku&quot;:&quot;wb2&quot;,&quot;price&quot;:59,&quot;stocklevel&quot;:110,&quot;stockstatus&quot;:&quot;instock&quot;,&quot;google_business_vertical&quot;:&quot;retail&quot;,&quot;item_category&quot;:&quot;AKCESORIA&quot;,&quot;id&quot;:369,&quot;productlink&quot;:&quot;https:\\\/\\\/korneliarataj.com\\\/en\\\/product\\\/torba-bawelniana-z-logo-kr-czarna\\\/&quot;,&quot;item_list_name&quot;:&quot;General Product List&quot;,&quot;index&quot;:2,&quot;product_type&quot;:&quot;simple&quot;,&quot;item_brand&quot;:&quot;&quot;}\"><\/span><\/li>\n<li class=\"flv-has-gallery product type-product post-361 status-publish first instock product_cat-akcesoria product_cat-torby-plazowe has-post-thumbnail taxable shipping-taxable purchasable product-type-simple\">\n\t<a href=\"https:\/\/korneliarataj.com\/en\/product\/bawelniany-worek-ochronny-na-odziez-z-logo-kr\/\" class=\"woocommerce-LoopProduct-link woocommerce-loop-product__link\"><img loading=\"lazy\" decoding=\"async\" width=\"600\" height=\"900\" src=\"https:\/\/korneliarataj.com\/wp-content\/uploads\/2022\/03\/KR-COTTON-SACK-PS2-683x1024.jpg\" class=\"attachment-woocommerce_thumbnail size-woocommerce_thumbnail\" alt=\"Bawe\u0142niany worek ochronny na odzie\u017c z logo KORNELIA RATAJ\" srcset=\"https:\/\/korneliarataj.com\/wp-content\/uploads\/2022\/03\/KR-COTTON-SACK-PS2-683x1024.jpg 683w, https:\/\/korneliarataj.com\/wp-content\/uploads\/2022\/03\/KR-COTTON-SACK-PS2-200x300.jpg 200w, https:\/\/korneliarataj.com\/wp-content\/uploads\/2022\/03\/KR-COTTON-SACK-PS2-768x1152.jpg 768w, https:\/\/korneliarataj.com\/wp-content\/uploads\/2022\/03\/KR-COTTON-SACK-PS2-1024x1536.jpg 1024w, https:\/\/korneliarataj.com\/wp-content\/uploads\/2022\/03\/KR-COTTON-SACK-PS2-scaled.jpg 1365w, https:\/\/korneliarataj.com\/wp-content\/uploads\/2022\/03\/KR-COTTON-SACK-PS2-350x525.jpg 350w, https:\/\/korneliarataj.com\/wp-content\/uploads\/2022\/03\/KR-COTTON-SACK-PS2-1200x1800.jpg 1200w, https:\/\/korneliarataj.com\/wp-content\/uploads\/2022\/03\/KR-COTTON-SACK-PS2-scaled-167x250.jpg 167w, https:\/\/korneliarataj.com\/wp-content\/uploads\/2022\/03\/KR-COTTON-SACK-PS2-60x90.jpg 60w\" sizes=\"(max-width: 600px) 100vw, 600px\" \/><img loading=\"lazy\" decoding=\"async\" width=\"350\" height=\"525\" src=\"https:\/\/korneliarataj.com\/wp-content\/uploads\/2022\/03\/KR-COTTON-SACK-PS2-350x525.jpg\" class=\"flv_second_img attachment-shop-catalog\" alt=\"\" srcset=\"https:\/\/korneliarataj.com\/wp-content\/uploads\/2022\/03\/KR-COTTON-SACK-PS2-350x525.jpg 350w, https:\/\/korneliarataj.com\/wp-content\/uploads\/2022\/03\/KR-COTTON-SACK-PS2-200x300.jpg 200w, https:\/\/korneliarataj.com\/wp-content\/uploads\/2022\/03\/KR-COTTON-SACK-PS2-683x1024.jpg 683w, https:\/\/korneliarataj.com\/wp-content\/uploads\/2022\/03\/KR-COTTON-SACK-PS2-768x1152.jpg 768w, https:\/\/korneliarataj.com\/wp-content\/uploads\/2022\/03\/KR-COTTON-SACK-PS2-1024x1536.jpg 1024w, https:\/\/korneliarataj.com\/wp-content\/uploads\/2022\/03\/KR-COTTON-SACK-PS2-scaled.jpg 1365w, https:\/\/korneliarataj.com\/wp-content\/uploads\/2022\/03\/KR-COTTON-SACK-PS2-1200x1800.jpg 1200w, https:\/\/korneliarataj.com\/wp-content\/uploads\/2022\/03\/KR-COTTON-SACK-PS2-scaled-167x250.jpg 167w, https:\/\/korneliarataj.com\/wp-content\/uploads\/2022\/03\/KR-COTTON-SACK-PS2-60x90.jpg 60w\" sizes=\"(max-width: 350px) 100vw, 350px\" \/><h2 class=\"woocommerce-loop-product__title\">Cotton protective garment bag with logo KORNELIA RATAJ<\/h2>\n\t<span class=\"price\"><span class=\"woocommerce-Price-amount amount\"><bdi>29,00&nbsp;<span class=\"woocommerce-Price-currencySymbol\">PLN<\/span><\/bdi><\/span><\/span>\n<\/a><a href=\"\/en\/wp-json\/wp\/v2\/pages\/314576?add-to-cart=361\" aria-describedby=\"woocommerce_loop_add_to_cart_link_describedby_361\" data-quantity=\"1\" class=\"button product_type_simple add_to_cart_button ajax_add_to_cart\" data-product_id=\"361\" data-product_sku=\"wb3\" aria-label=\"Add to basket: \u201cBawe\u0142niany worek ochronny na odzie\u017c z logo KORNELIA RATAJ\u201d\" rel=\"nofollow\" data-success_message=\"\u201cBawe\u0142niany worek ochronny na odzie\u017c z logo KORNELIA RATAJ\u201d has been added to your cart\" role=\"button\" data-no-translation=\"\" data-trp-gettext=\"\" data-no-translation-aria-label=\"\" data-no-translation-data-success_message=\"\">Add to basket<\/a>\t<span id=\"woocommerce_loop_add_to_cart_link_describedby_361\" class=\"screen-reader-text\">\n\t\t\t<\/span>\n<span class=\"gtm4wp_productdata\" style=\"display:none; visibility:hidden;\" data-gtm4wp_product_data=\"{&quot;internal_id&quot;:361,&quot;item_id&quot;:361,&quot;item_name&quot;:&quot;Bawe\\u0142niany worek ochronny na odzie\\u017c z logo KORNELIA RATAJ&quot;,&quot;sku&quot;:&quot;wb3&quot;,&quot;price&quot;:29,&quot;stocklevel&quot;:null,&quot;stockstatus&quot;:&quot;instock&quot;,&quot;google_business_vertical&quot;:&quot;retail&quot;,&quot;item_category&quot;:&quot;AKCESORIA&quot;,&quot;id&quot;:361,&quot;productlink&quot;:&quot;https:\\\/\\\/korneliarataj.com\\\/en\\\/product\\\/bawelniany-worek-ochronny-na-odziez-z-logo-kr\\\/&quot;,&quot;item_list_name&quot;:&quot;General Product List&quot;,&quot;index&quot;:3,&quot;product_type&quot;:&quot;simple&quot;,&quot;item_brand&quot;:&quot;&quot;}\"><\/span><\/li>\n<\/ul>\n<\/div>","protected":false},"excerpt":{"rendered":"","protected":false},"author":1,"featured_media":0,"parent":0,"menu_order":0,"comment_status":"closed","ping_status":"closed","template":"","meta":{"footnotes":""},"class_list":["post-314576","page","type-page","status-publish","hentry"],"yoast_head":"<!-- This site is optimized with the Yoast SEO plugin v27.3 - https:\/\/yoast.com\/product\/yoast-seo-wordpress\/ -->\n<title>Torby pla\u017cowe - Stroje K\u0105pielowe i Odzie\u017c Lniana Sklep Kornelia Rataj<\/title>\n<meta name=\"description\" content=\"Kornelia Rataj. Minimalist Women&#039;s Collection, Basic, Swimwear. HANDMADE IN POLAND WITH LOVE.\" \/>\n<meta name=\"robots\" content=\"index, follow, max-snippet:-1, max-image-preview:large, max-video-preview:-1\" \/>\n<link rel=\"canonical\" href=\"https:\/\/korneliarataj.com\/en\/torby-plazowe\/\" \/>\n<meta property=\"og:locale\" content=\"en_GB\" \/>\n<meta property=\"og:type\" content=\"article\" \/>\n<meta property=\"og:title\" content=\"Torby pla\u017cowe - Stroje K\u0105pielowe i Odzie\u017c Lniana Sklep Kornelia Rataj\" \/>\n<meta property=\"og:description\" content=\"Kornelia Rataj. Minimalist Women&#039;s Collection, Basic, Swimwear. HANDMADE IN POLAND WITH LOVE.\" \/>\n<meta property=\"og:url\" content=\"https:\/\/korneliarataj.com\/en\/torby-plazowe\/\" \/>\n<meta property=\"og:site_name\" content=\"KORNELIARATAJ\" \/>\n<meta property=\"article:publisher\" content=\"http:\/\/www.facebook.com\/korneliaratajshop\" \/>\n<meta property=\"article:modified_time\" content=\"2026-03-23T00:32:54+00:00\" \/>\n<meta name=\"twitter:card\" content=\"summary_large_image\" \/>\n<script type=\"application\/ld+json\" class=\"yoast-schema-graph\">{\"@context\":\"https:\\\/\\\/schema.org\",\"@graph\":[{\"@type\":\"WebPage\",\"@id\":\"https:\\\/\\\/korneliarataj.com\\\/torby-plazowe\\\/\",\"url\":\"https:\\\/\\\/korneliarataj.com\\\/torby-plazowe\\\/\",\"name\":\"Torby pla\u017cowe - Stroje K\u0105pielowe i Odzie\u017c Lniana Sklep Kornelia Rataj\",\"isPartOf\":{\"@id\":\"https:\\\/\\\/korneliarataj.com\\\/#website\"},\"datePublished\":\"2025-03-14T21:51:54+00:00\",\"dateModified\":\"2026-03-23T00:32:54+00:00\",\"description\":\"Kornelia Rataj. Minimalist Women's Collection, Basic, Swimwear. HANDMADE IN POLAND WITH LOVE.\",\"breadcrumb\":{\"@id\":\"https:\\\/\\\/korneliarataj.com\\\/torby-plazowe\\\/#breadcrumb\"},\"inLanguage\":\"en-GB\",\"potentialAction\":[{\"@type\":\"ReadAction\",\"target\":[\"https:\\\/\\\/korneliarataj.com\\\/torby-plazowe\\\/\"]}]},{\"@type\":\"BreadcrumbList\",\"@id\":\"https:\\\/\\\/korneliarataj.com\\\/torby-plazowe\\\/#breadcrumb\",\"itemListElement\":[{\"@type\":\"ListItem\",\"position\":1,\"name\":\"HOME\",\"item\":\"https:\\\/\\\/korneliarataj.com\\\/\"},{\"@type\":\"ListItem\",\"position\":2,\"name\":\"Torby pla\u017cowe\"}]},{\"@type\":\"WebSite\",\"@id\":\"https:\\\/\\\/korneliarataj.com\\\/#website\",\"url\":\"https:\\\/\\\/korneliarataj.com\\\/\",\"name\":\"Stroje K\u0105pielowe i Odzie\u017c Lniana Sklep Kornelia Rataj\",\"description\":\"swimwear stroje k\u0105pielowe ubrania len lniane\",\"publisher\":{\"@id\":\"https:\\\/\\\/korneliarataj.com\\\/#organization\"},\"potentialAction\":[{\"@type\":\"SearchAction\",\"target\":{\"@type\":\"EntryPoint\",\"urlTemplate\":\"https:\\\/\\\/korneliarataj.com\\\/?s={search_term_string}\"},\"query-input\":{\"@type\":\"PropertyValueSpecification\",\"valueRequired\":true,\"valueName\":\"search_term_string\"}}],\"inLanguage\":\"en-GB\"},{\"@type\":\"Organization\",\"@id\":\"https:\\\/\\\/korneliarataj.com\\\/#organization\",\"name\":\"KORNELIARATAJ\",\"url\":\"https:\\\/\\\/korneliarataj.com\\\/\",\"logo\":{\"@type\":\"ImageObject\",\"inLanguage\":\"en-GB\",\"@id\":\"https:\\\/\\\/korneliarataj.com\\\/#\\\/schema\\\/logo\\\/image\\\/\",\"url\":\"https:\\\/\\\/korneliarataj.com\\\/wp-content\\\/uploads\\\/2020\\\/07\\\/LOGO-KR.svg\",\"contentUrl\":\"https:\\\/\\\/korneliarataj.com\\\/wp-content\\\/uploads\\\/2020\\\/07\\\/LOGO-KR.svg\",\"width\":1024,\"height\":1024,\"caption\":\"KORNELIARATAJ\"},\"image\":{\"@id\":\"https:\\\/\\\/korneliarataj.com\\\/#\\\/schema\\\/logo\\\/image\\\/\"},\"sameAs\":[\"http:\\\/\\\/www.facebook.com\\\/korneliaratajshop\",\"http:\\\/\\\/www.instagram.com\\\/korneliarataj\"]}]}<\/script>\n<!-- \/ Yoast SEO plugin. -->","yoast_head_json":{"title":"Beach bags - Swimwear and Linenwear Shop Kornelia Rataj","description":"Kornelia Rataj. Minimalist Women's Collection, Basic, Swimwear. HANDMADE IN POLAND WITH LOVE.","robots":{"index":"index","follow":"follow","max-snippet":"max-snippet:-1","max-image-preview":"max-image-preview:large","max-video-preview":"max-video-preview:-1"},"canonical":"https:\/\/korneliarataj.com\/en\/torby-plazowe\/","og_locale":"en_GB","og_type":"article","og_title":"Torby pla\u017cowe - Stroje K\u0105pielowe i Odzie\u017c Lniana Sklep Kornelia Rataj","og_description":"Kornelia Rataj. Minimalist Women's Collection, Basic, Swimwear. HANDMADE IN POLAND WITH LOVE.","og_url":"https:\/\/korneliarataj.com\/en\/torby-plazowe\/","og_site_name":"KORNELIARATAJ","article_publisher":"http:\/\/www.facebook.com\/korneliaratajshop","article_modified_time":"2026-03-23T00:32:54+00:00","twitter_card":"summary_large_image","schema":{"@context":"https:\/\/schema.org","@graph":[{"@type":"WebPage","@id":"https:\/\/korneliarataj.com\/torby-plazowe\/","url":"https:\/\/korneliarataj.com\/torby-plazowe\/","name":"Beach bags - Swimwear and Linenwear Shop Kornelia Rataj","isPartOf":{"@id":"https:\/\/korneliarataj.com\/#website"},"datePublished":"2025-03-14T21:51:54+00:00","dateModified":"2026-03-23T00:32:54+00:00","description":"Kornelia Rataj. Minimalist Women's Collection, Basic, Swimwear. HANDMADE IN POLAND WITH LOVE.","breadcrumb":{"@id":"https:\/\/korneliarataj.com\/torby-plazowe\/#breadcrumb"},"inLanguage":"en-GB","potentialAction":[{"@type":"ReadAction","target":["https:\/\/korneliarataj.com\/torby-plazowe\/"]}]},{"@type":"BreadcrumbList","@id":"https:\/\/korneliarataj.com\/torby-plazowe\/#breadcrumb","itemListElement":[{"@type":"ListItem","position":1,"name":"HOME","item":"https:\/\/korneliarataj.com\/"},{"@type":"ListItem","position":2,"name":"Torby pla\u017cowe"}]},{"@type":"WebSite","@id":"https:\/\/korneliarataj.com\/#website","url":"https:\/\/korneliarataj.com\/","name":"Swimwear and Linen Clothing Shop Kornelia Rataj","description":"swimwear swimwear linen linen clothing","publisher":{"@id":"https:\/\/korneliarataj.com\/#organization"},"potentialAction":[{"@type":"SearchAction","target":{"@type":"EntryPoint","urlTemplate":"https:\/\/korneliarataj.com\/?s={search_term_string}"},"query-input":{"@type":"PropertyValueSpecification","valueRequired":true,"valueName":"search_term_string"}}],"inLanguage":"en-GB"},{"@type":"Organization","@id":"https:\/\/korneliarataj.com\/#organization","name":"KORNELIARATAJ","url":"https:\/\/korneliarataj.com\/","logo":{"@type":"ImageObject","inLanguage":"en-GB","@id":"https:\/\/korneliarataj.com\/#\/schema\/logo\/image\/","url":"https:\/\/korneliarataj.com\/wp-content\/uploads\/2020\/07\/LOGO-KR.svg","contentUrl":"https:\/\/korneliarataj.com\/wp-content\/uploads\/2020\/07\/LOGO-KR.svg","width":1024,"height":1024,"caption":"KORNELIARATAJ"},"image":{"@id":"https:\/\/korneliarataj.com\/#\/schema\/logo\/image\/"},"sameAs":["http:\/\/www.facebook.com\/korneliaratajshop","http:\/\/www.instagram.com\/korneliarataj"]}]}},"_links":{"self":[{"href":"https:\/\/korneliarataj.com\/en\/wp-json\/wp\/v2\/pages\/314576","targetHints":{"allow":["GET"]}}],"collection":[{"href":"https:\/\/korneliarataj.com\/en\/wp-json\/wp\/v2\/pages"}],"about":[{"href":"https:\/\/korneliarataj.com\/en\/wp-json\/wp\/v2\/types\/page"}],"author":[{"embeddable":true,"href":"https:\/\/korneliarataj.com\/en\/wp-json\/wp\/v2\/users\/1"}],"replies":[{"embeddable":true,"href":"https:\/\/korneliarataj.com\/en\/wp-json\/wp\/v2\/comments?post=314576"}],"version-history":[{"count":1,"href":"https:\/\/korneliarataj.com\/en\/wp-json\/wp\/v2\/pages\/314576\/revisions"}],"predecessor-version":[{"id":406734,"href":"https:\/\/korneliarataj.com\/en\/wp-json\/wp\/v2\/pages\/314576\/revisions\/406734"}],"wp:attachment":[{"href":"https:\/\/korneliarataj.com\/en\/wp-json\/wp\/v2\/media?parent=314576"}],"curies":[{"name":"wp","href":"https:\/\/api.w.org\/{rel}","templated":true}]}}