{"id":105196,"date":"2021-11-21T12:45:55","date_gmt":"2021-11-21T11:45:55","guid":{"rendered":"https:\/\/korneliarataj.com\/?page_id=105196"},"modified":"2026-02-15T00:46:09","modified_gmt":"2026-02-14T23:46:09","slug":"dostawa-i-zwroty","status":"publish","type":"page","link":"https:\/\/korneliarataj.com\/en\/dostawa-i-zwroty\/","title":{"rendered":"Delivery and returns"},"content":{"rendered":"<p class=\"font_8\" style=\"text-align: center;\">Delivery and returns<\/p>\n<p class=\"font_8\" style=\"text-align: center;\">Dostawa<\/p>\n<p>Zam\u00f3wienia wysy\u0142amy w ci\u0105gu 1-7 dni roboczych.<br \/>\nZazwyczaj realizowane s\u0105 w ci\u0105gu 24h.<br \/>\nW wyj\u0105tkowych sytuacjach czas realizacji mo\u017ce si\u0119 wyd\u0142u\u017cy\u0107, poinformujemy ci\u0119 o tym mailowo.<\/p>\n<p>Je\u015bli zale\u017cy Ci na szybkiej dostawie twojego zam\u00f3wienia, napisz do nas <a href=\"mailto:shop@korneliarataj.com\">shop@korneliarataj.com<\/a> or call <a href=\"tel:+48730007475\" data-content=\"+48730007475\" data-type=\"phone\">+48 730 007 475<\/a> (08:00-14:00)<br \/>\nStaramy si\u0119 wysy\u0142a\u0107 zam\u00f3wienia jak najszybciej i bra\u0107 pod uwag\u0119 indywidualne pro\u015bby.<\/p>\n<p>Wysy\u0142ka zam\u00f3wie\u0144 przekraczaj\u0105cych 600z\u0142 na terenie Polski jest DARMOWA.<br \/>\nKoszt wysy\u0142ki zam\u00f3wie\u0144 poni\u017cej 600z\u0142:<br \/>\n12 PLN ORLEN Package<br \/>\n15z\u0142 Paczkomat inpost (przedp\u0142ata)<br \/>\n15z\u0142 Kurier inpost (przedp\u0142ata)<br \/>\n19z\u0142 Paczkomat inpost (pobranie)<br \/>\n19z\u0142 Kurier inpost (pobranie).<\/p>\n<p>We ship orders to the following countries:<br \/>\nGermany, the Netherlands, Italy, Romania, Belgium, the Czech Republic.<br \/>\nKoszt wysy\u0142ki zagranicznej: 30z\u0142<br \/>\nPrzesy\u0142ki wysy\u0142amy za po\u015brednictwem firmy kurierskiej DPD lub Poczty polskiej<\/p>\n<p>Do zam\u00f3wie\u0144 o warto\u015bci minimum 359 z\u0142, zawieraj\u0105cych wy\u0142\u0105cznie produkty z kolekcji regularnej \u2013 stroje k\u0105pielowe (nie dotyczy akcesori\u00f3w, takich jak gumki czy opaski), do\u0142\u0105czamy Bawe\u0142niany worek w cenie promocyjnej 0,01 z\u0142 (dodawane w koszyku z mo\u017cliwo\u015bci\u0105 rezygnacji). Promocja nie dotyczy produkt\u00f3w obj\u0119tych wyprzeda\u017c\u0105.<\/p>\n<p class=\"font_8\" style=\"text-align: center;\">Zwroty<\/p>\n<div id=\"ak_returns_banner_c7de7d32-7d17-40e1-8fb9-63447bb74fa8\"><\/div>\n<p>You have 14 days from the date of receipt of your order to withdraw from the sales contract.<\/p>\n<p>&#8211; Przy zwrocie cz\u0119\u015bciowym zam\u00f3wienia Bawe\u0142niany worek pozostaje u Ciebie.<br \/>\n&#8211; Przy zwrocie ca\u0142o\u015bci zam\u00f3wienia prosimy o odes\u0142anie Bawe\u0142nianego worka razem z produktami.<br \/>\n&#8211; Je\u015bli Bawe\u0142niany worek nie zostanie zwr\u00f3cony, kwota zwrotu zostanie pomniejszona o jego warto\u015b\u0107 regularn\u0105 \u2013 28,99 z\u0142.<\/p>\n<p>1. Complete the withdrawal form (if you are unable to print the form, please write it by hand using the template attached below. Remember to include all the information).<\/p>\n<p style=\"text-align: center;\"><a href=\"https:\/\/korneliarataj.com\/wp-content\/uploads\/2025\/07\/FORMULARZ-ZWROTU-KORNELIARATAJ-2025.pdf\"><button type=\"button\">DOWNLOAD PRODUCT RETURN FORM<\/button><\/a><\/p>\n<p>2. Pack the items you wish to return.<br \/>\nJe\u015bli zwracasz wszystkie produkty z zam\u00f3wienia, do przesy\u0142ki do\u0142\u0105cz formularz odst\u0105pienia od umowy oraz <a href=\"https:\/\/korneliarataj.com\/en\/product\/bawelniany-worek-ochronny-na-odziez-z-logo-kr\/\" target=\"_blank\" rel=\"noopener noreferrer\"><u>Cotton protective garment bag with logo KORNELIA RATAJ<\/u><\/a> \u2013 o ile zosta\u0142 on do\u0142\u0105czony do zam\u00f3wienia (dotyczy zam\u00f3wie\u0144 zawieraj\u0105cych produkty z kolekcji regularnej swimwear). Produkty nale\u017cy odpowiednio zabezpieczy\u0107 na czas transportu.<\/p>\n<p><strong>W przypadku zwrotu ca\u0142o\u015bci zam\u00f3wienia, brak zwrotu bawe\u0142nianego woreczka skutkuje pomniejszeniem kwoty zwrotu o jego warto\u015b\u0107 regularn\u0105 \u2013 28,99 z\u0142.<\/strong><\/p>\n<p>3. Send your parcel via Convenient Returns.<br \/>\nGo to page <u>CONVENIENT RETURNS<\/u>, where you will send your parcel. You will receive a return code or shipping documents. You can send your parcel at a parcel locker or other courier points.<\/p>\n<p>4. Wait for your refund.<br \/>\nWe will refund your money within 14 days of receiving the return. The refund will be made using the same payment method that was used for the purchase. If you chose cash on delivery, please remember to enter your account number in the withdrawal form.<\/p>\n<p>IMPORTANT INFORMATION REGARDING RETURNS:<br \/>\nI. All products may be returned within 14 calendar days of receipt of the shipment, by post to the address indicated at the bottom of the page.<br \/>\nII. The courier envelope in which you receive your order has a double adhesive strip and can be used to return the order.<br \/>\nIII. The customer shall bear the costs of returning the goods.<br \/>\nIV. Several orders may be returned in one shipment. Please attach a separate list to each returned order. <u>return form<\/u>.<br \/>\nV. The returned product must not show any signs of use:<br \/>\n\u2013 Stains, dust, odours, washing;<br \/>\n\u2013 Damage;<br \/>\n\u2013 In the case of returning goods from the swimwear collection, the product must have <strong>intact adhesive plastic protective insert<\/strong>.<br \/>\nVI. We do not send e-mail notifications informing you that we have received your return shipment \u2013 please keep the parcel tracking number.<br \/>\nVII. We will refund your payment within 14 days of accepting the return.<br \/>\nVIII. The form of refund will be the same as the form of payment made.<br \/>\nIX. If the return is rejected (due to damage to the product, soiling, signs of use, washing or return after the statutory deadline), we will send information about the rejection of the product return to the e-mail address provided in the order.<br \/>\nX. Within 7 working days, the product will be returned to the specified return address after the customer has paid the shipping costs to the bank account specified in the e-mail.<br \/>\nXI. We do not accept returns sent cash on delivery or delivered in person.<br \/>\nXII. Products purchased in our online shop cannot be returned to brick-and-mortar shops where our products are available.<\/p>\n<p><strong>Please send returned goods to the following address:<\/strong><\/p>\n<p>KORNELIA RATAJ<br \/>\nCzernica 49<br \/>\n<strong>58-521<\/strong> Czernica<\/p>\n<p><a href=\"tel:+48730007475\" data-content=\"+48730007475\" data-type=\"phone\">+48 730 007 475<\/a><br \/>\n<a href=\"mailto:shop@korneliarataj.com\">shop@korneliarataj.com<\/a><\/p>","protected":false},"excerpt":{"rendered":"<p>Dostawa i zwroty Dostawa Zam\u00f3wienia wysy\u0142amy w ci\u0105gu 1-7 dni roboczych. Zazwyczaj realizowane s\u0105 w ci\u0105gu 24h. W wyj\u0105tkowych sytuacjach czas realizacji mo\u017ce si\u0119 wyd\u0142u\u017cy\u0107, poinformujemy ci\u0119 o tym mailowo. Je\u015bli zale\u017cy Ci na szybkiej dostawie twojego zam\u00f3wienia, napisz do nas shop@korneliarataj.com lub zadzwo\u0144 +48 730 007 475 (08:00-14:00) Staramy si\u0119 wysy\u0142a\u0107 zam\u00f3wienia jak najszybciej [&hellip;]<\/p>\n","protected":false},"author":1,"featured_media":0,"parent":0,"menu_order":0,"comment_status":"closed","ping_status":"closed","template":"","meta":{"footnotes":""},"class_list":["post-105196","page","type-page","status-publish","hentry"],"yoast_head":"<!-- This site is optimized with the Yoast SEO plugin v27.4 - https:\/\/yoast.com\/product\/yoast-seo-wordpress\/ -->\n<title>Dostawa i zwroty - Stroje K\u0105pielowe i Odzie\u017c Lniana Sklep Kornelia Rataj<\/title>\n<meta name=\"description\" content=\"Kornelia Rataj. Minimalist Women&#039;s Collection, Basic, Swimwear. HANDMADE IN POLAND WITH LOVE.\" \/>\n<meta name=\"robots\" content=\"index, follow, max-snippet:-1, max-image-preview:large, max-video-preview:-1\" \/>\n<link rel=\"canonical\" href=\"https:\/\/korneliarataj.com\/en\/dostawa-i-zwroty\/\" \/>\n<meta property=\"og:locale\" content=\"en_GB\" \/>\n<meta property=\"og:type\" content=\"article\" \/>\n<meta property=\"og:title\" content=\"Dostawa i zwroty - Stroje K\u0105pielowe i Odzie\u017c Lniana Sklep Kornelia Rataj\" \/>\n<meta property=\"og:description\" content=\"Kornelia Rataj. Minimalist Women&#039;s Collection, Basic, Swimwear. HANDMADE IN POLAND WITH LOVE.\" \/>\n<meta property=\"og:url\" content=\"https:\/\/korneliarataj.com\/en\/dostawa-i-zwroty\/\" \/>\n<meta property=\"og:site_name\" content=\"KORNELIARATAJ\" \/>\n<meta property=\"article:publisher\" content=\"http:\/\/www.facebook.com\/korneliaratajshop\" \/>\n<meta property=\"article:modified_time\" content=\"2026-02-14T23:46:09+00:00\" \/>\n<meta name=\"twitter:card\" content=\"summary_large_image\" \/>\n<meta name=\"twitter:label1\" content=\"Estimated reading time\" \/>\n\t<meta name=\"twitter:data1\" content=\"4 minutes\" \/>\n<script type=\"application\/ld+json\" class=\"yoast-schema-graph\">{\"@context\":\"https:\\\/\\\/schema.org\",\"@graph\":[{\"@type\":\"WebPage\",\"@id\":\"https:\\\/\\\/korneliarataj.com\\\/dostawa-i-zwroty\\\/\",\"url\":\"https:\\\/\\\/korneliarataj.com\\\/dostawa-i-zwroty\\\/\",\"name\":\"Dostawa i zwroty - Stroje K\u0105pielowe i Odzie\u017c Lniana Sklep Kornelia Rataj\",\"isPartOf\":{\"@id\":\"https:\\\/\\\/korneliarataj.com\\\/#website\"},\"datePublished\":\"2021-11-21T11:45:55+00:00\",\"dateModified\":\"2026-02-14T23:46:09+00:00\",\"description\":\"Kornelia Rataj. Minimalist Women's Collection, Basic, Swimwear. HANDMADE IN POLAND WITH LOVE.\",\"breadcrumb\":{\"@id\":\"https:\\\/\\\/korneliarataj.com\\\/dostawa-i-zwroty\\\/#breadcrumb\"},\"inLanguage\":\"en-GB\",\"potentialAction\":[{\"@type\":\"ReadAction\",\"target\":[\"https:\\\/\\\/korneliarataj.com\\\/dostawa-i-zwroty\\\/\"]}]},{\"@type\":\"BreadcrumbList\",\"@id\":\"https:\\\/\\\/korneliarataj.com\\\/dostawa-i-zwroty\\\/#breadcrumb\",\"itemListElement\":[{\"@type\":\"ListItem\",\"position\":1,\"name\":\"HOME\",\"item\":\"https:\\\/\\\/korneliarataj.com\\\/\"},{\"@type\":\"ListItem\",\"position\":2,\"name\":\"Dostawa i zwroty\"}]},{\"@type\":\"WebSite\",\"@id\":\"https:\\\/\\\/korneliarataj.com\\\/#website\",\"url\":\"https:\\\/\\\/korneliarataj.com\\\/\",\"name\":\"Stroje K\u0105pielowe i Odzie\u017c Lniana Sklep Kornelia Rataj\",\"description\":\"swimwear stroje k\u0105pielowe ubrania len lniane\",\"publisher\":{\"@id\":\"https:\\\/\\\/korneliarataj.com\\\/#organization\"},\"potentialAction\":[{\"@type\":\"SearchAction\",\"target\":{\"@type\":\"EntryPoint\",\"urlTemplate\":\"https:\\\/\\\/korneliarataj.com\\\/?s={search_term_string}\"},\"query-input\":{\"@type\":\"PropertyValueSpecification\",\"valueRequired\":true,\"valueName\":\"search_term_string\"}}],\"inLanguage\":\"en-GB\"},{\"@type\":\"Organization\",\"@id\":\"https:\\\/\\\/korneliarataj.com\\\/#organization\",\"name\":\"KORNELIARATAJ\",\"url\":\"https:\\\/\\\/korneliarataj.com\\\/\",\"logo\":{\"@type\":\"ImageObject\",\"inLanguage\":\"en-GB\",\"@id\":\"https:\\\/\\\/korneliarataj.com\\\/#\\\/schema\\\/logo\\\/image\\\/\",\"url\":\"https:\\\/\\\/korneliarataj.com\\\/wp-content\\\/uploads\\\/2020\\\/07\\\/LOGO-KR.svg\",\"contentUrl\":\"https:\\\/\\\/korneliarataj.com\\\/wp-content\\\/uploads\\\/2020\\\/07\\\/LOGO-KR.svg\",\"width\":1024,\"height\":1024,\"caption\":\"KORNELIARATAJ\"},\"image\":{\"@id\":\"https:\\\/\\\/korneliarataj.com\\\/#\\\/schema\\\/logo\\\/image\\\/\"},\"sameAs\":[\"http:\\\/\\\/www.facebook.com\\\/korneliaratajshop\",\"http:\\\/\\\/www.instagram.com\\\/korneliarataj\"]}]}<\/script>\n<!-- \/ Yoast SEO plugin. -->","yoast_head_json":{"title":"Delivery and returns - Swimwear and Linen Clothing Kornelia Rataj Shop","description":"Kornelia Rataj. Minimalist Women's Collection, Basic, Swimwear. HANDMADE IN POLAND WITH LOVE.","robots":{"index":"index","follow":"follow","max-snippet":"max-snippet:-1","max-image-preview":"max-image-preview:large","max-video-preview":"max-video-preview:-1"},"canonical":"https:\/\/korneliarataj.com\/en\/dostawa-i-zwroty\/","og_locale":"en_GB","og_type":"article","og_title":"Dostawa i zwroty - Stroje K\u0105pielowe i Odzie\u017c Lniana Sklep Kornelia Rataj","og_description":"Kornelia Rataj. Minimalist Women's Collection, Basic, Swimwear. HANDMADE IN POLAND WITH LOVE.","og_url":"https:\/\/korneliarataj.com\/en\/dostawa-i-zwroty\/","og_site_name":"KORNELIARATAJ","article_publisher":"http:\/\/www.facebook.com\/korneliaratajshop","article_modified_time":"2026-02-14T23:46:09+00:00","twitter_card":"summary_large_image","twitter_misc":{"Estimated reading time":"4 minutes"},"schema":{"@context":"https:\/\/schema.org","@graph":[{"@type":"WebPage","@id":"https:\/\/korneliarataj.com\/dostawa-i-zwroty\/","url":"https:\/\/korneliarataj.com\/dostawa-i-zwroty\/","name":"Delivery and returns - Swimwear and Linen Clothing Kornelia Rataj Shop","isPartOf":{"@id":"https:\/\/korneliarataj.com\/#website"},"datePublished":"2021-11-21T11:45:55+00:00","dateModified":"2026-02-14T23:46:09+00:00","description":"Kornelia Rataj. Minimalist Women's Collection, Basic, Swimwear. HANDMADE IN POLAND WITH LOVE.","breadcrumb":{"@id":"https:\/\/korneliarataj.com\/dostawa-i-zwroty\/#breadcrumb"},"inLanguage":"en-GB","potentialAction":[{"@type":"ReadAction","target":["https:\/\/korneliarataj.com\/dostawa-i-zwroty\/"]}]},{"@type":"BreadcrumbList","@id":"https:\/\/korneliarataj.com\/dostawa-i-zwroty\/#breadcrumb","itemListElement":[{"@type":"ListItem","position":1,"name":"HOME","item":"https:\/\/korneliarataj.com\/"},{"@type":"ListItem","position":2,"name":"Dostawa i zwroty"}]},{"@type":"WebSite","@id":"https:\/\/korneliarataj.com\/#website","url":"https:\/\/korneliarataj.com\/","name":"Swimwear and Linen Clothing Shop Kornelia Rataj","description":"swimwear swimwear linen linen clothing","publisher":{"@id":"https:\/\/korneliarataj.com\/#organization"},"potentialAction":[{"@type":"SearchAction","target":{"@type":"EntryPoint","urlTemplate":"https:\/\/korneliarataj.com\/?s={search_term_string}"},"query-input":{"@type":"PropertyValueSpecification","valueRequired":true,"valueName":"search_term_string"}}],"inLanguage":"en-GB"},{"@type":"Organization","@id":"https:\/\/korneliarataj.com\/#organization","name":"KORNELIARATAJ","url":"https:\/\/korneliarataj.com\/","logo":{"@type":"ImageObject","inLanguage":"en-GB","@id":"https:\/\/korneliarataj.com\/#\/schema\/logo\/image\/","url":"https:\/\/korneliarataj.com\/wp-content\/uploads\/2020\/07\/LOGO-KR.svg","contentUrl":"https:\/\/korneliarataj.com\/wp-content\/uploads\/2020\/07\/LOGO-KR.svg","width":1024,"height":1024,"caption":"KORNELIARATAJ"},"image":{"@id":"https:\/\/korneliarataj.com\/#\/schema\/logo\/image\/"},"sameAs":["http:\/\/www.facebook.com\/korneliaratajshop","http:\/\/www.instagram.com\/korneliarataj"]}]}},"_links":{"self":[{"href":"https:\/\/korneliarataj.com\/en\/wp-json\/wp\/v2\/pages\/105196","targetHints":{"allow":["GET"]}}],"collection":[{"href":"https:\/\/korneliarataj.com\/en\/wp-json\/wp\/v2\/pages"}],"about":[{"href":"https:\/\/korneliarataj.com\/en\/wp-json\/wp\/v2\/types\/page"}],"author":[{"embeddable":true,"href":"https:\/\/korneliarataj.com\/en\/wp-json\/wp\/v2\/users\/1"}],"replies":[{"embeddable":true,"href":"https:\/\/korneliarataj.com\/en\/wp-json\/wp\/v2\/comments?post=105196"}],"version-history":[{"count":0,"href":"https:\/\/korneliarataj.com\/en\/wp-json\/wp\/v2\/pages\/105196\/revisions"}],"wp:attachment":[{"href":"https:\/\/korneliarataj.com\/en\/wp-json\/wp\/v2\/media?parent=105196"}],"curies":[{"name":"wp","href":"https:\/\/api.w.org\/{rel}","templated":true}]}}