{"id":411986,"date":"2026-04-26T00:01:15","date_gmt":"2026-04-25T22:01:15","guid":{"rendered":"https:\/\/korneliarataj.com\/?post_type=product&#038;p=411986"},"modified":"2026-04-26T16:58:45","modified_gmt":"2026-04-26T14:58:45","slug":"lniane-szorty-czarne","status":"publish","type":"product","link":"https:\/\/korneliarataj.com\/de\/produkt\/lniane-szorty-czarne\/","title":{"rendered":"Lniane szorty EASE &#8211; Black"},"content":{"rendered":"","protected":false},"excerpt":{"rendered":"<p style=\"text-align: left;\"><strong>OPTIONEN<\/strong><\/p>\n<p style=\"text-align: left;\"><a href=\"https:\/\/korneliarataj.com\/de\/produkt\/lniane-szorty-ciemnoszare\/\" rel=\"noopener noreferrer\"><img decoding=\"async\" src=\"https:\/\/korneliarataj.com\/wp-content\/uploads\/2026\/04\/2026-DARK-GREY-EASE-1.webp\" width=\"90px\" \/><\/a><a href=\"https:\/\/korneliarataj.com\/de\/produkt\/lniane-szorty-niebieskie\/\" rel=\"noopener noreferrer\"><img decoding=\"async\" src=\"https:\/\/korneliarataj.com\/wp-content\/uploads\/2026\/04\/2026-SKY-BLUE-EASE-1.webp\" width=\"90px\" \/><\/a><a href=\"https:\/\/korneliarataj.com\/de\/produkt\/lniane-szorty-brzoskwiniowe\/\" rel=\"noopener noreferrer\"><img decoding=\"async\" src=\"https:\/\/korneliarataj.com\/wp-content\/uploads\/2026\/04\/2026-PEACHY-ROSE-EASE-1.webp\" width=\"90px\" \/><\/a><\/p>\n<p style=\"text-align: left;\"><u><strong>Czarne lniane szorty z szerok\u0105 nogawk\u0105 &#8211; lekkie, komfortowe i idealne na lato<\/strong><\/u><\/p>\n<p style=\"text-align: left;\">Czarne lniane szorty z szerok\u0105 nogawk\u0105 to minimalistyczna propozycja na ciep\u0142e dni, kt\u00f3ra \u0142\u0105czy naturalny materia\u0142 z wygodn\u0105, swobodn\u0105 form\u0105. Czarne lniane szorty EASE wyr\u00f3\u017cniaj\u0105 si\u0119 prostym krojem i lekko\u015bci\u0105, idealn\u0105 na lato.<\/p>\n<p style=\"text-align: left;\">Uszyte z naturalnego lnu, s\u0105 przewiewne, oddychaj\u0105ce i komfortowe nawet w upalne dni. Lu\u017ane, lekko rozszerzane nogawki zapewniaj\u0105 swobod\u0119 ruch\u00f3w i naturalne uk\u0142adanie si\u0119 materia\u0142u. Wy\u017cszy stan podkre\u015bla tali\u0119, a elastyczna guma z wi\u0105zaniem w pasie pozwala na idealne dopasowanie.<\/p>\n<p style=\"text-align: left;\">Lniane szorty damskie, kt\u00f3re doskonale sprawdz\u0105 si\u0119 w letniej garderobie &#8211; wygodne, uniwersalne i \u0142atwe w stylizacji.<\/p>\n<p style=\"text-align: left;\"><strong><u><\/p>\n<div class=\"kr-collapse is-noarrow\" data-rel=\"tabela\">\n    <button type=\"button\" class=\"kr-collapse__trigger\"\n      aria-expanded=\"false\"\n      aria-controls=\"kr-exp-1\"><br \/>\n      Abmessungen<br \/>\n    <\/button><\/p>\n<div id=\"kr-exp-1\" class=\"kr-collapse__panel\" hidden>\n<div class=\"kr-collapse__content\"><\/u><\/strong><\/p>\n<p style=\"text-align: left;\">\n<table>\n<thead>\n<tr>\n<th colspan=\"4\">LNIANE SZORTY EASE<\/th>\n<\/tr>\n<tr>\n<th>Gr\u00f6\u00dfe<\/th>\n<th>Obw\u00f3d w pasie (regulacja wi\u0105zaniem)<\/th>\n<th>D\u0142ugo\u015b\u0107 przodu<\/th>\n<th>H\u00fcftumfang<\/th>\n<\/tr>\n<\/thead>\n<tbody>\n<tr>\n<td>XS<\/td>\n<td>60-70 cm<\/td>\n<td>34,5 cm<\/td>\n<td>98 cm<\/td>\n<\/tr>\n<tr>\n<td>S<\/td>\n<td>64-74 cm<\/td>\n<td>35 cm<\/td>\n<td>102 cm<\/td>\n<\/tr>\n<tr>\n<td>M<\/td>\n<td>68-78 cm<\/td>\n<td>35,5 cm<\/td>\n<td>106 cm<\/td>\n<\/tr>\n<tr>\n<td>L<\/td>\n<td>72-82 cm<\/td>\n<td>36 cm<\/td>\n<td>110 cm<\/td>\n<\/tr>\n<tr>\n<td>XL<\/td>\n<td>76-86 cm<\/td>\n<td>36,5 cm<\/td>\n<td>114 cm<\/td>\n<\/tr>\n<\/tbody>\n<\/table>\n<\/div><\/div>\n<\/p><\/div>\n<p style=\"text-align: left;\"><strong><u><\/p>\n<div class=\"kr-collapse is-noarrow\" data-rel=\"wymiary\">\n    <button type=\"button\" class=\"kr-collapse__trigger\"\n      aria-expanded=\"false\"\n      aria-controls=\"kr-exp-2\"><br \/>\n      Abmessungen des Modells<br \/>\n    <\/button><\/p>\n<div id=\"kr-exp-2\" class=\"kr-collapse__panel\" hidden>\n<div class=\"kr-collapse__content\"><\/u><\/strong><\/p>\n<p style=\"text-align: left;\">Das Model auf dem Foto tr\u00e4gt Gr\u00f6\u00dfe S<br \/>\nObw\u00f3d w biu\u015bcie: 86 cm<br \/>\nObw\u00f3d pod biustem: 70 cm<br \/>\nObw\u00f3d w talii: 64 cm<br \/>\nObw\u00f3d w biodrach: 91 cm<br \/>\nWzrost: 165 cm<br \/>\nBecher: C<\/p>\n<\/div><\/div>\n<\/p><\/div>\n<p style=\"text-align: left;\"><strong><u><\/p>\n<div class=\"kr-collapse is-noarrow\" data-rel=\"szczegoly\">\n    <button type=\"button\" class=\"kr-collapse__trigger\"\n      aria-expanded=\"false\"\n      aria-controls=\"kr-exp-3\"><br \/>\n      Details, auf die es ankommt<br \/>\n    <\/button><\/p>\n<div id=\"kr-exp-3\" class=\"kr-collapse__panel\" hidden>\n<div class=\"kr-collapse__content\"><\/u><\/strong><\/p>\n<p style=\"text-align: left;\">&#8211; Uszyte w Polsce, w rodzinnej pracowni<br \/>\n&#8211; 100% len &#8211; naturalny, przewiewny i oddychaj\u0105cy<br \/>\n&#8211; Kr\u00f3tszy fason &#8211; d\u0142ugo\u015b\u0107 przed udo<br \/>\n&#8211; Lu\u017ane, lekko rozszerzane nogawki<br \/>\n&#8211; Wy\u017cszy stan podkre\u015blaj\u0105cy tali\u0119<br \/>\n&#8211; Elastyczna guma i wi\u0105zanie w pasie<br \/>\n&#8211; Kieszenie w szwie &#8211; praktyczne i dyskretne<br \/>\n&#8211; Jednowarstwowa konstrukcja &#8211; lekka i idealna na lato<\/p>\n<\/div><\/div>\n<\/p><\/div>\n<p style=\"text-align: left;\"><strong><u><\/p>\n<div class=\"kr-collapse is-noarrow\" data-rel=\"noszenie\">\n    <button type=\"button\" class=\"kr-collapse__trigger\"\n      aria-expanded=\"false\"\n      aria-controls=\"kr-exp-4\"><br \/>\n      Jak nosi\u0107 lniane szorty?<br \/>\n    <\/button><\/p>\n<div id=\"kr-exp-4\" class=\"kr-collapse__panel\" hidden>\n<div class=\"kr-collapse__content\"><\/u><\/strong><\/p>\n<p style=\"text-align: left;\">Czarne lniane szorty to idealna baza letnich stylizacji. No\u015b je:<br \/>\n&#8211; w komplecie z lnian\u0105 bluzk\u0105 <a href=\"https:\/\/korneliarataj.com\/de\/produkt\/lniana-bluzka-v-czarna\/\" rel=\"noopener noreferrer\">HARMONY<\/a> oraz bluzk\u0105 <a href=\"https:\/\/korneliarataj.com\/de\/produkt\/lniana-bluzka-wiazana-czarna\/\" rel=\"noopener noreferrer\">BOW<\/a> lub topami <a href=\"https:\/\/korneliarataj.com\/de\/produkt\/lniany-top-wiazany-czarny\/\" rel=\"noopener noreferrer\">BOW<\/a> i <a href=\"https:\/\/korneliarataj.com\/de\/produkt\/lniany-top-romb-czarny\/\" rel=\"noopener noreferrer\">RHOMBUS<\/a> &#8211; tworz\u0105c sp\u00f3jny total linen look<br \/>\n&#8211; z szyde\u0142kowym topem lub t-shirtem na co dzie\u0144<br \/>\n&#8211; na wakacjach &#8211; ze sk\u00f3rzanymi japonkami i koszykiem<br \/>\nDzi\u0119ki swobodnemu krojowi \u015bwietnie sprawdzaj\u0105 si\u0119 w codziennych stylizacjach i podczas letnich wyjazd\u00f3w.<\/p>\n<\/div><\/div>\n<\/p><\/div>\n<p style=\"text-align: left;\"><strong><u><\/p>\n<div class=\"kr-collapse is-noarrow\" data-rel=\"kolor\">\n    <button type=\"button\" class=\"kr-collapse__trigger\"\n      aria-expanded=\"false\"\n      aria-controls=\"kr-exp-5\"><br \/>\n      Czarny kolor \u2013 ponadczasowy wyb\u00f3r<br \/>\n    <\/button><\/p>\n<div id=\"kr-exp-5\" class=\"kr-collapse__panel\" hidden>\n<div class=\"kr-collapse__content\"><\/u><\/strong><\/p>\n<p style=\"text-align: left;\">Czarne lniane szorty to klasyka, kt\u00f3ra nigdy nie wychodzi z mody. G\u0142\u0119boka czer\u0144 wysmukla sylwetk\u0119 i sprawia, \u017ce stylizacja wygl\u0105da lekko, a jednocze\u015bnie stylowo. To uniwersalna baza garderoby na lato.<\/p>\n<\/div><\/div>\n<\/p><\/div>\n<p style=\"text-align: left;\"><strong><u><\/p>\n<div class=\"kr-collapse is-noarrow\" data-rel=\"jakosc\">\n    <button type=\"button\" class=\"kr-collapse__trigger\"\n      aria-expanded=\"false\"\n      aria-controls=\"kr-exp-6\"><br \/>\n      Naturalno\u015b\u0107 i jako\u015b\u0107<br \/>\n    <\/button><\/p>\n<div id=\"kr-exp-6\" class=\"kr-collapse__panel\" hidden>\n<div class=\"kr-collapse__content\"><\/u><\/strong><\/p>\n<p style=\"text-align: left;\">Projektujemy i szyjemy w Polsce, w naszej pracowni, korzystaj\u0105c z wysokiej jako\u015bci lnu od sprawdzonych, lokalnych dostawc\u00f3w. Tkanina jest przyjemna w noszeniu, mi\u0119kko uk\u0142ada si\u0119 na ciele i zachowuje wszystkie w\u0142a\u015bciwo\u015bci naturalnego lnu &#8211; przewiewno\u015b\u0107, oddychalno\u015b\u0107 i trwa\u0142o\u015b\u0107.<\/p>\n<\/div><\/div>\n<\/p><\/div>\n<p style=\"text-align: left;\"><strong><u><\/p>\n<div class=\"kr-collapse is-noarrow\" data-rel=\"sklad\">\n    <button type=\"button\" class=\"kr-collapse__trigger\"\n      aria-expanded=\"false\"\n      aria-controls=\"kr-exp-7\"><br \/>\n      Zusammensetzung und Pflege<br \/>\n    <\/button><\/p>\n<div id=\"kr-exp-7\" class=\"kr-collapse__panel\" hidden>\n<div class=\"kr-collapse__content\"><\/u><\/strong><\/p>\n<p style=\"text-align: left;\">- 100% Flachs<br \/>\n&#8211; Pranie delikatne w 30\u00b0C<br \/>\n&#8211; Prasowa\u0107 w \u015bredniej temperaturze<br \/>\n&#8211; Suszy\u0107 na p\u0142asko lub na wieszaku<\/p>\n<\/div><\/div>\n<\/p><\/div>","protected":false},"featured_media":412180,"template":"","meta":[],"product_brand":[500],"product_cat":[622,639,621,666,617],"product_tag":[330],"class_list":{"0":"post-411986","1":"product","2":"type-product","3":"status-publish","4":"has-post-thumbnail","6":"product_brand-korneliarataj","7":"product_cat-black-lniane","8":"product_cat-kategorie-lniane","9":"product_cat-kolory-lniane","10":"product_cat-linen-2026","11":"product_cat-spodenki-lniane","12":"product_tag-black","13":"flv-has-gallery","15":"first","16":"instock","17":"taxable","18":"shipping-taxable","19":"purchasable","20":"product-type-variable","21":"has-default-attributes"},"yoast_head":"<!-- This site is optimized with the Yoast SEO plugin v27.4 - https:\/\/yoast.com\/product\/yoast-seo-wordpress\/ -->\n<title>Lniane szorty damskie - lekkie spodenki lniane czarne - KORNELIARATAJ<\/title>\n<meta name=\"description\" content=\"Kornelia Rataj. Minimalist Women&#039;s Collection, Basic, Swimwear. HANDMADE IN POLAND WITH LOVE.\" \/>\n<meta name=\"robots\" content=\"index, follow, max-snippet:-1, max-image-preview:large, max-video-preview:-1\" \/>\n<link rel=\"canonical\" href=\"https:\/\/korneliarataj.com\/de\/produkt\/lniane-szorty-czarne\/\" \/>\n<meta property=\"og:locale\" content=\"de_DE\" \/>\n<meta property=\"og:type\" content=\"article\" \/>\n<meta property=\"og:title\" content=\"Lniane szorty damskie - lekkie spodenki lniane czarne - KORNELIARATAJ\" \/>\n<meta property=\"og:description\" content=\"Kornelia Rataj. Minimalist Women&#039;s Collection, Basic, Swimwear. HANDMADE IN POLAND WITH LOVE.\" \/>\n<meta property=\"og:url\" content=\"https:\/\/korneliarataj.com\/de\/produkt\/lniane-szorty-czarne\/\" \/>\n<meta property=\"og:site_name\" content=\"KORNELIARATAJ\" \/>\n<meta property=\"article:publisher\" content=\"http:\/\/www.facebook.com\/korneliaratajshop\" \/>\n<meta property=\"article:modified_time\" content=\"2026-04-26T14:58:45+00:00\" \/>\n<meta property=\"og:image\" content=\"https:\/\/korneliarataj.com\/wp-content\/uploads\/2026\/04\/2026-BLACK-EASE-1-scaled.webp\" \/>\n\t<meta property=\"og:image:width\" content=\"1707\" \/>\n\t<meta property=\"og:image:height\" content=\"2560\" \/>\n\t<meta property=\"og:image:type\" content=\"image\/webp\" \/>\n<meta name=\"twitter:card\" content=\"summary_large_image\" \/>\n<meta name=\"twitter:label1\" content=\"Gesch\u00e4tzte Lesezeit\" \/>\n\t<meta name=\"twitter:data1\" content=\"1\u00a0Minute\" \/>\n<script type=\"application\/ld+json\" class=\"yoast-schema-graph\">{\"@context\":\"https:\\\/\\\/schema.org\",\"@graph\":[{\"@type\":\"WebPage\",\"@id\":\"https:\\\/\\\/korneliarataj.com\\\/produkt\\\/lniane-szorty-czarne\\\/\",\"url\":\"https:\\\/\\\/korneliarataj.com\\\/produkt\\\/lniane-szorty-czarne\\\/\",\"name\":\"Lniane szorty damskie - lekkie spodenki lniane czarne - KORNELIARATAJ\",\"isPartOf\":{\"@id\":\"https:\\\/\\\/korneliarataj.com\\\/#website\"},\"primaryImageOfPage\":{\"@id\":\"https:\\\/\\\/korneliarataj.com\\\/produkt\\\/lniane-szorty-czarne\\\/#primaryimage\"},\"image\":{\"@id\":\"https:\\\/\\\/korneliarataj.com\\\/produkt\\\/lniane-szorty-czarne\\\/#primaryimage\"},\"thumbnailUrl\":\"https:\\\/\\\/korneliarataj.com\\\/wp-content\\\/uploads\\\/2026\\\/04\\\/2026-BLACK-EASE-1-scaled.webp\",\"datePublished\":\"2026-04-25T22:01:15+00:00\",\"dateModified\":\"2026-04-26T14:58:45+00:00\",\"description\":\"Kornelia Rataj. Minimalist Women's Collection, Basic, Swimwear. HANDMADE IN POLAND WITH LOVE.\",\"breadcrumb\":{\"@id\":\"https:\\\/\\\/korneliarataj.com\\\/produkt\\\/lniane-szorty-czarne\\\/#breadcrumb\"},\"inLanguage\":\"de\",\"potentialAction\":[{\"@type\":\"ReadAction\",\"target\":[\"https:\\\/\\\/korneliarataj.com\\\/produkt\\\/lniane-szorty-czarne\\\/\"]}]},{\"@type\":\"ImageObject\",\"inLanguage\":\"de\",\"@id\":\"https:\\\/\\\/korneliarataj.com\\\/produkt\\\/lniane-szorty-czarne\\\/#primaryimage\",\"url\":\"https:\\\/\\\/korneliarataj.com\\\/wp-content\\\/uploads\\\/2026\\\/04\\\/2026-BLACK-EASE-1-scaled.webp\",\"contentUrl\":\"https:\\\/\\\/korneliarataj.com\\\/wp-content\\\/uploads\\\/2026\\\/04\\\/2026-BLACK-EASE-1-scaled.webp\",\"width\":1707,\"height\":2560,\"caption\":\"Lniane szorty Ease - Black\"},{\"@type\":\"BreadcrumbList\",\"@id\":\"https:\\\/\\\/korneliarataj.com\\\/produkt\\\/lniane-szorty-czarne\\\/#breadcrumb\",\"itemListElement\":[{\"@type\":\"ListItem\",\"position\":1,\"name\":\"HOME\",\"item\":\"https:\\\/\\\/korneliarataj.com\\\/\"},{\"@type\":\"ListItem\",\"position\":2,\"name\":\"Products\",\"item\":\"https:\\\/\\\/korneliarataj.com\\\/en\\\/shop\\\/\"},{\"@type\":\"ListItem\",\"position\":3,\"name\":\"Lniane szorty EASE &#8211; Black\"}]},{\"@type\":\"WebSite\",\"@id\":\"https:\\\/\\\/korneliarataj.com\\\/#website\",\"url\":\"https:\\\/\\\/korneliarataj.com\\\/\",\"name\":\"Stroje K\u0105pielowe i Odzie\u017c Lniana Sklep Kornelia Rataj\",\"description\":\"swimwear stroje k\u0105pielowe ubrania len lniane\",\"publisher\":{\"@id\":\"https:\\\/\\\/korneliarataj.com\\\/#organization\"},\"potentialAction\":[{\"@type\":\"SearchAction\",\"target\":{\"@type\":\"EntryPoint\",\"urlTemplate\":\"https:\\\/\\\/korneliarataj.com\\\/?s={search_term_string}\"},\"query-input\":{\"@type\":\"PropertyValueSpecification\",\"valueRequired\":true,\"valueName\":\"search_term_string\"}}],\"inLanguage\":\"de\"},{\"@type\":\"Organization\",\"@id\":\"https:\\\/\\\/korneliarataj.com\\\/#organization\",\"name\":\"KORNELIARATAJ\",\"url\":\"https:\\\/\\\/korneliarataj.com\\\/\",\"logo\":{\"@type\":\"ImageObject\",\"inLanguage\":\"de\",\"@id\":\"https:\\\/\\\/korneliarataj.com\\\/#\\\/schema\\\/logo\\\/image\\\/\",\"url\":\"https:\\\/\\\/korneliarataj.com\\\/wp-content\\\/uploads\\\/2020\\\/07\\\/LOGO-KR.svg\",\"contentUrl\":\"https:\\\/\\\/korneliarataj.com\\\/wp-content\\\/uploads\\\/2020\\\/07\\\/LOGO-KR.svg\",\"width\":1024,\"height\":1024,\"caption\":\"KORNELIARATAJ\"},\"image\":{\"@id\":\"https:\\\/\\\/korneliarataj.com\\\/#\\\/schema\\\/logo\\\/image\\\/\"},\"sameAs\":[\"http:\\\/\\\/www.facebook.com\\\/korneliaratajshop\",\"http:\\\/\\\/www.instagram.com\\\/korneliarataj\"]}]}<\/script>\n<!-- \/ Yoast SEO plugin. -->","yoast_head_json":{"title":"Lniane szorty damskie - lekkie spodenki lniane czarne - KORNELIARATAJ","description":"Kornelia Rataj. Minimalistische Damenkollektion, Basic, Bademode. HANDGEMACHT IN POLEN MIT LIEBE.","robots":{"index":"index","follow":"follow","max-snippet":"max-snippet:-1","max-image-preview":"max-image-preview:large","max-video-preview":"max-video-preview:-1"},"canonical":"https:\/\/korneliarataj.com\/de\/produkt\/lniane-szorty-czarne\/","og_locale":"de_DE","og_type":"article","og_title":"Lniane szorty damskie - lekkie spodenki lniane czarne - KORNELIARATAJ","og_description":"Kornelia Rataj. Minimalist Women's Collection, Basic, Swimwear. HANDMADE IN POLAND WITH LOVE.","og_url":"https:\/\/korneliarataj.com\/de\/produkt\/lniane-szorty-czarne\/","og_site_name":"KORNELIARATAJ","article_publisher":"http:\/\/www.facebook.com\/korneliaratajshop","article_modified_time":"2026-04-26T14:58:45+00:00","og_image":[{"width":1707,"height":2560,"url":"https:\/\/korneliarataj.com\/wp-content\/uploads\/2026\/04\/2026-BLACK-EASE-1-scaled.webp","type":"image\/webp"}],"twitter_card":"summary_large_image","twitter_misc":{"Gesch\u00e4tzte Lesezeit":"1\u00a0Minute"},"schema":{"@context":"https:\/\/schema.org","@graph":[{"@type":"WebPage","@id":"https:\/\/korneliarataj.com\/produkt\/lniane-szorty-czarne\/","url":"https:\/\/korneliarataj.com\/produkt\/lniane-szorty-czarne\/","name":"Lniane szorty damskie - lekkie spodenki lniane czarne - KORNELIARATAJ","isPartOf":{"@id":"https:\/\/korneliarataj.com\/#website"},"primaryImageOfPage":{"@id":"https:\/\/korneliarataj.com\/produkt\/lniane-szorty-czarne\/#primaryimage"},"image":{"@id":"https:\/\/korneliarataj.com\/produkt\/lniane-szorty-czarne\/#primaryimage"},"thumbnailUrl":"https:\/\/korneliarataj.com\/wp-content\/uploads\/2026\/04\/2026-BLACK-EASE-1-scaled.webp","datePublished":"2026-04-25T22:01:15+00:00","dateModified":"2026-04-26T14:58:45+00:00","description":"Kornelia Rataj. Minimalistische Damenkollektion, Basic, Bademode. HANDGEMACHT IN POLEN MIT LIEBE.","breadcrumb":{"@id":"https:\/\/korneliarataj.com\/produkt\/lniane-szorty-czarne\/#breadcrumb"},"inLanguage":"de","potentialAction":[{"@type":"ReadAction","target":["https:\/\/korneliarataj.com\/produkt\/lniane-szorty-czarne\/"]}]},{"@type":"ImageObject","inLanguage":"de","@id":"https:\/\/korneliarataj.com\/produkt\/lniane-szorty-czarne\/#primaryimage","url":"https:\/\/korneliarataj.com\/wp-content\/uploads\/2026\/04\/2026-BLACK-EASE-1-scaled.webp","contentUrl":"https:\/\/korneliarataj.com\/wp-content\/uploads\/2026\/04\/2026-BLACK-EASE-1-scaled.webp","width":1707,"height":2560,"caption":"Lniane szorty Ease - Black"},{"@type":"BreadcrumbList","@id":"https:\/\/korneliarataj.com\/produkt\/lniane-szorty-czarne\/#breadcrumb","itemListElement":[{"@type":"ListItem","position":1,"name":"HOME","item":"https:\/\/korneliarataj.com\/"},{"@type":"ListItem","position":2,"name":"Products","item":"https:\/\/korneliarataj.com\/en\/shop\/"},{"@type":"ListItem","position":3,"name":"Lniane szorty EASE &#8211; Black"}]},{"@type":"WebSite","@id":"https:\/\/korneliarataj.com\/#website","url":"https:\/\/korneliarataj.com\/","name":"Bademode und Leinenbekleidung Shop Kornelia Rataj","description":"badebekleidung badebekleidung leinen leinenbekleidung","publisher":{"@id":"https:\/\/korneliarataj.com\/#organization"},"potentialAction":[{"@type":"SearchAction","target":{"@type":"EntryPoint","urlTemplate":"https:\/\/korneliarataj.com\/?s={search_term_string}"},"query-input":{"@type":"PropertyValueSpecification","valueRequired":true,"valueName":"search_term_string"}}],"inLanguage":"de"},{"@type":"Organization","@id":"https:\/\/korneliarataj.com\/#organization","name":"KORNELIARATAJ","url":"https:\/\/korneliarataj.com\/","logo":{"@type":"ImageObject","inLanguage":"de","@id":"https:\/\/korneliarataj.com\/#\/schema\/logo\/image\/","url":"https:\/\/korneliarataj.com\/wp-content\/uploads\/2020\/07\/LOGO-KR.svg","contentUrl":"https:\/\/korneliarataj.com\/wp-content\/uploads\/2020\/07\/LOGO-KR.svg","width":1024,"height":1024,"caption":"KORNELIARATAJ"},"image":{"@id":"https:\/\/korneliarataj.com\/#\/schema\/logo\/image\/"},"sameAs":["http:\/\/www.facebook.com\/korneliaratajshop","http:\/\/www.instagram.com\/korneliarataj"]}]}},"_links":{"self":[{"href":"https:\/\/korneliarataj.com\/de\/wp-json\/wp\/v2\/product\/411986","targetHints":{"allow":["GET"]}}],"collection":[{"href":"https:\/\/korneliarataj.com\/de\/wp-json\/wp\/v2\/product"}],"about":[{"href":"https:\/\/korneliarataj.com\/de\/wp-json\/wp\/v2\/types\/product"}],"wp:featuredmedia":[{"embeddable":true,"href":"https:\/\/korneliarataj.com\/de\/wp-json\/wp\/v2\/media\/412180"}],"wp:attachment":[{"href":"https:\/\/korneliarataj.com\/de\/wp-json\/wp\/v2\/media?parent=411986"}],"wp:term":[{"taxonomy":"product_brand","embeddable":true,"href":"https:\/\/korneliarataj.com\/de\/wp-json\/wp\/v2\/product_brand?post=411986"},{"taxonomy":"product_cat","embeddable":true,"href":"https:\/\/korneliarataj.com\/de\/wp-json\/wp\/v2\/product_cat?post=411986"},{"taxonomy":"product_tag","embeddable":true,"href":"https:\/\/korneliarataj.com\/de\/wp-json\/wp\/v2\/product_tag?post=411986"}],"curies":[{"name":"wp","href":"https:\/\/api.w.org\/{rel}","templated":true}]}}