{"id":411897,"date":"2026-04-26T00:01:43","date_gmt":"2026-04-25T22:01:43","guid":{"rendered":"https:\/\/korneliarataj.com\/?post_type=product&#038;p=411897"},"modified":"2026-04-25T13:54:10","modified_gmt":"2026-04-25T11:54:10","slug":"lniany-top-romb-czarny","status":"publish","type":"product","link":"https:\/\/korneliarataj.com\/de\/produkt\/lniany-top-romb-czarny\/","title":{"rendered":"Lniany top RHOMBUS &#8211; Black"},"content":{"rendered":"","protected":false},"excerpt":{"rendered":"<p style=\"text-align: left;\"><strong>OPTIONEN<\/strong><\/p>\n<p style=\"text-align: left;\"><a href=\"https:\/\/korneliarataj.com\/de\/produkt\/lniany-top-romb-ciemnoszary\/\" rel=\"noopener noreferrer\"><img decoding=\"async\" src=\"https:\/\/korneliarataj.com\/wp-content\/uploads\/2026\/04\/2026-DARK-GREY-RHOMBUS-1.webp\" width=\"90px\" \/><\/a><a href=\"https:\/\/korneliarataj.com\/de\/produkt\/lniany-top-romb-niebieski\/\" rel=\"noopener noreferrer\"><img decoding=\"async\" src=\"https:\/\/korneliarataj.com\/wp-content\/uploads\/2026\/04\/2026-SKY-BLUE-RHOMBUS-1.webp\" width=\"90px\" \/><\/a><a href=\"https:\/\/korneliarataj.com\/de\/produkt\/lniany-top-romb-brzoskwiniowy\/\" rel=\"noopener noreferrer\"><img decoding=\"async\" src=\"https:\/\/korneliarataj.com\/wp-content\/uploads\/2026\/04\/2026-PEACHY-ROSE-RHOMBUS-1.webp\" width=\"90px\" \/><\/a><\/p>\n<p style=\"text-align: left;\"><u><strong>Czarny lniany top wi\u0105zany RHOMBUS &#8211; lekki, kobiecy i efektowny na lato<\/strong><\/u><\/p>\n<p style=\"text-align: left;\">Czarny lniany top RHOMBUS to minimalistyczna, a jednocze\u015bnie wyrazista propozycja na lato. Charakterystyczny fason w kszta\u0142cie rombu nadaje sylwetce lekko\u015bci i nowoczesnego charakteru, a wi\u0105zania pozwalaj\u0105 na indywidualne dopasowanie.<\/p>\n<p style=\"text-align: left;\">Uszyty z naturalnego lnu, top jest przewiewny, oddychaj\u0105cy i komfortowy nawet w upalne dni. Krojenie ze skosu sprawia, \u017ce materia\u0142 mi\u0119kko uk\u0142ada si\u0119 na ciele i naturalnie dopasowuje si\u0119 do sylwetki. Wi\u0105zanie na szyi oraz na plecach subtelnie eksponuje ramiona i plecy, tworz\u0105c kobiecy, letni efekt.<\/p>\n<p style=\"text-align: left;\">To lniany top damski, kt\u00f3ry doskonale sprawdzi si\u0119 w letnich stylizacjach &#8211; lekki, stylowy i \u0142atwy do \u0142\u0105czenia z innymi elementami garderoby.<\/p>\n<p style=\"text-align: left;\"><strong><u><\/p>\n<div class=\"kr-collapse is-noarrow\" data-rel=\"tabela\">\n    <button type=\"button\" class=\"kr-collapse__trigger\"\n      aria-expanded=\"false\"\n      aria-controls=\"kr-exp-1\"><br \/>\n      Abmessungen<br \/>\n    <\/button><\/p>\n<div id=\"kr-exp-1\" class=\"kr-collapse__panel\" hidden>\n<div class=\"kr-collapse__content\"><\/u><\/strong><\/p>\n<p style=\"text-align: left;\">\n<table>\n<thead>\n<tr>\n<th colspan=\"3\">LNIANY TOP RHOMBUS (krojony ze skosu)<\/th>\n<\/tr>\n<tr>\n<th>Gr\u00f6\u00dfe<\/th>\n<th>D\u0142ugo\u015b\u0107 (\u015brodek)<\/th>\n<th>Szeroko\u015b\u0107 przodu (biust)<\/th>\n<\/tr>\n<\/thead>\n<tbody>\n<tr>\n<td>XS\/S<\/td>\n<td>42 cm<\/td>\n<td>48 cm<\/td>\n<\/tr>\n<tr>\n<td>M\/L<\/td>\n<td>43,5 cm<\/td>\n<td>50 cm<\/td>\n<\/tr>\n<tr>\n<td>L\/XL<\/td>\n<td>45 cm<\/td>\n<td>52 cm<\/td>\n<\/tr>\n<\/tbody>\n<\/table>\n<\/div><\/div>\n<\/p><\/div>\n<p style=\"text-align: left;\"><strong><u><\/p>\n<div class=\"kr-collapse is-noarrow\" data-rel=\"wymiary\">\n    <button type=\"button\" class=\"kr-collapse__trigger\"\n      aria-expanded=\"false\"\n      aria-controls=\"kr-exp-2\"><br \/>\n      Abmessungen des Modells<br \/>\n    <\/button><\/p>\n<div id=\"kr-exp-2\" class=\"kr-collapse__panel\" hidden>\n<div class=\"kr-collapse__content\"><\/u><\/strong><\/p>\n<p style=\"text-align: left;\">Das Model auf dem Bild tr\u00e4gt die Gr\u00f6\u00dfe XS\/S<br \/>\nObw\u00f3d w biu\u015bcie: 86 cm<br \/>\nObw\u00f3d pod biustem: 70 cm<br \/>\nObw\u00f3d w talii: 64 cm<br \/>\nObw\u00f3d w biodrach: 91 cm<br \/>\nWzrost: 165 cm<br \/>\nBecher: C<\/p>\n<\/div><\/div>\n<\/p><\/div>\n<p style=\"text-align: left;\"><strong><u><\/p>\n<div class=\"kr-collapse is-noarrow\" data-rel=\"szczegoly\">\n    <button type=\"button\" class=\"kr-collapse__trigger\"\n      aria-expanded=\"false\"\n      aria-controls=\"kr-exp-3\"><br \/>\n      Details, auf die es ankommt<br \/>\n    <\/button><\/p>\n<div id=\"kr-exp-3\" class=\"kr-collapse__panel\" hidden>\n<div class=\"kr-collapse__content\"><\/u><\/strong><\/p>\n<p style=\"text-align: left;\">&#8211; Uszyty w Polsce, w rodzinnej pracowni<br \/>\n&#8211; 100% len &#8211; naturalny, przewiewny i oddychaj\u0105cy<br \/>\n&#8211; Fason w kszta\u0142cie rombu<br \/>\n&#8211; Krojony ze skosu &#8211; lepiej uk\u0142ada si\u0119 na sylwetce<br \/>\n&#8211; Zaszewki piersiowe &#8211; dopasowanie w biu\u015bcie<br \/>\n&#8211; Wi\u0105zanie na szyi i na plecach &#8211; regulowane dopasowanie<br \/>\n&#8211; Ods\u0142oni\u0119te plecy &#8211; lekki, letni charakter<br \/>\n&#8211; Jednowarstwowa konstrukcja &#8211; idealna na ciep\u0142e dni<\/p>\n<\/div><\/div>\n<\/p><\/div>\n<p style=\"text-align: left;\"><strong><u><\/p>\n<div class=\"kr-collapse is-noarrow\" data-rel=\"noszenie\">\n    <button type=\"button\" class=\"kr-collapse__trigger\"\n      aria-expanded=\"false\"\n      aria-controls=\"kr-exp-4\"><br \/>\n      Jak nosi\u0107 lniany top?<br \/>\n    <\/button><\/p>\n<div id=\"kr-exp-4\" class=\"kr-collapse__panel\" hidden>\n<div class=\"kr-collapse__content\"><\/u><\/strong><\/p>\n<p style=\"text-align: left;\">Czarny lniany top RHOMBUS to idealna baza letnich stylizacji. No\u015b go:<br \/>\n&#8211; w komplecie z lnianymi spodniami <a href=\"https:\/\/korneliarataj.com\/de\/produkt\/lniane-spodnie-czarne\/\" rel=\"noopener noreferrer\">ESSENCE<\/a> lub szortami <a href=\"https:\/\/korneliarataj.com\/de\/produkt\/lniane-szorty-czarne\/\" rel=\"noopener noreferrer\">EASE<\/a> &#8211; tworz\u0105c sp\u00f3jny total linen look<br \/>\n&#8211; z bermudami jeansowymi &#8211; dla bardziej casualowego efektu<br \/>\n&#8211; z lekk\u0105 koszul\u0105 narzucon\u0105 na ramiona &#8211; w wakacyjnej stylizacji<br \/>\nDzi\u0119ki swojej formie top nadaje stylizacji lekko\u015bci i nowoczesnego charakteru.<\/p>\n<\/div><\/div>\n<\/p><\/div>\n<p style=\"text-align: left;\"><strong><u><\/p>\n<div class=\"kr-collapse is-noarrow\" data-rel=\"kolor\">\n    <button type=\"button\" class=\"kr-collapse__trigger\"\n      aria-expanded=\"false\"\n      aria-controls=\"kr-exp-5\"><br \/>\n      Czarny kolor &#8211; ponadczasowy wyb\u00f3r<br \/>\n    <\/button><\/p>\n<div id=\"kr-exp-5\" class=\"kr-collapse__panel\" hidden>\n<div class=\"kr-collapse__content\"><\/u><\/strong><\/p>\n<p style=\"text-align: left;\">Czarny lniany top to klasyka, kt\u00f3ra nigdy nie wychodzi z mody. G\u0142\u0119boka czer\u0144 podkre\u015bla form\u0119 kroju i sprawia, \u017ce stylizacja wygl\u0105da elegancko, a jednocze\u015bnie swobodnie. To uniwersalny element garderoby na lato.<\/p>\n<\/div><\/div>\n<\/p><\/div>\n<p style=\"text-align: left;\"><strong><u><\/p>\n<div class=\"kr-collapse is-noarrow\" data-rel=\"jakosc\">\n    <button type=\"button\" class=\"kr-collapse__trigger\"\n      aria-expanded=\"false\"\n      aria-controls=\"kr-exp-6\"><br \/>\n      Naturalno\u015b\u0107 i jako\u015b\u0107<br \/>\n    <\/button><\/p>\n<div id=\"kr-exp-6\" class=\"kr-collapse__panel\" hidden>\n<div class=\"kr-collapse__content\"><\/u><\/strong><\/p>\n<p style=\"text-align: left;\">Projektujemy i szyjemy w Polsce, w naszej pracowni, korzystaj\u0105c z wysokiej jako\u015bci lnu od sprawdzonych, lokalnych dostawc\u00f3w. Tkanina jest przyjemna w noszeniu, mi\u0119kko uk\u0142ada si\u0119 na ciele i zachowuje wszystkie w\u0142a\u015bciwo\u015bci naturalnego lnu &#8211; przewiewno\u015b\u0107, oddychalno\u015b\u0107 i trwa\u0142o\u015b\u0107.<\/p>\n<\/div><\/div>\n<\/p><\/div>\n<p style=\"text-align: left;\"><strong><u><\/p>\n<div class=\"kr-collapse is-noarrow\" data-rel=\"sklad\">\n    <button type=\"button\" class=\"kr-collapse__trigger\"\n      aria-expanded=\"false\"\n      aria-controls=\"kr-exp-7\"><br \/>\n      Zusammensetzung und Pflege<br \/>\n    <\/button><\/p>\n<div id=\"kr-exp-7\" class=\"kr-collapse__panel\" hidden>\n<div class=\"kr-collapse__content\"><\/u><\/strong><\/p>\n<p style=\"text-align: left;\">- 100% Flachs<br \/>\n&#8211; Pranie delikatne w 30\u00b0C<br \/>\n&#8211; Prasowa\u0107 w \u015bredniej temperaturze<br \/>\n&#8211; Suszy\u0107 na p\u0142asko lub na wieszaku<\/p>\n<\/div><\/div>\n<\/p><\/div>","protected":false},"featured_media":412204,"template":"","meta":[],"product_brand":[500],"product_cat":[622,639,621,666,92],"product_tag":[330],"class_list":{"0":"post-411897","1":"product","2":"type-product","3":"status-publish","4":"has-post-thumbnail","6":"product_brand-korneliarataj","7":"product_cat-black-lniane","8":"product_cat-kategorie-lniane","9":"product_cat-kolory-lniane","10":"product_cat-linen-2026","11":"product_cat-topy-lniane","12":"product_tag-black","13":"flv-has-gallery","15":"first","16":"instock","17":"taxable","18":"shipping-taxable","19":"purchasable","20":"product-type-variable","21":"has-default-attributes"},"yoast_head":"<!-- This site is optimized with the Yoast SEO plugin v27.4 - https:\/\/yoast.com\/product\/yoast-seo-wordpress\/ -->\n<title>Lniany top romb - lekki top lniany czarny - KORNELIARATAJ<\/title>\n<meta name=\"description\" content=\"Kornelia Rataj. Minimalist Women&#039;s Collection, Basic, Swimwear. HANDMADE IN POLAND WITH LOVE.\" \/>\n<meta name=\"robots\" content=\"index, follow, max-snippet:-1, max-image-preview:large, max-video-preview:-1\" \/>\n<link rel=\"canonical\" href=\"https:\/\/korneliarataj.com\/de\/produkt\/lniany-top-romb-czarny\/\" \/>\n<meta property=\"og:locale\" content=\"de_DE\" \/>\n<meta property=\"og:type\" content=\"article\" \/>\n<meta property=\"og:title\" content=\"Lniany top romb - lekki top lniany czarny - KORNELIARATAJ\" \/>\n<meta property=\"og:description\" content=\"Kornelia Rataj. Minimalist Women&#039;s Collection, Basic, Swimwear. HANDMADE IN POLAND WITH LOVE.\" \/>\n<meta property=\"og:url\" content=\"https:\/\/korneliarataj.com\/de\/produkt\/lniany-top-romb-czarny\/\" \/>\n<meta property=\"og:site_name\" content=\"KORNELIARATAJ\" \/>\n<meta property=\"article:publisher\" content=\"http:\/\/www.facebook.com\/korneliaratajshop\" \/>\n<meta property=\"og:image\" content=\"https:\/\/korneliarataj.com\/wp-content\/uploads\/2026\/04\/2026-BLACK-RHOMBUS-1-scaled.webp\" \/>\n\t<meta property=\"og:image:width\" content=\"1707\" \/>\n\t<meta property=\"og:image:height\" content=\"2560\" \/>\n\t<meta property=\"og:image:type\" content=\"image\/webp\" \/>\n<meta name=\"twitter:card\" content=\"summary_large_image\" \/>\n<meta name=\"twitter:label1\" content=\"Gesch\u00e4tzte Lesezeit\" \/>\n\t<meta name=\"twitter:data1\" content=\"1\u00a0Minute\" \/>\n<script type=\"application\/ld+json\" class=\"yoast-schema-graph\">{\"@context\":\"https:\\\/\\\/schema.org\",\"@graph\":[{\"@type\":\"WebPage\",\"@id\":\"https:\\\/\\\/korneliarataj.com\\\/produkt\\\/lniany-top-romb-czarny\\\/\",\"url\":\"https:\\\/\\\/korneliarataj.com\\\/produkt\\\/lniany-top-romb-czarny\\\/\",\"name\":\"Lniany top romb - lekki top lniany czarny - KORNELIARATAJ\",\"isPartOf\":{\"@id\":\"https:\\\/\\\/korneliarataj.com\\\/#website\"},\"primaryImageOfPage\":{\"@id\":\"https:\\\/\\\/korneliarataj.com\\\/produkt\\\/lniany-top-romb-czarny\\\/#primaryimage\"},\"image\":{\"@id\":\"https:\\\/\\\/korneliarataj.com\\\/produkt\\\/lniany-top-romb-czarny\\\/#primaryimage\"},\"thumbnailUrl\":\"https:\\\/\\\/korneliarataj.com\\\/wp-content\\\/uploads\\\/2026\\\/04\\\/2026-BLACK-RHOMBUS-1-scaled.webp\",\"datePublished\":\"2026-04-25T22:01:43+00:00\",\"description\":\"Kornelia Rataj. Minimalist Women's Collection, Basic, Swimwear. HANDMADE IN POLAND WITH LOVE.\",\"breadcrumb\":{\"@id\":\"https:\\\/\\\/korneliarataj.com\\\/produkt\\\/lniany-top-romb-czarny\\\/#breadcrumb\"},\"inLanguage\":\"de\",\"potentialAction\":[{\"@type\":\"ReadAction\",\"target\":[\"https:\\\/\\\/korneliarataj.com\\\/produkt\\\/lniany-top-romb-czarny\\\/\"]}]},{\"@type\":\"ImageObject\",\"inLanguage\":\"de\",\"@id\":\"https:\\\/\\\/korneliarataj.com\\\/produkt\\\/lniany-top-romb-czarny\\\/#primaryimage\",\"url\":\"https:\\\/\\\/korneliarataj.com\\\/wp-content\\\/uploads\\\/2026\\\/04\\\/2026-BLACK-RHOMBUS-1-scaled.webp\",\"contentUrl\":\"https:\\\/\\\/korneliarataj.com\\\/wp-content\\\/uploads\\\/2026\\\/04\\\/2026-BLACK-RHOMBUS-1-scaled.webp\",\"width\":1707,\"height\":2560,\"caption\":\"Lniany top Rhombus - Black\"},{\"@type\":\"BreadcrumbList\",\"@id\":\"https:\\\/\\\/korneliarataj.com\\\/produkt\\\/lniany-top-romb-czarny\\\/#breadcrumb\",\"itemListElement\":[{\"@type\":\"ListItem\",\"position\":1,\"name\":\"HOME\",\"item\":\"https:\\\/\\\/korneliarataj.com\\\/\"},{\"@type\":\"ListItem\",\"position\":2,\"name\":\"Products\",\"item\":\"https:\\\/\\\/korneliarataj.com\\\/en\\\/shop\\\/\"},{\"@type\":\"ListItem\",\"position\":3,\"name\":\"Lniany top RHOMBUS &#8211; Black\"}]},{\"@type\":\"WebSite\",\"@id\":\"https:\\\/\\\/korneliarataj.com\\\/#website\",\"url\":\"https:\\\/\\\/korneliarataj.com\\\/\",\"name\":\"Stroje K\u0105pielowe i Odzie\u017c Lniana Sklep Kornelia Rataj\",\"description\":\"swimwear stroje k\u0105pielowe ubrania len lniane\",\"publisher\":{\"@id\":\"https:\\\/\\\/korneliarataj.com\\\/#organization\"},\"potentialAction\":[{\"@type\":\"SearchAction\",\"target\":{\"@type\":\"EntryPoint\",\"urlTemplate\":\"https:\\\/\\\/korneliarataj.com\\\/?s={search_term_string}\"},\"query-input\":{\"@type\":\"PropertyValueSpecification\",\"valueRequired\":true,\"valueName\":\"search_term_string\"}}],\"inLanguage\":\"de\"},{\"@type\":\"Organization\",\"@id\":\"https:\\\/\\\/korneliarataj.com\\\/#organization\",\"name\":\"KORNELIARATAJ\",\"url\":\"https:\\\/\\\/korneliarataj.com\\\/\",\"logo\":{\"@type\":\"ImageObject\",\"inLanguage\":\"de\",\"@id\":\"https:\\\/\\\/korneliarataj.com\\\/#\\\/schema\\\/logo\\\/image\\\/\",\"url\":\"https:\\\/\\\/korneliarataj.com\\\/wp-content\\\/uploads\\\/2020\\\/07\\\/LOGO-KR.svg\",\"contentUrl\":\"https:\\\/\\\/korneliarataj.com\\\/wp-content\\\/uploads\\\/2020\\\/07\\\/LOGO-KR.svg\",\"width\":1024,\"height\":1024,\"caption\":\"KORNELIARATAJ\"},\"image\":{\"@id\":\"https:\\\/\\\/korneliarataj.com\\\/#\\\/schema\\\/logo\\\/image\\\/\"},\"sameAs\":[\"http:\\\/\\\/www.facebook.com\\\/korneliaratajshop\",\"http:\\\/\\\/www.instagram.com\\\/korneliarataj\"]}]}<\/script>\n<!-- \/ Yoast SEO plugin. -->","yoast_head_json":{"title":"Lniany top romb - lekki top lniany czarny - KORNELIARATAJ","description":"Kornelia Rataj. Minimalistische Damenkollektion, Basic, Bademode. HANDGEMACHT IN POLEN MIT LIEBE.","robots":{"index":"index","follow":"follow","max-snippet":"max-snippet:-1","max-image-preview":"max-image-preview:large","max-video-preview":"max-video-preview:-1"},"canonical":"https:\/\/korneliarataj.com\/de\/produkt\/lniany-top-romb-czarny\/","og_locale":"de_DE","og_type":"article","og_title":"Lniany top romb - lekki top lniany czarny - KORNELIARATAJ","og_description":"Kornelia Rataj. Minimalist Women's Collection, Basic, Swimwear. HANDMADE IN POLAND WITH LOVE.","og_url":"https:\/\/korneliarataj.com\/de\/produkt\/lniany-top-romb-czarny\/","og_site_name":"KORNELIARATAJ","article_publisher":"http:\/\/www.facebook.com\/korneliaratajshop","og_image":[{"width":1707,"height":2560,"url":"https:\/\/korneliarataj.com\/wp-content\/uploads\/2026\/04\/2026-BLACK-RHOMBUS-1-scaled.webp","type":"image\/webp"}],"twitter_card":"summary_large_image","twitter_misc":{"Gesch\u00e4tzte Lesezeit":"1\u00a0Minute"},"schema":{"@context":"https:\/\/schema.org","@graph":[{"@type":"WebPage","@id":"https:\/\/korneliarataj.com\/produkt\/lniany-top-romb-czarny\/","url":"https:\/\/korneliarataj.com\/produkt\/lniany-top-romb-czarny\/","name":"Lniany top romb - lekki top lniany czarny - KORNELIARATAJ","isPartOf":{"@id":"https:\/\/korneliarataj.com\/#website"},"primaryImageOfPage":{"@id":"https:\/\/korneliarataj.com\/produkt\/lniany-top-romb-czarny\/#primaryimage"},"image":{"@id":"https:\/\/korneliarataj.com\/produkt\/lniany-top-romb-czarny\/#primaryimage"},"thumbnailUrl":"https:\/\/korneliarataj.com\/wp-content\/uploads\/2026\/04\/2026-BLACK-RHOMBUS-1-scaled.webp","datePublished":"2026-04-25T22:01:43+00:00","description":"Kornelia Rataj. Minimalistische Damenkollektion, Basic, Bademode. HANDGEMACHT IN POLEN MIT LIEBE.","breadcrumb":{"@id":"https:\/\/korneliarataj.com\/produkt\/lniany-top-romb-czarny\/#breadcrumb"},"inLanguage":"de","potentialAction":[{"@type":"ReadAction","target":["https:\/\/korneliarataj.com\/produkt\/lniany-top-romb-czarny\/"]}]},{"@type":"ImageObject","inLanguage":"de","@id":"https:\/\/korneliarataj.com\/produkt\/lniany-top-romb-czarny\/#primaryimage","url":"https:\/\/korneliarataj.com\/wp-content\/uploads\/2026\/04\/2026-BLACK-RHOMBUS-1-scaled.webp","contentUrl":"https:\/\/korneliarataj.com\/wp-content\/uploads\/2026\/04\/2026-BLACK-RHOMBUS-1-scaled.webp","width":1707,"height":2560,"caption":"Lniany top Rhombus - Black"},{"@type":"BreadcrumbList","@id":"https:\/\/korneliarataj.com\/produkt\/lniany-top-romb-czarny\/#breadcrumb","itemListElement":[{"@type":"ListItem","position":1,"name":"HOME","item":"https:\/\/korneliarataj.com\/"},{"@type":"ListItem","position":2,"name":"Products","item":"https:\/\/korneliarataj.com\/en\/shop\/"},{"@type":"ListItem","position":3,"name":"Lniany top RHOMBUS &#8211; Black"}]},{"@type":"WebSite","@id":"https:\/\/korneliarataj.com\/#website","url":"https:\/\/korneliarataj.com\/","name":"Bademode und Leinenbekleidung Shop Kornelia Rataj","description":"badebekleidung badebekleidung leinen leinenbekleidung","publisher":{"@id":"https:\/\/korneliarataj.com\/#organization"},"potentialAction":[{"@type":"SearchAction","target":{"@type":"EntryPoint","urlTemplate":"https:\/\/korneliarataj.com\/?s={search_term_string}"},"query-input":{"@type":"PropertyValueSpecification","valueRequired":true,"valueName":"search_term_string"}}],"inLanguage":"de"},{"@type":"Organization","@id":"https:\/\/korneliarataj.com\/#organization","name":"KORNELIARATAJ","url":"https:\/\/korneliarataj.com\/","logo":{"@type":"ImageObject","inLanguage":"de","@id":"https:\/\/korneliarataj.com\/#\/schema\/logo\/image\/","url":"https:\/\/korneliarataj.com\/wp-content\/uploads\/2020\/07\/LOGO-KR.svg","contentUrl":"https:\/\/korneliarataj.com\/wp-content\/uploads\/2020\/07\/LOGO-KR.svg","width":1024,"height":1024,"caption":"KORNELIARATAJ"},"image":{"@id":"https:\/\/korneliarataj.com\/#\/schema\/logo\/image\/"},"sameAs":["http:\/\/www.facebook.com\/korneliaratajshop","http:\/\/www.instagram.com\/korneliarataj"]}]}},"_links":{"self":[{"href":"https:\/\/korneliarataj.com\/de\/wp-json\/wp\/v2\/product\/411897","targetHints":{"allow":["GET"]}}],"collection":[{"href":"https:\/\/korneliarataj.com\/de\/wp-json\/wp\/v2\/product"}],"about":[{"href":"https:\/\/korneliarataj.com\/de\/wp-json\/wp\/v2\/types\/product"}],"wp:featuredmedia":[{"embeddable":true,"href":"https:\/\/korneliarataj.com\/de\/wp-json\/wp\/v2\/media\/412204"}],"wp:attachment":[{"href":"https:\/\/korneliarataj.com\/de\/wp-json\/wp\/v2\/media?parent=411897"}],"wp:term":[{"taxonomy":"product_brand","embeddable":true,"href":"https:\/\/korneliarataj.com\/de\/wp-json\/wp\/v2\/product_brand?post=411897"},{"taxonomy":"product_cat","embeddable":true,"href":"https:\/\/korneliarataj.com\/de\/wp-json\/wp\/v2\/product_cat?post=411897"},{"taxonomy":"product_tag","embeddable":true,"href":"https:\/\/korneliarataj.com\/de\/wp-json\/wp\/v2\/product_tag?post=411897"}],"curies":[{"name":"wp","href":"https:\/\/api.w.org\/{rel}","templated":true}]}}