{"id":390176,"date":"2026-01-25T15:53:49","date_gmt":"2026-01-25T14:53:49","guid":{"rendered":"https:\/\/korneliarataj.com\/?post_type=product&#038;p=390176"},"modified":"2026-04-17T13:09:18","modified_gmt":"2026-04-17T11:09:18","slug":"the-one-stroj-kapielowy-jednoczesciowy-sky-blue-2026","status":"publish","type":"product","link":"https:\/\/korneliarataj.com\/de\/produkt\/the-one-stroj-kapielowy-jednoczesciowy-sky-blue-2026\/","title":{"rendered":"The One &#8211; str\u00f3j k\u0105pielowy jednocz\u0119\u015bciowy Sky Blue"},"content":{"rendered":"","protected":false},"excerpt":{"rendered":"<p style=\"text-align: left;\"><strong>OPTIONEN<\/strong><\/p>\n<p style=\"text-align: left;\"><a href=\"https:\/\/korneliarataj.com\/de\/produkt\/the-one-stroj-kapielowy-jednoczesciowy-peachy-rose-2026\/\" target=\"_blank\" rel=\"noopener noreferrer\"><img decoding=\"async\" src=\"https:\/\/korneliarataj.com\/wp-content\/uploads\/2026\/01\/2026-PEACHY-ROSE-THE-ONE-1.webp\" width=\"90px\" \/><\/a><a href=\"https:\/\/korneliarataj.com\/de\/produkt\/the-one-stroj-kapielowy-jednoczesciowy-burgundy-2026\/\" target=\"_blank\" rel=\"noopener noreferrer\"><img decoding=\"async\" src=\"https:\/\/korneliarataj.com\/wp-content\/uploads\/2026\/01\/2026-BURGUNDY-THE-ONE-1.webp\" width=\"90px\" \/><\/a><a href=\"https:\/\/korneliarataj.com\/de\/produkt\/the-one-stroj-kapielowy-jednoczesciowy-black-2025\/\" target=\"_blank\" rel=\"noopener noreferrer\"><img decoding=\"async\" src=\"https:\/\/korneliarataj.com\/wp-content\/uploads\/2026\/01\/2026-BLACK-THE-ONE-1.webp\" width=\"90px\" \/><\/a><a href=\"https:\/\/korneliarataj.com\/de\/produkt\/the-one-stroj-kapielowy-jednoczesciowy-coconut-2025\/\" target=\"_blank\" rel=\"noopener noreferrer\"><img decoding=\"async\" src=\"https:\/\/korneliarataj.com\/wp-content\/uploads\/2026\/01\/2026-COCONUT-THE-ONE-1.webp\" width=\"90px\" \/><\/a><a href=\"https:\/\/korneliarataj.com\/de\/produkt\/the-one-stroj-kapielowy-jednoczesciowy-wood-2025\/\" target=\"_blank\" rel=\"noopener noreferrer\"><img decoding=\"async\" src=\"https:\/\/korneliarataj.com\/wp-content\/uploads\/2026\/01\/2026-WOOD-THE-ONE-1.webp\" width=\"90px\" \/><\/a><a href=\"https:\/\/korneliarataj.com\/de\/produkt\/the-one-stroj-kapielowy-jednoczesciowy-sunset-2025\/\" target=\"_blank\" rel=\"noopener noreferrer\"><img decoding=\"async\" src=\"https:\/\/korneliarataj.com\/wp-content\/uploads\/2026\/01\/2026-SUNSET-THE-ONE-1.webp\" width=\"90px\" \/><\/a><a href=\"https:\/\/korneliarataj.com\/de\/produkt\/the-one-stroj-kapielowy-jednoczesciowy-sunshine-2025\/\" target=\"_blank\" rel=\"noopener noreferrer\"><img decoding=\"async\" src=\"https:\/\/korneliarataj.com\/wp-content\/uploads\/2026\/01\/2026-SUNSHINE-THE-ONE-1.webp\" width=\"90px\" \/><\/a><\/p>\n<p style=\"text-align: left;\"><strong><u><\/p>\n<div class=\"kr-collapse is-noarrow\" data-rel=\"opis\">\n    <button type=\"button\" class=\"kr-collapse__trigger\"\n      aria-expanded=\"false\"\n      aria-controls=\"kr-exp-1\"><br \/>\n      OPIS PRODUKTU<br \/>\n    <\/button><\/p>\n<div id=\"kr-exp-1\" class=\"kr-collapse__panel\" hidden>\n<div class=\"kr-collapse__content\"><\/u><\/strong><\/p>\n<p style=\"text-align: left;\"><u><strong>The One - einteiliger Badeanzug<\/strong><\/u><\/p>\n<p style=\"text-align: left;\"><strong>Einteiliger Badeanzug - minimalistische Eleganz und Alltagskomfort<\/strong>. Ein stilvoller einteiliger Badeanzug mit zeitlosem, minimalistischem Design ist die perfekte Wahl sowohl f\u00fcr den Strand als auch f\u00fcr das Schwimmbad. Das Modell zeichnet sich durch einen zarten Ausschnitt auf der Vorderseite und einen tiefen, femininen Ausschnitt auf der R\u00fcckseite aus, der dem Gesamtdesign Leichtigkeit und Subtilit\u00e4t verleiht. Die verstellbaren Tr\u00e4ger mit eleganten goldenen Reglern mit dem Schriftzug \"KR\" erm\u00f6glichen es Ihnen, den Badeanzug genau auf Ihre Figur einzustellen. Der Badeanzug wird f\u00fcr kleine und gro\u00dfe Br\u00fcste empfohlen, zwei Schichten und das entsprechende Gewicht des Materials sorgen f\u00fcr Tragekomfort.<\/p>\n<p style=\"text-align: left;\">Die Form des Badeanzugs streckt optisch die Beine, verschlankt die Silhouette und betont die Weiblichkeit. Hochwertige Materialien sorgen f\u00fcr Langlebigkeit, Komfort und \u00c4sthetik auf h\u00f6chstem Niveau. Dieser einteilige Badeanzug ist eine Kombination aus Stil, Funktionalit\u00e4t und zeitlosem Design - die perfekte Wahl f\u00fcr jede Frau, die Komfort und Eleganz zu sch\u00e4tzen wei\u00df.<\/p>\n<p style=\"text-align: left;\">\"THE ONE ist wirklich der erste Badeanzug, der in meiner Fantasie zum Leben erwachte, als ich im Urlaub anders aussehen wollte als bisher, um mich einzigartig weiblich und modisch zu f\u00fchlen - auch am Strand. Seine minimalistische, zeitlose Form, die der weiblichen Silhouette schmeichelt, hat mein Herz erobert. Es gibt nichts Inspirierenderes f\u00fcr mich, als dass es auch Ihres erobert\" \ud83d\udc98.<\/p>\n<p style=\"text-align: left;\"><img decoding=\"async\" src=\"https:\/\/korneliarataj.com\/wp-content\/uploads\/2020\/09\/SIGNATURE-1024x189.png\" width=\"300\" height=\"75\" \/><\/p>\n<p>&nbsp;<\/p>\n<p style=\"text-align: left;\"><strong>Hochwertige Materialien<\/strong><\/p>\n<p style=\"text-align: left;\">Der Badeanzug ist aus hochwertigem Lycra gefertigt <strong>econyl<\/strong><strong class=\"copyright\">\u24c7<\/strong>recycelte Materialien, die den h\u00f6chsten Qualit\u00e4tsstandards entsprechen, einschlie\u00dflich zertifizierter <strong>OEKO-TEX Standard 100<\/strong>. Das Material ist gekennzeichnet durch:<br \/>\n\u2013 <strong>Schutz vor UV-Strahlung<\/strong>,<br \/>\n\u2013 <strong>bi-direktionale Flexibilit\u00e4t<\/strong>das f\u00fcr Komfort sorgt,<br \/>\n\u2013 <strong>resistent gegen Chlor und Ausbleichen<\/strong>,<br \/>\n\u2013 <strong>Nachhaltigkeit<\/strong>selbst bei Kontakt mit \u00d6len und Sonnencremes,<br \/>\n\u2013 <strong>\u00f6kologischer Produktionsprozess<\/strong> - recycelte Faser<\/p>\n<p>&nbsp;<\/p>\n<p style=\"text-align: left;\"><strong>\u00c4sthetik und Komfort bis ins Detail<\/strong><\/p>\n<p style=\"text-align: left;\">Jedes Detail wurde im Hinblick auf Ihren Komfort entwickelt:<\/p>\n<p>\u2013 <strong>Die Badebekleidung wird in zwei Lagen gen\u00e4ht<\/strong>Sie bieten Komfort und eine angemessene Abdeckung.<br \/>\n\u2013 <strong>Versteckte N\u00e4hte<\/strong> bieten au\u00dfergew\u00f6hnlichen Tragekomfort.<br \/>\n\u2013 <strong>Hei\u00dfsiegelbares Etikett<\/strong> garantiert Genuss.<\/p>\n<p>&nbsp;<\/p>\n<p style=\"text-align: left;\"><strong>Lokale Produktion - gen\u00e4ht in Polen<\/strong><\/p>\n<p style=\"text-align: left;\">Unsere Bademode wird in unserer Familienwerkstatt in Czernica mit viel Liebe zum Detail hergestellt. Die Produkte zeichnen sich durch ihre sorgf\u00e4ltige Verarbeitung, Langlebigkeit und \u00c4sthetik aus, die von unseren Kunden gesch\u00e4tzt werden.<\/p>\n<\/div><\/div>\n<\/p><\/div>\n<p style=\"text-align: left;\"><strong><u><\/p>\n<div class=\"kr-collapse is-noarrow\" data-rel=\"wymiary\">\n    <button type=\"button\" class=\"kr-collapse__trigger\"\n      aria-expanded=\"false\"\n      aria-controls=\"kr-exp-2\"><br \/>\n      MODELLABMESSUNGEN<br \/>\n    <\/button><\/p>\n<div id=\"kr-exp-2\" class=\"kr-collapse__panel\" hidden>\n<div class=\"kr-collapse__content\"><\/u><\/strong><\/p>\n<p style=\"text-align: left;\">Modelka ma na sobie rozmiar S<br \/>\nObw\u00f3d w biu\u015bcie: 84 cm<br \/>\nUmfang unter der B\u00fcste: 72 cm<br \/>\nMiseczka: A<br \/>\nObw\u00f3d w talii: 64 cm<br \/>\nObw\u00f3d w biodrach: 92 cm<br \/>\nWzrost: 170 cm<\/p>\n<\/div><\/div>\n<\/p><\/div>\n<p style=\"text-align: left;\"><strong><u><\/p>\n<div class=\"kr-collapse is-noarrow\" data-rel=\"kolor\">\n    <button type=\"button\" class=\"kr-collapse__trigger\"\n      aria-expanded=\"false\"\n      aria-controls=\"kr-exp-3\"><br \/>\n      FARBBESCHREIBUNG<br \/>\n    <\/button><\/p>\n<div id=\"kr-exp-3\" class=\"kr-collapse__panel\" hidden>\n<div class=\"kr-collapse__content\"><\/u><\/strong><\/p>\n<p style=\"text-align: left;\"><strong><a href=\"https:\/\/korneliarataj.com\/de\/kolor-sky-blue\/\" target=\"_blank\" rel=\"noopener noreferrer\"><u>Kolor SKY BLUE<\/u><\/a> &#8211; ch\u0142odny, jasnoniebieski odcie\u0144 stroju k\u0105pielowego<\/strong>.<br \/>\n<strong>SKY BLUE<\/strong> to jasny, ch\u0142odny odcie\u0144 niebieskiego inspirowany czystym niebem i letni\u0105 lekko\u015bci\u0105. Ten kolor doskonale sprawdza si\u0119 w strojach k\u0105pielowych damskich, nadaj\u0105c im \u015bwie\u017cy, minimalistyczny i nowoczesny charakter. Niebieski str\u00f3j k\u0105pielowy <strong>SKY BLUE<\/strong> podkre\u015bla opalenizn\u0119, optycznie roz\u015bwietla sylwetk\u0119 i wpisuje si\u0119 w estetyk\u0119 ponadczasowego beachwearu.<br \/>\nKolor <strong>SKY BLUE<\/strong> wyj\u0105tkowo dobrze prezentuje si\u0119 na r\u00f3\u017cnych typach karnacji:<br \/>\n\u2013 <strong>Heller, porzellanartiger Teint<\/strong> \u2013 podkre\u015bla \u015bwie\u017co\u015b\u0107 sk\u00f3ry i dodaje jej delikatnego, ch\u0142odnego kontrastu.<br \/>\n\u2013 <strong>Olivenfarbener Teint<\/strong> \u2013 wydobywa ch\u0142odne tony sk\u00f3ry, nadaj\u0105c jej harmonijny, czysty wygl\u0105d.<br \/>\n\u2013 <strong>Dunklere Haut<\/strong> \u2013 tworzy wyrazisty, elegancki kontrast, kt\u00f3ry podkre\u015bla g\u0142\u0119bi\u0119 koloru sk\u00f3ry i opalenizn\u0119.<br \/>\nStroje k\u0105pielowe w kolorze <strong>SKY BLUE<\/strong> sprawdzaj\u0105 si\u0119 zar\u00f3wno w minimalistycznych bikini, jak i w jednocz\u0119\u015bciowych fasonach. Jasnoniebieski str\u00f3j k\u0105pielowy damski to idealny wyb\u00f3r na pla\u017c\u0119 i basen \u2013 lekki wizualnie, \u015bwie\u017cy i niezwykle uniwersalny.<br \/>\n<strong>Dlaczego wybra\u0107 str\u00f3j k\u0105pielowy w kolorze SKY BLUE?<\/strong><br \/>\nTo propozycja dla kobiet, kt\u00f3re ceni\u0105 jasne, ch\u0142odne kolory, subteln\u0105 elegancj\u0119 i nowoczesn\u0105 estetyk\u0119 w strojach k\u0105pielowych.<\/div>\n<\/p><\/div>\n<\/p><\/div>\n<\/p>\n<p style=\"text-align: left;\"><strong><u><\/p>\n<div class=\"kr-collapse is-noarrow\" data-rel=\"sklad\">\n    <button type=\"button\" class=\"kr-collapse__trigger\"\n      aria-expanded=\"false\"\n      aria-controls=\"kr-exp-4\"><br \/>\n      ZUSAMMENSETZUNG UND PFLEGEHINWEISE<br \/>\n    <\/button><\/p>\n<div id=\"kr-exp-4\" class=\"kr-collapse__panel\" hidden>\n<div class=\"kr-collapse__content\"><\/u><\/strong><\/p>\n<p style=\"text-align: left;\">78% recyceltes Polyamid<br \/>\n22% Elastan<br \/>\nSchonwaschgang bei 30\u00b0c mit \u00e4hnlichen Farben<br \/>\nHandw\u00e4sche, mit \u00e4hnlichen Farben<br \/>\nEisen bei max. 110\u00b0c<br \/>\nnicht bleichen<br \/>\nnicht im Trockner trocknen<\/p>\n<\/div><\/div>\n<\/p><\/div>","protected":false},"featured_media":390202,"template":"","meta":[],"product_brand":[500],"product_cat":[577,528,572,576,561,562,590,582,593,656,652,651,574],"product_tag":[653],"class_list":{"0":"post-390176","1":"product","2":"type-product","3":"status-publish","4":"has-post-thumbnail","6":"product_brand-korneliarataj","7":"product_cat-eleganckie-stroje","8":"product_cat-jednoczesciowe-swimwear","9":"product_cat-kategorie-swimwear","10":"product_cat-klasyczne-proste-minimalistyczne-stroje","11":"product_cat-kolory-swimwear","12":"product_cat-krotki-tulow-jednoczesciowe","13":"product_cat-maly-biust-stroje","14":"product_cat-niski-stan-stroje","15":"product_cat-ochrona-uv-stroje","16":"product_cat-sky-blue-swimwear","17":"product_cat-swimwear-2026","18":"product_cat-worek-free","19":"product_cat-z-wycieciami-wyciete-stroje","20":"product_tag-sky-blue","21":"flv-has-gallery","23":"first","24":"instock","25":"taxable","26":"shipping-taxable","27":"purchasable","28":"product-type-variable","29":"has-default-attributes"},"yoast_head":"<!-- This site is optimized with the Yoast SEO plugin v27.4 - https:\/\/yoast.com\/product\/yoast-seo-wordpress\/ -->\n<title>The One - str\u00f3j k\u0105pielowy jednocz\u0119\u015bciowy Sky Blue - KORNELIARATAJ<\/title>\n<meta name=\"description\" content=\"Kornelia Rataj. Minimalist Women&#039;s Collection, Basic, Swimwear. HANDMADE IN POLAND WITH LOVE.\" \/>\n<meta name=\"robots\" content=\"index, follow, max-snippet:-1, max-image-preview:large, max-video-preview:-1\" \/>\n<link rel=\"canonical\" href=\"https:\/\/korneliarataj.com\/de\/produkt\/the-one-stroj-kapielowy-jednoczesciowy-sky-blue-2026\/\" \/>\n<meta property=\"og:locale\" content=\"de_DE\" \/>\n<meta property=\"og:type\" content=\"article\" \/>\n<meta property=\"og:title\" content=\"The One - str\u00f3j k\u0105pielowy jednocz\u0119\u015bciowy Sky Blue - KORNELIARATAJ\" \/>\n<meta property=\"og:description\" content=\"Kornelia Rataj. Minimalist Women&#039;s Collection, Basic, Swimwear. HANDMADE IN POLAND WITH LOVE.\" \/>\n<meta property=\"og:url\" content=\"https:\/\/korneliarataj.com\/de\/produkt\/the-one-stroj-kapielowy-jednoczesciowy-sky-blue-2026\/\" \/>\n<meta property=\"og:site_name\" content=\"KORNELIARATAJ\" \/>\n<meta property=\"article:publisher\" content=\"http:\/\/www.facebook.com\/korneliaratajshop\" \/>\n<meta property=\"article:modified_time\" content=\"2026-04-17T11:09:18+00:00\" \/>\n<meta property=\"og:image\" content=\"https:\/\/korneliarataj.com\/wp-content\/uploads\/2026\/01\/2026-SKY-BLUE-THE-ONE-1-scaled.webp\" \/>\n\t<meta property=\"og:image:width\" content=\"1707\" \/>\n\t<meta property=\"og:image:height\" content=\"2560\" \/>\n\t<meta property=\"og:image:type\" content=\"image\/webp\" \/>\n<meta name=\"twitter:card\" content=\"summary_large_image\" \/>\n<meta name=\"twitter:label1\" content=\"Gesch\u00e4tzte Lesezeit\" \/>\n\t<meta name=\"twitter:data1\" content=\"1\u00a0Minute\" \/>\n<script type=\"application\/ld+json\" class=\"yoast-schema-graph\">{\"@context\":\"https:\\\/\\\/schema.org\",\"@graph\":[{\"@type\":\"WebPage\",\"@id\":\"https:\\\/\\\/korneliarataj.com\\\/produkt\\\/the-one-stroj-kapielowy-jednoczesciowy-sky-blue-2026\\\/\",\"url\":\"https:\\\/\\\/korneliarataj.com\\\/produkt\\\/the-one-stroj-kapielowy-jednoczesciowy-sky-blue-2026\\\/\",\"name\":\"The One - str\u00f3j k\u0105pielowy jednocz\u0119\u015bciowy Sky Blue - KORNELIARATAJ\",\"isPartOf\":{\"@id\":\"https:\\\/\\\/korneliarataj.com\\\/#website\"},\"primaryImageOfPage\":{\"@id\":\"https:\\\/\\\/korneliarataj.com\\\/produkt\\\/the-one-stroj-kapielowy-jednoczesciowy-sky-blue-2026\\\/#primaryimage\"},\"image\":{\"@id\":\"https:\\\/\\\/korneliarataj.com\\\/produkt\\\/the-one-stroj-kapielowy-jednoczesciowy-sky-blue-2026\\\/#primaryimage\"},\"thumbnailUrl\":\"https:\\\/\\\/korneliarataj.com\\\/wp-content\\\/uploads\\\/2026\\\/01\\\/2026-SKY-BLUE-THE-ONE-1-scaled.webp\",\"datePublished\":\"2026-01-25T14:53:49+00:00\",\"dateModified\":\"2026-04-17T11:09:18+00:00\",\"description\":\"Kornelia Rataj. Minimalist Women's Collection, Basic, Swimwear. HANDMADE IN POLAND WITH LOVE.\",\"breadcrumb\":{\"@id\":\"https:\\\/\\\/korneliarataj.com\\\/produkt\\\/the-one-stroj-kapielowy-jednoczesciowy-sky-blue-2026\\\/#breadcrumb\"},\"inLanguage\":\"de\",\"potentialAction\":[{\"@type\":\"ReadAction\",\"target\":[\"https:\\\/\\\/korneliarataj.com\\\/produkt\\\/the-one-stroj-kapielowy-jednoczesciowy-sky-blue-2026\\\/\"]}]},{\"@type\":\"ImageObject\",\"inLanguage\":\"de\",\"@id\":\"https:\\\/\\\/korneliarataj.com\\\/produkt\\\/the-one-stroj-kapielowy-jednoczesciowy-sky-blue-2026\\\/#primaryimage\",\"url\":\"https:\\\/\\\/korneliarataj.com\\\/wp-content\\\/uploads\\\/2026\\\/01\\\/2026-SKY-BLUE-THE-ONE-1-scaled.webp\",\"contentUrl\":\"https:\\\/\\\/korneliarataj.com\\\/wp-content\\\/uploads\\\/2026\\\/01\\\/2026-SKY-BLUE-THE-ONE-1-scaled.webp\",\"width\":1707,\"height\":2560,\"caption\":\"The One - dol stroju kapielowego Sky Blue\"},{\"@type\":\"BreadcrumbList\",\"@id\":\"https:\\\/\\\/korneliarataj.com\\\/produkt\\\/the-one-stroj-kapielowy-jednoczesciowy-sky-blue-2026\\\/#breadcrumb\",\"itemListElement\":[{\"@type\":\"ListItem\",\"position\":1,\"name\":\"HOME\",\"item\":\"https:\\\/\\\/korneliarataj.com\\\/\"},{\"@type\":\"ListItem\",\"position\":2,\"name\":\"Products\",\"item\":\"https:\\\/\\\/korneliarataj.com\\\/en\\\/shop\\\/\"},{\"@type\":\"ListItem\",\"position\":3,\"name\":\"The One &#8211; str\u00f3j k\u0105pielowy jednocz\u0119\u015bciowy Sky Blue\"}]},{\"@type\":\"WebSite\",\"@id\":\"https:\\\/\\\/korneliarataj.com\\\/#website\",\"url\":\"https:\\\/\\\/korneliarataj.com\\\/\",\"name\":\"Stroje K\u0105pielowe i Odzie\u017c Lniana Sklep Kornelia Rataj\",\"description\":\"swimwear stroje k\u0105pielowe ubrania len lniane\",\"publisher\":{\"@id\":\"https:\\\/\\\/korneliarataj.com\\\/#organization\"},\"potentialAction\":[{\"@type\":\"SearchAction\",\"target\":{\"@type\":\"EntryPoint\",\"urlTemplate\":\"https:\\\/\\\/korneliarataj.com\\\/?s={search_term_string}\"},\"query-input\":{\"@type\":\"PropertyValueSpecification\",\"valueRequired\":true,\"valueName\":\"search_term_string\"}}],\"inLanguage\":\"de\"},{\"@type\":\"Organization\",\"@id\":\"https:\\\/\\\/korneliarataj.com\\\/#organization\",\"name\":\"KORNELIARATAJ\",\"url\":\"https:\\\/\\\/korneliarataj.com\\\/\",\"logo\":{\"@type\":\"ImageObject\",\"inLanguage\":\"de\",\"@id\":\"https:\\\/\\\/korneliarataj.com\\\/#\\\/schema\\\/logo\\\/image\\\/\",\"url\":\"https:\\\/\\\/korneliarataj.com\\\/wp-content\\\/uploads\\\/2020\\\/07\\\/LOGO-KR.svg\",\"contentUrl\":\"https:\\\/\\\/korneliarataj.com\\\/wp-content\\\/uploads\\\/2020\\\/07\\\/LOGO-KR.svg\",\"width\":1024,\"height\":1024,\"caption\":\"KORNELIARATAJ\"},\"image\":{\"@id\":\"https:\\\/\\\/korneliarataj.com\\\/#\\\/schema\\\/logo\\\/image\\\/\"},\"sameAs\":[\"http:\\\/\\\/www.facebook.com\\\/korneliaratajshop\",\"http:\\\/\\\/www.instagram.com\\\/korneliarataj\"]}]}<\/script>\n<!-- \/ Yoast SEO plugin. -->","yoast_head_json":{"title":"The One - str\u00f3j k\u0105pielowy jednocz\u0119\u015bciowy Sky Blue - KORNELIARATAJ","description":"Kornelia Rataj. Minimalistische Damenkollektion, Basic, Bademode. HANDGEMACHT IN POLEN MIT LIEBE.","robots":{"index":"index","follow":"follow","max-snippet":"max-snippet:-1","max-image-preview":"max-image-preview:large","max-video-preview":"max-video-preview:-1"},"canonical":"https:\/\/korneliarataj.com\/de\/produkt\/the-one-stroj-kapielowy-jednoczesciowy-sky-blue-2026\/","og_locale":"de_DE","og_type":"article","og_title":"The One - str\u00f3j k\u0105pielowy jednocz\u0119\u015bciowy Sky Blue - KORNELIARATAJ","og_description":"Kornelia Rataj. Minimalist Women's Collection, Basic, Swimwear. HANDMADE IN POLAND WITH LOVE.","og_url":"https:\/\/korneliarataj.com\/de\/produkt\/the-one-stroj-kapielowy-jednoczesciowy-sky-blue-2026\/","og_site_name":"KORNELIARATAJ","article_publisher":"http:\/\/www.facebook.com\/korneliaratajshop","article_modified_time":"2026-04-17T11:09:18+00:00","og_image":[{"width":1707,"height":2560,"url":"https:\/\/korneliarataj.com\/wp-content\/uploads\/2026\/01\/2026-SKY-BLUE-THE-ONE-1-scaled.webp","type":"image\/webp"}],"twitter_card":"summary_large_image","twitter_misc":{"Gesch\u00e4tzte Lesezeit":"1\u00a0Minute"},"schema":{"@context":"https:\/\/schema.org","@graph":[{"@type":"WebPage","@id":"https:\/\/korneliarataj.com\/produkt\/the-one-stroj-kapielowy-jednoczesciowy-sky-blue-2026\/","url":"https:\/\/korneliarataj.com\/produkt\/the-one-stroj-kapielowy-jednoczesciowy-sky-blue-2026\/","name":"The One - str\u00f3j k\u0105pielowy jednocz\u0119\u015bciowy Sky Blue - KORNELIARATAJ","isPartOf":{"@id":"https:\/\/korneliarataj.com\/#website"},"primaryImageOfPage":{"@id":"https:\/\/korneliarataj.com\/produkt\/the-one-stroj-kapielowy-jednoczesciowy-sky-blue-2026\/#primaryimage"},"image":{"@id":"https:\/\/korneliarataj.com\/produkt\/the-one-stroj-kapielowy-jednoczesciowy-sky-blue-2026\/#primaryimage"},"thumbnailUrl":"https:\/\/korneliarataj.com\/wp-content\/uploads\/2026\/01\/2026-SKY-BLUE-THE-ONE-1-scaled.webp","datePublished":"2026-01-25T14:53:49+00:00","dateModified":"2026-04-17T11:09:18+00:00","description":"Kornelia Rataj. Minimalistische Damenkollektion, Basic, Bademode. HANDGEMACHT IN POLEN MIT LIEBE.","breadcrumb":{"@id":"https:\/\/korneliarataj.com\/produkt\/the-one-stroj-kapielowy-jednoczesciowy-sky-blue-2026\/#breadcrumb"},"inLanguage":"de","potentialAction":[{"@type":"ReadAction","target":["https:\/\/korneliarataj.com\/produkt\/the-one-stroj-kapielowy-jednoczesciowy-sky-blue-2026\/"]}]},{"@type":"ImageObject","inLanguage":"de","@id":"https:\/\/korneliarataj.com\/produkt\/the-one-stroj-kapielowy-jednoczesciowy-sky-blue-2026\/#primaryimage","url":"https:\/\/korneliarataj.com\/wp-content\/uploads\/2026\/01\/2026-SKY-BLUE-THE-ONE-1-scaled.webp","contentUrl":"https:\/\/korneliarataj.com\/wp-content\/uploads\/2026\/01\/2026-SKY-BLUE-THE-ONE-1-scaled.webp","width":1707,"height":2560,"caption":"The One - dol stroju kapielowego Sky Blue"},{"@type":"BreadcrumbList","@id":"https:\/\/korneliarataj.com\/produkt\/the-one-stroj-kapielowy-jednoczesciowy-sky-blue-2026\/#breadcrumb","itemListElement":[{"@type":"ListItem","position":1,"name":"HOME","item":"https:\/\/korneliarataj.com\/"},{"@type":"ListItem","position":2,"name":"Products","item":"https:\/\/korneliarataj.com\/en\/shop\/"},{"@type":"ListItem","position":3,"name":"The One &#8211; str\u00f3j k\u0105pielowy jednocz\u0119\u015bciowy Sky Blue"}]},{"@type":"WebSite","@id":"https:\/\/korneliarataj.com\/#website","url":"https:\/\/korneliarataj.com\/","name":"Bademode und Leinenbekleidung Shop Kornelia Rataj","description":"badebekleidung badebekleidung leinen leinenbekleidung","publisher":{"@id":"https:\/\/korneliarataj.com\/#organization"},"potentialAction":[{"@type":"SearchAction","target":{"@type":"EntryPoint","urlTemplate":"https:\/\/korneliarataj.com\/?s={search_term_string}"},"query-input":{"@type":"PropertyValueSpecification","valueRequired":true,"valueName":"search_term_string"}}],"inLanguage":"de"},{"@type":"Organization","@id":"https:\/\/korneliarataj.com\/#organization","name":"KORNELIARATAJ","url":"https:\/\/korneliarataj.com\/","logo":{"@type":"ImageObject","inLanguage":"de","@id":"https:\/\/korneliarataj.com\/#\/schema\/logo\/image\/","url":"https:\/\/korneliarataj.com\/wp-content\/uploads\/2020\/07\/LOGO-KR.svg","contentUrl":"https:\/\/korneliarataj.com\/wp-content\/uploads\/2020\/07\/LOGO-KR.svg","width":1024,"height":1024,"caption":"KORNELIARATAJ"},"image":{"@id":"https:\/\/korneliarataj.com\/#\/schema\/logo\/image\/"},"sameAs":["http:\/\/www.facebook.com\/korneliaratajshop","http:\/\/www.instagram.com\/korneliarataj"]}]}},"_links":{"self":[{"href":"https:\/\/korneliarataj.com\/de\/wp-json\/wp\/v2\/product\/390176","targetHints":{"allow":["GET"]}}],"collection":[{"href":"https:\/\/korneliarataj.com\/de\/wp-json\/wp\/v2\/product"}],"about":[{"href":"https:\/\/korneliarataj.com\/de\/wp-json\/wp\/v2\/types\/product"}],"wp:featuredmedia":[{"embeddable":true,"href":"https:\/\/korneliarataj.com\/de\/wp-json\/wp\/v2\/media\/390202"}],"wp:attachment":[{"href":"https:\/\/korneliarataj.com\/de\/wp-json\/wp\/v2\/media?parent=390176"}],"wp:term":[{"taxonomy":"product_brand","embeddable":true,"href":"https:\/\/korneliarataj.com\/de\/wp-json\/wp\/v2\/product_brand?post=390176"},{"taxonomy":"product_cat","embeddable":true,"href":"https:\/\/korneliarataj.com\/de\/wp-json\/wp\/v2\/product_cat?post=390176"},{"taxonomy":"product_tag","embeddable":true,"href":"https:\/\/korneliarataj.com\/de\/wp-json\/wp\/v2\/product_tag?post=390176"}],"curies":[{"name":"wp","href":"https:\/\/api.w.org\/{rel}","templated":true}]}}