{"id":389545,"date":"2026-01-25T12:00:13","date_gmt":"2026-01-25T11:00:13","guid":{"rendered":"https:\/\/korneliarataj.com\/?post_type=product&#038;p=389545"},"modified":"2026-04-28T14:28:30","modified_gmt":"2026-04-28T12:28:30","slug":"classy-dol-stroju-kapielowego-burgundy-2026","status":"publish","type":"product","link":"https:\/\/korneliarataj.com\/de\/produkt\/classy-dol-stroju-kapielowego-burgundy-2026\/","title":{"rendered":"Classy &#8211; d\u00f3\u0142 stroju k\u0105pielowego Burgundy"},"content":{"rendered":"","protected":false},"excerpt":{"rendered":"<p style=\"text-align: left;\"><strong>OPTIONEN<\/strong><\/p>\n<p style=\"text-align: left;\"><a href=\"https:\/\/korneliarataj.com\/de\/produkt\/classy-dol-stroju-kapielowego-sky-blue-2026\/\" target=\"_blank\" rel=\"noopener noreferrer\"><img decoding=\"async\" src=\"https:\/\/korneliarataj.com\/wp-content\/uploads\/2026\/01\/2026-SKY-BLUE-CLASSY-1.webp\" width=\"90px\" \/><\/a><a href=\"https:\/\/korneliarataj.com\/de\/produkt\/classy-dol-stroju-kapielowego-peachy-rose-2026\/\" target=\"_blank\" rel=\"noopener noreferrer\"><img decoding=\"async\" src=\"https:\/\/korneliarataj.com\/wp-content\/uploads\/2026\/01\/2026-PEACHY-ROSE-CLASSY-1.webp\" width=\"90px\" \/><\/a><a href=\"https:\/\/korneliarataj.com\/de\/produkt\/classy-dol-stroju-kapielowego-black-2025\/\" target=\"_blank\" rel=\"noopener noreferrer\"><img decoding=\"async\" src=\"https:\/\/korneliarataj.com\/wp-content\/uploads\/2026\/01\/2026-BLACK-CLASSY-1.webp\" width=\"90px\" \/><\/a><a href=\"https:\/\/korneliarataj.com\/de\/produkt\/classy-dol-stroju-kapielowego-coconut-2025\/\" target=\"_blank\" rel=\"noopener noreferrer\"><img decoding=\"async\" src=\"https:\/\/korneliarataj.com\/wp-content\/uploads\/2026\/01\/2026-COCONUT-CLASSY-1.webp\" width=\"90px\" \/><\/a><a href=\"https:\/\/korneliarataj.com\/de\/produkt\/classy-dol-stroju-kapielowego-wood-2025\/\" target=\"_blank\" rel=\"noopener noreferrer\"><img decoding=\"async\" src=\"https:\/\/korneliarataj.com\/wp-content\/uploads\/2026\/01\/2026-WOOD-CLASSY-1.webp\" width=\"90px\" \/><\/a><a href=\"https:\/\/korneliarataj.com\/de\/produkt\/classy-dol-stroju-kapielowego-sunset-2025\/\" target=\"_blank\" rel=\"noopener noreferrer\"><img decoding=\"async\" src=\"https:\/\/korneliarataj.com\/wp-content\/uploads\/2026\/01\/2026-SUNSET-CLASSY-1.webp\" width=\"90px\" \/><\/a><a href=\"https:\/\/korneliarataj.com\/de\/produkt\/classy-dol-stroju-kapielowego-sunshine-2025\/\" target=\"_blank\" rel=\"noopener noreferrer\"><img decoding=\"async\" src=\"https:\/\/korneliarataj.com\/wp-content\/uploads\/2026\/01\/2026-SUNSHINE-CLASSY-1.webp\" width=\"90px\" \/><\/a><\/p>\n<p style=\"text-align: left;\"><strong><u><\/p>\n<div class=\"kr-collapse is-noarrow\" data-rel=\"opis\">\n    <button type=\"button\" class=\"kr-collapse__trigger\"\n      aria-expanded=\"false\"\n      aria-controls=\"kr-exp-1\"><br \/>\n      OPIS PRODUKTU<br \/>\n    <\/button><\/p>\n<div id=\"kr-exp-1\" class=\"kr-collapse__panel\" hidden>\n<div class=\"kr-collapse__content\"><\/u><\/strong><\/p>\n<p style=\"text-align: left;\"><u><strong>Stilvoll - die Unterseite des Badeanzugs<\/strong><\/u><\/p>\n<p style=\"text-align: left;\"><strong>Klassisches Bikini-Unterteil mit mittelhohem Bund - Komfort und Stil f\u00fcr jede Gelegenheit<\/strong>. Der Bestseller unter den Badeanz\u00fcgen mit hoher Taille ist die perfekte Wahl, ob f\u00fcr den Strand oder das Schwimmbad. Das Modell entbl\u00f6\u00dft sanft das Ges\u00e4\u00df und kombiniert Komfort mit subtiler Sinnlichkeit. Das Bikini-Unterteil wurde speziell f\u00fcr Sonnenb\u00e4der und Strandaktivit\u00e4ten entwickelt und ist somit eine praktische L\u00f6sung f\u00fcr jede Figur. Die mittelhohe Leibh\u00f6he verl\u00e4ngert optisch die Beine und verschlankt die Figur, w\u00e4hrend der bequeme Schnitt und die Passform f\u00fcr ganzt\u00e4gigen Tragekomfort sorgen.<\/p>\n<p style=\"text-align: left;\">Ein klassisches Bikini-Unterteil ist ein unverzichtbares Teil der Bademode f\u00fcr jede Frau. Betonen Sie Ihre Silhouette und w\u00e4hlen Sie einen einzigartigen Badeanzug von einer polnischen Marke, die Stil, Komfort und hochwertige Verarbeitung vereint.<\/p>\n<p>&nbsp;<\/p>\n<p style=\"text-align: left;\"><strong>Hochwertige Materialien<\/strong><\/p>\n<p style=\"text-align: left;\">Der Badeanzug ist aus hochwertigem Lycra gefertigt <strong>econyl<\/strong><strong class=\"copyright\">\u24c7<\/strong>recycelte Materialien, die den h\u00f6chsten Qualit\u00e4tsstandards entsprechen, einschlie\u00dflich zertifizierter <strong>OEKO-TEX Standard 100<\/strong>. Das Material ist gekennzeichnet durch:<br \/>\n\u2013 <strong>Schutz vor UV-Strahlung<\/strong>,<br \/>\n\u2013 <strong>bi-direktionale Flexibilit\u00e4t<\/strong>das f\u00fcr Komfort sorgt,<br \/>\n\u2013 <strong>resistent gegen Chlor und Ausbleichen<\/strong>,<br \/>\n\u2013 <strong>Nachhaltigkeit<\/strong>selbst bei Kontakt mit \u00d6len und Sonnencremes,<br \/>\n\u2013 <strong>\u00f6kologischer Produktionsprozess<\/strong> - recycelte Faser<\/p>\n<p>&nbsp;<\/p>\n<p style=\"text-align: left;\"><strong>\u00c4sthetik und Komfort bis ins Detail<\/strong><\/p>\n<p style=\"text-align: left;\">Jedes Detail wurde im Hinblick auf Ihren Komfort entwickelt:<\/p>\n<p>\u2013 <strong>Die Badebekleidung wird in zwei Lagen gen\u00e4ht<\/strong>Sie bieten Komfort und eine angemessene Abdeckung.<br \/>\n\u2013 <strong>Versteckte N\u00e4hte<\/strong> bieten au\u00dfergew\u00f6hnlichen Tragekomfort.<br \/>\n\u2013 <strong>Hei\u00dfsiegelbares Etikett<\/strong> garantiert Genuss.<\/p>\n<p>&nbsp;<\/p>\n<p style=\"text-align: left;\"><strong>Lokale Produktion - gen\u00e4ht in Polen<\/strong><\/p>\n<p style=\"text-align: left;\">Unsere Bademode wird in unserer Familienwerkstatt in Czernica mit viel Liebe zum Detail hergestellt. Die Produkte zeichnen sich durch ihre sorgf\u00e4ltige Verarbeitung, Langlebigkeit und \u00c4sthetik aus, die von unseren Kunden gesch\u00e4tzt werden.<\/p>\n<\/div><\/div>\n<\/p><\/div>\n<p style=\"text-align: left;\"><strong><u><\/p>\n<div class=\"kr-collapse is-noarrow\" data-rel=\"wymiary\">\n    <button type=\"button\" class=\"kr-collapse__trigger\"\n      aria-expanded=\"false\"\n      aria-controls=\"kr-exp-2\"><br \/>\n      MODELLABMESSUNGEN<br \/>\n    <\/button><\/p>\n<div id=\"kr-exp-2\" class=\"kr-collapse__panel\" hidden>\n<div class=\"kr-collapse__content\"><\/u><\/strong><\/p>\n<p style=\"text-align: left;\">Modelka ma na sobie rozmiar S<br \/>\nObw\u00f3d w biu\u015bcie: 84 cm<br \/>\nUmfang unter der B\u00fcste: 72 cm<br \/>\nMiseczka: A<br \/>\nObw\u00f3d w talii: 64 cm<br \/>\nObw\u00f3d w biodrach: 92 cm<br \/>\nWzrost: 170 cm<\/p>\n<\/div><\/div>\n<\/p><\/div>\n<p style=\"text-align: left;\"><strong><u><\/p>\n<div class=\"kr-collapse is-noarrow\" data-rel=\"kolor\">\n    <button type=\"button\" class=\"kr-collapse__trigger\"\n      aria-expanded=\"false\"\n      aria-controls=\"kr-exp-3\"><br \/>\n      FARBBESCHREIBUNG<br \/>\n    <\/button><\/p>\n<div id=\"kr-exp-3\" class=\"kr-collapse__panel\" hidden>\n<div class=\"kr-collapse__content\"><\/u><\/strong><\/p>\n<p style=\"text-align: left;\"><strong><a href=\"https:\/\/korneliarataj.com\/de\/kolor-burgundy\/\" rel=\"noopener noreferrer\"><u>Kolor BURGUNDY<\/u><\/a> &#8211; elegancki, g\u0142\u0119boki bordowy str\u00f3j k\u0105pielowy damski<\/strong>.<br \/>\n<strong>BURGUNDY<\/strong> to g\u0142\u0119boki, nasycony odcie\u0144 bordowego, kt\u00f3ry doskonale sprawdza si\u0119 w strojach k\u0105pielowych damskich. To jeden z najbardziej eleganckich kolor\u00f3w w modzie pla\u017cowej \u2013 ponadczasowy, wyrafinowany i niezwykle kobiecy. Bordowy str\u00f3j k\u0105pielowy <strong>BURGUNDY<\/strong> podkre\u015bla sylwetk\u0119, optycznie j\u0105 wysmukla i nadaje stylizacji luksusowy, sp\u00f3jny charakter.<br \/>\nTen odcie\u0144 czerwieni jest szczeg\u00f3lnie ceniony w kolekcjach premium, poniewa\u017c \u0142\u0105czy klasyk\u0119 z nowoczesnym minimalizmem. Burgundowy str\u00f3j k\u0105pielowy \u015bwietnie prezentuje si\u0119 zar\u00f3wno w formie bikini, jak i jednocz\u0119\u015bciowego stroju k\u0105pielowego damskiego \u2013 sprawdzi si\u0119 na pla\u017cy, basenie i podczas wakacyjnych wyjazd\u00f3w.<br \/>\nKolor <strong>BURGUNDY<\/strong> \u2013 dla jakiej karnacji?<br \/>\n\u2013 <strong>Heller, porzellanartiger Teint<\/strong> \u2013 tworzy elegancki kontrast i podkre\u015bla delikatno\u015b\u0107 sk\u00f3ry.<br \/>\n\u2013 <strong>Olivenfarbener Teint<\/strong> \u2013 harmonizuje z naturalnymi podtonami, wydobywaj\u0105c ich ciep\u0142o.<br \/>\n\u2013 <strong>Dunklere Haut<\/strong> \u2013 podkre\u015bla g\u0142\u0119bi\u0119 koloru sk\u00f3ry i pi\u0119knie akcentuje opalenizn\u0119.<br \/>\n<strong>Jak wygl\u0105da str\u00f3j k\u0105pielowy w kolorze BURGUNDY<\/strong>?<br \/>\nTo ciemny, szlachetny odcie\u0144 czerwieni, kt\u00f3ry nie jest jaskrawy \u2013 zamiast tego daje efekt g\u0142\u0119bi, elegancji i wizualnego wysmuklenia sylwetki. Dzi\u0119ki temu bordowy str\u00f3j k\u0105pielowy jest cz\u0119sto wybierany przez kobiety, kt\u00f3re szukaj\u0105 klasycznego, ale wyrazistego koloru.<br \/>\n<strong>Z czym \u0142\u0105czy\u0107 kolor BURGUNDY<\/strong>?<br \/>\nBordowy kolor stroju k\u0105pielowego \u015bwietnie komponuje si\u0119 z:<br \/>\n\u2013 be\u017cem i naturalnym lnem<br \/>\n\u2013 czerni\u0105 i z\u0142amanymi bielami<br \/>\n\u2013 z\u0142ot\u0105 bi\u017cuteri\u0105 i dodatkami pla\u017cowymi<br \/>\n<strong>Dlaczego wybra\u0107 bordowy str\u00f3j k\u0105pielowy BURGUNDY?<\/strong><br \/>\nTo idealny wyb\u00f3r dla kobiet, kt\u00f3re szukaj\u0105 eleganckiego stroju k\u0105pielowego damskiego w g\u0142\u0119bokim kolorze. <strong>BURGUNDY<\/strong> \u0142\u0105czy ponadczasowy styl, efekt wysmuklenia sylwetki i uniwersalno\u015b\u0107 \u2013 sprawdzi si\u0119 w ka\u017cdej letniej garderobie i nigdy nie wychodzi z mody.<\/div>\n<\/p><\/div>\n<\/p><\/div>\n<\/p>\n<p style=\"text-align: left;\"><strong><u><\/p>\n<div class=\"kr-collapse is-noarrow\" data-rel=\"sklad\">\n    <button type=\"button\" class=\"kr-collapse__trigger\"\n      aria-expanded=\"false\"\n      aria-controls=\"kr-exp-4\"><br \/>\n      ZUSAMMENSETZUNG UND PFLEGEHINWEISE<br \/>\n    <\/button><\/p>\n<div id=\"kr-exp-4\" class=\"kr-collapse__panel\" hidden>\n<div class=\"kr-collapse__content\"><\/u><\/strong><\/p>\n<p style=\"text-align: left;\">78% recyceltes Polyamid<br \/>\n22% Elastan<br \/>\nSchonwaschgang bei 30\u00b0c mit \u00e4hnlichen Farben<br \/>\nHandw\u00e4sche, mit \u00e4hnlichen Farben<br \/>\nEisen bei max. 110\u00b0c<br \/>\nnicht bleichen<br \/>\nnicht im Trockner trocknen<\/p>\n<\/div><\/div>\n<\/p><\/div>","protected":false},"featured_media":389505,"template":"","meta":[],"product_brand":[500],"product_cat":[560,658,551,587,585,586,527,537,559,572,558,576,561,593,652,651,553,555,583],"product_tag":[655],"class_list":{"0":"post-389545","1":"product","2":"type-product","3":"status-publish","4":"has-post-thumbnail","6":"product_brand-korneliarataj","7":"product_cat-brazyliany-doly","8":"product_cat-burgundy-swimwear","9":"product_cat-ciazowe-doly","10":"product_cat-ciazowe-stroje","11":"product_cat-do-opalania-stroje","12":"product_cat-do-plywania-na-basen-stroje","13":"product_cat-dol-swimwear","14":"product_cat-dwuczesciowe-swimwear","15":"product_cat-figi-doly","16":"product_cat-kategorie-swimwear","17":"product_cat-klasyczne-doly","18":"product_cat-klasyczne-proste-minimalistyczne-stroje","19":"product_cat-kolory-swimwear","20":"product_cat-ochrona-uv-stroje","21":"product_cat-swimwear-2026","22":"product_cat-worek-free","23":"product_cat-wyciete-doly","24":"product_cat-wysoki-stan-doly","25":"product_cat-wysoki-stan-stroje","26":"product_tag-burgundy","27":"flv-has-gallery","29":"first","30":"instock","31":"taxable","32":"shipping-taxable","33":"purchasable","34":"product-type-variable","35":"has-default-attributes"},"yoast_head":"<!-- This site is optimized with the Yoast SEO plugin v27.4 - https:\/\/yoast.com\/product\/yoast-seo-wordpress\/ -->\n<title>Classy - d\u00f3\u0142 stroju k\u0105pielowego Burgundy - KORNELIARATAJ<\/title>\n<meta name=\"description\" content=\"Kornelia Rataj. Minimalist Women&#039;s Collection, Basic, Swimwear. HANDMADE IN POLAND WITH LOVE.\" \/>\n<meta name=\"robots\" content=\"index, follow, max-snippet:-1, max-image-preview:large, max-video-preview:-1\" \/>\n<link rel=\"canonical\" href=\"https:\/\/korneliarataj.com\/de\/produkt\/classy-dol-stroju-kapielowego-burgundy-2026\/\" \/>\n<meta property=\"og:locale\" content=\"de_DE\" \/>\n<meta property=\"og:type\" content=\"article\" \/>\n<meta property=\"og:title\" content=\"Classy - d\u00f3\u0142 stroju k\u0105pielowego Burgundy - KORNELIARATAJ\" \/>\n<meta property=\"og:description\" content=\"Kornelia Rataj. Minimalist Women&#039;s Collection, Basic, Swimwear. HANDMADE IN POLAND WITH LOVE.\" \/>\n<meta property=\"og:url\" content=\"https:\/\/korneliarataj.com\/de\/produkt\/classy-dol-stroju-kapielowego-burgundy-2026\/\" \/>\n<meta property=\"og:site_name\" content=\"KORNELIARATAJ\" \/>\n<meta property=\"article:publisher\" content=\"http:\/\/www.facebook.com\/korneliaratajshop\" \/>\n<meta property=\"article:modified_time\" content=\"2026-04-28T12:28:30+00:00\" \/>\n<meta property=\"og:image\" content=\"https:\/\/korneliarataj.com\/wp-content\/uploads\/2026\/01\/2026-BURGUNDY-CLASSY-1-scaled.webp\" \/>\n\t<meta property=\"og:image:width\" content=\"1707\" \/>\n\t<meta property=\"og:image:height\" content=\"2560\" \/>\n\t<meta property=\"og:image:type\" content=\"image\/webp\" \/>\n<meta name=\"twitter:card\" content=\"summary_large_image\" \/>\n<meta name=\"twitter:label1\" content=\"Gesch\u00e4tzte Lesezeit\" \/>\n\t<meta name=\"twitter:data1\" content=\"1\u00a0Minute\" \/>\n<script type=\"application\/ld+json\" class=\"yoast-schema-graph\">{\"@context\":\"https:\\\/\\\/schema.org\",\"@graph\":[{\"@type\":\"WebPage\",\"@id\":\"https:\\\/\\\/korneliarataj.com\\\/produkt\\\/classy-dol-stroju-kapielowego-burgundy-2026\\\/\",\"url\":\"https:\\\/\\\/korneliarataj.com\\\/produkt\\\/classy-dol-stroju-kapielowego-burgundy-2026\\\/\",\"name\":\"Classy - d\u00f3\u0142 stroju k\u0105pielowego Burgundy - KORNELIARATAJ\",\"isPartOf\":{\"@id\":\"https:\\\/\\\/korneliarataj.com\\\/#website\"},\"primaryImageOfPage\":{\"@id\":\"https:\\\/\\\/korneliarataj.com\\\/produkt\\\/classy-dol-stroju-kapielowego-burgundy-2026\\\/#primaryimage\"},\"image\":{\"@id\":\"https:\\\/\\\/korneliarataj.com\\\/produkt\\\/classy-dol-stroju-kapielowego-burgundy-2026\\\/#primaryimage\"},\"thumbnailUrl\":\"https:\\\/\\\/korneliarataj.com\\\/wp-content\\\/uploads\\\/2026\\\/01\\\/2026-BURGUNDY-CLASSY-1-scaled.webp\",\"datePublished\":\"2026-01-25T11:00:13+00:00\",\"dateModified\":\"2026-04-28T12:28:30+00:00\",\"description\":\"Kornelia Rataj. Minimalist Women's Collection, Basic, Swimwear. HANDMADE IN POLAND WITH LOVE.\",\"breadcrumb\":{\"@id\":\"https:\\\/\\\/korneliarataj.com\\\/produkt\\\/classy-dol-stroju-kapielowego-burgundy-2026\\\/#breadcrumb\"},\"inLanguage\":\"de\",\"potentialAction\":[{\"@type\":\"ReadAction\",\"target\":[\"https:\\\/\\\/korneliarataj.com\\\/produkt\\\/classy-dol-stroju-kapielowego-burgundy-2026\\\/\"]}]},{\"@type\":\"ImageObject\",\"inLanguage\":\"de\",\"@id\":\"https:\\\/\\\/korneliarataj.com\\\/produkt\\\/classy-dol-stroju-kapielowego-burgundy-2026\\\/#primaryimage\",\"url\":\"https:\\\/\\\/korneliarataj.com\\\/wp-content\\\/uploads\\\/2026\\\/01\\\/2026-BURGUNDY-CLASSY-1-scaled.webp\",\"contentUrl\":\"https:\\\/\\\/korneliarataj.com\\\/wp-content\\\/uploads\\\/2026\\\/01\\\/2026-BURGUNDY-CLASSY-1-scaled.webp\",\"width\":1707,\"height\":2560,\"caption\":\"Classy - dol stroju kapielowego Burgundy\"},{\"@type\":\"BreadcrumbList\",\"@id\":\"https:\\\/\\\/korneliarataj.com\\\/produkt\\\/classy-dol-stroju-kapielowego-burgundy-2026\\\/#breadcrumb\",\"itemListElement\":[{\"@type\":\"ListItem\",\"position\":1,\"name\":\"HOME\",\"item\":\"https:\\\/\\\/korneliarataj.com\\\/\"},{\"@type\":\"ListItem\",\"position\":2,\"name\":\"Products\",\"item\":\"https:\\\/\\\/korneliarataj.com\\\/en\\\/shop\\\/\"},{\"@type\":\"ListItem\",\"position\":3,\"name\":\"Classy &#8211; d\u00f3\u0142 stroju k\u0105pielowego Burgundy\"}]},{\"@type\":\"WebSite\",\"@id\":\"https:\\\/\\\/korneliarataj.com\\\/#website\",\"url\":\"https:\\\/\\\/korneliarataj.com\\\/\",\"name\":\"Stroje K\u0105pielowe i Odzie\u017c Lniana Sklep Kornelia Rataj\",\"description\":\"swimwear stroje k\u0105pielowe ubrania len lniane\",\"publisher\":{\"@id\":\"https:\\\/\\\/korneliarataj.com\\\/#organization\"},\"potentialAction\":[{\"@type\":\"SearchAction\",\"target\":{\"@type\":\"EntryPoint\",\"urlTemplate\":\"https:\\\/\\\/korneliarataj.com\\\/?s={search_term_string}\"},\"query-input\":{\"@type\":\"PropertyValueSpecification\",\"valueRequired\":true,\"valueName\":\"search_term_string\"}}],\"inLanguage\":\"de\"},{\"@type\":\"Organization\",\"@id\":\"https:\\\/\\\/korneliarataj.com\\\/#organization\",\"name\":\"KORNELIARATAJ\",\"url\":\"https:\\\/\\\/korneliarataj.com\\\/\",\"logo\":{\"@type\":\"ImageObject\",\"inLanguage\":\"de\",\"@id\":\"https:\\\/\\\/korneliarataj.com\\\/#\\\/schema\\\/logo\\\/image\\\/\",\"url\":\"https:\\\/\\\/korneliarataj.com\\\/wp-content\\\/uploads\\\/2020\\\/07\\\/LOGO-KR.svg\",\"contentUrl\":\"https:\\\/\\\/korneliarataj.com\\\/wp-content\\\/uploads\\\/2020\\\/07\\\/LOGO-KR.svg\",\"width\":1024,\"height\":1024,\"caption\":\"KORNELIARATAJ\"},\"image\":{\"@id\":\"https:\\\/\\\/korneliarataj.com\\\/#\\\/schema\\\/logo\\\/image\\\/\"},\"sameAs\":[\"http:\\\/\\\/www.facebook.com\\\/korneliaratajshop\",\"http:\\\/\\\/www.instagram.com\\\/korneliarataj\"]}]}<\/script>\n<!-- \/ Yoast SEO plugin. -->","yoast_head_json":{"title":"Classy - d\u00f3\u0142 stroju k\u0105pielowego Burgundy - KORNELIARATAJ","description":"Kornelia Rataj. Minimalistische Damenkollektion, Basic, Bademode. HANDGEMACHT IN POLEN MIT LIEBE.","robots":{"index":"index","follow":"follow","max-snippet":"max-snippet:-1","max-image-preview":"max-image-preview:large","max-video-preview":"max-video-preview:-1"},"canonical":"https:\/\/korneliarataj.com\/de\/produkt\/classy-dol-stroju-kapielowego-burgundy-2026\/","og_locale":"de_DE","og_type":"article","og_title":"Classy - d\u00f3\u0142 stroju k\u0105pielowego Burgundy - KORNELIARATAJ","og_description":"Kornelia Rataj. Minimalist Women's Collection, Basic, Swimwear. HANDMADE IN POLAND WITH LOVE.","og_url":"https:\/\/korneliarataj.com\/de\/produkt\/classy-dol-stroju-kapielowego-burgundy-2026\/","og_site_name":"KORNELIARATAJ","article_publisher":"http:\/\/www.facebook.com\/korneliaratajshop","article_modified_time":"2026-04-28T12:28:30+00:00","og_image":[{"width":1707,"height":2560,"url":"https:\/\/korneliarataj.com\/wp-content\/uploads\/2026\/01\/2026-BURGUNDY-CLASSY-1-scaled.webp","type":"image\/webp"}],"twitter_card":"summary_large_image","twitter_misc":{"Gesch\u00e4tzte Lesezeit":"1\u00a0Minute"},"schema":{"@context":"https:\/\/schema.org","@graph":[{"@type":"WebPage","@id":"https:\/\/korneliarataj.com\/produkt\/classy-dol-stroju-kapielowego-burgundy-2026\/","url":"https:\/\/korneliarataj.com\/produkt\/classy-dol-stroju-kapielowego-burgundy-2026\/","name":"Classy - d\u00f3\u0142 stroju k\u0105pielowego Burgundy - KORNELIARATAJ","isPartOf":{"@id":"https:\/\/korneliarataj.com\/#website"},"primaryImageOfPage":{"@id":"https:\/\/korneliarataj.com\/produkt\/classy-dol-stroju-kapielowego-burgundy-2026\/#primaryimage"},"image":{"@id":"https:\/\/korneliarataj.com\/produkt\/classy-dol-stroju-kapielowego-burgundy-2026\/#primaryimage"},"thumbnailUrl":"https:\/\/korneliarataj.com\/wp-content\/uploads\/2026\/01\/2026-BURGUNDY-CLASSY-1-scaled.webp","datePublished":"2026-01-25T11:00:13+00:00","dateModified":"2026-04-28T12:28:30+00:00","description":"Kornelia Rataj. Minimalistische Damenkollektion, Basic, Bademode. HANDGEMACHT IN POLEN MIT LIEBE.","breadcrumb":{"@id":"https:\/\/korneliarataj.com\/produkt\/classy-dol-stroju-kapielowego-burgundy-2026\/#breadcrumb"},"inLanguage":"de","potentialAction":[{"@type":"ReadAction","target":["https:\/\/korneliarataj.com\/produkt\/classy-dol-stroju-kapielowego-burgundy-2026\/"]}]},{"@type":"ImageObject","inLanguage":"de","@id":"https:\/\/korneliarataj.com\/produkt\/classy-dol-stroju-kapielowego-burgundy-2026\/#primaryimage","url":"https:\/\/korneliarataj.com\/wp-content\/uploads\/2026\/01\/2026-BURGUNDY-CLASSY-1-scaled.webp","contentUrl":"https:\/\/korneliarataj.com\/wp-content\/uploads\/2026\/01\/2026-BURGUNDY-CLASSY-1-scaled.webp","width":1707,"height":2560,"caption":"Classy - dol stroju kapielowego Burgundy"},{"@type":"BreadcrumbList","@id":"https:\/\/korneliarataj.com\/produkt\/classy-dol-stroju-kapielowego-burgundy-2026\/#breadcrumb","itemListElement":[{"@type":"ListItem","position":1,"name":"HOME","item":"https:\/\/korneliarataj.com\/"},{"@type":"ListItem","position":2,"name":"Products","item":"https:\/\/korneliarataj.com\/en\/shop\/"},{"@type":"ListItem","position":3,"name":"Classy &#8211; d\u00f3\u0142 stroju k\u0105pielowego Burgundy"}]},{"@type":"WebSite","@id":"https:\/\/korneliarataj.com\/#website","url":"https:\/\/korneliarataj.com\/","name":"Bademode und Leinenbekleidung Shop Kornelia Rataj","description":"badebekleidung badebekleidung leinen leinenbekleidung","publisher":{"@id":"https:\/\/korneliarataj.com\/#organization"},"potentialAction":[{"@type":"SearchAction","target":{"@type":"EntryPoint","urlTemplate":"https:\/\/korneliarataj.com\/?s={search_term_string}"},"query-input":{"@type":"PropertyValueSpecification","valueRequired":true,"valueName":"search_term_string"}}],"inLanguage":"de"},{"@type":"Organization","@id":"https:\/\/korneliarataj.com\/#organization","name":"KORNELIARATAJ","url":"https:\/\/korneliarataj.com\/","logo":{"@type":"ImageObject","inLanguage":"de","@id":"https:\/\/korneliarataj.com\/#\/schema\/logo\/image\/","url":"https:\/\/korneliarataj.com\/wp-content\/uploads\/2020\/07\/LOGO-KR.svg","contentUrl":"https:\/\/korneliarataj.com\/wp-content\/uploads\/2020\/07\/LOGO-KR.svg","width":1024,"height":1024,"caption":"KORNELIARATAJ"},"image":{"@id":"https:\/\/korneliarataj.com\/#\/schema\/logo\/image\/"},"sameAs":["http:\/\/www.facebook.com\/korneliaratajshop","http:\/\/www.instagram.com\/korneliarataj"]}]}},"_links":{"self":[{"href":"https:\/\/korneliarataj.com\/de\/wp-json\/wp\/v2\/product\/389545","targetHints":{"allow":["GET"]}}],"collection":[{"href":"https:\/\/korneliarataj.com\/de\/wp-json\/wp\/v2\/product"}],"about":[{"href":"https:\/\/korneliarataj.com\/de\/wp-json\/wp\/v2\/types\/product"}],"wp:featuredmedia":[{"embeddable":true,"href":"https:\/\/korneliarataj.com\/de\/wp-json\/wp\/v2\/media\/389505"}],"wp:attachment":[{"href":"https:\/\/korneliarataj.com\/de\/wp-json\/wp\/v2\/media?parent=389545"}],"wp:term":[{"taxonomy":"product_brand","embeddable":true,"href":"https:\/\/korneliarataj.com\/de\/wp-json\/wp\/v2\/product_brand?post=389545"},{"taxonomy":"product_cat","embeddable":true,"href":"https:\/\/korneliarataj.com\/de\/wp-json\/wp\/v2\/product_cat?post=389545"},{"taxonomy":"product_tag","embeddable":true,"href":"https:\/\/korneliarataj.com\/de\/wp-json\/wp\/v2\/product_tag?post=389545"}],"curies":[{"name":"wp","href":"https:\/\/api.w.org\/{rel}","templated":true}]}}