{"id":388620,"date":"2026-01-24T20:36:12","date_gmt":"2026-01-24T19:36:12","guid":{"rendered":"https:\/\/korneliarataj.com\/?post_type=product&#038;p=388620"},"modified":"2026-04-06T19:12:37","modified_gmt":"2026-04-06T17:12:37","slug":"tie-gora-stroju-kapielowego-peachy-rose-2026","status":"publish","type":"product","link":"https:\/\/korneliarataj.com\/de\/produkt\/tie-gora-stroju-kapielowego-peachy-rose-2026\/","title":{"rendered":"Tie &#8211; g\u00f3ra stroju k\u0105pielowego Peachy Rose"},"content":{"rendered":"","protected":false},"excerpt":{"rendered":"<p style=\"text-align: left;\"><strong>OPTIONEN<\/strong><\/p>\n<p style=\"text-align: left;\"><a href=\"https:\/\/korneliarataj.com\/de\/produkt\/tie-gora-stroju-kapielowego-sky-blue-2026\/\" target=\"_blank\" rel=\"noopener noreferrer\"><img decoding=\"async\" src=\"https:\/\/korneliarataj.com\/wp-content\/uploads\/2026\/01\/2026-SKY-BLUE-TIE-1.webp\" width=\"90px\" \/><\/a><a href=\"https:\/\/korneliarataj.com\/de\/produkt\/tie-gora-stroju-kapielowego-burgundy-2026\/\" target=\"_blank\" rel=\"noopener noreferrer\"><img decoding=\"async\" src=\"https:\/\/korneliarataj.com\/wp-content\/uploads\/2026\/01\/2026-BURGUNDY-TIE-1.webp\" width=\"90px\" \/><\/a><a href=\"https:\/\/korneliarataj.com\/de\/produkt\/tie-gora-stroju-kapielowego-black-2025\/\" target=\"_blank\" rel=\"noopener noreferrer\"><img decoding=\"async\" src=\"https:\/\/korneliarataj.com\/wp-content\/uploads\/2026\/01\/2026-BLACK-TIE-1.webp\" width=\"90px\" \/><\/a><a href=\"https:\/\/korneliarataj.com\/de\/produkt\/tie-gora-stroju-kapielowego-coconut-2025\/\" target=\"_blank\" rel=\"noopener noreferrer\"><img decoding=\"async\" src=\"https:\/\/korneliarataj.com\/wp-content\/uploads\/2026\/01\/2026-COCONUT-TIE-1.webp\" width=\"90px\" \/><\/a><a href=\"https:\/\/korneliarataj.com\/de\/produkt\/tie-gora-stroju-kapielowego-wood-2025\/\" target=\"_blank\" rel=\"noopener noreferrer\"><img decoding=\"async\" src=\"https:\/\/korneliarataj.com\/wp-content\/uploads\/2026\/01\/2026-WOOD-TIE-1.webp\" width=\"90px\" \/><\/a><a href=\"https:\/\/korneliarataj.com\/de\/produkt\/tie-gora-stroju-kapielowego-sunset-2025\/\" target=\"_blank\" rel=\"noopener noreferrer\"><img decoding=\"async\" src=\"https:\/\/korneliarataj.com\/wp-content\/uploads\/2026\/01\/2026-SUNSET-TIE-1.webp\" width=\"90px\" \/><\/a><a href=\"https:\/\/korneliarataj.com\/de\/produkt\/tie-gora-stroju-kapielowego-sunshine-2025\/\" target=\"_blank\" rel=\"noopener noreferrer\"><img decoding=\"async\" src=\"https:\/\/korneliarataj.com\/wp-content\/uploads\/2026\/01\/2026-SUNSHINE-TIE-1.webp\" width=\"90px\" \/><\/a><\/p>\n<p style=\"text-align: left;\"><strong><u><\/p>\n<div class=\"kr-collapse is-noarrow\" data-rel=\"opis\">\n    <button type=\"button\" class=\"kr-collapse__trigger\"\n      aria-expanded=\"false\"\n      aria-controls=\"kr-exp-1\"><br \/>\n      OPIS PRODUKTU<br \/>\n    <\/button><\/p>\n<div id=\"kr-exp-1\" class=\"kr-collapse__panel\" hidden>\n<div class=\"kr-collapse__content\"><\/u><\/strong><\/p>\n<p style=\"text-align: left;\"><u><strong>Krawatte - Badeanzugoberteil<\/strong><\/u><\/p>\n<p style=\"text-align: left;\">Klasyczny top k\u0105pielowy z szerszym wi\u0105zaniem \u2013 idealny wyb\u00f3r na ka\u017cd\u0105 sylwetk\u0119. Bestsellerowa g\u00f3ra stroju k\u0105pielowego Tie z szerszym wi\u0105zaniem na przodzie i na szyi to doskona\u0142y wyb\u00f3r zar\u00f3wno na pla\u017c\u0119, jak i na basen. Model zaprojektowany z prostym ty\u0142em i szerokimi wi\u0105zaniami zapewnia wygodne dopasowanie oraz stabilne podtrzymanie biustu, niezale\u017cnie od jego rozmiaru \u2013 doskona\u0142y na ma\u0142\u0105 i du\u017c\u0105 miseczk\u0119.<\/p>\n<p style=\"text-align: left;\"><u>F\u00fcr gro\u00dfe und besonders gro\u00dfe Br\u00fcste<\/u> - Das Oberteil fasst die B\u00fcste von allen Seiten und st\u00fctzt sie perfekt. Die breiten Bindeb\u00e4nder im Nacken sorgen f\u00fcr ganzt\u00e4gigen Tragekomfort.<\/p>\n<p style=\"text-align: left;\"><u>F\u00fcr kleine Br\u00fcste<\/u> - Es ist sensationell gerafft und entbl\u00f6\u00dft den Busen, wodurch ein Push-up-Effekt entsteht, der die feminine Silhouette betont.<\/p>\n<p style=\"text-align: left;\">Das vielseitige Design und die praktischen L\u00f6sungen machen dieses Modell zu einer idealen Wahl f\u00fcr jeden K\u00f6rpertyp, denn es vereint Komfort, Stil und Funktionalit\u00e4t.<\/p>\n<p>&nbsp;<\/p>\n<p style=\"text-align: left;\"><strong>Hochwertige Materialien<\/strong><\/p>\n<p style=\"text-align: left;\">Der Badeanzug ist aus hochwertigem Lycra gefertigt <strong>econyl<\/strong><strong class=\"copyright\">\u24c7<\/strong>recycelte Materialien, die den h\u00f6chsten Qualit\u00e4tsstandards entsprechen, einschlie\u00dflich zertifizierter <strong>OEKO-TEX Standard 100<\/strong>. Das Material ist gekennzeichnet durch:<br \/>\n\u2013 <strong>Schutz vor UV-Strahlung<\/strong>,<br \/>\n\u2013 <strong>bi-direktionale Flexibilit\u00e4t<\/strong>das f\u00fcr Komfort sorgt,<br \/>\n\u2013 <strong>resistent gegen Chlor und Ausbleichen<\/strong>,<br \/>\n\u2013 <strong>Nachhaltigkeit<\/strong>selbst bei Kontakt mit \u00d6len und Sonnencremes,<br \/>\n\u2013 <strong>\u00f6kologischer Produktionsprozess<\/strong> - recycelte Faser<\/p>\n<p>&nbsp;<\/p>\n<p style=\"text-align: left;\"><strong>\u00c4sthetik und Komfort bis ins Detail<\/strong><\/p>\n<p style=\"text-align: left;\">Jedes Detail wurde im Hinblick auf Ihren Komfort entwickelt:<\/p>\n<p>\u2013 <strong>Die Badebekleidung wird in zwei Lagen gen\u00e4ht<\/strong>Sie bieten Komfort und eine angemessene Abdeckung.<br \/>\n\u2013 <strong>Versteckte N\u00e4hte<\/strong> bieten au\u00dfergew\u00f6hnlichen Tragekomfort.<br \/>\n\u2013 <strong>Hei\u00dfsiegelbares Etikett<\/strong> garantiert Genuss.<\/p>\n<p>&nbsp;<\/p>\n<p style=\"text-align: left;\"><strong>Lokale Produktion - gen\u00e4ht in Polen<\/strong><\/p>\n<p style=\"text-align: left;\">Unsere Bademode wird in unserer Familienwerkstatt in Czernica mit viel Liebe zum Detail hergestellt. Die Produkte zeichnen sich durch ihre sorgf\u00e4ltige Verarbeitung, Langlebigkeit und \u00c4sthetik aus, die von unseren Kunden gesch\u00e4tzt werden.<\/p>\n<\/div><\/div>\n<\/p><\/div>\n<p style=\"text-align: left;\"><strong><u><\/p>\n<div class=\"kr-collapse is-noarrow\" data-rel=\"instrukcja\">\n    <button type=\"button\" class=\"kr-collapse__trigger\"\n      aria-expanded=\"false\"\n      aria-controls=\"kr-exp-2\"><br \/>\n      BINDEANWEISUNGEN<br \/>\n    <\/button><\/p>\n<div id=\"kr-exp-2\" class=\"kr-collapse__panel\" hidden>\n<div class=\"kr-collapse__content\"><\/u><\/strong><\/p>\n<p style=\"text-align: left;\"><strong>Jak wi\u0105za\u0107 g\u00f3r\u0119 Tie?<\/strong><br \/>\n- Binden Sie das Oberteil hinten um den Hals und stellen Sie die L\u00e4nge so ein, dass die B\u00fcste an den Seiten ausreichend bedeckt ist.<br \/>\n- Greifen Sie die Schn\u00fcre vorne, ziehen Sie sie fest und binden Sie sie vorne zu.<br \/>\n- Nach dem Binden verbessern Sie die Halskrawatte f\u00fcr maximalen Komfort, perfekten Sitz und Halt.<\/div>\n<\/p><\/div>\n<\/p><\/div>\n<\/p>\n<p style=\"text-align: left;\"><strong><u><\/p>\n<div class=\"kr-collapse is-noarrow\" data-rel=\"wymiary\">\n    <button type=\"button\" class=\"kr-collapse__trigger\"\n      aria-expanded=\"false\"\n      aria-controls=\"kr-exp-3\"><br \/>\n      MODELLABMESSUNGEN<br \/>\n    <\/button><\/p>\n<div id=\"kr-exp-3\" class=\"kr-collapse__panel\" hidden>\n<div class=\"kr-collapse__content\"><\/u><\/strong><\/p>\n<p style=\"text-align: left;\">Modelka ma na sobie rozmiar XS\/S<br \/>\nObw\u00f3d w biu\u015bcie: 84 cm<br \/>\nUmfang unter der B\u00fcste: 72 cm<br \/>\nMiseczka: A<br \/>\nObw\u00f3d w talii: 64 cm<br \/>\nObw\u00f3d w biodrach: 92 cm<br \/>\nWzrost: 170 cm<\/p>\n<\/div><\/div>\n<\/p><\/div>\n<p style=\"text-align: left;\"><strong><u><\/p>\n<div class=\"kr-collapse is-noarrow\" data-rel=\"kolor\">\n    <button type=\"button\" class=\"kr-collapse__trigger\"\n      aria-expanded=\"false\"\n      aria-controls=\"kr-exp-4\"><br \/>\n      FARBBESCHREIBUNG<br \/>\n    <\/button><\/p>\n<div id=\"kr-exp-4\" class=\"kr-collapse__panel\" hidden>\n<div class=\"kr-collapse__content\"><\/u><\/strong><\/p>\n<p style=\"text-align: left;\"><strong><a href=\"https:\/\/korneliarataj.com\/de\/kolor-peachy-rose\/\" target=\"_blank\" rel=\"noopener noreferrer\"><u>Kolor PEACHY ROSE<\/u><\/a> &#8211; pudrowy odcie\u0144 brzoskwiniowego r\u00f3\u017cu<\/strong>.<br \/>\n<strong>PEACHY ROSE<\/strong> to delikatny, pudrowy odcie\u0144 brzoskwiniowego r\u00f3\u017cu, kt\u00f3ry \u0142\u0105czy w sobie subtelne ciep\u0142o z mi\u0119kk\u0105, kobiec\u0105 lekko\u015bci\u0105. Ten kolor doskonale sprawdza si\u0119 w strojach k\u0105pielowych damskich, nadaj\u0105c im \u015bwie\u017cy, naturalny i bardzo harmonijny charakter. Str\u00f3j k\u0105pielowy w kolorze PEACHY ROSE podkre\u015bla sylwetk\u0119 w subtelny spos\u00f3b i pi\u0119knie komponuje si\u0119 z letni\u0105 opalenizn\u0105.<br \/>\nKolor <strong>PEACHY ROSE<\/strong> szczeg\u00f3lnie korzystnie prezentuje si\u0119 na r\u00f3\u017cnych typach karnacji:<br \/>\n\u2013 <strong>Jasna cera o neutralnych lub ciep\u0142ych podtonach<\/strong> \u2013 delikatnie ociepla sk\u00f3r\u0119 i nadaje jej \u015bwie\u017co\u015bci.<br \/>\n\u2013 <strong>Cera be\u017cowa i lekko oliwkowa<\/strong> \u2013 brzoskwiniowy r\u00f3\u017c harmonijnie wsp\u00f3\u0142gra z naturalnym kolorytem sk\u00f3ry, podkre\u015blaj\u0105c jej zdrowy wygl\u0105d.<br \/>\n\u2013 <strong>Sk\u00f3ra mu\u015bni\u0119ta s\u0142o\u0144cem<\/strong> \u2013 kolor subtelnie podbija opalenizn\u0119, tworz\u0105c mi\u0119kki, elegancki kontrast.<br \/>\nStroje k\u0105pielowe w odcieniu <strong>PEACHY ROSE<\/strong> sprawdzaj\u0105 si\u0119 zar\u00f3wno w minimalistycznych bikini, jak i jednocz\u0119\u015bciowych fasonach. Ten brzoskwiniowo-r\u00f3\u017cowy str\u00f3j k\u0105pielowy damski to idealny wyb\u00f3r dla kobiet, kt\u00f3re szukaj\u0105 jasnego, kobiecego koloru o ponadczasowym i uniwersalnym charakterze.<br \/>\n<strong>Dlaczego wybra\u0107 str\u00f3j k\u0105pielowy w kolorze PEACHY ROSE?<\/strong><br \/>\nTo propozycja dla mi\u0142o\u015bniczek delikatnych, ciep\u0142ych odcieni, kt\u00f3re podkre\u015blaj\u0105 naturalne pi\u0119kno sk\u00f3ry i wpisuj\u0105 si\u0119 w estetyk\u0119 subtelnego, nowoczesnego beachwearu.<\/div>\n<\/p><\/div>\n<\/p><\/div>\n<\/p>\n<p style=\"text-align: left;\"><strong><u><\/p>\n<div class=\"kr-collapse is-noarrow\" data-rel=\"sklad\">\n    <button type=\"button\" class=\"kr-collapse__trigger\"\n      aria-expanded=\"false\"\n      aria-controls=\"kr-exp-5\"><br \/>\n      ZUSAMMENSETZUNG UND PFLEGEHINWEISE<br \/>\n    <\/button><\/p>\n<div id=\"kr-exp-5\" class=\"kr-collapse__panel\" hidden>\n<div class=\"kr-collapse__content\"><\/u><\/strong><\/p>\n<p style=\"text-align: left;\">78% recyceltes Polyamid<br \/>\n22% Elastan<br \/>\nSchonwaschgang bei 30\u00b0c mit \u00e4hnlichen Farben<br \/>\nHandw\u00e4sche, mit \u00e4hnlichen Farben<br \/>\nEisen bei max. 110\u00b0c<br \/>\nnicht bleichen<br \/>\nnicht im Trockner trocknen<\/p>\n<\/div><\/div>\n<\/p><\/div>","protected":false},"featured_media":388604,"template":"","meta":[],"product_brand":[500],"product_cat":[587,550,588,586,548,592,537,577,525,572,538,576,561,549,590,539,593,657,541,579,652,545,573,651,546,575],"product_tag":[654],"class_list":{"0":"post-388620","1":"product","2":"type-product","3":"status-publish","4":"has-post-thumbnail","6":"product_brand-korneliarataj","7":"product_cat-ciazowe-stroje","8":"product_cat-do-karmienia-gory","9":"product_cat-do-karmienia-stroje","10":"product_cat-do-plywania-na-basen-stroje","11":"product_cat-duzy-biust-gory","12":"product_cat-duzy-biust-stroje","13":"product_cat-dwuczesciowe-swimwear","14":"product_cat-eleganckie-stroje","15":"product_cat-gora-swimwear","16":"product_cat-kategorie-swimwear","17":"product_cat-klasyczne-gory","18":"product_cat-klasyczne-proste-minimalistyczne-stroje","19":"product_cat-kolory-swimwear","20":"product_cat-maly-biust-gory","21":"product_cat-maly-biust-stroje","22":"product_cat-nieusztywniane-gory","23":"product_cat-ochrona-uv-stroje","24":"product_cat-peachy-rose-swimwear","25":"product_cat-push-up-powiekszajace-gory","26":"product_cat-push-up-powiekszajace-stroje","27":"product_cat-swimwear-2026","28":"product_cat-wiazane-gory","29":"product_cat-wiazane-stroje","30":"product_cat-worek-free","31":"product_cat-zabudowane-gory","32":"product_cat-zabudowane-stroje","33":"product_tag-peachy-rose","34":"flv-has-gallery","36":"first","37":"instock","38":"taxable","39":"shipping-taxable","40":"purchasable","41":"product-type-variable","42":"has-default-attributes"},"yoast_head":"<!-- This site is optimized with the Yoast SEO plugin v27.4 - https:\/\/yoast.com\/product\/yoast-seo-wordpress\/ -->\n<title>Tie - g\u00f3ra stroju k\u0105pielowego Peachy Rose - KORNELIARATAJ<\/title>\n<meta name=\"description\" content=\"Kornelia Rataj. Minimalist Women&#039;s Collection, Basic, Swimwear. HANDMADE IN POLAND WITH LOVE.\" \/>\n<meta name=\"robots\" content=\"index, follow, max-snippet:-1, max-image-preview:large, max-video-preview:-1\" \/>\n<link rel=\"canonical\" href=\"https:\/\/korneliarataj.com\/de\/produkt\/tie-gora-stroju-kapielowego-peachy-rose-2026\/\" \/>\n<meta property=\"og:locale\" content=\"de_DE\" \/>\n<meta property=\"og:type\" content=\"article\" \/>\n<meta property=\"og:title\" content=\"Tie - g\u00f3ra stroju k\u0105pielowego Peachy Rose - KORNELIARATAJ\" \/>\n<meta property=\"og:description\" content=\"Kornelia Rataj. Minimalist Women&#039;s Collection, Basic, Swimwear. HANDMADE IN POLAND WITH LOVE.\" \/>\n<meta property=\"og:url\" content=\"https:\/\/korneliarataj.com\/de\/produkt\/tie-gora-stroju-kapielowego-peachy-rose-2026\/\" \/>\n<meta property=\"og:site_name\" content=\"KORNELIARATAJ\" \/>\n<meta property=\"article:publisher\" content=\"http:\/\/www.facebook.com\/korneliaratajshop\" \/>\n<meta property=\"article:modified_time\" content=\"2026-04-06T17:12:37+00:00\" \/>\n<meta property=\"og:image\" content=\"https:\/\/korneliarataj.com\/wp-content\/uploads\/2026\/01\/2026-PEACHY-ROSE-TIE-1-scaled.webp\" \/>\n\t<meta property=\"og:image:width\" content=\"1707\" \/>\n\t<meta property=\"og:image:height\" content=\"2560\" \/>\n\t<meta property=\"og:image:type\" content=\"image\/webp\" \/>\n<meta name=\"twitter:card\" content=\"summary_large_image\" \/>\n<meta name=\"twitter:label1\" content=\"Gesch\u00e4tzte Lesezeit\" \/>\n\t<meta name=\"twitter:data1\" content=\"1\u00a0Minute\" \/>\n<script type=\"application\/ld+json\" class=\"yoast-schema-graph\">{\"@context\":\"https:\\\/\\\/schema.org\",\"@graph\":[{\"@type\":\"WebPage\",\"@id\":\"https:\\\/\\\/korneliarataj.com\\\/produkt\\\/tie-gora-stroju-kapielowego-peachy-rose-2026\\\/\",\"url\":\"https:\\\/\\\/korneliarataj.com\\\/produkt\\\/tie-gora-stroju-kapielowego-peachy-rose-2026\\\/\",\"name\":\"Tie - g\u00f3ra stroju k\u0105pielowego Peachy Rose - KORNELIARATAJ\",\"isPartOf\":{\"@id\":\"https:\\\/\\\/korneliarataj.com\\\/#website\"},\"primaryImageOfPage\":{\"@id\":\"https:\\\/\\\/korneliarataj.com\\\/produkt\\\/tie-gora-stroju-kapielowego-peachy-rose-2026\\\/#primaryimage\"},\"image\":{\"@id\":\"https:\\\/\\\/korneliarataj.com\\\/produkt\\\/tie-gora-stroju-kapielowego-peachy-rose-2026\\\/#primaryimage\"},\"thumbnailUrl\":\"https:\\\/\\\/korneliarataj.com\\\/wp-content\\\/uploads\\\/2026\\\/01\\\/2026-PEACHY-ROSE-TIE-1-scaled.webp\",\"datePublished\":\"2026-01-24T19:36:12+00:00\",\"dateModified\":\"2026-04-06T17:12:37+00:00\",\"description\":\"Kornelia Rataj. Minimalist Women's Collection, Basic, Swimwear. HANDMADE IN POLAND WITH LOVE.\",\"breadcrumb\":{\"@id\":\"https:\\\/\\\/korneliarataj.com\\\/produkt\\\/tie-gora-stroju-kapielowego-peachy-rose-2026\\\/#breadcrumb\"},\"inLanguage\":\"de\",\"potentialAction\":[{\"@type\":\"ReadAction\",\"target\":[\"https:\\\/\\\/korneliarataj.com\\\/produkt\\\/tie-gora-stroju-kapielowego-peachy-rose-2026\\\/\"]}]},{\"@type\":\"ImageObject\",\"inLanguage\":\"de\",\"@id\":\"https:\\\/\\\/korneliarataj.com\\\/produkt\\\/tie-gora-stroju-kapielowego-peachy-rose-2026\\\/#primaryimage\",\"url\":\"https:\\\/\\\/korneliarataj.com\\\/wp-content\\\/uploads\\\/2026\\\/01\\\/2026-PEACHY-ROSE-TIE-1-scaled.webp\",\"contentUrl\":\"https:\\\/\\\/korneliarataj.com\\\/wp-content\\\/uploads\\\/2026\\\/01\\\/2026-PEACHY-ROSE-TIE-1-scaled.webp\",\"width\":1707,\"height\":2560,\"caption\":\"Tie - gora stroju kapielowego Peachy Rose\"},{\"@type\":\"BreadcrumbList\",\"@id\":\"https:\\\/\\\/korneliarataj.com\\\/produkt\\\/tie-gora-stroju-kapielowego-peachy-rose-2026\\\/#breadcrumb\",\"itemListElement\":[{\"@type\":\"ListItem\",\"position\":1,\"name\":\"HOME\",\"item\":\"https:\\\/\\\/korneliarataj.com\\\/\"},{\"@type\":\"ListItem\",\"position\":2,\"name\":\"Products\",\"item\":\"https:\\\/\\\/korneliarataj.com\\\/en\\\/shop\\\/\"},{\"@type\":\"ListItem\",\"position\":3,\"name\":\"Tie &#8211; g\u00f3ra stroju k\u0105pielowego Peachy Rose\"}]},{\"@type\":\"WebSite\",\"@id\":\"https:\\\/\\\/korneliarataj.com\\\/#website\",\"url\":\"https:\\\/\\\/korneliarataj.com\\\/\",\"name\":\"Stroje K\u0105pielowe i Odzie\u017c Lniana Sklep Kornelia Rataj\",\"description\":\"swimwear stroje k\u0105pielowe ubrania len lniane\",\"publisher\":{\"@id\":\"https:\\\/\\\/korneliarataj.com\\\/#organization\"},\"potentialAction\":[{\"@type\":\"SearchAction\",\"target\":{\"@type\":\"EntryPoint\",\"urlTemplate\":\"https:\\\/\\\/korneliarataj.com\\\/?s={search_term_string}\"},\"query-input\":{\"@type\":\"PropertyValueSpecification\",\"valueRequired\":true,\"valueName\":\"search_term_string\"}}],\"inLanguage\":\"de\"},{\"@type\":\"Organization\",\"@id\":\"https:\\\/\\\/korneliarataj.com\\\/#organization\",\"name\":\"KORNELIARATAJ\",\"url\":\"https:\\\/\\\/korneliarataj.com\\\/\",\"logo\":{\"@type\":\"ImageObject\",\"inLanguage\":\"de\",\"@id\":\"https:\\\/\\\/korneliarataj.com\\\/#\\\/schema\\\/logo\\\/image\\\/\",\"url\":\"https:\\\/\\\/korneliarataj.com\\\/wp-content\\\/uploads\\\/2020\\\/07\\\/LOGO-KR.svg\",\"contentUrl\":\"https:\\\/\\\/korneliarataj.com\\\/wp-content\\\/uploads\\\/2020\\\/07\\\/LOGO-KR.svg\",\"width\":1024,\"height\":1024,\"caption\":\"KORNELIARATAJ\"},\"image\":{\"@id\":\"https:\\\/\\\/korneliarataj.com\\\/#\\\/schema\\\/logo\\\/image\\\/\"},\"sameAs\":[\"http:\\\/\\\/www.facebook.com\\\/korneliaratajshop\",\"http:\\\/\\\/www.instagram.com\\\/korneliarataj\"]}]}<\/script>\n<!-- \/ Yoast SEO plugin. -->","yoast_head_json":{"title":"Tie - g\u00f3ra stroju k\u0105pielowego Peachy Rose - KORNELIARATAJ","description":"Kornelia Rataj. Minimalistische Damenkollektion, Basic, Bademode. HANDGEMACHT IN POLEN MIT LIEBE.","robots":{"index":"index","follow":"follow","max-snippet":"max-snippet:-1","max-image-preview":"max-image-preview:large","max-video-preview":"max-video-preview:-1"},"canonical":"https:\/\/korneliarataj.com\/de\/produkt\/tie-gora-stroju-kapielowego-peachy-rose-2026\/","og_locale":"de_DE","og_type":"article","og_title":"Tie - g\u00f3ra stroju k\u0105pielowego Peachy Rose - KORNELIARATAJ","og_description":"Kornelia Rataj. Minimalist Women's Collection, Basic, Swimwear. HANDMADE IN POLAND WITH LOVE.","og_url":"https:\/\/korneliarataj.com\/de\/produkt\/tie-gora-stroju-kapielowego-peachy-rose-2026\/","og_site_name":"KORNELIARATAJ","article_publisher":"http:\/\/www.facebook.com\/korneliaratajshop","article_modified_time":"2026-04-06T17:12:37+00:00","og_image":[{"width":1707,"height":2560,"url":"https:\/\/korneliarataj.com\/wp-content\/uploads\/2026\/01\/2026-PEACHY-ROSE-TIE-1-scaled.webp","type":"image\/webp"}],"twitter_card":"summary_large_image","twitter_misc":{"Gesch\u00e4tzte Lesezeit":"1\u00a0Minute"},"schema":{"@context":"https:\/\/schema.org","@graph":[{"@type":"WebPage","@id":"https:\/\/korneliarataj.com\/produkt\/tie-gora-stroju-kapielowego-peachy-rose-2026\/","url":"https:\/\/korneliarataj.com\/produkt\/tie-gora-stroju-kapielowego-peachy-rose-2026\/","name":"Tie - g\u00f3ra stroju k\u0105pielowego Peachy Rose - KORNELIARATAJ","isPartOf":{"@id":"https:\/\/korneliarataj.com\/#website"},"primaryImageOfPage":{"@id":"https:\/\/korneliarataj.com\/produkt\/tie-gora-stroju-kapielowego-peachy-rose-2026\/#primaryimage"},"image":{"@id":"https:\/\/korneliarataj.com\/produkt\/tie-gora-stroju-kapielowego-peachy-rose-2026\/#primaryimage"},"thumbnailUrl":"https:\/\/korneliarataj.com\/wp-content\/uploads\/2026\/01\/2026-PEACHY-ROSE-TIE-1-scaled.webp","datePublished":"2026-01-24T19:36:12+00:00","dateModified":"2026-04-06T17:12:37+00:00","description":"Kornelia Rataj. Minimalistische Damenkollektion, Basic, Bademode. HANDGEMACHT IN POLEN MIT LIEBE.","breadcrumb":{"@id":"https:\/\/korneliarataj.com\/produkt\/tie-gora-stroju-kapielowego-peachy-rose-2026\/#breadcrumb"},"inLanguage":"de","potentialAction":[{"@type":"ReadAction","target":["https:\/\/korneliarataj.com\/produkt\/tie-gora-stroju-kapielowego-peachy-rose-2026\/"]}]},{"@type":"ImageObject","inLanguage":"de","@id":"https:\/\/korneliarataj.com\/produkt\/tie-gora-stroju-kapielowego-peachy-rose-2026\/#primaryimage","url":"https:\/\/korneliarataj.com\/wp-content\/uploads\/2026\/01\/2026-PEACHY-ROSE-TIE-1-scaled.webp","contentUrl":"https:\/\/korneliarataj.com\/wp-content\/uploads\/2026\/01\/2026-PEACHY-ROSE-TIE-1-scaled.webp","width":1707,"height":2560,"caption":"Tie - gora stroju kapielowego Peachy Rose"},{"@type":"BreadcrumbList","@id":"https:\/\/korneliarataj.com\/produkt\/tie-gora-stroju-kapielowego-peachy-rose-2026\/#breadcrumb","itemListElement":[{"@type":"ListItem","position":1,"name":"HOME","item":"https:\/\/korneliarataj.com\/"},{"@type":"ListItem","position":2,"name":"Products","item":"https:\/\/korneliarataj.com\/en\/shop\/"},{"@type":"ListItem","position":3,"name":"Tie &#8211; g\u00f3ra stroju k\u0105pielowego Peachy Rose"}]},{"@type":"WebSite","@id":"https:\/\/korneliarataj.com\/#website","url":"https:\/\/korneliarataj.com\/","name":"Bademode und Leinenbekleidung Shop Kornelia Rataj","description":"badebekleidung badebekleidung leinen leinenbekleidung","publisher":{"@id":"https:\/\/korneliarataj.com\/#organization"},"potentialAction":[{"@type":"SearchAction","target":{"@type":"EntryPoint","urlTemplate":"https:\/\/korneliarataj.com\/?s={search_term_string}"},"query-input":{"@type":"PropertyValueSpecification","valueRequired":true,"valueName":"search_term_string"}}],"inLanguage":"de"},{"@type":"Organization","@id":"https:\/\/korneliarataj.com\/#organization","name":"KORNELIARATAJ","url":"https:\/\/korneliarataj.com\/","logo":{"@type":"ImageObject","inLanguage":"de","@id":"https:\/\/korneliarataj.com\/#\/schema\/logo\/image\/","url":"https:\/\/korneliarataj.com\/wp-content\/uploads\/2020\/07\/LOGO-KR.svg","contentUrl":"https:\/\/korneliarataj.com\/wp-content\/uploads\/2020\/07\/LOGO-KR.svg","width":1024,"height":1024,"caption":"KORNELIARATAJ"},"image":{"@id":"https:\/\/korneliarataj.com\/#\/schema\/logo\/image\/"},"sameAs":["http:\/\/www.facebook.com\/korneliaratajshop","http:\/\/www.instagram.com\/korneliarataj"]}]}},"_links":{"self":[{"href":"https:\/\/korneliarataj.com\/de\/wp-json\/wp\/v2\/product\/388620","targetHints":{"allow":["GET"]}}],"collection":[{"href":"https:\/\/korneliarataj.com\/de\/wp-json\/wp\/v2\/product"}],"about":[{"href":"https:\/\/korneliarataj.com\/de\/wp-json\/wp\/v2\/types\/product"}],"wp:featuredmedia":[{"embeddable":true,"href":"https:\/\/korneliarataj.com\/de\/wp-json\/wp\/v2\/media\/388604"}],"wp:attachment":[{"href":"https:\/\/korneliarataj.com\/de\/wp-json\/wp\/v2\/media?parent=388620"}],"wp:term":[{"taxonomy":"product_brand","embeddable":true,"href":"https:\/\/korneliarataj.com\/de\/wp-json\/wp\/v2\/product_brand?post=388620"},{"taxonomy":"product_cat","embeddable":true,"href":"https:\/\/korneliarataj.com\/de\/wp-json\/wp\/v2\/product_cat?post=388620"},{"taxonomy":"product_tag","embeddable":true,"href":"https:\/\/korneliarataj.com\/de\/wp-json\/wp\/v2\/product_tag?post=388620"}],"curies":[{"name":"wp","href":"https:\/\/api.w.org\/{rel}","templated":true}]}}