{"id":388451,"date":"2026-01-24T19:39:15","date_gmt":"2026-01-24T18:39:15","guid":{"rendered":"https:\/\/korneliarataj.com\/?post_type=product&#038;p=388451"},"modified":"2026-04-28T13:53:12","modified_gmt":"2026-04-28T11:53:12","slug":"cross-body-gora-stroju-kapielowego-sky-blue-2026","status":"publish","type":"product","link":"https:\/\/korneliarataj.com\/de\/produkt\/cross-body-gora-stroju-kapielowego-sky-blue-2026\/","title":{"rendered":"Cross Body &#8211; g\u00f3ra stroju k\u0105pielowego Sky Blue"},"content":{"rendered":"","protected":false},"excerpt":{"rendered":"<p style=\"text-align: left;\"><strong>OPTIONEN<\/strong><\/p>\n<p style=\"text-align: left;\"><a href=\"https:\/\/korneliarataj.com\/de\/produkt\/cross-body-gora-stroju-kapielowego-peachy-rose-2026\/\" target=\"_blank\" rel=\"noopener noreferrer\"><img decoding=\"async\" src=\"https:\/\/korneliarataj.com\/wp-content\/uploads\/2026\/01\/2026-PEACHY-ROSE-CROSS-BODY-1.webp\" width=\"90px\" \/><\/a><a href=\"https:\/\/korneliarataj.com\/de\/produkt\/cross-body-gora-stroju-kapielowego-burgundy-2026\/\" target=\"_blank\" rel=\"noopener noreferrer\"><img decoding=\"async\" src=\"https:\/\/korneliarataj.com\/wp-content\/uploads\/2026\/01\/2026-BURGUNDY-CROSS-BODY-1.webp\" width=\"90px\" \/><\/a><a href=\"https:\/\/korneliarataj.com\/de\/produkt\/cross-body-gora-stroju-kapielowego-black-2025\/\" target=\"_blank\" rel=\"noopener noreferrer\"><img decoding=\"async\" src=\"https:\/\/korneliarataj.com\/wp-content\/uploads\/2026\/01\/2026-BLACK-CROSS-BODY-1.webp\" width=\"90px\" \/><\/a><a href=\"https:\/\/korneliarataj.com\/de\/produkt\/cross-body-gora-stroju-kapielowego-coconut-2025\/\" target=\"_blank\" rel=\"noopener noreferrer\"><img decoding=\"async\" src=\"https:\/\/korneliarataj.com\/wp-content\/uploads\/2026\/01\/2026-COCONUT-CROSS-BODY-1.webp\" width=\"90px\" \/><\/a><a href=\"https:\/\/korneliarataj.com\/de\/produkt\/cross-body-gora-stroju-kapielowego-wood-2025\/\" target=\"_blank\" rel=\"noopener noreferrer\"><img decoding=\"async\" src=\"https:\/\/korneliarataj.com\/wp-content\/uploads\/2026\/01\/2026-WOOD-CROSS-BODY-1.webp\" width=\"90px\" \/><\/a><a href=\"https:\/\/korneliarataj.com\/de\/produkt\/cross-body-gora-stroju-kapielowego-sunset-2025\/\" target=\"_blank\" rel=\"noopener noreferrer\"><img decoding=\"async\" src=\"https:\/\/korneliarataj.com\/wp-content\/uploads\/2026\/01\/2026-SUNSET-CROSS-BODY-1.webp\" width=\"90px\" \/><\/a><a href=\"https:\/\/korneliarataj.com\/de\/produkt\/cross-body-gora-stroju-kapielowego-sunshine-2025\/\" target=\"_blank\" rel=\"noopener noreferrer\"><img decoding=\"async\" src=\"https:\/\/korneliarataj.com\/wp-content\/uploads\/2026\/01\/2026-SUNSHINE-CROSS-BODY-1.webp\" width=\"90px\" \/><\/a><\/p>\n<p style=\"text-align: left;\"><strong><u><\/p>\n<div class=\"kr-collapse is-noarrow\" data-rel=\"opis\">\n    <button type=\"button\" class=\"kr-collapse__trigger\"\n      aria-expanded=\"false\"\n      aria-controls=\"kr-exp-1\"><br \/>\n      OPIS PRODUKTU<br \/>\n    <\/button><\/p>\n<div id=\"kr-exp-1\" class=\"kr-collapse__panel\" hidden>\n<div class=\"kr-collapse__content\"><\/u><\/strong><\/p>\n<p style=\"text-align: left;\"><u><strong>Crossbody - Badeanzug oben<\/strong><\/u><\/p>\n<p style=\"text-align: left;\">Das gebundene Oberteil mit Kuvert-Ausschnitt ist eine elegante und vielseitige Wahl, die sich sowohl f\u00fcr den Strand als auch f\u00fcr den Pool eignet. Vorne quer und im Nacken mit d\u00fcnnen Schn\u00fcren gebunden, erm\u00f6glicht das Modell eine pr\u00e4zise Anpassung des Unterbrustumfangs und der Tr\u00e4gerl\u00e4nge f\u00fcr Komfort und Stabilit\u00e4t. Der gerade R\u00fccken verleiht dem Modell einen minimalistischen Touch, w\u00e4hrend der Rundhalsausschnitt die B\u00fcste dezent akzentuiert.<\/p>\n<p style=\"text-align: left;\"><u>Das Oberteil ist sowohl f\u00fcr kleine, mittlere als auch gro\u00dfe Br\u00fcste geeignet.<\/u>. Dank der verstellbaren L\u00e4nge des Oberteils und des Umfangs unter der Brust k\u00f6nnen Sie es genau auf Ihre Bed\u00fcrfnisse nach Komfort, Halt und Selbstvertrauen abstimmen.<\/p>\n<p>&nbsp;<\/p>\n<p style=\"text-align: left;\"><strong>Hochwertige Materialien<\/strong><\/p>\n<p style=\"text-align: left;\">Der Badeanzug ist aus hochwertigem Lycra gefertigt <strong>econyl<\/strong><strong class=\"copyright\">\u24c7<\/strong>recycelte Materialien, die den h\u00f6chsten Qualit\u00e4tsstandards entsprechen, einschlie\u00dflich zertifizierter <strong>OEKO-TEX Standard 100<\/strong>. Das Material ist gekennzeichnet durch:<br \/>\n\u2013 <strong>Schutz vor UV-Strahlung<\/strong>,<br \/>\n\u2013 <strong>bi-direktionale Flexibilit\u00e4t<\/strong>das f\u00fcr Komfort sorgt,<br \/>\n\u2013 <strong>resistent gegen Chlor und Ausbleichen<\/strong>,<br \/>\n\u2013 <strong>Nachhaltigkeit<\/strong>selbst bei Kontakt mit \u00d6len und Sonnencremes,<br \/>\n\u2013 <strong>\u00f6kologischer Produktionsprozess<\/strong> - recycelte Faser<\/p>\n<p>&nbsp;<\/p>\n<p style=\"text-align: left;\"><strong>\u00c4sthetik und Komfort bis ins Detail<\/strong><\/p>\n<p style=\"text-align: left;\">Jedes Detail wurde im Hinblick auf Ihren Komfort entwickelt:<\/p>\n<p>\u2013 <strong>Die Badebekleidung wird in zwei Lagen gen\u00e4ht<\/strong>Sie bieten Komfort und eine angemessene Abdeckung.<br \/>\n\u2013 <strong>Versteckte N\u00e4hte<\/strong> bieten au\u00dfergew\u00f6hnlichen Tragekomfort.<br \/>\n\u2013 <strong>Hei\u00dfsiegelbares Etikett<\/strong> garantiert Genuss.<\/p>\n<p>&nbsp;<\/p>\n<p style=\"text-align: left;\"><strong>Lokale Produktion - gen\u00e4ht in Polen<\/strong><\/p>\n<p style=\"text-align: left;\">Unsere Bademode wird in unserer Familienwerkstatt in Czernica mit viel Liebe zum Detail hergestellt. Die Produkte zeichnen sich durch ihre sorgf\u00e4ltige Verarbeitung, Langlebigkeit und \u00c4sthetik aus, die von unseren Kunden gesch\u00e4tzt werden.<\/p>\n<\/div><\/div>\n<\/p><\/div>\n<p style=\"text-align: left;\"><strong><u><\/p>\n<div class=\"kr-collapse is-noarrow\" data-rel=\"instrukcja\">\n    <button type=\"button\" class=\"kr-collapse__trigger\"\n      aria-expanded=\"false\"\n      aria-controls=\"kr-exp-2\"><br \/>\n      BINDEANWEISUNGEN<br \/>\n    <\/button><\/p>\n<div id=\"kr-exp-2\" class=\"kr-collapse__panel\" hidden>\n<div class=\"kr-collapse__content\"><\/u><\/strong><\/p>\n<p style=\"text-align: left;\"><strong>Jak wi\u0105za\u0107 g\u00f3r\u0119 Cross Body?<\/strong><br \/>\n- Binden Sie die oberen Saiten am hinteren Teil des Halses und stellen Sie die L\u00e4nge nach Ihren W\u00fcnschen ein.<br \/>\n- Greifen Sie die Schn\u00fcre an der Vorderseite, ziehen Sie sie fest und w\u00e4hlen Sie, wie sie verlaufen sollen.<br \/>\n- Sie k\u00f6nnen die Schn\u00fcre nach unten ziehen, um ein auff\u00e4lliges Kreuz auf der Vorderseite zu kreieren, oder Sie k\u00f6nnen sie flach unter der B\u00fcste verlaufen lassen, um einen schlichteren Look zu erzielen.<br \/>\n- Binden Sie die Schn\u00fcre auf der R\u00fcckseite zusammen, damit sie gut sitzen.<br \/>\n- Korrigieren Sie schlie\u00dflich die Halseinfassung, um maximalen Komfort zu gew\u00e4hrleisten.<\/div>\n<\/p><\/div>\n<\/p><\/div>\n<\/p>\n<p style=\"text-align: left;\"><strong><u><\/p>\n<div class=\"kr-collapse is-noarrow\" data-rel=\"wymiary\">\n    <button type=\"button\" class=\"kr-collapse__trigger\"\n      aria-expanded=\"false\"\n      aria-controls=\"kr-exp-3\"><br \/>\n      MODELLABMESSUNGEN<br \/>\n    <\/button><\/p>\n<div id=\"kr-exp-3\" class=\"kr-collapse__panel\" hidden>\n<div class=\"kr-collapse__content\"><\/u><\/strong><\/p>\n<p style=\"text-align: left;\">Modelka ma na sobie rozmiar XS\/S<br \/>\nObw\u00f3d w biu\u015bcie: 84 cm<br \/>\nUmfang unter der B\u00fcste: 72 cm<br \/>\nMiseczka: A<br \/>\nObw\u00f3d w talii: 64 cm<br \/>\nObw\u00f3d w biodrach: 92 cm<br \/>\nWzrost: 170 cm<\/p>\n<\/div><\/div>\n<\/p><\/div>\n<p style=\"text-align: left;\"><strong><u><\/p>\n<div class=\"kr-collapse is-noarrow\" data-rel=\"kolor\">\n    <button type=\"button\" class=\"kr-collapse__trigger\"\n      aria-expanded=\"false\"\n      aria-controls=\"kr-exp-4\"><br \/>\n      FARBBESCHREIBUNG<br \/>\n    <\/button><\/p>\n<div id=\"kr-exp-4\" class=\"kr-collapse__panel\" hidden>\n<div class=\"kr-collapse__content\"><\/u><\/strong><\/p>\n<p style=\"text-align: left;\"><strong><a href=\"https:\/\/korneliarataj.com\/de\/kolor-sky-blue\/\" target=\"_blank\" rel=\"noopener noreferrer\"><u>Kolor SKY BLUE<\/u><\/a> &#8211; ch\u0142odny, jasnoniebieski odcie\u0144 stroju k\u0105pielowego<\/strong>.<br \/>\n<strong>SKY BLUE<\/strong> to jasny, ch\u0142odny odcie\u0144 niebieskiego inspirowany czystym niebem i letni\u0105 lekko\u015bci\u0105. Ten kolor doskonale sprawdza si\u0119 w strojach k\u0105pielowych damskich, nadaj\u0105c im \u015bwie\u017cy, minimalistyczny i nowoczesny charakter. Niebieski str\u00f3j k\u0105pielowy <strong>SKY BLUE<\/strong> podkre\u015bla opalenizn\u0119, optycznie roz\u015bwietla sylwetk\u0119 i wpisuje si\u0119 w estetyk\u0119 ponadczasowego beachwearu.<br \/>\nKolor <strong>SKY BLUE<\/strong> wyj\u0105tkowo dobrze prezentuje si\u0119 na r\u00f3\u017cnych typach karnacji:<br \/>\n\u2013 <strong>Heller, porzellanartiger Teint<\/strong> \u2013 podkre\u015bla \u015bwie\u017co\u015b\u0107 sk\u00f3ry i dodaje jej delikatnego, ch\u0142odnego kontrastu.<br \/>\n\u2013 <strong>Olivenfarbener Teint<\/strong> \u2013 wydobywa ch\u0142odne tony sk\u00f3ry, nadaj\u0105c jej harmonijny, czysty wygl\u0105d.<br \/>\n\u2013 <strong>Dunklere Haut<\/strong> \u2013 tworzy wyrazisty, elegancki kontrast, kt\u00f3ry podkre\u015bla g\u0142\u0119bi\u0119 koloru sk\u00f3ry i opalenizn\u0119.<br \/>\nStroje k\u0105pielowe w kolorze <strong>SKY BLUE<\/strong> sprawdzaj\u0105 si\u0119 zar\u00f3wno w minimalistycznych bikini, jak i w jednocz\u0119\u015bciowych fasonach. Jasnoniebieski str\u00f3j k\u0105pielowy damski to idealny wyb\u00f3r na pla\u017c\u0119 i basen \u2013 lekki wizualnie, \u015bwie\u017cy i niezwykle uniwersalny.<br \/>\n<strong>Dlaczego wybra\u0107 str\u00f3j k\u0105pielowy w kolorze SKY BLUE?<\/strong><br \/>\nTo propozycja dla kobiet, kt\u00f3re ceni\u0105 jasne, ch\u0142odne kolory, subteln\u0105 elegancj\u0119 i nowoczesn\u0105 estetyk\u0119 w strojach k\u0105pielowych.<\/div>\n<\/p><\/div>\n<\/p><\/div>\n<\/p>\n<p style=\"text-align: left;\"><strong><u><\/p>\n<div class=\"kr-collapse is-noarrow\" data-rel=\"sklad\">\n    <button type=\"button\" class=\"kr-collapse__trigger\"\n      aria-expanded=\"false\"\n      aria-controls=\"kr-exp-5\"><br \/>\n      ZUSAMMENSETZUNG UND PFLEGEHINWEISE<br \/>\n    <\/button><\/p>\n<div id=\"kr-exp-5\" class=\"kr-collapse__panel\" hidden>\n<div class=\"kr-collapse__content\"><\/u><\/strong><\/p>\n<p style=\"text-align: left;\">78% recyceltes Polyamid<br \/>\n22% Elastan<br \/>\nSchonwaschgang bei 30\u00b0c mit \u00e4hnlichen Farben<br \/>\nHandw\u00e4sche, mit \u00e4hnlichen Farben<br \/>\nEisen bei max. 110\u00b0c<br \/>\nnicht bleichen<br \/>\nnicht im Trockner trocknen<\/p>\n<\/div><\/div>\n<\/p><\/div>","protected":false},"featured_media":388477,"template":"","meta":[],"product_brand":[500],"product_cat":[587,550,588,592,537,525,572,561,549,590,539,593,656,652,545,573,651,574],"product_tag":[653],"class_list":{"0":"post-388451","1":"product","2":"type-product","3":"status-publish","4":"has-post-thumbnail","6":"product_brand-korneliarataj","7":"product_cat-ciazowe-stroje","8":"product_cat-do-karmienia-gory","9":"product_cat-do-karmienia-stroje","10":"product_cat-duzy-biust-stroje","11":"product_cat-dwuczesciowe-swimwear","12":"product_cat-gora-swimwear","13":"product_cat-kategorie-swimwear","14":"product_cat-kolory-swimwear","15":"product_cat-maly-biust-gory","16":"product_cat-maly-biust-stroje","17":"product_cat-nieusztywniane-gory","18":"product_cat-ochrona-uv-stroje","19":"product_cat-sky-blue-swimwear","20":"product_cat-swimwear-2026","21":"product_cat-wiazane-gory","22":"product_cat-wiazane-stroje","23":"product_cat-worek-free","24":"product_cat-z-wycieciami-wyciete-stroje","25":"product_tag-sky-blue","26":"flv-has-gallery","28":"first","29":"instock","30":"taxable","31":"shipping-taxable","32":"purchasable","33":"product-type-variable","34":"has-default-attributes"},"yoast_head":"<!-- This site is optimized with the Yoast SEO plugin v27.4 - https:\/\/yoast.com\/product\/yoast-seo-wordpress\/ -->\n<title>Cross Body - g\u00f3ra stroju k\u0105pielowego Sky Blue - KORNELIARATAJ<\/title>\n<meta name=\"description\" content=\"Kornelia Rataj. Minimalist Women&#039;s Collection, Basic, Swimwear. HANDMADE IN POLAND WITH LOVE.\" \/>\n<meta name=\"robots\" content=\"index, follow, max-snippet:-1, max-image-preview:large, max-video-preview:-1\" \/>\n<link rel=\"canonical\" href=\"https:\/\/korneliarataj.com\/de\/produkt\/cross-body-gora-stroju-kapielowego-sky-blue-2026\/\" \/>\n<meta property=\"og:locale\" content=\"de_DE\" \/>\n<meta property=\"og:type\" content=\"article\" \/>\n<meta property=\"og:title\" content=\"Cross Body - g\u00f3ra stroju k\u0105pielowego Sky Blue - KORNELIARATAJ\" \/>\n<meta property=\"og:description\" content=\"Kornelia Rataj. Minimalist Women&#039;s Collection, Basic, Swimwear. HANDMADE IN POLAND WITH LOVE.\" \/>\n<meta property=\"og:url\" content=\"https:\/\/korneliarataj.com\/de\/produkt\/cross-body-gora-stroju-kapielowego-sky-blue-2026\/\" \/>\n<meta property=\"og:site_name\" content=\"KORNELIARATAJ\" \/>\n<meta property=\"article:publisher\" content=\"http:\/\/www.facebook.com\/korneliaratajshop\" \/>\n<meta property=\"article:modified_time\" content=\"2026-04-28T11:53:12+00:00\" \/>\n<meta property=\"og:image\" content=\"https:\/\/korneliarataj.com\/wp-content\/uploads\/2026\/01\/2026-SKY-BLUE-CROSS-BODY-1-scaled.webp\" \/>\n\t<meta property=\"og:image:width\" content=\"1707\" \/>\n\t<meta property=\"og:image:height\" content=\"2560\" \/>\n\t<meta property=\"og:image:type\" content=\"image\/webp\" \/>\n<meta name=\"twitter:card\" content=\"summary_large_image\" \/>\n<meta name=\"twitter:label1\" content=\"Gesch\u00e4tzte Lesezeit\" \/>\n\t<meta name=\"twitter:data1\" content=\"1\u00a0Minute\" \/>\n<script type=\"application\/ld+json\" class=\"yoast-schema-graph\">{\"@context\":\"https:\\\/\\\/schema.org\",\"@graph\":[{\"@type\":\"WebPage\",\"@id\":\"https:\\\/\\\/korneliarataj.com\\\/produkt\\\/cross-body-gora-stroju-kapielowego-sky-blue-2026\\\/\",\"url\":\"https:\\\/\\\/korneliarataj.com\\\/produkt\\\/cross-body-gora-stroju-kapielowego-sky-blue-2026\\\/\",\"name\":\"Cross Body - g\u00f3ra stroju k\u0105pielowego Sky Blue - KORNELIARATAJ\",\"isPartOf\":{\"@id\":\"https:\\\/\\\/korneliarataj.com\\\/#website\"},\"primaryImageOfPage\":{\"@id\":\"https:\\\/\\\/korneliarataj.com\\\/produkt\\\/cross-body-gora-stroju-kapielowego-sky-blue-2026\\\/#primaryimage\"},\"image\":{\"@id\":\"https:\\\/\\\/korneliarataj.com\\\/produkt\\\/cross-body-gora-stroju-kapielowego-sky-blue-2026\\\/#primaryimage\"},\"thumbnailUrl\":\"https:\\\/\\\/korneliarataj.com\\\/wp-content\\\/uploads\\\/2026\\\/01\\\/2026-SKY-BLUE-CROSS-BODY-1-scaled.webp\",\"datePublished\":\"2026-01-24T18:39:15+00:00\",\"dateModified\":\"2026-04-28T11:53:12+00:00\",\"description\":\"Kornelia Rataj. Minimalist Women's Collection, Basic, Swimwear. HANDMADE IN POLAND WITH LOVE.\",\"breadcrumb\":{\"@id\":\"https:\\\/\\\/korneliarataj.com\\\/produkt\\\/cross-body-gora-stroju-kapielowego-sky-blue-2026\\\/#breadcrumb\"},\"inLanguage\":\"de\",\"potentialAction\":[{\"@type\":\"ReadAction\",\"target\":[\"https:\\\/\\\/korneliarataj.com\\\/produkt\\\/cross-body-gora-stroju-kapielowego-sky-blue-2026\\\/\"]}]},{\"@type\":\"ImageObject\",\"inLanguage\":\"de\",\"@id\":\"https:\\\/\\\/korneliarataj.com\\\/produkt\\\/cross-body-gora-stroju-kapielowego-sky-blue-2026\\\/#primaryimage\",\"url\":\"https:\\\/\\\/korneliarataj.com\\\/wp-content\\\/uploads\\\/2026\\\/01\\\/2026-SKY-BLUE-CROSS-BODY-1-scaled.webp\",\"contentUrl\":\"https:\\\/\\\/korneliarataj.com\\\/wp-content\\\/uploads\\\/2026\\\/01\\\/2026-SKY-BLUE-CROSS-BODY-1-scaled.webp\",\"width\":1707,\"height\":2560,\"caption\":\"Cross Body - gora stroju kapielowego Sky Blue\"},{\"@type\":\"BreadcrumbList\",\"@id\":\"https:\\\/\\\/korneliarataj.com\\\/produkt\\\/cross-body-gora-stroju-kapielowego-sky-blue-2026\\\/#breadcrumb\",\"itemListElement\":[{\"@type\":\"ListItem\",\"position\":1,\"name\":\"HOME\",\"item\":\"https:\\\/\\\/korneliarataj.com\\\/\"},{\"@type\":\"ListItem\",\"position\":2,\"name\":\"Products\",\"item\":\"https:\\\/\\\/korneliarataj.com\\\/en\\\/shop\\\/\"},{\"@type\":\"ListItem\",\"position\":3,\"name\":\"Cross Body &#8211; g\u00f3ra stroju k\u0105pielowego Sky Blue\"}]},{\"@type\":\"WebSite\",\"@id\":\"https:\\\/\\\/korneliarataj.com\\\/#website\",\"url\":\"https:\\\/\\\/korneliarataj.com\\\/\",\"name\":\"Stroje K\u0105pielowe i Odzie\u017c Lniana Sklep Kornelia Rataj\",\"description\":\"swimwear stroje k\u0105pielowe ubrania len lniane\",\"publisher\":{\"@id\":\"https:\\\/\\\/korneliarataj.com\\\/#organization\"},\"potentialAction\":[{\"@type\":\"SearchAction\",\"target\":{\"@type\":\"EntryPoint\",\"urlTemplate\":\"https:\\\/\\\/korneliarataj.com\\\/?s={search_term_string}\"},\"query-input\":{\"@type\":\"PropertyValueSpecification\",\"valueRequired\":true,\"valueName\":\"search_term_string\"}}],\"inLanguage\":\"de\"},{\"@type\":\"Organization\",\"@id\":\"https:\\\/\\\/korneliarataj.com\\\/#organization\",\"name\":\"KORNELIARATAJ\",\"url\":\"https:\\\/\\\/korneliarataj.com\\\/\",\"logo\":{\"@type\":\"ImageObject\",\"inLanguage\":\"de\",\"@id\":\"https:\\\/\\\/korneliarataj.com\\\/#\\\/schema\\\/logo\\\/image\\\/\",\"url\":\"https:\\\/\\\/korneliarataj.com\\\/wp-content\\\/uploads\\\/2020\\\/07\\\/LOGO-KR.svg\",\"contentUrl\":\"https:\\\/\\\/korneliarataj.com\\\/wp-content\\\/uploads\\\/2020\\\/07\\\/LOGO-KR.svg\",\"width\":1024,\"height\":1024,\"caption\":\"KORNELIARATAJ\"},\"image\":{\"@id\":\"https:\\\/\\\/korneliarataj.com\\\/#\\\/schema\\\/logo\\\/image\\\/\"},\"sameAs\":[\"http:\\\/\\\/www.facebook.com\\\/korneliaratajshop\",\"http:\\\/\\\/www.instagram.com\\\/korneliarataj\"]}]}<\/script>\n<!-- \/ Yoast SEO plugin. -->","yoast_head_json":{"title":"Cross Body - g\u00f3ra stroju k\u0105pielowego Sky Blue - KORNELIARATAJ","description":"Kornelia Rataj. Minimalistische Damenkollektion, Basic, Bademode. HANDGEMACHT IN POLEN MIT LIEBE.","robots":{"index":"index","follow":"follow","max-snippet":"max-snippet:-1","max-image-preview":"max-image-preview:large","max-video-preview":"max-video-preview:-1"},"canonical":"https:\/\/korneliarataj.com\/de\/produkt\/cross-body-gora-stroju-kapielowego-sky-blue-2026\/","og_locale":"de_DE","og_type":"article","og_title":"Cross Body - g\u00f3ra stroju k\u0105pielowego Sky Blue - KORNELIARATAJ","og_description":"Kornelia Rataj. Minimalist Women's Collection, Basic, Swimwear. HANDMADE IN POLAND WITH LOVE.","og_url":"https:\/\/korneliarataj.com\/de\/produkt\/cross-body-gora-stroju-kapielowego-sky-blue-2026\/","og_site_name":"KORNELIARATAJ","article_publisher":"http:\/\/www.facebook.com\/korneliaratajshop","article_modified_time":"2026-04-28T11:53:12+00:00","og_image":[{"width":1707,"height":2560,"url":"https:\/\/korneliarataj.com\/wp-content\/uploads\/2026\/01\/2026-SKY-BLUE-CROSS-BODY-1-scaled.webp","type":"image\/webp"}],"twitter_card":"summary_large_image","twitter_misc":{"Gesch\u00e4tzte Lesezeit":"1\u00a0Minute"},"schema":{"@context":"https:\/\/schema.org","@graph":[{"@type":"WebPage","@id":"https:\/\/korneliarataj.com\/produkt\/cross-body-gora-stroju-kapielowego-sky-blue-2026\/","url":"https:\/\/korneliarataj.com\/produkt\/cross-body-gora-stroju-kapielowego-sky-blue-2026\/","name":"Cross Body - g\u00f3ra stroju k\u0105pielowego Sky Blue - KORNELIARATAJ","isPartOf":{"@id":"https:\/\/korneliarataj.com\/#website"},"primaryImageOfPage":{"@id":"https:\/\/korneliarataj.com\/produkt\/cross-body-gora-stroju-kapielowego-sky-blue-2026\/#primaryimage"},"image":{"@id":"https:\/\/korneliarataj.com\/produkt\/cross-body-gora-stroju-kapielowego-sky-blue-2026\/#primaryimage"},"thumbnailUrl":"https:\/\/korneliarataj.com\/wp-content\/uploads\/2026\/01\/2026-SKY-BLUE-CROSS-BODY-1-scaled.webp","datePublished":"2026-01-24T18:39:15+00:00","dateModified":"2026-04-28T11:53:12+00:00","description":"Kornelia Rataj. Minimalistische Damenkollektion, Basic, Bademode. HANDGEMACHT IN POLEN MIT LIEBE.","breadcrumb":{"@id":"https:\/\/korneliarataj.com\/produkt\/cross-body-gora-stroju-kapielowego-sky-blue-2026\/#breadcrumb"},"inLanguage":"de","potentialAction":[{"@type":"ReadAction","target":["https:\/\/korneliarataj.com\/produkt\/cross-body-gora-stroju-kapielowego-sky-blue-2026\/"]}]},{"@type":"ImageObject","inLanguage":"de","@id":"https:\/\/korneliarataj.com\/produkt\/cross-body-gora-stroju-kapielowego-sky-blue-2026\/#primaryimage","url":"https:\/\/korneliarataj.com\/wp-content\/uploads\/2026\/01\/2026-SKY-BLUE-CROSS-BODY-1-scaled.webp","contentUrl":"https:\/\/korneliarataj.com\/wp-content\/uploads\/2026\/01\/2026-SKY-BLUE-CROSS-BODY-1-scaled.webp","width":1707,"height":2560,"caption":"Cross Body - gora stroju kapielowego Sky Blue"},{"@type":"BreadcrumbList","@id":"https:\/\/korneliarataj.com\/produkt\/cross-body-gora-stroju-kapielowego-sky-blue-2026\/#breadcrumb","itemListElement":[{"@type":"ListItem","position":1,"name":"HOME","item":"https:\/\/korneliarataj.com\/"},{"@type":"ListItem","position":2,"name":"Products","item":"https:\/\/korneliarataj.com\/en\/shop\/"},{"@type":"ListItem","position":3,"name":"Cross Body &#8211; g\u00f3ra stroju k\u0105pielowego Sky Blue"}]},{"@type":"WebSite","@id":"https:\/\/korneliarataj.com\/#website","url":"https:\/\/korneliarataj.com\/","name":"Bademode und Leinenbekleidung Shop Kornelia Rataj","description":"badebekleidung badebekleidung leinen leinenbekleidung","publisher":{"@id":"https:\/\/korneliarataj.com\/#organization"},"potentialAction":[{"@type":"SearchAction","target":{"@type":"EntryPoint","urlTemplate":"https:\/\/korneliarataj.com\/?s={search_term_string}"},"query-input":{"@type":"PropertyValueSpecification","valueRequired":true,"valueName":"search_term_string"}}],"inLanguage":"de"},{"@type":"Organization","@id":"https:\/\/korneliarataj.com\/#organization","name":"KORNELIARATAJ","url":"https:\/\/korneliarataj.com\/","logo":{"@type":"ImageObject","inLanguage":"de","@id":"https:\/\/korneliarataj.com\/#\/schema\/logo\/image\/","url":"https:\/\/korneliarataj.com\/wp-content\/uploads\/2020\/07\/LOGO-KR.svg","contentUrl":"https:\/\/korneliarataj.com\/wp-content\/uploads\/2020\/07\/LOGO-KR.svg","width":1024,"height":1024,"caption":"KORNELIARATAJ"},"image":{"@id":"https:\/\/korneliarataj.com\/#\/schema\/logo\/image\/"},"sameAs":["http:\/\/www.facebook.com\/korneliaratajshop","http:\/\/www.instagram.com\/korneliarataj"]}]}},"_links":{"self":[{"href":"https:\/\/korneliarataj.com\/de\/wp-json\/wp\/v2\/product\/388451","targetHints":{"allow":["GET"]}}],"collection":[{"href":"https:\/\/korneliarataj.com\/de\/wp-json\/wp\/v2\/product"}],"about":[{"href":"https:\/\/korneliarataj.com\/de\/wp-json\/wp\/v2\/types\/product"}],"wp:featuredmedia":[{"embeddable":true,"href":"https:\/\/korneliarataj.com\/de\/wp-json\/wp\/v2\/media\/388477"}],"wp:attachment":[{"href":"https:\/\/korneliarataj.com\/de\/wp-json\/wp\/v2\/media?parent=388451"}],"wp:term":[{"taxonomy":"product_brand","embeddable":true,"href":"https:\/\/korneliarataj.com\/de\/wp-json\/wp\/v2\/product_brand?post=388451"},{"taxonomy":"product_cat","embeddable":true,"href":"https:\/\/korneliarataj.com\/de\/wp-json\/wp\/v2\/product_cat?post=388451"},{"taxonomy":"product_tag","embeddable":true,"href":"https:\/\/korneliarataj.com\/de\/wp-json\/wp\/v2\/product_tag?post=388451"}],"curies":[{"name":"wp","href":"https:\/\/api.w.org\/{rel}","templated":true}]}}