{"id":320834,"date":"2025-05-21T21:38:48","date_gmt":"2025-05-21T19:38:48","guid":{"rendered":"https:\/\/korneliarataj.com\/?post_type=product&#038;p=320834"},"modified":"2026-03-19T22:54:56","modified_gmt":"2026-03-19T21:54:56","slug":"the-one-stroj-kapielowy-jednoczesciowy-dla-dziewczynki-coconut-2025","status":"publish","type":"product","link":"https:\/\/korneliarataj.com\/de\/produkt\/the-one-stroj-kapielowy-jednoczesciowy-dla-dziewczynki-coconut-2025\/","title":{"rendered":"The One - Einteiliger Badeanzug f\u00fcr M\u00e4dchen Kokosnuss"},"content":{"rendered":"","protected":false},"excerpt":{"rendered":"<p style=\"text-align: left;\"><strong>OPTIONEN<\/strong><\/p>\n<p style=\"text-align: left;\"><a href=\"https:\/\/korneliarataj.com\/de\/produkt\/the-one-stroj-kapielowy-jednoczesciowy-dla-dziewczynki-sunset-2025\/\" target=\"_blank\" rel=\"noopener noreferrer\"><img decoding=\"async\" src=\"https:\/\/korneliarataj.com\/wp-content\/uploads\/2025\/05\/MINI2025-THE-ONE-SUNSET-1.webp\" width=\"100px\" \/><\/a><a href=\"https:\/\/korneliarataj.com\/de\/produkt\/the-one-stroj-kapielowy-jednoczesciowy-dla-dziewczynki-aqua-2025\/\" target=\"_blank\" rel=\"noopener noreferrer\"><img decoding=\"async\" src=\"https:\/\/korneliarataj.com\/wp-content\/uploads\/2025\/05\/MINI2025-THE-ONE-AQUA-1.webp\" width=\"100px\" \/><\/a><a href=\"https:\/\/korneliarataj.com\/de\/produkt\/the-one-stroj-kapielowy-jednoczesciowy-dla-dziewczynki-sunshine-2025\/\" target=\"_blank\" rel=\"noopener noreferrer\"><img decoding=\"async\" src=\"https:\/\/korneliarataj.com\/wp-content\/uploads\/2025\/05\/MINI2025-THE-ONE-SUNSHINE-1.webp\" width=\"100px\" \/><\/a><a href=\"https:\/\/korneliarataj.com\/de\/produkt\/the-one-stroj-kapielowy-jednoczesciowy-dla-dziewczynki-hibiscus-2025\/\" target=\"_blank\" rel=\"noopener noreferrer\"><img decoding=\"async\" src=\"https:\/\/korneliarataj.com\/wp-content\/uploads\/2025\/05\/MINI2025-THE-ONE-HIBISCUS-1.webp\" width=\"100px\" \/><\/a>\u00a0<a href=\"https:\/\/korneliarataj.com\/de\/produkt\/the-one-stroj-kapielowy-jednoczesciowy-dla-dziewczynki-wood-2025\/\" target=\"_blank\" rel=\"noopener noreferrer\"><img decoding=\"async\" src=\"https:\/\/korneliarataj.com\/wp-content\/uploads\/2025\/05\/MINI2025-THE-ONE-WOOD-1.webp\" width=\"100px\" \/><\/a>\u00a0<a href=\"https:\/\/korneliarataj.com\/de\/produkt\/the-one-stroj-kapielowy-jednoczesciowy-dla-dziewczynki-black-2025\/\" target=\"_blank\" rel=\"noopener noreferrer\"><img decoding=\"async\" src=\"https:\/\/korneliarataj.com\/wp-content\/uploads\/2025\/05\/MINI2025-THE-ONE-BLACK-1.webp\" width=\"100px\" \/><\/a><\/p>\n<p style=\"text-align: left;\"><u><strong>The One - einteiliger Badeanzug f\u00fcr M\u00e4dchen<\/strong><\/u><\/p>\n<p style=\"text-align: left;\">Suchen Sie einen bequemen und modischen Badeanzug f\u00fcr ein M\u00e4dchen? Dieser <strong>Einteiliger Badeanzug f\u00fcr Kinder<\/strong> ist die perfekte Wahl f\u00fcr den Sommer! Einstellbar <strong>Binden an den Schultern<\/strong> erm\u00f6glicht einen passgenauen Sitz und sorgt f\u00fcr Komfort beim Spielen am Strand oder im Schwimmbad.<\/p>\n<p style=\"text-align: left;\">Das Outfit passt am besten zu <strong>gekreuzte Riemen auf dem R\u00fccken<\/strong>was die Stabilit\u00e4t erh\u00f6ht und f\u00fcr Charme sorgt. W\u00e4hlen Sie dieses Modell, wenn Sie die Kombination aus Komfort, Qualit\u00e4t und kindlicher Leichtigkeit sch\u00e4tzen.<\/p>\n<p style=\"text-align: left;\">Ein modisches Set mit Stil zusammenstellen <strong>stimmig stimmig<\/strong> - W\u00e4hlen Sie einen passenden Badeanzug aus unserer Kollektion f\u00fcr Mutter und Tochter und genie\u00dfen Sie einen gemeinsamen Sommerlook am Strand!<\/p>\n<p>&nbsp;<\/p>\n<p style=\"text-align: left;\"><strong>Hochwertige Materialien<\/strong><\/p>\n<p style=\"text-align: left;\">Der Badeanzug ist aus hochwertigem Lycra gefertigt <strong>econyl<\/strong><strong class=\"copyright\">\u24c7<\/strong>recycelte Materialien, die den h\u00f6chsten Qualit\u00e4tsstandards entsprechen, einschlie\u00dflich zertifizierter <strong>OEKO-TEX Standard 100<\/strong>. Das Material ist gekennzeichnet durch:<br \/>\n\u2013 <strong>Schutz vor UV-Strahlung<\/strong>,<br \/>\n\u2013 <strong>bi-direktionale Flexibilit\u00e4t<\/strong>das f\u00fcr Komfort sorgt,<br \/>\n\u2013 <strong>resistent gegen Chlor und Ausbleichen<\/strong>,<br \/>\n\u2013 <strong>Nachhaltigkeit<\/strong>selbst bei Kontakt mit \u00d6len und Sonnencremes,<br \/>\n\u2013 <strong>\u00f6kologischer Produktionsprozess<\/strong> - recycelte Faser<\/p>\n<p>&nbsp;<\/p>\n<p style=\"text-align: left;\"><strong>\u00c4sthetik und Komfort bis ins Detail<\/strong><\/p>\n<p style=\"text-align: left;\">Jedes Detail wurde im Hinblick auf Ihren Komfort entwickelt:<\/p>\n<p>\u2013 <strong>Die Badebekleidung wird in zwei Lagen gen\u00e4ht<\/strong>Sie bieten Komfort und eine angemessene Abdeckung.<br \/>\n\u2013 <strong>Versteckte N\u00e4hte<\/strong> bieten au\u00dfergew\u00f6hnlichen Tragekomfort.<br \/>\n\u2013 <strong>Hei\u00dfsiegelbares Etikett<\/strong> garantiert Genuss.<\/p>\n<p style=\"text-align: left;\">Der One-Schwimmanzug ist in drei zeitlosen Farben erh\u00e4ltlich -. <strong>Schwarz, Wei\u00df, Braun und saisonale Farbt\u00f6ne<\/strong>.<\/p>\n<p style=\"text-align: left;\">Der Badeanzug ist in 6 Gr\u00f6\u00dfen erh\u00e4ltlich.<\/p>\n<p>&nbsp;<\/p>\n<p style=\"text-align: left;\"><strong>Lokale Produktion - gen\u00e4ht in Polen<\/strong><\/p>\n<p style=\"text-align: left;\">Unsere Bademode wird in unserer Familienwerkstatt in Czernica mit viel Liebe zum Detail hergestellt. Die Produkte zeichnen sich durch ihre sorgf\u00e4ltige Verarbeitung, Langlebigkeit und \u00c4sthetik aus, die von unseren Kunden gesch\u00e4tzt werden.<\/p>\n<p style=\"text-align: left;\"><strong><u><\/p>\n<div class=\"kr-collapse is-noarrow\" data-rel=\"kolor\">\n    <button type=\"button\" class=\"kr-collapse__trigger\"\n      aria-expanded=\"false\"\n      aria-controls=\"kr-exp-1\"><br \/>\n      FARBBESCHREIBUNG<br \/>\n    <\/button><\/p>\n<div id=\"kr-exp-1\" class=\"kr-collapse__panel\" hidden>\n<div class=\"kr-collapse__content\"><\/u><\/strong><\/p>\n<p style=\"text-align: left;\"><strong><u>Farbe COCONUT<\/u> - Der meistverkaufte Wei\u00df-Ton<\/strong>.<br \/>\n<strong>Cremefarbener Badeanzug<\/strong>auch als Off-White bekannt, ist eine zeitlose Wahl, die eine Br\u00e4une perfekt unterstreicht und jedem Look Leichtigkeit verleiht. Dieser Wei\u00dfton passt zu allen Hauttypen - von heller Porzellanhaut \u00fcber olivfarbene Haut bis hin zu dunklerem Teint.<br \/>\n\u2013 <strong>Heller, porzellanartiger Teint<\/strong>: Verbessert die Geschmeidigkeit der Haut und verleiht ihr einen zarten Schimmer.<br \/>\n\u2013 <strong>Olivenfarbener Teint<\/strong>Er harmoniert perfekt mit warmen Hautt\u00f6nen und bildet ein harmonisches Ganzes.<br \/>\n\u2013 <strong>Dunklere Haut<\/strong>Kontrastiert perfekt mit der Br\u00e4une und unterstreicht deren goldene T\u00f6ne.\n<\/div>\n<\/p><\/div>\n<\/p><\/div>\n<\/p>\n<p style=\"text-align: left;\"><strong><u><\/p>\n<div class=\"kr-collapse is-noarrow\" data-rel=\"wymiary\">\n    <button type=\"button\" class=\"kr-collapse__trigger\"\n      aria-expanded=\"false\"\n      aria-controls=\"kr-exp-2\"><br \/>\n      MODELLABMESSUNGEN<br \/>\n    <\/button><\/p>\n<div id=\"kr-exp-2\" class=\"kr-collapse__panel\" hidden>\n<div class=\"kr-collapse__content\"><\/u><\/strong><\/p>\n<p style=\"text-align: left;\">Brustumfang: cm<br \/>\nTaillenumfang: cm<br \/>\nH\u00fcftumfang: cm<br \/>\nH\u00f6he: cm\n<\/div>\n<\/p><\/div>\n<\/p><\/div>\n<\/p>\n<p style=\"text-align: left;\"><strong><u><\/p>\n<div class=\"kr-collapse is-noarrow\" data-rel=\"sklad\">\n    <button type=\"button\" class=\"kr-collapse__trigger\"\n      aria-expanded=\"false\"\n      aria-controls=\"kr-exp-3\"><br \/>\n      ZUSAMMENSETZUNG UND PFLEGEHINWEISE<br \/>\n    <\/button><\/p>\n<div id=\"kr-exp-3\" class=\"kr-collapse__panel\" hidden>\n<div class=\"kr-collapse__content\"><\/u><\/strong><\/p>\n<p style=\"text-align: left;\">78% recyceltes Polyamid<br \/>\n22% Elastan<br \/>\nSchonwaschgang bei 30\u00b0c mit \u00e4hnlichen Farben<br \/>\nHandw\u00e4sche, mit \u00e4hnlichen Farben<br \/>\nEisen bei max. 110\u00b0c<br \/>\nnicht bleichen<br \/>\nnicht im Trockner trocknen<\/p>\n<\/div><\/div>\n<\/p><\/div>","protected":false},"featured_media":326372,"template":"","meta":[],"product_brand":[500],"product_cat":[351,355],"product_tag":[328],"class_list":{"0":"post-320834","1":"product","2":"type-product","3":"status-publish","4":"has-post-thumbnail","6":"product_brand-korneliarataj","7":"product_cat-mini","8":"product_cat-mini-swimwear","9":"product_tag-coconut","10":"flv-has-gallery","12":"first","13":"instock","14":"taxable","15":"shipping-taxable","16":"purchasable","17":"product-type-variable","18":"has-default-attributes"},"yoast_head":"<!-- This site is optimized with the Yoast SEO plugin v27.3 - https:\/\/yoast.com\/product\/yoast-seo-wordpress\/ -->\n<title>The One - str\u00f3j k\u0105pielowy jednocz\u0119\u015bciowy dla dziewczynki Coconut - KORNELIARATAJ<\/title>\n<meta name=\"description\" content=\"Kornelia Rataj. Minimalist Women&#039;s Collection, Basic, Swimwear. HANDMADE IN POLAND WITH LOVE.\" \/>\n<meta name=\"robots\" content=\"index, follow, max-snippet:-1, max-image-preview:large, max-video-preview:-1\" \/>\n<link rel=\"canonical\" href=\"https:\/\/korneliarataj.com\/de\/produkt\/the-one-stroj-kapielowy-jednoczesciowy-dla-dziewczynki-coconut-2025\/\" \/>\n<meta property=\"og:locale\" content=\"de_DE\" \/>\n<meta property=\"og:type\" content=\"article\" \/>\n<meta property=\"og:title\" content=\"The One - str\u00f3j k\u0105pielowy jednocz\u0119\u015bciowy dla dziewczynki Coconut - KORNELIARATAJ\" \/>\n<meta property=\"og:description\" content=\"Kornelia Rataj. Minimalist Women&#039;s Collection, Basic, Swimwear. HANDMADE IN POLAND WITH LOVE.\" \/>\n<meta property=\"og:url\" content=\"https:\/\/korneliarataj.com\/de\/produkt\/the-one-stroj-kapielowy-jednoczesciowy-dla-dziewczynki-coconut-2025\/\" \/>\n<meta property=\"og:site_name\" content=\"KORNELIARATAJ\" \/>\n<meta property=\"article:publisher\" content=\"http:\/\/www.facebook.com\/korneliaratajshop\" \/>\n<meta property=\"article:modified_time\" content=\"2026-03-19T21:54:56+00:00\" \/>\n<meta property=\"og:image\" content=\"https:\/\/korneliarataj.com\/wp-content\/uploads\/2025\/06\/LB-MINI2025-THE-ONE-COCONUT-1-scaled.webp\" \/>\n\t<meta property=\"og:image:width\" content=\"1707\" \/>\n\t<meta property=\"og:image:height\" content=\"2560\" \/>\n\t<meta property=\"og:image:type\" content=\"image\/webp\" \/>\n<meta name=\"twitter:card\" content=\"summary_large_image\" \/>\n<meta name=\"twitter:label1\" content=\"Gesch\u00e4tzte Lesezeit\" \/>\n\t<meta name=\"twitter:data1\" content=\"1\u00a0Minute\" \/>\n<script type=\"application\/ld+json\" class=\"yoast-schema-graph\">{\"@context\":\"https:\\\/\\\/schema.org\",\"@graph\":[{\"@type\":\"WebPage\",\"@id\":\"https:\\\/\\\/korneliarataj.com\\\/produkt\\\/the-one-stroj-kapielowy-jednoczesciowy-dla-dziewczynki-coconut-2025\\\/\",\"url\":\"https:\\\/\\\/korneliarataj.com\\\/produkt\\\/the-one-stroj-kapielowy-jednoczesciowy-dla-dziewczynki-coconut-2025\\\/\",\"name\":\"The One - str\u00f3j k\u0105pielowy jednocz\u0119\u015bciowy dla dziewczynki Coconut - KORNELIARATAJ\",\"isPartOf\":{\"@id\":\"https:\\\/\\\/korneliarataj.com\\\/#website\"},\"primaryImageOfPage\":{\"@id\":\"https:\\\/\\\/korneliarataj.com\\\/produkt\\\/the-one-stroj-kapielowy-jednoczesciowy-dla-dziewczynki-coconut-2025\\\/#primaryimage\"},\"image\":{\"@id\":\"https:\\\/\\\/korneliarataj.com\\\/produkt\\\/the-one-stroj-kapielowy-jednoczesciowy-dla-dziewczynki-coconut-2025\\\/#primaryimage\"},\"thumbnailUrl\":\"https:\\\/\\\/korneliarataj.com\\\/wp-content\\\/uploads\\\/2025\\\/06\\\/LB-MINI2025-THE-ONE-COCONUT-1-scaled.webp\",\"datePublished\":\"2025-05-21T19:38:48+00:00\",\"dateModified\":\"2026-03-19T21:54:56+00:00\",\"description\":\"Kornelia Rataj. Minimalist Women's Collection, Basic, Swimwear. HANDMADE IN POLAND WITH LOVE.\",\"breadcrumb\":{\"@id\":\"https:\\\/\\\/korneliarataj.com\\\/produkt\\\/the-one-stroj-kapielowy-jednoczesciowy-dla-dziewczynki-coconut-2025\\\/#breadcrumb\"},\"inLanguage\":\"de\",\"potentialAction\":[{\"@type\":\"ReadAction\",\"target\":[\"https:\\\/\\\/korneliarataj.com\\\/produkt\\\/the-one-stroj-kapielowy-jednoczesciowy-dla-dziewczynki-coconut-2025\\\/\"]}]},{\"@type\":\"ImageObject\",\"inLanguage\":\"de\",\"@id\":\"https:\\\/\\\/korneliarataj.com\\\/produkt\\\/the-one-stroj-kapielowy-jednoczesciowy-dla-dziewczynki-coconut-2025\\\/#primaryimage\",\"url\":\"https:\\\/\\\/korneliarataj.com\\\/wp-content\\\/uploads\\\/2025\\\/06\\\/LB-MINI2025-THE-ONE-COCONUT-1-scaled.webp\",\"contentUrl\":\"https:\\\/\\\/korneliarataj.com\\\/wp-content\\\/uploads\\\/2025\\\/06\\\/LB-MINI2025-THE-ONE-COCONUT-1-scaled.webp\",\"width\":1707,\"height\":2560,\"caption\":\"The One dla dziewczynki Coconut\"},{\"@type\":\"BreadcrumbList\",\"@id\":\"https:\\\/\\\/korneliarataj.com\\\/produkt\\\/the-one-stroj-kapielowy-jednoczesciowy-dla-dziewczynki-coconut-2025\\\/#breadcrumb\",\"itemListElement\":[{\"@type\":\"ListItem\",\"position\":1,\"name\":\"HOME\",\"item\":\"https:\\\/\\\/korneliarataj.com\\\/\"},{\"@type\":\"ListItem\",\"position\":2,\"name\":\"Products\",\"item\":\"https:\\\/\\\/korneliarataj.com\\\/en\\\/shop\\\/\"},{\"@type\":\"ListItem\",\"position\":3,\"name\":\"The One &#8211; str\u00f3j k\u0105pielowy jednocz\u0119\u015bciowy dla dziewczynki Coconut\"}]},{\"@type\":\"WebSite\",\"@id\":\"https:\\\/\\\/korneliarataj.com\\\/#website\",\"url\":\"https:\\\/\\\/korneliarataj.com\\\/\",\"name\":\"Stroje K\u0105pielowe i Odzie\u017c Lniana Sklep Kornelia Rataj\",\"description\":\"swimwear stroje k\u0105pielowe ubrania len lniane\",\"publisher\":{\"@id\":\"https:\\\/\\\/korneliarataj.com\\\/#organization\"},\"potentialAction\":[{\"@type\":\"SearchAction\",\"target\":{\"@type\":\"EntryPoint\",\"urlTemplate\":\"https:\\\/\\\/korneliarataj.com\\\/?s={search_term_string}\"},\"query-input\":{\"@type\":\"PropertyValueSpecification\",\"valueRequired\":true,\"valueName\":\"search_term_string\"}}],\"inLanguage\":\"de\"},{\"@type\":\"Organization\",\"@id\":\"https:\\\/\\\/korneliarataj.com\\\/#organization\",\"name\":\"KORNELIARATAJ\",\"url\":\"https:\\\/\\\/korneliarataj.com\\\/\",\"logo\":{\"@type\":\"ImageObject\",\"inLanguage\":\"de\",\"@id\":\"https:\\\/\\\/korneliarataj.com\\\/#\\\/schema\\\/logo\\\/image\\\/\",\"url\":\"https:\\\/\\\/korneliarataj.com\\\/wp-content\\\/uploads\\\/2020\\\/07\\\/LOGO-KR.svg\",\"contentUrl\":\"https:\\\/\\\/korneliarataj.com\\\/wp-content\\\/uploads\\\/2020\\\/07\\\/LOGO-KR.svg\",\"width\":1024,\"height\":1024,\"caption\":\"KORNELIARATAJ\"},\"image\":{\"@id\":\"https:\\\/\\\/korneliarataj.com\\\/#\\\/schema\\\/logo\\\/image\\\/\"},\"sameAs\":[\"http:\\\/\\\/www.facebook.com\\\/korneliaratajshop\",\"http:\\\/\\\/www.instagram.com\\\/korneliarataj\"]}]}<\/script>\n<!-- \/ Yoast SEO plugin. -->","yoast_head_json":{"title":"The One - str\u00f3j k\u0105pielowy jednocz\u0119\u015bciowy dla dziewczynki Coconut - KORNELIARATAJ","description":"Kornelia Rataj. Minimalistische Damenkollektion, Basic, Bademode. HANDGEMACHT IN POLEN MIT LIEBE.","robots":{"index":"index","follow":"follow","max-snippet":"max-snippet:-1","max-image-preview":"max-image-preview:large","max-video-preview":"max-video-preview:-1"},"canonical":"https:\/\/korneliarataj.com\/de\/produkt\/the-one-stroj-kapielowy-jednoczesciowy-dla-dziewczynki-coconut-2025\/","og_locale":"de_DE","og_type":"article","og_title":"The One - str\u00f3j k\u0105pielowy jednocz\u0119\u015bciowy dla dziewczynki Coconut - KORNELIARATAJ","og_description":"Kornelia Rataj. Minimalist Women's Collection, Basic, Swimwear. HANDMADE IN POLAND WITH LOVE.","og_url":"https:\/\/korneliarataj.com\/de\/produkt\/the-one-stroj-kapielowy-jednoczesciowy-dla-dziewczynki-coconut-2025\/","og_site_name":"KORNELIARATAJ","article_publisher":"http:\/\/www.facebook.com\/korneliaratajshop","article_modified_time":"2026-03-19T21:54:56+00:00","og_image":[{"width":1707,"height":2560,"url":"https:\/\/korneliarataj.com\/wp-content\/uploads\/2025\/06\/LB-MINI2025-THE-ONE-COCONUT-1-scaled.webp","type":"image\/webp"}],"twitter_card":"summary_large_image","twitter_misc":{"Gesch\u00e4tzte Lesezeit":"1\u00a0Minute"},"schema":{"@context":"https:\/\/schema.org","@graph":[{"@type":"WebPage","@id":"https:\/\/korneliarataj.com\/produkt\/the-one-stroj-kapielowy-jednoczesciowy-dla-dziewczynki-coconut-2025\/","url":"https:\/\/korneliarataj.com\/produkt\/the-one-stroj-kapielowy-jednoczesciowy-dla-dziewczynki-coconut-2025\/","name":"The One - str\u00f3j k\u0105pielowy jednocz\u0119\u015bciowy dla dziewczynki Coconut - KORNELIARATAJ","isPartOf":{"@id":"https:\/\/korneliarataj.com\/#website"},"primaryImageOfPage":{"@id":"https:\/\/korneliarataj.com\/produkt\/the-one-stroj-kapielowy-jednoczesciowy-dla-dziewczynki-coconut-2025\/#primaryimage"},"image":{"@id":"https:\/\/korneliarataj.com\/produkt\/the-one-stroj-kapielowy-jednoczesciowy-dla-dziewczynki-coconut-2025\/#primaryimage"},"thumbnailUrl":"https:\/\/korneliarataj.com\/wp-content\/uploads\/2025\/06\/LB-MINI2025-THE-ONE-COCONUT-1-scaled.webp","datePublished":"2025-05-21T19:38:48+00:00","dateModified":"2026-03-19T21:54:56+00:00","description":"Kornelia Rataj. Minimalistische Damenkollektion, Basic, Bademode. HANDGEMACHT IN POLEN MIT LIEBE.","breadcrumb":{"@id":"https:\/\/korneliarataj.com\/produkt\/the-one-stroj-kapielowy-jednoczesciowy-dla-dziewczynki-coconut-2025\/#breadcrumb"},"inLanguage":"de","potentialAction":[{"@type":"ReadAction","target":["https:\/\/korneliarataj.com\/produkt\/the-one-stroj-kapielowy-jednoczesciowy-dla-dziewczynki-coconut-2025\/"]}]},{"@type":"ImageObject","inLanguage":"de","@id":"https:\/\/korneliarataj.com\/produkt\/the-one-stroj-kapielowy-jednoczesciowy-dla-dziewczynki-coconut-2025\/#primaryimage","url":"https:\/\/korneliarataj.com\/wp-content\/uploads\/2025\/06\/LB-MINI2025-THE-ONE-COCONUT-1-scaled.webp","contentUrl":"https:\/\/korneliarataj.com\/wp-content\/uploads\/2025\/06\/LB-MINI2025-THE-ONE-COCONUT-1-scaled.webp","width":1707,"height":2560,"caption":"The One dla dziewczynki Coconut"},{"@type":"BreadcrumbList","@id":"https:\/\/korneliarataj.com\/produkt\/the-one-stroj-kapielowy-jednoczesciowy-dla-dziewczynki-coconut-2025\/#breadcrumb","itemListElement":[{"@type":"ListItem","position":1,"name":"HOME","item":"https:\/\/korneliarataj.com\/"},{"@type":"ListItem","position":2,"name":"Products","item":"https:\/\/korneliarataj.com\/en\/shop\/"},{"@type":"ListItem","position":3,"name":"The One &#8211; str\u00f3j k\u0105pielowy jednocz\u0119\u015bciowy dla dziewczynki Coconut"}]},{"@type":"WebSite","@id":"https:\/\/korneliarataj.com\/#website","url":"https:\/\/korneliarataj.com\/","name":"Bademode und Leinenbekleidung Shop Kornelia Rataj","description":"badebekleidung badebekleidung leinen leinenbekleidung","publisher":{"@id":"https:\/\/korneliarataj.com\/#organization"},"potentialAction":[{"@type":"SearchAction","target":{"@type":"EntryPoint","urlTemplate":"https:\/\/korneliarataj.com\/?s={search_term_string}"},"query-input":{"@type":"PropertyValueSpecification","valueRequired":true,"valueName":"search_term_string"}}],"inLanguage":"de"},{"@type":"Organization","@id":"https:\/\/korneliarataj.com\/#organization","name":"KORNELIARATAJ","url":"https:\/\/korneliarataj.com\/","logo":{"@type":"ImageObject","inLanguage":"de","@id":"https:\/\/korneliarataj.com\/#\/schema\/logo\/image\/","url":"https:\/\/korneliarataj.com\/wp-content\/uploads\/2020\/07\/LOGO-KR.svg","contentUrl":"https:\/\/korneliarataj.com\/wp-content\/uploads\/2020\/07\/LOGO-KR.svg","width":1024,"height":1024,"caption":"KORNELIARATAJ"},"image":{"@id":"https:\/\/korneliarataj.com\/#\/schema\/logo\/image\/"},"sameAs":["http:\/\/www.facebook.com\/korneliaratajshop","http:\/\/www.instagram.com\/korneliarataj"]}]}},"_links":{"self":[{"href":"https:\/\/korneliarataj.com\/de\/wp-json\/wp\/v2\/product\/320834","targetHints":{"allow":["GET"]}}],"collection":[{"href":"https:\/\/korneliarataj.com\/de\/wp-json\/wp\/v2\/product"}],"about":[{"href":"https:\/\/korneliarataj.com\/de\/wp-json\/wp\/v2\/types\/product"}],"wp:featuredmedia":[{"embeddable":true,"href":"https:\/\/korneliarataj.com\/de\/wp-json\/wp\/v2\/media\/326372"}],"wp:attachment":[{"href":"https:\/\/korneliarataj.com\/de\/wp-json\/wp\/v2\/media?parent=320834"}],"wp:term":[{"taxonomy":"product_brand","embeddable":true,"href":"https:\/\/korneliarataj.com\/de\/wp-json\/wp\/v2\/product_brand?post=320834"},{"taxonomy":"product_cat","embeddable":true,"href":"https:\/\/korneliarataj.com\/de\/wp-json\/wp\/v2\/product_cat?post=320834"},{"taxonomy":"product_tag","embeddable":true,"href":"https:\/\/korneliarataj.com\/de\/wp-json\/wp\/v2\/product_tag?post=320834"}],"curies":[{"name":"wp","href":"https:\/\/api.w.org\/{rel}","templated":true}]}}