{"id":318702,"date":"2025-04-26T11:25:53","date_gmt":"2025-04-26T09:25:53","guid":{"rendered":"https:\/\/korneliarataj.com\/?post_type=product&#038;p=318702"},"modified":"2025-12-01T00:09:46","modified_gmt":"2025-11-30T23:09:46","slug":"t-shirt-kr-2025","status":"publish","type":"product","link":"https:\/\/korneliarataj.com\/de\/produkt\/t-shirt-kr-2025\/","title":{"rendered":"T-Shirt mit Stickerei \"KORNELIARATAJ\". - Baumwolle, cremefarben"},"content":{"rendered":"","protected":false},"excerpt":{"rendered":"<p style=\"text-align: left;\"><u><strong>T-shirt mit Stickerei \"KORNELIARATAJ\" - Baumwolle, cremefarben<\/strong><\/u><\/p>\n<p style=\"text-align: left;\">Das Oversize-T-Shirt mit Stickerei in Off-White ist die perfekte Basis f\u00fcr das Sommer-Styling. Gen\u00e4ht aus weicher und luftiger Strickware eines polnischen Herstellers, wurde das T-Shirt in einer Familienwerkstatt in Czernica hergestellt. Baumwolle mit einem Zusatz von Lycra macht das Material flexibel und angenehm auf der Haut. Dank der sorgf\u00e4ltigen Verarbeitung und der haltbaren Stickerei wird das T-Shirt viele Saisons lang halten.<br \/>\nW\u00e4hlen Sie die Stickerei, die Ihre Sommerlaune am besten widerspiegelt - es stehen bis zu neun einzigartige Optionen zur Verf\u00fcgung:<\/p>\n<p style=\"text-align: left;\"><a href=\"https:\/\/korneliarataj.com\/de\/produkt\/t-shirt-motb-2025\/\" target=\"_blank\" rel=\"noopener noreferrer\"><strong>GEISTIG AM STRAND<\/strong><\/a><br \/>\n<a href=\"https:\/\/korneliarataj.com\/de\/produkt\/t-shirt-sfos-2025\/\" target=\"_blank\" rel=\"noopener noreferrer\"><strong>SEELE VOLLER SONNENSCHEIN<\/strong><\/a><br \/>\n<a href=\"https:\/\/korneliarataj.com\/de\/produkt\/t-shirt-tcoye-2025\/\" target=\"_blank\" rel=\"noopener noreferrer\"><strong>K\u00dcMMERN SIE SICH UM IHRE ENERGIE<\/strong><\/a><br \/>\n<a href=\"https:\/\/korneliarataj.com\/de\/produkt\/t-shirt-gvtl-2025\/\" target=\"_blank\" rel=\"noopener noreferrer\"><strong>GUTE SCHWINGUNGEN UND BR\u00c4UNUNGSSTREIFEN<\/strong><\/a><br \/>\n<a href=\"https:\/\/korneliarataj.com\/de\/produkt\/t-shirt-hbts-2025\/\" target=\"_blank\" rel=\"noopener noreferrer\"><strong>AM GL\u00dcCKLICHSTEN AM MEER<\/strong><\/a><br \/>\n<a href=\"https:\/\/korneliarataj.com\/de\/produkt\/t-shirt-afato-2025\/\" target=\"_blank\" rel=\"noopener noreferrer\"><strong>FREI WIE DER OZEAN<\/strong><\/a><br \/>\n<a href=\"https:\/\/korneliarataj.com\/de\/produkt\/t-shirt-libiab-2025\/\" target=\"_blank\" rel=\"noopener noreferrer\"><strong>DAS LEBEN IST BESSER IM BIKINI<\/strong><\/a><br \/>\n<a href=\"https:\/\/korneliarataj.com\/de\/produkt\/t-shirt-simfc-2025\/\" target=\"_blank\" rel=\"noopener noreferrer\"><strong>SONNENUNTERGANG IST MEINE LIEBLINGSFARBE<\/strong><\/a><br \/>\n<a href=\"https:\/\/korneliarataj.com\/de\/produkt\/t-shirt-kr-2025\/\" target=\"_blank\" rel=\"noopener noreferrer\"><strong>MARKEN-LOGO<\/strong><\/a><\/p>\n<p style=\"text-align: left;\"><strong>Farbe: cremefarben<\/strong><br \/>\nEin nat\u00fcrlicher, leicht gebrochener Wei\u00dfton, sanft cremig - helles, aber nicht steriles Wei\u00df. Ideal f\u00fcr alle, die Subtilit\u00e4t und nat\u00fcrliche \u00c4sthetik sch\u00e4tzen.<\/p>\n<p style=\"text-align: left;\">Das T-Shirt ist in 3 Gr\u00f6\u00dfen erh\u00e4ltlich.<\/p>\n<p style=\"text-align: left;\"><strong>Abmessungen des Modells:<\/strong><br \/>\nDas Model auf dem Bild tr\u00e4gt die Gr\u00f6\u00dfe XS\/S<br \/>\nBrustumfang: 81<br \/>\nUmfang unter der B\u00fcste: 72<br \/>\nBecher: B\/C<br \/>\nUmfang der Taille: 60<br \/>\nH\u00fcftumfang: 85<br \/>\nH\u00f6he: 171 cm<\/p>\n<p style=\"text-align: left;\"><strong>Styling:<\/strong><br \/>\nTragen Sie es als alleinstehendes Teil eines Sommeroutfits - direkt \u00fcber einem Badeanzug - oder kombinieren Sie es in Alltagsoutfits mit weiten Jeans, einem Leinenrock oder Shorts. Es ist sowohl f\u00fcr den Strand als auch f\u00fcr die Stadt geeignet.<\/p>\n<p style=\"text-align: left;\"><strong>Zusammensetzung:<\/strong><br \/>\n- 95% Baumwolle<br \/>\n- 5% Lycra<br \/>\n- Gewicht: 190 g\/m\u00b2<\/p>\n<p style=\"text-align: left;\"><strong>Rezept zum Waschen:<\/strong><br \/>\n- Waschen bei max. 40\u00b0C mit \u00e4hnlichen Farben und mit Feinwaschmitteln, die f\u00fcr Farben geeignet sind<br \/>\n- nicht chlorieren, nicht bleichen, nicht chemisch reinigen<br \/>\n- nach der Formgebung des Erzeugnisses flach und aufgeh\u00e4ngt trocknen<br \/>\n- nicht im Trockner trocknen<br \/>\n- B\u00fcgeleisen auf der linken Seite bei einer H\u00f6chsttemperatur von 110\u00b0C<\/p>","protected":false},"featured_media":318650,"template":"","meta":[],"product_brand":[],"product_cat":[520],"product_tag":[],"class_list":{"0":"post-318702","1":"product","2":"type-product","3":"status-publish","4":"has-post-thumbnail","6":"product_cat-t-shirt","7":"flv-has-gallery","9":"first","10":"instock","11":"taxable","12":"shipping-taxable","13":"purchasable","14":"product-type-variable","15":"has-default-attributes"},"yoast_head":"<!-- This site is optimized with the Yoast SEO plugin v27.3 - https:\/\/yoast.com\/product\/yoast-seo-wordpress\/ -->\n<title>T-shirt z haftem &quot;KORNELIARATAJ&quot; \u2013 Bawe\u0142niany, off-white - KORNELIARATAJ<\/title>\n<meta name=\"description\" content=\"Kornelia Rataj. Minimalist Women&#039;s Collection, Basic, Swimwear. HANDMADE IN POLAND WITH LOVE.\" \/>\n<meta name=\"robots\" content=\"index, follow, max-snippet:-1, max-image-preview:large, max-video-preview:-1\" \/>\n<link rel=\"canonical\" href=\"https:\/\/korneliarataj.com\/de\/produkt\/t-shirt-kr-2025\/\" \/>\n<meta property=\"og:locale\" content=\"de_DE\" \/>\n<meta property=\"og:type\" content=\"article\" \/>\n<meta property=\"og:title\" content=\"T-shirt z haftem &quot;KORNELIARATAJ&quot; \u2013 Bawe\u0142niany, off-white - KORNELIARATAJ\" \/>\n<meta property=\"og:description\" content=\"Kornelia Rataj. Minimalist Women&#039;s Collection, Basic, Swimwear. HANDMADE IN POLAND WITH LOVE.\" \/>\n<meta property=\"og:url\" content=\"https:\/\/korneliarataj.com\/de\/produkt\/t-shirt-kr-2025\/\" \/>\n<meta property=\"og:site_name\" content=\"KORNELIARATAJ\" \/>\n<meta property=\"article:publisher\" content=\"http:\/\/www.facebook.com\/korneliaratajshop\" \/>\n<meta property=\"article:modified_time\" content=\"2025-11-30T23:09:46+00:00\" \/>\n<meta property=\"og:image\" content=\"https:\/\/korneliarataj.com\/wp-content\/uploads\/2025\/04\/LB-T-SHIRT-KR-1-scaled.webp\" \/>\n\t<meta property=\"og:image:width\" content=\"1707\" \/>\n\t<meta property=\"og:image:height\" content=\"2560\" \/>\n\t<meta property=\"og:image:type\" content=\"image\/webp\" \/>\n<meta name=\"twitter:card\" content=\"summary_large_image\" \/>\n<meta name=\"twitter:label1\" content=\"Gesch\u00e4tzte Lesezeit\" \/>\n\t<meta name=\"twitter:data1\" content=\"1\u00a0Minute\" \/>\n<script type=\"application\/ld+json\" class=\"yoast-schema-graph\">{\"@context\":\"https:\\\/\\\/schema.org\",\"@graph\":[{\"@type\":\"WebPage\",\"@id\":\"https:\\\/\\\/korneliarataj.com\\\/produkt\\\/t-shirt-kr-2025\\\/\",\"url\":\"https:\\\/\\\/korneliarataj.com\\\/produkt\\\/t-shirt-kr-2025\\\/\",\"name\":\"T-shirt z haftem \\\"KORNELIARATAJ\\\" \u2013 Bawe\u0142niany, off-white - KORNELIARATAJ\",\"isPartOf\":{\"@id\":\"https:\\\/\\\/korneliarataj.com\\\/#website\"},\"primaryImageOfPage\":{\"@id\":\"https:\\\/\\\/korneliarataj.com\\\/produkt\\\/t-shirt-kr-2025\\\/#primaryimage\"},\"image\":{\"@id\":\"https:\\\/\\\/korneliarataj.com\\\/produkt\\\/t-shirt-kr-2025\\\/#primaryimage\"},\"thumbnailUrl\":\"https:\\\/\\\/korneliarataj.com\\\/wp-content\\\/uploads\\\/2025\\\/04\\\/LB-T-SHIRT-KR-1-scaled.webp\",\"datePublished\":\"2025-04-26T09:25:53+00:00\",\"dateModified\":\"2025-11-30T23:09:46+00:00\",\"description\":\"Kornelia Rataj. Minimalist Women's Collection, Basic, Swimwear. HANDMADE IN POLAND WITH LOVE.\",\"breadcrumb\":{\"@id\":\"https:\\\/\\\/korneliarataj.com\\\/produkt\\\/t-shirt-kr-2025\\\/#breadcrumb\"},\"inLanguage\":\"de\",\"potentialAction\":[{\"@type\":\"ReadAction\",\"target\":[\"https:\\\/\\\/korneliarataj.com\\\/produkt\\\/t-shirt-kr-2025\\\/\"]}]},{\"@type\":\"ImageObject\",\"inLanguage\":\"de\",\"@id\":\"https:\\\/\\\/korneliarataj.com\\\/produkt\\\/t-shirt-kr-2025\\\/#primaryimage\",\"url\":\"https:\\\/\\\/korneliarataj.com\\\/wp-content\\\/uploads\\\/2025\\\/04\\\/LB-T-SHIRT-KR-1-scaled.webp\",\"contentUrl\":\"https:\\\/\\\/korneliarataj.com\\\/wp-content\\\/uploads\\\/2025\\\/04\\\/LB-T-SHIRT-KR-1-scaled.webp\",\"width\":1707,\"height\":2560,\"caption\":\"T-Shirt z haftem\"},{\"@type\":\"BreadcrumbList\",\"@id\":\"https:\\\/\\\/korneliarataj.com\\\/produkt\\\/t-shirt-kr-2025\\\/#breadcrumb\",\"itemListElement\":[{\"@type\":\"ListItem\",\"position\":1,\"name\":\"HOME\",\"item\":\"https:\\\/\\\/korneliarataj.com\\\/\"},{\"@type\":\"ListItem\",\"position\":2,\"name\":\"Products\",\"item\":\"https:\\\/\\\/korneliarataj.com\\\/en\\\/shop\\\/\"},{\"@type\":\"ListItem\",\"position\":3,\"name\":\"T-shirt z haftem &#8220;KORNELIARATAJ&#8221; \u2013 Bawe\u0142niany, off-white\"}]},{\"@type\":\"WebSite\",\"@id\":\"https:\\\/\\\/korneliarataj.com\\\/#website\",\"url\":\"https:\\\/\\\/korneliarataj.com\\\/\",\"name\":\"Stroje K\u0105pielowe i Odzie\u017c Lniana Sklep Kornelia Rataj\",\"description\":\"swimwear stroje k\u0105pielowe ubrania len lniane\",\"publisher\":{\"@id\":\"https:\\\/\\\/korneliarataj.com\\\/#organization\"},\"potentialAction\":[{\"@type\":\"SearchAction\",\"target\":{\"@type\":\"EntryPoint\",\"urlTemplate\":\"https:\\\/\\\/korneliarataj.com\\\/?s={search_term_string}\"},\"query-input\":{\"@type\":\"PropertyValueSpecification\",\"valueRequired\":true,\"valueName\":\"search_term_string\"}}],\"inLanguage\":\"de\"},{\"@type\":\"Organization\",\"@id\":\"https:\\\/\\\/korneliarataj.com\\\/#organization\",\"name\":\"KORNELIARATAJ\",\"url\":\"https:\\\/\\\/korneliarataj.com\\\/\",\"logo\":{\"@type\":\"ImageObject\",\"inLanguage\":\"de\",\"@id\":\"https:\\\/\\\/korneliarataj.com\\\/#\\\/schema\\\/logo\\\/image\\\/\",\"url\":\"https:\\\/\\\/korneliarataj.com\\\/wp-content\\\/uploads\\\/2020\\\/07\\\/LOGO-KR.svg\",\"contentUrl\":\"https:\\\/\\\/korneliarataj.com\\\/wp-content\\\/uploads\\\/2020\\\/07\\\/LOGO-KR.svg\",\"width\":1024,\"height\":1024,\"caption\":\"KORNELIARATAJ\"},\"image\":{\"@id\":\"https:\\\/\\\/korneliarataj.com\\\/#\\\/schema\\\/logo\\\/image\\\/\"},\"sameAs\":[\"http:\\\/\\\/www.facebook.com\\\/korneliaratajshop\",\"http:\\\/\\\/www.instagram.com\\\/korneliarataj\"]}]}<\/script>\n<!-- \/ Yoast SEO plugin. -->","yoast_head_json":{"title":"T-shirt mit Stickerei \"KORNELIARATAJ\" - Baumwolle, cremefarben - KORNELIARATAJ","description":"Kornelia Rataj. Minimalistische Damenkollektion, Basic, Bademode. HANDGEMACHT IN POLEN MIT LIEBE.","robots":{"index":"index","follow":"follow","max-snippet":"max-snippet:-1","max-image-preview":"max-image-preview:large","max-video-preview":"max-video-preview:-1"},"canonical":"https:\/\/korneliarataj.com\/de\/produkt\/t-shirt-kr-2025\/","og_locale":"de_DE","og_type":"article","og_title":"T-shirt z haftem \"KORNELIARATAJ\" \u2013 Bawe\u0142niany, off-white - KORNELIARATAJ","og_description":"Kornelia Rataj. Minimalist Women's Collection, Basic, Swimwear. HANDMADE IN POLAND WITH LOVE.","og_url":"https:\/\/korneliarataj.com\/de\/produkt\/t-shirt-kr-2025\/","og_site_name":"KORNELIARATAJ","article_publisher":"http:\/\/www.facebook.com\/korneliaratajshop","article_modified_time":"2025-11-30T23:09:46+00:00","og_image":[{"width":1707,"height":2560,"url":"https:\/\/korneliarataj.com\/wp-content\/uploads\/2025\/04\/LB-T-SHIRT-KR-1-scaled.webp","type":"image\/webp"}],"twitter_card":"summary_large_image","twitter_misc":{"Gesch\u00e4tzte Lesezeit":"1\u00a0Minute"},"schema":{"@context":"https:\/\/schema.org","@graph":[{"@type":"WebPage","@id":"https:\/\/korneliarataj.com\/produkt\/t-shirt-kr-2025\/","url":"https:\/\/korneliarataj.com\/produkt\/t-shirt-kr-2025\/","name":"T-shirt mit Stickerei \"KORNELIARATAJ\" - Baumwolle, cremefarben - KORNELIARATAJ","isPartOf":{"@id":"https:\/\/korneliarataj.com\/#website"},"primaryImageOfPage":{"@id":"https:\/\/korneliarataj.com\/produkt\/t-shirt-kr-2025\/#primaryimage"},"image":{"@id":"https:\/\/korneliarataj.com\/produkt\/t-shirt-kr-2025\/#primaryimage"},"thumbnailUrl":"https:\/\/korneliarataj.com\/wp-content\/uploads\/2025\/04\/LB-T-SHIRT-KR-1-scaled.webp","datePublished":"2025-04-26T09:25:53+00:00","dateModified":"2025-11-30T23:09:46+00:00","description":"Kornelia Rataj. Minimalistische Damenkollektion, Basic, Bademode. HANDGEMACHT IN POLEN MIT LIEBE.","breadcrumb":{"@id":"https:\/\/korneliarataj.com\/produkt\/t-shirt-kr-2025\/#breadcrumb"},"inLanguage":"de","potentialAction":[{"@type":"ReadAction","target":["https:\/\/korneliarataj.com\/produkt\/t-shirt-kr-2025\/"]}]},{"@type":"ImageObject","inLanguage":"de","@id":"https:\/\/korneliarataj.com\/produkt\/t-shirt-kr-2025\/#primaryimage","url":"https:\/\/korneliarataj.com\/wp-content\/uploads\/2025\/04\/LB-T-SHIRT-KR-1-scaled.webp","contentUrl":"https:\/\/korneliarataj.com\/wp-content\/uploads\/2025\/04\/LB-T-SHIRT-KR-1-scaled.webp","width":1707,"height":2560,"caption":"T-Shirt z haftem"},{"@type":"BreadcrumbList","@id":"https:\/\/korneliarataj.com\/produkt\/t-shirt-kr-2025\/#breadcrumb","itemListElement":[{"@type":"ListItem","position":1,"name":"HOME","item":"https:\/\/korneliarataj.com\/"},{"@type":"ListItem","position":2,"name":"Products","item":"https:\/\/korneliarataj.com\/en\/shop\/"},{"@type":"ListItem","position":3,"name":"T-shirt z haftem &#8220;KORNELIARATAJ&#8221; \u2013 Bawe\u0142niany, off-white"}]},{"@type":"WebSite","@id":"https:\/\/korneliarataj.com\/#website","url":"https:\/\/korneliarataj.com\/","name":"Bademode und Leinenbekleidung Shop Kornelia Rataj","description":"badebekleidung badebekleidung leinen leinenbekleidung","publisher":{"@id":"https:\/\/korneliarataj.com\/#organization"},"potentialAction":[{"@type":"SearchAction","target":{"@type":"EntryPoint","urlTemplate":"https:\/\/korneliarataj.com\/?s={search_term_string}"},"query-input":{"@type":"PropertyValueSpecification","valueRequired":true,"valueName":"search_term_string"}}],"inLanguage":"de"},{"@type":"Organization","@id":"https:\/\/korneliarataj.com\/#organization","name":"KORNELIARATAJ","url":"https:\/\/korneliarataj.com\/","logo":{"@type":"ImageObject","inLanguage":"de","@id":"https:\/\/korneliarataj.com\/#\/schema\/logo\/image\/","url":"https:\/\/korneliarataj.com\/wp-content\/uploads\/2020\/07\/LOGO-KR.svg","contentUrl":"https:\/\/korneliarataj.com\/wp-content\/uploads\/2020\/07\/LOGO-KR.svg","width":1024,"height":1024,"caption":"KORNELIARATAJ"},"image":{"@id":"https:\/\/korneliarataj.com\/#\/schema\/logo\/image\/"},"sameAs":["http:\/\/www.facebook.com\/korneliaratajshop","http:\/\/www.instagram.com\/korneliarataj"]}]}},"_links":{"self":[{"href":"https:\/\/korneliarataj.com\/de\/wp-json\/wp\/v2\/product\/318702","targetHints":{"allow":["GET"]}}],"collection":[{"href":"https:\/\/korneliarataj.com\/de\/wp-json\/wp\/v2\/product"}],"about":[{"href":"https:\/\/korneliarataj.com\/de\/wp-json\/wp\/v2\/types\/product"}],"wp:featuredmedia":[{"embeddable":true,"href":"https:\/\/korneliarataj.com\/de\/wp-json\/wp\/v2\/media\/318650"}],"wp:attachment":[{"href":"https:\/\/korneliarataj.com\/de\/wp-json\/wp\/v2\/media?parent=318702"}],"wp:term":[{"taxonomy":"product_brand","embeddable":true,"href":"https:\/\/korneliarataj.com\/de\/wp-json\/wp\/v2\/product_brand?post=318702"},{"taxonomy":"product_cat","embeddable":true,"href":"https:\/\/korneliarataj.com\/de\/wp-json\/wp\/v2\/product_cat?post=318702"},{"taxonomy":"product_tag","embeddable":true,"href":"https:\/\/korneliarataj.com\/de\/wp-json\/wp\/v2\/product_tag?post=318702"}],"curies":[{"name":"wp","href":"https:\/\/api.w.org\/{rel}","templated":true}]}}