{"id":318029,"date":"2025-04-24T00:43:32","date_gmt":"2025-04-23T22:43:32","guid":{"rendered":"https:\/\/korneliarataj.com\/?post_type=product&#038;p=318029"},"modified":"2026-04-10T12:22:46","modified_gmt":"2026-04-10T10:22:46","slug":"lniana-sukienka-midi-rozkloszowana-flow-smietankowy-bialy-2025","status":"publish","type":"product","link":"https:\/\/korneliarataj.com\/de\/produkt\/lniana-sukienka-midi-rozkloszowana-flow-smietankowy-bialy-2025\/","title":{"rendered":"Flie\u00dfendes Midikleid aus Leinen - cremewei\u00df"},"content":{"rendered":"","protected":false},"excerpt":{"rendered":"<p style=\"text-align: left;\"><strong>OPTIONEN<\/strong><\/p>\n<p style=\"text-align: left;\"><a href=\"https:\/\/korneliarataj.com\/de\/produkt\/lniana-sukienka-midi-rozkloszowana-flow-pastelowy-zolty-2025\/\" target=\"_blank\" rel=\"noopener noreferrer\"><img decoding=\"async\" src=\"https:\/\/korneliarataj.com\/wp-content\/uploads\/2025\/04\/LB-LINEN-2025-LNIANA-SUKIENKA-MIDI-ROZSZERZANA-FLOW-PASTELOWY-ZOLTY-1-200x300.webp\" width=\"100px\" \/><\/a>\u00a0<a href=\"https:\/\/korneliarataj.com\/de\/produkt\/lniana-sukienka-midi-rozkloszowana-flow-naturalny-len-2025\/\" target=\"_blank\" rel=\"noopener noreferrer\"><img decoding=\"async\" src=\"https:\/\/korneliarataj.com\/wp-content\/uploads\/2025\/04\/LB-LINEN-2025-LNIANA-SUKIENKA-MIDI-ROZSZERZANA-FLOW-NATURALNY-LEN-1-200x300.webp\" width=\"100px\" \/><\/a>\u00a0<a href=\"https:\/\/korneliarataj.com\/de\/produkt\/lniana-sukienka-midi-rozkloszowana-flow-czarny-2025\/\" target=\"_blank\" rel=\"noopener noreferrer\"><img decoding=\"async\" src=\"https:\/\/korneliarataj.com\/wp-content\/uploads\/2025\/04\/LB-LINEN-2025-LNIANA-SUKIENKA-MIDI-ROZSZERZANA-FLOW-CZARNY-1-200x300.webp\" width=\"100px\" \/><\/a><\/p>\n<p style=\"text-align: left;\"><u><strong>Midikleid aus cremefarbenem Leinen - romantisch, zart und voller Leichtigkeit<\/strong><\/u><\/p>\n<p style=\"text-align: left;\">Wenn Sie auf der Suche nach einem Kleid f\u00fcr eine Sommerparty, einen Spaziergang am Pier oder eine stilvolle Hochzeit im Freien sind - dieses Modell wird perfekt sein. Das cremige Wei\u00df bringt Ihre Br\u00e4une wunderbar zur Geltung. Der ausgestellte Schnitt und die mittlere Wadenl\u00e4nge verleihen dem Kleid eine leichte und subtile Anmut.<br \/>\nDer Knopfverschluss am R\u00fccken und das Leinen 100% garantieren Nat\u00fcrlichkeit und Qualit\u00e4t. Die einlagige Konstruktion macht das Kleid luftig und liegt sehr nat\u00fcrlich.<br \/>\nDieses Modell l\u00e4sst sich sowohl mit eleganten Accessoires als auch mit schlichten Accessoires im Boho-Stil kombinieren.<\/p>\n<p style=\"text-align: left;\"><strong>Details, auf die es ankommt<\/strong><br \/>\n- Gen\u00e4ht in Polen, in der Familienwerkstatt in Czernica,<br \/>\n- 100% Weiches Leinen - luftig, nat\u00fcrlich und atmungsaktiv,<br \/>\n- Kokosnussknopf auf der R\u00fcckseite - ein stilvolles Detail und leicht anzuziehen,<br \/>\n- Lockere, bequeme Passform - engt nicht ein und sorgt f\u00fcr Komfort,<br \/>\n- Eingen\u00e4hte Taschen - praktisch und diskret,<br \/>\n- Wei\u00dfes Leinen - zeitlos, vielseitig und perfekt f\u00fcr den Sommer.<br \/>\nDieses Leinenkleid ist die perfekte Basis f\u00fcr ein sommerliches Styling - es eignet sich sowohl f\u00fcr den Alltag als auch f\u00fcr den Strand, Urlaubsspazierg\u00e4nge oder Partys im Freien. Tragen Sie es mit Sneakern, Sandalen oder Espadrilles, f\u00fcgen Sie Ihre Lieblings-Jeansjacke oder einen Blazer hinzu und kreieren Sie Ihren eigenen Leinen-Look.<br \/>\nDas wei\u00dfe Leinenkleid l\u00e4sst sich wunderbar mit dem <strong><a href=\"https:\/\/korneliarataj.com\/de\/gumki-do-wlosow-lniane\/\" target=\"_blank\" rel=\"noopener noreferrer\">Leinenhaargummi<\/a><\/strong> in der gleichen Farbe.<\/p>\n<p style=\"text-align: left;\"><strong>Abmessungen des Modells<\/strong><br \/>\nDas Model auf dem Bild tr\u00e4gt Gr\u00f6\u00dfe XS<br \/>\nBrustumfang: 81<br \/>\nUmfang unter der B\u00fcste: 72<br \/>\nBecher: B\/C<br \/>\nUmfang der Taille: 60<br \/>\nH\u00fcftumfang: 85<br \/>\nH\u00f6he: 171 cm<\/p>\n<p style=\"text-align: left;\"><strong>Nat\u00fcrlichkeit und Qualit\u00e4t in jedem Detail<\/strong><br \/>\nUnsere Produkte werden aus 100% Leinen hergestellt, das wir von lokalen Lieferanten beziehen. Wir entwerfen und n\u00e4hen in unserer eigenen Werkstatt und k\u00fcmmern uns um jedes Detail.<br \/>\nLegen Sie sie in Ihren Warenkorb und kreieren Sie Ihren ganz pers\u00f6nlichen Leinen-Look - bequem, stilvoll und 100% nat\u00fcrlich.<\/p>\n<p style=\"text-align: left;\"><strong>Leinenfarbe cremewei\u00df<\/strong><br \/>\nLeinen in einem Off-White-Ton ist eine weiche Alternative zu reinem Wei\u00df - cremiger, w\u00e4rmer und dezenter. Dieser Farbton unterstreicht die Leichtigkeit des Looks und verleiht ihm Weichheit. Off-white Leinen sieht auf jedem Teint gro\u00dfartig aus, erhellt den Teint und schafft einen eleganten, ungezwungenen Look, der die Br\u00e4une noch mehr betont. Es ist die perfekte Wahl f\u00fcr Liebhaber von Naturt\u00f6nen und Klassikern mit einem Hauch von Frische. Wei\u00dfes Leinen ist eine zeitlose Wahl f\u00fcr Sommertage.<\/p>\n<p style=\"text-align: left;\"><strong>Zusammensetzung und Pflege<\/strong><br \/>\n- 100% Flachs<br \/>\n- Gewicht: 140 g\/m\u00b2<br \/>\n- Handw\u00e4sche oder Schonwaschgang bei 30\u00b0C<br \/>\n- Eisen bei max. 150\u00b0C<\/p>","protected":false},"featured_media":318013,"template":"","meta":[],"product_brand":[500],"product_cat":[639,621,76,619,644,634,618],"product_tag":[],"class_list":{"0":"post-318029","1":"product","2":"type-product","3":"status-publish","4":"has-post-thumbnail","6":"product_brand-korneliarataj","7":"product_cat-kategorie-lniane","8":"product_cat-kolory-lniane","9":"product_cat-linen","10":"product_cat-odziez-elegancka-lniana","11":"product_cat-sale-linen-2025","12":"product_cat-smietankowy-bialy-lniane","13":"product_cat-sukienki-lniane","14":"flv-has-gallery","16":"first","17":"instock","18":"sale","19":"taxable","20":"shipping-taxable","21":"purchasable","22":"product-type-variable","23":"has-default-attributes"},"yoast_head":"<!-- This site is optimized with the Yoast SEO plugin v27.3 - https:\/\/yoast.com\/product\/yoast-seo-wordpress\/ -->\n<title>Lniana sukienka midi rozkloszowana flow \u2013 \u015bmietankowy bia\u0142y - KORNELIARATAJ<\/title>\n<meta name=\"description\" content=\"Lniana, bia\u0142a sukienka midi \u2013 kobieca, lekka i romantyczna. Naturalna tkanina, pi\u0119kny odcie\u0144 bieli. Idealna na lato i wesele w plenerze.\" \/>\n<meta name=\"robots\" content=\"index, follow, max-snippet:-1, max-image-preview:large, max-video-preview:-1\" \/>\n<link rel=\"canonical\" href=\"https:\/\/korneliarataj.com\/de\/produkt\/lniana-sukienka-midi-rozkloszowana-flow-smietankowy-bialy-2025\/\" \/>\n<meta property=\"og:locale\" content=\"de_DE\" \/>\n<meta property=\"og:type\" content=\"article\" \/>\n<meta property=\"og:title\" content=\"Lniana sukienka midi rozkloszowana flow \u2013 \u015bmietankowy bia\u0142y - KORNELIARATAJ\" \/>\n<meta property=\"og:description\" content=\"Lniana, bia\u0142a sukienka midi \u2013 kobieca, lekka i romantyczna. Naturalna tkanina, pi\u0119kny odcie\u0144 bieli. Idealna na lato i wesele w plenerze.\" \/>\n<meta property=\"og:url\" content=\"https:\/\/korneliarataj.com\/de\/produkt\/lniana-sukienka-midi-rozkloszowana-flow-smietankowy-bialy-2025\/\" \/>\n<meta property=\"og:site_name\" content=\"KORNELIARATAJ\" \/>\n<meta property=\"article:publisher\" content=\"http:\/\/www.facebook.com\/korneliaratajshop\" \/>\n<meta property=\"article:modified_time\" content=\"2026-04-10T10:22:46+00:00\" \/>\n<meta property=\"og:image\" content=\"https:\/\/korneliarataj.com\/wp-content\/uploads\/2025\/04\/LB-LINEN-2025-LNIANA-SUKIENKA-MIDI-ROZSZERZANA-FLOW-SMIETANKOWY-BIALY-1-scaled.webp\" \/>\n\t<meta property=\"og:image:width\" content=\"1365\" \/>\n\t<meta property=\"og:image:height\" content=\"2048\" \/>\n\t<meta property=\"og:image:type\" content=\"image\/webp\" \/>\n<meta name=\"twitter:card\" content=\"summary_large_image\" \/>\n<meta name=\"twitter:label1\" content=\"Gesch\u00e4tzte Lesezeit\" \/>\n\t<meta name=\"twitter:data1\" content=\"1\u00a0Minute\" \/>\n<script type=\"application\/ld+json\" class=\"yoast-schema-graph\">{\"@context\":\"https:\\\/\\\/schema.org\",\"@graph\":[{\"@type\":\"WebPage\",\"@id\":\"https:\\\/\\\/korneliarataj.com\\\/produkt\\\/lniana-sukienka-midi-rozkloszowana-flow-smietankowy-bialy-2025\\\/\",\"url\":\"https:\\\/\\\/korneliarataj.com\\\/produkt\\\/lniana-sukienka-midi-rozkloszowana-flow-smietankowy-bialy-2025\\\/\",\"name\":\"Lniana sukienka midi rozkloszowana flow \u2013 \u015bmietankowy bia\u0142y - KORNELIARATAJ\",\"isPartOf\":{\"@id\":\"https:\\\/\\\/korneliarataj.com\\\/#website\"},\"primaryImageOfPage\":{\"@id\":\"https:\\\/\\\/korneliarataj.com\\\/produkt\\\/lniana-sukienka-midi-rozkloszowana-flow-smietankowy-bialy-2025\\\/#primaryimage\"},\"image\":{\"@id\":\"https:\\\/\\\/korneliarataj.com\\\/produkt\\\/lniana-sukienka-midi-rozkloszowana-flow-smietankowy-bialy-2025\\\/#primaryimage\"},\"thumbnailUrl\":\"https:\\\/\\\/korneliarataj.com\\\/wp-content\\\/uploads\\\/2025\\\/04\\\/LB-LINEN-2025-LNIANA-SUKIENKA-MIDI-ROZSZERZANA-FLOW-SMIETANKOWY-BIALY-1-scaled.webp\",\"datePublished\":\"2025-04-23T22:43:32+00:00\",\"dateModified\":\"2026-04-10T10:22:46+00:00\",\"description\":\"Lniana, bia\u0142a sukienka midi \u2013 kobieca, lekka i romantyczna. Naturalna tkanina, pi\u0119kny odcie\u0144 bieli. Idealna na lato i wesele w plenerze.\",\"breadcrumb\":{\"@id\":\"https:\\\/\\\/korneliarataj.com\\\/produkt\\\/lniana-sukienka-midi-rozkloszowana-flow-smietankowy-bialy-2025\\\/#breadcrumb\"},\"inLanguage\":\"de\",\"potentialAction\":[{\"@type\":\"ReadAction\",\"target\":[\"https:\\\/\\\/korneliarataj.com\\\/produkt\\\/lniana-sukienka-midi-rozkloszowana-flow-smietankowy-bialy-2025\\\/\"]}]},{\"@type\":\"ImageObject\",\"inLanguage\":\"de\",\"@id\":\"https:\\\/\\\/korneliarataj.com\\\/produkt\\\/lniana-sukienka-midi-rozkloszowana-flow-smietankowy-bialy-2025\\\/#primaryimage\",\"url\":\"https:\\\/\\\/korneliarataj.com\\\/wp-content\\\/uploads\\\/2025\\\/04\\\/LB-LINEN-2025-LNIANA-SUKIENKA-MIDI-ROZSZERZANA-FLOW-SMIETANKOWY-BIALY-1-scaled.webp\",\"contentUrl\":\"https:\\\/\\\/korneliarataj.com\\\/wp-content\\\/uploads\\\/2025\\\/04\\\/LB-LINEN-2025-LNIANA-SUKIENKA-MIDI-ROZSZERZANA-FLOW-SMIETANKOWY-BIALY-1-scaled.webp\",\"width\":1365,\"height\":2048,\"caption\":\"Lniana sukienka midi rozkloszowana flow \u2013 smietankowy bialy\"},{\"@type\":\"BreadcrumbList\",\"@id\":\"https:\\\/\\\/korneliarataj.com\\\/produkt\\\/lniana-sukienka-midi-rozkloszowana-flow-smietankowy-bialy-2025\\\/#breadcrumb\",\"itemListElement\":[{\"@type\":\"ListItem\",\"position\":1,\"name\":\"HOME\",\"item\":\"https:\\\/\\\/korneliarataj.com\\\/\"},{\"@type\":\"ListItem\",\"position\":2,\"name\":\"Products\",\"item\":\"https:\\\/\\\/korneliarataj.com\\\/en\\\/shop\\\/\"},{\"@type\":\"ListItem\",\"position\":3,\"name\":\"Lniana sukienka midi rozkloszowana flow \u2013 \u015bmietankowy bia\u0142y\"}]},{\"@type\":\"WebSite\",\"@id\":\"https:\\\/\\\/korneliarataj.com\\\/#website\",\"url\":\"https:\\\/\\\/korneliarataj.com\\\/\",\"name\":\"Stroje K\u0105pielowe i Odzie\u017c Lniana Sklep Kornelia Rataj\",\"description\":\"swimwear stroje k\u0105pielowe ubrania len lniane\",\"publisher\":{\"@id\":\"https:\\\/\\\/korneliarataj.com\\\/#organization\"},\"potentialAction\":[{\"@type\":\"SearchAction\",\"target\":{\"@type\":\"EntryPoint\",\"urlTemplate\":\"https:\\\/\\\/korneliarataj.com\\\/?s={search_term_string}\"},\"query-input\":{\"@type\":\"PropertyValueSpecification\",\"valueRequired\":true,\"valueName\":\"search_term_string\"}}],\"inLanguage\":\"de\"},{\"@type\":\"Organization\",\"@id\":\"https:\\\/\\\/korneliarataj.com\\\/#organization\",\"name\":\"KORNELIARATAJ\",\"url\":\"https:\\\/\\\/korneliarataj.com\\\/\",\"logo\":{\"@type\":\"ImageObject\",\"inLanguage\":\"de\",\"@id\":\"https:\\\/\\\/korneliarataj.com\\\/#\\\/schema\\\/logo\\\/image\\\/\",\"url\":\"https:\\\/\\\/korneliarataj.com\\\/wp-content\\\/uploads\\\/2020\\\/07\\\/LOGO-KR.svg\",\"contentUrl\":\"https:\\\/\\\/korneliarataj.com\\\/wp-content\\\/uploads\\\/2020\\\/07\\\/LOGO-KR.svg\",\"width\":1024,\"height\":1024,\"caption\":\"KORNELIARATAJ\"},\"image\":{\"@id\":\"https:\\\/\\\/korneliarataj.com\\\/#\\\/schema\\\/logo\\\/image\\\/\"},\"sameAs\":[\"http:\\\/\\\/www.facebook.com\\\/korneliaratajshop\",\"http:\\\/\\\/www.instagram.com\\\/korneliarataj\"]}]}<\/script>\n<!-- \/ Yoast SEO plugin. -->","yoast_head_json":{"title":"Flie\u00dfendes Midikleid aus Leinen - cremewei\u00df - KORNELIARATAJ","description":"Wei\u00dfes Midikleid aus Leinen - feminin, leicht und romantisch. Nat\u00fcrlicher Stoff, sch\u00f6ner wei\u00dfer Farbton. Perfekt f\u00fcr den Sommer und Hochzeiten im Freien.","robots":{"index":"index","follow":"follow","max-snippet":"max-snippet:-1","max-image-preview":"max-image-preview:large","max-video-preview":"max-video-preview:-1"},"canonical":"https:\/\/korneliarataj.com\/de\/produkt\/lniana-sukienka-midi-rozkloszowana-flow-smietankowy-bialy-2025\/","og_locale":"de_DE","og_type":"article","og_title":"Lniana sukienka midi rozkloszowana flow \u2013 \u015bmietankowy bia\u0142y - KORNELIARATAJ","og_description":"Lniana, bia\u0142a sukienka midi \u2013 kobieca, lekka i romantyczna. Naturalna tkanina, pi\u0119kny odcie\u0144 bieli. Idealna na lato i wesele w plenerze.","og_url":"https:\/\/korneliarataj.com\/de\/produkt\/lniana-sukienka-midi-rozkloszowana-flow-smietankowy-bialy-2025\/","og_site_name":"KORNELIARATAJ","article_publisher":"http:\/\/www.facebook.com\/korneliaratajshop","article_modified_time":"2026-04-10T10:22:46+00:00","og_image":[{"width":1365,"height":2048,"url":"https:\/\/korneliarataj.com\/wp-content\/uploads\/2025\/04\/LB-LINEN-2025-LNIANA-SUKIENKA-MIDI-ROZSZERZANA-FLOW-SMIETANKOWY-BIALY-1-scaled.webp","type":"image\/webp"}],"twitter_card":"summary_large_image","twitter_misc":{"Gesch\u00e4tzte Lesezeit":"1\u00a0Minute"},"schema":{"@context":"https:\/\/schema.org","@graph":[{"@type":"WebPage","@id":"https:\/\/korneliarataj.com\/produkt\/lniana-sukienka-midi-rozkloszowana-flow-smietankowy-bialy-2025\/","url":"https:\/\/korneliarataj.com\/produkt\/lniana-sukienka-midi-rozkloszowana-flow-smietankowy-bialy-2025\/","name":"Flie\u00dfendes Midikleid aus Leinen - cremewei\u00df - KORNELIARATAJ","isPartOf":{"@id":"https:\/\/korneliarataj.com\/#website"},"primaryImageOfPage":{"@id":"https:\/\/korneliarataj.com\/produkt\/lniana-sukienka-midi-rozkloszowana-flow-smietankowy-bialy-2025\/#primaryimage"},"image":{"@id":"https:\/\/korneliarataj.com\/produkt\/lniana-sukienka-midi-rozkloszowana-flow-smietankowy-bialy-2025\/#primaryimage"},"thumbnailUrl":"https:\/\/korneliarataj.com\/wp-content\/uploads\/2025\/04\/LB-LINEN-2025-LNIANA-SUKIENKA-MIDI-ROZSZERZANA-FLOW-SMIETANKOWY-BIALY-1-scaled.webp","datePublished":"2025-04-23T22:43:32+00:00","dateModified":"2026-04-10T10:22:46+00:00","description":"Wei\u00dfes Midikleid aus Leinen - feminin, leicht und romantisch. Nat\u00fcrlicher Stoff, sch\u00f6ner wei\u00dfer Farbton. Perfekt f\u00fcr den Sommer und Hochzeiten im Freien.","breadcrumb":{"@id":"https:\/\/korneliarataj.com\/produkt\/lniana-sukienka-midi-rozkloszowana-flow-smietankowy-bialy-2025\/#breadcrumb"},"inLanguage":"de","potentialAction":[{"@type":"ReadAction","target":["https:\/\/korneliarataj.com\/produkt\/lniana-sukienka-midi-rozkloszowana-flow-smietankowy-bialy-2025\/"]}]},{"@type":"ImageObject","inLanguage":"de","@id":"https:\/\/korneliarataj.com\/produkt\/lniana-sukienka-midi-rozkloszowana-flow-smietankowy-bialy-2025\/#primaryimage","url":"https:\/\/korneliarataj.com\/wp-content\/uploads\/2025\/04\/LB-LINEN-2025-LNIANA-SUKIENKA-MIDI-ROZSZERZANA-FLOW-SMIETANKOWY-BIALY-1-scaled.webp","contentUrl":"https:\/\/korneliarataj.com\/wp-content\/uploads\/2025\/04\/LB-LINEN-2025-LNIANA-SUKIENKA-MIDI-ROZSZERZANA-FLOW-SMIETANKOWY-BIALY-1-scaled.webp","width":1365,"height":2048,"caption":"Lniana sukienka midi rozkloszowana flow \u2013 smietankowy bialy"},{"@type":"BreadcrumbList","@id":"https:\/\/korneliarataj.com\/produkt\/lniana-sukienka-midi-rozkloszowana-flow-smietankowy-bialy-2025\/#breadcrumb","itemListElement":[{"@type":"ListItem","position":1,"name":"HOME","item":"https:\/\/korneliarataj.com\/"},{"@type":"ListItem","position":2,"name":"Products","item":"https:\/\/korneliarataj.com\/en\/shop\/"},{"@type":"ListItem","position":3,"name":"Lniana sukienka midi rozkloszowana flow \u2013 \u015bmietankowy bia\u0142y"}]},{"@type":"WebSite","@id":"https:\/\/korneliarataj.com\/#website","url":"https:\/\/korneliarataj.com\/","name":"Bademode und Leinenbekleidung Shop Kornelia Rataj","description":"badebekleidung badebekleidung leinen leinenbekleidung","publisher":{"@id":"https:\/\/korneliarataj.com\/#organization"},"potentialAction":[{"@type":"SearchAction","target":{"@type":"EntryPoint","urlTemplate":"https:\/\/korneliarataj.com\/?s={search_term_string}"},"query-input":{"@type":"PropertyValueSpecification","valueRequired":true,"valueName":"search_term_string"}}],"inLanguage":"de"},{"@type":"Organization","@id":"https:\/\/korneliarataj.com\/#organization","name":"KORNELIARATAJ","url":"https:\/\/korneliarataj.com\/","logo":{"@type":"ImageObject","inLanguage":"de","@id":"https:\/\/korneliarataj.com\/#\/schema\/logo\/image\/","url":"https:\/\/korneliarataj.com\/wp-content\/uploads\/2020\/07\/LOGO-KR.svg","contentUrl":"https:\/\/korneliarataj.com\/wp-content\/uploads\/2020\/07\/LOGO-KR.svg","width":1024,"height":1024,"caption":"KORNELIARATAJ"},"image":{"@id":"https:\/\/korneliarataj.com\/#\/schema\/logo\/image\/"},"sameAs":["http:\/\/www.facebook.com\/korneliaratajshop","http:\/\/www.instagram.com\/korneliarataj"]}]}},"_links":{"self":[{"href":"https:\/\/korneliarataj.com\/de\/wp-json\/wp\/v2\/product\/318029","targetHints":{"allow":["GET"]}}],"collection":[{"href":"https:\/\/korneliarataj.com\/de\/wp-json\/wp\/v2\/product"}],"about":[{"href":"https:\/\/korneliarataj.com\/de\/wp-json\/wp\/v2\/types\/product"}],"wp:featuredmedia":[{"embeddable":true,"href":"https:\/\/korneliarataj.com\/de\/wp-json\/wp\/v2\/media\/318013"}],"wp:attachment":[{"href":"https:\/\/korneliarataj.com\/de\/wp-json\/wp\/v2\/media?parent=318029"}],"wp:term":[{"taxonomy":"product_brand","embeddable":true,"href":"https:\/\/korneliarataj.com\/de\/wp-json\/wp\/v2\/product_brand?post=318029"},{"taxonomy":"product_cat","embeddable":true,"href":"https:\/\/korneliarataj.com\/de\/wp-json\/wp\/v2\/product_cat?post=318029"},{"taxonomy":"product_tag","embeddable":true,"href":"https:\/\/korneliarataj.com\/de\/wp-json\/wp\/v2\/product_tag?post=318029"}],"curies":[{"name":"wp","href":"https:\/\/api.w.org\/{rel}","templated":true}]}}