{"id":317993,"date":"2025-04-24T00:17:22","date_gmt":"2025-04-23T22:17:22","guid":{"rendered":"https:\/\/korneliarataj.com\/?post_type=product&#038;p=317993"},"modified":"2026-03-22T23:24:37","modified_gmt":"2026-03-22T22:24:37","slug":"lniana-sukienka-rozszerzana-simple-czarny-2025","status":"publish","type":"product","link":"https:\/\/korneliarataj.com\/de\/produkt\/lniana-sukienka-rozszerzana-simple-czarny-2025\/","title":{"rendered":"Ausgestelltes Leinenkleid einfach - schwarz"},"content":{"rendered":"","protected":false},"excerpt":{"rendered":"<p style=\"text-align: left;\"><strong>OPTIONEN<\/strong><\/p>\n<p style=\"text-align: left;\"><a href=\"https:\/\/korneliarataj.com\/de\/produkt\/lniana-sukienka-rozszerzana-simple-pastelowy-zolty-2025\/\" target=\"_blank\" rel=\"noopener noreferrer\"><img decoding=\"async\" src=\"https:\/\/korneliarataj.com\/wp-content\/uploads\/2025\/04\/LB-LINEN-2025-LNIANA-SUKIENKA-ROZSZERZANA-SIMPLE-PASTELOWY-ZOLTY-1-200x300.webp\" width=\"100px\" \/><\/a>\u00a0<a href=\"https:\/\/korneliarataj.com\/de\/produkt\/lniana-sukienka-rozszerzana-simple-naturalny-len-2025\/\" target=\"_blank\" rel=\"noopener noreferrer\"><img decoding=\"async\" src=\"https:\/\/korneliarataj.com\/wp-content\/uploads\/2025\/04\/LB-LINEN-2025-LNIANA-SUKIENKA-ROZSZERZANA-SIMPLE-NATURALNY-LEN-1-200x300.webp\" width=\"100px\" \/><\/a>\u00a0<a href=\"https:\/\/korneliarataj.com\/de\/produkt\/lniana-sukienka-rozszerzana-simple-smietankowy-bialy-2025\/\" target=\"_blank\" rel=\"noopener noreferrer\"><img decoding=\"async\" src=\"https:\/\/korneliarataj.com\/wp-content\/uploads\/2025\/04\/LB-LINEN-2025-LNIANA-SUKIENKA-ROZSZERZANA-SIMPLE-SMIETANKOWY-BIALY-1-200x300.webp\" width=\"100px\" \/><\/a><\/p>\n<p style=\"text-align: left;\"><u><strong>Czarna lniana na grubych rami\u0105czkach \u2013 ponadczasowa elegancja w letnim wydaniu<\/strong><\/u><\/p>\n<p style=\"text-align: left;\">Prosta sukienka z lnu w klasycznym czarnym kolorze to must-have ka\u017cdej kobiecej garderoby. Bez r\u0119kaw\u00f3w, z wygodnymi kieszeniami i guziczkiem na plecach \u2013 ma lu\u017any fason, kt\u00f3ry zapewnia swobod\u0119 i szyk jednocze\u015bnie.<br \/>\nUszyta w Polsce z 100% lnu od lokalnego producenta, sukienka jest lekka, oddychaj\u0105ca i zmi\u0119kczona \u2013 idealna na upalne dni. Jednowarstwowa forma chroni przed przegrzaniem i nie prze\u015bwituje, a czarny kolor sprawia, \u017ce \u0142atwo zestawi\u0107 j\u0105 z innymi elementami garderoby.<br \/>\nStylizuj j\u0105 ze sneakersami, mokasynami lub sanda\u0142ami \u2013 pasuje na spacer, do pracy i na wieczorne wyj\u015bcie.<\/p>\n<p style=\"text-align: left;\"><strong>Details, auf die es ankommt<\/strong><br \/>\n- Gen\u00e4ht in Polen, in der Familienwerkstatt in Czernica,<br \/>\n- 100% Weiches Leinen - luftig, nat\u00fcrlich und atmungsaktiv,<br \/>\n&#8211; Zapinana na guziczek z kokosa z ty\u0142u \u2013 stylowy detal i \u0142atwe zak\u0142adanie,<br \/>\n- Lockere, bequeme Passform - engt nicht ein und sorgt f\u00fcr Komfort,<br \/>\n- Eingen\u00e4hte Taschen - praktisch und diskret,<br \/>\n- Die nat\u00fcrliche Farbe von Leinen - zeitlos, rau und vielseitig.<br \/>\nDieses Leinenkleid ist die perfekte Basis f\u00fcr ein sommerliches Styling - es eignet sich sowohl f\u00fcr den Alltag als auch f\u00fcr besondere Anl\u00e4sse, Urlaubsspazierg\u00e4nge oder Partys im Freien. Tragen Sie es mit Sneakern, Sandalen oder Espadrilles, f\u00fcgen Sie Ihre Lieblings-Jeansjacke oder einen Blazer hinzu und kreieren Sie Ihren eigenen Leinen-Look.<br \/>\nCzarna lniana sukienka pi\u0119knie \u0142\u0105czy si\u0119 z <strong><a href=\"https:\/\/korneliarataj.com\/de\/gumki-do-wlosow-lniane\/\" target=\"_blank\" rel=\"noopener noreferrer\">Leinenhaargummi<\/a><\/strong> in der gleichen Farbe.<br \/>\nErh\u00e4ltlich in 4 zeitlosen Farben und 5 Gr\u00f6\u00dfen - leicht anpassbar an Ihre Silhouette und Garderobe.<\/p>\n<p style=\"text-align: left;\"><strong>Abmessungen des Modells<\/strong><br \/>\nDas Model auf dem Foto tr\u00e4gt Gr\u00f6\u00dfe S<br \/>\nBrustumfang: 89 cm<br \/>\nUmfang unter der B\u00fcste: 75 cm<br \/>\nBecher: 75D\/70E<br \/>\nUmfang der Taille: 68 cm<br \/>\nH\u00fcftumfang: 103 cm<br \/>\nH\u00f6he: 173 cm<\/p>\n<p style=\"text-align: left;\"><strong>Nat\u00fcrlichkeit und Qualit\u00e4t in jedem Detail<\/strong><br \/>\nUnsere Produkte werden aus 100% Leinen hergestellt, das wir von lokalen Lieferanten beziehen. Wir entwerfen und n\u00e4hen in unserer eigenen Werkstatt und k\u00fcmmern uns um jedes Detail.<br \/>\nLegen Sie sie in Ihren Warenkorb und kreieren Sie Ihren ganz pers\u00f6nlichen Leinen-Look - bequem, stilvoll und 100% nat\u00fcrlich.<\/p>\n<p style=\"text-align: left;\"><strong>Schwarzer Leinenschirm<\/strong><br \/>\nDer tiefe, klassische Farbton Schwarz steht f\u00fcr zeitlose Eleganz und Minimalismus in seiner reinsten Form. Er kontrastiert perfekt mit jedem Teint - von sehr hell bis dunkel - und verleiht einem Look Definition und einen modernen Touch. Schwarzes Leinen ist eine vielseitige Wahl, die sowohl zu st\u00e4dtischen als auch zu abendlichen Looks passt, den individuellen Stil unterstreicht und einen Hauch von Raffinesse verleiht.<\/p>\n<p style=\"text-align: left;\"><strong>Zusammensetzung und Pflege<\/strong><br \/>\n- 100% Flachs<br \/>\n- Gewicht: 140 g\/m\u00b2<br \/>\n- Handw\u00e4sche oder Schonwaschgang bei 30\u00b0C<br \/>\n- Eisen bei max. 150\u00b0C<\/p>","protected":false},"featured_media":317953,"template":"","meta":[],"product_brand":[500],"product_cat":[198],"product_tag":[],"class_list":{"0":"post-317993","1":"product","2":"type-product","3":"status-publish","4":"has-post-thumbnail","6":"product_brand-korneliarataj","7":"product_cat-archiwum","8":"flv-has-gallery","10":"first","11":"outofstock","12":"taxable","13":"shipping-taxable","14":"product-type-variable"},"yoast_head":"<!-- This site is optimized with the Yoast SEO plugin v27.3 - https:\/\/yoast.com\/product\/yoast-seo-wordpress\/ -->\n<title>Lniana sukienka rozszerzana simple \u2013 czarny - KORNELIARATAJ<\/title>\n<meta name=\"description\" content=\"Czarna lniana sukienka bez r\u0119kaw\u00f3w \u2013 stylowa, przewiewna i szyta w Polsce. Z kieszeniami i naturalnym guzikiem z kokosa. Idealna na lato.\" \/>\n<meta name=\"robots\" content=\"index, follow, max-snippet:-1, max-image-preview:large, max-video-preview:-1\" \/>\n<link rel=\"canonical\" href=\"https:\/\/korneliarataj.com\/de\/produkt\/lniana-sukienka-rozszerzana-simple-czarny-2025\/\" \/>\n<meta property=\"og:locale\" content=\"de_DE\" \/>\n<meta property=\"og:type\" content=\"article\" \/>\n<meta property=\"og:title\" content=\"Lniana sukienka rozszerzana simple \u2013 czarny - KORNELIARATAJ\" \/>\n<meta property=\"og:description\" content=\"Czarna lniana sukienka bez r\u0119kaw\u00f3w \u2013 stylowa, przewiewna i szyta w Polsce. Z kieszeniami i naturalnym guzikiem z kokosa. Idealna na lato.\" \/>\n<meta property=\"og:url\" content=\"https:\/\/korneliarataj.com\/de\/produkt\/lniana-sukienka-rozszerzana-simple-czarny-2025\/\" \/>\n<meta property=\"og:site_name\" content=\"KORNELIARATAJ\" \/>\n<meta property=\"article:publisher\" content=\"http:\/\/www.facebook.com\/korneliaratajshop\" \/>\n<meta property=\"article:modified_time\" content=\"2026-03-22T22:24:37+00:00\" \/>\n<meta property=\"og:image\" content=\"https:\/\/korneliarataj.com\/wp-content\/uploads\/2025\/04\/LB-LINEN-2025-LNIANA-SUKIENKA-ROZSZERZANA-SIMPLE-CZARNY-1-scaled.webp\" \/>\n\t<meta property=\"og:image:width\" content=\"1365\" \/>\n\t<meta property=\"og:image:height\" content=\"2048\" \/>\n\t<meta property=\"og:image:type\" content=\"image\/webp\" \/>\n<meta name=\"twitter:card\" content=\"summary_large_image\" \/>\n<meta name=\"twitter:label1\" content=\"Gesch\u00e4tzte Lesezeit\" \/>\n\t<meta name=\"twitter:data1\" content=\"1\u00a0Minute\" \/>\n<script type=\"application\/ld+json\" class=\"yoast-schema-graph\">{\"@context\":\"https:\\\/\\\/schema.org\",\"@graph\":[{\"@type\":\"WebPage\",\"@id\":\"https:\\\/\\\/korneliarataj.com\\\/produkt\\\/lniana-sukienka-rozszerzana-simple-czarny-2025\\\/\",\"url\":\"https:\\\/\\\/korneliarataj.com\\\/produkt\\\/lniana-sukienka-rozszerzana-simple-czarny-2025\\\/\",\"name\":\"Lniana sukienka rozszerzana simple \u2013 czarny - KORNELIARATAJ\",\"isPartOf\":{\"@id\":\"https:\\\/\\\/korneliarataj.com\\\/#website\"},\"primaryImageOfPage\":{\"@id\":\"https:\\\/\\\/korneliarataj.com\\\/produkt\\\/lniana-sukienka-rozszerzana-simple-czarny-2025\\\/#primaryimage\"},\"image\":{\"@id\":\"https:\\\/\\\/korneliarataj.com\\\/produkt\\\/lniana-sukienka-rozszerzana-simple-czarny-2025\\\/#primaryimage\"},\"thumbnailUrl\":\"https:\\\/\\\/korneliarataj.com\\\/wp-content\\\/uploads\\\/2025\\\/04\\\/LB-LINEN-2025-LNIANA-SUKIENKA-ROZSZERZANA-SIMPLE-CZARNY-1-scaled.webp\",\"datePublished\":\"2025-04-23T22:17:22+00:00\",\"dateModified\":\"2026-03-22T22:24:37+00:00\",\"description\":\"Czarna lniana sukienka bez r\u0119kaw\u00f3w \u2013 stylowa, przewiewna i szyta w Polsce. Z kieszeniami i naturalnym guzikiem z kokosa. Idealna na lato.\",\"breadcrumb\":{\"@id\":\"https:\\\/\\\/korneliarataj.com\\\/produkt\\\/lniana-sukienka-rozszerzana-simple-czarny-2025\\\/#breadcrumb\"},\"inLanguage\":\"de\",\"potentialAction\":[{\"@type\":\"ReadAction\",\"target\":[\"https:\\\/\\\/korneliarataj.com\\\/produkt\\\/lniana-sukienka-rozszerzana-simple-czarny-2025\\\/\"]}]},{\"@type\":\"ImageObject\",\"inLanguage\":\"de\",\"@id\":\"https:\\\/\\\/korneliarataj.com\\\/produkt\\\/lniana-sukienka-rozszerzana-simple-czarny-2025\\\/#primaryimage\",\"url\":\"https:\\\/\\\/korneliarataj.com\\\/wp-content\\\/uploads\\\/2025\\\/04\\\/LB-LINEN-2025-LNIANA-SUKIENKA-ROZSZERZANA-SIMPLE-CZARNY-1-scaled.webp\",\"contentUrl\":\"https:\\\/\\\/korneliarataj.com\\\/wp-content\\\/uploads\\\/2025\\\/04\\\/LB-LINEN-2025-LNIANA-SUKIENKA-ROZSZERZANA-SIMPLE-CZARNY-1-scaled.webp\",\"width\":1365,\"height\":2048,\"caption\":\"Lniana sukienka rozszerzana simple \u2013 czarny\"},{\"@type\":\"BreadcrumbList\",\"@id\":\"https:\\\/\\\/korneliarataj.com\\\/produkt\\\/lniana-sukienka-rozszerzana-simple-czarny-2025\\\/#breadcrumb\",\"itemListElement\":[{\"@type\":\"ListItem\",\"position\":1,\"name\":\"HOME\",\"item\":\"https:\\\/\\\/korneliarataj.com\\\/\"},{\"@type\":\"ListItem\",\"position\":2,\"name\":\"Products\",\"item\":\"https:\\\/\\\/korneliarataj.com\\\/en\\\/shop\\\/\"},{\"@type\":\"ListItem\",\"position\":3,\"name\":\"Lniana sukienka rozszerzana simple \u2013 czarny\"}]},{\"@type\":\"WebSite\",\"@id\":\"https:\\\/\\\/korneliarataj.com\\\/#website\",\"url\":\"https:\\\/\\\/korneliarataj.com\\\/\",\"name\":\"Stroje K\u0105pielowe i Odzie\u017c Lniana Sklep Kornelia Rataj\",\"description\":\"swimwear stroje k\u0105pielowe ubrania len lniane\",\"publisher\":{\"@id\":\"https:\\\/\\\/korneliarataj.com\\\/#organization\"},\"potentialAction\":[{\"@type\":\"SearchAction\",\"target\":{\"@type\":\"EntryPoint\",\"urlTemplate\":\"https:\\\/\\\/korneliarataj.com\\\/?s={search_term_string}\"},\"query-input\":{\"@type\":\"PropertyValueSpecification\",\"valueRequired\":true,\"valueName\":\"search_term_string\"}}],\"inLanguage\":\"de\"},{\"@type\":\"Organization\",\"@id\":\"https:\\\/\\\/korneliarataj.com\\\/#organization\",\"name\":\"KORNELIARATAJ\",\"url\":\"https:\\\/\\\/korneliarataj.com\\\/\",\"logo\":{\"@type\":\"ImageObject\",\"inLanguage\":\"de\",\"@id\":\"https:\\\/\\\/korneliarataj.com\\\/#\\\/schema\\\/logo\\\/image\\\/\",\"url\":\"https:\\\/\\\/korneliarataj.com\\\/wp-content\\\/uploads\\\/2020\\\/07\\\/LOGO-KR.svg\",\"contentUrl\":\"https:\\\/\\\/korneliarataj.com\\\/wp-content\\\/uploads\\\/2020\\\/07\\\/LOGO-KR.svg\",\"width\":1024,\"height\":1024,\"caption\":\"KORNELIARATAJ\"},\"image\":{\"@id\":\"https:\\\/\\\/korneliarataj.com\\\/#\\\/schema\\\/logo\\\/image\\\/\"},\"sameAs\":[\"http:\\\/\\\/www.facebook.com\\\/korneliaratajshop\",\"http:\\\/\\\/www.instagram.com\\\/korneliarataj\"]}]}<\/script>\n<!-- \/ Yoast SEO plugin. -->","yoast_head_json":{"title":"Lniana sukienka rozszerzana simple \u2013 czarny - KORNELIARATAJ","description":"Czarna lniana sukienka bez r\u0119kaw\u00f3w \u2013 stylowa, przewiewna i szyta w Polsce. Z kieszeniami i naturalnym guzikiem z kokosa. Idealna na lato.","robots":{"index":"index","follow":"follow","max-snippet":"max-snippet:-1","max-image-preview":"max-image-preview:large","max-video-preview":"max-video-preview:-1"},"canonical":"https:\/\/korneliarataj.com\/de\/produkt\/lniana-sukienka-rozszerzana-simple-czarny-2025\/","og_locale":"de_DE","og_type":"article","og_title":"Lniana sukienka rozszerzana simple \u2013 czarny - KORNELIARATAJ","og_description":"Czarna lniana sukienka bez r\u0119kaw\u00f3w \u2013 stylowa, przewiewna i szyta w Polsce. Z kieszeniami i naturalnym guzikiem z kokosa. Idealna na lato.","og_url":"https:\/\/korneliarataj.com\/de\/produkt\/lniana-sukienka-rozszerzana-simple-czarny-2025\/","og_site_name":"KORNELIARATAJ","article_publisher":"http:\/\/www.facebook.com\/korneliaratajshop","article_modified_time":"2026-03-22T22:24:37+00:00","og_image":[{"width":1365,"height":2048,"url":"https:\/\/korneliarataj.com\/wp-content\/uploads\/2025\/04\/LB-LINEN-2025-LNIANA-SUKIENKA-ROZSZERZANA-SIMPLE-CZARNY-1-scaled.webp","type":"image\/webp"}],"twitter_card":"summary_large_image","twitter_misc":{"Gesch\u00e4tzte Lesezeit":"1\u00a0Minute"},"schema":{"@context":"https:\/\/schema.org","@graph":[{"@type":"WebPage","@id":"https:\/\/korneliarataj.com\/produkt\/lniana-sukienka-rozszerzana-simple-czarny-2025\/","url":"https:\/\/korneliarataj.com\/produkt\/lniana-sukienka-rozszerzana-simple-czarny-2025\/","name":"Lniana sukienka rozszerzana simple \u2013 czarny - KORNELIARATAJ","isPartOf":{"@id":"https:\/\/korneliarataj.com\/#website"},"primaryImageOfPage":{"@id":"https:\/\/korneliarataj.com\/produkt\/lniana-sukienka-rozszerzana-simple-czarny-2025\/#primaryimage"},"image":{"@id":"https:\/\/korneliarataj.com\/produkt\/lniana-sukienka-rozszerzana-simple-czarny-2025\/#primaryimage"},"thumbnailUrl":"https:\/\/korneliarataj.com\/wp-content\/uploads\/2025\/04\/LB-LINEN-2025-LNIANA-SUKIENKA-ROZSZERZANA-SIMPLE-CZARNY-1-scaled.webp","datePublished":"2025-04-23T22:17:22+00:00","dateModified":"2026-03-22T22:24:37+00:00","description":"Czarna lniana sukienka bez r\u0119kaw\u00f3w \u2013 stylowa, przewiewna i szyta w Polsce. Z kieszeniami i naturalnym guzikiem z kokosa. Idealna na lato.","breadcrumb":{"@id":"https:\/\/korneliarataj.com\/produkt\/lniana-sukienka-rozszerzana-simple-czarny-2025\/#breadcrumb"},"inLanguage":"de","potentialAction":[{"@type":"ReadAction","target":["https:\/\/korneliarataj.com\/produkt\/lniana-sukienka-rozszerzana-simple-czarny-2025\/"]}]},{"@type":"ImageObject","inLanguage":"de","@id":"https:\/\/korneliarataj.com\/produkt\/lniana-sukienka-rozszerzana-simple-czarny-2025\/#primaryimage","url":"https:\/\/korneliarataj.com\/wp-content\/uploads\/2025\/04\/LB-LINEN-2025-LNIANA-SUKIENKA-ROZSZERZANA-SIMPLE-CZARNY-1-scaled.webp","contentUrl":"https:\/\/korneliarataj.com\/wp-content\/uploads\/2025\/04\/LB-LINEN-2025-LNIANA-SUKIENKA-ROZSZERZANA-SIMPLE-CZARNY-1-scaled.webp","width":1365,"height":2048,"caption":"Lniana sukienka rozszerzana simple \u2013 czarny"},{"@type":"BreadcrumbList","@id":"https:\/\/korneliarataj.com\/produkt\/lniana-sukienka-rozszerzana-simple-czarny-2025\/#breadcrumb","itemListElement":[{"@type":"ListItem","position":1,"name":"HOME","item":"https:\/\/korneliarataj.com\/"},{"@type":"ListItem","position":2,"name":"Products","item":"https:\/\/korneliarataj.com\/en\/shop\/"},{"@type":"ListItem","position":3,"name":"Lniana sukienka rozszerzana simple \u2013 czarny"}]},{"@type":"WebSite","@id":"https:\/\/korneliarataj.com\/#website","url":"https:\/\/korneliarataj.com\/","name":"Bademode und Leinenbekleidung Shop Kornelia Rataj","description":"badebekleidung badebekleidung leinen leinenbekleidung","publisher":{"@id":"https:\/\/korneliarataj.com\/#organization"},"potentialAction":[{"@type":"SearchAction","target":{"@type":"EntryPoint","urlTemplate":"https:\/\/korneliarataj.com\/?s={search_term_string}"},"query-input":{"@type":"PropertyValueSpecification","valueRequired":true,"valueName":"search_term_string"}}],"inLanguage":"de"},{"@type":"Organization","@id":"https:\/\/korneliarataj.com\/#organization","name":"KORNELIARATAJ","url":"https:\/\/korneliarataj.com\/","logo":{"@type":"ImageObject","inLanguage":"de","@id":"https:\/\/korneliarataj.com\/#\/schema\/logo\/image\/","url":"https:\/\/korneliarataj.com\/wp-content\/uploads\/2020\/07\/LOGO-KR.svg","contentUrl":"https:\/\/korneliarataj.com\/wp-content\/uploads\/2020\/07\/LOGO-KR.svg","width":1024,"height":1024,"caption":"KORNELIARATAJ"},"image":{"@id":"https:\/\/korneliarataj.com\/#\/schema\/logo\/image\/"},"sameAs":["http:\/\/www.facebook.com\/korneliaratajshop","http:\/\/www.instagram.com\/korneliarataj"]}]}},"_links":{"self":[{"href":"https:\/\/korneliarataj.com\/de\/wp-json\/wp\/v2\/product\/317993","targetHints":{"allow":["GET"]}}],"collection":[{"href":"https:\/\/korneliarataj.com\/de\/wp-json\/wp\/v2\/product"}],"about":[{"href":"https:\/\/korneliarataj.com\/de\/wp-json\/wp\/v2\/types\/product"}],"wp:featuredmedia":[{"embeddable":true,"href":"https:\/\/korneliarataj.com\/de\/wp-json\/wp\/v2\/media\/317953"}],"wp:attachment":[{"href":"https:\/\/korneliarataj.com\/de\/wp-json\/wp\/v2\/media?parent=317993"}],"wp:term":[{"taxonomy":"product_brand","embeddable":true,"href":"https:\/\/korneliarataj.com\/de\/wp-json\/wp\/v2\/product_brand?post=317993"},{"taxonomy":"product_cat","embeddable":true,"href":"https:\/\/korneliarataj.com\/de\/wp-json\/wp\/v2\/product_cat?post=317993"},{"taxonomy":"product_tag","embeddable":true,"href":"https:\/\/korneliarataj.com\/de\/wp-json\/wp\/v2\/product_tag?post=317993"}],"curies":[{"name":"wp","href":"https:\/\/api.w.org\/{rel}","templated":true}]}}