{"id":317973,"date":"2025-04-23T23:18:14","date_gmt":"2025-04-23T21:18:14","guid":{"rendered":"https:\/\/korneliarataj.com\/?post_type=product&#038;p=317973"},"modified":"2026-04-05T01:33:59","modified_gmt":"2026-04-04T23:33:59","slug":"lniana-sukienka-rozszerzana-simple-pastelowy-zolty-2025","status":"publish","type":"product","link":"https:\/\/korneliarataj.com\/de\/produkt\/lniana-sukienka-rozszerzana-simple-pastelowy-zolty-2025\/","title":{"rendered":"Ausgestelltes Leinenkleid einfach - pastellgelb"},"content":{"rendered":"","protected":false},"excerpt":{"rendered":"<p style=\"text-align: left;\"><strong>OPTIONEN<\/strong><\/p>\n<p style=\"text-align: left;\"><a href=\"https:\/\/korneliarataj.com\/de\/produkt\/lniana-sukienka-rozszerzana-simple-naturalny-len-2025\/\" target=\"_blank\" rel=\"noopener noreferrer\"><img decoding=\"async\" src=\"https:\/\/korneliarataj.com\/wp-content\/uploads\/2025\/04\/LB-LINEN-2025-LNIANA-SUKIENKA-ROZSZERZANA-SIMPLE-NATURALNY-LEN-1-200x300.webp\" width=\"100px\" \/><\/a>\u00a0<a href=\"https:\/\/korneliarataj.com\/de\/produkt\/lniana-sukienka-rozszerzana-simple-smietankowy-bialy-2025\/\" target=\"_blank\" rel=\"noopener noreferrer\"><img decoding=\"async\" src=\"https:\/\/korneliarataj.com\/wp-content\/uploads\/2025\/04\/LB-LINEN-2025-LNIANA-SUKIENKA-ROZSZERZANA-SIMPLE-SMIETANKOWY-BIALY-1-200x300.webp\" width=\"100px\" \/><\/a>\u00a0<a href=\"https:\/\/korneliarataj.com\/de\/produkt\/lniana-sukienka-rozszerzana-simple-czarny-2025\/\" target=\"_blank\" rel=\"noopener noreferrer\"><img decoding=\"async\" src=\"https:\/\/korneliarataj.com\/wp-content\/uploads\/2025\/04\/LB-LINEN-2025-LNIANA-SUKIENKA-ROZSZERZANA-SIMPLE-CZARNY-1-200x300.webp\" width=\"100px\" \/><\/a><\/p>\n<p style=\"text-align: left;\"><u><strong>Jasno \u017c\u00f3\u0142ta lniana sukienka na szerokich rami\u0105czkach \u2013 letnia lekko\u015b\u0107 i naturalna elegancja<\/strong><\/u><\/p>\n<p style=\"text-align: left;\">Prosta lniana sukienka o d\u0142ugo\u015bci do kolan, bez r\u0119kaw\u00f3w, z kieszeniami, zapinana na guziczek z ty\u0142u to idealna propozycja na ciep\u0142e dni. Pastelowo \u017c\u00f3\u0142ty kolor butter yellow roz\u015bwietla cer\u0119, dodaje stylizacji energii i wpisuje si\u0119 w najmodniejsze letnie trendy 2025 roku.<br \/>\nSukienka ma lu\u017any, komfortowy kr\u00f3j, kt\u00f3ry zapewnia swobod\u0119 ruch\u00f3w i naturalny przewiew. Wszyte po bokach kieszenie dodaj\u0105 funkcjonalno\u015bci, a p\u0119kni\u0119cie z ty\u0142u u\u0142atwia zak\u0142adanie i dodaje jej naturalnego charakteru.<br \/>\nUszyta z najwy\u017cszej jako\u015bci 100% lnu od polskiego producenta, sukienka jest jednowarstwowa, lekka i zmi\u0119kczona \u2013 stworzona z my\u015bl\u0105 o letnich stylizacjach.<\/p>\n<p style=\"text-align: left;\"><strong>Details, auf die es ankommt<\/strong><br \/>\n- Gen\u00e4ht in Polen, in der Familienwerkstatt in Czernica,<br \/>\n- 100% Weiches Leinen - luftig, nat\u00fcrlich und atmungsaktiv,<br \/>\n&#8211; P\u0119kni\u0119cie z ty\u0142u zapinane na kokosowy guzik \u2013 stylowy detal i \u0142atwe zak\u0142adanie,<br \/>\n- Lockere, bequeme Passform - engt nicht ein und sorgt f\u00fcr Komfort,<br \/>\n- Eingen\u00e4hte Taschen - praktisch und diskret,<br \/>\n&#8211; Pastelowy \u017c\u00f3\u0142ty kolor \u2013 promienny, optymistyczny i modny.<br \/>\nDieses Leinenkleid ist die perfekte Basis f\u00fcr ein sommerliches Styling - es eignet sich sowohl f\u00fcr den Alltag als auch f\u00fcr besondere Anl\u00e4sse, Urlaubsspazierg\u00e4nge oder Partys im Freien. Tragen Sie es mit Sneakern, Sandalen oder Espadrilles, f\u00fcgen Sie Ihre Lieblings-Jeansjacke oder einen Blazer hinzu und kreieren Sie Ihren eigenen Leinen-Look.<br \/>\nPastelowo \u017c\u00f3\u0142ta sukienka pi\u0119knie \u0142\u0105czy si\u0119 z <strong><a href=\"https:\/\/korneliarataj.com\/de\/gumki-do-wlosow-lniane\/\" target=\"_blank\" rel=\"noopener noreferrer\">Leinenhaargummi<\/a><\/strong> in der gleichen Farbe.<br \/>\nDie Farbe Gelb ist der Hit der Saison 2025 - sie l\u00e4sst den Teint strahlen, verleiht Frische und zieht die Blicke auf sich. Die buttergelbe Bluse ist die perfekte Wahl f\u00fcr Liebhaber nat\u00fcrlicher, femininer Styles.<br \/>\nErh\u00e4ltlich in 4 zeitlosen Farben und 5 Gr\u00f6\u00dfen - leicht anpassbar an Ihre Silhouette und Garderobe.<\/p>\n<p style=\"text-align: left;\"><strong>Abmessungen des Modells<\/strong><br \/>\nDas Model Veronica auf dem Bild tr\u00e4gt Gr\u00f6\u00dfe S<br \/>\nBrustumfang: 89 cm<br \/>\nUmfang unter der B\u00fcste: 75 cm<br \/>\nBecher: 75D\/70E<br \/>\nUmfang der Taille: 68 cm<br \/>\nH\u00fcftumfang: 103 cm<br \/>\nH\u00f6he: 173 cm<\/p>\n<p style=\"text-align: left;\"><strong>Nat\u00fcrlichkeit und Qualit\u00e4t in jedem Detail<\/strong><br \/>\nUnsere Produkte werden aus 100% Leinen hergestellt, das wir von lokalen Lieferanten beziehen. Wir entwerfen und n\u00e4hen in unserer eigenen Werkstatt und k\u00fcmmern uns um jedes Detail.<br \/>\nLegen Sie sie in Ihren Warenkorb und kreieren Sie Ihren ganz pers\u00f6nlichen Leinen-Look - bequem, stilvoll und 100% nat\u00fcrlich.<\/p>\n<p style=\"text-align: left;\"><strong>Pastellgelbe Leinenfarbe<\/strong><br \/>\nDieser pastellfarbene Gelbton ist von der Morgensonne inspiriert und einer der Top-Trends f\u00fcr den Sommer 2025.<br \/>\nEr bringt jeden Teint zum Leuchten und verleiht der Frisur Leichtigkeit und Optimismus. Er passt sowohl zu hellem Porzellan-Teint als auch zu olivfarbenem und dunklerem Teint - er unterstreicht die nat\u00fcrliche Sch\u00f6nheit der Haut und verleiht der Frisur einen subtilen, frischen Touch. W\u00e4hlen Sie den trendigen Farbton Buttergelb und bringen Sie Freude und Urlaubsstimmung in Ihre Garderobe f\u00fcr die Fr\u00fchjahr-Sommer-Saison.<\/p>\n<p style=\"text-align: left;\"><strong>Zusammensetzung und Pflege<\/strong><br \/>\n- 100% Flachs<br \/>\n- Gewicht: 140 g\/m\u00b2<br \/>\n- Handw\u00e4sche oder Schonwaschgang bei 30\u00b0C<br \/>\n- Eisen bei max. 150\u00b0C<\/p>","protected":false},"featured_media":317963,"template":"","meta":[],"product_brand":[500],"product_cat":[198],"product_tag":[],"class_list":{"0":"post-317973","1":"product","2":"type-product","3":"status-publish","4":"has-post-thumbnail","6":"product_brand-korneliarataj","7":"product_cat-archiwum","8":"flv-has-gallery","10":"first","11":"outofstock","12":"taxable","13":"shipping-taxable","14":"product-type-variable"},"yoast_head":"<!-- This site is optimized with the Yoast SEO plugin v27.3 - https:\/\/yoast.com\/product\/yoast-seo-wordpress\/ -->\n<title>Lniana sukienka rozszerzana simple \u2013 pastelowy \u017c\u00f3\u0142ty - KORNELIARATAJ<\/title>\n<meta name=\"description\" content=\"Pastelowo \u017c\u00f3\u0142ta lniana sukienka bez r\u0119kaw\u00f3w \u2013 przewiewna, z kieszeniami i guzikiem z ty\u0142u.. Lekka i wygodna sukienka na lato \u2013 uszyta w Polsce z naturalnego lnu.\" \/>\n<meta name=\"robots\" content=\"index, follow, max-snippet:-1, max-image-preview:large, max-video-preview:-1\" \/>\n<link rel=\"canonical\" href=\"https:\/\/korneliarataj.com\/de\/produkt\/lniana-sukienka-rozszerzana-simple-pastelowy-zolty-2025\/\" \/>\n<meta property=\"og:locale\" content=\"de_DE\" \/>\n<meta property=\"og:type\" content=\"article\" \/>\n<meta property=\"og:title\" content=\"Lniana sukienka rozszerzana simple \u2013 pastelowy \u017c\u00f3\u0142ty - KORNELIARATAJ\" \/>\n<meta property=\"og:description\" content=\"Pastelowo \u017c\u00f3\u0142ta lniana sukienka bez r\u0119kaw\u00f3w \u2013 przewiewna, z kieszeniami i guzikiem z ty\u0142u.. Lekka i wygodna sukienka na lato \u2013 uszyta w Polsce z naturalnego lnu.\" \/>\n<meta property=\"og:url\" content=\"https:\/\/korneliarataj.com\/de\/produkt\/lniana-sukienka-rozszerzana-simple-pastelowy-zolty-2025\/\" \/>\n<meta property=\"og:site_name\" content=\"KORNELIARATAJ\" \/>\n<meta property=\"article:publisher\" content=\"http:\/\/www.facebook.com\/korneliaratajshop\" \/>\n<meta property=\"article:modified_time\" content=\"2026-04-04T23:33:59+00:00\" \/>\n<meta property=\"og:image\" content=\"https:\/\/korneliarataj.com\/wp-content\/uploads\/2025\/04\/LB-LINEN-2025-LNIANA-SUKIENKA-ROZSZERZANA-SIMPLE-PASTELOWY-ZOLTY-1-scaled.webp\" \/>\n\t<meta property=\"og:image:width\" content=\"1365\" \/>\n\t<meta property=\"og:image:height\" content=\"2048\" \/>\n\t<meta property=\"og:image:type\" content=\"image\/webp\" \/>\n<meta name=\"twitter:card\" content=\"summary_large_image\" \/>\n<meta name=\"twitter:label1\" content=\"Gesch\u00e4tzte Lesezeit\" \/>\n\t<meta name=\"twitter:data1\" content=\"1\u00a0Minute\" \/>\n<script type=\"application\/ld+json\" class=\"yoast-schema-graph\">{\"@context\":\"https:\\\/\\\/schema.org\",\"@graph\":[{\"@type\":\"WebPage\",\"@id\":\"https:\\\/\\\/korneliarataj.com\\\/produkt\\\/lniana-sukienka-rozszerzana-simple-pastelowy-zolty-2025\\\/\",\"url\":\"https:\\\/\\\/korneliarataj.com\\\/produkt\\\/lniana-sukienka-rozszerzana-simple-pastelowy-zolty-2025\\\/\",\"name\":\"Lniana sukienka rozszerzana simple \u2013 pastelowy \u017c\u00f3\u0142ty - KORNELIARATAJ\",\"isPartOf\":{\"@id\":\"https:\\\/\\\/korneliarataj.com\\\/#website\"},\"primaryImageOfPage\":{\"@id\":\"https:\\\/\\\/korneliarataj.com\\\/produkt\\\/lniana-sukienka-rozszerzana-simple-pastelowy-zolty-2025\\\/#primaryimage\"},\"image\":{\"@id\":\"https:\\\/\\\/korneliarataj.com\\\/produkt\\\/lniana-sukienka-rozszerzana-simple-pastelowy-zolty-2025\\\/#primaryimage\"},\"thumbnailUrl\":\"https:\\\/\\\/korneliarataj.com\\\/wp-content\\\/uploads\\\/2025\\\/04\\\/LB-LINEN-2025-LNIANA-SUKIENKA-ROZSZERZANA-SIMPLE-PASTELOWY-ZOLTY-1-scaled.webp\",\"datePublished\":\"2025-04-23T21:18:14+00:00\",\"dateModified\":\"2026-04-04T23:33:59+00:00\",\"description\":\"Pastelowo \u017c\u00f3\u0142ta lniana sukienka bez r\u0119kaw\u00f3w \u2013 przewiewna, z kieszeniami i guzikiem z ty\u0142u.. Lekka i wygodna sukienka na lato \u2013 uszyta w Polsce z naturalnego lnu.\",\"breadcrumb\":{\"@id\":\"https:\\\/\\\/korneliarataj.com\\\/produkt\\\/lniana-sukienka-rozszerzana-simple-pastelowy-zolty-2025\\\/#breadcrumb\"},\"inLanguage\":\"de\",\"potentialAction\":[{\"@type\":\"ReadAction\",\"target\":[\"https:\\\/\\\/korneliarataj.com\\\/produkt\\\/lniana-sukienka-rozszerzana-simple-pastelowy-zolty-2025\\\/\"]}]},{\"@type\":\"ImageObject\",\"inLanguage\":\"de\",\"@id\":\"https:\\\/\\\/korneliarataj.com\\\/produkt\\\/lniana-sukienka-rozszerzana-simple-pastelowy-zolty-2025\\\/#primaryimage\",\"url\":\"https:\\\/\\\/korneliarataj.com\\\/wp-content\\\/uploads\\\/2025\\\/04\\\/LB-LINEN-2025-LNIANA-SUKIENKA-ROZSZERZANA-SIMPLE-PASTELOWY-ZOLTY-1-scaled.webp\",\"contentUrl\":\"https:\\\/\\\/korneliarataj.com\\\/wp-content\\\/uploads\\\/2025\\\/04\\\/LB-LINEN-2025-LNIANA-SUKIENKA-ROZSZERZANA-SIMPLE-PASTELOWY-ZOLTY-1-scaled.webp\",\"width\":1365,\"height\":2048,\"caption\":\"Lniana sukienka rozszerzana simple \u2013 pastelowy zolty\"},{\"@type\":\"BreadcrumbList\",\"@id\":\"https:\\\/\\\/korneliarataj.com\\\/produkt\\\/lniana-sukienka-rozszerzana-simple-pastelowy-zolty-2025\\\/#breadcrumb\",\"itemListElement\":[{\"@type\":\"ListItem\",\"position\":1,\"name\":\"HOME\",\"item\":\"https:\\\/\\\/korneliarataj.com\\\/\"},{\"@type\":\"ListItem\",\"position\":2,\"name\":\"Products\",\"item\":\"https:\\\/\\\/korneliarataj.com\\\/en\\\/shop\\\/\"},{\"@type\":\"ListItem\",\"position\":3,\"name\":\"Lniana sukienka rozszerzana simple \u2013 pastelowy \u017c\u00f3\u0142ty\"}]},{\"@type\":\"WebSite\",\"@id\":\"https:\\\/\\\/korneliarataj.com\\\/#website\",\"url\":\"https:\\\/\\\/korneliarataj.com\\\/\",\"name\":\"Stroje K\u0105pielowe i Odzie\u017c Lniana Sklep Kornelia Rataj\",\"description\":\"swimwear stroje k\u0105pielowe ubrania len lniane\",\"publisher\":{\"@id\":\"https:\\\/\\\/korneliarataj.com\\\/#organization\"},\"potentialAction\":[{\"@type\":\"SearchAction\",\"target\":{\"@type\":\"EntryPoint\",\"urlTemplate\":\"https:\\\/\\\/korneliarataj.com\\\/?s={search_term_string}\"},\"query-input\":{\"@type\":\"PropertyValueSpecification\",\"valueRequired\":true,\"valueName\":\"search_term_string\"}}],\"inLanguage\":\"de\"},{\"@type\":\"Organization\",\"@id\":\"https:\\\/\\\/korneliarataj.com\\\/#organization\",\"name\":\"KORNELIARATAJ\",\"url\":\"https:\\\/\\\/korneliarataj.com\\\/\",\"logo\":{\"@type\":\"ImageObject\",\"inLanguage\":\"de\",\"@id\":\"https:\\\/\\\/korneliarataj.com\\\/#\\\/schema\\\/logo\\\/image\\\/\",\"url\":\"https:\\\/\\\/korneliarataj.com\\\/wp-content\\\/uploads\\\/2020\\\/07\\\/LOGO-KR.svg\",\"contentUrl\":\"https:\\\/\\\/korneliarataj.com\\\/wp-content\\\/uploads\\\/2020\\\/07\\\/LOGO-KR.svg\",\"width\":1024,\"height\":1024,\"caption\":\"KORNELIARATAJ\"},\"image\":{\"@id\":\"https:\\\/\\\/korneliarataj.com\\\/#\\\/schema\\\/logo\\\/image\\\/\"},\"sameAs\":[\"http:\\\/\\\/www.facebook.com\\\/korneliaratajshop\",\"http:\\\/\\\/www.instagram.com\\\/korneliarataj\"]}]}<\/script>\n<!-- \/ Yoast SEO plugin. -->","yoast_head_json":{"title":"Lniana sukienka rozszerzana simple \u2013 pastelowy \u017c\u00f3\u0142ty - KORNELIARATAJ","description":"Pastelowo \u017c\u00f3\u0142ta lniana sukienka bez r\u0119kaw\u00f3w \u2013 przewiewna, z kieszeniami i guzikiem z ty\u0142u.. Lekka i wygodna sukienka na lato \u2013 uszyta w Polsce z naturalnego lnu.","robots":{"index":"index","follow":"follow","max-snippet":"max-snippet:-1","max-image-preview":"max-image-preview:large","max-video-preview":"max-video-preview:-1"},"canonical":"https:\/\/korneliarataj.com\/de\/produkt\/lniana-sukienka-rozszerzana-simple-pastelowy-zolty-2025\/","og_locale":"de_DE","og_type":"article","og_title":"Lniana sukienka rozszerzana simple \u2013 pastelowy \u017c\u00f3\u0142ty - KORNELIARATAJ","og_description":"Pastelowo \u017c\u00f3\u0142ta lniana sukienka bez r\u0119kaw\u00f3w \u2013 przewiewna, z kieszeniami i guzikiem z ty\u0142u.. Lekka i wygodna sukienka na lato \u2013 uszyta w Polsce z naturalnego lnu.","og_url":"https:\/\/korneliarataj.com\/de\/produkt\/lniana-sukienka-rozszerzana-simple-pastelowy-zolty-2025\/","og_site_name":"KORNELIARATAJ","article_publisher":"http:\/\/www.facebook.com\/korneliaratajshop","article_modified_time":"2026-04-04T23:33:59+00:00","og_image":[{"width":1365,"height":2048,"url":"https:\/\/korneliarataj.com\/wp-content\/uploads\/2025\/04\/LB-LINEN-2025-LNIANA-SUKIENKA-ROZSZERZANA-SIMPLE-PASTELOWY-ZOLTY-1-scaled.webp","type":"image\/webp"}],"twitter_card":"summary_large_image","twitter_misc":{"Gesch\u00e4tzte Lesezeit":"1\u00a0Minute"},"schema":{"@context":"https:\/\/schema.org","@graph":[{"@type":"WebPage","@id":"https:\/\/korneliarataj.com\/produkt\/lniana-sukienka-rozszerzana-simple-pastelowy-zolty-2025\/","url":"https:\/\/korneliarataj.com\/produkt\/lniana-sukienka-rozszerzana-simple-pastelowy-zolty-2025\/","name":"Lniana sukienka rozszerzana simple \u2013 pastelowy \u017c\u00f3\u0142ty - KORNELIARATAJ","isPartOf":{"@id":"https:\/\/korneliarataj.com\/#website"},"primaryImageOfPage":{"@id":"https:\/\/korneliarataj.com\/produkt\/lniana-sukienka-rozszerzana-simple-pastelowy-zolty-2025\/#primaryimage"},"image":{"@id":"https:\/\/korneliarataj.com\/produkt\/lniana-sukienka-rozszerzana-simple-pastelowy-zolty-2025\/#primaryimage"},"thumbnailUrl":"https:\/\/korneliarataj.com\/wp-content\/uploads\/2025\/04\/LB-LINEN-2025-LNIANA-SUKIENKA-ROZSZERZANA-SIMPLE-PASTELOWY-ZOLTY-1-scaled.webp","datePublished":"2025-04-23T21:18:14+00:00","dateModified":"2026-04-04T23:33:59+00:00","description":"Pastelowo \u017c\u00f3\u0142ta lniana sukienka bez r\u0119kaw\u00f3w \u2013 przewiewna, z kieszeniami i guzikiem z ty\u0142u.. Lekka i wygodna sukienka na lato \u2013 uszyta w Polsce z naturalnego lnu.","breadcrumb":{"@id":"https:\/\/korneliarataj.com\/produkt\/lniana-sukienka-rozszerzana-simple-pastelowy-zolty-2025\/#breadcrumb"},"inLanguage":"de","potentialAction":[{"@type":"ReadAction","target":["https:\/\/korneliarataj.com\/produkt\/lniana-sukienka-rozszerzana-simple-pastelowy-zolty-2025\/"]}]},{"@type":"ImageObject","inLanguage":"de","@id":"https:\/\/korneliarataj.com\/produkt\/lniana-sukienka-rozszerzana-simple-pastelowy-zolty-2025\/#primaryimage","url":"https:\/\/korneliarataj.com\/wp-content\/uploads\/2025\/04\/LB-LINEN-2025-LNIANA-SUKIENKA-ROZSZERZANA-SIMPLE-PASTELOWY-ZOLTY-1-scaled.webp","contentUrl":"https:\/\/korneliarataj.com\/wp-content\/uploads\/2025\/04\/LB-LINEN-2025-LNIANA-SUKIENKA-ROZSZERZANA-SIMPLE-PASTELOWY-ZOLTY-1-scaled.webp","width":1365,"height":2048,"caption":"Lniana sukienka rozszerzana simple \u2013 pastelowy zolty"},{"@type":"BreadcrumbList","@id":"https:\/\/korneliarataj.com\/produkt\/lniana-sukienka-rozszerzana-simple-pastelowy-zolty-2025\/#breadcrumb","itemListElement":[{"@type":"ListItem","position":1,"name":"HOME","item":"https:\/\/korneliarataj.com\/"},{"@type":"ListItem","position":2,"name":"Products","item":"https:\/\/korneliarataj.com\/en\/shop\/"},{"@type":"ListItem","position":3,"name":"Lniana sukienka rozszerzana simple \u2013 pastelowy \u017c\u00f3\u0142ty"}]},{"@type":"WebSite","@id":"https:\/\/korneliarataj.com\/#website","url":"https:\/\/korneliarataj.com\/","name":"Bademode und Leinenbekleidung Shop Kornelia Rataj","description":"badebekleidung badebekleidung leinen leinenbekleidung","publisher":{"@id":"https:\/\/korneliarataj.com\/#organization"},"potentialAction":[{"@type":"SearchAction","target":{"@type":"EntryPoint","urlTemplate":"https:\/\/korneliarataj.com\/?s={search_term_string}"},"query-input":{"@type":"PropertyValueSpecification","valueRequired":true,"valueName":"search_term_string"}}],"inLanguage":"de"},{"@type":"Organization","@id":"https:\/\/korneliarataj.com\/#organization","name":"KORNELIARATAJ","url":"https:\/\/korneliarataj.com\/","logo":{"@type":"ImageObject","inLanguage":"de","@id":"https:\/\/korneliarataj.com\/#\/schema\/logo\/image\/","url":"https:\/\/korneliarataj.com\/wp-content\/uploads\/2020\/07\/LOGO-KR.svg","contentUrl":"https:\/\/korneliarataj.com\/wp-content\/uploads\/2020\/07\/LOGO-KR.svg","width":1024,"height":1024,"caption":"KORNELIARATAJ"},"image":{"@id":"https:\/\/korneliarataj.com\/#\/schema\/logo\/image\/"},"sameAs":["http:\/\/www.facebook.com\/korneliaratajshop","http:\/\/www.instagram.com\/korneliarataj"]}]}},"_links":{"self":[{"href":"https:\/\/korneliarataj.com\/de\/wp-json\/wp\/v2\/product\/317973","targetHints":{"allow":["GET"]}}],"collection":[{"href":"https:\/\/korneliarataj.com\/de\/wp-json\/wp\/v2\/product"}],"about":[{"href":"https:\/\/korneliarataj.com\/de\/wp-json\/wp\/v2\/types\/product"}],"wp:featuredmedia":[{"embeddable":true,"href":"https:\/\/korneliarataj.com\/de\/wp-json\/wp\/v2\/media\/317963"}],"wp:attachment":[{"href":"https:\/\/korneliarataj.com\/de\/wp-json\/wp\/v2\/media?parent=317973"}],"wp:term":[{"taxonomy":"product_brand","embeddable":true,"href":"https:\/\/korneliarataj.com\/de\/wp-json\/wp\/v2\/product_brand?post=317973"},{"taxonomy":"product_cat","embeddable":true,"href":"https:\/\/korneliarataj.com\/de\/wp-json\/wp\/v2\/product_cat?post=317973"},{"taxonomy":"product_tag","embeddable":true,"href":"https:\/\/korneliarataj.com\/de\/wp-json\/wp\/v2\/product_tag?post=317973"}],"curies":[{"name":"wp","href":"https:\/\/api.w.org\/{rel}","templated":true}]}}