{"id":317932,"date":"2025-04-23T16:10:11","date_gmt":"2025-04-23T14:10:11","guid":{"rendered":"https:\/\/korneliarataj.com\/?post_type=product&#038;p=317932"},"modified":"2026-03-22T23:24:30","modified_gmt":"2026-03-22T22:24:30","slug":"lniana-sukienka-wiazana-minimal-czarny-2025","status":"publish","type":"product","link":"https:\/\/korneliarataj.com\/de\/produkt\/lniana-sukienka-wiazana-minimal-czarny-2025\/","title":{"rendered":"Leinen-Krawattenkleid minimal - schwarz"},"content":{"rendered":"","protected":false},"excerpt":{"rendered":"<p style=\"text-align: left;\"><strong>OPTIONEN<\/strong><\/p>\n<p style=\"text-align: left;\"><a href=\"https:\/\/korneliarataj.com\/de\/produkt\/lniana-sukienka-wiazana-minimal-pastelowy-zolty-2025\/\" target=\"_blank\" rel=\"noopener noreferrer\"><img decoding=\"async\" src=\"https:\/\/korneliarataj.com\/wp-content\/uploads\/2025\/04\/LB-LINEN-2025-LNIANA-SUKIENKA-WIAZANA-MINIMAL-PASTELOWY-ZOLTY-1-200x300.webp\" width=\"100px\" \/><\/a>\u00a0<a href=\"https:\/\/korneliarataj.com\/de\/produkt\/lniana-sukienka-wiazana-minimal-naturalny-len-2025\/\" target=\"_blank\" rel=\"noopener noreferrer\"><img decoding=\"async\" src=\"https:\/\/korneliarataj.com\/wp-content\/uploads\/2025\/04\/LB-LINEN-2025-LNIANA-SUKIENKA-WIAZANA-MINIMAL-NATURALNY-LEN-1-200x300.webp\" width=\"100px\" \/><\/a>\u00a0<a href=\"https:\/\/korneliarataj.com\/de\/produkt\/lniana-sukienka-wiazana-minimal-smietankowy-bialy-2025\/\" target=\"_blank\" rel=\"noopener noreferrer\"><img decoding=\"async\" src=\"https:\/\/korneliarataj.com\/wp-content\/uploads\/2025\/04\/LB-LINEN-2025-LNIANA-SUKIENKA-WIAZANA-MINIMAL-SMIETANKOWY-BIALY-1-200x300.webp\" width=\"100px\" \/><\/a><\/p>\n<p style=\"text-align: left;\"><u><strong>Czarna lniana sukienka mini \u2013 klasyka z nut\u0105 zmys\u0142owo\u015bci<\/strong><\/u><\/p>\n<p style=\"text-align: left;\">Czarna wersja sukienki mini z cienkimi rami\u0105czkami to propozycja, kt\u00f3ra \u0142\u0105czy nowoczesny minimalizm ze zmys\u0142owym charakterem. Wi\u0105zana na plecach, z odkrytymi ramionami i dekoltem na plecach, sprawdzi si\u0119 idealnie podczas letnich wieczor\u00f3w, wakacyjnych wyjazd\u00f3w i spontanicznych wyj\u015b\u0107. Podszewka w cz\u0119\u015bci biustu gwarantuje wygod\u0119 i dyskrecj\u0119.<br \/>\nLen w czarnym kolorze prezentuje si\u0119 wyj\u0105tkowo elegancko, jednocze\u015bnie zachowuj\u0105c pe\u0142en komfort noszenia nawet w gor\u0105ce dni.<\/p>\n<p style=\"text-align: left;\"><strong>Details, auf die es ankommt<\/strong><br \/>\n&#8211; Wyj\u0105tkowy fason \u2013 minimalistyczny, ale wyrazisty,<br \/>\n&#8211; Klasyczna czer\u0144 \u2013 uniwersalna i elegancka,<br \/>\n&#8211; Podszewka z przodu \u2013 komfort i pewno\u015b\u0107 siebie,<br \/>\n&#8211; Regulowane, cienkie rami\u0105czka do wi\u0105zania,<br \/>\n&#8211; 100% zmi\u0119kczony len \u2013 oddychaj\u0105cy i naturalny,<br \/>\n- Gen\u00e4ht in einer Familienwerkstatt in Polen.<br \/>\nSukienka z lnu w klasycznym odcieniu czerni stworzona na wyj\u0105tkowe chwile \u2013 wakacje, letnie przyj\u0119cia, spontaniczne randki i gor\u0105ce dni. Wystarczy doda\u0107 sanda\u0142y lub espadryle i <strong><a href=\"https:\/\/korneliarataj.com\/de\/gumki-do-wlosow-lniane\/\" target=\"_blank\" rel=\"noopener noreferrer\">Leinengummiband<\/a><\/strong> - und fertig!<br \/>\nErh\u00e4ltlich in 4 zeitlosen Farben und 3 Gr\u00f6\u00dfen - leicht anpassbar an Ihre Silhouette und Garderobe.<\/p>\n<p style=\"text-align: left;\"><strong>Abmessungen des Modells<\/strong><br \/>\nDas Model Paulina auf dem Bild tr\u00e4gt die Gr\u00f6\u00dfe XS\/S<br \/>\nBrustumfang: 81<br \/>\nUmfang unter der B\u00fcste: 72<br \/>\nBecher: B\/C<br \/>\nUmfang der Taille: 60<br \/>\nH\u00fcftumfang: 85<br \/>\nWzrost: 171cm<\/p>\n<p style=\"text-align: left;\"><strong>Nat\u00fcrlichkeit und Qualit\u00e4t in jedem Detail<\/strong><br \/>\nUnsere Produkte werden aus 100% Leinen hergestellt, das wir von lokalen Lieferanten beziehen. Wir entwerfen und n\u00e4hen in unserer eigenen Werkstatt und k\u00fcmmern uns um jedes Detail.<br \/>\nLegen Sie sie in Ihren Warenkorb und kreieren Sie Ihren ganz pers\u00f6nlichen Leinen-Look - bequem, stilvoll und 100% nat\u00fcrlich.<\/p>\n<p style=\"text-align: left;\"><strong>Schwarzer Leinenschirm<\/strong><br \/>\nDer tiefe, klassische Farbton Schwarz steht f\u00fcr zeitlose Eleganz und Minimalismus in seiner reinsten Form. Er kontrastiert perfekt mit jedem Teint - von sehr hell bis dunkel - und verleiht einem Look Definition und einen modernen Touch. Schwarzes Leinen ist eine vielseitige Wahl, die sowohl zu st\u00e4dtischen als auch zu abendlichen Looks passt, den individuellen Stil unterstreicht und einen Hauch von Raffinesse verleiht.<\/p>\n<p style=\"text-align: left;\"><strong>Zusammensetzung und Pflege<\/strong><br \/>\n- 100% Flachs<br \/>\n- Gewicht: 140 g\/m\u00b2<br \/>\n- Handw\u00e4sche oder Schonwaschgang bei 30\u00b0C<br \/>\n- Eisen bei max. 150\u00b0C<\/p>","protected":false},"featured_media":317903,"template":"","meta":[],"product_brand":[500],"product_cat":[198],"product_tag":[],"class_list":{"0":"post-317932","1":"product","2":"type-product","3":"status-publish","4":"has-post-thumbnail","6":"product_brand-korneliarataj","7":"product_cat-archiwum","8":"flv-has-gallery","10":"first","11":"outofstock","12":"taxable","13":"shipping-taxable","14":"product-type-variable"},"yoast_head":"<!-- This site is optimized with the Yoast SEO plugin v27.3 - https:\/\/yoast.com\/product\/yoast-seo-wordpress\/ -->\n<title>Lniana sukienka wia\u0328zana minimal \u2013 czarny - KORNELIARATAJ<\/title>\n<meta name=\"description\" content=\"Czarna lniana sukienka mini z odkrytymi plecami i cienkimi rami\u0105czkami. Elegancka, lekka i zmys\u0142owa forma. 100% len szyty w Polsce.\" \/>\n<meta name=\"robots\" content=\"index, follow, max-snippet:-1, max-image-preview:large, max-video-preview:-1\" \/>\n<link rel=\"canonical\" href=\"https:\/\/korneliarataj.com\/de\/produkt\/lniana-sukienka-wiazana-minimal-czarny-2025\/\" \/>\n<meta property=\"og:locale\" content=\"de_DE\" \/>\n<meta property=\"og:type\" content=\"article\" \/>\n<meta property=\"og:title\" content=\"Lniana sukienka wia\u0328zana minimal \u2013 czarny - KORNELIARATAJ\" \/>\n<meta property=\"og:description\" content=\"Czarna lniana sukienka mini z odkrytymi plecami i cienkimi rami\u0105czkami. Elegancka, lekka i zmys\u0142owa forma. 100% len szyty w Polsce.\" \/>\n<meta property=\"og:url\" content=\"https:\/\/korneliarataj.com\/de\/produkt\/lniana-sukienka-wiazana-minimal-czarny-2025\/\" \/>\n<meta property=\"og:site_name\" content=\"KORNELIARATAJ\" \/>\n<meta property=\"article:publisher\" content=\"http:\/\/www.facebook.com\/korneliaratajshop\" \/>\n<meta property=\"article:modified_time\" content=\"2026-03-22T22:24:30+00:00\" \/>\n<meta property=\"og:image\" content=\"https:\/\/korneliarataj.com\/wp-content\/uploads\/2025\/04\/LB-LINEN-2025-LNIANA-SUKIENKA-WIAZANA-MINIMAL-CZARNY-1-scaled.webp\" \/>\n\t<meta property=\"og:image:width\" content=\"1365\" \/>\n\t<meta property=\"og:image:height\" content=\"2048\" \/>\n\t<meta property=\"og:image:type\" content=\"image\/webp\" \/>\n<meta name=\"twitter:card\" content=\"summary_large_image\" \/>\n<meta name=\"twitter:label1\" content=\"Gesch\u00e4tzte Lesezeit\" \/>\n\t<meta name=\"twitter:data1\" content=\"1\u00a0Minute\" \/>\n<script type=\"application\/ld+json\" class=\"yoast-schema-graph\">{\"@context\":\"https:\\\/\\\/schema.org\",\"@graph\":[{\"@type\":\"WebPage\",\"@id\":\"https:\\\/\\\/korneliarataj.com\\\/produkt\\\/lniana-sukienka-wiazana-minimal-czarny-2025\\\/\",\"url\":\"https:\\\/\\\/korneliarataj.com\\\/produkt\\\/lniana-sukienka-wiazana-minimal-czarny-2025\\\/\",\"name\":\"Lniana sukienka wia\u0328zana minimal \u2013 czarny - KORNELIARATAJ\",\"isPartOf\":{\"@id\":\"https:\\\/\\\/korneliarataj.com\\\/#website\"},\"primaryImageOfPage\":{\"@id\":\"https:\\\/\\\/korneliarataj.com\\\/produkt\\\/lniana-sukienka-wiazana-minimal-czarny-2025\\\/#primaryimage\"},\"image\":{\"@id\":\"https:\\\/\\\/korneliarataj.com\\\/produkt\\\/lniana-sukienka-wiazana-minimal-czarny-2025\\\/#primaryimage\"},\"thumbnailUrl\":\"https:\\\/\\\/korneliarataj.com\\\/wp-content\\\/uploads\\\/2025\\\/04\\\/LB-LINEN-2025-LNIANA-SUKIENKA-WIAZANA-MINIMAL-CZARNY-1-scaled.webp\",\"datePublished\":\"2025-04-23T14:10:11+00:00\",\"dateModified\":\"2026-03-22T22:24:30+00:00\",\"description\":\"Czarna lniana sukienka mini z odkrytymi plecami i cienkimi rami\u0105czkami. Elegancka, lekka i zmys\u0142owa forma. 100% len szyty w Polsce.\",\"breadcrumb\":{\"@id\":\"https:\\\/\\\/korneliarataj.com\\\/produkt\\\/lniana-sukienka-wiazana-minimal-czarny-2025\\\/#breadcrumb\"},\"inLanguage\":\"de\",\"potentialAction\":[{\"@type\":\"ReadAction\",\"target\":[\"https:\\\/\\\/korneliarataj.com\\\/produkt\\\/lniana-sukienka-wiazana-minimal-czarny-2025\\\/\"]}]},{\"@type\":\"ImageObject\",\"inLanguage\":\"de\",\"@id\":\"https:\\\/\\\/korneliarataj.com\\\/produkt\\\/lniana-sukienka-wiazana-minimal-czarny-2025\\\/#primaryimage\",\"url\":\"https:\\\/\\\/korneliarataj.com\\\/wp-content\\\/uploads\\\/2025\\\/04\\\/LB-LINEN-2025-LNIANA-SUKIENKA-WIAZANA-MINIMAL-CZARNY-1-scaled.webp\",\"contentUrl\":\"https:\\\/\\\/korneliarataj.com\\\/wp-content\\\/uploads\\\/2025\\\/04\\\/LB-LINEN-2025-LNIANA-SUKIENKA-WIAZANA-MINIMAL-CZARNY-1-scaled.webp\",\"width\":1365,\"height\":2048,\"caption\":\"Lniana sukienka wia\u0328zana minimal \u2013 czarny\"},{\"@type\":\"BreadcrumbList\",\"@id\":\"https:\\\/\\\/korneliarataj.com\\\/produkt\\\/lniana-sukienka-wiazana-minimal-czarny-2025\\\/#breadcrumb\",\"itemListElement\":[{\"@type\":\"ListItem\",\"position\":1,\"name\":\"HOME\",\"item\":\"https:\\\/\\\/korneliarataj.com\\\/\"},{\"@type\":\"ListItem\",\"position\":2,\"name\":\"Products\",\"item\":\"https:\\\/\\\/korneliarataj.com\\\/en\\\/shop\\\/\"},{\"@type\":\"ListItem\",\"position\":3,\"name\":\"Lniana sukienka wia\u0328zana minimal \u2013 czarny\"}]},{\"@type\":\"WebSite\",\"@id\":\"https:\\\/\\\/korneliarataj.com\\\/#website\",\"url\":\"https:\\\/\\\/korneliarataj.com\\\/\",\"name\":\"Stroje K\u0105pielowe i Odzie\u017c Lniana Sklep Kornelia Rataj\",\"description\":\"swimwear stroje k\u0105pielowe ubrania len lniane\",\"publisher\":{\"@id\":\"https:\\\/\\\/korneliarataj.com\\\/#organization\"},\"potentialAction\":[{\"@type\":\"SearchAction\",\"target\":{\"@type\":\"EntryPoint\",\"urlTemplate\":\"https:\\\/\\\/korneliarataj.com\\\/?s={search_term_string}\"},\"query-input\":{\"@type\":\"PropertyValueSpecification\",\"valueRequired\":true,\"valueName\":\"search_term_string\"}}],\"inLanguage\":\"de\"},{\"@type\":\"Organization\",\"@id\":\"https:\\\/\\\/korneliarataj.com\\\/#organization\",\"name\":\"KORNELIARATAJ\",\"url\":\"https:\\\/\\\/korneliarataj.com\\\/\",\"logo\":{\"@type\":\"ImageObject\",\"inLanguage\":\"de\",\"@id\":\"https:\\\/\\\/korneliarataj.com\\\/#\\\/schema\\\/logo\\\/image\\\/\",\"url\":\"https:\\\/\\\/korneliarataj.com\\\/wp-content\\\/uploads\\\/2020\\\/07\\\/LOGO-KR.svg\",\"contentUrl\":\"https:\\\/\\\/korneliarataj.com\\\/wp-content\\\/uploads\\\/2020\\\/07\\\/LOGO-KR.svg\",\"width\":1024,\"height\":1024,\"caption\":\"KORNELIARATAJ\"},\"image\":{\"@id\":\"https:\\\/\\\/korneliarataj.com\\\/#\\\/schema\\\/logo\\\/image\\\/\"},\"sameAs\":[\"http:\\\/\\\/www.facebook.com\\\/korneliaratajshop\",\"http:\\\/\\\/www.instagram.com\\\/korneliarataj\"]}]}<\/script>\n<!-- \/ Yoast SEO plugin. -->","yoast_head_json":{"title":"Lniana sukienka wia\u0328zana minimal \u2013 czarny - KORNELIARATAJ","description":"Czarna lniana sukienka mini z odkrytymi plecami i cienkimi rami\u0105czkami. Elegancka, lekka i zmys\u0142owa forma. 100% len szyty w Polsce.","robots":{"index":"index","follow":"follow","max-snippet":"max-snippet:-1","max-image-preview":"max-image-preview:large","max-video-preview":"max-video-preview:-1"},"canonical":"https:\/\/korneliarataj.com\/de\/produkt\/lniana-sukienka-wiazana-minimal-czarny-2025\/","og_locale":"de_DE","og_type":"article","og_title":"Lniana sukienka wia\u0328zana minimal \u2013 czarny - KORNELIARATAJ","og_description":"Czarna lniana sukienka mini z odkrytymi plecami i cienkimi rami\u0105czkami. Elegancka, lekka i zmys\u0142owa forma. 100% len szyty w Polsce.","og_url":"https:\/\/korneliarataj.com\/de\/produkt\/lniana-sukienka-wiazana-minimal-czarny-2025\/","og_site_name":"KORNELIARATAJ","article_publisher":"http:\/\/www.facebook.com\/korneliaratajshop","article_modified_time":"2026-03-22T22:24:30+00:00","og_image":[{"width":1365,"height":2048,"url":"https:\/\/korneliarataj.com\/wp-content\/uploads\/2025\/04\/LB-LINEN-2025-LNIANA-SUKIENKA-WIAZANA-MINIMAL-CZARNY-1-scaled.webp","type":"image\/webp"}],"twitter_card":"summary_large_image","twitter_misc":{"Gesch\u00e4tzte Lesezeit":"1\u00a0Minute"},"schema":{"@context":"https:\/\/schema.org","@graph":[{"@type":"WebPage","@id":"https:\/\/korneliarataj.com\/produkt\/lniana-sukienka-wiazana-minimal-czarny-2025\/","url":"https:\/\/korneliarataj.com\/produkt\/lniana-sukienka-wiazana-minimal-czarny-2025\/","name":"Lniana sukienka wia\u0328zana minimal \u2013 czarny - KORNELIARATAJ","isPartOf":{"@id":"https:\/\/korneliarataj.com\/#website"},"primaryImageOfPage":{"@id":"https:\/\/korneliarataj.com\/produkt\/lniana-sukienka-wiazana-minimal-czarny-2025\/#primaryimage"},"image":{"@id":"https:\/\/korneliarataj.com\/produkt\/lniana-sukienka-wiazana-minimal-czarny-2025\/#primaryimage"},"thumbnailUrl":"https:\/\/korneliarataj.com\/wp-content\/uploads\/2025\/04\/LB-LINEN-2025-LNIANA-SUKIENKA-WIAZANA-MINIMAL-CZARNY-1-scaled.webp","datePublished":"2025-04-23T14:10:11+00:00","dateModified":"2026-03-22T22:24:30+00:00","description":"Czarna lniana sukienka mini z odkrytymi plecami i cienkimi rami\u0105czkami. Elegancka, lekka i zmys\u0142owa forma. 100% len szyty w Polsce.","breadcrumb":{"@id":"https:\/\/korneliarataj.com\/produkt\/lniana-sukienka-wiazana-minimal-czarny-2025\/#breadcrumb"},"inLanguage":"de","potentialAction":[{"@type":"ReadAction","target":["https:\/\/korneliarataj.com\/produkt\/lniana-sukienka-wiazana-minimal-czarny-2025\/"]}]},{"@type":"ImageObject","inLanguage":"de","@id":"https:\/\/korneliarataj.com\/produkt\/lniana-sukienka-wiazana-minimal-czarny-2025\/#primaryimage","url":"https:\/\/korneliarataj.com\/wp-content\/uploads\/2025\/04\/LB-LINEN-2025-LNIANA-SUKIENKA-WIAZANA-MINIMAL-CZARNY-1-scaled.webp","contentUrl":"https:\/\/korneliarataj.com\/wp-content\/uploads\/2025\/04\/LB-LINEN-2025-LNIANA-SUKIENKA-WIAZANA-MINIMAL-CZARNY-1-scaled.webp","width":1365,"height":2048,"caption":"Lniana sukienka wia\u0328zana minimal \u2013 czarny"},{"@type":"BreadcrumbList","@id":"https:\/\/korneliarataj.com\/produkt\/lniana-sukienka-wiazana-minimal-czarny-2025\/#breadcrumb","itemListElement":[{"@type":"ListItem","position":1,"name":"HOME","item":"https:\/\/korneliarataj.com\/"},{"@type":"ListItem","position":2,"name":"Products","item":"https:\/\/korneliarataj.com\/en\/shop\/"},{"@type":"ListItem","position":3,"name":"Lniana sukienka wia\u0328zana minimal \u2013 czarny"}]},{"@type":"WebSite","@id":"https:\/\/korneliarataj.com\/#website","url":"https:\/\/korneliarataj.com\/","name":"Bademode und Leinenbekleidung Shop Kornelia Rataj","description":"badebekleidung badebekleidung leinen leinenbekleidung","publisher":{"@id":"https:\/\/korneliarataj.com\/#organization"},"potentialAction":[{"@type":"SearchAction","target":{"@type":"EntryPoint","urlTemplate":"https:\/\/korneliarataj.com\/?s={search_term_string}"},"query-input":{"@type":"PropertyValueSpecification","valueRequired":true,"valueName":"search_term_string"}}],"inLanguage":"de"},{"@type":"Organization","@id":"https:\/\/korneliarataj.com\/#organization","name":"KORNELIARATAJ","url":"https:\/\/korneliarataj.com\/","logo":{"@type":"ImageObject","inLanguage":"de","@id":"https:\/\/korneliarataj.com\/#\/schema\/logo\/image\/","url":"https:\/\/korneliarataj.com\/wp-content\/uploads\/2020\/07\/LOGO-KR.svg","contentUrl":"https:\/\/korneliarataj.com\/wp-content\/uploads\/2020\/07\/LOGO-KR.svg","width":1024,"height":1024,"caption":"KORNELIARATAJ"},"image":{"@id":"https:\/\/korneliarataj.com\/#\/schema\/logo\/image\/"},"sameAs":["http:\/\/www.facebook.com\/korneliaratajshop","http:\/\/www.instagram.com\/korneliarataj"]}]}},"_links":{"self":[{"href":"https:\/\/korneliarataj.com\/de\/wp-json\/wp\/v2\/product\/317932","targetHints":{"allow":["GET"]}}],"collection":[{"href":"https:\/\/korneliarataj.com\/de\/wp-json\/wp\/v2\/product"}],"about":[{"href":"https:\/\/korneliarataj.com\/de\/wp-json\/wp\/v2\/types\/product"}],"wp:featuredmedia":[{"embeddable":true,"href":"https:\/\/korneliarataj.com\/de\/wp-json\/wp\/v2\/media\/317903"}],"wp:attachment":[{"href":"https:\/\/korneliarataj.com\/de\/wp-json\/wp\/v2\/media?parent=317932"}],"wp:term":[{"taxonomy":"product_brand","embeddable":true,"href":"https:\/\/korneliarataj.com\/de\/wp-json\/wp\/v2\/product_brand?post=317932"},{"taxonomy":"product_cat","embeddable":true,"href":"https:\/\/korneliarataj.com\/de\/wp-json\/wp\/v2\/product_cat?post=317932"},{"taxonomy":"product_tag","embeddable":true,"href":"https:\/\/korneliarataj.com\/de\/wp-json\/wp\/v2\/product_tag?post=317932"}],"curies":[{"name":"wp","href":"https:\/\/api.w.org\/{rel}","templated":true}]}}