{"id":317875,"date":"2025-04-23T13:02:56","date_gmt":"2025-04-23T11:02:56","guid":{"rendered":"https:\/\/korneliarataj.com\/?post_type=product&#038;p=317875"},"modified":"2026-04-06T11:55:40","modified_gmt":"2026-04-06T09:55:40","slug":"lniana-prosta-dluga-spodnica-calm-smietankowy-bialy-2025","status":"publish","type":"product","link":"https:\/\/korneliarataj.com\/de\/produkt\/lniana-prosta-dluga-spodnica-calm-smietankowy-bialy-2025\/","title":{"rendered":"Gerader langer Rock aus Leinen calm - cremewei\u00df"},"content":{"rendered":"","protected":false},"excerpt":{"rendered":"<p style=\"text-align: left;\"><strong>OPTIONEN<\/strong><\/p>\n<p style=\"text-align: left;\"><a href=\"https:\/\/korneliarataj.com\/de\/produkt\/lniana-prosta-dluga-spodnica-calm-pastelowy-zolty-2025\/\" target=\"_blank\" rel=\"noopener noreferrer\"><img decoding=\"async\" src=\"https:\/\/korneliarataj.com\/wp-content\/uploads\/2025\/04\/LB-LINEN-2025-LNIANA-SPODNICA-CALM-PASTELOWY-ZOLTY-1-200x300.webp\" width=\"100px\" \/><\/a>\u00a0<a href=\"https:\/\/korneliarataj.com\/de\/produkt\/lniana-prosta-dluga-spodnica-calm-naturalny-len-2025\/\" target=\"_blank\" rel=\"noopener noreferrer\"><img decoding=\"async\" src=\"https:\/\/korneliarataj.com\/wp-content\/uploads\/2025\/04\/LB-LINEN-2025-LNIANA-SPODNICA-CALM-NATURALNY-LEN-1-200x300.webp\" width=\"100px\" \/><\/a>\u00a0<a href=\"https:\/\/korneliarataj.com\/de\/produkt\/lniana-prosta-dluga-spodnica-calm-czarny-2025\/\" target=\"_blank\" rel=\"noopener noreferrer\"><img decoding=\"async\" src=\"https:\/\/korneliarataj.com\/wp-content\/uploads\/2025\/04\/LB-LINEN-2025-LNIANA-SPODNICA-CALM-CZARNY-1-200x300.webp\" width=\"100px\" \/><\/a><\/p>\n<p style=\"text-align: left;\"><u><strong>D\u0142uga, bia\u0142a, lniana sp\u00f3dnica \u2013 \u015bwie\u017ca, minimalistyczna, klasyka na lato<\/strong><\/u><\/p>\n<p style=\"text-align: left;\">Bia\u0142a sp\u00f3dnica maxi z lnu to idealna propozycja na lato \u2013 lekka, roz\u015bwietlaj\u0105ca i niezwykle kobieca. Ma wy\u017cszy stan z elastyczn\u0105 gum\u0105 i troczkami, kt\u00f3re pozwalaj\u0105 idealnie dopasowa\u0107 j\u0105 do sylwetki. Prosty, swobodny kr\u00f3j pi\u0119knie uk\u0142ada si\u0119 w ruchu.<br \/>\nUszyta z naturalnego lnu od polskiego producenta, sp\u00f3dnica jest oddychaj\u0105ca, przewiewna i zmi\u0119kczona \u2013 doskona\u0142a zar\u00f3wno na co dzie\u0144, jak i na letnie przyj\u0119cia.<\/p>\n<p style=\"text-align: left;\"><strong>Details, auf die es ankommt<\/strong><br \/>\n&#8211; Subtelna \u015bmietankowa biel \u2013 elegancka i romantyczna,<br \/>\n&#8211; Lu\u017any fason i wygodna talia,<br \/>\n&#8211; 100% naturalny len \u2013 idealny na lato,<br \/>\n&#8211; Uszyta w Polsce w rodzinnej pracowni,<br \/>\n&#8211; Uniwersalna d\u0142ugo\u015b\u0107 maxi \u2013 pasuje do wszystkiego.<br \/>\nTa d\u0142uga sp\u00f3dnica z lnu to doskona\u0142a baza letnich stylizacji \u2013 sprawdzi si\u0119 na co dzie\u0144, jak i na pla\u017cy, wakacyjne spacery czy plenerowe przyj\u0119cia. No\u015b j\u0105 ze sneakersami, sanda\u0142ami lub espadrylami, dodaj ulubion\u0105 kurtk\u0119 jeansow\u0105 lub marynark\u0119. Sp\u00f3dnic\u0119 zestaw z bia\u0142ym <strong><a href=\"https:\/\/korneliarataj.com\/de\/topy-lniane\/\" target=\"_blank\" rel=\"noopener noreferrer\">verschn\u00fcrtes Top<\/a><\/strong> oder <strong><a href=\"https:\/\/korneliarataj.com\/de\/topy-lniane\/\" target=\"_blank\" rel=\"noopener noreferrer\">Leinen-Twistbluse<\/a><\/strong>, um einen sommerlichen Leinen-Look zu kreieren. hinzuf\u00fcgen <strong><a href=\"https:\/\/korneliarataj.com\/de\/gumki-do-wlosow-lniane\/\" target=\"_blank\" rel=\"noopener noreferrer\">Leinenhaargummi<\/a><\/strong> in der gleichen Farbe - ein schicker Minimalismus ist garantiert.<br \/>\nErh\u00e4ltlich in 4 zeitlosen Farben und 5 Gr\u00f6\u00dfen - leicht anpassbar an Ihre Silhouette und Garderobe.<\/p>\n<p style=\"text-align: left;\"><strong>Abmessungen des Modells<\/strong><br \/>\nDas Model Veronica auf dem Bild tr\u00e4gt Gr\u00f6\u00dfe S<br \/>\nBrustumfang: 89 cm<br \/>\nUmfang unter der B\u00fcste: 75 cm<br \/>\nBecher: 75D\/70E<br \/>\nUmfang der Taille: 68 cm<br \/>\nH\u00fcftumfang: 103 cm<br \/>\nH\u00f6he: 173 cm<\/p>\n<p style=\"text-align: left;\"><strong>Nat\u00fcrlichkeit und Qualit\u00e4t in jedem Detail<\/strong><br \/>\nUnsere Produkte werden aus 100% Leinen hergestellt, das wir von lokalen Lieferanten beziehen. Wir entwerfen und n\u00e4hen in unserer eigenen Werkstatt und k\u00fcmmern uns um jedes Detail.<br \/>\nLegen Sie sie in Ihren Warenkorb und kreieren Sie Ihren ganz pers\u00f6nlichen Leinen-Look - bequem, stilvoll und 100% nat\u00fcrlich.<\/p>\n<p style=\"text-align: left;\"><strong>Leinenfarbe cremewei\u00df<\/strong><br \/>\nLeinen in einem Off-White-Ton ist eine weiche Alternative zu reinem Wei\u00df - cremiger, w\u00e4rmer und dezenter. Dieser Farbton unterstreicht die Leichtigkeit des Looks und verleiht ihm Weichheit. Off-white Leinen sieht auf jedem Teint gro\u00dfartig aus, erhellt den Teint und schafft einen eleganten, ungezwungenen Look, der die Br\u00e4une noch mehr betont. Es ist die perfekte Wahl f\u00fcr Liebhaber von Naturt\u00f6nen und Klassikern mit einem Hauch von Frische. Wei\u00dfes Leinen ist eine zeitlose Wahl f\u00fcr Sommertage.<\/p>\n<p style=\"text-align: left;\"><strong>Zusammensetzung und Pflege<\/strong><br \/>\n- 100% Flachs<br \/>\n- Gewicht: 140 g\/m\u00b2<br \/>\n- Handw\u00e4sche oder Schonwaschgang bei 30\u00b0C<br \/>\n- Eisen bei max. 150\u00b0C<\/p>","protected":false},"featured_media":317853,"template":"","meta":[],"product_brand":[500],"product_cat":[639,621,76,644,634,615],"product_tag":[],"class_list":{"0":"post-317875","1":"product","2":"type-product","3":"status-publish","4":"has-post-thumbnail","6":"product_brand-korneliarataj","7":"product_cat-kategorie-lniane","8":"product_cat-kolory-lniane","9":"product_cat-linen","10":"product_cat-sale-linen-2025","11":"product_cat-smietankowy-bialy-lniane","12":"product_cat-spodnice-lniane","13":"flv-has-gallery","15":"first","16":"outofstock","17":"taxable","18":"shipping-taxable","19":"product-type-variable"},"yoast_head":"<!-- This site is optimized with the Yoast SEO plugin v27.3 - https:\/\/yoast.com\/product\/yoast-seo-wordpress\/ -->\n<title>Lniana prosta d\u0142uga spo\u0301dnica calm \u2013 \u015bmietankowy bia\u0142y - KORNELIARATAJ<\/title>\n<meta name=\"description\" content=\"Lniana, bia\u0142a, d\u0142uga sp\u00f3dnica \u2013 przewiewna, wygodna i kobieca. Z elastyczn\u0105 tali\u0105 i troczkami. Naturalny len szyty w Polsce.\" \/>\n<meta name=\"robots\" content=\"index, follow, max-snippet:-1, max-image-preview:large, max-video-preview:-1\" \/>\n<link rel=\"canonical\" href=\"https:\/\/korneliarataj.com\/de\/produkt\/lniana-prosta-dluga-spodnica-calm-smietankowy-bialy-2025\/\" \/>\n<meta property=\"og:locale\" content=\"de_DE\" \/>\n<meta property=\"og:type\" content=\"article\" \/>\n<meta property=\"og:title\" content=\"Lniana prosta d\u0142uga spo\u0301dnica calm \u2013 \u015bmietankowy bia\u0142y - KORNELIARATAJ\" \/>\n<meta property=\"og:description\" content=\"Lniana, bia\u0142a, d\u0142uga sp\u00f3dnica \u2013 przewiewna, wygodna i kobieca. Z elastyczn\u0105 tali\u0105 i troczkami. Naturalny len szyty w Polsce.\" \/>\n<meta property=\"og:url\" content=\"https:\/\/korneliarataj.com\/de\/produkt\/lniana-prosta-dluga-spodnica-calm-smietankowy-bialy-2025\/\" \/>\n<meta property=\"og:site_name\" content=\"KORNELIARATAJ\" \/>\n<meta property=\"article:publisher\" content=\"http:\/\/www.facebook.com\/korneliaratajshop\" \/>\n<meta property=\"article:modified_time\" content=\"2026-04-06T09:55:40+00:00\" \/>\n<meta property=\"og:image\" content=\"https:\/\/korneliarataj.com\/wp-content\/uploads\/2025\/04\/LB-LINEN-2025-LNIANA-SPODNICA-CALM-SMIETANKOWY-BIALY-1-scaled.webp\" \/>\n\t<meta property=\"og:image:width\" content=\"1365\" \/>\n\t<meta property=\"og:image:height\" content=\"2048\" \/>\n\t<meta property=\"og:image:type\" content=\"image\/webp\" \/>\n<meta name=\"twitter:card\" content=\"summary_large_image\" \/>\n<meta name=\"twitter:label1\" content=\"Gesch\u00e4tzte Lesezeit\" \/>\n\t<meta name=\"twitter:data1\" content=\"1\u00a0Minute\" \/>\n<script type=\"application\/ld+json\" class=\"yoast-schema-graph\">{\"@context\":\"https:\\\/\\\/schema.org\",\"@graph\":[{\"@type\":\"WebPage\",\"@id\":\"https:\\\/\\\/korneliarataj.com\\\/produkt\\\/lniana-prosta-dluga-spodnica-calm-smietankowy-bialy-2025\\\/\",\"url\":\"https:\\\/\\\/korneliarataj.com\\\/produkt\\\/lniana-prosta-dluga-spodnica-calm-smietankowy-bialy-2025\\\/\",\"name\":\"Lniana prosta d\u0142uga spo\u0301dnica calm \u2013 \u015bmietankowy bia\u0142y - KORNELIARATAJ\",\"isPartOf\":{\"@id\":\"https:\\\/\\\/korneliarataj.com\\\/#website\"},\"primaryImageOfPage\":{\"@id\":\"https:\\\/\\\/korneliarataj.com\\\/produkt\\\/lniana-prosta-dluga-spodnica-calm-smietankowy-bialy-2025\\\/#primaryimage\"},\"image\":{\"@id\":\"https:\\\/\\\/korneliarataj.com\\\/produkt\\\/lniana-prosta-dluga-spodnica-calm-smietankowy-bialy-2025\\\/#primaryimage\"},\"thumbnailUrl\":\"https:\\\/\\\/korneliarataj.com\\\/wp-content\\\/uploads\\\/2025\\\/04\\\/LB-LINEN-2025-LNIANA-SPODNICA-CALM-SMIETANKOWY-BIALY-1-scaled.webp\",\"datePublished\":\"2025-04-23T11:02:56+00:00\",\"dateModified\":\"2026-04-06T09:55:40+00:00\",\"description\":\"Lniana, bia\u0142a, d\u0142uga sp\u00f3dnica \u2013 przewiewna, wygodna i kobieca. Z elastyczn\u0105 tali\u0105 i troczkami. Naturalny len szyty w Polsce.\",\"breadcrumb\":{\"@id\":\"https:\\\/\\\/korneliarataj.com\\\/produkt\\\/lniana-prosta-dluga-spodnica-calm-smietankowy-bialy-2025\\\/#breadcrumb\"},\"inLanguage\":\"de\",\"potentialAction\":[{\"@type\":\"ReadAction\",\"target\":[\"https:\\\/\\\/korneliarataj.com\\\/produkt\\\/lniana-prosta-dluga-spodnica-calm-smietankowy-bialy-2025\\\/\"]}]},{\"@type\":\"ImageObject\",\"inLanguage\":\"de\",\"@id\":\"https:\\\/\\\/korneliarataj.com\\\/produkt\\\/lniana-prosta-dluga-spodnica-calm-smietankowy-bialy-2025\\\/#primaryimage\",\"url\":\"https:\\\/\\\/korneliarataj.com\\\/wp-content\\\/uploads\\\/2025\\\/04\\\/LB-LINEN-2025-LNIANA-SPODNICA-CALM-SMIETANKOWY-BIALY-1-scaled.webp\",\"contentUrl\":\"https:\\\/\\\/korneliarataj.com\\\/wp-content\\\/uploads\\\/2025\\\/04\\\/LB-LINEN-2025-LNIANA-SPODNICA-CALM-SMIETANKOWY-BIALY-1-scaled.webp\",\"width\":1365,\"height\":2048,\"caption\":\"Lniana prosta d\u0142uga spo\u0301dnica calm - smietankowy bialy\"},{\"@type\":\"BreadcrumbList\",\"@id\":\"https:\\\/\\\/korneliarataj.com\\\/produkt\\\/lniana-prosta-dluga-spodnica-calm-smietankowy-bialy-2025\\\/#breadcrumb\",\"itemListElement\":[{\"@type\":\"ListItem\",\"position\":1,\"name\":\"HOME\",\"item\":\"https:\\\/\\\/korneliarataj.com\\\/\"},{\"@type\":\"ListItem\",\"position\":2,\"name\":\"Products\",\"item\":\"https:\\\/\\\/korneliarataj.com\\\/en\\\/shop\\\/\"},{\"@type\":\"ListItem\",\"position\":3,\"name\":\"Lniana prosta d\u0142uga spo\u0301dnica calm \u2013 \u015bmietankowy bia\u0142y\"}]},{\"@type\":\"WebSite\",\"@id\":\"https:\\\/\\\/korneliarataj.com\\\/#website\",\"url\":\"https:\\\/\\\/korneliarataj.com\\\/\",\"name\":\"Stroje K\u0105pielowe i Odzie\u017c Lniana Sklep Kornelia Rataj\",\"description\":\"swimwear stroje k\u0105pielowe ubrania len lniane\",\"publisher\":{\"@id\":\"https:\\\/\\\/korneliarataj.com\\\/#organization\"},\"potentialAction\":[{\"@type\":\"SearchAction\",\"target\":{\"@type\":\"EntryPoint\",\"urlTemplate\":\"https:\\\/\\\/korneliarataj.com\\\/?s={search_term_string}\"},\"query-input\":{\"@type\":\"PropertyValueSpecification\",\"valueRequired\":true,\"valueName\":\"search_term_string\"}}],\"inLanguage\":\"de\"},{\"@type\":\"Organization\",\"@id\":\"https:\\\/\\\/korneliarataj.com\\\/#organization\",\"name\":\"KORNELIARATAJ\",\"url\":\"https:\\\/\\\/korneliarataj.com\\\/\",\"logo\":{\"@type\":\"ImageObject\",\"inLanguage\":\"de\",\"@id\":\"https:\\\/\\\/korneliarataj.com\\\/#\\\/schema\\\/logo\\\/image\\\/\",\"url\":\"https:\\\/\\\/korneliarataj.com\\\/wp-content\\\/uploads\\\/2020\\\/07\\\/LOGO-KR.svg\",\"contentUrl\":\"https:\\\/\\\/korneliarataj.com\\\/wp-content\\\/uploads\\\/2020\\\/07\\\/LOGO-KR.svg\",\"width\":1024,\"height\":1024,\"caption\":\"KORNELIARATAJ\"},\"image\":{\"@id\":\"https:\\\/\\\/korneliarataj.com\\\/#\\\/schema\\\/logo\\\/image\\\/\"},\"sameAs\":[\"http:\\\/\\\/www.facebook.com\\\/korneliaratajshop\",\"http:\\\/\\\/www.instagram.com\\\/korneliarataj\"]}]}<\/script>\n<!-- \/ Yoast SEO plugin. -->","yoast_head_json":{"title":"Lniana prosta d\u0142uga spo\u0301dnica calm \u2013 \u015bmietankowy bia\u0142y - KORNELIARATAJ","description":"Lniana, bia\u0142a, d\u0142uga sp\u00f3dnica \u2013 przewiewna, wygodna i kobieca. Z elastyczn\u0105 tali\u0105 i troczkami. Naturalny len szyty w Polsce.","robots":{"index":"index","follow":"follow","max-snippet":"max-snippet:-1","max-image-preview":"max-image-preview:large","max-video-preview":"max-video-preview:-1"},"canonical":"https:\/\/korneliarataj.com\/de\/produkt\/lniana-prosta-dluga-spodnica-calm-smietankowy-bialy-2025\/","og_locale":"de_DE","og_type":"article","og_title":"Lniana prosta d\u0142uga spo\u0301dnica calm \u2013 \u015bmietankowy bia\u0142y - KORNELIARATAJ","og_description":"Lniana, bia\u0142a, d\u0142uga sp\u00f3dnica \u2013 przewiewna, wygodna i kobieca. Z elastyczn\u0105 tali\u0105 i troczkami. Naturalny len szyty w Polsce.","og_url":"https:\/\/korneliarataj.com\/de\/produkt\/lniana-prosta-dluga-spodnica-calm-smietankowy-bialy-2025\/","og_site_name":"KORNELIARATAJ","article_publisher":"http:\/\/www.facebook.com\/korneliaratajshop","article_modified_time":"2026-04-06T09:55:40+00:00","og_image":[{"width":1365,"height":2048,"url":"https:\/\/korneliarataj.com\/wp-content\/uploads\/2025\/04\/LB-LINEN-2025-LNIANA-SPODNICA-CALM-SMIETANKOWY-BIALY-1-scaled.webp","type":"image\/webp"}],"twitter_card":"summary_large_image","twitter_misc":{"Gesch\u00e4tzte Lesezeit":"1\u00a0Minute"},"schema":{"@context":"https:\/\/schema.org","@graph":[{"@type":"WebPage","@id":"https:\/\/korneliarataj.com\/produkt\/lniana-prosta-dluga-spodnica-calm-smietankowy-bialy-2025\/","url":"https:\/\/korneliarataj.com\/produkt\/lniana-prosta-dluga-spodnica-calm-smietankowy-bialy-2025\/","name":"Lniana prosta d\u0142uga spo\u0301dnica calm \u2013 \u015bmietankowy bia\u0142y - KORNELIARATAJ","isPartOf":{"@id":"https:\/\/korneliarataj.com\/#website"},"primaryImageOfPage":{"@id":"https:\/\/korneliarataj.com\/produkt\/lniana-prosta-dluga-spodnica-calm-smietankowy-bialy-2025\/#primaryimage"},"image":{"@id":"https:\/\/korneliarataj.com\/produkt\/lniana-prosta-dluga-spodnica-calm-smietankowy-bialy-2025\/#primaryimage"},"thumbnailUrl":"https:\/\/korneliarataj.com\/wp-content\/uploads\/2025\/04\/LB-LINEN-2025-LNIANA-SPODNICA-CALM-SMIETANKOWY-BIALY-1-scaled.webp","datePublished":"2025-04-23T11:02:56+00:00","dateModified":"2026-04-06T09:55:40+00:00","description":"Lniana, bia\u0142a, d\u0142uga sp\u00f3dnica \u2013 przewiewna, wygodna i kobieca. Z elastyczn\u0105 tali\u0105 i troczkami. Naturalny len szyty w Polsce.","breadcrumb":{"@id":"https:\/\/korneliarataj.com\/produkt\/lniana-prosta-dluga-spodnica-calm-smietankowy-bialy-2025\/#breadcrumb"},"inLanguage":"de","potentialAction":[{"@type":"ReadAction","target":["https:\/\/korneliarataj.com\/produkt\/lniana-prosta-dluga-spodnica-calm-smietankowy-bialy-2025\/"]}]},{"@type":"ImageObject","inLanguage":"de","@id":"https:\/\/korneliarataj.com\/produkt\/lniana-prosta-dluga-spodnica-calm-smietankowy-bialy-2025\/#primaryimage","url":"https:\/\/korneliarataj.com\/wp-content\/uploads\/2025\/04\/LB-LINEN-2025-LNIANA-SPODNICA-CALM-SMIETANKOWY-BIALY-1-scaled.webp","contentUrl":"https:\/\/korneliarataj.com\/wp-content\/uploads\/2025\/04\/LB-LINEN-2025-LNIANA-SPODNICA-CALM-SMIETANKOWY-BIALY-1-scaled.webp","width":1365,"height":2048,"caption":"Lniana prosta d\u0142uga spo\u0301dnica calm - smietankowy bialy"},{"@type":"BreadcrumbList","@id":"https:\/\/korneliarataj.com\/produkt\/lniana-prosta-dluga-spodnica-calm-smietankowy-bialy-2025\/#breadcrumb","itemListElement":[{"@type":"ListItem","position":1,"name":"HOME","item":"https:\/\/korneliarataj.com\/"},{"@type":"ListItem","position":2,"name":"Products","item":"https:\/\/korneliarataj.com\/en\/shop\/"},{"@type":"ListItem","position":3,"name":"Lniana prosta d\u0142uga spo\u0301dnica calm \u2013 \u015bmietankowy bia\u0142y"}]},{"@type":"WebSite","@id":"https:\/\/korneliarataj.com\/#website","url":"https:\/\/korneliarataj.com\/","name":"Bademode und Leinenbekleidung Shop Kornelia Rataj","description":"badebekleidung badebekleidung leinen leinenbekleidung","publisher":{"@id":"https:\/\/korneliarataj.com\/#organization"},"potentialAction":[{"@type":"SearchAction","target":{"@type":"EntryPoint","urlTemplate":"https:\/\/korneliarataj.com\/?s={search_term_string}"},"query-input":{"@type":"PropertyValueSpecification","valueRequired":true,"valueName":"search_term_string"}}],"inLanguage":"de"},{"@type":"Organization","@id":"https:\/\/korneliarataj.com\/#organization","name":"KORNELIARATAJ","url":"https:\/\/korneliarataj.com\/","logo":{"@type":"ImageObject","inLanguage":"de","@id":"https:\/\/korneliarataj.com\/#\/schema\/logo\/image\/","url":"https:\/\/korneliarataj.com\/wp-content\/uploads\/2020\/07\/LOGO-KR.svg","contentUrl":"https:\/\/korneliarataj.com\/wp-content\/uploads\/2020\/07\/LOGO-KR.svg","width":1024,"height":1024,"caption":"KORNELIARATAJ"},"image":{"@id":"https:\/\/korneliarataj.com\/#\/schema\/logo\/image\/"},"sameAs":["http:\/\/www.facebook.com\/korneliaratajshop","http:\/\/www.instagram.com\/korneliarataj"]}]}},"_links":{"self":[{"href":"https:\/\/korneliarataj.com\/de\/wp-json\/wp\/v2\/product\/317875","targetHints":{"allow":["GET"]}}],"collection":[{"href":"https:\/\/korneliarataj.com\/de\/wp-json\/wp\/v2\/product"}],"about":[{"href":"https:\/\/korneliarataj.com\/de\/wp-json\/wp\/v2\/types\/product"}],"wp:featuredmedia":[{"embeddable":true,"href":"https:\/\/korneliarataj.com\/de\/wp-json\/wp\/v2\/media\/317853"}],"wp:attachment":[{"href":"https:\/\/korneliarataj.com\/de\/wp-json\/wp\/v2\/media?parent=317875"}],"wp:term":[{"taxonomy":"product_brand","embeddable":true,"href":"https:\/\/korneliarataj.com\/de\/wp-json\/wp\/v2\/product_brand?post=317875"},{"taxonomy":"product_cat","embeddable":true,"href":"https:\/\/korneliarataj.com\/de\/wp-json\/wp\/v2\/product_cat?post=317875"},{"taxonomy":"product_tag","embeddable":true,"href":"https:\/\/korneliarataj.com\/de\/wp-json\/wp\/v2\/product_tag?post=317875"}],"curies":[{"name":"wp","href":"https:\/\/api.w.org\/{rel}","templated":true}]}}