{"id":317839,"date":"2025-04-23T11:33:33","date_gmt":"2025-04-23T09:33:33","guid":{"rendered":"https:\/\/korneliarataj.com\/?post_type=product&#038;p=317839"},"modified":"2026-04-13T13:39:57","modified_gmt":"2026-04-13T11:39:57","slug":"lniane-szorty-z-wysokim-stanem-base-czarny-2025","status":"publish","type":"product","link":"https:\/\/korneliarataj.com\/de\/produkt\/lniane-szorty-z-wysokim-stanem-base-czarny-2025\/","title":{"rendered":"Shorts mit hoher Taille aus Leinen - schwarz"},"content":{"rendered":"","protected":false},"excerpt":{"rendered":"<p style=\"text-align: left;\"><strong>OPTIONEN<\/strong><\/p>\n<p style=\"text-align: left;\"><a href=\"https:\/\/korneliarataj.com\/de\/produkt\/lniane-szorty-z-wysokim-stanem-base-pastelowy-zolty-2025\/\" target=\"_blank\" rel=\"noopener noreferrer\"><img decoding=\"async\" src=\"https:\/\/korneliarataj.com\/wp-content\/uploads\/2025\/04\/LB-LINEN-2025-LNIANE-SZORTY-BASE-PASTELOWY-ZOLTY-1-200x300.webp\" width=\"100px\" \/><\/a>\u00a0<a href=\"https:\/\/korneliarataj.com\/de\/produkt\/lniane-szorty-z-wysokim-stanem-base-naturalny-len-2025\/\" target=\"_blank\" rel=\"noopener noreferrer\"><img decoding=\"async\" src=\"https:\/\/korneliarataj.com\/wp-content\/uploads\/2025\/04\/LB-LINEN-2025-LNIANE-SZORTY-BASE-NATURALNY-LEN-1-200x300.webp\" width=\"100px\" \/><\/a>\u00a0<a href=\"https:\/\/korneliarataj.com\/de\/produkt\/lniane-szorty-z-wysokim-stanem-base-smietankowy-bialy-2025\/\" target=\"_blank\" rel=\"noopener noreferrer\"><img decoding=\"async\" src=\"https:\/\/korneliarataj.com\/wp-content\/uploads\/2025\/04\/LB-LINEN-2025-LNIANE-SZORTY-BASE-SMIETANKOWY-BIALY-1-200x300.webp\" width=\"100px\" \/><\/a><\/p>\n<p style=\"text-align: left;\"><u><strong>Wei\u00dfe Leinenshorts mit hoher Taille - Leichtigkeit, Frische und nat\u00fcrliche Eleganz f\u00fcr den Sommer<\/strong><\/u><\/p>\n<p style=\"text-align: left;\">Shorts aus nat\u00fcrlichem Leinen in einem cremigen Wei\u00df sind ein Klassiker, der nie aus der Mode kommt. Die helle Farbe bringt Ihre Br\u00e4une sch\u00f6n zur Geltung, w\u00e4hrend die hohe Taille und der elastische Bund mit Kordelzug f\u00fcr einen bequemen und perfekten Sitz sorgen. Dank der Seitentaschen ist sie au\u00dferdem praktisch und eignet sich sowohl f\u00fcr den Alltag als auch f\u00fcr den Urlaub.<br \/>\nDie Shorts aus 100% Leinen eines polnischen Herstellers sind leicht, atmungsaktiv und angenehm weich - wie gemacht f\u00fcr Sommertage. Die einlagige Konstruktion garantiert Komfort und Atmungsaktivit\u00e4t, w\u00e4hrend das entsprechend gew\u00e4hlte Stoffgewicht auch bei hellen Farben f\u00fcr dezente Abdeckung sorgt.<\/p>\n<p style=\"text-align: left;\"><strong>Details, auf die es ankommt<\/strong><br \/>\n- Handgen\u00e4ht in Polen, in einer Familienwerkstatt in Czernica,<br \/>\n- Elastischer Bund + B\u00e4nder zur Anpassung,<br \/>\n- Eingen\u00e4hte Taschen an den Seiten,<br \/>\n- Atmungsaktives, nat\u00fcrliches Leinen von einem polnischen Hersteller,<br \/>\n- Eine klassische L\u00e4nge - perfekt f\u00fcr den Sommer und das urbane Styling.<br \/>\nDie schwarze Farbe verleiht ihm einen zeitlosen Touch - er passt zu allem, nimmt sich optisch zur\u00fcck und sieht in kontrastreichen Kombinationen toll aus. Sie ist die perfekte Wahl f\u00fcr Fans von minimalistischer \u00c4sthetik und \u201em\u00fchelosem Schick\u201d.<br \/>\nKombinieren Sie sie mit Schwarz <strong><a href=\"https:\/\/korneliarataj.com\/de\/topy-lniane\/\" target=\"_blank\" rel=\"noopener noreferrer\">verschn\u00fcrtes Top<\/a><\/strong> oder <strong><a href=\"https:\/\/korneliarataj.com\/de\/topy-lniane\/\" target=\"_blank\" rel=\"noopener noreferrer\">Leinen-Twistbluse<\/a><\/strong> um einen sommerlichen Leinen-Look zu kreieren. hinzuf\u00fcgen <strong><a href=\"https:\/\/korneliarataj.com\/de\/gumki-do-wlosow-lniane\/\" target=\"_blank\" rel=\"noopener noreferrer\">Leinenhaargummi<\/a><\/strong> in der gleichen Farbe - ein schicker Minimalismus ist garantiert.<br \/>\nErh\u00e4ltlich in 4 zeitlosen Farben und 5 Gr\u00f6\u00dfen - Sie k\u00f6nnen sie ganz einfach an Ihre Silhouette und Ihre Garderobe anpassen.<\/p>\n<p style=\"text-align: left;\"><strong>Abmessungen des Modells<\/strong><br \/>\nDas Model Paulina auf dem Bild tr\u00e4gt Gr\u00f6\u00dfe XS<br \/>\nBrustumfang: 81<br \/>\nUmfang unter der B\u00fcste: 72<br \/>\nBecher: B\/C<br \/>\nUmfang der Taille: 60<br \/>\nH\u00fcftumfang: 85<br \/>\nH\u00f6he: 171<\/p>\n<p style=\"text-align: left;\"><strong>Nat\u00fcrlichkeit und Qualit\u00e4t in jedem Detail<\/strong><br \/>\nUnsere Produkte werden aus 100% Leinen hergestellt, das wir von lokalen Lieferanten beziehen. Wir entwerfen und n\u00e4hen in unserer eigenen Werkstatt und k\u00fcmmern uns um jedes Detail.<br \/>\nLegen Sie sie in Ihren Warenkorb und kreieren Sie Ihren ganz pers\u00f6nlichen Leinen-Look - bequem, stilvoll und 100% nat\u00fcrlich.<\/p>\n<p style=\"text-align: left;\"><strong>Schwarzer Leinenschirm<\/strong><br \/>\nDer tiefe, klassische Farbton Schwarz steht f\u00fcr zeitlose Eleganz und Minimalismus in seiner reinsten Form. Er kontrastiert perfekt mit jedem Teint - von sehr hell bis dunkel - und verleiht einem Look Definition und einen modernen Touch. Schwarzes Leinen ist eine vielseitige Wahl, die sowohl zu st\u00e4dtischen als auch zu abendlichen Looks passt, den individuellen Stil unterstreicht und einen Hauch von Raffinesse verleiht.<\/p>\n<p style=\"text-align: left;\"><strong>Zusammensetzung und Pflege<\/strong><br \/>\n- 100% Flachs<br \/>\n- Gewicht: 140 g\/m\u00b2<br \/>\n- Handw\u00e4sche oder Schonwaschgang bei 30\u00b0C<br \/>\n- Eisen bei max. 150\u00b0C<\/p>","protected":false},"featured_media":317800,"template":"","meta":[],"product_brand":[500],"product_cat":[636,639,621,76,644,617],"product_tag":[],"class_list":{"0":"post-317839","1":"product","2":"type-product","3":"status-publish","4":"has-post-thumbnail","6":"product_brand-korneliarataj","7":"product_cat-czarny-lniane","8":"product_cat-kategorie-lniane","9":"product_cat-kolory-lniane","10":"product_cat-linen","11":"product_cat-sale-linen-2025","12":"product_cat-spodenki-lniane","13":"flv-has-gallery","15":"first","16":"instock","17":"sale","18":"taxable","19":"shipping-taxable","20":"purchasable","21":"product-type-variable","22":"has-default-attributes"},"yoast_head":"<!-- This site is optimized with the Yoast SEO plugin v27.3 - https:\/\/yoast.com\/product\/yoast-seo-wordpress\/ -->\n<title>Lniane szorty z wysokim stanem base \u2013 czarny - KORNELIARATAJ<\/title>\n<meta name=\"description\" content=\"Czarne lniane szorty z wysokim stanem \u2013 eleganckie, przewiewne i wygodne. Naturalny len, troczki i kieszenie. Uszyte r\u0119cznie w Polsce \u2013 idealne na lato.\" \/>\n<meta name=\"robots\" content=\"index, follow, max-snippet:-1, max-image-preview:large, max-video-preview:-1\" \/>\n<link rel=\"canonical\" href=\"https:\/\/korneliarataj.com\/de\/produkt\/lniane-szorty-z-wysokim-stanem-base-czarny-2025\/\" \/>\n<meta property=\"og:locale\" content=\"de_DE\" \/>\n<meta property=\"og:type\" content=\"article\" \/>\n<meta property=\"og:title\" content=\"Lniane szorty z wysokim stanem base \u2013 czarny - KORNELIARATAJ\" \/>\n<meta property=\"og:description\" content=\"Czarne lniane szorty z wysokim stanem \u2013 eleganckie, przewiewne i wygodne. Naturalny len, troczki i kieszenie. Uszyte r\u0119cznie w Polsce \u2013 idealne na lato.\" \/>\n<meta property=\"og:url\" content=\"https:\/\/korneliarataj.com\/de\/produkt\/lniane-szorty-z-wysokim-stanem-base-czarny-2025\/\" \/>\n<meta property=\"og:site_name\" content=\"KORNELIARATAJ\" \/>\n<meta property=\"article:publisher\" content=\"http:\/\/www.facebook.com\/korneliaratajshop\" \/>\n<meta property=\"article:modified_time\" content=\"2026-04-13T11:39:57+00:00\" \/>\n<meta property=\"og:image\" content=\"https:\/\/korneliarataj.com\/wp-content\/uploads\/2025\/04\/LB-LINEN-2025-LNIANE-SZORTY-BASE-CZARNY-1-scaled.webp\" \/>\n\t<meta property=\"og:image:width\" content=\"1365\" \/>\n\t<meta property=\"og:image:height\" content=\"2048\" \/>\n\t<meta property=\"og:image:type\" content=\"image\/webp\" \/>\n<meta name=\"twitter:card\" content=\"summary_large_image\" \/>\n<meta name=\"twitter:label1\" content=\"Gesch\u00e4tzte Lesezeit\" \/>\n\t<meta name=\"twitter:data1\" content=\"1\u00a0Minute\" \/>\n<script type=\"application\/ld+json\" class=\"yoast-schema-graph\">{\"@context\":\"https:\\\/\\\/schema.org\",\"@graph\":[{\"@type\":\"WebPage\",\"@id\":\"https:\\\/\\\/korneliarataj.com\\\/produkt\\\/lniane-szorty-z-wysokim-stanem-base-czarny-2025\\\/\",\"url\":\"https:\\\/\\\/korneliarataj.com\\\/produkt\\\/lniane-szorty-z-wysokim-stanem-base-czarny-2025\\\/\",\"name\":\"Lniane szorty z wysokim stanem base \u2013 czarny - KORNELIARATAJ\",\"isPartOf\":{\"@id\":\"https:\\\/\\\/korneliarataj.com\\\/#website\"},\"primaryImageOfPage\":{\"@id\":\"https:\\\/\\\/korneliarataj.com\\\/produkt\\\/lniane-szorty-z-wysokim-stanem-base-czarny-2025\\\/#primaryimage\"},\"image\":{\"@id\":\"https:\\\/\\\/korneliarataj.com\\\/produkt\\\/lniane-szorty-z-wysokim-stanem-base-czarny-2025\\\/#primaryimage\"},\"thumbnailUrl\":\"https:\\\/\\\/korneliarataj.com\\\/wp-content\\\/uploads\\\/2025\\\/04\\\/LB-LINEN-2025-LNIANE-SZORTY-BASE-CZARNY-1-scaled.webp\",\"datePublished\":\"2025-04-23T09:33:33+00:00\",\"dateModified\":\"2026-04-13T11:39:57+00:00\",\"description\":\"Czarne lniane szorty z wysokim stanem \u2013 eleganckie, przewiewne i wygodne. Naturalny len, troczki i kieszenie. Uszyte r\u0119cznie w Polsce \u2013 idealne na lato.\",\"breadcrumb\":{\"@id\":\"https:\\\/\\\/korneliarataj.com\\\/produkt\\\/lniane-szorty-z-wysokim-stanem-base-czarny-2025\\\/#breadcrumb\"},\"inLanguage\":\"de\",\"potentialAction\":[{\"@type\":\"ReadAction\",\"target\":[\"https:\\\/\\\/korneliarataj.com\\\/produkt\\\/lniane-szorty-z-wysokim-stanem-base-czarny-2025\\\/\"]}]},{\"@type\":\"ImageObject\",\"inLanguage\":\"de\",\"@id\":\"https:\\\/\\\/korneliarataj.com\\\/produkt\\\/lniane-szorty-z-wysokim-stanem-base-czarny-2025\\\/#primaryimage\",\"url\":\"https:\\\/\\\/korneliarataj.com\\\/wp-content\\\/uploads\\\/2025\\\/04\\\/LB-LINEN-2025-LNIANE-SZORTY-BASE-CZARNY-1-scaled.webp\",\"contentUrl\":\"https:\\\/\\\/korneliarataj.com\\\/wp-content\\\/uploads\\\/2025\\\/04\\\/LB-LINEN-2025-LNIANE-SZORTY-BASE-CZARNY-1-scaled.webp\",\"width\":1365,\"height\":2048,\"caption\":\"Lniane szorty z wysokim stanem base \u2013 czarny\"},{\"@type\":\"BreadcrumbList\",\"@id\":\"https:\\\/\\\/korneliarataj.com\\\/produkt\\\/lniane-szorty-z-wysokim-stanem-base-czarny-2025\\\/#breadcrumb\",\"itemListElement\":[{\"@type\":\"ListItem\",\"position\":1,\"name\":\"HOME\",\"item\":\"https:\\\/\\\/korneliarataj.com\\\/\"},{\"@type\":\"ListItem\",\"position\":2,\"name\":\"Products\",\"item\":\"https:\\\/\\\/korneliarataj.com\\\/en\\\/shop\\\/\"},{\"@type\":\"ListItem\",\"position\":3,\"name\":\"Lniane szorty z wysokim stanem base \u2013 czarny\"}]},{\"@type\":\"WebSite\",\"@id\":\"https:\\\/\\\/korneliarataj.com\\\/#website\",\"url\":\"https:\\\/\\\/korneliarataj.com\\\/\",\"name\":\"Stroje K\u0105pielowe i Odzie\u017c Lniana Sklep Kornelia Rataj\",\"description\":\"swimwear stroje k\u0105pielowe ubrania len lniane\",\"publisher\":{\"@id\":\"https:\\\/\\\/korneliarataj.com\\\/#organization\"},\"potentialAction\":[{\"@type\":\"SearchAction\",\"target\":{\"@type\":\"EntryPoint\",\"urlTemplate\":\"https:\\\/\\\/korneliarataj.com\\\/?s={search_term_string}\"},\"query-input\":{\"@type\":\"PropertyValueSpecification\",\"valueRequired\":true,\"valueName\":\"search_term_string\"}}],\"inLanguage\":\"de\"},{\"@type\":\"Organization\",\"@id\":\"https:\\\/\\\/korneliarataj.com\\\/#organization\",\"name\":\"KORNELIARATAJ\",\"url\":\"https:\\\/\\\/korneliarataj.com\\\/\",\"logo\":{\"@type\":\"ImageObject\",\"inLanguage\":\"de\",\"@id\":\"https:\\\/\\\/korneliarataj.com\\\/#\\\/schema\\\/logo\\\/image\\\/\",\"url\":\"https:\\\/\\\/korneliarataj.com\\\/wp-content\\\/uploads\\\/2020\\\/07\\\/LOGO-KR.svg\",\"contentUrl\":\"https:\\\/\\\/korneliarataj.com\\\/wp-content\\\/uploads\\\/2020\\\/07\\\/LOGO-KR.svg\",\"width\":1024,\"height\":1024,\"caption\":\"KORNELIARATAJ\"},\"image\":{\"@id\":\"https:\\\/\\\/korneliarataj.com\\\/#\\\/schema\\\/logo\\\/image\\\/\"},\"sameAs\":[\"http:\\\/\\\/www.facebook.com\\\/korneliaratajshop\",\"http:\\\/\\\/www.instagram.com\\\/korneliarataj\"]}]}<\/script>\n<!-- \/ Yoast SEO plugin. -->","yoast_head_json":{"title":"Kurze Leinenhose mit hoher Taille - schwarz - KORNELIARATAJ","description":"Schwarze hochtaillierte Leinenshorts - elegant, luftig und bequem. Nat\u00fcrliches Leinen, Kordelzug und Taschen. Handgefertigt in Polen - perfekt f\u00fcr den Sommer.","robots":{"index":"index","follow":"follow","max-snippet":"max-snippet:-1","max-image-preview":"max-image-preview:large","max-video-preview":"max-video-preview:-1"},"canonical":"https:\/\/korneliarataj.com\/de\/produkt\/lniane-szorty-z-wysokim-stanem-base-czarny-2025\/","og_locale":"de_DE","og_type":"article","og_title":"Lniane szorty z wysokim stanem base \u2013 czarny - KORNELIARATAJ","og_description":"Czarne lniane szorty z wysokim stanem \u2013 eleganckie, przewiewne i wygodne. Naturalny len, troczki i kieszenie. Uszyte r\u0119cznie w Polsce \u2013 idealne na lato.","og_url":"https:\/\/korneliarataj.com\/de\/produkt\/lniane-szorty-z-wysokim-stanem-base-czarny-2025\/","og_site_name":"KORNELIARATAJ","article_publisher":"http:\/\/www.facebook.com\/korneliaratajshop","article_modified_time":"2026-04-13T11:39:57+00:00","og_image":[{"width":1365,"height":2048,"url":"https:\/\/korneliarataj.com\/wp-content\/uploads\/2025\/04\/LB-LINEN-2025-LNIANE-SZORTY-BASE-CZARNY-1-scaled.webp","type":"image\/webp"}],"twitter_card":"summary_large_image","twitter_misc":{"Gesch\u00e4tzte Lesezeit":"1\u00a0Minute"},"schema":{"@context":"https:\/\/schema.org","@graph":[{"@type":"WebPage","@id":"https:\/\/korneliarataj.com\/produkt\/lniane-szorty-z-wysokim-stanem-base-czarny-2025\/","url":"https:\/\/korneliarataj.com\/produkt\/lniane-szorty-z-wysokim-stanem-base-czarny-2025\/","name":"Kurze Leinenhose mit hoher Taille - schwarz - KORNELIARATAJ","isPartOf":{"@id":"https:\/\/korneliarataj.com\/#website"},"primaryImageOfPage":{"@id":"https:\/\/korneliarataj.com\/produkt\/lniane-szorty-z-wysokim-stanem-base-czarny-2025\/#primaryimage"},"image":{"@id":"https:\/\/korneliarataj.com\/produkt\/lniane-szorty-z-wysokim-stanem-base-czarny-2025\/#primaryimage"},"thumbnailUrl":"https:\/\/korneliarataj.com\/wp-content\/uploads\/2025\/04\/LB-LINEN-2025-LNIANE-SZORTY-BASE-CZARNY-1-scaled.webp","datePublished":"2025-04-23T09:33:33+00:00","dateModified":"2026-04-13T11:39:57+00:00","description":"Schwarze hochtaillierte Leinenshorts - elegant, luftig und bequem. Nat\u00fcrliches Leinen, Kordelzug und Taschen. Handgefertigt in Polen - perfekt f\u00fcr den Sommer.","breadcrumb":{"@id":"https:\/\/korneliarataj.com\/produkt\/lniane-szorty-z-wysokim-stanem-base-czarny-2025\/#breadcrumb"},"inLanguage":"de","potentialAction":[{"@type":"ReadAction","target":["https:\/\/korneliarataj.com\/produkt\/lniane-szorty-z-wysokim-stanem-base-czarny-2025\/"]}]},{"@type":"ImageObject","inLanguage":"de","@id":"https:\/\/korneliarataj.com\/produkt\/lniane-szorty-z-wysokim-stanem-base-czarny-2025\/#primaryimage","url":"https:\/\/korneliarataj.com\/wp-content\/uploads\/2025\/04\/LB-LINEN-2025-LNIANE-SZORTY-BASE-CZARNY-1-scaled.webp","contentUrl":"https:\/\/korneliarataj.com\/wp-content\/uploads\/2025\/04\/LB-LINEN-2025-LNIANE-SZORTY-BASE-CZARNY-1-scaled.webp","width":1365,"height":2048,"caption":"Lniane szorty z wysokim stanem base \u2013 czarny"},{"@type":"BreadcrumbList","@id":"https:\/\/korneliarataj.com\/produkt\/lniane-szorty-z-wysokim-stanem-base-czarny-2025\/#breadcrumb","itemListElement":[{"@type":"ListItem","position":1,"name":"HOME","item":"https:\/\/korneliarataj.com\/"},{"@type":"ListItem","position":2,"name":"Products","item":"https:\/\/korneliarataj.com\/en\/shop\/"},{"@type":"ListItem","position":3,"name":"Lniane szorty z wysokim stanem base \u2013 czarny"}]},{"@type":"WebSite","@id":"https:\/\/korneliarataj.com\/#website","url":"https:\/\/korneliarataj.com\/","name":"Bademode und Leinenbekleidung Shop Kornelia Rataj","description":"badebekleidung badebekleidung leinen leinenbekleidung","publisher":{"@id":"https:\/\/korneliarataj.com\/#organization"},"potentialAction":[{"@type":"SearchAction","target":{"@type":"EntryPoint","urlTemplate":"https:\/\/korneliarataj.com\/?s={search_term_string}"},"query-input":{"@type":"PropertyValueSpecification","valueRequired":true,"valueName":"search_term_string"}}],"inLanguage":"de"},{"@type":"Organization","@id":"https:\/\/korneliarataj.com\/#organization","name":"KORNELIARATAJ","url":"https:\/\/korneliarataj.com\/","logo":{"@type":"ImageObject","inLanguage":"de","@id":"https:\/\/korneliarataj.com\/#\/schema\/logo\/image\/","url":"https:\/\/korneliarataj.com\/wp-content\/uploads\/2020\/07\/LOGO-KR.svg","contentUrl":"https:\/\/korneliarataj.com\/wp-content\/uploads\/2020\/07\/LOGO-KR.svg","width":1024,"height":1024,"caption":"KORNELIARATAJ"},"image":{"@id":"https:\/\/korneliarataj.com\/#\/schema\/logo\/image\/"},"sameAs":["http:\/\/www.facebook.com\/korneliaratajshop","http:\/\/www.instagram.com\/korneliarataj"]}]}},"_links":{"self":[{"href":"https:\/\/korneliarataj.com\/de\/wp-json\/wp\/v2\/product\/317839","targetHints":{"allow":["GET"]}}],"collection":[{"href":"https:\/\/korneliarataj.com\/de\/wp-json\/wp\/v2\/product"}],"about":[{"href":"https:\/\/korneliarataj.com\/de\/wp-json\/wp\/v2\/types\/product"}],"wp:featuredmedia":[{"embeddable":true,"href":"https:\/\/korneliarataj.com\/de\/wp-json\/wp\/v2\/media\/317800"}],"wp:attachment":[{"href":"https:\/\/korneliarataj.com\/de\/wp-json\/wp\/v2\/media?parent=317839"}],"wp:term":[{"taxonomy":"product_brand","embeddable":true,"href":"https:\/\/korneliarataj.com\/de\/wp-json\/wp\/v2\/product_brand?post=317839"},{"taxonomy":"product_cat","embeddable":true,"href":"https:\/\/korneliarataj.com\/de\/wp-json\/wp\/v2\/product_cat?post=317839"},{"taxonomy":"product_tag","embeddable":true,"href":"https:\/\/korneliarataj.com\/de\/wp-json\/wp\/v2\/product_tag?post=317839"}],"curies":[{"name":"wp","href":"https:\/\/api.w.org\/{rel}","templated":true}]}}