{"id":317813,"date":"2025-04-23T10:29:25","date_gmt":"2025-04-23T08:29:25","guid":{"rendered":"https:\/\/korneliarataj.com\/?post_type=product&#038;p=317813"},"modified":"2026-03-18T20:34:49","modified_gmt":"2026-03-18T19:34:49","slug":"lniane-szorty-z-wysokim-stanem-base-pastelowy-zolty-2025","status":"publish","type":"product","link":"https:\/\/korneliarataj.com\/de\/produkt\/lniane-szorty-z-wysokim-stanem-base-pastelowy-zolty-2025\/","title":{"rendered":"Shorts mit hoher Taille aus Leinen - pastellgelb"},"content":{"rendered":"","protected":false},"excerpt":{"rendered":"<p style=\"text-align: left;\"><strong>OPTIONEN<\/strong><\/p>\n<p style=\"text-align: left;\"><a href=\"https:\/\/korneliarataj.com\/de\/produkt\/lniane-szorty-z-wysokim-stanem-base-naturalny-len-2025\/\" target=\"_blank\" rel=\"noopener noreferrer\"><img decoding=\"async\" src=\"https:\/\/korneliarataj.com\/wp-content\/uploads\/2025\/04\/LB-LINEN-2025-LNIANE-SZORTY-BASE-NATURALNY-LEN-1-200x300.webp\" width=\"100px\" \/><\/a>\u00a0<a href=\"https:\/\/korneliarataj.com\/de\/produkt\/lniane-szorty-z-wysokim-stanem-base-smietankowy-bialy-2025\/\" target=\"_blank\" rel=\"noopener noreferrer\"><img decoding=\"async\" src=\"https:\/\/korneliarataj.com\/wp-content\/uploads\/2025\/04\/LB-LINEN-2025-LNIANE-SZORTY-BASE-SMIETANKOWY-BIALY-1-200x300.webp\" width=\"100px\" \/><\/a>\u00a0<a href=\"https:\/\/korneliarataj.com\/de\/produkt\/lniane-szorty-z-wysokim-stanem-base-czarny-2025\/\" target=\"_blank\" rel=\"noopener noreferrer\"><img decoding=\"async\" src=\"https:\/\/korneliarataj.com\/wp-content\/uploads\/2025\/04\/LB-LINEN-2025-LNIANE-SZORTY-BASE-CZARNY-1-200x300.webp\" width=\"100px\" \/><\/a><\/p>\n<p style=\"text-align: left;\"><u><strong>Pastellgelbe Leinenshorts mit hoher Taille - ein Sommer-Must-Have in Ihrem Kleiderschrank<\/strong><\/u><\/p>\n<p style=\"text-align: left;\">Kurze, hochtaillierte Shorts aus nat\u00fcrlichem Leinen sind die perfekte Wahl f\u00fcr den Sommer - leicht, luftig und \u00e4u\u00dferst bequem. Sie haben einen eingen\u00e4hten elastischen Bund und Kordelz\u00fcge f\u00fcr eine entspannte Passform. Taschen an den Seiten sorgen f\u00fcr Funktionalit\u00e4t und L\u00e4ssigkeit.<br \/>\nDie Shorts sind in 100% aus Leinen gefertigt. Der Stoff ist weich und atmungsaktiv, wodurch sie auch an hei\u00dfen Tagen angenehm zu tragen sind. Die einlagige Konstruktion sorgt f\u00fcr Leichtigkeit und Komfort.<\/p>\n<p style=\"text-align: left;\"><strong>Details, auf die es ankommt<\/strong><br \/>\n- Von Hand gen\u00e4ht in Polen in einer Familienwerkstatt in Czernica,<br \/>\n- Elastischer Bund und Kordelzug zur Regulierung,<br \/>\n- Eingen\u00e4hte Taschen an den Seiten,<br \/>\n- Nat\u00fcrliches, atmungsaktives Leinen von einem polnischen Hersteller,<br \/>\n- Mittellang - ideal f\u00fcr das Styling im Alltag und im Urlaub.<br \/>\nDie Shorts in Pastellgelb (Buttergelb) sind der Hit der Saison Fr\u00fchjahr\/Sommer 2025. Dieser zarte, sonnige Farbton bringt Freude, Frische und Ausstrahlung in Ihre Garderobe. Sie passen perfekt zu den anderen Produkten der Leinen-Kollektion: der Bluse aus reinem Leinen, dem Twist zum Binden, dem Top zum Binden oder dem 3-Wege-Wickelmodell zum Binden.<br \/>\nLegen Sie sie zusammen mit <strong><a href=\"https:\/\/korneliarataj.com\/de\/topy-lniane\/\" target=\"_blank\" rel=\"noopener noreferrer\">Reinleinenbluse<\/a><\/strong> oder <strong><a href=\"https:\/\/korneliarataj.com\/de\/topy-lniane\/\" target=\"_blank\" rel=\"noopener noreferrer\">Drehung<\/a><\/strong>, <strong><a href=\"https:\/\/korneliarataj.com\/de\/topy-lniane\/\" target=\"_blank\" rel=\"noopener noreferrer\">Leinen-Top zum Binden<\/a><\/strong> oder Modell <strong><a href=\"https:\/\/korneliarataj.com\/de\/topy-lniane\/\" target=\"_blank\" rel=\"noopener noreferrer\">wickeln<\/a><\/strong> und hinzuf\u00fcgen <strong><a href=\"https:\/\/korneliarataj.com\/de\/gumki-do-wlosow-lniane\/\" target=\"_blank\" rel=\"noopener noreferrer\">Leinenhaargummi<\/a><\/strong> im gleichen Farbton, so dass ein koh\u00e4rentes Gesamtbild aus Leinen entsteht.<br \/>\nErh\u00e4ltlich in 4 zeitlosen Farben und 5 Gr\u00f6\u00dfen - Sie k\u00f6nnen sie ganz einfach an Ihre Silhouette und Ihre Garderobe anpassen.<\/p>\n<p style=\"text-align: left;\"><strong>Abmessungen des Modells<\/strong><br \/>\nDas Model Veronica auf dem Bild tr\u00e4gt Gr\u00f6\u00dfe M<br \/>\nBrustumfang: 89 cm<br \/>\nUmfang unter der B\u00fcste: 75 cm<br \/>\nBecher: 75D\/70E<br \/>\nUmfang der Taille: 68 cm<br \/>\nH\u00fcftumfang: 103 cm<br \/>\nH\u00f6he: 173 cm<\/p>\n<p style=\"text-align: left;\"><strong>Nat\u00fcrlichkeit und Qualit\u00e4t in jedem Detail<\/strong><br \/>\nUnsere Produkte werden aus 100% Leinen hergestellt, das wir von lokalen Lieferanten beziehen. Wir entwerfen und n\u00e4hen in unserer eigenen Werkstatt und k\u00fcmmern uns um jedes Detail.<br \/>\nLegen Sie sie in Ihren Warenkorb und kreieren Sie Ihren ganz pers\u00f6nlichen Leinen-Look - bequem, stilvoll und 100% nat\u00fcrlich.<\/p>\n<p style=\"text-align: left;\"><strong>Pastellgelbe Leinenfarbe<\/strong><br \/>\nDieser pastellfarbene Gelbton ist von der Morgensonne inspiriert und einer der Top-Trends f\u00fcr den Sommer 2025.<br \/>\nEr bringt jeden Teint zum Leuchten und verleiht der Frisur Leichtigkeit und Optimismus. Er passt sowohl zu hellem Porzellan-Teint als auch zu olivfarbenem und dunklerem Teint - er unterstreicht die nat\u00fcrliche Sch\u00f6nheit der Haut und verleiht der Frisur einen subtilen, frischen Touch. W\u00e4hlen Sie den trendigen Farbton Buttergelb und bringen Sie Freude und Urlaubsstimmung in Ihre Garderobe f\u00fcr die Fr\u00fchjahr-Sommer-Saison.<\/p>\n<p style=\"text-align: left;\"><strong>Zusammensetzung und Pflege<\/strong><br \/>\n- 100% Flachs<br \/>\n- Gewicht: 140 g\/m\u00b2<br \/>\n- Handw\u00e4sche oder Schonwaschgang bei 30\u00b0C<br \/>\n- Eisen bei max. 150\u00b0C<\/p>","protected":false},"featured_media":317806,"template":"","meta":[],"product_brand":[500],"product_cat":[639,621,76,637,644,617],"product_tag":[],"class_list":{"0":"post-317813","1":"product","2":"type-product","3":"status-publish","4":"has-post-thumbnail","6":"product_brand-korneliarataj","7":"product_cat-kategorie-lniane","8":"product_cat-kolory-lniane","9":"product_cat-linen","10":"product_cat-pastelowy-zolty-lniane","11":"product_cat-sale-linen-2025","12":"product_cat-spodenki-lniane","13":"flv-has-gallery","15":"first","16":"instock","17":"sale","18":"taxable","19":"shipping-taxable","20":"purchasable","21":"product-type-variable","22":"has-default-attributes"},"yoast_head":"<!-- This site is optimized with the Yoast SEO plugin v27.3 - https:\/\/yoast.com\/product\/yoast-seo-wordpress\/ -->\n<title>Lniane szorty z wysokim stanem base \u2013 pastelowy \u017c\u00f3\u0142ty - KORNELIARATAJ<\/title>\n<meta name=\"description\" content=\"Pastelowo \u017c\u00f3\u0142te lniane szorty z wysokim stanem \u2013 naturalne, przewiewne i wygodne. Z elastyczn\u0105 tali\u0105, kieszeniami i troczkami. Idealne na lato \u2013 szyte w Polsce.\" \/>\n<meta name=\"robots\" content=\"index, follow, max-snippet:-1, max-image-preview:large, max-video-preview:-1\" \/>\n<link rel=\"canonical\" href=\"https:\/\/korneliarataj.com\/de\/produkt\/lniane-szorty-z-wysokim-stanem-base-pastelowy-zolty-2025\/\" \/>\n<meta property=\"og:locale\" content=\"de_DE\" \/>\n<meta property=\"og:type\" content=\"article\" \/>\n<meta property=\"og:title\" content=\"Lniane szorty z wysokim stanem base \u2013 pastelowy \u017c\u00f3\u0142ty - KORNELIARATAJ\" \/>\n<meta property=\"og:description\" content=\"Pastelowo \u017c\u00f3\u0142te lniane szorty z wysokim stanem \u2013 naturalne, przewiewne i wygodne. Z elastyczn\u0105 tali\u0105, kieszeniami i troczkami. Idealne na lato \u2013 szyte w Polsce.\" \/>\n<meta property=\"og:url\" content=\"https:\/\/korneliarataj.com\/de\/produkt\/lniane-szorty-z-wysokim-stanem-base-pastelowy-zolty-2025\/\" \/>\n<meta property=\"og:site_name\" content=\"KORNELIARATAJ\" \/>\n<meta property=\"article:publisher\" content=\"http:\/\/www.facebook.com\/korneliaratajshop\" \/>\n<meta property=\"article:modified_time\" content=\"2026-03-18T19:34:49+00:00\" \/>\n<meta property=\"og:image\" content=\"https:\/\/korneliarataj.com\/wp-content\/uploads\/2025\/04\/LB-LINEN-2025-LNIANE-SZORTY-BASE-PASTELOWY-ZOLTY-1-scaled.webp\" \/>\n\t<meta property=\"og:image:width\" content=\"1365\" \/>\n\t<meta property=\"og:image:height\" content=\"2048\" \/>\n\t<meta property=\"og:image:type\" content=\"image\/webp\" \/>\n<meta name=\"twitter:card\" content=\"summary_large_image\" \/>\n<meta name=\"twitter:label1\" content=\"Gesch\u00e4tzte Lesezeit\" \/>\n\t<meta name=\"twitter:data1\" content=\"1\u00a0Minute\" \/>\n<script type=\"application\/ld+json\" class=\"yoast-schema-graph\">{\"@context\":\"https:\\\/\\\/schema.org\",\"@graph\":[{\"@type\":\"WebPage\",\"@id\":\"https:\\\/\\\/korneliarataj.com\\\/produkt\\\/lniane-szorty-z-wysokim-stanem-base-pastelowy-zolty-2025\\\/\",\"url\":\"https:\\\/\\\/korneliarataj.com\\\/produkt\\\/lniane-szorty-z-wysokim-stanem-base-pastelowy-zolty-2025\\\/\",\"name\":\"Lniane szorty z wysokim stanem base \u2013 pastelowy \u017c\u00f3\u0142ty - KORNELIARATAJ\",\"isPartOf\":{\"@id\":\"https:\\\/\\\/korneliarataj.com\\\/#website\"},\"primaryImageOfPage\":{\"@id\":\"https:\\\/\\\/korneliarataj.com\\\/produkt\\\/lniane-szorty-z-wysokim-stanem-base-pastelowy-zolty-2025\\\/#primaryimage\"},\"image\":{\"@id\":\"https:\\\/\\\/korneliarataj.com\\\/produkt\\\/lniane-szorty-z-wysokim-stanem-base-pastelowy-zolty-2025\\\/#primaryimage\"},\"thumbnailUrl\":\"https:\\\/\\\/korneliarataj.com\\\/wp-content\\\/uploads\\\/2025\\\/04\\\/LB-LINEN-2025-LNIANE-SZORTY-BASE-PASTELOWY-ZOLTY-1-scaled.webp\",\"datePublished\":\"2025-04-23T08:29:25+00:00\",\"dateModified\":\"2026-03-18T19:34:49+00:00\",\"description\":\"Pastelowo \u017c\u00f3\u0142te lniane szorty z wysokim stanem \u2013 naturalne, przewiewne i wygodne. Z elastyczn\u0105 tali\u0105, kieszeniami i troczkami. Idealne na lato \u2013 szyte w Polsce.\",\"breadcrumb\":{\"@id\":\"https:\\\/\\\/korneliarataj.com\\\/produkt\\\/lniane-szorty-z-wysokim-stanem-base-pastelowy-zolty-2025\\\/#breadcrumb\"},\"inLanguage\":\"de\",\"potentialAction\":[{\"@type\":\"ReadAction\",\"target\":[\"https:\\\/\\\/korneliarataj.com\\\/produkt\\\/lniane-szorty-z-wysokim-stanem-base-pastelowy-zolty-2025\\\/\"]}]},{\"@type\":\"ImageObject\",\"inLanguage\":\"de\",\"@id\":\"https:\\\/\\\/korneliarataj.com\\\/produkt\\\/lniane-szorty-z-wysokim-stanem-base-pastelowy-zolty-2025\\\/#primaryimage\",\"url\":\"https:\\\/\\\/korneliarataj.com\\\/wp-content\\\/uploads\\\/2025\\\/04\\\/LB-LINEN-2025-LNIANE-SZORTY-BASE-PASTELOWY-ZOLTY-1-scaled.webp\",\"contentUrl\":\"https:\\\/\\\/korneliarataj.com\\\/wp-content\\\/uploads\\\/2025\\\/04\\\/LB-LINEN-2025-LNIANE-SZORTY-BASE-PASTELOWY-ZOLTY-1-scaled.webp\",\"width\":1365,\"height\":2048,\"caption\":\"Lniane szorty z wysokim stanem base \u2013 pastelowy zolty\"},{\"@type\":\"BreadcrumbList\",\"@id\":\"https:\\\/\\\/korneliarataj.com\\\/produkt\\\/lniane-szorty-z-wysokim-stanem-base-pastelowy-zolty-2025\\\/#breadcrumb\",\"itemListElement\":[{\"@type\":\"ListItem\",\"position\":1,\"name\":\"HOME\",\"item\":\"https:\\\/\\\/korneliarataj.com\\\/\"},{\"@type\":\"ListItem\",\"position\":2,\"name\":\"Products\",\"item\":\"https:\\\/\\\/korneliarataj.com\\\/en\\\/shop\\\/\"},{\"@type\":\"ListItem\",\"position\":3,\"name\":\"Lniane szorty z wysokim stanem base \u2013 pastelowy \u017c\u00f3\u0142ty\"}]},{\"@type\":\"WebSite\",\"@id\":\"https:\\\/\\\/korneliarataj.com\\\/#website\",\"url\":\"https:\\\/\\\/korneliarataj.com\\\/\",\"name\":\"Stroje K\u0105pielowe i Odzie\u017c Lniana Sklep Kornelia Rataj\",\"description\":\"swimwear stroje k\u0105pielowe ubrania len lniane\",\"publisher\":{\"@id\":\"https:\\\/\\\/korneliarataj.com\\\/#organization\"},\"potentialAction\":[{\"@type\":\"SearchAction\",\"target\":{\"@type\":\"EntryPoint\",\"urlTemplate\":\"https:\\\/\\\/korneliarataj.com\\\/?s={search_term_string}\"},\"query-input\":{\"@type\":\"PropertyValueSpecification\",\"valueRequired\":true,\"valueName\":\"search_term_string\"}}],\"inLanguage\":\"de\"},{\"@type\":\"Organization\",\"@id\":\"https:\\\/\\\/korneliarataj.com\\\/#organization\",\"name\":\"KORNELIARATAJ\",\"url\":\"https:\\\/\\\/korneliarataj.com\\\/\",\"logo\":{\"@type\":\"ImageObject\",\"inLanguage\":\"de\",\"@id\":\"https:\\\/\\\/korneliarataj.com\\\/#\\\/schema\\\/logo\\\/image\\\/\",\"url\":\"https:\\\/\\\/korneliarataj.com\\\/wp-content\\\/uploads\\\/2020\\\/07\\\/LOGO-KR.svg\",\"contentUrl\":\"https:\\\/\\\/korneliarataj.com\\\/wp-content\\\/uploads\\\/2020\\\/07\\\/LOGO-KR.svg\",\"width\":1024,\"height\":1024,\"caption\":\"KORNELIARATAJ\"},\"image\":{\"@id\":\"https:\\\/\\\/korneliarataj.com\\\/#\\\/schema\\\/logo\\\/image\\\/\"},\"sameAs\":[\"http:\\\/\\\/www.facebook.com\\\/korneliaratajshop\",\"http:\\\/\\\/www.instagram.com\\\/korneliarataj\"]}]}<\/script>\n<!-- \/ Yoast SEO plugin. -->","yoast_head_json":{"title":"Kurze Leinenhose mit hoher Taille - pastellgelb - KORNELIARATAJ","description":"Pastellgelbe Leinenshorts mit hoher Taille - nat\u00fcrlich, luftig und bequem. Mit elastischem Bund, Taschen und B\u00e4ndern. Ideal f\u00fcr den Sommer - made in Poland.","robots":{"index":"index","follow":"follow","max-snippet":"max-snippet:-1","max-image-preview":"max-image-preview:large","max-video-preview":"max-video-preview:-1"},"canonical":"https:\/\/korneliarataj.com\/de\/produkt\/lniane-szorty-z-wysokim-stanem-base-pastelowy-zolty-2025\/","og_locale":"de_DE","og_type":"article","og_title":"Lniane szorty z wysokim stanem base \u2013 pastelowy \u017c\u00f3\u0142ty - KORNELIARATAJ","og_description":"Pastelowo \u017c\u00f3\u0142te lniane szorty z wysokim stanem \u2013 naturalne, przewiewne i wygodne. Z elastyczn\u0105 tali\u0105, kieszeniami i troczkami. Idealne na lato \u2013 szyte w Polsce.","og_url":"https:\/\/korneliarataj.com\/de\/produkt\/lniane-szorty-z-wysokim-stanem-base-pastelowy-zolty-2025\/","og_site_name":"KORNELIARATAJ","article_publisher":"http:\/\/www.facebook.com\/korneliaratajshop","article_modified_time":"2026-03-18T19:34:49+00:00","og_image":[{"width":1365,"height":2048,"url":"https:\/\/korneliarataj.com\/wp-content\/uploads\/2025\/04\/LB-LINEN-2025-LNIANE-SZORTY-BASE-PASTELOWY-ZOLTY-1-scaled.webp","type":"image\/webp"}],"twitter_card":"summary_large_image","twitter_misc":{"Gesch\u00e4tzte Lesezeit":"1\u00a0Minute"},"schema":{"@context":"https:\/\/schema.org","@graph":[{"@type":"WebPage","@id":"https:\/\/korneliarataj.com\/produkt\/lniane-szorty-z-wysokim-stanem-base-pastelowy-zolty-2025\/","url":"https:\/\/korneliarataj.com\/produkt\/lniane-szorty-z-wysokim-stanem-base-pastelowy-zolty-2025\/","name":"Kurze Leinenhose mit hoher Taille - pastellgelb - KORNELIARATAJ","isPartOf":{"@id":"https:\/\/korneliarataj.com\/#website"},"primaryImageOfPage":{"@id":"https:\/\/korneliarataj.com\/produkt\/lniane-szorty-z-wysokim-stanem-base-pastelowy-zolty-2025\/#primaryimage"},"image":{"@id":"https:\/\/korneliarataj.com\/produkt\/lniane-szorty-z-wysokim-stanem-base-pastelowy-zolty-2025\/#primaryimage"},"thumbnailUrl":"https:\/\/korneliarataj.com\/wp-content\/uploads\/2025\/04\/LB-LINEN-2025-LNIANE-SZORTY-BASE-PASTELOWY-ZOLTY-1-scaled.webp","datePublished":"2025-04-23T08:29:25+00:00","dateModified":"2026-03-18T19:34:49+00:00","description":"Pastellgelbe Leinenshorts mit hoher Taille - nat\u00fcrlich, luftig und bequem. Mit elastischem Bund, Taschen und B\u00e4ndern. Ideal f\u00fcr den Sommer - made in Poland.","breadcrumb":{"@id":"https:\/\/korneliarataj.com\/produkt\/lniane-szorty-z-wysokim-stanem-base-pastelowy-zolty-2025\/#breadcrumb"},"inLanguage":"de","potentialAction":[{"@type":"ReadAction","target":["https:\/\/korneliarataj.com\/produkt\/lniane-szorty-z-wysokim-stanem-base-pastelowy-zolty-2025\/"]}]},{"@type":"ImageObject","inLanguage":"de","@id":"https:\/\/korneliarataj.com\/produkt\/lniane-szorty-z-wysokim-stanem-base-pastelowy-zolty-2025\/#primaryimage","url":"https:\/\/korneliarataj.com\/wp-content\/uploads\/2025\/04\/LB-LINEN-2025-LNIANE-SZORTY-BASE-PASTELOWY-ZOLTY-1-scaled.webp","contentUrl":"https:\/\/korneliarataj.com\/wp-content\/uploads\/2025\/04\/LB-LINEN-2025-LNIANE-SZORTY-BASE-PASTELOWY-ZOLTY-1-scaled.webp","width":1365,"height":2048,"caption":"Lniane szorty z wysokim stanem base \u2013 pastelowy zolty"},{"@type":"BreadcrumbList","@id":"https:\/\/korneliarataj.com\/produkt\/lniane-szorty-z-wysokim-stanem-base-pastelowy-zolty-2025\/#breadcrumb","itemListElement":[{"@type":"ListItem","position":1,"name":"HOME","item":"https:\/\/korneliarataj.com\/"},{"@type":"ListItem","position":2,"name":"Products","item":"https:\/\/korneliarataj.com\/en\/shop\/"},{"@type":"ListItem","position":3,"name":"Lniane szorty z wysokim stanem base \u2013 pastelowy \u017c\u00f3\u0142ty"}]},{"@type":"WebSite","@id":"https:\/\/korneliarataj.com\/#website","url":"https:\/\/korneliarataj.com\/","name":"Bademode und Leinenbekleidung Shop Kornelia Rataj","description":"badebekleidung badebekleidung leinen leinenbekleidung","publisher":{"@id":"https:\/\/korneliarataj.com\/#organization"},"potentialAction":[{"@type":"SearchAction","target":{"@type":"EntryPoint","urlTemplate":"https:\/\/korneliarataj.com\/?s={search_term_string}"},"query-input":{"@type":"PropertyValueSpecification","valueRequired":true,"valueName":"search_term_string"}}],"inLanguage":"de"},{"@type":"Organization","@id":"https:\/\/korneliarataj.com\/#organization","name":"KORNELIARATAJ","url":"https:\/\/korneliarataj.com\/","logo":{"@type":"ImageObject","inLanguage":"de","@id":"https:\/\/korneliarataj.com\/#\/schema\/logo\/image\/","url":"https:\/\/korneliarataj.com\/wp-content\/uploads\/2020\/07\/LOGO-KR.svg","contentUrl":"https:\/\/korneliarataj.com\/wp-content\/uploads\/2020\/07\/LOGO-KR.svg","width":1024,"height":1024,"caption":"KORNELIARATAJ"},"image":{"@id":"https:\/\/korneliarataj.com\/#\/schema\/logo\/image\/"},"sameAs":["http:\/\/www.facebook.com\/korneliaratajshop","http:\/\/www.instagram.com\/korneliarataj"]}]}},"_links":{"self":[{"href":"https:\/\/korneliarataj.com\/de\/wp-json\/wp\/v2\/product\/317813","targetHints":{"allow":["GET"]}}],"collection":[{"href":"https:\/\/korneliarataj.com\/de\/wp-json\/wp\/v2\/product"}],"about":[{"href":"https:\/\/korneliarataj.com\/de\/wp-json\/wp\/v2\/types\/product"}],"wp:featuredmedia":[{"embeddable":true,"href":"https:\/\/korneliarataj.com\/de\/wp-json\/wp\/v2\/media\/317806"}],"wp:attachment":[{"href":"https:\/\/korneliarataj.com\/de\/wp-json\/wp\/v2\/media?parent=317813"}],"wp:term":[{"taxonomy":"product_brand","embeddable":true,"href":"https:\/\/korneliarataj.com\/de\/wp-json\/wp\/v2\/product_brand?post=317813"},{"taxonomy":"product_cat","embeddable":true,"href":"https:\/\/korneliarataj.com\/de\/wp-json\/wp\/v2\/product_cat?post=317813"},{"taxonomy":"product_tag","embeddable":true,"href":"https:\/\/korneliarataj.com\/de\/wp-json\/wp\/v2\/product_tag?post=317813"}],"curies":[{"name":"wp","href":"https:\/\/api.w.org\/{rel}","templated":true}]}}