{"id":317743,"date":"2025-04-23T09:39:29","date_gmt":"2025-04-23T07:39:29","guid":{"rendered":"https:\/\/korneliarataj.com\/?post_type=product&#038;p=317743"},"modified":"2026-04-13T13:39:57","modified_gmt":"2026-04-13T11:39:57","slug":"lniana-bluzka-wiazana-twist-czarny-2025","status":"publish","type":"product","link":"https:\/\/korneliarataj.com\/de\/produkt\/lniana-bluzka-wiazana-twist-czarny-2025\/","title":{"rendered":"Bluse mit Krawatte aus Leinen - schwarz"},"content":{"rendered":"","protected":false},"excerpt":{"rendered":"<p style=\"text-align: left;\"><strong>OPTIONEN<\/strong><\/p>\n<p style=\"text-align: left;\"><a href=\"https:\/\/korneliarataj.com\/de\/produkt\/lniana-bluzka-wiazana-twist-pastelowy-zolty-2025\/\" target=\"_blank\" rel=\"noopener noreferrer\"><img decoding=\"async\" src=\"https:\/\/korneliarataj.com\/wp-content\/uploads\/2025\/04\/LB-LINEN-2025-LNIANA-BLUZKA-WIAZANA-TWIST-PASTELOWY-ZOLTY-1-200x300.webp\" width=\"100px\" \/><\/a>\u00a0<a href=\"https:\/\/korneliarataj.com\/de\/produkt\/lniana-bluzka-wiazana-twist-naturalny-len-2025\/\" target=\"_blank\" rel=\"noopener noreferrer\"><img decoding=\"async\" src=\"https:\/\/korneliarataj.com\/wp-content\/uploads\/2025\/04\/LB-LINEN-2025-LNIANA-BLUZKA-WIAZANA-TWIST-NATURALNY-LEN-1-200x300.webp\" width=\"100px\" \/><\/a>\u00a0<a href=\"https:\/\/korneliarataj.com\/de\/produkt\/lniana-bluzka-wiazana-twist-smietankowy-bialy-2025\/\" target=\"_blank\" rel=\"noopener noreferrer\"><img decoding=\"async\" src=\"https:\/\/korneliarataj.com\/wp-content\/uploads\/2025\/04\/LB-LINEN-2025-LNIANA-BLUZKA-WIAZANA-TWIST-SMIETANKOWY-BIALY-1-200x300.webp\" width=\"100px\" \/><\/a><\/p>\n<p style=\"text-align: left;\"><u><strong>Schwarze Bluse aus Leinen zum Binden - sommerlich, wendbar und luftig<\/strong><\/u><\/p>\n<p style=\"text-align: left;\">Diese doppelseitige schwarze Leinenbluse mit drei Bindeb\u00e4ndern ist ein zeitloser Schnitt - Sie k\u00f6nnen sie mit Bindeb\u00e4ndern auf der Vorder- oder R\u00fcckseite tragen und so zwei verschiedene Looks in einer Bluse kreieren. Dieses schwarze Leinentop ist die perfekte Wahl f\u00fcr den Sommer - bequem, atmungsaktiv und stilvoll.<br \/>\nDie Bluse aus hochwertigem 100% Leinen ist weich und leicht, perfekt f\u00fcr warme Tage. Die einlagige Form sorgt f\u00fcr Atmungsaktivit\u00e4t und nat\u00fcrlichen Tragekomfort.<\/p>\n<p style=\"text-align: left;\"><strong>Details, auf die es ankommt<\/strong><br \/>\n- Gen\u00e4ht in Polen, in der Familienwerkstatt in Czernica,<br \/>\n- Leichtes, weiches Leinen von einem lokalen Hersteller,<br \/>\n- M\u00f6glichkeit, eine Krawatte vorne oder hinten zu tragen,<br \/>\n- B\u00e4nder f\u00fcr einen perfekten Sitz,<br \/>\n- Es l\u00e4sst sich gut mit anderen Produkten aus der Leinenkollektion kombinieren: <strong><a href=\"https:\/\/korneliarataj.com\/de\/spodenki-lniane\/\" target=\"_blank\" rel=\"noopener noreferrer\">Shorts<\/a><\/strong>, <strong><a href=\"https:\/\/korneliarataj.com\/de\/spodnice-lniane\/\" target=\"_blank\" rel=\"noopener noreferrer\">Rock<\/a><\/strong> i <strong><a href=\"https:\/\/korneliarataj.com\/de\/gumki-do-wlosow-lniane\/\" target=\"_blank\" rel=\"noopener noreferrer\">Haargummi<\/a><\/strong>.<br \/>\nErh\u00e4ltlich in 4 zeitlosen Farben und 3 Gr\u00f6\u00dfen - leicht anpassbar an Ihre Silhouette und Garderobe.<\/p>\n<p style=\"text-align: left;\"><strong>Abmessungen des Modells<\/strong><br \/>\nDas Model Veronica auf dem Foto tr\u00e4gt Gr\u00f6\u00dfe M\/L<br \/>\nBrustumfang: 89 cm<br \/>\nUmfang unter der B\u00fcste: 75 cm<br \/>\nBecher: 75D\/70E<br \/>\nUmfang der Taille: 68 cm<br \/>\nH\u00fcftumfang: 103 cm<br \/>\nH\u00f6he: 173 cm<\/p>\n<p style=\"text-align: left;\"><strong>Nat\u00fcrlichkeit und Qualit\u00e4t in jedem Detail<\/strong><br \/>\nUnsere Produkte werden aus 100% Leinen hergestellt, das wir von lokalen Lieferanten beziehen. Wir entwerfen und n\u00e4hen in unserer eigenen Werkstatt und k\u00fcmmern uns um jedes Detail.<br \/>\nLegen Sie sie in Ihren Warenkorb und kreieren Sie Ihren ganz pers\u00f6nlichen Leinen-Look - bequem, stilvoll und 100% nat\u00fcrlich.<\/p>\n<p style=\"text-align: left;\"><strong>Schwarzer Leinenschirm<\/strong><br \/>\nDer tiefe, klassische Farbton Schwarz steht f\u00fcr zeitlose Eleganz und Minimalismus in seiner reinsten Form. Er kontrastiert perfekt mit jedem Teint - von sehr hell bis dunkel - und verleiht einem Look Definition und einen modernen Touch. Schwarzes Leinen ist eine vielseitige Wahl, die sowohl zu st\u00e4dtischen als auch zu abendlichen Looks passt, den individuellen Stil unterstreicht und einen Hauch von Raffinesse verleiht.<\/p>\n<p style=\"text-align: left;\"><strong>Zusammensetzung und Pflege<\/strong><br \/>\n- 100% Flachs<br \/>\n- Gewicht: 140 g\/m\u00b2<br \/>\n- Handw\u00e4sche oder Schonwaschgang bei 30\u00b0C<br \/>\n- Eisen bei max. 150\u00b0C<\/p>","protected":false},"featured_media":317717,"template":"","meta":[],"product_brand":[500],"product_cat":[614,636,639,621,76,644],"product_tag":[],"class_list":{"0":"post-317743","1":"product","2":"type-product","3":"status-publish","4":"has-post-thumbnail","6":"product_brand-korneliarataj","7":"product_cat-bluzki-lniane","8":"product_cat-czarny-lniane","9":"product_cat-kategorie-lniane","10":"product_cat-kolory-lniane","11":"product_cat-linen","12":"product_cat-sale-linen-2025","13":"flv-has-gallery","15":"first","16":"instock","17":"sale","18":"taxable","19":"shipping-taxable","20":"purchasable","21":"product-type-variable","22":"has-default-attributes"},"yoast_head":"<!-- This site is optimized with the Yoast SEO plugin v27.3 - https:\/\/yoast.com\/product\/yoast-seo-wordpress\/ -->\n<title>Lniana bluzka wi\u0105zana twist \u2013 czarny - KORNELIARATAJ<\/title>\n<meta name=\"description\" content=\"Dwustronna, czarna lniana bluzka bez r\u0119kaw\u00f3w wi\u0105zana na troczki. Naturalna, kobieca i przewiewna \u2013 idealna na lato. Szyta w Polsce z 100% lnu.\" \/>\n<meta name=\"robots\" content=\"index, follow, max-snippet:-1, max-image-preview:large, max-video-preview:-1\" \/>\n<link rel=\"canonical\" href=\"https:\/\/korneliarataj.com\/de\/produkt\/lniana-bluzka-wiazana-twist-czarny-2025\/\" \/>\n<meta property=\"og:locale\" content=\"de_DE\" \/>\n<meta property=\"og:type\" content=\"article\" \/>\n<meta property=\"og:title\" content=\"Lniana bluzka wi\u0105zana twist \u2013 czarny - KORNELIARATAJ\" \/>\n<meta property=\"og:description\" content=\"Dwustronna, czarna lniana bluzka bez r\u0119kaw\u00f3w wi\u0105zana na troczki. Naturalna, kobieca i przewiewna \u2013 idealna na lato. Szyta w Polsce z 100% lnu.\" \/>\n<meta property=\"og:url\" content=\"https:\/\/korneliarataj.com\/de\/produkt\/lniana-bluzka-wiazana-twist-czarny-2025\/\" \/>\n<meta property=\"og:site_name\" content=\"KORNELIARATAJ\" \/>\n<meta property=\"article:publisher\" content=\"http:\/\/www.facebook.com\/korneliaratajshop\" \/>\n<meta property=\"article:modified_time\" content=\"2026-04-13T11:39:57+00:00\" \/>\n<meta property=\"og:image\" content=\"https:\/\/korneliarataj.com\/wp-content\/uploads\/2025\/04\/LB-LINEN-2025-LNIANA-BLUZKA-WIAZANA-TWIST-CZARNY-1-scaled.webp\" \/>\n\t<meta property=\"og:image:width\" content=\"1365\" \/>\n\t<meta property=\"og:image:height\" content=\"2048\" \/>\n\t<meta property=\"og:image:type\" content=\"image\/webp\" \/>\n<meta name=\"twitter:card\" content=\"summary_large_image\" \/>\n<meta name=\"twitter:label1\" content=\"Gesch\u00e4tzte Lesezeit\" \/>\n\t<meta name=\"twitter:data1\" content=\"1\u00a0Minute\" \/>\n<script type=\"application\/ld+json\" class=\"yoast-schema-graph\">{\"@context\":\"https:\\\/\\\/schema.org\",\"@graph\":[{\"@type\":\"WebPage\",\"@id\":\"https:\\\/\\\/korneliarataj.com\\\/produkt\\\/lniana-bluzka-wiazana-twist-czarny-2025\\\/\",\"url\":\"https:\\\/\\\/korneliarataj.com\\\/produkt\\\/lniana-bluzka-wiazana-twist-czarny-2025\\\/\",\"name\":\"Lniana bluzka wi\u0105zana twist \u2013 czarny - KORNELIARATAJ\",\"isPartOf\":{\"@id\":\"https:\\\/\\\/korneliarataj.com\\\/#website\"},\"primaryImageOfPage\":{\"@id\":\"https:\\\/\\\/korneliarataj.com\\\/produkt\\\/lniana-bluzka-wiazana-twist-czarny-2025\\\/#primaryimage\"},\"image\":{\"@id\":\"https:\\\/\\\/korneliarataj.com\\\/produkt\\\/lniana-bluzka-wiazana-twist-czarny-2025\\\/#primaryimage\"},\"thumbnailUrl\":\"https:\\\/\\\/korneliarataj.com\\\/wp-content\\\/uploads\\\/2025\\\/04\\\/LB-LINEN-2025-LNIANA-BLUZKA-WIAZANA-TWIST-CZARNY-1-scaled.webp\",\"datePublished\":\"2025-04-23T07:39:29+00:00\",\"dateModified\":\"2026-04-13T11:39:57+00:00\",\"description\":\"Dwustronna, czarna lniana bluzka bez r\u0119kaw\u00f3w wi\u0105zana na troczki. Naturalna, kobieca i przewiewna \u2013 idealna na lato. Szyta w Polsce z 100% lnu.\",\"breadcrumb\":{\"@id\":\"https:\\\/\\\/korneliarataj.com\\\/produkt\\\/lniana-bluzka-wiazana-twist-czarny-2025\\\/#breadcrumb\"},\"inLanguage\":\"de\",\"potentialAction\":[{\"@type\":\"ReadAction\",\"target\":[\"https:\\\/\\\/korneliarataj.com\\\/produkt\\\/lniana-bluzka-wiazana-twist-czarny-2025\\\/\"]}]},{\"@type\":\"ImageObject\",\"inLanguage\":\"de\",\"@id\":\"https:\\\/\\\/korneliarataj.com\\\/produkt\\\/lniana-bluzka-wiazana-twist-czarny-2025\\\/#primaryimage\",\"url\":\"https:\\\/\\\/korneliarataj.com\\\/wp-content\\\/uploads\\\/2025\\\/04\\\/LB-LINEN-2025-LNIANA-BLUZKA-WIAZANA-TWIST-CZARNY-1-scaled.webp\",\"contentUrl\":\"https:\\\/\\\/korneliarataj.com\\\/wp-content\\\/uploads\\\/2025\\\/04\\\/LB-LINEN-2025-LNIANA-BLUZKA-WIAZANA-TWIST-CZARNY-1-scaled.webp\",\"width\":1365,\"height\":2048,\"caption\":\"Lniana bluzka wi\u0105zana twist \u2013 czarny\"},{\"@type\":\"BreadcrumbList\",\"@id\":\"https:\\\/\\\/korneliarataj.com\\\/produkt\\\/lniana-bluzka-wiazana-twist-czarny-2025\\\/#breadcrumb\",\"itemListElement\":[{\"@type\":\"ListItem\",\"position\":1,\"name\":\"HOME\",\"item\":\"https:\\\/\\\/korneliarataj.com\\\/\"},{\"@type\":\"ListItem\",\"position\":2,\"name\":\"Products\",\"item\":\"https:\\\/\\\/korneliarataj.com\\\/en\\\/shop\\\/\"},{\"@type\":\"ListItem\",\"position\":3,\"name\":\"Lniana bluzka wi\u0105zana twist \u2013 czarny\"}]},{\"@type\":\"WebSite\",\"@id\":\"https:\\\/\\\/korneliarataj.com\\\/#website\",\"url\":\"https:\\\/\\\/korneliarataj.com\\\/\",\"name\":\"Stroje K\u0105pielowe i Odzie\u017c Lniana Sklep Kornelia Rataj\",\"description\":\"swimwear stroje k\u0105pielowe ubrania len lniane\",\"publisher\":{\"@id\":\"https:\\\/\\\/korneliarataj.com\\\/#organization\"},\"potentialAction\":[{\"@type\":\"SearchAction\",\"target\":{\"@type\":\"EntryPoint\",\"urlTemplate\":\"https:\\\/\\\/korneliarataj.com\\\/?s={search_term_string}\"},\"query-input\":{\"@type\":\"PropertyValueSpecification\",\"valueRequired\":true,\"valueName\":\"search_term_string\"}}],\"inLanguage\":\"de\"},{\"@type\":\"Organization\",\"@id\":\"https:\\\/\\\/korneliarataj.com\\\/#organization\",\"name\":\"KORNELIARATAJ\",\"url\":\"https:\\\/\\\/korneliarataj.com\\\/\",\"logo\":{\"@type\":\"ImageObject\",\"inLanguage\":\"de\",\"@id\":\"https:\\\/\\\/korneliarataj.com\\\/#\\\/schema\\\/logo\\\/image\\\/\",\"url\":\"https:\\\/\\\/korneliarataj.com\\\/wp-content\\\/uploads\\\/2020\\\/07\\\/LOGO-KR.svg\",\"contentUrl\":\"https:\\\/\\\/korneliarataj.com\\\/wp-content\\\/uploads\\\/2020\\\/07\\\/LOGO-KR.svg\",\"width\":1024,\"height\":1024,\"caption\":\"KORNELIARATAJ\"},\"image\":{\"@id\":\"https:\\\/\\\/korneliarataj.com\\\/#\\\/schema\\\/logo\\\/image\\\/\"},\"sameAs\":[\"http:\\\/\\\/www.facebook.com\\\/korneliaratajshop\",\"http:\\\/\\\/www.instagram.com\\\/korneliarataj\"]}]}<\/script>\n<!-- \/ Yoast SEO plugin. -->","yoast_head_json":{"title":"Bluse aus Leinen mit Krawatte - schwarz - KORNELIARATAJ","description":"Doppelseitige \u00e4rmellose Bluse aus schwarzem Leinen mit Bindeb\u00e4ndern. Nat\u00fcrlich, feminin und luftig - perfekt f\u00fcr den Sommer. Hergestellt in Polen aus 100% Leinen.","robots":{"index":"index","follow":"follow","max-snippet":"max-snippet:-1","max-image-preview":"max-image-preview:large","max-video-preview":"max-video-preview:-1"},"canonical":"https:\/\/korneliarataj.com\/de\/produkt\/lniana-bluzka-wiazana-twist-czarny-2025\/","og_locale":"de_DE","og_type":"article","og_title":"Lniana bluzka wi\u0105zana twist \u2013 czarny - KORNELIARATAJ","og_description":"Dwustronna, czarna lniana bluzka bez r\u0119kaw\u00f3w wi\u0105zana na troczki. Naturalna, kobieca i przewiewna \u2013 idealna na lato. Szyta w Polsce z 100% lnu.","og_url":"https:\/\/korneliarataj.com\/de\/produkt\/lniana-bluzka-wiazana-twist-czarny-2025\/","og_site_name":"KORNELIARATAJ","article_publisher":"http:\/\/www.facebook.com\/korneliaratajshop","article_modified_time":"2026-04-13T11:39:57+00:00","og_image":[{"width":1365,"height":2048,"url":"https:\/\/korneliarataj.com\/wp-content\/uploads\/2025\/04\/LB-LINEN-2025-LNIANA-BLUZKA-WIAZANA-TWIST-CZARNY-1-scaled.webp","type":"image\/webp"}],"twitter_card":"summary_large_image","twitter_misc":{"Gesch\u00e4tzte Lesezeit":"1\u00a0Minute"},"schema":{"@context":"https:\/\/schema.org","@graph":[{"@type":"WebPage","@id":"https:\/\/korneliarataj.com\/produkt\/lniana-bluzka-wiazana-twist-czarny-2025\/","url":"https:\/\/korneliarataj.com\/produkt\/lniana-bluzka-wiazana-twist-czarny-2025\/","name":"Bluse aus Leinen mit Krawatte - schwarz - KORNELIARATAJ","isPartOf":{"@id":"https:\/\/korneliarataj.com\/#website"},"primaryImageOfPage":{"@id":"https:\/\/korneliarataj.com\/produkt\/lniana-bluzka-wiazana-twist-czarny-2025\/#primaryimage"},"image":{"@id":"https:\/\/korneliarataj.com\/produkt\/lniana-bluzka-wiazana-twist-czarny-2025\/#primaryimage"},"thumbnailUrl":"https:\/\/korneliarataj.com\/wp-content\/uploads\/2025\/04\/LB-LINEN-2025-LNIANA-BLUZKA-WIAZANA-TWIST-CZARNY-1-scaled.webp","datePublished":"2025-04-23T07:39:29+00:00","dateModified":"2026-04-13T11:39:57+00:00","description":"Doppelseitige \u00e4rmellose Bluse aus schwarzem Leinen mit Bindeb\u00e4ndern. Nat\u00fcrlich, feminin und luftig - perfekt f\u00fcr den Sommer. Hergestellt in Polen aus 100% Leinen.","breadcrumb":{"@id":"https:\/\/korneliarataj.com\/produkt\/lniana-bluzka-wiazana-twist-czarny-2025\/#breadcrumb"},"inLanguage":"de","potentialAction":[{"@type":"ReadAction","target":["https:\/\/korneliarataj.com\/produkt\/lniana-bluzka-wiazana-twist-czarny-2025\/"]}]},{"@type":"ImageObject","inLanguage":"de","@id":"https:\/\/korneliarataj.com\/produkt\/lniana-bluzka-wiazana-twist-czarny-2025\/#primaryimage","url":"https:\/\/korneliarataj.com\/wp-content\/uploads\/2025\/04\/LB-LINEN-2025-LNIANA-BLUZKA-WIAZANA-TWIST-CZARNY-1-scaled.webp","contentUrl":"https:\/\/korneliarataj.com\/wp-content\/uploads\/2025\/04\/LB-LINEN-2025-LNIANA-BLUZKA-WIAZANA-TWIST-CZARNY-1-scaled.webp","width":1365,"height":2048,"caption":"Lniana bluzka wi\u0105zana twist \u2013 czarny"},{"@type":"BreadcrumbList","@id":"https:\/\/korneliarataj.com\/produkt\/lniana-bluzka-wiazana-twist-czarny-2025\/#breadcrumb","itemListElement":[{"@type":"ListItem","position":1,"name":"HOME","item":"https:\/\/korneliarataj.com\/"},{"@type":"ListItem","position":2,"name":"Products","item":"https:\/\/korneliarataj.com\/en\/shop\/"},{"@type":"ListItem","position":3,"name":"Lniana bluzka wi\u0105zana twist \u2013 czarny"}]},{"@type":"WebSite","@id":"https:\/\/korneliarataj.com\/#website","url":"https:\/\/korneliarataj.com\/","name":"Bademode und Leinenbekleidung Shop Kornelia Rataj","description":"badebekleidung badebekleidung leinen leinenbekleidung","publisher":{"@id":"https:\/\/korneliarataj.com\/#organization"},"potentialAction":[{"@type":"SearchAction","target":{"@type":"EntryPoint","urlTemplate":"https:\/\/korneliarataj.com\/?s={search_term_string}"},"query-input":{"@type":"PropertyValueSpecification","valueRequired":true,"valueName":"search_term_string"}}],"inLanguage":"de"},{"@type":"Organization","@id":"https:\/\/korneliarataj.com\/#organization","name":"KORNELIARATAJ","url":"https:\/\/korneliarataj.com\/","logo":{"@type":"ImageObject","inLanguage":"de","@id":"https:\/\/korneliarataj.com\/#\/schema\/logo\/image\/","url":"https:\/\/korneliarataj.com\/wp-content\/uploads\/2020\/07\/LOGO-KR.svg","contentUrl":"https:\/\/korneliarataj.com\/wp-content\/uploads\/2020\/07\/LOGO-KR.svg","width":1024,"height":1024,"caption":"KORNELIARATAJ"},"image":{"@id":"https:\/\/korneliarataj.com\/#\/schema\/logo\/image\/"},"sameAs":["http:\/\/www.facebook.com\/korneliaratajshop","http:\/\/www.instagram.com\/korneliarataj"]}]}},"_links":{"self":[{"href":"https:\/\/korneliarataj.com\/de\/wp-json\/wp\/v2\/product\/317743","targetHints":{"allow":["GET"]}}],"collection":[{"href":"https:\/\/korneliarataj.com\/de\/wp-json\/wp\/v2\/product"}],"about":[{"href":"https:\/\/korneliarataj.com\/de\/wp-json\/wp\/v2\/types\/product"}],"wp:featuredmedia":[{"embeddable":true,"href":"https:\/\/korneliarataj.com\/de\/wp-json\/wp\/v2\/media\/317717"}],"wp:attachment":[{"href":"https:\/\/korneliarataj.com\/de\/wp-json\/wp\/v2\/media?parent=317743"}],"wp:term":[{"taxonomy":"product_brand","embeddable":true,"href":"https:\/\/korneliarataj.com\/de\/wp-json\/wp\/v2\/product_brand?post=317743"},{"taxonomy":"product_cat","embeddable":true,"href":"https:\/\/korneliarataj.com\/de\/wp-json\/wp\/v2\/product_cat?post=317743"},{"taxonomy":"product_tag","embeddable":true,"href":"https:\/\/korneliarataj.com\/de\/wp-json\/wp\/v2\/product_tag?post=317743"}],"curies":[{"name":"wp","href":"https:\/\/api.w.org\/{rel}","templated":true}]}}