{"id":317697,"date":"2025-04-23T00:47:50","date_gmt":"2025-04-22T22:47:50","guid":{"rendered":"https:\/\/korneliarataj.com\/?post_type=product&#038;p=317697"},"modified":"2026-04-12T17:48:20","modified_gmt":"2026-04-12T15:48:20","slug":"lniany-top-wiazany-na-plecach-tied-up-naturalny-len-2025","status":"publish","type":"product","link":"https:\/\/korneliarataj.com\/de\/produkt\/lniany-top-wiazany-na-plecach-tied-up-naturalny-len-2025\/","title":{"rendered":"Oberteil aus Leinen mit Bindeband - Leinen natur"},"content":{"rendered":"","protected":false},"excerpt":{"rendered":"<p style=\"text-align: left;\"><strong>OPTIONEN<\/strong><\/p>\n<p style=\"text-align: left;\"><a href=\"https:\/\/korneliarataj.com\/de\/produkt\/lniany-top-wiazany-na-plecach-tied-up-pastelowy-zolty-2025\/\" target=\"_blank\" rel=\"noopener noreferrer\"><img decoding=\"async\" src=\"https:\/\/korneliarataj.com\/wp-content\/uploads\/2025\/04\/LB-LINEN-2025-LNIANY-TOP-WIAZANY-TIED-UP-PASTELOWY-ZOLTY-1-200x300.webp\" width=\"100px\" \/><\/a>\u00a0<a href=\"https:\/\/korneliarataj.com\/de\/produkt\/lniany-top-wiazany-na-plecach-tied-up-smietankowy-bialy-2025\/\" target=\"_blank\" rel=\"noopener noreferrer\"><img decoding=\"async\" src=\"https:\/\/korneliarataj.com\/wp-content\/uploads\/2025\/04\/LB-LINEN-2025-LNIANY-TOP-WIAZANY-TIED-UP-SMIETANKOWY-BIALY-1-200x300.webp\" width=\"100px\" \/><\/a>\u00a0<a href=\"https:\/\/korneliarataj.com\/de\/produkt\/lniany-top-wiazany-na-plecach-tied-up-czarny-2025\/\" target=\"_blank\" rel=\"noopener noreferrer\"><img decoding=\"async\" src=\"https:\/\/korneliarataj.com\/wp-content\/uploads\/2025\/04\/LB-LINEN-2025-LNIANY-TOP-WIAZANY-TIED-UP-CZARNY-1-200x300.webp\" width=\"100px\" \/><\/a><\/p>\n<p style=\"text-align: left;\"><u><strong>Doppellagiges Leinen-Top zum Binden aus nat\u00fcrlichem Leinen - eine zeitlose und vielseitige Wahl f\u00fcr den Sommer<\/strong><\/u><\/p>\n<p style=\"text-align: left;\">Nat\u00fcrliches Leinen ist ein Klassiker, der nie aus der Mode kommt. Dieses Leinentop besticht durch seine schlichte Form und die funktionelle Bindung im R\u00fccken, die dem Style Leichtigkeit verleiht und eine perfekte Passform erm\u00f6glicht. Der offene R\u00fccken legt die Schultern sch\u00f6n frei und unterstreicht den sommerlichen Charakter des Stils.<br \/>\nDas Oberteil aus polnischem Leinen 100% ist atmungsaktiv, weich und bequem. Die doppellagige Form bietet ausreichend Halt und Komfort - sowohl f\u00fcr Alltags- als auch f\u00fcr Urlaubsoutfits.<\/p>\n<p style=\"text-align: left;\"><strong>Details, auf die es ankommt<\/strong><br \/>\n- Gen\u00e4ht in Polen, in der Familienwerkstatt in Czernica,<br \/>\n- Nat\u00fcrliches, geweichtes Leinen von einem lokalen Hersteller,<br \/>\n- Bindung f\u00fcr eine perfekte Passform,<br \/>\n- Es l\u00e4sst sich gut mit anderen Produkten aus der Leinenkollektion kombinieren: <strong><a href=\"https:\/\/korneliarataj.com\/de\/spodenki-lniane\/\" target=\"_blank\" rel=\"noopener noreferrer\">Shorts<\/a><\/strong>, <strong><a href=\"https:\/\/korneliarataj.com\/de\/spodnice-lniane\/\" target=\"_blank\" rel=\"noopener noreferrer\">Rock<\/a><\/strong> i <strong><a href=\"https:\/\/korneliarataj.com\/de\/gumki-do-wlosow-lniane\/\" target=\"_blank\" rel=\"noopener noreferrer\">Haargummi<\/a><\/strong>.<br \/>\nErh\u00e4ltlich in 4 zeitlosen Farben und 3 Gr\u00f6\u00dfen - leicht anpassbar an Ihre Silhouette und Garderobe.<\/p>\n<p style=\"text-align: left;\"><strong>Abmessungen des Modells<\/strong><br \/>\nDas Model Veronica auf dem Foto tr\u00e4gt Gr\u00f6\u00dfe M\/L<br \/>\nBrustumfang: 89 cm<br \/>\nUmfang unter der B\u00fcste: 75 cm<br \/>\nBecher: 75D\/70E<br \/>\nUmfang der Taille: 68 cm<br \/>\nH\u00fcftumfang: 103 cm<br \/>\nH\u00f6he: 173 cm<\/p>\n<p style=\"text-align: left;\"><strong>Nat\u00fcrlichkeit und Qualit\u00e4t in jedem Detail<\/strong><br \/>\nUnsere Produkte werden aus 100% Leinen hergestellt, das wir von lokalen Lieferanten beziehen. Wir entwerfen und n\u00e4hen in unserer eigenen Werkstatt und k\u00fcmmern uns um jedes Detail.<br \/>\nLegen Sie sie in Ihren Warenkorb und kreieren Sie Ihren ganz pers\u00f6nlichen Leinen-Look - bequem, stilvoll und 100% nat\u00fcrlich.<\/p>\n<p style=\"text-align: left;\"><strong>Nat\u00fcrlicher Leinenfarbton<\/strong><br \/>\nDieser subtile, sandfarbene Farbton ist eine Rohform von Leinen und seiner organischen Textur. Der neutrale, warme Ton passt wunderbar zu jedem Teint und bringt Harmonie und Nat\u00fcrlichkeit ins Styling. Die nat\u00fcrliche Leinenfarbe ist die Essenz von Slow Fashion - zeitlos, ruhig und ideal f\u00fcr den Aufbau einer Capsule Garderobe, die auf Qualit\u00e4t, Einfachheit und Nat\u00fcrlichkeit basiert.<\/p>\n<p style=\"text-align: left;\"><strong>Zusammensetzung und Pflege<\/strong><br \/>\n- 100% Flachs<br \/>\n- Gewicht: 140 g\/m\u00b2<br \/>\n- Handw\u00e4sche oder Schonwaschgang bei 30\u00b0C<br \/>\n- Eisen bei max. 150\u00b0C<\/p>","protected":false},"featured_media":317683,"template":"","meta":[],"product_brand":[500],"product_cat":[639,621,76,635,644,92],"product_tag":[],"class_list":{"0":"post-317697","1":"product","2":"type-product","3":"status-publish","4":"has-post-thumbnail","6":"product_brand-korneliarataj","7":"product_cat-kategorie-lniane","8":"product_cat-kolory-lniane","9":"product_cat-linen","10":"product_cat-naturalny-len-lniane","11":"product_cat-sale-linen-2025","12":"product_cat-topy-lniane","13":"flv-has-gallery","15":"first","16":"instock","17":"sale","18":"taxable","19":"shipping-taxable","20":"purchasable","21":"product-type-variable","22":"has-default-attributes"},"yoast_head":"<!-- This site is optimized with the Yoast SEO plugin v27.3 - https:\/\/yoast.com\/product\/yoast-seo-wordpress\/ -->\n<title>Lniany top wi\u0105zany na plecach tied-up - naturalny len - KORNELIARATAJ<\/title>\n<meta name=\"description\" content=\"Top z naturalnego lnu wi\u0105zany na plecach \u2013 minimalistyczny, przewiewny i r\u0119cznie szyty w Polsce. Idealny wyb\u00f3r na lato \u2013 klasyka w nowoczesnym wydaniu.\" \/>\n<meta name=\"robots\" content=\"index, follow, max-snippet:-1, max-image-preview:large, max-video-preview:-1\" \/>\n<link rel=\"canonical\" href=\"https:\/\/korneliarataj.com\/de\/produkt\/lniany-top-wiazany-na-plecach-tied-up-naturalny-len-2025\/\" \/>\n<meta property=\"og:locale\" content=\"de_DE\" \/>\n<meta property=\"og:type\" content=\"article\" \/>\n<meta property=\"og:title\" content=\"Lniany top wi\u0105zany na plecach tied-up - naturalny len - KORNELIARATAJ\" \/>\n<meta property=\"og:description\" content=\"Top z naturalnego lnu wi\u0105zany na plecach \u2013 minimalistyczny, przewiewny i r\u0119cznie szyty w Polsce. Idealny wyb\u00f3r na lato \u2013 klasyka w nowoczesnym wydaniu.\" \/>\n<meta property=\"og:url\" content=\"https:\/\/korneliarataj.com\/de\/produkt\/lniany-top-wiazany-na-plecach-tied-up-naturalny-len-2025\/\" \/>\n<meta property=\"og:site_name\" content=\"KORNELIARATAJ\" \/>\n<meta property=\"article:publisher\" content=\"http:\/\/www.facebook.com\/korneliaratajshop\" \/>\n<meta property=\"article:modified_time\" content=\"2026-04-12T15:48:20+00:00\" \/>\n<meta property=\"og:image\" content=\"https:\/\/korneliarataj.com\/wp-content\/uploads\/2025\/04\/LB-LINEN-2025-LNIANY-TOP-WIAZANY-TIED-UP-NATURALNY-LEN-1-scaled.webp\" \/>\n\t<meta property=\"og:image:width\" content=\"1365\" \/>\n\t<meta property=\"og:image:height\" content=\"2048\" \/>\n\t<meta property=\"og:image:type\" content=\"image\/webp\" \/>\n<meta name=\"twitter:card\" content=\"summary_large_image\" \/>\n<meta name=\"twitter:label1\" content=\"Gesch\u00e4tzte Lesezeit\" \/>\n\t<meta name=\"twitter:data1\" content=\"1\u00a0Minute\" \/>\n<script type=\"application\/ld+json\" class=\"yoast-schema-graph\">{\"@context\":\"https:\\\/\\\/schema.org\",\"@graph\":[{\"@type\":\"WebPage\",\"@id\":\"https:\\\/\\\/korneliarataj.com\\\/produkt\\\/lniany-top-wiazany-na-plecach-tied-up-naturalny-len-2025\\\/\",\"url\":\"https:\\\/\\\/korneliarataj.com\\\/produkt\\\/lniany-top-wiazany-na-plecach-tied-up-naturalny-len-2025\\\/\",\"name\":\"Lniany top wi\u0105zany na plecach tied-up - naturalny len - KORNELIARATAJ\",\"isPartOf\":{\"@id\":\"https:\\\/\\\/korneliarataj.com\\\/#website\"},\"primaryImageOfPage\":{\"@id\":\"https:\\\/\\\/korneliarataj.com\\\/produkt\\\/lniany-top-wiazany-na-plecach-tied-up-naturalny-len-2025\\\/#primaryimage\"},\"image\":{\"@id\":\"https:\\\/\\\/korneliarataj.com\\\/produkt\\\/lniany-top-wiazany-na-plecach-tied-up-naturalny-len-2025\\\/#primaryimage\"},\"thumbnailUrl\":\"https:\\\/\\\/korneliarataj.com\\\/wp-content\\\/uploads\\\/2025\\\/04\\\/LB-LINEN-2025-LNIANY-TOP-WIAZANY-TIED-UP-NATURALNY-LEN-1-scaled.webp\",\"datePublished\":\"2025-04-22T22:47:50+00:00\",\"dateModified\":\"2026-04-12T15:48:20+00:00\",\"description\":\"Top z naturalnego lnu wi\u0105zany na plecach \u2013 minimalistyczny, przewiewny i r\u0119cznie szyty w Polsce. Idealny wyb\u00f3r na lato \u2013 klasyka w nowoczesnym wydaniu.\",\"breadcrumb\":{\"@id\":\"https:\\\/\\\/korneliarataj.com\\\/produkt\\\/lniany-top-wiazany-na-plecach-tied-up-naturalny-len-2025\\\/#breadcrumb\"},\"inLanguage\":\"de\",\"potentialAction\":[{\"@type\":\"ReadAction\",\"target\":[\"https:\\\/\\\/korneliarataj.com\\\/produkt\\\/lniany-top-wiazany-na-plecach-tied-up-naturalny-len-2025\\\/\"]}]},{\"@type\":\"ImageObject\",\"inLanguage\":\"de\",\"@id\":\"https:\\\/\\\/korneliarataj.com\\\/produkt\\\/lniany-top-wiazany-na-plecach-tied-up-naturalny-len-2025\\\/#primaryimage\",\"url\":\"https:\\\/\\\/korneliarataj.com\\\/wp-content\\\/uploads\\\/2025\\\/04\\\/LB-LINEN-2025-LNIANY-TOP-WIAZANY-TIED-UP-NATURALNY-LEN-1-scaled.webp\",\"contentUrl\":\"https:\\\/\\\/korneliarataj.com\\\/wp-content\\\/uploads\\\/2025\\\/04\\\/LB-LINEN-2025-LNIANY-TOP-WIAZANY-TIED-UP-NATURALNY-LEN-1-scaled.webp\",\"width\":1365,\"height\":2048,\"caption\":\"Lniany top wia\u0328zany na plecach tied-up naturalny len\"},{\"@type\":\"BreadcrumbList\",\"@id\":\"https:\\\/\\\/korneliarataj.com\\\/produkt\\\/lniany-top-wiazany-na-plecach-tied-up-naturalny-len-2025\\\/#breadcrumb\",\"itemListElement\":[{\"@type\":\"ListItem\",\"position\":1,\"name\":\"HOME\",\"item\":\"https:\\\/\\\/korneliarataj.com\\\/\"},{\"@type\":\"ListItem\",\"position\":2,\"name\":\"Products\",\"item\":\"https:\\\/\\\/korneliarataj.com\\\/en\\\/shop\\\/\"},{\"@type\":\"ListItem\",\"position\":3,\"name\":\"Lniany top wi\u0105zany na plecach tied-up &#8211; naturalny len\"}]},{\"@type\":\"WebSite\",\"@id\":\"https:\\\/\\\/korneliarataj.com\\\/#website\",\"url\":\"https:\\\/\\\/korneliarataj.com\\\/\",\"name\":\"Stroje K\u0105pielowe i Odzie\u017c Lniana Sklep Kornelia Rataj\",\"description\":\"swimwear stroje k\u0105pielowe ubrania len lniane\",\"publisher\":{\"@id\":\"https:\\\/\\\/korneliarataj.com\\\/#organization\"},\"potentialAction\":[{\"@type\":\"SearchAction\",\"target\":{\"@type\":\"EntryPoint\",\"urlTemplate\":\"https:\\\/\\\/korneliarataj.com\\\/?s={search_term_string}\"},\"query-input\":{\"@type\":\"PropertyValueSpecification\",\"valueRequired\":true,\"valueName\":\"search_term_string\"}}],\"inLanguage\":\"de\"},{\"@type\":\"Organization\",\"@id\":\"https:\\\/\\\/korneliarataj.com\\\/#organization\",\"name\":\"KORNELIARATAJ\",\"url\":\"https:\\\/\\\/korneliarataj.com\\\/\",\"logo\":{\"@type\":\"ImageObject\",\"inLanguage\":\"de\",\"@id\":\"https:\\\/\\\/korneliarataj.com\\\/#\\\/schema\\\/logo\\\/image\\\/\",\"url\":\"https:\\\/\\\/korneliarataj.com\\\/wp-content\\\/uploads\\\/2020\\\/07\\\/LOGO-KR.svg\",\"contentUrl\":\"https:\\\/\\\/korneliarataj.com\\\/wp-content\\\/uploads\\\/2020\\\/07\\\/LOGO-KR.svg\",\"width\":1024,\"height\":1024,\"caption\":\"KORNELIARATAJ\"},\"image\":{\"@id\":\"https:\\\/\\\/korneliarataj.com\\\/#\\\/schema\\\/logo\\\/image\\\/\"},\"sameAs\":[\"http:\\\/\\\/www.facebook.com\\\/korneliaratajshop\",\"http:\\\/\\\/www.instagram.com\\\/korneliarataj\"]}]}<\/script>\n<!-- \/ Yoast SEO plugin. -->","yoast_head_json":{"title":"Lniany top wi\u0105zany na plecach tied-up - naturalny len - KORNELIARATAJ","description":"Top z naturalnego lnu wi\u0105zany na plecach \u2013 minimalistyczny, przewiewny i r\u0119cznie szyty w Polsce. Idealny wyb\u00f3r na lato \u2013 klasyka w nowoczesnym wydaniu.","robots":{"index":"index","follow":"follow","max-snippet":"max-snippet:-1","max-image-preview":"max-image-preview:large","max-video-preview":"max-video-preview:-1"},"canonical":"https:\/\/korneliarataj.com\/de\/produkt\/lniany-top-wiazany-na-plecach-tied-up-naturalny-len-2025\/","og_locale":"de_DE","og_type":"article","og_title":"Lniany top wi\u0105zany na plecach tied-up - naturalny len - KORNELIARATAJ","og_description":"Top z naturalnego lnu wi\u0105zany na plecach \u2013 minimalistyczny, przewiewny i r\u0119cznie szyty w Polsce. Idealny wyb\u00f3r na lato \u2013 klasyka w nowoczesnym wydaniu.","og_url":"https:\/\/korneliarataj.com\/de\/produkt\/lniany-top-wiazany-na-plecach-tied-up-naturalny-len-2025\/","og_site_name":"KORNELIARATAJ","article_publisher":"http:\/\/www.facebook.com\/korneliaratajshop","article_modified_time":"2026-04-12T15:48:20+00:00","og_image":[{"width":1365,"height":2048,"url":"https:\/\/korneliarataj.com\/wp-content\/uploads\/2025\/04\/LB-LINEN-2025-LNIANY-TOP-WIAZANY-TIED-UP-NATURALNY-LEN-1-scaled.webp","type":"image\/webp"}],"twitter_card":"summary_large_image","twitter_misc":{"Gesch\u00e4tzte Lesezeit":"1\u00a0Minute"},"schema":{"@context":"https:\/\/schema.org","@graph":[{"@type":"WebPage","@id":"https:\/\/korneliarataj.com\/produkt\/lniany-top-wiazany-na-plecach-tied-up-naturalny-len-2025\/","url":"https:\/\/korneliarataj.com\/produkt\/lniany-top-wiazany-na-plecach-tied-up-naturalny-len-2025\/","name":"Lniany top wi\u0105zany na plecach tied-up - naturalny len - KORNELIARATAJ","isPartOf":{"@id":"https:\/\/korneliarataj.com\/#website"},"primaryImageOfPage":{"@id":"https:\/\/korneliarataj.com\/produkt\/lniany-top-wiazany-na-plecach-tied-up-naturalny-len-2025\/#primaryimage"},"image":{"@id":"https:\/\/korneliarataj.com\/produkt\/lniany-top-wiazany-na-plecach-tied-up-naturalny-len-2025\/#primaryimage"},"thumbnailUrl":"https:\/\/korneliarataj.com\/wp-content\/uploads\/2025\/04\/LB-LINEN-2025-LNIANY-TOP-WIAZANY-TIED-UP-NATURALNY-LEN-1-scaled.webp","datePublished":"2025-04-22T22:47:50+00:00","dateModified":"2026-04-12T15:48:20+00:00","description":"Top z naturalnego lnu wi\u0105zany na plecach \u2013 minimalistyczny, przewiewny i r\u0119cznie szyty w Polsce. Idealny wyb\u00f3r na lato \u2013 klasyka w nowoczesnym wydaniu.","breadcrumb":{"@id":"https:\/\/korneliarataj.com\/produkt\/lniany-top-wiazany-na-plecach-tied-up-naturalny-len-2025\/#breadcrumb"},"inLanguage":"de","potentialAction":[{"@type":"ReadAction","target":["https:\/\/korneliarataj.com\/produkt\/lniany-top-wiazany-na-plecach-tied-up-naturalny-len-2025\/"]}]},{"@type":"ImageObject","inLanguage":"de","@id":"https:\/\/korneliarataj.com\/produkt\/lniany-top-wiazany-na-plecach-tied-up-naturalny-len-2025\/#primaryimage","url":"https:\/\/korneliarataj.com\/wp-content\/uploads\/2025\/04\/LB-LINEN-2025-LNIANY-TOP-WIAZANY-TIED-UP-NATURALNY-LEN-1-scaled.webp","contentUrl":"https:\/\/korneliarataj.com\/wp-content\/uploads\/2025\/04\/LB-LINEN-2025-LNIANY-TOP-WIAZANY-TIED-UP-NATURALNY-LEN-1-scaled.webp","width":1365,"height":2048,"caption":"Lniany top wia\u0328zany na plecach tied-up naturalny len"},{"@type":"BreadcrumbList","@id":"https:\/\/korneliarataj.com\/produkt\/lniany-top-wiazany-na-plecach-tied-up-naturalny-len-2025\/#breadcrumb","itemListElement":[{"@type":"ListItem","position":1,"name":"HOME","item":"https:\/\/korneliarataj.com\/"},{"@type":"ListItem","position":2,"name":"Products","item":"https:\/\/korneliarataj.com\/en\/shop\/"},{"@type":"ListItem","position":3,"name":"Lniany top wi\u0105zany na plecach tied-up &#8211; naturalny len"}]},{"@type":"WebSite","@id":"https:\/\/korneliarataj.com\/#website","url":"https:\/\/korneliarataj.com\/","name":"Bademode und Leinenbekleidung Shop Kornelia Rataj","description":"badebekleidung badebekleidung leinen leinenbekleidung","publisher":{"@id":"https:\/\/korneliarataj.com\/#organization"},"potentialAction":[{"@type":"SearchAction","target":{"@type":"EntryPoint","urlTemplate":"https:\/\/korneliarataj.com\/?s={search_term_string}"},"query-input":{"@type":"PropertyValueSpecification","valueRequired":true,"valueName":"search_term_string"}}],"inLanguage":"de"},{"@type":"Organization","@id":"https:\/\/korneliarataj.com\/#organization","name":"KORNELIARATAJ","url":"https:\/\/korneliarataj.com\/","logo":{"@type":"ImageObject","inLanguage":"de","@id":"https:\/\/korneliarataj.com\/#\/schema\/logo\/image\/","url":"https:\/\/korneliarataj.com\/wp-content\/uploads\/2020\/07\/LOGO-KR.svg","contentUrl":"https:\/\/korneliarataj.com\/wp-content\/uploads\/2020\/07\/LOGO-KR.svg","width":1024,"height":1024,"caption":"KORNELIARATAJ"},"image":{"@id":"https:\/\/korneliarataj.com\/#\/schema\/logo\/image\/"},"sameAs":["http:\/\/www.facebook.com\/korneliaratajshop","http:\/\/www.instagram.com\/korneliarataj"]}]}},"_links":{"self":[{"href":"https:\/\/korneliarataj.com\/de\/wp-json\/wp\/v2\/product\/317697","targetHints":{"allow":["GET"]}}],"collection":[{"href":"https:\/\/korneliarataj.com\/de\/wp-json\/wp\/v2\/product"}],"about":[{"href":"https:\/\/korneliarataj.com\/de\/wp-json\/wp\/v2\/types\/product"}],"wp:featuredmedia":[{"embeddable":true,"href":"https:\/\/korneliarataj.com\/de\/wp-json\/wp\/v2\/media\/317683"}],"wp:attachment":[{"href":"https:\/\/korneliarataj.com\/de\/wp-json\/wp\/v2\/media?parent=317697"}],"wp:term":[{"taxonomy":"product_brand","embeddable":true,"href":"https:\/\/korneliarataj.com\/de\/wp-json\/wp\/v2\/product_brand?post=317697"},{"taxonomy":"product_cat","embeddable":true,"href":"https:\/\/korneliarataj.com\/de\/wp-json\/wp\/v2\/product_cat?post=317697"},{"taxonomy":"product_tag","embeddable":true,"href":"https:\/\/korneliarataj.com\/de\/wp-json\/wp\/v2\/product_tag?post=317697"}],"curies":[{"name":"wp","href":"https:\/\/api.w.org\/{rel}","templated":true}]}}