{"id":317671,"date":"2025-04-23T00:17:24","date_gmt":"2025-04-22T22:17:24","guid":{"rendered":"https:\/\/korneliarataj.com\/?post_type=product&#038;p=317671"},"modified":"2026-04-08T22:33:48","modified_gmt":"2026-04-08T20:33:48","slug":"lniany-top-wiazany-3w1-wrap-smietankowy-bialy-2025","status":"publish","type":"product","link":"https:\/\/korneliarataj.com\/de\/produkt\/lniany-top-wiazany-3w1-wrap-smietankowy-bialy-2025\/","title":{"rendered":"Gebundenes 3-in-1-Wickeltop aus Leinen - cremewei\u00df"},"content":{"rendered":"","protected":false},"excerpt":{"rendered":"<p style=\"text-align: left;\"><strong>OPTIONEN<\/strong><\/p>\n<p style=\"text-align: left;\"><a href=\"https:\/\/korneliarataj.com\/de\/produkt\/lniany-top-wiazany-3w1-wrap-pastelowy-zolty-2025\/\" target=\"_blank\" rel=\"noopener noreferrer\"><img decoding=\"async\" src=\"https:\/\/korneliarataj.com\/wp-content\/uploads\/2025\/04\/LB-LINEN-2025-LNIANY-TOP-WIAZANY-WRAP-PASTELOWY-ZOLTY-1-200x300.webp\" width=\"100px\" \/><\/a>\u00a0<a href=\"https:\/\/korneliarataj.com\/de\/produkt\/lniany-top-wiazany-3w1-wrap-naturalny-len-2025\/\" target=\"_blank\" rel=\"noopener noreferrer\"><img decoding=\"async\" src=\"https:\/\/korneliarataj.com\/wp-content\/uploads\/2025\/04\/LB-LINEN-2025-LNIANY-TOP-WIAZANY-WRAP-NATURALNY-LEN-1-200x300.webp\" width=\"100px\" \/><\/a>\u00a0<a href=\"https:\/\/korneliarataj.com\/de\/produkt\/lniany-top-wiazany-3w1-wrap-czarny-2025\/\" target=\"_blank\" rel=\"noopener noreferrer\"><img decoding=\"async\" src=\"https:\/\/korneliarataj.com\/wp-content\/uploads\/2025\/04\/LB-LINEN-2025-LNIANY-TOP-WIAZANY-WRAP-CZARNY-1-200x300.webp\" width=\"100px\" \/><\/a><\/p>\n<p style=\"text-align: left;\"><u><strong>Dreifach gebundenes Leinentop - wei\u00dfes Dreieckstop<\/strong><\/u><\/p>\n<p style=\"text-align: left;\">Dieses wei\u00dfe Leinentop mit seinem dreieckigen Schnitt und den breiten B\u00e4ndern ist ein vielseitiges Sommer-Styling-Basic. Es kann auf drei Arten getragen werden - je nach Anlass und Stimmung l\u00e4sst sich die Bindung anpassen.<br \/>\nDas aus hochwertigem Leinen von einem polnischen Hersteller gefertigte Oberteil ist doppellagig, atmungsaktiv und sehr angenehm zu tragen. Die cremewei\u00dfe Farbe ist eine zarte Alternative zum klassischen Wei\u00df - dezent, feminin und bringt die Br\u00e4une perfekt zur Geltung.<\/p>\n<p style=\"text-align: left;\"><strong>Details, auf die es ankommt<\/strong><br \/>\n- Gen\u00e4ht in Polen in der Familienwerkstatt in Czernica,<br \/>\n- Leichtes, weiches Leinen von einem lokalen Hersteller,<br \/>\n- Einstellbar durch Bindung,<br \/>\n- Es l\u00e4sst sich gut mit anderen Produkten aus der Leinenkollektion kombinieren: <strong><a href=\"https:\/\/korneliarataj.com\/de\/spodenki-lniane\/\" target=\"_blank\" rel=\"noopener noreferrer\">Shorts<\/a><\/strong>, <strong><a href=\"https:\/\/korneliarataj.com\/de\/spodnice-lniane\/\" target=\"_blank\" rel=\"noopener noreferrer\">Rock<\/a><\/strong> i <strong><a href=\"https:\/\/korneliarataj.com\/de\/gumki-do-wlosow-lniane\/\" target=\"_blank\" rel=\"noopener noreferrer\">Haargummi<\/a><\/strong>.<br \/>\nErh\u00e4ltlich in 4 zeitlosen Farben und 3 Gr\u00f6\u00dfen - Sie k\u00f6nnen ihn problemlos an Ihre Silhouette und Ihre Garderobe anpassen.<\/p>\n<p style=\"text-align: left;\"><strong>Abmessungen der Modelle<\/strong><br \/>\nDas Model Veronica auf dem Foto tr\u00e4gt Gr\u00f6\u00dfe M\/L<br \/>\nBrustumfang: 89 cm<br \/>\nUmfang unter der B\u00fcste: 75 cm<br \/>\nBecher: 75D\/70E<br \/>\nUmfang der Taille: 68 cm<br \/>\nH\u00fcftumfang: 103 cm<br \/>\nH\u00f6he: 173 cm<\/p>\n<p>Das Model Paulina auf dem Bild tr\u00e4gt die Gr\u00f6\u00dfe XS\/S<br \/>\nBrustumfang: 81<br \/>\nUmfang unter der B\u00fcste: 72<br \/>\nBecher: B\/C<br \/>\nUmfang der Taille: 60<br \/>\nH\u00fcftumfang: 85<br \/>\nH\u00f6he: 171<\/p>\n<p style=\"text-align: left;\"><strong>Nat\u00fcrlichkeit und Qualit\u00e4t in jedem Detail<\/strong><br \/>\nUnsere Produkte werden aus 100% Leinen hergestellt, das wir von lokalen Lieferanten beziehen. Wir entwerfen und n\u00e4hen in unserer eigenen Werkstatt und k\u00fcmmern uns um jedes Detail.<\/p>\n<p style=\"text-align: left;\"><strong>Schirm aus cremewei\u00dfem Leinen <\/strong><br \/>\nLeinen in einem Off-White-Ton ist eine weiche Alternative zu reinem Wei\u00df - cremiger, w\u00e4rmer und dezenter. Dieser Farbton unterstreicht die Leichtigkeit des Looks und verleiht ihm Weichheit. Off-white Leinen sieht auf jedem Teint gro\u00dfartig aus, erhellt den Teint und schafft einen eleganten, ungezwungenen Look, der die Br\u00e4une noch mehr betont. Es ist die perfekte Wahl f\u00fcr Liebhaber von Naturt\u00f6nen und Klassikern mit einem Hauch von Frische. Wei\u00dfes Leinen ist eine zeitlose Wahl f\u00fcr Sommertage.<\/p>\n<p style=\"text-align: left;\"><strong>Zusammensetzung und Pflege<\/strong><br \/>\n- 100% Flachs<br \/>\n- Gewicht: 140 g\/m\u00b2<br \/>\n- Handw\u00e4sche oder Schonwaschgang bei 30\u00b0C<br \/>\n- Eisen bei max. 150\u00b0C<\/p>\n<p style=\"text-align: left;\"><strong>Wie tr\u00e4gt man ein Top Wrap?<\/strong><br \/>\n1. Querfront:<br \/>\n- Binden Sie eine d\u00fcnne Schnur unter der Brust am R\u00fccken fest.<br \/>\n- Ziehen Sie die breiten B\u00e4nder nach oben und kreuzen Sie sie vor dem Hals.<br \/>\n- Binden Sie breite B\u00e4nder im Nacken.<br \/>\n- Schieben Sie die K\u00f6rbchen so, dass ein dreieckiger Ausschnitt entsteht.<br \/>\n- Passen Sie die Passform an.<br \/>\n2. geradeaus:<br \/>\n- Binden Sie eine d\u00fcnne Schnur unter der Brust am R\u00fccken fest.<br \/>\n- Bringen Sie die breiten B\u00e4nder nach oben und binden Sie sie im Nacken zusammen.<br \/>\n- Passen Sie die K\u00f6rbchen an die Form Ihrer Brust an.<br \/>\n3. Umgekehrte Spitze:<br \/>\n- Drehen Sie den Deckel auf den Kopf.<br \/>\n- Breite B\u00e4nder am R\u00fccken binden.<br \/>\n- Legen Sie die K\u00f6rbchen \u00fcber die B\u00fcste.<br \/>\n- Binden Sie eine d\u00fcnne Schnur um den Hals.<br \/>\n- Stellen Sie die Breite der Tassen ein.<\/p>","protected":false},"featured_media":317653,"template":"","meta":[],"product_brand":[500],"product_cat":[639,621,76,644,634,92],"product_tag":[],"class_list":{"0":"post-317671","1":"product","2":"type-product","3":"status-publish","4":"has-post-thumbnail","6":"product_brand-korneliarataj","7":"product_cat-kategorie-lniane","8":"product_cat-kolory-lniane","9":"product_cat-linen","10":"product_cat-sale-linen-2025","11":"product_cat-smietankowy-bialy-lniane","12":"product_cat-topy-lniane","13":"flv-has-gallery","15":"first","16":"instock","17":"sale","18":"taxable","19":"shipping-taxable","20":"purchasable","21":"product-type-variable","22":"has-default-attributes"},"yoast_head":"<!-- This site is optimized with the Yoast SEO plugin v27.3 - https:\/\/yoast.com\/product\/yoast-seo-wordpress\/ -->\n<title>Lniany top wi\u0105zany 3w1 wrap - \u015bmietankowy bia\u0142y - KORNELIARATAJ<\/title>\n<meta name=\"description\" content=\"Lniany top wrap wi\u0105zany na 3 sposoby w kolorze \u015bmietankowej bieli. Subtelny, kobiecy i przewiewny \u2013 idealny wyb\u00f3r na lato. Naturalny len, uszyty w Polsce.\" \/>\n<meta name=\"robots\" content=\"index, follow, max-snippet:-1, max-image-preview:large, max-video-preview:-1\" \/>\n<link rel=\"canonical\" href=\"https:\/\/korneliarataj.com\/de\/produkt\/lniany-top-wiazany-3w1-wrap-smietankowy-bialy-2025\/\" \/>\n<meta property=\"og:locale\" content=\"de_DE\" \/>\n<meta property=\"og:type\" content=\"article\" \/>\n<meta property=\"og:title\" content=\"Lniany top wi\u0105zany 3w1 wrap - \u015bmietankowy bia\u0142y - KORNELIARATAJ\" \/>\n<meta property=\"og:description\" content=\"Lniany top wrap wi\u0105zany na 3 sposoby w kolorze \u015bmietankowej bieli. Subtelny, kobiecy i przewiewny \u2013 idealny wyb\u00f3r na lato. Naturalny len, uszyty w Polsce.\" \/>\n<meta property=\"og:url\" content=\"https:\/\/korneliarataj.com\/de\/produkt\/lniany-top-wiazany-3w1-wrap-smietankowy-bialy-2025\/\" \/>\n<meta property=\"og:site_name\" content=\"KORNELIARATAJ\" \/>\n<meta property=\"article:publisher\" content=\"http:\/\/www.facebook.com\/korneliaratajshop\" \/>\n<meta property=\"article:modified_time\" content=\"2026-04-08T20:33:48+00:00\" \/>\n<meta property=\"og:image\" content=\"https:\/\/korneliarataj.com\/wp-content\/uploads\/2025\/04\/LB-LINEN-2025-LNIANY-TOP-WIAZANY-WRAP-SMIETANKOWY-BIALY-1-scaled.webp\" \/>\n\t<meta property=\"og:image:width\" content=\"1365\" \/>\n\t<meta property=\"og:image:height\" content=\"2048\" \/>\n\t<meta property=\"og:image:type\" content=\"image\/webp\" \/>\n<meta name=\"twitter:card\" content=\"summary_large_image\" \/>\n<meta name=\"twitter:label1\" content=\"Gesch\u00e4tzte Lesezeit\" \/>\n\t<meta name=\"twitter:data1\" content=\"1\u00a0Minute\" \/>\n<script type=\"application\/ld+json\" class=\"yoast-schema-graph\">{\"@context\":\"https:\\\/\\\/schema.org\",\"@graph\":[{\"@type\":\"WebPage\",\"@id\":\"https:\\\/\\\/korneliarataj.com\\\/produkt\\\/lniany-top-wiazany-3w1-wrap-smietankowy-bialy-2025\\\/\",\"url\":\"https:\\\/\\\/korneliarataj.com\\\/produkt\\\/lniany-top-wiazany-3w1-wrap-smietankowy-bialy-2025\\\/\",\"name\":\"Lniany top wi\u0105zany 3w1 wrap - \u015bmietankowy bia\u0142y - KORNELIARATAJ\",\"isPartOf\":{\"@id\":\"https:\\\/\\\/korneliarataj.com\\\/#website\"},\"primaryImageOfPage\":{\"@id\":\"https:\\\/\\\/korneliarataj.com\\\/produkt\\\/lniany-top-wiazany-3w1-wrap-smietankowy-bialy-2025\\\/#primaryimage\"},\"image\":{\"@id\":\"https:\\\/\\\/korneliarataj.com\\\/produkt\\\/lniany-top-wiazany-3w1-wrap-smietankowy-bialy-2025\\\/#primaryimage\"},\"thumbnailUrl\":\"https:\\\/\\\/korneliarataj.com\\\/wp-content\\\/uploads\\\/2025\\\/04\\\/LB-LINEN-2025-LNIANY-TOP-WIAZANY-WRAP-SMIETANKOWY-BIALY-1-scaled.webp\",\"datePublished\":\"2025-04-22T22:17:24+00:00\",\"dateModified\":\"2026-04-08T20:33:48+00:00\",\"description\":\"Lniany top wrap wi\u0105zany na 3 sposoby w kolorze \u015bmietankowej bieli. Subtelny, kobiecy i przewiewny \u2013 idealny wyb\u00f3r na lato. Naturalny len, uszyty w Polsce.\",\"breadcrumb\":{\"@id\":\"https:\\\/\\\/korneliarataj.com\\\/produkt\\\/lniany-top-wiazany-3w1-wrap-smietankowy-bialy-2025\\\/#breadcrumb\"},\"inLanguage\":\"de\",\"potentialAction\":[{\"@type\":\"ReadAction\",\"target\":[\"https:\\\/\\\/korneliarataj.com\\\/produkt\\\/lniany-top-wiazany-3w1-wrap-smietankowy-bialy-2025\\\/\"]}]},{\"@type\":\"ImageObject\",\"inLanguage\":\"de\",\"@id\":\"https:\\\/\\\/korneliarataj.com\\\/produkt\\\/lniany-top-wiazany-3w1-wrap-smietankowy-bialy-2025\\\/#primaryimage\",\"url\":\"https:\\\/\\\/korneliarataj.com\\\/wp-content\\\/uploads\\\/2025\\\/04\\\/LB-LINEN-2025-LNIANY-TOP-WIAZANY-WRAP-SMIETANKOWY-BIALY-1-scaled.webp\",\"contentUrl\":\"https:\\\/\\\/korneliarataj.com\\\/wp-content\\\/uploads\\\/2025\\\/04\\\/LB-LINEN-2025-LNIANY-TOP-WIAZANY-WRAP-SMIETANKOWY-BIALY-1-scaled.webp\",\"width\":1365,\"height\":2048,\"caption\":\"Lniany top wi\u0105zany 3w1 wrap - smietankowy bialy\"},{\"@type\":\"BreadcrumbList\",\"@id\":\"https:\\\/\\\/korneliarataj.com\\\/produkt\\\/lniany-top-wiazany-3w1-wrap-smietankowy-bialy-2025\\\/#breadcrumb\",\"itemListElement\":[{\"@type\":\"ListItem\",\"position\":1,\"name\":\"HOME\",\"item\":\"https:\\\/\\\/korneliarataj.com\\\/\"},{\"@type\":\"ListItem\",\"position\":2,\"name\":\"Products\",\"item\":\"https:\\\/\\\/korneliarataj.com\\\/en\\\/shop\\\/\"},{\"@type\":\"ListItem\",\"position\":3,\"name\":\"Lniany top wi\u0105zany 3w1 wrap &#8211; \u015bmietankowy bia\u0142y\"}]},{\"@type\":\"WebSite\",\"@id\":\"https:\\\/\\\/korneliarataj.com\\\/#website\",\"url\":\"https:\\\/\\\/korneliarataj.com\\\/\",\"name\":\"Stroje K\u0105pielowe i Odzie\u017c Lniana Sklep Kornelia Rataj\",\"description\":\"swimwear stroje k\u0105pielowe ubrania len lniane\",\"publisher\":{\"@id\":\"https:\\\/\\\/korneliarataj.com\\\/#organization\"},\"potentialAction\":[{\"@type\":\"SearchAction\",\"target\":{\"@type\":\"EntryPoint\",\"urlTemplate\":\"https:\\\/\\\/korneliarataj.com\\\/?s={search_term_string}\"},\"query-input\":{\"@type\":\"PropertyValueSpecification\",\"valueRequired\":true,\"valueName\":\"search_term_string\"}}],\"inLanguage\":\"de\"},{\"@type\":\"Organization\",\"@id\":\"https:\\\/\\\/korneliarataj.com\\\/#organization\",\"name\":\"KORNELIARATAJ\",\"url\":\"https:\\\/\\\/korneliarataj.com\\\/\",\"logo\":{\"@type\":\"ImageObject\",\"inLanguage\":\"de\",\"@id\":\"https:\\\/\\\/korneliarataj.com\\\/#\\\/schema\\\/logo\\\/image\\\/\",\"url\":\"https:\\\/\\\/korneliarataj.com\\\/wp-content\\\/uploads\\\/2020\\\/07\\\/LOGO-KR.svg\",\"contentUrl\":\"https:\\\/\\\/korneliarataj.com\\\/wp-content\\\/uploads\\\/2020\\\/07\\\/LOGO-KR.svg\",\"width\":1024,\"height\":1024,\"caption\":\"KORNELIARATAJ\"},\"image\":{\"@id\":\"https:\\\/\\\/korneliarataj.com\\\/#\\\/schema\\\/logo\\\/image\\\/\"},\"sameAs\":[\"http:\\\/\\\/www.facebook.com\\\/korneliaratajshop\",\"http:\\\/\\\/www.instagram.com\\\/korneliarataj\"]}]}<\/script>\n<!-- \/ Yoast SEO plugin. -->","yoast_head_json":{"title":"3-in-1-Wickeltop aus Leinen zum Binden - cremewei\u00df - KORNELIARATAJ","description":"Cremewei\u00dfes Wickeltop aus Leinen, 3-fach gebunden. Dezent, feminin und luftig - die perfekte Wahl f\u00fcr den Sommer. Nat\u00fcrliches Leinen, gen\u00e4ht in Polen.","robots":{"index":"index","follow":"follow","max-snippet":"max-snippet:-1","max-image-preview":"max-image-preview:large","max-video-preview":"max-video-preview:-1"},"canonical":"https:\/\/korneliarataj.com\/de\/produkt\/lniany-top-wiazany-3w1-wrap-smietankowy-bialy-2025\/","og_locale":"de_DE","og_type":"article","og_title":"Lniany top wi\u0105zany 3w1 wrap - \u015bmietankowy bia\u0142y - KORNELIARATAJ","og_description":"Lniany top wrap wi\u0105zany na 3 sposoby w kolorze \u015bmietankowej bieli. Subtelny, kobiecy i przewiewny \u2013 idealny wyb\u00f3r na lato. Naturalny len, uszyty w Polsce.","og_url":"https:\/\/korneliarataj.com\/de\/produkt\/lniany-top-wiazany-3w1-wrap-smietankowy-bialy-2025\/","og_site_name":"KORNELIARATAJ","article_publisher":"http:\/\/www.facebook.com\/korneliaratajshop","article_modified_time":"2026-04-08T20:33:48+00:00","og_image":[{"width":1365,"height":2048,"url":"https:\/\/korneliarataj.com\/wp-content\/uploads\/2025\/04\/LB-LINEN-2025-LNIANY-TOP-WIAZANY-WRAP-SMIETANKOWY-BIALY-1-scaled.webp","type":"image\/webp"}],"twitter_card":"summary_large_image","twitter_misc":{"Gesch\u00e4tzte Lesezeit":"1\u00a0Minute"},"schema":{"@context":"https:\/\/schema.org","@graph":[{"@type":"WebPage","@id":"https:\/\/korneliarataj.com\/produkt\/lniany-top-wiazany-3w1-wrap-smietankowy-bialy-2025\/","url":"https:\/\/korneliarataj.com\/produkt\/lniany-top-wiazany-3w1-wrap-smietankowy-bialy-2025\/","name":"3-in-1-Wickeltop aus Leinen zum Binden - cremewei\u00df - KORNELIARATAJ","isPartOf":{"@id":"https:\/\/korneliarataj.com\/#website"},"primaryImageOfPage":{"@id":"https:\/\/korneliarataj.com\/produkt\/lniany-top-wiazany-3w1-wrap-smietankowy-bialy-2025\/#primaryimage"},"image":{"@id":"https:\/\/korneliarataj.com\/produkt\/lniany-top-wiazany-3w1-wrap-smietankowy-bialy-2025\/#primaryimage"},"thumbnailUrl":"https:\/\/korneliarataj.com\/wp-content\/uploads\/2025\/04\/LB-LINEN-2025-LNIANY-TOP-WIAZANY-WRAP-SMIETANKOWY-BIALY-1-scaled.webp","datePublished":"2025-04-22T22:17:24+00:00","dateModified":"2026-04-08T20:33:48+00:00","description":"Cremewei\u00dfes Wickeltop aus Leinen, 3-fach gebunden. Dezent, feminin und luftig - die perfekte Wahl f\u00fcr den Sommer. Nat\u00fcrliches Leinen, gen\u00e4ht in Polen.","breadcrumb":{"@id":"https:\/\/korneliarataj.com\/produkt\/lniany-top-wiazany-3w1-wrap-smietankowy-bialy-2025\/#breadcrumb"},"inLanguage":"de","potentialAction":[{"@type":"ReadAction","target":["https:\/\/korneliarataj.com\/produkt\/lniany-top-wiazany-3w1-wrap-smietankowy-bialy-2025\/"]}]},{"@type":"ImageObject","inLanguage":"de","@id":"https:\/\/korneliarataj.com\/produkt\/lniany-top-wiazany-3w1-wrap-smietankowy-bialy-2025\/#primaryimage","url":"https:\/\/korneliarataj.com\/wp-content\/uploads\/2025\/04\/LB-LINEN-2025-LNIANY-TOP-WIAZANY-WRAP-SMIETANKOWY-BIALY-1-scaled.webp","contentUrl":"https:\/\/korneliarataj.com\/wp-content\/uploads\/2025\/04\/LB-LINEN-2025-LNIANY-TOP-WIAZANY-WRAP-SMIETANKOWY-BIALY-1-scaled.webp","width":1365,"height":2048,"caption":"Lniany top wi\u0105zany 3w1 wrap - smietankowy bialy"},{"@type":"BreadcrumbList","@id":"https:\/\/korneliarataj.com\/produkt\/lniany-top-wiazany-3w1-wrap-smietankowy-bialy-2025\/#breadcrumb","itemListElement":[{"@type":"ListItem","position":1,"name":"HOME","item":"https:\/\/korneliarataj.com\/"},{"@type":"ListItem","position":2,"name":"Products","item":"https:\/\/korneliarataj.com\/en\/shop\/"},{"@type":"ListItem","position":3,"name":"Lniany top wi\u0105zany 3w1 wrap &#8211; \u015bmietankowy bia\u0142y"}]},{"@type":"WebSite","@id":"https:\/\/korneliarataj.com\/#website","url":"https:\/\/korneliarataj.com\/","name":"Bademode und Leinenbekleidung Shop Kornelia Rataj","description":"badebekleidung badebekleidung leinen leinenbekleidung","publisher":{"@id":"https:\/\/korneliarataj.com\/#organization"},"potentialAction":[{"@type":"SearchAction","target":{"@type":"EntryPoint","urlTemplate":"https:\/\/korneliarataj.com\/?s={search_term_string}"},"query-input":{"@type":"PropertyValueSpecification","valueRequired":true,"valueName":"search_term_string"}}],"inLanguage":"de"},{"@type":"Organization","@id":"https:\/\/korneliarataj.com\/#organization","name":"KORNELIARATAJ","url":"https:\/\/korneliarataj.com\/","logo":{"@type":"ImageObject","inLanguage":"de","@id":"https:\/\/korneliarataj.com\/#\/schema\/logo\/image\/","url":"https:\/\/korneliarataj.com\/wp-content\/uploads\/2020\/07\/LOGO-KR.svg","contentUrl":"https:\/\/korneliarataj.com\/wp-content\/uploads\/2020\/07\/LOGO-KR.svg","width":1024,"height":1024,"caption":"KORNELIARATAJ"},"image":{"@id":"https:\/\/korneliarataj.com\/#\/schema\/logo\/image\/"},"sameAs":["http:\/\/www.facebook.com\/korneliaratajshop","http:\/\/www.instagram.com\/korneliarataj"]}]}},"_links":{"self":[{"href":"https:\/\/korneliarataj.com\/de\/wp-json\/wp\/v2\/product\/317671","targetHints":{"allow":["GET"]}}],"collection":[{"href":"https:\/\/korneliarataj.com\/de\/wp-json\/wp\/v2\/product"}],"about":[{"href":"https:\/\/korneliarataj.com\/de\/wp-json\/wp\/v2\/types\/product"}],"wp:featuredmedia":[{"embeddable":true,"href":"https:\/\/korneliarataj.com\/de\/wp-json\/wp\/v2\/media\/317653"}],"wp:attachment":[{"href":"https:\/\/korneliarataj.com\/de\/wp-json\/wp\/v2\/media?parent=317671"}],"wp:term":[{"taxonomy":"product_brand","embeddable":true,"href":"https:\/\/korneliarataj.com\/de\/wp-json\/wp\/v2\/product_brand?post=317671"},{"taxonomy":"product_cat","embeddable":true,"href":"https:\/\/korneliarataj.com\/de\/wp-json\/wp\/v2\/product_cat?post=317671"},{"taxonomy":"product_tag","embeddable":true,"href":"https:\/\/korneliarataj.com\/de\/wp-json\/wp\/v2\/product_tag?post=317671"}],"curies":[{"name":"wp","href":"https:\/\/api.w.org\/{rel}","templated":true}]}}