{"id":317626,"date":"2025-04-22T23:06:10","date_gmt":"2025-04-22T21:06:10","guid":{"rendered":"https:\/\/korneliarataj.com\/?post_type=product&#038;p=317626"},"modified":"2026-04-02T08:56:04","modified_gmt":"2026-04-02T06:56:04","slug":"lniana-gumka-scrunchie-smietankowy-bialy-2025","status":"publish","type":"product","link":"https:\/\/korneliarataj.com\/de\/produkt\/lniana-gumka-scrunchie-smietankowy-bialy-2025\/","title":{"rendered":"Leinen-Haargummi - cremewei\u00df"},"content":{"rendered":"","protected":false},"excerpt":{"rendered":"<p style=\"text-align: left;\"><strong>OPTIONEN<\/strong><\/p>\n<p style=\"text-align: left;\"><a href=\"https:\/\/korneliarataj.com\/de\/produkt\/lniana-gumka-scrunchie-pastelowy-zolty-2025\/\" target=\"_blank\" rel=\"noopener noreferrer\"><img decoding=\"async\" src=\"https:\/\/korneliarataj.com\/wp-content\/uploads\/2025\/04\/LB-LINEN-2025-SCRUNCHIE-PASTELOWY-ZOLTY-200x300.webp\" width=\"100px\" \/><\/a>\u00a0<a href=\"https:\/\/korneliarataj.com\/de\/produkt\/lniana-gumka-scrunchie-naturalny-len-2025\/\" target=\"_blank\" rel=\"noopener noreferrer\"><img decoding=\"async\" src=\"https:\/\/korneliarataj.com\/wp-content\/uploads\/2025\/04\/LB-LINEN-2025-SCRUNCHIE-NATURALNY-LEN-200x300.webp\" width=\"100px\" \/><\/a>\u00a0<a href=\"https:\/\/korneliarataj.com\/de\/produkt\/lniana-gumka-scrunchie-czarny-2025\/\" target=\"_blank\" rel=\"noopener noreferrer\"><img decoding=\"async\" src=\"https:\/\/korneliarataj.com\/wp-content\/uploads\/2025\/04\/LB-LINEN-2025-SCRUNCHIE-CZARNY-200x300.webp\" width=\"100px\" \/><\/a><\/p>\n<p style=\"text-align: left;\"><u><strong>Haargummi aus Leinen - wei\u00dfes Haargummi off-white<\/strong><\/u><\/p>\n<p style=\"text-align: left;\">Das wei\u00dfe Haargummi aus Leinen ist ein zartes und elegantes Haaraccessoire. Der leichte, dezente Off-White-Ton passt wunderbar zu sommerlichen Styles und verleiht ihnen einen frischen Touch. Kombinieren Sie das Haargummi mit Kleidern aus unserer Kollektion und kreieren Sie einen trendigen Leinen-Look - perfekt f\u00fcr den Sommer und dar\u00fcber hinaus.<\/p>\n<p style=\"text-align: left;\">Unser Haargummi wird in 100% aus Leinen von einem polnischen Hersteller hergestellt und ist sanft zu Haut und Haar - es zieht nicht, bricht nicht und rei\u00dft keine Str\u00e4hnen. Es ist das perfekte Haargummi f\u00fcr einen Dutt, einen Pferdeschwanz oder eine Hochsteckfrisur - bequem, stilvoll und zeitlos.<\/p>\n<p style=\"text-align: left;\"><strong>Abmessungen<\/strong><br \/>\nDurchmesser: ca. 12 cm<br \/>\nInnengummi: flexibel und langlebig<\/p>\n<p style=\"text-align: left;\"><strong>Details, auf die es ankommt<\/strong><br \/>\n- Von Hand gen\u00e4ht in Polen, in einer Familienwerkstatt in Czernica,<br \/>\n- Nat\u00fcrliches, atmungsaktives Leinen - ideal f\u00fcr den t\u00e4glichen Gebrauch,<br \/>\n- 4 klassische, vielseitige Farben zur Auswahl,<br \/>\n- Ideal f\u00fcr l\u00e4ssige, elegante und b\u00fcrotaugliche Stylings,<br \/>\n- Ein stilvoller Akzent f\u00fcr Urlaubslooks und eine minimalistische Garderobe.<br \/>\nJedes Gummiband wird mit Stoff von einem lokalen Lieferanten hergestellt und besticht durch die Qualit\u00e4t der Verarbeitung.<br \/>\nEs ist ein Accessoire, das sowohl f\u00fcr den t\u00e4glichen Gebrauch als auch als Geschenk geeignet ist.<\/p>\n<p style=\"text-align: left;\"><strong>Leinenfarbe cremewei\u00df<\/strong><br \/>\nLeinen in einem Off-White-Ton ist eine weiche Alternative zu reinem Wei\u00df - cremiger, w\u00e4rmer und dezenter. Dieser Farbton unterstreicht die Leichtigkeit des Looks und verleiht ihm Weichheit. Off-white Leinen sieht auf jedem Teint gro\u00dfartig aus, erhellt den Teint und schafft einen eleganten, ungezwungenen Look, der die Br\u00e4une noch mehr betont. Es ist die perfekte Wahl f\u00fcr Liebhaber von Naturt\u00f6nen und Klassikern mit einem Hauch von Frische. Wei\u00dfes Leinen ist eine zeitlose Wahl f\u00fcr Sommertage.<\/p>\n<p style=\"text-align: left;\"><strong>Zusammensetzung und Pflege<\/strong><br \/>\n- 100% Flachs<br \/>\n- Gewicht: 140 g\/m\u00b2<br \/>\n- Handw\u00e4sche oder Schonwaschgang bei 30\u00b0C<br \/>\n- Eisen bei max. 150\u00b0C<\/p>","protected":false},"featured_media":317625,"template":"","meta":[],"product_brand":[500],"product_cat":[620,639,621,76,644,634],"product_tag":[],"class_list":{"0":"post-317626","1":"product","2":"type-product","3":"status-publish","4":"has-post-thumbnail","6":"product_brand-korneliarataj","7":"product_cat-gumki-do-wlosow-lniane","8":"product_cat-kategorie-lniane","9":"product_cat-kolory-lniane","10":"product_cat-linen","11":"product_cat-sale-linen-2025","12":"product_cat-smietankowy-bialy-lniane","13":"flv-has-gallery","15":"first","16":"instock","17":"sale","18":"taxable","19":"shipping-taxable","20":"purchasable","21":"product-type-variable","22":"has-default-attributes"},"yoast_head":"<!-- This site is optimized with the Yoast SEO plugin v27.3 - https:\/\/yoast.com\/product\/yoast-seo-wordpress\/ -->\n<title>Lniana gumka scrunchie - \u015bmietankowy bia\u0142y - KORNELIARATAJ<\/title>\n<meta name=\"description\" content=\"\u015amietankowa lniana scrunchie handmade \u2013 lekka, jasna i naturalna. Szyta w Polsce z certyfikowanego lnu. Idealna do wakacyjnych fryzur.\" \/>\n<meta name=\"robots\" content=\"index, follow, max-snippet:-1, max-image-preview:large, max-video-preview:-1\" \/>\n<link rel=\"canonical\" href=\"https:\/\/korneliarataj.com\/de\/produkt\/lniana-gumka-scrunchie-smietankowy-bialy-2025\/\" \/>\n<meta property=\"og:locale\" content=\"de_DE\" \/>\n<meta property=\"og:type\" content=\"article\" \/>\n<meta property=\"og:title\" content=\"Lniana gumka scrunchie - \u015bmietankowy bia\u0142y - KORNELIARATAJ\" \/>\n<meta property=\"og:description\" content=\"\u015amietankowa lniana scrunchie handmade \u2013 lekka, jasna i naturalna. Szyta w Polsce z certyfikowanego lnu. Idealna do wakacyjnych fryzur.\" \/>\n<meta property=\"og:url\" content=\"https:\/\/korneliarataj.com\/de\/produkt\/lniana-gumka-scrunchie-smietankowy-bialy-2025\/\" \/>\n<meta property=\"og:site_name\" content=\"KORNELIARATAJ\" \/>\n<meta property=\"article:publisher\" content=\"http:\/\/www.facebook.com\/korneliaratajshop\" \/>\n<meta property=\"article:modified_time\" content=\"2026-04-02T06:56:04+00:00\" \/>\n<meta property=\"og:image\" content=\"https:\/\/korneliarataj.com\/wp-content\/uploads\/2025\/04\/LB-LINEN-2025-SCRUNCHIE-SMIETANKOWY-BIALY-scaled.webp\" \/>\n\t<meta property=\"og:image:width\" content=\"1365\" \/>\n\t<meta property=\"og:image:height\" content=\"2048\" \/>\n\t<meta property=\"og:image:type\" content=\"image\/webp\" \/>\n<meta name=\"twitter:card\" content=\"summary_large_image\" \/>\n<meta name=\"twitter:label1\" content=\"Gesch\u00e4tzte Lesezeit\" \/>\n\t<meta name=\"twitter:data1\" content=\"1\u00a0Minute\" \/>\n<script type=\"application\/ld+json\" class=\"yoast-schema-graph\">{\"@context\":\"https:\\\/\\\/schema.org\",\"@graph\":[{\"@type\":\"WebPage\",\"@id\":\"https:\\\/\\\/korneliarataj.com\\\/produkt\\\/lniana-gumka-scrunchie-smietankowy-bialy-2025\\\/\",\"url\":\"https:\\\/\\\/korneliarataj.com\\\/produkt\\\/lniana-gumka-scrunchie-smietankowy-bialy-2025\\\/\",\"name\":\"Lniana gumka scrunchie - \u015bmietankowy bia\u0142y - KORNELIARATAJ\",\"isPartOf\":{\"@id\":\"https:\\\/\\\/korneliarataj.com\\\/#website\"},\"primaryImageOfPage\":{\"@id\":\"https:\\\/\\\/korneliarataj.com\\\/produkt\\\/lniana-gumka-scrunchie-smietankowy-bialy-2025\\\/#primaryimage\"},\"image\":{\"@id\":\"https:\\\/\\\/korneliarataj.com\\\/produkt\\\/lniana-gumka-scrunchie-smietankowy-bialy-2025\\\/#primaryimage\"},\"thumbnailUrl\":\"https:\\\/\\\/korneliarataj.com\\\/wp-content\\\/uploads\\\/2025\\\/04\\\/LB-LINEN-2025-SCRUNCHIE-SMIETANKOWY-BIALY-scaled.webp\",\"datePublished\":\"2025-04-22T21:06:10+00:00\",\"dateModified\":\"2026-04-02T06:56:04+00:00\",\"description\":\"\u015amietankowa lniana scrunchie handmade \u2013 lekka, jasna i naturalna. Szyta w Polsce z certyfikowanego lnu. Idealna do wakacyjnych fryzur.\",\"breadcrumb\":{\"@id\":\"https:\\\/\\\/korneliarataj.com\\\/produkt\\\/lniana-gumka-scrunchie-smietankowy-bialy-2025\\\/#breadcrumb\"},\"inLanguage\":\"de\",\"potentialAction\":[{\"@type\":\"ReadAction\",\"target\":[\"https:\\\/\\\/korneliarataj.com\\\/produkt\\\/lniana-gumka-scrunchie-smietankowy-bialy-2025\\\/\"]}]},{\"@type\":\"ImageObject\",\"inLanguage\":\"de\",\"@id\":\"https:\\\/\\\/korneliarataj.com\\\/produkt\\\/lniana-gumka-scrunchie-smietankowy-bialy-2025\\\/#primaryimage\",\"url\":\"https:\\\/\\\/korneliarataj.com\\\/wp-content\\\/uploads\\\/2025\\\/04\\\/LB-LINEN-2025-SCRUNCHIE-SMIETANKOWY-BIALY-scaled.webp\",\"contentUrl\":\"https:\\\/\\\/korneliarataj.com\\\/wp-content\\\/uploads\\\/2025\\\/04\\\/LB-LINEN-2025-SCRUNCHIE-SMIETANKOWY-BIALY-scaled.webp\",\"width\":1365,\"height\":2048,\"caption\":\"Lniana gumka scrunchie smietankowy bialy\"},{\"@type\":\"BreadcrumbList\",\"@id\":\"https:\\\/\\\/korneliarataj.com\\\/produkt\\\/lniana-gumka-scrunchie-smietankowy-bialy-2025\\\/#breadcrumb\",\"itemListElement\":[{\"@type\":\"ListItem\",\"position\":1,\"name\":\"HOME\",\"item\":\"https:\\\/\\\/korneliarataj.com\\\/\"},{\"@type\":\"ListItem\",\"position\":2,\"name\":\"Products\",\"item\":\"https:\\\/\\\/korneliarataj.com\\\/en\\\/shop\\\/\"},{\"@type\":\"ListItem\",\"position\":3,\"name\":\"Lniana gumka scrunchie &#8211; \u015bmietankowy bia\u0142y\"}]},{\"@type\":\"WebSite\",\"@id\":\"https:\\\/\\\/korneliarataj.com\\\/#website\",\"url\":\"https:\\\/\\\/korneliarataj.com\\\/\",\"name\":\"Stroje K\u0105pielowe i Odzie\u017c Lniana Sklep Kornelia Rataj\",\"description\":\"swimwear stroje k\u0105pielowe ubrania len lniane\",\"publisher\":{\"@id\":\"https:\\\/\\\/korneliarataj.com\\\/#organization\"},\"potentialAction\":[{\"@type\":\"SearchAction\",\"target\":{\"@type\":\"EntryPoint\",\"urlTemplate\":\"https:\\\/\\\/korneliarataj.com\\\/?s={search_term_string}\"},\"query-input\":{\"@type\":\"PropertyValueSpecification\",\"valueRequired\":true,\"valueName\":\"search_term_string\"}}],\"inLanguage\":\"de\"},{\"@type\":\"Organization\",\"@id\":\"https:\\\/\\\/korneliarataj.com\\\/#organization\",\"name\":\"KORNELIARATAJ\",\"url\":\"https:\\\/\\\/korneliarataj.com\\\/\",\"logo\":{\"@type\":\"ImageObject\",\"inLanguage\":\"de\",\"@id\":\"https:\\\/\\\/korneliarataj.com\\\/#\\\/schema\\\/logo\\\/image\\\/\",\"url\":\"https:\\\/\\\/korneliarataj.com\\\/wp-content\\\/uploads\\\/2020\\\/07\\\/LOGO-KR.svg\",\"contentUrl\":\"https:\\\/\\\/korneliarataj.com\\\/wp-content\\\/uploads\\\/2020\\\/07\\\/LOGO-KR.svg\",\"width\":1024,\"height\":1024,\"caption\":\"KORNELIARATAJ\"},\"image\":{\"@id\":\"https:\\\/\\\/korneliarataj.com\\\/#\\\/schema\\\/logo\\\/image\\\/\"},\"sameAs\":[\"http:\\\/\\\/www.facebook.com\\\/korneliaratajshop\",\"http:\\\/\\\/www.instagram.com\\\/korneliarataj\"]}]}<\/script>\n<!-- \/ Yoast SEO plugin. -->","yoast_head_json":{"title":"Leinen-Halstuch elastisch - cremewei\u00df - KORNELIARATAJ","description":"Handgefertigtes cremefarbenes Leinen-Halstuch - leicht, hell und nat\u00fcrlich. Gen\u00e4ht in Polen aus zertifiziertem Leinen. Ideal f\u00fcr Urlaubsfrisuren.","robots":{"index":"index","follow":"follow","max-snippet":"max-snippet:-1","max-image-preview":"max-image-preview:large","max-video-preview":"max-video-preview:-1"},"canonical":"https:\/\/korneliarataj.com\/de\/produkt\/lniana-gumka-scrunchie-smietankowy-bialy-2025\/","og_locale":"de_DE","og_type":"article","og_title":"Lniana gumka scrunchie - \u015bmietankowy bia\u0142y - KORNELIARATAJ","og_description":"\u015amietankowa lniana scrunchie handmade \u2013 lekka, jasna i naturalna. Szyta w Polsce z certyfikowanego lnu. Idealna do wakacyjnych fryzur.","og_url":"https:\/\/korneliarataj.com\/de\/produkt\/lniana-gumka-scrunchie-smietankowy-bialy-2025\/","og_site_name":"KORNELIARATAJ","article_publisher":"http:\/\/www.facebook.com\/korneliaratajshop","article_modified_time":"2026-04-02T06:56:04+00:00","og_image":[{"width":1365,"height":2048,"url":"https:\/\/korneliarataj.com\/wp-content\/uploads\/2025\/04\/LB-LINEN-2025-SCRUNCHIE-SMIETANKOWY-BIALY-scaled.webp","type":"image\/webp"}],"twitter_card":"summary_large_image","twitter_misc":{"Gesch\u00e4tzte Lesezeit":"1\u00a0Minute"},"schema":{"@context":"https:\/\/schema.org","@graph":[{"@type":"WebPage","@id":"https:\/\/korneliarataj.com\/produkt\/lniana-gumka-scrunchie-smietankowy-bialy-2025\/","url":"https:\/\/korneliarataj.com\/produkt\/lniana-gumka-scrunchie-smietankowy-bialy-2025\/","name":"Leinen-Halstuch elastisch - cremewei\u00df - KORNELIARATAJ","isPartOf":{"@id":"https:\/\/korneliarataj.com\/#website"},"primaryImageOfPage":{"@id":"https:\/\/korneliarataj.com\/produkt\/lniana-gumka-scrunchie-smietankowy-bialy-2025\/#primaryimage"},"image":{"@id":"https:\/\/korneliarataj.com\/produkt\/lniana-gumka-scrunchie-smietankowy-bialy-2025\/#primaryimage"},"thumbnailUrl":"https:\/\/korneliarataj.com\/wp-content\/uploads\/2025\/04\/LB-LINEN-2025-SCRUNCHIE-SMIETANKOWY-BIALY-scaled.webp","datePublished":"2025-04-22T21:06:10+00:00","dateModified":"2026-04-02T06:56:04+00:00","description":"Handgefertigtes cremefarbenes Leinen-Halstuch - leicht, hell und nat\u00fcrlich. Gen\u00e4ht in Polen aus zertifiziertem Leinen. Ideal f\u00fcr Urlaubsfrisuren.","breadcrumb":{"@id":"https:\/\/korneliarataj.com\/produkt\/lniana-gumka-scrunchie-smietankowy-bialy-2025\/#breadcrumb"},"inLanguage":"de","potentialAction":[{"@type":"ReadAction","target":["https:\/\/korneliarataj.com\/produkt\/lniana-gumka-scrunchie-smietankowy-bialy-2025\/"]}]},{"@type":"ImageObject","inLanguage":"de","@id":"https:\/\/korneliarataj.com\/produkt\/lniana-gumka-scrunchie-smietankowy-bialy-2025\/#primaryimage","url":"https:\/\/korneliarataj.com\/wp-content\/uploads\/2025\/04\/LB-LINEN-2025-SCRUNCHIE-SMIETANKOWY-BIALY-scaled.webp","contentUrl":"https:\/\/korneliarataj.com\/wp-content\/uploads\/2025\/04\/LB-LINEN-2025-SCRUNCHIE-SMIETANKOWY-BIALY-scaled.webp","width":1365,"height":2048,"caption":"Lniana gumka scrunchie smietankowy bialy"},{"@type":"BreadcrumbList","@id":"https:\/\/korneliarataj.com\/produkt\/lniana-gumka-scrunchie-smietankowy-bialy-2025\/#breadcrumb","itemListElement":[{"@type":"ListItem","position":1,"name":"HOME","item":"https:\/\/korneliarataj.com\/"},{"@type":"ListItem","position":2,"name":"Products","item":"https:\/\/korneliarataj.com\/en\/shop\/"},{"@type":"ListItem","position":3,"name":"Lniana gumka scrunchie &#8211; \u015bmietankowy bia\u0142y"}]},{"@type":"WebSite","@id":"https:\/\/korneliarataj.com\/#website","url":"https:\/\/korneliarataj.com\/","name":"Bademode und Leinenbekleidung Shop Kornelia Rataj","description":"badebekleidung badebekleidung leinen leinenbekleidung","publisher":{"@id":"https:\/\/korneliarataj.com\/#organization"},"potentialAction":[{"@type":"SearchAction","target":{"@type":"EntryPoint","urlTemplate":"https:\/\/korneliarataj.com\/?s={search_term_string}"},"query-input":{"@type":"PropertyValueSpecification","valueRequired":true,"valueName":"search_term_string"}}],"inLanguage":"de"},{"@type":"Organization","@id":"https:\/\/korneliarataj.com\/#organization","name":"KORNELIARATAJ","url":"https:\/\/korneliarataj.com\/","logo":{"@type":"ImageObject","inLanguage":"de","@id":"https:\/\/korneliarataj.com\/#\/schema\/logo\/image\/","url":"https:\/\/korneliarataj.com\/wp-content\/uploads\/2020\/07\/LOGO-KR.svg","contentUrl":"https:\/\/korneliarataj.com\/wp-content\/uploads\/2020\/07\/LOGO-KR.svg","width":1024,"height":1024,"caption":"KORNELIARATAJ"},"image":{"@id":"https:\/\/korneliarataj.com\/#\/schema\/logo\/image\/"},"sameAs":["http:\/\/www.facebook.com\/korneliaratajshop","http:\/\/www.instagram.com\/korneliarataj"]}]}},"_links":{"self":[{"href":"https:\/\/korneliarataj.com\/de\/wp-json\/wp\/v2\/product\/317626","targetHints":{"allow":["GET"]}}],"collection":[{"href":"https:\/\/korneliarataj.com\/de\/wp-json\/wp\/v2\/product"}],"about":[{"href":"https:\/\/korneliarataj.com\/de\/wp-json\/wp\/v2\/types\/product"}],"wp:featuredmedia":[{"embeddable":true,"href":"https:\/\/korneliarataj.com\/de\/wp-json\/wp\/v2\/media\/317625"}],"wp:attachment":[{"href":"https:\/\/korneliarataj.com\/de\/wp-json\/wp\/v2\/media?parent=317626"}],"wp:term":[{"taxonomy":"product_brand","embeddable":true,"href":"https:\/\/korneliarataj.com\/de\/wp-json\/wp\/v2\/product_brand?post=317626"},{"taxonomy":"product_cat","embeddable":true,"href":"https:\/\/korneliarataj.com\/de\/wp-json\/wp\/v2\/product_cat?post=317626"},{"taxonomy":"product_tag","embeddable":true,"href":"https:\/\/korneliarataj.com\/de\/wp-json\/wp\/v2\/product_tag?post=317626"}],"curies":[{"name":"wp","href":"https:\/\/api.w.org\/{rel}","templated":true}]}}