{"id":317620,"date":"2025-04-22T22:39:35","date_gmt":"2025-04-22T20:39:35","guid":{"rendered":"https:\/\/korneliarataj.com\/?post_type=product&#038;p=317620"},"modified":"2026-03-19T16:44:10","modified_gmt":"2026-03-19T15:44:10","slug":"lniana-gumka-scrunchie-pastelowy-zolty-2025","status":"publish","type":"product","link":"https:\/\/korneliarataj.com\/de\/produkt\/lniana-gumka-scrunchie-pastelowy-zolty-2025\/","title":{"rendered":"Leinen-H\u00f6rnchen-Radiergummi - pastellgelb"},"content":{"rendered":"","protected":false},"excerpt":{"rendered":"<p style=\"text-align: left;\"><strong>OPTIONEN<\/strong><\/p>\n<p style=\"text-align: left;\"><a href=\"https:\/\/korneliarataj.com\/de\/produkt\/lniana-gumka-scrunchie-naturalny-len-2025\/\" target=\"_blank\" rel=\"noopener noreferrer\"><img decoding=\"async\" src=\"https:\/\/korneliarataj.com\/wp-content\/uploads\/2025\/04\/LB-LINEN-2025-SCRUNCHIE-NATURALNY-LEN-200x300.webp\" width=\"100px\" \/><\/a>\u00a0<a href=\"https:\/\/korneliarataj.com\/de\/produkt\/lniana-gumka-scrunchie-smietankowy-bialy-2025\/\" target=\"_blank\" rel=\"noopener noreferrer\"><img decoding=\"async\" src=\"https:\/\/korneliarataj.com\/wp-content\/uploads\/2025\/04\/LB-LINEN-2025-SCRUNCHIE-SMIETANKOWY-BIALY-200x300.webp\" width=\"100px\" \/><\/a>\u00a0<a href=\"https:\/\/korneliarataj.com\/de\/produkt\/lniana-gumka-scrunchie-czarny-2025\/\" target=\"_blank\" rel=\"noopener noreferrer\"><img decoding=\"async\" src=\"https:\/\/korneliarataj.com\/wp-content\/uploads\/2025\/04\/LB-LINEN-2025-SCRUNCHIE-CZARNY-200x300.webp\" width=\"100px\" \/><\/a><\/p>\n<p style=\"text-align: left;\"><u><strong>Haargummi aus Leinen - nat\u00fcrliches Haargummi buttergelb<\/strong><\/u><\/p>\n<p style=\"text-align: left;\">Das gelbe Haargummi aus Leinen ist ein nat\u00fcrliches Haaraccessoire, das perfekt zu den Modellen der Leinenkollektion passt. Der pastellgelbe Farbton Buttergelb ist der Hit der Saison Fr\u00fchjahr\/Sommer 2025, und ein Accessoire in dieser Farbe bringt Spa\u00df und Urlaubsstimmung in Ihre Sommergarderobe. Kombinieren Sie das Accessoire mit Kleidungsst\u00fccken aus unserer Kollektion, um einen trendigen Leinen-Look zu kreieren - perfekt f\u00fcr den Sommer und dar\u00fcber hinaus.<\/p>\n<p style=\"text-align: left;\">Unser Haargummi wird in 100% aus Leinen von einem polnischen Hersteller hergestellt und ist sanft zu Haut und Haar - es zieht nicht, bricht nicht und rei\u00dft keine Str\u00e4hnen. Es ist das perfekte Haargummi f\u00fcr einen Dutt, einen Pferdeschwanz oder eine Hochsteckfrisur - bequem, stilvoll und zeitlos.<\/p>\n<p style=\"text-align: left;\"><strong>Abmessungen<\/strong><br \/>\nDurchmesser: ca. 12 cm<br \/>\nInnengummi: flexibel und langlebig<\/p>\n<p style=\"text-align: left;\"><strong>Details, auf die es ankommt<\/strong><br \/>\n- Von Hand gen\u00e4ht in Polen, in einer Familienwerkstatt in Czernica,<br \/>\n- Nat\u00fcrliches, atmungsaktives Leinen - ideal f\u00fcr den t\u00e4glichen Gebrauch,<br \/>\n- 4 klassische, vielseitige Farben zur Auswahl,<br \/>\n- Ideal f\u00fcr l\u00e4ssige, elegante und b\u00fcrotaugliche Stylings,<br \/>\n- Ein stilvoller Akzent f\u00fcr Urlaubslooks und eine minimalistische Garderobe.<br \/>\nJedes Gummiband wird mit Stoff von einem lokalen Lieferanten hergestellt und besticht durch die Qualit\u00e4t der Verarbeitung.<br \/>\nEs ist ein Accessoire, das sowohl f\u00fcr den t\u00e4glichen Gebrauch als auch als Geschenk geeignet ist.<\/p>\n<p style=\"text-align: left;\"><strong>Pastellgelbe Leinenfarbe<\/strong><br \/>\nDieser pastellfarbene Gelbton ist von der Morgensonne inspiriert und einer der Top-Trends f\u00fcr den Sommer 2025.<br \/>\nEr bringt jeden Teint zum Leuchten und verleiht der Frisur Leichtigkeit und Optimismus. Er passt sowohl zu hellem Porzellan-Teint als auch zu olivfarbenem und dunklerem Teint - er unterstreicht die nat\u00fcrliche Sch\u00f6nheit der Haut und verleiht der Frisur einen subtilen, frischen Touch. W\u00e4hlen Sie den trendigen Farbton Buttergelb und bringen Sie Freude und Urlaubsstimmung in Ihre Garderobe f\u00fcr die Fr\u00fchjahr-Sommer-Saison.<\/p>\n<p style=\"text-align: left;\"><strong>Zusammensetzung und Pflege<\/strong><br \/>\n- 100% Flachs<br \/>\n- Gewicht: 140 g\/m\u00b2<br \/>\n- Handw\u00e4sche oder Schonwaschgang bei 30\u00b0C<br \/>\n- Eisen bei max. 150\u00b0C<\/p>","protected":false},"featured_media":317618,"template":"","meta":[],"product_brand":[500],"product_cat":[620,639,621,76,637,644],"product_tag":[],"class_list":{"0":"post-317620","1":"product","2":"type-product","3":"status-publish","4":"has-post-thumbnail","6":"product_brand-korneliarataj","7":"product_cat-gumki-do-wlosow-lniane","8":"product_cat-kategorie-lniane","9":"product_cat-kolory-lniane","10":"product_cat-linen","11":"product_cat-pastelowy-zolty-lniane","12":"product_cat-sale-linen-2025","13":"flv-has-gallery","15":"first","16":"instock","17":"sale","18":"taxable","19":"shipping-taxable","20":"purchasable","21":"product-type-variable","22":"has-default-attributes"},"yoast_head":"<!-- This site is optimized with the Yoast SEO plugin v27.3 - https:\/\/yoast.com\/product\/yoast-seo-wordpress\/ -->\n<title>Lniana gumka scrunchie - pastelowy \u017c\u00f3\u0142ty - KORNELIARATAJ<\/title>\n<meta name=\"description\" content=\"Naturalna lniana scrunchie handmade w odcieniu butter yellow \u2013 delikatna dla w\u0142os\u00f3w, uszyta z polskiego lnu. Idealna do koka, kucyka i letnich stylizacji. Sprawd\u017a wszystkie kolory!\" \/>\n<meta name=\"robots\" content=\"index, follow, max-snippet:-1, max-image-preview:large, max-video-preview:-1\" \/>\n<link rel=\"canonical\" href=\"https:\/\/korneliarataj.com\/de\/produkt\/lniana-gumka-scrunchie-pastelowy-zolty-2025\/\" \/>\n<meta property=\"og:locale\" content=\"de_DE\" \/>\n<meta property=\"og:type\" content=\"article\" \/>\n<meta property=\"og:title\" content=\"Lniana gumka scrunchie - pastelowy \u017c\u00f3\u0142ty - KORNELIARATAJ\" \/>\n<meta property=\"og:description\" content=\"Naturalna lniana scrunchie handmade w odcieniu butter yellow \u2013 delikatna dla w\u0142os\u00f3w, uszyta z polskiego lnu. Idealna do koka, kucyka i letnich stylizacji. Sprawd\u017a wszystkie kolory!\" \/>\n<meta property=\"og:url\" content=\"https:\/\/korneliarataj.com\/de\/produkt\/lniana-gumka-scrunchie-pastelowy-zolty-2025\/\" \/>\n<meta property=\"og:site_name\" content=\"KORNELIARATAJ\" \/>\n<meta property=\"article:publisher\" content=\"http:\/\/www.facebook.com\/korneliaratajshop\" \/>\n<meta property=\"article:modified_time\" content=\"2026-03-19T15:44:10+00:00\" \/>\n<meta property=\"og:image\" content=\"https:\/\/korneliarataj.com\/wp-content\/uploads\/2025\/04\/LB-LINEN-2025-SCRUNCHIE-PASTELOWY-ZOLTY-scaled.webp\" \/>\n\t<meta property=\"og:image:width\" content=\"1365\" \/>\n\t<meta property=\"og:image:height\" content=\"2048\" \/>\n\t<meta property=\"og:image:type\" content=\"image\/webp\" \/>\n<meta name=\"twitter:card\" content=\"summary_large_image\" \/>\n<meta name=\"twitter:label1\" content=\"Gesch\u00e4tzte Lesezeit\" \/>\n\t<meta name=\"twitter:data1\" content=\"1\u00a0Minute\" \/>\n<script type=\"application\/ld+json\" class=\"yoast-schema-graph\">{\"@context\":\"https:\\\/\\\/schema.org\",\"@graph\":[{\"@type\":\"WebPage\",\"@id\":\"https:\\\/\\\/korneliarataj.com\\\/produkt\\\/lniana-gumka-scrunchie-pastelowy-zolty-2025\\\/\",\"url\":\"https:\\\/\\\/korneliarataj.com\\\/produkt\\\/lniana-gumka-scrunchie-pastelowy-zolty-2025\\\/\",\"name\":\"Lniana gumka scrunchie - pastelowy \u017c\u00f3\u0142ty - KORNELIARATAJ\",\"isPartOf\":{\"@id\":\"https:\\\/\\\/korneliarataj.com\\\/#website\"},\"primaryImageOfPage\":{\"@id\":\"https:\\\/\\\/korneliarataj.com\\\/produkt\\\/lniana-gumka-scrunchie-pastelowy-zolty-2025\\\/#primaryimage\"},\"image\":{\"@id\":\"https:\\\/\\\/korneliarataj.com\\\/produkt\\\/lniana-gumka-scrunchie-pastelowy-zolty-2025\\\/#primaryimage\"},\"thumbnailUrl\":\"https:\\\/\\\/korneliarataj.com\\\/wp-content\\\/uploads\\\/2025\\\/04\\\/LB-LINEN-2025-SCRUNCHIE-PASTELOWY-ZOLTY-scaled.webp\",\"datePublished\":\"2025-04-22T20:39:35+00:00\",\"dateModified\":\"2026-03-19T15:44:10+00:00\",\"description\":\"Naturalna lniana scrunchie handmade w odcieniu butter yellow \u2013 delikatna dla w\u0142os\u00f3w, uszyta z polskiego lnu. Idealna do koka, kucyka i letnich stylizacji. Sprawd\u017a wszystkie kolory!\",\"breadcrumb\":{\"@id\":\"https:\\\/\\\/korneliarataj.com\\\/produkt\\\/lniana-gumka-scrunchie-pastelowy-zolty-2025\\\/#breadcrumb\"},\"inLanguage\":\"de\",\"potentialAction\":[{\"@type\":\"ReadAction\",\"target\":[\"https:\\\/\\\/korneliarataj.com\\\/produkt\\\/lniana-gumka-scrunchie-pastelowy-zolty-2025\\\/\"]}]},{\"@type\":\"ImageObject\",\"inLanguage\":\"de\",\"@id\":\"https:\\\/\\\/korneliarataj.com\\\/produkt\\\/lniana-gumka-scrunchie-pastelowy-zolty-2025\\\/#primaryimage\",\"url\":\"https:\\\/\\\/korneliarataj.com\\\/wp-content\\\/uploads\\\/2025\\\/04\\\/LB-LINEN-2025-SCRUNCHIE-PASTELOWY-ZOLTY-scaled.webp\",\"contentUrl\":\"https:\\\/\\\/korneliarataj.com\\\/wp-content\\\/uploads\\\/2025\\\/04\\\/LB-LINEN-2025-SCRUNCHIE-PASTELOWY-ZOLTY-scaled.webp\",\"width\":1365,\"height\":2048,\"caption\":\"Lniana gumka scrunchie pastelowy zolty\"},{\"@type\":\"BreadcrumbList\",\"@id\":\"https:\\\/\\\/korneliarataj.com\\\/produkt\\\/lniana-gumka-scrunchie-pastelowy-zolty-2025\\\/#breadcrumb\",\"itemListElement\":[{\"@type\":\"ListItem\",\"position\":1,\"name\":\"HOME\",\"item\":\"https:\\\/\\\/korneliarataj.com\\\/\"},{\"@type\":\"ListItem\",\"position\":2,\"name\":\"Products\",\"item\":\"https:\\\/\\\/korneliarataj.com\\\/en\\\/shop\\\/\"},{\"@type\":\"ListItem\",\"position\":3,\"name\":\"Lniana gumka scrunchie &#8211; pastelowy \u017c\u00f3\u0142ty\"}]},{\"@type\":\"WebSite\",\"@id\":\"https:\\\/\\\/korneliarataj.com\\\/#website\",\"url\":\"https:\\\/\\\/korneliarataj.com\\\/\",\"name\":\"Stroje K\u0105pielowe i Odzie\u017c Lniana Sklep Kornelia Rataj\",\"description\":\"swimwear stroje k\u0105pielowe ubrania len lniane\",\"publisher\":{\"@id\":\"https:\\\/\\\/korneliarataj.com\\\/#organization\"},\"potentialAction\":[{\"@type\":\"SearchAction\",\"target\":{\"@type\":\"EntryPoint\",\"urlTemplate\":\"https:\\\/\\\/korneliarataj.com\\\/?s={search_term_string}\"},\"query-input\":{\"@type\":\"PropertyValueSpecification\",\"valueRequired\":true,\"valueName\":\"search_term_string\"}}],\"inLanguage\":\"de\"},{\"@type\":\"Organization\",\"@id\":\"https:\\\/\\\/korneliarataj.com\\\/#organization\",\"name\":\"KORNELIARATAJ\",\"url\":\"https:\\\/\\\/korneliarataj.com\\\/\",\"logo\":{\"@type\":\"ImageObject\",\"inLanguage\":\"de\",\"@id\":\"https:\\\/\\\/korneliarataj.com\\\/#\\\/schema\\\/logo\\\/image\\\/\",\"url\":\"https:\\\/\\\/korneliarataj.com\\\/wp-content\\\/uploads\\\/2020\\\/07\\\/LOGO-KR.svg\",\"contentUrl\":\"https:\\\/\\\/korneliarataj.com\\\/wp-content\\\/uploads\\\/2020\\\/07\\\/LOGO-KR.svg\",\"width\":1024,\"height\":1024,\"caption\":\"KORNELIARATAJ\"},\"image\":{\"@id\":\"https:\\\/\\\/korneliarataj.com\\\/#\\\/schema\\\/logo\\\/image\\\/\"},\"sameAs\":[\"http:\\\/\\\/www.facebook.com\\\/korneliaratajshop\",\"http:\\\/\\\/www.instagram.com\\\/korneliarataj\"]}]}<\/script>\n<!-- \/ Yoast SEO plugin. -->","yoast_head_json":{"title":"Radiergummi aus Leinen - pastellgelb - KORNELIARATAJ","description":"Nat\u00fcrliches, handgefertigtes Leinen-Haargummi in Buttergelb - haarschonend, gen\u00e4ht aus polnischem Leinen. Perfekt f\u00fcr Dutt, Pferdeschwanz und Sommerstyling. Sehen Sie sich alle Farben an!","robots":{"index":"index","follow":"follow","max-snippet":"max-snippet:-1","max-image-preview":"max-image-preview:large","max-video-preview":"max-video-preview:-1"},"canonical":"https:\/\/korneliarataj.com\/de\/produkt\/lniana-gumka-scrunchie-pastelowy-zolty-2025\/","og_locale":"de_DE","og_type":"article","og_title":"Lniana gumka scrunchie - pastelowy \u017c\u00f3\u0142ty - KORNELIARATAJ","og_description":"Naturalna lniana scrunchie handmade w odcieniu butter yellow \u2013 delikatna dla w\u0142os\u00f3w, uszyta z polskiego lnu. Idealna do koka, kucyka i letnich stylizacji. Sprawd\u017a wszystkie kolory!","og_url":"https:\/\/korneliarataj.com\/de\/produkt\/lniana-gumka-scrunchie-pastelowy-zolty-2025\/","og_site_name":"KORNELIARATAJ","article_publisher":"http:\/\/www.facebook.com\/korneliaratajshop","article_modified_time":"2026-03-19T15:44:10+00:00","og_image":[{"width":1365,"height":2048,"url":"https:\/\/korneliarataj.com\/wp-content\/uploads\/2025\/04\/LB-LINEN-2025-SCRUNCHIE-PASTELOWY-ZOLTY-scaled.webp","type":"image\/webp"}],"twitter_card":"summary_large_image","twitter_misc":{"Gesch\u00e4tzte Lesezeit":"1\u00a0Minute"},"schema":{"@context":"https:\/\/schema.org","@graph":[{"@type":"WebPage","@id":"https:\/\/korneliarataj.com\/produkt\/lniana-gumka-scrunchie-pastelowy-zolty-2025\/","url":"https:\/\/korneliarataj.com\/produkt\/lniana-gumka-scrunchie-pastelowy-zolty-2025\/","name":"Radiergummi aus Leinen - pastellgelb - KORNELIARATAJ","isPartOf":{"@id":"https:\/\/korneliarataj.com\/#website"},"primaryImageOfPage":{"@id":"https:\/\/korneliarataj.com\/produkt\/lniana-gumka-scrunchie-pastelowy-zolty-2025\/#primaryimage"},"image":{"@id":"https:\/\/korneliarataj.com\/produkt\/lniana-gumka-scrunchie-pastelowy-zolty-2025\/#primaryimage"},"thumbnailUrl":"https:\/\/korneliarataj.com\/wp-content\/uploads\/2025\/04\/LB-LINEN-2025-SCRUNCHIE-PASTELOWY-ZOLTY-scaled.webp","datePublished":"2025-04-22T20:39:35+00:00","dateModified":"2026-03-19T15:44:10+00:00","description":"Nat\u00fcrliches, handgefertigtes Leinen-Haargummi in Buttergelb - haarschonend, gen\u00e4ht aus polnischem Leinen. Perfekt f\u00fcr Dutt, Pferdeschwanz und Sommerstyling. Sehen Sie sich alle Farben an!","breadcrumb":{"@id":"https:\/\/korneliarataj.com\/produkt\/lniana-gumka-scrunchie-pastelowy-zolty-2025\/#breadcrumb"},"inLanguage":"de","potentialAction":[{"@type":"ReadAction","target":["https:\/\/korneliarataj.com\/produkt\/lniana-gumka-scrunchie-pastelowy-zolty-2025\/"]}]},{"@type":"ImageObject","inLanguage":"de","@id":"https:\/\/korneliarataj.com\/produkt\/lniana-gumka-scrunchie-pastelowy-zolty-2025\/#primaryimage","url":"https:\/\/korneliarataj.com\/wp-content\/uploads\/2025\/04\/LB-LINEN-2025-SCRUNCHIE-PASTELOWY-ZOLTY-scaled.webp","contentUrl":"https:\/\/korneliarataj.com\/wp-content\/uploads\/2025\/04\/LB-LINEN-2025-SCRUNCHIE-PASTELOWY-ZOLTY-scaled.webp","width":1365,"height":2048,"caption":"Lniana gumka scrunchie pastelowy zolty"},{"@type":"BreadcrumbList","@id":"https:\/\/korneliarataj.com\/produkt\/lniana-gumka-scrunchie-pastelowy-zolty-2025\/#breadcrumb","itemListElement":[{"@type":"ListItem","position":1,"name":"HOME","item":"https:\/\/korneliarataj.com\/"},{"@type":"ListItem","position":2,"name":"Products","item":"https:\/\/korneliarataj.com\/en\/shop\/"},{"@type":"ListItem","position":3,"name":"Lniana gumka scrunchie &#8211; pastelowy \u017c\u00f3\u0142ty"}]},{"@type":"WebSite","@id":"https:\/\/korneliarataj.com\/#website","url":"https:\/\/korneliarataj.com\/","name":"Bademode und Leinenbekleidung Shop Kornelia Rataj","description":"badebekleidung badebekleidung leinen leinenbekleidung","publisher":{"@id":"https:\/\/korneliarataj.com\/#organization"},"potentialAction":[{"@type":"SearchAction","target":{"@type":"EntryPoint","urlTemplate":"https:\/\/korneliarataj.com\/?s={search_term_string}"},"query-input":{"@type":"PropertyValueSpecification","valueRequired":true,"valueName":"search_term_string"}}],"inLanguage":"de"},{"@type":"Organization","@id":"https:\/\/korneliarataj.com\/#organization","name":"KORNELIARATAJ","url":"https:\/\/korneliarataj.com\/","logo":{"@type":"ImageObject","inLanguage":"de","@id":"https:\/\/korneliarataj.com\/#\/schema\/logo\/image\/","url":"https:\/\/korneliarataj.com\/wp-content\/uploads\/2020\/07\/LOGO-KR.svg","contentUrl":"https:\/\/korneliarataj.com\/wp-content\/uploads\/2020\/07\/LOGO-KR.svg","width":1024,"height":1024,"caption":"KORNELIARATAJ"},"image":{"@id":"https:\/\/korneliarataj.com\/#\/schema\/logo\/image\/"},"sameAs":["http:\/\/www.facebook.com\/korneliaratajshop","http:\/\/www.instagram.com\/korneliarataj"]}]}},"_links":{"self":[{"href":"https:\/\/korneliarataj.com\/de\/wp-json\/wp\/v2\/product\/317620","targetHints":{"allow":["GET"]}}],"collection":[{"href":"https:\/\/korneliarataj.com\/de\/wp-json\/wp\/v2\/product"}],"about":[{"href":"https:\/\/korneliarataj.com\/de\/wp-json\/wp\/v2\/types\/product"}],"wp:featuredmedia":[{"embeddable":true,"href":"https:\/\/korneliarataj.com\/de\/wp-json\/wp\/v2\/media\/317618"}],"wp:attachment":[{"href":"https:\/\/korneliarataj.com\/de\/wp-json\/wp\/v2\/media?parent=317620"}],"wp:term":[{"taxonomy":"product_brand","embeddable":true,"href":"https:\/\/korneliarataj.com\/de\/wp-json\/wp\/v2\/product_brand?post=317620"},{"taxonomy":"product_cat","embeddable":true,"href":"https:\/\/korneliarataj.com\/de\/wp-json\/wp\/v2\/product_cat?post=317620"},{"taxonomy":"product_tag","embeddable":true,"href":"https:\/\/korneliarataj.com\/de\/wp-json\/wp\/v2\/product_tag?post=317620"}],"curies":[{"name":"wp","href":"https:\/\/api.w.org\/{rel}","templated":true}]}}