{"id":309114,"date":"2025-01-26T05:56:17","date_gmt":"2025-01-26T04:56:17","guid":{"rendered":"https:\/\/korneliarataj.com\/?post_type=product&#038;p=309114"},"modified":"2026-04-04T10:04:38","modified_gmt":"2026-04-04T08:04:38","slug":"the-special-one-stroj-kapielowy-jednoczesciowy-coconut-2025","status":"publish","type":"product","link":"https:\/\/korneliarataj.com\/de\/produkt\/the-special-one-stroj-kapielowy-jednoczesciowy-coconut-2025\/","title":{"rendered":"The Special One - Einteiliger Badeanzug aus Kokosnuss"},"content":{"rendered":"","protected":false},"excerpt":{"rendered":"<p style=\"text-align: left;\"><strong>OPTIONEN<\/strong><\/p>\n<p style=\"text-align: left;\"><a href=\"https:\/\/korneliarataj.com\/de\/produkt\/the-special-one-stroj-kapielowy-jednoczesciowy-sky-blue-2026\/\" target=\"_blank\" rel=\"noopener noreferrer\"><img decoding=\"async\" src=\"https:\/\/korneliarataj.com\/wp-content\/uploads\/2026\/01\/2026-SKY-BLUE-THE-SPECIAL-ONE-1.webp\" width=\"90px\" \/><\/a><a href=\"https:\/\/korneliarataj.com\/de\/produkt\/the-special-one-stroj-kapielowy-jednoczesciowy-peachy-rose-2026\/\" target=\"_blank\" rel=\"noopener noreferrer\"><img decoding=\"async\" src=\"https:\/\/korneliarataj.com\/wp-content\/uploads\/2026\/01\/2026-PEACHY-ROSE-THE-SPECIAL-ONE-1.webp\" width=\"90px\" \/><\/a><a href=\"https:\/\/korneliarataj.com\/de\/produkt\/the-special-one-stroj-kapielowy-jednoczesciowy-burgundy-2026\/\" target=\"_blank\" rel=\"noopener noreferrer\"><img decoding=\"async\" src=\"https:\/\/korneliarataj.com\/wp-content\/uploads\/2026\/01\/2026-BURGUNDY-THE-SPECIAL-ONE-1.webp\" width=\"90px\" \/><\/a><a href=\"https:\/\/korneliarataj.com\/de\/produkt\/the-special-one-stroj-kapielowy-jednoczesciowy-black-2025\/\" target=\"_blank\" rel=\"noopener noreferrer\"><img decoding=\"async\" src=\"https:\/\/korneliarataj.com\/wp-content\/uploads\/2026\/01\/2026-BLACK-THE-SPECIAL-ONE-1.webp\" width=\"90px\" \/><\/a><a href=\"https:\/\/korneliarataj.com\/de\/produkt\/the-special-one-stroj-kapielowy-jednoczesciowy-wood-2025\/\" target=\"_blank\" rel=\"noopener noreferrer\"><img decoding=\"async\" src=\"https:\/\/korneliarataj.com\/wp-content\/uploads\/2026\/01\/2026-WOOD-THE-SPECIAL-ONE-1.webp\" width=\"90px\" \/><\/a><a href=\"https:\/\/korneliarataj.com\/de\/produkt\/the-special-one-stroj-kapielowy-jednoczesciowy-sunset-2025\/\" target=\"_blank\" rel=\"noopener noreferrer\"><img decoding=\"async\" src=\"https:\/\/korneliarataj.com\/wp-content\/uploads\/2026\/01\/2026-SUNSET-THE-SPECIAL-ONE-1.webp\" width=\"90px\" \/><\/a><a href=\"https:\/\/korneliarataj.com\/de\/produkt\/the-special-one-stroj-kapielowy-jednoczesciowy-sunshine-2025\/\" target=\"_blank\" rel=\"noopener noreferrer\"><img decoding=\"async\" src=\"https:\/\/korneliarataj.com\/wp-content\/uploads\/2026\/01\/2026-SUNSHINE-THE-SPECIAL-ONE-1.webp\" width=\"90px\" \/><\/a><\/p>\n<p style=\"text-align: left;\"><strong><u><\/p>\n<div class=\"kr-collapse is-noarrow\" data-rel=\"opis\">\n    <button type=\"button\" class=\"kr-collapse__trigger\"\n      aria-expanded=\"false\"\n      aria-controls=\"kr-exp-1\"><br \/>\n      OPIS PRODUKTU<br \/>\n    <\/button><\/p>\n<div id=\"kr-exp-1\" class=\"kr-collapse__panel\" hidden>\n<div class=\"kr-collapse__content\"><\/u><\/strong><\/p>\n<p style=\"text-align: left;\"><u><strong>The Special One - einteiliger Badeanzug<\/strong><\/u><\/p>\n<p style=\"text-align: left;\"><strong>Einteiliger Badeanzug - minimalistische Eleganz und einzigartiges Design<\/strong>. Dieser Bestseller unter den einteiligen Badeanz\u00fcgen mit seinem zeitlosen, minimalistischen Design ist die perfekte Wahl f\u00fcr den Strand. Das Modell zeichnet sich durch den tiefen V-Ausschnitt auf der Vorderseite und die auf dem R\u00fccken gekreuzten Tr\u00e4ger aus, die dem ganzen St\u00fcck einen einzigartigen Charakter verleihen. Das Bindeband in der Taille und die verstellbare Tr\u00e4gerl\u00e4nge sorgen f\u00fcr eine individuelle Passform.<\/p>\n<p style=\"text-align: left;\">Die Form, die hohe Taille und die Ausschnitte des Badeanzugs verl\u00e4ngern optisch die Beine, machen die Silhouette schlanker und betonen die Weiblichkeit auf das \u00c4u\u00dferste. Durch den verstellbaren Schnitt ist das Modell sowohl f\u00fcr kleine als auch gro\u00dfe Br\u00fcste geeignet und bietet dank des hochwertigen Materials mit dem richtigen Gewicht einen hohen Tragekomfort.<\/p>\n<p style=\"text-align: left;\">Es handelt sich um ein einzigartiges Modell, das Eleganz, Einzigartigkeit und einen Hauch von Sinnlichkeit vereint. Wenn Sie auf der Suche nach einem Badeanzug sind, der Ihre Silhouette betont, und sich am Strand ganz besonders f\u00fchlen wollen, ist dieser einteilige Badeanzug die perfekte Wahl.<\/p>\n<p style=\"text-align: left;\">\"Die Special One ist unser meistverkauftes Modell. Er zeichnet sich durch seinen k\u00fchnen und doch einzigartigen Schnitt aus, in dem sich so manche Frau wiederentdeckt. Richtig geknotet ist der Badeanzug bequem, und obwohl er kein Badeanzug f\u00fcr den aktiven Strandbesuch ist, werden Sie sich in ihm ganz sicher ganz besonders f\u00fchlen, und das ist mehr wert, als Sie sich vorstellen k\u00f6nnen. Probieren Sie die Passform aus und nehmen Sie Ihren The special one mit auf eine ganz besondere Reise f\u00fcr Sie.\"<\/p>\n<p style=\"text-align: left;\"><img decoding=\"async\" src=\"https:\/\/korneliarataj.com\/wp-content\/uploads\/2020\/09\/SIGNATURE-1024x189.png\" width=\"300\" height=\"75\" \/><\/p>\n<p>&nbsp;<\/p>\n<p style=\"text-align: left;\"><strong>Hochwertige Materialien<\/strong><\/p>\n<p style=\"text-align: left;\">Der Badeanzug ist aus hochwertigem Lycra gefertigt <strong>econyl<\/strong><strong class=\"copyright\">\u24c7<\/strong>recycelte Materialien, die den h\u00f6chsten Qualit\u00e4tsstandards entsprechen, einschlie\u00dflich zertifizierter <strong>OEKO-TEX Standard 100<\/strong>. Das Material ist gekennzeichnet durch:<br \/>\n\u2013 <strong>Schutz vor UV-Strahlung<\/strong>,<br \/>\n\u2013 <strong>bi-direktionale Flexibilit\u00e4t<\/strong>das f\u00fcr Komfort sorgt,<br \/>\n\u2013 <strong>resistent gegen Chlor und Ausbleichen<\/strong>,<br \/>\n\u2013 <strong>Nachhaltigkeit<\/strong>selbst bei Kontakt mit \u00d6len und Sonnencremes,<br \/>\n\u2013 <strong>\u00f6kologischer Produktionsprozess<\/strong> - recycelte Faser<\/p>\n<p>&nbsp;<\/p>\n<p style=\"text-align: left;\"><strong>\u00c4sthetik und Komfort bis ins Detail<\/strong><\/p>\n<p style=\"text-align: left;\">Jedes Detail wurde im Hinblick auf Ihren Komfort entwickelt:<\/p>\n<p>\u2013 <strong>Die Badebekleidung wird in zwei Lagen gen\u00e4ht<\/strong>Sie bieten Komfort und eine angemessene Abdeckung.<br \/>\n\u2013 <strong>Versteckte N\u00e4hte<\/strong> bieten au\u00dfergew\u00f6hnlichen Tragekomfort.<br \/>\n\u2013 <strong>Hei\u00dfsiegelbares Etikett<\/strong> garantiert Genuss.<\/p>\n<p>&nbsp;<\/p>\n<p style=\"text-align: left;\"><strong>Lokale Produktion - gen\u00e4ht in Polen<\/strong><\/p>\n<p style=\"text-align: left;\">Unsere Bademode wird in unserer Familienwerkstatt in Czernica mit viel Liebe zum Detail hergestellt. Die Produkte zeichnen sich durch ihre sorgf\u00e4ltige Verarbeitung, Langlebigkeit und \u00c4sthetik aus, die von unseren Kunden gesch\u00e4tzt werden.<\/p>\n<\/div><\/div>\n<\/p><\/div>\n<p style=\"text-align: left;\"><strong><u><\/p>\n<div class=\"kr-collapse is-noarrow\" data-rel=\"instrukcja\">\n    <button type=\"button\" class=\"kr-collapse__trigger\"\n      aria-expanded=\"false\"\n      aria-controls=\"kr-exp-2\"><br \/>\n      BINDEANWEISUNGEN<br \/>\n    <\/button><\/p>\n<div id=\"kr-exp-2\" class=\"kr-collapse__panel\" hidden>\n<div class=\"kr-collapse__content\"><\/u><\/strong><\/p>\n<p style=\"text-align: left;\"><strong>Schau dir das Video an, um herauszufinden, wie man das The Special One-Kost\u00fcm bindet<\/strong><br \/>\n<iframe width=\"300\" height=\"1120\" src=\"https:\/\/www.youtube.com\/embed\/vijK79-sqlY\" frameborder=\"0\" gesture=\"media\" allow=\"autoplay; encrypted-media\" allowfullscreen><\/iframe><br \/>\n<strong>Schritt-f\u00fcr-Schritt-Anleitung zum Binden von Badeanz\u00fcgen:<\/strong><br \/>\n1. <strong>Ziehen Sie das Kost\u00fcm \u00fcber Ihren K\u00f6rper:<\/strong><br \/>\nAchten Sie darauf, dass der V-Ausschnitt ein paar Zentimeter \u00fcber dem Bauchnabel endet.<br \/>\n2. <strong>Binden Sie die oberen B\u00e4nder im Nacken zusammen:<\/strong><br \/>\nBinden Sie die langen Arbeitsgurte im Nacken zusammen, um das Kost\u00fcm zu fixieren.<br \/>\n3. <strong>Seitliche Bindeb\u00e4nder auf der Vorderseite:<\/strong><br \/>\nGreifen Sie die seitlichen Tr\u00e4ger und binden Sie sie auf der Vorderseite unterhalb des V-Ausschnitts zusammen, so dass der Bodys eng anliegt.<br \/>\n4. <strong>Bereiten Sie die Gurte so vor, dass sie sich auf dem R\u00fccken kreuzen:<\/strong><br \/>\nL\u00f6sen Sie das obere Band im Nacken, lassen Sie die Tr\u00e4ger frei und gerade am R\u00fccken herunterh\u00e4ngen.<br \/>\n5. <strong>Kreuzen Sie die Riemen auf dem R\u00fccken:<\/strong><br \/>\nSenken Sie die Arme nach unten, f\u00fchren Sie sie seitlich zum R\u00fccken und greifen Sie die B\u00e4nder - das linke Band in der rechten Hand, das rechte Band in der linken Hand - so, dass sie sich auf dem R\u00fccken kreuzen.<br \/>\n6. <strong>Ziehen Sie die Tr\u00e4ger an und l\u00f6sen Sie die seitlichen B\u00e4nder auf der Vorderseite:<\/strong><br \/>\nZiehen Sie die gekreuzten Tr\u00e4ger fest \u00fcber den R\u00fccken und l\u00f6sen Sie dann das Arbeitsband an der Vorderseite.<br \/>\n7. <strong>F\u00fchren Sie die endg\u00fcltige Bindung durch:<\/strong><br \/>\nFassen Sie den seitlichen Gurt zusammen mit dem hinteren Gurt in einer Hand, machen Sie dasselbe auf der anderen Seite. Binden Sie sie an den Seiten zusammen, um das Kost\u00fcm sicher zu befestigen.<br \/>\n8. <strong>Verstecken Sie die \u00fcberstehenden Enden:<\/strong><br \/>\nNach dem Binden stecken Sie zwei der vier \u00fcberstehenden Enden unter das Kost\u00fcm, um ein ordentliches Aussehen zu erzielen.<br \/>\n9. <strong>Passen Sie das Kost\u00fcm an:<\/strong><br \/>\nKorrigieren Sie die Positionierung der Tr\u00e4ger auf dem R\u00fccken und auf der Vorderseite. Passen Sie die aus dem R\u00fccken kommenden Tr\u00e4ger so an, dass sie gerade an den Seiten, direkt unter der Brust, liegen. Stellen Sie sicher, dass das Ganze gut sitzt und bequem ist.<br \/>\nGeschafft! Ihr Kost\u00fcm ist nun richtig geknotet und perfekt an Ihre Figur angepasst.<\/div>\n<\/p><\/div>\n<\/p><\/div>\n<\/p>\n<p style=\"text-align: left;\"><strong><u><\/p>\n<div class=\"kr-collapse is-noarrow\" data-rel=\"wymiary\">\n    <button type=\"button\" class=\"kr-collapse__trigger\"\n      aria-expanded=\"false\"\n      aria-controls=\"kr-exp-3\"><br \/>\n      MODELLABMESSUNGEN<br \/>\n    <\/button><\/p>\n<div id=\"kr-exp-3\" class=\"kr-collapse__panel\" hidden>\n<div class=\"kr-collapse__content\"><\/u><\/strong><\/p>\n<p style=\"text-align: left;\">Modelka ma na sobie rozmiar XS\/S<br \/>\nObw\u00f3d w biu\u015bcie: 84 cm<br \/>\nUmfang unter der B\u00fcste: 72 cm<br \/>\nMiseczka: A<br \/>\nObw\u00f3d w talii: 64 cm<br \/>\nObw\u00f3d w biodrach: 92 cm<br \/>\nWzrost: 170 cm<\/p>\n<\/div><\/div>\n<\/p><\/div>\n<p style=\"text-align: left;\"><strong><u><\/p>\n<div class=\"kr-collapse is-noarrow\" data-rel=\"kolor\">\n    <button type=\"button\" class=\"kr-collapse__trigger\"\n      aria-expanded=\"false\"\n      aria-controls=\"kr-exp-4\"><br \/>\n      FARBBESCHREIBUNG<br \/>\n    <\/button><\/p>\n<div id=\"kr-exp-4\" class=\"kr-collapse__panel\" hidden>\n<div class=\"kr-collapse__content\"><\/u><\/strong><\/p>\n<p style=\"text-align: left;\"><strong><a href=\"https:\/\/korneliarataj.com\/de\/kolor-coconut-lniane\/\" target=\"_blank\" rel=\"noopener noreferrer\"><u>Farbe COCONUT<\/u><\/a> - Der meistverkaufte Wei\u00df-Ton<\/strong>.<br \/>\n<strong>Cremefarbener Badeanzug<\/strong>auch als Off-White bekannt, ist eine zeitlose Wahl, die eine Br\u00e4une perfekt unterstreicht und jedem Look Leichtigkeit verleiht. Dieser Wei\u00dfton passt zu allen Hauttypen - von heller Porzellanhaut \u00fcber olivfarbene Haut bis hin zu dunklerem Teint.<br \/>\n\u2013 <strong>Heller, porzellanartiger Teint<\/strong>: Verbessert die Geschmeidigkeit der Haut und verleiht ihr einen zarten Schimmer.<br \/>\n\u2013 <strong>Olivenfarbener Teint<\/strong>Er harmoniert perfekt mit warmen Hautt\u00f6nen und bildet ein harmonisches Ganzes.<br \/>\n\u2013 <strong>Dunklere Haut<\/strong>Kontrastiert perfekt mit der Br\u00e4une und unterstreicht deren goldene T\u00f6ne.<br \/>\n<strong>Badebekleidung in einem gebrochenen Wei\u00dfton<\/strong> Sie passen sowohl zu Einteilern als auch zu Bikini-Modellen und verleihen dem Styling Frische und Eleganz.<br \/>\n<strong>Warum einen wei\u00dfen Badeanzug w\u00e4hlen?<\/strong><br \/>\nKremowa biel to idealny wyb\u00f3r na lato \u2013 elegancka, uniwersalna i nigdy niewychodz\u0105ca z mody.<\/div>\n<\/p><\/div>\n<\/p><\/div>\n<\/p>\n<p style=\"text-align: left;\"><strong><u><\/p>\n<div class=\"kr-collapse is-noarrow\" data-rel=\"sklad\">\n    <button type=\"button\" class=\"kr-collapse__trigger\"\n      aria-expanded=\"false\"\n      aria-controls=\"kr-exp-5\"><br \/>\n      ZUSAMMENSETZUNG UND PFLEGEHINWEISE<br \/>\n    <\/button><\/p>\n<div id=\"kr-exp-5\" class=\"kr-collapse__panel\" hidden>\n<div class=\"kr-collapse__content\"><\/u><\/strong><\/p>\n<p style=\"text-align: left;\">78% recyceltes Polyamid<br \/>\n22% Elastan<br \/>\nSchonwaschgang bei 30\u00b0c mit \u00e4hnlichen Farben<br \/>\nHandw\u00e4sche, mit \u00e4hnlichen Farben<br \/>\nEisen bei max. 110\u00b0c<br \/>\nnicht bleichen<br \/>\nnicht im Trockner trocknen<\/p>\n<\/div><\/div>\n<\/p><\/div>","protected":false},"featured_media":390141,"template":"","meta":[],"product_brand":[500],"product_cat":[517,563,577,528,572,561,562,590,593,652,565,573,651,583,574],"product_tag":[328],"class_list":{"0":"post-309114","1":"product","2":"type-product","3":"status-publish","4":"has-post-thumbnail","6":"product_brand-korneliarataj","7":"product_cat-coconut-swimwear","8":"product_cat-dlugi-tulow-jednoczesciowe","9":"product_cat-eleganckie-stroje","10":"product_cat-jednoczesciowe-swimwear","11":"product_cat-kategorie-swimwear","12":"product_cat-kolory-swimwear","13":"product_cat-krotki-tulow-jednoczesciowe","14":"product_cat-maly-biust-stroje","15":"product_cat-ochrona-uv-stroje","16":"product_cat-swimwear-2026","17":"product_cat-wiazane-jednoczesciowe","18":"product_cat-wiazane-stroje","19":"product_cat-worek-free","20":"product_cat-wysoki-stan-stroje","21":"product_cat-z-wycieciami-wyciete-stroje","22":"product_tag-coconut","23":"flv-has-gallery","25":"first","26":"instock","27":"taxable","28":"shipping-taxable","29":"purchasable","30":"product-type-variable","31":"has-default-attributes"},"yoast_head":"<!-- This site is optimized with the Yoast SEO plugin v27.3 - https:\/\/yoast.com\/product\/yoast-seo-wordpress\/ -->\n<title>The Special One - str\u00f3j k\u0105pielowy jednocz\u0119\u015bciowy Coconut - KORNELIARATAJ<\/title>\n<meta name=\"description\" content=\"Kornelia Rataj. Minimalist Women&#039;s Collection, Basic, Swimwear. HANDMADE IN POLAND WITH LOVE.\" \/>\n<meta name=\"robots\" content=\"index, follow, max-snippet:-1, max-image-preview:large, max-video-preview:-1\" \/>\n<link rel=\"canonical\" href=\"https:\/\/korneliarataj.com\/de\/produkt\/the-special-one-stroj-kapielowy-jednoczesciowy-coconut-2025\/\" \/>\n<meta property=\"og:locale\" content=\"de_DE\" \/>\n<meta property=\"og:type\" content=\"article\" \/>\n<meta property=\"og:title\" content=\"The Special One - str\u00f3j k\u0105pielowy jednocz\u0119\u015bciowy Coconut - KORNELIARATAJ\" \/>\n<meta property=\"og:description\" content=\"Kornelia Rataj. Minimalist Women&#039;s Collection, Basic, Swimwear. HANDMADE IN POLAND WITH LOVE.\" \/>\n<meta property=\"og:url\" content=\"https:\/\/korneliarataj.com\/de\/produkt\/the-special-one-stroj-kapielowy-jednoczesciowy-coconut-2025\/\" \/>\n<meta property=\"og:site_name\" content=\"KORNELIARATAJ\" \/>\n<meta property=\"article:publisher\" content=\"http:\/\/www.facebook.com\/korneliaratajshop\" \/>\n<meta property=\"article:modified_time\" content=\"2026-04-04T08:04:38+00:00\" \/>\n<meta property=\"og:image\" content=\"https:\/\/korneliarataj.com\/wp-content\/uploads\/2026\/01\/2026-COCONUT-THE-SPECIAL-ONE-1-scaled.webp\" \/>\n\t<meta property=\"og:image:width\" content=\"1707\" \/>\n\t<meta property=\"og:image:height\" content=\"2560\" \/>\n\t<meta property=\"og:image:type\" content=\"image\/webp\" \/>\n<meta name=\"twitter:card\" content=\"summary_large_image\" \/>\n<meta name=\"twitter:label1\" content=\"Gesch\u00e4tzte Lesezeit\" \/>\n\t<meta name=\"twitter:data1\" content=\"1\u00a0Minute\" \/>\n<script type=\"application\/ld+json\" class=\"yoast-schema-graph\">{\"@context\":\"https:\\\/\\\/schema.org\",\"@graph\":[{\"@type\":\"WebPage\",\"@id\":\"https:\\\/\\\/korneliarataj.com\\\/produkt\\\/the-special-one-stroj-kapielowy-jednoczesciowy-coconut-2025\\\/\",\"url\":\"https:\\\/\\\/korneliarataj.com\\\/produkt\\\/the-special-one-stroj-kapielowy-jednoczesciowy-coconut-2025\\\/\",\"name\":\"The Special One - str\u00f3j k\u0105pielowy jednocz\u0119\u015bciowy Coconut - KORNELIARATAJ\",\"isPartOf\":{\"@id\":\"https:\\\/\\\/korneliarataj.com\\\/#website\"},\"primaryImageOfPage\":{\"@id\":\"https:\\\/\\\/korneliarataj.com\\\/produkt\\\/the-special-one-stroj-kapielowy-jednoczesciowy-coconut-2025\\\/#primaryimage\"},\"image\":{\"@id\":\"https:\\\/\\\/korneliarataj.com\\\/produkt\\\/the-special-one-stroj-kapielowy-jednoczesciowy-coconut-2025\\\/#primaryimage\"},\"thumbnailUrl\":\"https:\\\/\\\/korneliarataj.com\\\/wp-content\\\/uploads\\\/2026\\\/01\\\/2026-COCONUT-THE-SPECIAL-ONE-1-scaled.webp\",\"datePublished\":\"2025-01-26T04:56:17+00:00\",\"dateModified\":\"2026-04-04T08:04:38+00:00\",\"description\":\"Kornelia Rataj. Minimalist Women's Collection, Basic, Swimwear. HANDMADE IN POLAND WITH LOVE.\",\"breadcrumb\":{\"@id\":\"https:\\\/\\\/korneliarataj.com\\\/produkt\\\/the-special-one-stroj-kapielowy-jednoczesciowy-coconut-2025\\\/#breadcrumb\"},\"inLanguage\":\"de\",\"potentialAction\":[{\"@type\":\"ReadAction\",\"target\":[\"https:\\\/\\\/korneliarataj.com\\\/produkt\\\/the-special-one-stroj-kapielowy-jednoczesciowy-coconut-2025\\\/\"]}]},{\"@type\":\"ImageObject\",\"inLanguage\":\"de\",\"@id\":\"https:\\\/\\\/korneliarataj.com\\\/produkt\\\/the-special-one-stroj-kapielowy-jednoczesciowy-coconut-2025\\\/#primaryimage\",\"url\":\"https:\\\/\\\/korneliarataj.com\\\/wp-content\\\/uploads\\\/2026\\\/01\\\/2026-COCONUT-THE-SPECIAL-ONE-1-scaled.webp\",\"contentUrl\":\"https:\\\/\\\/korneliarataj.com\\\/wp-content\\\/uploads\\\/2026\\\/01\\\/2026-COCONUT-THE-SPECIAL-ONE-1-scaled.webp\",\"width\":1707,\"height\":2560,\"caption\":\"The Special One - dol stroju kapielowego Coconut\"},{\"@type\":\"BreadcrumbList\",\"@id\":\"https:\\\/\\\/korneliarataj.com\\\/produkt\\\/the-special-one-stroj-kapielowy-jednoczesciowy-coconut-2025\\\/#breadcrumb\",\"itemListElement\":[{\"@type\":\"ListItem\",\"position\":1,\"name\":\"HOME\",\"item\":\"https:\\\/\\\/korneliarataj.com\\\/\"},{\"@type\":\"ListItem\",\"position\":2,\"name\":\"Products\",\"item\":\"https:\\\/\\\/korneliarataj.com\\\/en\\\/shop\\\/\"},{\"@type\":\"ListItem\",\"position\":3,\"name\":\"The Special One &#8211; str\u00f3j k\u0105pielowy jednocz\u0119\u015bciowy Coconut\"}]},{\"@type\":\"WebSite\",\"@id\":\"https:\\\/\\\/korneliarataj.com\\\/#website\",\"url\":\"https:\\\/\\\/korneliarataj.com\\\/\",\"name\":\"Stroje K\u0105pielowe i Odzie\u017c Lniana Sklep Kornelia Rataj\",\"description\":\"swimwear stroje k\u0105pielowe ubrania len lniane\",\"publisher\":{\"@id\":\"https:\\\/\\\/korneliarataj.com\\\/#organization\"},\"potentialAction\":[{\"@type\":\"SearchAction\",\"target\":{\"@type\":\"EntryPoint\",\"urlTemplate\":\"https:\\\/\\\/korneliarataj.com\\\/?s={search_term_string}\"},\"query-input\":{\"@type\":\"PropertyValueSpecification\",\"valueRequired\":true,\"valueName\":\"search_term_string\"}}],\"inLanguage\":\"de\"},{\"@type\":\"Organization\",\"@id\":\"https:\\\/\\\/korneliarataj.com\\\/#organization\",\"name\":\"KORNELIARATAJ\",\"url\":\"https:\\\/\\\/korneliarataj.com\\\/\",\"logo\":{\"@type\":\"ImageObject\",\"inLanguage\":\"de\",\"@id\":\"https:\\\/\\\/korneliarataj.com\\\/#\\\/schema\\\/logo\\\/image\\\/\",\"url\":\"https:\\\/\\\/korneliarataj.com\\\/wp-content\\\/uploads\\\/2020\\\/07\\\/LOGO-KR.svg\",\"contentUrl\":\"https:\\\/\\\/korneliarataj.com\\\/wp-content\\\/uploads\\\/2020\\\/07\\\/LOGO-KR.svg\",\"width\":1024,\"height\":1024,\"caption\":\"KORNELIARATAJ\"},\"image\":{\"@id\":\"https:\\\/\\\/korneliarataj.com\\\/#\\\/schema\\\/logo\\\/image\\\/\"},\"sameAs\":[\"http:\\\/\\\/www.facebook.com\\\/korneliaratajshop\",\"http:\\\/\\\/www.instagram.com\\\/korneliarataj\"]}]}<\/script>\n<!-- \/ Yoast SEO plugin. -->","yoast_head_json":{"title":"The Special One - str\u00f3j k\u0105pielowy jednocz\u0119\u015bciowy Coconut - KORNELIARATAJ","description":"Kornelia Rataj. Minimalistische Damenkollektion, Basic, Bademode. HANDGEMACHT IN POLEN MIT LIEBE.","robots":{"index":"index","follow":"follow","max-snippet":"max-snippet:-1","max-image-preview":"max-image-preview:large","max-video-preview":"max-video-preview:-1"},"canonical":"https:\/\/korneliarataj.com\/de\/produkt\/the-special-one-stroj-kapielowy-jednoczesciowy-coconut-2025\/","og_locale":"de_DE","og_type":"article","og_title":"The Special One - str\u00f3j k\u0105pielowy jednocz\u0119\u015bciowy Coconut - KORNELIARATAJ","og_description":"Kornelia Rataj. Minimalist Women's Collection, Basic, Swimwear. HANDMADE IN POLAND WITH LOVE.","og_url":"https:\/\/korneliarataj.com\/de\/produkt\/the-special-one-stroj-kapielowy-jednoczesciowy-coconut-2025\/","og_site_name":"KORNELIARATAJ","article_publisher":"http:\/\/www.facebook.com\/korneliaratajshop","article_modified_time":"2026-04-04T08:04:38+00:00","og_image":[{"width":1707,"height":2560,"url":"https:\/\/korneliarataj.com\/wp-content\/uploads\/2026\/01\/2026-COCONUT-THE-SPECIAL-ONE-1-scaled.webp","type":"image\/webp"}],"twitter_card":"summary_large_image","twitter_misc":{"Gesch\u00e4tzte Lesezeit":"1\u00a0Minute"},"schema":{"@context":"https:\/\/schema.org","@graph":[{"@type":"WebPage","@id":"https:\/\/korneliarataj.com\/produkt\/the-special-one-stroj-kapielowy-jednoczesciowy-coconut-2025\/","url":"https:\/\/korneliarataj.com\/produkt\/the-special-one-stroj-kapielowy-jednoczesciowy-coconut-2025\/","name":"The Special One - str\u00f3j k\u0105pielowy jednocz\u0119\u015bciowy Coconut - KORNELIARATAJ","isPartOf":{"@id":"https:\/\/korneliarataj.com\/#website"},"primaryImageOfPage":{"@id":"https:\/\/korneliarataj.com\/produkt\/the-special-one-stroj-kapielowy-jednoczesciowy-coconut-2025\/#primaryimage"},"image":{"@id":"https:\/\/korneliarataj.com\/produkt\/the-special-one-stroj-kapielowy-jednoczesciowy-coconut-2025\/#primaryimage"},"thumbnailUrl":"https:\/\/korneliarataj.com\/wp-content\/uploads\/2026\/01\/2026-COCONUT-THE-SPECIAL-ONE-1-scaled.webp","datePublished":"2025-01-26T04:56:17+00:00","dateModified":"2026-04-04T08:04:38+00:00","description":"Kornelia Rataj. Minimalistische Damenkollektion, Basic, Bademode. HANDGEMACHT IN POLEN MIT LIEBE.","breadcrumb":{"@id":"https:\/\/korneliarataj.com\/produkt\/the-special-one-stroj-kapielowy-jednoczesciowy-coconut-2025\/#breadcrumb"},"inLanguage":"de","potentialAction":[{"@type":"ReadAction","target":["https:\/\/korneliarataj.com\/produkt\/the-special-one-stroj-kapielowy-jednoczesciowy-coconut-2025\/"]}]},{"@type":"ImageObject","inLanguage":"de","@id":"https:\/\/korneliarataj.com\/produkt\/the-special-one-stroj-kapielowy-jednoczesciowy-coconut-2025\/#primaryimage","url":"https:\/\/korneliarataj.com\/wp-content\/uploads\/2026\/01\/2026-COCONUT-THE-SPECIAL-ONE-1-scaled.webp","contentUrl":"https:\/\/korneliarataj.com\/wp-content\/uploads\/2026\/01\/2026-COCONUT-THE-SPECIAL-ONE-1-scaled.webp","width":1707,"height":2560,"caption":"The Special One - dol stroju kapielowego Coconut"},{"@type":"BreadcrumbList","@id":"https:\/\/korneliarataj.com\/produkt\/the-special-one-stroj-kapielowy-jednoczesciowy-coconut-2025\/#breadcrumb","itemListElement":[{"@type":"ListItem","position":1,"name":"HOME","item":"https:\/\/korneliarataj.com\/"},{"@type":"ListItem","position":2,"name":"Products","item":"https:\/\/korneliarataj.com\/en\/shop\/"},{"@type":"ListItem","position":3,"name":"The Special One &#8211; str\u00f3j k\u0105pielowy jednocz\u0119\u015bciowy Coconut"}]},{"@type":"WebSite","@id":"https:\/\/korneliarataj.com\/#website","url":"https:\/\/korneliarataj.com\/","name":"Bademode und Leinenbekleidung Shop Kornelia Rataj","description":"badebekleidung badebekleidung leinen leinenbekleidung","publisher":{"@id":"https:\/\/korneliarataj.com\/#organization"},"potentialAction":[{"@type":"SearchAction","target":{"@type":"EntryPoint","urlTemplate":"https:\/\/korneliarataj.com\/?s={search_term_string}"},"query-input":{"@type":"PropertyValueSpecification","valueRequired":true,"valueName":"search_term_string"}}],"inLanguage":"de"},{"@type":"Organization","@id":"https:\/\/korneliarataj.com\/#organization","name":"KORNELIARATAJ","url":"https:\/\/korneliarataj.com\/","logo":{"@type":"ImageObject","inLanguage":"de","@id":"https:\/\/korneliarataj.com\/#\/schema\/logo\/image\/","url":"https:\/\/korneliarataj.com\/wp-content\/uploads\/2020\/07\/LOGO-KR.svg","contentUrl":"https:\/\/korneliarataj.com\/wp-content\/uploads\/2020\/07\/LOGO-KR.svg","width":1024,"height":1024,"caption":"KORNELIARATAJ"},"image":{"@id":"https:\/\/korneliarataj.com\/#\/schema\/logo\/image\/"},"sameAs":["http:\/\/www.facebook.com\/korneliaratajshop","http:\/\/www.instagram.com\/korneliarataj"]}]}},"_links":{"self":[{"href":"https:\/\/korneliarataj.com\/de\/wp-json\/wp\/v2\/product\/309114","targetHints":{"allow":["GET"]}}],"collection":[{"href":"https:\/\/korneliarataj.com\/de\/wp-json\/wp\/v2\/product"}],"about":[{"href":"https:\/\/korneliarataj.com\/de\/wp-json\/wp\/v2\/types\/product"}],"wp:featuredmedia":[{"embeddable":true,"href":"https:\/\/korneliarataj.com\/de\/wp-json\/wp\/v2\/media\/390141"}],"wp:attachment":[{"href":"https:\/\/korneliarataj.com\/de\/wp-json\/wp\/v2\/media?parent=309114"}],"wp:term":[{"taxonomy":"product_brand","embeddable":true,"href":"https:\/\/korneliarataj.com\/de\/wp-json\/wp\/v2\/product_brand?post=309114"},{"taxonomy":"product_cat","embeddable":true,"href":"https:\/\/korneliarataj.com\/de\/wp-json\/wp\/v2\/product_cat?post=309114"},{"taxonomy":"product_tag","embeddable":true,"href":"https:\/\/korneliarataj.com\/de\/wp-json\/wp\/v2\/product_tag?post=309114"}],"curies":[{"name":"wp","href":"https:\/\/api.w.org\/{rel}","templated":true}]}}