{"id":308534,"date":"2025-01-26T00:27:21","date_gmt":"2025-01-25T23:27:21","guid":{"rendered":"https:\/\/korneliarataj.com\/?post_type=product&#038;p=308534"},"modified":"2026-04-14T09:41:24","modified_gmt":"2026-04-14T07:41:24","slug":"micro-thong-dol-stroju-kapielowego-hibiscus-2025","status":"publish","type":"product","link":"https:\/\/korneliarataj.com\/de\/produkt\/micro-thong-dol-stroju-kapielowego-hibiscus-2025\/","title":{"rendered":"Micro Thong - Badeanzugunterteil Hibiscus"},"content":{"rendered":"","protected":false},"excerpt":{"rendered":"<p style=\"text-align: left;\"><strong>OPTIONEN<\/strong><\/p>\n<p style=\"text-align: left;\"><a href=\"https:\/\/korneliarataj.com\/de\/produkt\/micro-thong-dol-stroju-kapielowego-sunset-2025\/\" target=\"_blank\" rel=\"noopener noreferrer\"><img decoding=\"async\" src=\"https:\/\/korneliarataj.com\/wp-content\/uploads\/2025\/01\/2025-MICRO-THONG-SUNSET-1.webp\" width=\"100px\" \/><\/a><a href=\"https:\/\/korneliarataj.com\/de\/produkt\/micro-thong-dol-stroju-kapielowego-aqua-2025\/\" target=\"_blank\" rel=\"noopener noreferrer\"><img decoding=\"async\" src=\"https:\/\/korneliarataj.com\/wp-content\/uploads\/2025\/01\/2025-MICRO-THONG-AQUA-1.webp\" width=\"100px\" \/><\/a><a href=\"https:\/\/korneliarataj.com\/de\/produkt\/micro-thong-dol-stroju-kapielowego-sunshine-2025\/\" target=\"_blank\" rel=\"noopener noreferrer\"><img decoding=\"async\" src=\"https:\/\/korneliarataj.com\/wp-content\/uploads\/2025\/01\/2025-MICRO-THONG-SUNSHINE-1.webp\" width=\"100px\" \/><\/a><a href=\"https:\/\/korneliarataj.com\/de\/produkt\/micro-thong-dol-stroju-kapielowego-wood-2025\/\" target=\"_blank\" rel=\"noopener noreferrer\"><img decoding=\"async\" src=\"https:\/\/korneliarataj.com\/wp-content\/uploads\/2025\/01\/2025-MICRO-THONG-WOOD-1.webp\" width=\"100px\" \/><\/a>\u00a0<a href=\"https:\/\/korneliarataj.com\/de\/produkt\/micro-thong-dol-stroju-kapielowego-coconut-2025\/\" target=\"_blank\" rel=\"noopener noreferrer\"><img decoding=\"async\" src=\"https:\/\/korneliarataj.com\/wp-content\/uploads\/2025\/01\/2025-MICRO-THONG-COCONUT-1.webp\" width=\"100px\" \/><\/a>\u00a0<a href=\"https:\/\/korneliarataj.com\/de\/produkt\/micro-thong-dol-stroju-kapielowego-black-2025\/\" target=\"_blank\" rel=\"noopener noreferrer\"><img decoding=\"async\" src=\"https:\/\/korneliarataj.com\/wp-content\/uploads\/2025\/01\/2025-MICRO-THONG-BLACK-1.webp\" width=\"100px\" \/><\/a><\/p>\n<p style=\"text-align: left;\"><u><strong>Micro Tanga - Badeanzug unten<\/strong><\/u><\/p>\n<p style=\"text-align: left;\"><strong>Meistverkaufter Tanga-Badeanzug unten - gewagter Stil und perfekte Passform<\/strong>. Der stark geschnittene Tanga-Bikini ist die perfekte Wahl f\u00fcr das Sonnenbad. Mit einem tiefen Ausschnitt, der das Ges\u00e4\u00df freilegt, einer mittelhohen Passform und d\u00fcnnen B\u00e4ndern an den Seiten betont das Modell die Silhouette und verleiht ihr einen sinnlichen Touch. Ein d\u00fcnner G\u00fcrtel auf der R\u00fcckseite sorgt f\u00fcr einen minimalistischen Look. Das hoch taillierte Mieder verl\u00e4ngert optisch die Beine, verschlankt die Silhouette und betont dezent die weiblichen Kurven.<\/p>\n<p style=\"text-align: left;\">Ein Bikini-Unterteil ist ein unverzichtbares St\u00fcck Bademode f\u00fcr Frauen, die Stil und Komfort sch\u00e4tzen. Betonen Sie Ihre Silhouette und w\u00e4hlen Sie einen einzigartigen Badeanzug von einer polnischen Marke, die gewagtes Design, Komfort und hochwertige Verarbeitung kombiniert.<\/p>\n<p>&nbsp;<\/p>\n<p style=\"text-align: left;\"><strong>Hochwertige Materialien<\/strong><\/p>\n<p style=\"text-align: left;\">Der Badeanzug ist aus hochwertigem Lycra gefertigt <strong>econyl<\/strong><strong class=\"copyright\">\u24c7<\/strong>recycelte Materialien, die den h\u00f6chsten Qualit\u00e4tsstandards entsprechen, einschlie\u00dflich zertifizierter <strong>OEKO-TEX Standard 100<\/strong>. Das Material ist gekennzeichnet durch:<br \/>\n\u2013 <strong>Schutz vor UV-Strahlung<\/strong>,<br \/>\n\u2013 <strong>bi-direktionale Flexibilit\u00e4t<\/strong>das f\u00fcr Komfort sorgt,<br \/>\n\u2013 <strong>resistent gegen Chlor und Ausbleichen<\/strong>,<br \/>\n\u2013 <strong>Nachhaltigkeit<\/strong>selbst bei Kontakt mit \u00d6len und Sonnencremes,<br \/>\n\u2013 <strong>\u00f6kologischer Produktionsprozess<\/strong> - recycelte Faser<\/p>\n<p>&nbsp;<\/p>\n<p style=\"text-align: left;\"><strong>\u00c4sthetik und Komfort bis ins Detail<\/strong><\/p>\n<p style=\"text-align: left;\">Jedes Detail wurde im Hinblick auf Ihren Komfort entwickelt:<\/p>\n<p>\u2013 <strong>Die Badebekleidung wird in zwei Lagen gen\u00e4ht<\/strong>Sie bieten Komfort und eine angemessene Abdeckung.<br \/>\n\u2013 <strong>Versteckte N\u00e4hte<\/strong> bieten au\u00dfergew\u00f6hnlichen Tragekomfort.<br \/>\n\u2013 <strong>Hei\u00dfsiegelbares Etikett<\/strong> garantiert Genuss.<\/p>\n<p style=\"text-align: left;\">Der Micro Thong Bottom ist in drei zeitlosen Farben erh\u00e4ltlich -. <strong>Schwarz, Wei\u00df, Braun und saisonale Farbt\u00f6ne<\/strong>. Sie k\u00f6nnen das Unterteil mit jedem Oberteil aus der Kollektion kombinieren und so einzigartige Strandstile kreieren.<\/p>\n<p style=\"text-align: left;\">Das Unterteil des Badeanzugs ist in 3 Gr\u00f6\u00dfen erh\u00e4ltlich.<\/p>\n<p style=\"text-align: left;\"><strong>Abmessungen des Modells<\/strong><br \/>\nDas Model Paulina auf dem Bild tr\u00e4gt die Gr\u00f6\u00dfe XS\/S<br \/>\nBrustumfang: 81<br \/>\nUmfang unter der B\u00fcste: 72<br \/>\nBecher: B\/C<br \/>\nUmfang der Taille: 60<br \/>\nH\u00fcftumfang: 85<br \/>\nH\u00f6he: 171<\/p>\n<p>&nbsp;<\/p>\n<p style=\"text-align: left;\"><strong>Lokale Produktion - gen\u00e4ht in Polen<\/strong><\/p>\n<p style=\"text-align: left;\">Unsere Bademode wird in unserer Familienwerkstatt in Czernica mit viel Liebe zum Detail hergestellt. Die Produkte zeichnen sich durch ihre sorgf\u00e4ltige Verarbeitung, Langlebigkeit und \u00c4sthetik aus, die von unseren Kunden gesch\u00e4tzt werden.<\/p>\n<p style=\"text-align: left;\"><strong><u><\/p>\n<div class=\"kr-collapse is-noarrow\" data-rel=\"kolor\">\n    <button type=\"button\" class=\"kr-collapse__trigger\"\n      aria-expanded=\"false\"\n      aria-controls=\"kr-exp-1\"><br \/>\n      FARBBESCHREIBUNG<br \/>\n    <\/button><\/p>\n<div id=\"kr-exp-1\" class=\"kr-collapse__panel\" hidden>\n<div class=\"kr-collapse__content\"><\/u><\/strong><\/p>\n<p style=\"text-align: left;\"><strong><a href=\"https:\/\/korneliarataj.com\/de\/kolor-hibiscus-stroje\/\" target=\"_blank\" rel=\"noopener noreferrer\"><u>Farbe HIBISCUS<\/u><\/a> - Intensiver und energiegeladener Farbton f\u00fcr den Sommer 2025<\/strong>.<br \/>\n<strong>Badeanzug in sattem Rosa<\/strong>inspiriert von exotischen Hibiskusbl\u00fcten, ist die perfekte Wahl f\u00fcr alle, die energiegeladene und feminine Farbt\u00f6ne lieben. Dieser auff\u00e4llige Farbton passt zu jedem Teint - von hellem Porzellan \u00fcber Oliv bis hin zu dunkleren T\u00f6nen.<br \/>\n\u2013 <strong>Heller, porzellanartiger Teint<\/strong>Verleiht Ausstrahlung und Energie und bricht k\u00fchle Hautt\u00f6ne auf.<br \/>\n\u2013 <strong>Olivenfarbener Teint<\/strong>: Akzentuiert warme Hautt\u00f6ne f\u00fcr ein harmonisches Aussehen.<br \/>\n\u2013 <strong>Dunklere Haut<\/strong>Erzeugt einen auff\u00e4lligen Kontrast, der die Hauttiefe verst\u00e4rkt und ihr mehr Definition verleiht.<br \/>\n<strong>Bademode in einem intensiven Rosa-Ton<\/strong> Sie sehen sowohl in Einteilern als auch in Bikinis perfekt aus. Ihre leuchtende Farbe bringt tropische Energie in jedes Styling.<br \/>\n<strong>Warum einen Badeanzug in intensivem Pink w\u00e4hlen?<\/strong><br \/>\nDies ist die richtige Wahl f\u00fcr alle, die mutige und trendige L\u00f6sungen sch\u00e4tzen. Die Farbe ist ein Blickfang und wertet einen Sommerlook perfekt auf.<\/div>\n<\/p><\/div>\n<\/p><\/div>\n<\/p>\n<p style=\"text-align: left;\"><strong><u><\/p>\n<div class=\"kr-collapse is-noarrow\" data-rel=\"sklad\">\n    <button type=\"button\" class=\"kr-collapse__trigger\"\n      aria-expanded=\"false\"\n      aria-controls=\"kr-exp-2\"><br \/>\n      ZUSAMMENSETZUNG UND PFLEGEHINWEISE<br \/>\n    <\/button><\/p>\n<div id=\"kr-exp-2\" class=\"kr-collapse__panel\" hidden>\n<div class=\"kr-collapse__content\"><\/u><\/strong><\/p>\n<p style=\"text-align: left;\">78% recyceltes Polyamid<br \/>\n22% Elastan<br \/>\nSchonwaschgang bei 30\u00b0c mit \u00e4hnlichen Farben<br \/>\nHandw\u00e4sche, mit \u00e4hnlichen Farben<br \/>\nEisen bei max. 110\u00b0c<br \/>\nnicht bleichen<br \/>\nnicht im Trockner trocknen<\/p>\n<\/div><\/div>\n<\/p><\/div>","protected":false},"featured_media":320075,"template":"","meta":[],"product_brand":[500],"product_cat":[551,587,585,527,537,515,572,561,582,535,593,646,557,524,553,555,574],"product_tag":[511],"class_list":{"0":"post-308534","1":"product","2":"type-product","3":"status-publish","4":"has-post-thumbnail","6":"product_brand-korneliarataj","7":"product_cat-ciazowe-doly","8":"product_cat-ciazowe-stroje","9":"product_cat-do-opalania-stroje","10":"product_cat-dol-swimwear","11":"product_cat-dwuczesciowe-swimwear","12":"product_cat-hibiscus-swimwear","13":"product_cat-kategorie-swimwear","14":"product_cat-kolory-swimwear","15":"product_cat-niski-stan-stroje","16":"product_cat-nowosci","17":"product_cat-ochrona-uv-stroje","18":"product_cat-sale-swimwear-2025","19":"product_cat-stringi-doly","20":"product_cat-swimwear-2025","21":"product_cat-wyciete-doly","22":"product_cat-wysoki-stan-doly","23":"product_cat-z-wycieciami-wyciete-stroje","24":"product_tag-hibiscus","25":"flv-has-gallery","27":"first","28":"instock","29":"sale","30":"taxable","31":"shipping-taxable","32":"purchasable","33":"product-type-variable","34":"has-default-attributes"},"yoast_head":"<!-- This site is optimized with the Yoast SEO plugin v27.3 - https:\/\/yoast.com\/product\/yoast-seo-wordpress\/ -->\n<title>Micro Thong - d\u00f3\u0142 stroju k\u0105pielowego Hibiscus - KORNELIARATAJ<\/title>\n<meta name=\"description\" content=\"Kornelia Rataj. Minimalist Women&#039;s Collection, Basic, Swimwear. HANDMADE IN POLAND WITH LOVE.\" \/>\n<meta name=\"robots\" content=\"index, follow, max-snippet:-1, max-image-preview:large, max-video-preview:-1\" \/>\n<link rel=\"canonical\" href=\"https:\/\/korneliarataj.com\/de\/produkt\/micro-thong-dol-stroju-kapielowego-hibiscus-2025\/\" \/>\n<meta property=\"og:locale\" content=\"de_DE\" \/>\n<meta property=\"og:type\" content=\"article\" \/>\n<meta property=\"og:title\" content=\"Micro Thong - d\u00f3\u0142 stroju k\u0105pielowego Hibiscus - KORNELIARATAJ\" \/>\n<meta property=\"og:description\" content=\"Kornelia Rataj. Minimalist Women&#039;s Collection, Basic, Swimwear. HANDMADE IN POLAND WITH LOVE.\" \/>\n<meta property=\"og:url\" content=\"https:\/\/korneliarataj.com\/de\/produkt\/micro-thong-dol-stroju-kapielowego-hibiscus-2025\/\" \/>\n<meta property=\"og:site_name\" content=\"KORNELIARATAJ\" \/>\n<meta property=\"article:publisher\" content=\"http:\/\/www.facebook.com\/korneliaratajshop\" \/>\n<meta property=\"article:modified_time\" content=\"2026-04-14T07:41:24+00:00\" \/>\n<meta property=\"og:image\" content=\"https:\/\/korneliarataj.com\/wp-content\/uploads\/2025\/05\/LB2-2025-MICRO-THONG-HIBISCUS-1-scaled.webp\" \/>\n\t<meta property=\"og:image:width\" content=\"1707\" \/>\n\t<meta property=\"og:image:height\" content=\"2560\" \/>\n\t<meta property=\"og:image:type\" content=\"image\/webp\" \/>\n<meta name=\"twitter:card\" content=\"summary_large_image\" \/>\n<meta name=\"twitter:label1\" content=\"Gesch\u00e4tzte Lesezeit\" \/>\n\t<meta name=\"twitter:data1\" content=\"1\u00a0Minute\" \/>\n<script type=\"application\/ld+json\" class=\"yoast-schema-graph\">{\"@context\":\"https:\\\/\\\/schema.org\",\"@graph\":[{\"@type\":\"WebPage\",\"@id\":\"https:\\\/\\\/korneliarataj.com\\\/produkt\\\/micro-thong-dol-stroju-kapielowego-hibiscus-2025\\\/\",\"url\":\"https:\\\/\\\/korneliarataj.com\\\/produkt\\\/micro-thong-dol-stroju-kapielowego-hibiscus-2025\\\/\",\"name\":\"Micro Thong - d\u00f3\u0142 stroju k\u0105pielowego Hibiscus - KORNELIARATAJ\",\"isPartOf\":{\"@id\":\"https:\\\/\\\/korneliarataj.com\\\/#website\"},\"primaryImageOfPage\":{\"@id\":\"https:\\\/\\\/korneliarataj.com\\\/produkt\\\/micro-thong-dol-stroju-kapielowego-hibiscus-2025\\\/#primaryimage\"},\"image\":{\"@id\":\"https:\\\/\\\/korneliarataj.com\\\/produkt\\\/micro-thong-dol-stroju-kapielowego-hibiscus-2025\\\/#primaryimage\"},\"thumbnailUrl\":\"https:\\\/\\\/korneliarataj.com\\\/wp-content\\\/uploads\\\/2025\\\/05\\\/LB2-2025-MICRO-THONG-HIBISCUS-1-scaled.webp\",\"datePublished\":\"2025-01-25T23:27:21+00:00\",\"dateModified\":\"2026-04-14T07:41:24+00:00\",\"description\":\"Kornelia Rataj. Minimalist Women's Collection, Basic, Swimwear. HANDMADE IN POLAND WITH LOVE.\",\"breadcrumb\":{\"@id\":\"https:\\\/\\\/korneliarataj.com\\\/produkt\\\/micro-thong-dol-stroju-kapielowego-hibiscus-2025\\\/#breadcrumb\"},\"inLanguage\":\"de\",\"potentialAction\":[{\"@type\":\"ReadAction\",\"target\":[\"https:\\\/\\\/korneliarataj.com\\\/produkt\\\/micro-thong-dol-stroju-kapielowego-hibiscus-2025\\\/\"]}]},{\"@type\":\"ImageObject\",\"inLanguage\":\"de\",\"@id\":\"https:\\\/\\\/korneliarataj.com\\\/produkt\\\/micro-thong-dol-stroju-kapielowego-hibiscus-2025\\\/#primaryimage\",\"url\":\"https:\\\/\\\/korneliarataj.com\\\/wp-content\\\/uploads\\\/2025\\\/05\\\/LB2-2025-MICRO-THONG-HIBISCUS-1-scaled.webp\",\"contentUrl\":\"https:\\\/\\\/korneliarataj.com\\\/wp-content\\\/uploads\\\/2025\\\/05\\\/LB2-2025-MICRO-THONG-HIBISCUS-1-scaled.webp\",\"width\":1707,\"height\":2560,\"caption\":\"Micro Thong Hibiscus\"},{\"@type\":\"BreadcrumbList\",\"@id\":\"https:\\\/\\\/korneliarataj.com\\\/produkt\\\/micro-thong-dol-stroju-kapielowego-hibiscus-2025\\\/#breadcrumb\",\"itemListElement\":[{\"@type\":\"ListItem\",\"position\":1,\"name\":\"HOME\",\"item\":\"https:\\\/\\\/korneliarataj.com\\\/\"},{\"@type\":\"ListItem\",\"position\":2,\"name\":\"Products\",\"item\":\"https:\\\/\\\/korneliarataj.com\\\/en\\\/shop\\\/\"},{\"@type\":\"ListItem\",\"position\":3,\"name\":\"Micro Thong &#8211; d\u00f3\u0142 stroju k\u0105pielowego Hibiscus\"}]},{\"@type\":\"WebSite\",\"@id\":\"https:\\\/\\\/korneliarataj.com\\\/#website\",\"url\":\"https:\\\/\\\/korneliarataj.com\\\/\",\"name\":\"Stroje K\u0105pielowe i Odzie\u017c Lniana Sklep Kornelia Rataj\",\"description\":\"swimwear stroje k\u0105pielowe ubrania len lniane\",\"publisher\":{\"@id\":\"https:\\\/\\\/korneliarataj.com\\\/#organization\"},\"potentialAction\":[{\"@type\":\"SearchAction\",\"target\":{\"@type\":\"EntryPoint\",\"urlTemplate\":\"https:\\\/\\\/korneliarataj.com\\\/?s={search_term_string}\"},\"query-input\":{\"@type\":\"PropertyValueSpecification\",\"valueRequired\":true,\"valueName\":\"search_term_string\"}}],\"inLanguage\":\"de\"},{\"@type\":\"Organization\",\"@id\":\"https:\\\/\\\/korneliarataj.com\\\/#organization\",\"name\":\"KORNELIARATAJ\",\"url\":\"https:\\\/\\\/korneliarataj.com\\\/\",\"logo\":{\"@type\":\"ImageObject\",\"inLanguage\":\"de\",\"@id\":\"https:\\\/\\\/korneliarataj.com\\\/#\\\/schema\\\/logo\\\/image\\\/\",\"url\":\"https:\\\/\\\/korneliarataj.com\\\/wp-content\\\/uploads\\\/2020\\\/07\\\/LOGO-KR.svg\",\"contentUrl\":\"https:\\\/\\\/korneliarataj.com\\\/wp-content\\\/uploads\\\/2020\\\/07\\\/LOGO-KR.svg\",\"width\":1024,\"height\":1024,\"caption\":\"KORNELIARATAJ\"},\"image\":{\"@id\":\"https:\\\/\\\/korneliarataj.com\\\/#\\\/schema\\\/logo\\\/image\\\/\"},\"sameAs\":[\"http:\\\/\\\/www.facebook.com\\\/korneliaratajshop\",\"http:\\\/\\\/www.instagram.com\\\/korneliarataj\"]}]}<\/script>\n<!-- \/ Yoast SEO plugin. -->","yoast_head_json":{"title":"Micro Thong - d\u00f3\u0142 stroju k\u0105pielowego Hibiscus - KORNELIARATAJ","description":"Kornelia Rataj. Minimalistische Damenkollektion, Basic, Bademode. HANDGEMACHT IN POLEN MIT LIEBE.","robots":{"index":"index","follow":"follow","max-snippet":"max-snippet:-1","max-image-preview":"max-image-preview:large","max-video-preview":"max-video-preview:-1"},"canonical":"https:\/\/korneliarataj.com\/de\/produkt\/micro-thong-dol-stroju-kapielowego-hibiscus-2025\/","og_locale":"de_DE","og_type":"article","og_title":"Micro Thong - d\u00f3\u0142 stroju k\u0105pielowego Hibiscus - KORNELIARATAJ","og_description":"Kornelia Rataj. Minimalist Women's Collection, Basic, Swimwear. HANDMADE IN POLAND WITH LOVE.","og_url":"https:\/\/korneliarataj.com\/de\/produkt\/micro-thong-dol-stroju-kapielowego-hibiscus-2025\/","og_site_name":"KORNELIARATAJ","article_publisher":"http:\/\/www.facebook.com\/korneliaratajshop","article_modified_time":"2026-04-14T07:41:24+00:00","og_image":[{"width":1707,"height":2560,"url":"https:\/\/korneliarataj.com\/wp-content\/uploads\/2025\/05\/LB2-2025-MICRO-THONG-HIBISCUS-1-scaled.webp","type":"image\/webp"}],"twitter_card":"summary_large_image","twitter_misc":{"Gesch\u00e4tzte Lesezeit":"1\u00a0Minute"},"schema":{"@context":"https:\/\/schema.org","@graph":[{"@type":"WebPage","@id":"https:\/\/korneliarataj.com\/produkt\/micro-thong-dol-stroju-kapielowego-hibiscus-2025\/","url":"https:\/\/korneliarataj.com\/produkt\/micro-thong-dol-stroju-kapielowego-hibiscus-2025\/","name":"Micro Thong - d\u00f3\u0142 stroju k\u0105pielowego Hibiscus - KORNELIARATAJ","isPartOf":{"@id":"https:\/\/korneliarataj.com\/#website"},"primaryImageOfPage":{"@id":"https:\/\/korneliarataj.com\/produkt\/micro-thong-dol-stroju-kapielowego-hibiscus-2025\/#primaryimage"},"image":{"@id":"https:\/\/korneliarataj.com\/produkt\/micro-thong-dol-stroju-kapielowego-hibiscus-2025\/#primaryimage"},"thumbnailUrl":"https:\/\/korneliarataj.com\/wp-content\/uploads\/2025\/05\/LB2-2025-MICRO-THONG-HIBISCUS-1-scaled.webp","datePublished":"2025-01-25T23:27:21+00:00","dateModified":"2026-04-14T07:41:24+00:00","description":"Kornelia Rataj. Minimalistische Damenkollektion, Basic, Bademode. HANDGEMACHT IN POLEN MIT LIEBE.","breadcrumb":{"@id":"https:\/\/korneliarataj.com\/produkt\/micro-thong-dol-stroju-kapielowego-hibiscus-2025\/#breadcrumb"},"inLanguage":"de","potentialAction":[{"@type":"ReadAction","target":["https:\/\/korneliarataj.com\/produkt\/micro-thong-dol-stroju-kapielowego-hibiscus-2025\/"]}]},{"@type":"ImageObject","inLanguage":"de","@id":"https:\/\/korneliarataj.com\/produkt\/micro-thong-dol-stroju-kapielowego-hibiscus-2025\/#primaryimage","url":"https:\/\/korneliarataj.com\/wp-content\/uploads\/2025\/05\/LB2-2025-MICRO-THONG-HIBISCUS-1-scaled.webp","contentUrl":"https:\/\/korneliarataj.com\/wp-content\/uploads\/2025\/05\/LB2-2025-MICRO-THONG-HIBISCUS-1-scaled.webp","width":1707,"height":2560,"caption":"Micro Thong Hibiscus"},{"@type":"BreadcrumbList","@id":"https:\/\/korneliarataj.com\/produkt\/micro-thong-dol-stroju-kapielowego-hibiscus-2025\/#breadcrumb","itemListElement":[{"@type":"ListItem","position":1,"name":"HOME","item":"https:\/\/korneliarataj.com\/"},{"@type":"ListItem","position":2,"name":"Products","item":"https:\/\/korneliarataj.com\/en\/shop\/"},{"@type":"ListItem","position":3,"name":"Micro Thong &#8211; d\u00f3\u0142 stroju k\u0105pielowego Hibiscus"}]},{"@type":"WebSite","@id":"https:\/\/korneliarataj.com\/#website","url":"https:\/\/korneliarataj.com\/","name":"Bademode und Leinenbekleidung Shop Kornelia Rataj","description":"badebekleidung badebekleidung leinen leinenbekleidung","publisher":{"@id":"https:\/\/korneliarataj.com\/#organization"},"potentialAction":[{"@type":"SearchAction","target":{"@type":"EntryPoint","urlTemplate":"https:\/\/korneliarataj.com\/?s={search_term_string}"},"query-input":{"@type":"PropertyValueSpecification","valueRequired":true,"valueName":"search_term_string"}}],"inLanguage":"de"},{"@type":"Organization","@id":"https:\/\/korneliarataj.com\/#organization","name":"KORNELIARATAJ","url":"https:\/\/korneliarataj.com\/","logo":{"@type":"ImageObject","inLanguage":"de","@id":"https:\/\/korneliarataj.com\/#\/schema\/logo\/image\/","url":"https:\/\/korneliarataj.com\/wp-content\/uploads\/2020\/07\/LOGO-KR.svg","contentUrl":"https:\/\/korneliarataj.com\/wp-content\/uploads\/2020\/07\/LOGO-KR.svg","width":1024,"height":1024,"caption":"KORNELIARATAJ"},"image":{"@id":"https:\/\/korneliarataj.com\/#\/schema\/logo\/image\/"},"sameAs":["http:\/\/www.facebook.com\/korneliaratajshop","http:\/\/www.instagram.com\/korneliarataj"]}]}},"_links":{"self":[{"href":"https:\/\/korneliarataj.com\/de\/wp-json\/wp\/v2\/product\/308534","targetHints":{"allow":["GET"]}}],"collection":[{"href":"https:\/\/korneliarataj.com\/de\/wp-json\/wp\/v2\/product"}],"about":[{"href":"https:\/\/korneliarataj.com\/de\/wp-json\/wp\/v2\/types\/product"}],"wp:featuredmedia":[{"embeddable":true,"href":"https:\/\/korneliarataj.com\/de\/wp-json\/wp\/v2\/media\/320075"}],"wp:attachment":[{"href":"https:\/\/korneliarataj.com\/de\/wp-json\/wp\/v2\/media?parent=308534"}],"wp:term":[{"taxonomy":"product_brand","embeddable":true,"href":"https:\/\/korneliarataj.com\/de\/wp-json\/wp\/v2\/product_brand?post=308534"},{"taxonomy":"product_cat","embeddable":true,"href":"https:\/\/korneliarataj.com\/de\/wp-json\/wp\/v2\/product_cat?post=308534"},{"taxonomy":"product_tag","embeddable":true,"href":"https:\/\/korneliarataj.com\/de\/wp-json\/wp\/v2\/product_tag?post=308534"}],"curies":[{"name":"wp","href":"https:\/\/api.w.org\/{rel}","templated":true}]}}