{"id":307997,"date":"2025-01-25T16:11:25","date_gmt":"2025-01-25T15:11:25","guid":{"rendered":"https:\/\/korneliarataj.com\/?post_type=product&#038;p=307997"},"modified":"2026-04-23T10:23:28","modified_gmt":"2026-04-23T08:23:28","slug":"cross-body-gora-stroju-kapielowego-aqua-2025","status":"publish","type":"product","link":"https:\/\/korneliarataj.com\/de\/produkt\/cross-body-gora-stroju-kapielowego-aqua-2025\/","title":{"rendered":"Cross Body - Aqua-Badeanzugoberteil"},"content":{"rendered":"","protected":false},"excerpt":{"rendered":"<p style=\"text-align: left;\"><strong>OPTIONEN<\/strong><\/p>\n<p style=\"text-align: left;\"><a href=\"https:\/\/korneliarataj.com\/de\/produkt\/cross-body-gora-stroju-kapielowego-sunset-2025\/\" target=\"_blank\" rel=\"noopener noreferrer\"><img decoding=\"async\" src=\"https:\/\/korneliarataj.com\/wp-content\/uploads\/2025\/01\/2025-CROSS-BODY-SUNSET-1.webp\" width=\"100px\" \/><\/a><a href=\"https:\/\/korneliarataj.com\/de\/produkt\/cross-body-gora-stroju-kapielowego-sunshine-2025\/\" target=\"_blank\" rel=\"noopener noreferrer\"><img decoding=\"async\" src=\"https:\/\/korneliarataj.com\/wp-content\/uploads\/2025\/01\/2025-CROSS-BODY-SUNSHINE-1.webp\" width=\"100px\" \/><\/a><a href=\"https:\/\/korneliarataj.com\/de\/produkt\/cross-body-gora-stroju-kapielowego-hibiscus-2025\/\" target=\"_blank\" rel=\"noopener noreferrer\"><img decoding=\"async\" src=\"https:\/\/korneliarataj.com\/wp-content\/uaploads\/2025\/01\/2025-CROSS-BODY-HIBISCUS-1.webp\" width=\"100px\" \/><\/a><a href=\"https:\/\/korneliarataj.com\/de\/produkt\/cross-body-gora-stroju-kapielowego-wood-2025\/\" target=\"_blank\" rel=\"noopener noreferrer\"><img decoding=\"async\" src=\"https:\/\/korneliarataj.com\/wp-content\/uploads\/2025\/01\/2025-CROSS-BODY-WOOD-1.webp\" width=\"100px\" \/><\/a>\u00a0<a href=\"https:\/\/korneliarataj.com\/de\/produkt\/cross-body-gora-stroju-kapielowego-coconut-2025\/\" target=\"_blank\" rel=\"noopener noreferrer\"><img decoding=\"async\" src=\"https:\/\/korneliarataj.com\/wp-content\/uploads\/2025\/01\/2025-CROSS-BODY-COCONUT-1.webp\" width=\"100px\" \/><\/a>\u00a0<a href=\"https:\/\/korneliarataj.com\/de\/produkt\/cross-body-gora-stroju-kapielowego-black-2025\/\" target=\"_blank\" rel=\"noopener noreferrer\"><img decoding=\"async\" src=\"https:\/\/korneliarataj.com\/wp-content\/uploads\/2025\/01\/2025-CROSS-BODY-BLACK-1.webp\" width=\"100px\" \/><\/a><\/p>\n<p style=\"text-align: left;\"><u><strong>Crossbody - Badeanzug oben<\/strong><\/u><\/p>\n<p style=\"text-align: left;\">Das gebundene Oberteil mit Kuvert-Ausschnitt ist eine elegante und vielseitige Wahl, die sich sowohl f\u00fcr den Strand als auch f\u00fcr den Pool eignet. Vorne quer und im Nacken mit d\u00fcnnen Schn\u00fcren gebunden, erm\u00f6glicht das Modell eine pr\u00e4zise Anpassung des Unterbrustumfangs und der Tr\u00e4gerl\u00e4nge f\u00fcr Komfort und Stabilit\u00e4t. Der gerade R\u00fccken verleiht dem Modell einen minimalistischen Touch, w\u00e4hrend der Rundhalsausschnitt die B\u00fcste dezent akzentuiert.<\/p>\n<p style=\"text-align: left;\"><u>Das Oberteil ist sowohl f\u00fcr kleine, mittlere als auch gro\u00dfe Br\u00fcste geeignet.<\/u>. Dank der verstellbaren L\u00e4nge des Oberteils und des Umfangs unter der Brust k\u00f6nnen Sie es genau auf Ihre Bed\u00fcrfnisse nach Komfort, Halt und Selbstvertrauen abstimmen.<\/p>\n<p>&nbsp;<\/p>\n<p style=\"text-align: left;\"><strong>Hochwertige Materialien<\/strong><\/p>\n<p style=\"text-align: left;\">Der Badeanzug ist aus hochwertigem Lycra gefertigt <strong>econyl<\/strong><strong class=\"copyright\">\u24c7<\/strong>recycelte Materialien, die den h\u00f6chsten Qualit\u00e4tsstandards entsprechen, einschlie\u00dflich zertifizierter <strong>OEKO-TEX Standard 100<\/strong>. Das Material ist gekennzeichnet durch:<br \/>\n\u2013 <strong>Schutz vor UV-Strahlung<\/strong>,<br \/>\n\u2013 <strong>bi-direktionale Flexibilit\u00e4t<\/strong>das f\u00fcr Komfort sorgt,<br \/>\n\u2013 <strong>resistent gegen Chlor und Ausbleichen<\/strong>,<br \/>\n\u2013 <strong>Nachhaltigkeit<\/strong>selbst bei Kontakt mit \u00d6len und Sonnencremes,<br \/>\n\u2013 <strong>\u00f6kologischer Produktionsprozess<\/strong> - recycelte Faser<\/p>\n<p>&nbsp;<\/p>\n<p style=\"text-align: left;\"><strong>\u00c4sthetik und Komfort bis ins Detail<\/strong><\/p>\n<p style=\"text-align: left;\">Jedes Detail wurde im Hinblick auf Ihren Komfort entwickelt:<\/p>\n<p>\u2013 <strong>Die Badebekleidung wird in zwei Lagen gen\u00e4ht<\/strong>Sie bieten Komfort und eine angemessene Abdeckung.<br \/>\n\u2013 <strong>Versteckte N\u00e4hte<\/strong> bieten au\u00dfergew\u00f6hnlichen Tragekomfort.<br \/>\n\u2013 <strong>Hei\u00dfsiegelbares Etikett<\/strong> garantiert Genuss.<\/p>\n<p style=\"text-align: left;\">Das Cross Body Top ist in drei zeitlosen Farben erh\u00e4ltlich - <strong>Schwarz, Wei\u00df, Braun und saisonale Farbt\u00f6ne<\/strong>. Sie k\u00f6nnen es mit jedem beliebigen Unterteil aus der Kollektion kombinieren und so einzigartige Strandlooks kreieren.<\/p>\n<p style=\"text-align: left;\">Das Badeanzug-Oberteil ist in 3 Gr\u00f6\u00dfen erh\u00e4ltlich. Das Model tr\u00e4gt Gr\u00f6\u00dfe L\/XL<\/p>\n<p>&nbsp;<\/p>\n<p style=\"text-align: left;\"><strong>Lokale Produktion - gen\u00e4ht in Polen<\/strong><\/p>\n<p style=\"text-align: left;\">Unsere Bademode wird in unserer Familienwerkstatt in Czernica mit viel Liebe zum Detail hergestellt. Die Produkte zeichnen sich durch ihre sorgf\u00e4ltige Verarbeitung, Langlebigkeit und \u00c4sthetik aus, die von unseren Kunden gesch\u00e4tzt werden.<\/p>\n<p style=\"text-align: left;\"><strong><u><\/p>\n<div class=\"kr-collapse is-noarrow\" data-rel=\"instrukcja\">\n    <button type=\"button\" class=\"kr-collapse__trigger\"\n      aria-expanded=\"false\"\n      aria-controls=\"kr-exp-1\"><br \/>\n      BINDEANWEISUNGEN<br \/>\n    <\/button><\/p>\n<div id=\"kr-exp-1\" class=\"kr-collapse__panel\" hidden>\n<div class=\"kr-collapse__content\"><\/u><\/strong><\/p>\n<p style=\"text-align: left;\"><strong>Wie bindet man ein Crossbody-Top?<\/strong><br \/>\n- Binden Sie die oberen Saiten am hinteren Teil des Halses und stellen Sie die L\u00e4nge nach Ihren W\u00fcnschen ein.<br \/>\n- Greifen Sie die Schn\u00fcre an der Vorderseite, ziehen Sie sie fest und w\u00e4hlen Sie, wie sie verlaufen sollen.<br \/>\n- Sie k\u00f6nnen die Schn\u00fcre nach unten ziehen, um ein auff\u00e4lliges Kreuz auf der Vorderseite zu kreieren, oder Sie k\u00f6nnen sie flach unter der B\u00fcste verlaufen lassen, um einen schlichteren Look zu erzielen.<br \/>\n- Binden Sie die Schn\u00fcre auf der R\u00fcckseite zusammen, damit sie gut sitzen.<br \/>\n- Korrigieren Sie schlie\u00dflich die Halseinfassung, um maximalen Komfort zu gew\u00e4hrleisten.<\/div>\n<\/p><\/div>\n<\/p><\/div>\n<\/p>\n<p style=\"text-align: left;\"><strong><u><\/p>\n<div class=\"kr-collapse is-noarrow\" data-rel=\"kolor\">\n    <button type=\"button\" class=\"kr-collapse__trigger\"\n      aria-expanded=\"false\"\n      aria-controls=\"kr-exp-2\"><br \/>\n      FARBBESCHREIBUNG<br \/>\n    <\/button><\/p>\n<div id=\"kr-exp-2\" class=\"kr-collapse__panel\" hidden>\n<div class=\"kr-collapse__content\"><\/u><\/strong><\/p>\n<p style=\"text-align: left;\"><strong><a href=\"https:\/\/korneliarataj.com\/de\/kolor-aqua-stroje\/\" target=\"_blank\" rel=\"noopener noreferrer\"><u>Farbe AQUA<\/u><\/a> - Transparentes Wasser an der Paradiesk\u00fcste<\/strong>.<br \/>\n<strong>Mintfarbener und t\u00fcrkisfarbener Badeanzug<\/strong>Inspiriert vom kristallklaren Wasser paradiesischer K\u00fcsten, ist er die perfekte Wahl f\u00fcr Liebhaber frischer und eleganter Looks. Dieser pastellfarbene, erfrischende Gr\u00fcn-Blau-Ton unterstreicht perfekt die Sch\u00f6nheit jedes Teints - von heller Porzellanhaut \u00fcber olivfarbene Haut bis hin zu dunklerem Teint.<br \/>\n\u2013 <strong>Heller, porzellanartiger Teint<\/strong>Verleiht der Haut Frische und lockert k\u00fchle T\u00f6ne auf.<br \/>\n\u2013 <strong>Olivenfarbener Teint<\/strong>: L\u00e4sst die Haut erstrahlen und unterstreicht ihre nat\u00fcrliche W\u00e4rme.<br \/>\n\u2013 <strong>Dunklere Haut<\/strong>Erzeugt einen Kontrast, der die Tiefe und Intensit\u00e4t der Hautfarbe betont.<br \/>\n<strong>Bademode in Mint- und T\u00fcrkist\u00f6nen<\/strong> Sie eignen sich sowohl f\u00fcr Einteiler, die die Silhouette schlanker machen, als auch f\u00fcr Bikinis, die f\u00fcr Leichtigkeit und Jugendlichkeit sorgen.<br \/>\n<strong>Warum einen mintfarbenen Badeanzug w\u00e4hlen?<\/strong><br \/>\nSie ist ein Must-Have f\u00fcr den Sommer 2025 - frisch, elegant und einzigartig. W\u00e4hlen Sie diese Farbe, um die Urlaubsenergie zu sp\u00fcren und Ihre Weiblichkeit zu betonen.<\/div>\n<\/p><\/div>\n<\/p><\/div>\n<\/p>\n<p style=\"text-align: left;\"><strong><u><\/p>\n<div class=\"kr-collapse is-noarrow\" data-rel=\"wymiary\">\n    <button type=\"button\" class=\"kr-collapse__trigger\"\n      aria-expanded=\"false\"\n      aria-controls=\"kr-exp-3\"><br \/>\n      MODELLABMESSUNGEN<br \/>\n    <\/button><\/p>\n<div id=\"kr-exp-3\" class=\"kr-collapse__panel\" hidden>\n<div class=\"kr-collapse__content\"><\/u><\/strong><\/p>\n<p style=\"text-align: left;\">Brustumfang: 96cm<br \/>\nUmfang unter der B\u00fcste: 78cm<br \/>\nBecher: G<br \/>\nUmfang der Taille: 78cm<br \/>\nH\u00fcftumfang: 107cm<br \/>\nH\u00f6he: 163cm<\/div>\n<\/p><\/div>\n<\/p><\/div>\n<\/p>\n<p style=\"text-align: left;\"><strong><u><\/p>\n<div class=\"kr-collapse is-noarrow\" data-rel=\"sklad\">\n    <button type=\"button\" class=\"kr-collapse__trigger\"\n      aria-expanded=\"false\"\n      aria-controls=\"kr-exp-4\"><br \/>\n      ZUSAMMENSETZUNG UND PFLEGEHINWEISE<br \/>\n    <\/button><\/p>\n<div id=\"kr-exp-4\" class=\"kr-collapse__panel\" hidden>\n<div class=\"kr-collapse__content\"><\/u><\/strong><\/p>\n<p style=\"text-align: left;\">78% recyceltes Polyamid<br \/>\n22% Elastan<br \/>\nSchonwaschgang bei 30\u00b0c mit \u00e4hnlichen Farben<br \/>\nHandw\u00e4sche, mit \u00e4hnlichen Farben<br \/>\nEisen bei max. 110\u00b0c<br \/>\nnicht bleichen<br \/>\nnicht im Trockner trocknen<\/p>\n<\/div><\/div>\n<\/p><\/div>","protected":false},"featured_media":312769,"template":"","meta":[],"product_brand":[500],"product_cat":[198],"product_tag":[509],"class_list":{"0":"post-307997","1":"product","2":"type-product","3":"status-publish","4":"has-post-thumbnail","6":"product_brand-korneliarataj","7":"product_cat-archiwum","8":"product_tag-aqua","9":"flv-has-gallery","11":"first","12":"instock","13":"sale","14":"taxable","15":"shipping-taxable","16":"purchasable","17":"product-type-variable","18":"has-default-attributes"},"yoast_head":"<!-- This site is optimized with the Yoast SEO plugin v27.4 - https:\/\/yoast.com\/product\/yoast-seo-wordpress\/ -->\n<title>Cross Body - g\u00f3ra stroju k\u0105pielowego Aqua - KORNELIARATAJ<\/title>\n<meta name=\"description\" content=\"Kornelia Rataj. Minimalist Women&#039;s Collection, Basic, Swimwear. HANDMADE IN POLAND WITH LOVE.\" \/>\n<meta name=\"robots\" content=\"index, follow, max-snippet:-1, max-image-preview:large, max-video-preview:-1\" \/>\n<link rel=\"canonical\" href=\"https:\/\/korneliarataj.com\/de\/produkt\/cross-body-gora-stroju-kapielowego-aqua-2025\/\" \/>\n<meta property=\"og:locale\" content=\"de_DE\" \/>\n<meta property=\"og:type\" content=\"article\" \/>\n<meta property=\"og:title\" content=\"Cross Body - g\u00f3ra stroju k\u0105pielowego Aqua - KORNELIARATAJ\" \/>\n<meta property=\"og:description\" content=\"Kornelia Rataj. Minimalist Women&#039;s Collection, Basic, Swimwear. HANDMADE IN POLAND WITH LOVE.\" \/>\n<meta property=\"og:url\" content=\"https:\/\/korneliarataj.com\/de\/produkt\/cross-body-gora-stroju-kapielowego-aqua-2025\/\" \/>\n<meta property=\"og:site_name\" content=\"KORNELIARATAJ\" \/>\n<meta property=\"article:publisher\" content=\"http:\/\/www.facebook.com\/korneliaratajshop\" \/>\n<meta property=\"article:modified_time\" content=\"2026-04-23T08:23:28+00:00\" \/>\n<meta property=\"og:image\" content=\"https:\/\/korneliarataj.com\/wp-content\/uploads\/2025\/02\/LB-2025-CROSS-BODY-AQUA-1-scaled.webp\" \/>\n\t<meta property=\"og:image:width\" content=\"1365\" \/>\n\t<meta property=\"og:image:height\" content=\"2048\" \/>\n\t<meta property=\"og:image:type\" content=\"image\/webp\" \/>\n<meta name=\"twitter:card\" content=\"summary_large_image\" \/>\n<meta name=\"twitter:label1\" content=\"Gesch\u00e4tzte Lesezeit\" \/>\n\t<meta name=\"twitter:data1\" content=\"1\u00a0Minute\" \/>\n<script type=\"application\/ld+json\" class=\"yoast-schema-graph\">{\"@context\":\"https:\\\/\\\/schema.org\",\"@graph\":[{\"@type\":\"WebPage\",\"@id\":\"https:\\\/\\\/korneliarataj.com\\\/produkt\\\/cross-body-gora-stroju-kapielowego-aqua-2025\\\/\",\"url\":\"https:\\\/\\\/korneliarataj.com\\\/produkt\\\/cross-body-gora-stroju-kapielowego-aqua-2025\\\/\",\"name\":\"Cross Body - g\u00f3ra stroju k\u0105pielowego Aqua - KORNELIARATAJ\",\"isPartOf\":{\"@id\":\"https:\\\/\\\/korneliarataj.com\\\/#website\"},\"primaryImageOfPage\":{\"@id\":\"https:\\\/\\\/korneliarataj.com\\\/produkt\\\/cross-body-gora-stroju-kapielowego-aqua-2025\\\/#primaryimage\"},\"image\":{\"@id\":\"https:\\\/\\\/korneliarataj.com\\\/produkt\\\/cross-body-gora-stroju-kapielowego-aqua-2025\\\/#primaryimage\"},\"thumbnailUrl\":\"https:\\\/\\\/korneliarataj.com\\\/wp-content\\\/uploads\\\/2025\\\/02\\\/LB-2025-CROSS-BODY-AQUA-1-scaled.webp\",\"datePublished\":\"2025-01-25T15:11:25+00:00\",\"dateModified\":\"2026-04-23T08:23:28+00:00\",\"description\":\"Kornelia Rataj. Minimalist Women's Collection, Basic, Swimwear. HANDMADE IN POLAND WITH LOVE.\",\"breadcrumb\":{\"@id\":\"https:\\\/\\\/korneliarataj.com\\\/produkt\\\/cross-body-gora-stroju-kapielowego-aqua-2025\\\/#breadcrumb\"},\"inLanguage\":\"de\",\"potentialAction\":[{\"@type\":\"ReadAction\",\"target\":[\"https:\\\/\\\/korneliarataj.com\\\/produkt\\\/cross-body-gora-stroju-kapielowego-aqua-2025\\\/\"]}]},{\"@type\":\"ImageObject\",\"inLanguage\":\"de\",\"@id\":\"https:\\\/\\\/korneliarataj.com\\\/produkt\\\/cross-body-gora-stroju-kapielowego-aqua-2025\\\/#primaryimage\",\"url\":\"https:\\\/\\\/korneliarataj.com\\\/wp-content\\\/uploads\\\/2025\\\/02\\\/LB-2025-CROSS-BODY-AQUA-1-scaled.webp\",\"contentUrl\":\"https:\\\/\\\/korneliarataj.com\\\/wp-content\\\/uploads\\\/2025\\\/02\\\/LB-2025-CROSS-BODY-AQUA-1-scaled.webp\",\"width\":1365,\"height\":2048,\"caption\":\"CROSS BODY AQUA\"},{\"@type\":\"BreadcrumbList\",\"@id\":\"https:\\\/\\\/korneliarataj.com\\\/produkt\\\/cross-body-gora-stroju-kapielowego-aqua-2025\\\/#breadcrumb\",\"itemListElement\":[{\"@type\":\"ListItem\",\"position\":1,\"name\":\"HOME\",\"item\":\"https:\\\/\\\/korneliarataj.com\\\/\"},{\"@type\":\"ListItem\",\"position\":2,\"name\":\"Products\",\"item\":\"https:\\\/\\\/korneliarataj.com\\\/en\\\/shop\\\/\"},{\"@type\":\"ListItem\",\"position\":3,\"name\":\"Cross Body &#8211; g\u00f3ra stroju k\u0105pielowego Aqua\"}]},{\"@type\":\"WebSite\",\"@id\":\"https:\\\/\\\/korneliarataj.com\\\/#website\",\"url\":\"https:\\\/\\\/korneliarataj.com\\\/\",\"name\":\"Stroje K\u0105pielowe i Odzie\u017c Lniana Sklep Kornelia Rataj\",\"description\":\"swimwear stroje k\u0105pielowe ubrania len lniane\",\"publisher\":{\"@id\":\"https:\\\/\\\/korneliarataj.com\\\/#organization\"},\"potentialAction\":[{\"@type\":\"SearchAction\",\"target\":{\"@type\":\"EntryPoint\",\"urlTemplate\":\"https:\\\/\\\/korneliarataj.com\\\/?s={search_term_string}\"},\"query-input\":{\"@type\":\"PropertyValueSpecification\",\"valueRequired\":true,\"valueName\":\"search_term_string\"}}],\"inLanguage\":\"de\"},{\"@type\":\"Organization\",\"@id\":\"https:\\\/\\\/korneliarataj.com\\\/#organization\",\"name\":\"KORNELIARATAJ\",\"url\":\"https:\\\/\\\/korneliarataj.com\\\/\",\"logo\":{\"@type\":\"ImageObject\",\"inLanguage\":\"de\",\"@id\":\"https:\\\/\\\/korneliarataj.com\\\/#\\\/schema\\\/logo\\\/image\\\/\",\"url\":\"https:\\\/\\\/korneliarataj.com\\\/wp-content\\\/uploads\\\/2020\\\/07\\\/LOGO-KR.svg\",\"contentUrl\":\"https:\\\/\\\/korneliarataj.com\\\/wp-content\\\/uploads\\\/2020\\\/07\\\/LOGO-KR.svg\",\"width\":1024,\"height\":1024,\"caption\":\"KORNELIARATAJ\"},\"image\":{\"@id\":\"https:\\\/\\\/korneliarataj.com\\\/#\\\/schema\\\/logo\\\/image\\\/\"},\"sameAs\":[\"http:\\\/\\\/www.facebook.com\\\/korneliaratajshop\",\"http:\\\/\\\/www.instagram.com\\\/korneliarataj\"]}]}<\/script>\n<!-- \/ Yoast SEO plugin. -->","yoast_head_json":{"title":"Cross Body - g\u00f3ra stroju k\u0105pielowego Aqua - KORNELIARATAJ","description":"Kornelia Rataj. Minimalistische Damenkollektion, Basic, Bademode. HANDGEMACHT IN POLEN MIT LIEBE.","robots":{"index":"index","follow":"follow","max-snippet":"max-snippet:-1","max-image-preview":"max-image-preview:large","max-video-preview":"max-video-preview:-1"},"canonical":"https:\/\/korneliarataj.com\/de\/produkt\/cross-body-gora-stroju-kapielowego-aqua-2025\/","og_locale":"de_DE","og_type":"article","og_title":"Cross Body - g\u00f3ra stroju k\u0105pielowego Aqua - KORNELIARATAJ","og_description":"Kornelia Rataj. Minimalist Women's Collection, Basic, Swimwear. HANDMADE IN POLAND WITH LOVE.","og_url":"https:\/\/korneliarataj.com\/de\/produkt\/cross-body-gora-stroju-kapielowego-aqua-2025\/","og_site_name":"KORNELIARATAJ","article_publisher":"http:\/\/www.facebook.com\/korneliaratajshop","article_modified_time":"2026-04-23T08:23:28+00:00","og_image":[{"width":1365,"height":2048,"url":"https:\/\/korneliarataj.com\/wp-content\/uploads\/2025\/02\/LB-2025-CROSS-BODY-AQUA-1-scaled.webp","type":"image\/webp"}],"twitter_card":"summary_large_image","twitter_misc":{"Gesch\u00e4tzte Lesezeit":"1\u00a0Minute"},"schema":{"@context":"https:\/\/schema.org","@graph":[{"@type":"WebPage","@id":"https:\/\/korneliarataj.com\/produkt\/cross-body-gora-stroju-kapielowego-aqua-2025\/","url":"https:\/\/korneliarataj.com\/produkt\/cross-body-gora-stroju-kapielowego-aqua-2025\/","name":"Cross Body - g\u00f3ra stroju k\u0105pielowego Aqua - KORNELIARATAJ","isPartOf":{"@id":"https:\/\/korneliarataj.com\/#website"},"primaryImageOfPage":{"@id":"https:\/\/korneliarataj.com\/produkt\/cross-body-gora-stroju-kapielowego-aqua-2025\/#primaryimage"},"image":{"@id":"https:\/\/korneliarataj.com\/produkt\/cross-body-gora-stroju-kapielowego-aqua-2025\/#primaryimage"},"thumbnailUrl":"https:\/\/korneliarataj.com\/wp-content\/uploads\/2025\/02\/LB-2025-CROSS-BODY-AQUA-1-scaled.webp","datePublished":"2025-01-25T15:11:25+00:00","dateModified":"2026-04-23T08:23:28+00:00","description":"Kornelia Rataj. Minimalistische Damenkollektion, Basic, Bademode. HANDGEMACHT IN POLEN MIT LIEBE.","breadcrumb":{"@id":"https:\/\/korneliarataj.com\/produkt\/cross-body-gora-stroju-kapielowego-aqua-2025\/#breadcrumb"},"inLanguage":"de","potentialAction":[{"@type":"ReadAction","target":["https:\/\/korneliarataj.com\/produkt\/cross-body-gora-stroju-kapielowego-aqua-2025\/"]}]},{"@type":"ImageObject","inLanguage":"de","@id":"https:\/\/korneliarataj.com\/produkt\/cross-body-gora-stroju-kapielowego-aqua-2025\/#primaryimage","url":"https:\/\/korneliarataj.com\/wp-content\/uploads\/2025\/02\/LB-2025-CROSS-BODY-AQUA-1-scaled.webp","contentUrl":"https:\/\/korneliarataj.com\/wp-content\/uploads\/2025\/02\/LB-2025-CROSS-BODY-AQUA-1-scaled.webp","width":1365,"height":2048,"caption":"CROSS BODY AQUA"},{"@type":"BreadcrumbList","@id":"https:\/\/korneliarataj.com\/produkt\/cross-body-gora-stroju-kapielowego-aqua-2025\/#breadcrumb","itemListElement":[{"@type":"ListItem","position":1,"name":"HOME","item":"https:\/\/korneliarataj.com\/"},{"@type":"ListItem","position":2,"name":"Products","item":"https:\/\/korneliarataj.com\/en\/shop\/"},{"@type":"ListItem","position":3,"name":"Cross Body &#8211; g\u00f3ra stroju k\u0105pielowego Aqua"}]},{"@type":"WebSite","@id":"https:\/\/korneliarataj.com\/#website","url":"https:\/\/korneliarataj.com\/","name":"Bademode und Leinenbekleidung Shop Kornelia Rataj","description":"badebekleidung badebekleidung leinen leinenbekleidung","publisher":{"@id":"https:\/\/korneliarataj.com\/#organization"},"potentialAction":[{"@type":"SearchAction","target":{"@type":"EntryPoint","urlTemplate":"https:\/\/korneliarataj.com\/?s={search_term_string}"},"query-input":{"@type":"PropertyValueSpecification","valueRequired":true,"valueName":"search_term_string"}}],"inLanguage":"de"},{"@type":"Organization","@id":"https:\/\/korneliarataj.com\/#organization","name":"KORNELIARATAJ","url":"https:\/\/korneliarataj.com\/","logo":{"@type":"ImageObject","inLanguage":"de","@id":"https:\/\/korneliarataj.com\/#\/schema\/logo\/image\/","url":"https:\/\/korneliarataj.com\/wp-content\/uploads\/2020\/07\/LOGO-KR.svg","contentUrl":"https:\/\/korneliarataj.com\/wp-content\/uploads\/2020\/07\/LOGO-KR.svg","width":1024,"height":1024,"caption":"KORNELIARATAJ"},"image":{"@id":"https:\/\/korneliarataj.com\/#\/schema\/logo\/image\/"},"sameAs":["http:\/\/www.facebook.com\/korneliaratajshop","http:\/\/www.instagram.com\/korneliarataj"]}]}},"_links":{"self":[{"href":"https:\/\/korneliarataj.com\/de\/wp-json\/wp\/v2\/product\/307997","targetHints":{"allow":["GET"]}}],"collection":[{"href":"https:\/\/korneliarataj.com\/de\/wp-json\/wp\/v2\/product"}],"about":[{"href":"https:\/\/korneliarataj.com\/de\/wp-json\/wp\/v2\/types\/product"}],"wp:featuredmedia":[{"embeddable":true,"href":"https:\/\/korneliarataj.com\/de\/wp-json\/wp\/v2\/media\/312769"}],"wp:attachment":[{"href":"https:\/\/korneliarataj.com\/de\/wp-json\/wp\/v2\/media?parent=307997"}],"wp:term":[{"taxonomy":"product_brand","embeddable":true,"href":"https:\/\/korneliarataj.com\/de\/wp-json\/wp\/v2\/product_brand?post=307997"},{"taxonomy":"product_cat","embeddable":true,"href":"https:\/\/korneliarataj.com\/de\/wp-json\/wp\/v2\/product_cat?post=307997"},{"taxonomy":"product_tag","embeddable":true,"href":"https:\/\/korneliarataj.com\/de\/wp-json\/wp\/v2\/product_tag?post=307997"}],"curies":[{"name":"wp","href":"https:\/\/api.w.org\/{rel}","templated":true}]}}